{"id":277591,"date":"2025-01-27T00:00:00","date_gmt":"2025-01-26T23:00:00","guid":{"rendered":"https:\/\/wpguerssen-test.odoo.rgbconsulting.com\/product\/monster-o-rama-vol-4-lpcd\/"},"modified":"2025-01-27T15:40:54","modified_gmt":"2025-01-27T14:40:54","slug":"monster-o-rama-vol-4-lpcd","status":"publish","type":"product","link":"https:\/\/wpguerssen-test.odoo.rgbconsulting.com\/es\/producto\/monster-o-rama-vol-4-lpcd\/","title":{"rendered":"Monster-o-rama vol. 4 (LP+CD)"},"content":{"rendered":"<p>\u00a1Halloween ya casi est\u00e1 aqu\u00ed, junto con la cuarta compilaci\u00f3n de &#8216;Monster-O-Rama&#8217;!<br \/>Ilustrado por el terriblemente talentoso Marcel Bontempi, este nuevo \u00e1lbum seguramente deleitar\u00e1 a los amantes de la emoci\u00f3n y el ritmo de todo tipo. \u00a1Piel de gallina maravillosa garantizada! \u00bfQu\u00e9 hay en el men\u00fa? Esta vez, menos vampiros dan paso a bestias m\u00e1s coloridas: monstruosidades rojas y verdes, por no hablar del misterioso &#8216;Zotz&#8217;, con su andar l\u00fagubre. Por si acaso, tambi\u00e9n hay un hombre de las cavernas, un hombre lobo, un demonio y un zombi. En cuanto a la curiosa criatura &#8216;Gonzales&#8217;: seguramente la primera vez te habr\u00e1s asustado ante un monstruo parecido a un rat\u00f3n. En pocas palabras, una paleta musical tan terriblemente variada como su bestiario palpitante. Lamentos monstruosos acompa\u00f1an a coros espeluznantes, gritos de terror preceden a canturreos melodiosos, con voces que entonan ritmos de los C\u00e1rpatos&#8230;<br \/>\u00a1Y una vez m\u00e1s El Vidocq se divierte tanto como sus monstruosos descubrimientos!<br \/>TRACKLIST<br \/>side A 1- ARCHIE KING << The Vampire >> 2- ANDY THOMAS << The Red Monster of Earth>> 3- THE FORTUNES << The Ghoul in School>> 4- THE MAGICS << Zombie Walk>> 5- COUNT VON SHUKKER << Casa A Go Go>> 6- THE VIC PLATI QUINTET << Chiller Limbo >> 7- MISS L. L. LOUISE LEWIS << The Monster Miss >> 8- IGOR And The Maniacs << The Big Green>><br \/>side B 1- TOMMY BRUCE << Monster Gonzales >> 2- MERV GRIFFIN << The Screamin' Meemies from Planet << X >> 3- MAURICE WHITE << Big Bad Wolf >> 4- BILLY WARD And His Dominoes << Cave man >> 5- FRANKLYN STEIN << Zotz >> 6- BLUE JAYS << Cave Man Love>> 7- MALCOLM DODDS &#038; THE TUNEDROPS << Beauty and the Beast >> 8- BRICE ARMSTRONG &#038; THE ALL AMERICAN GHOULS << Happy Ghoul Tide>><\/p>\n","protected":false},"excerpt":{"rendered":"<p>\u00a1Halloween ya casi est\u00e1 aqu\u00ed, junto con la cuarta compilaci\u00f3n de &#8216;Monster-O-Rama&#8217;!<br \/>Ilustrado por el terriblemente talentoso Marcel Bontempi, este<a class=\"read\" href=\"https:\/\/wpguerssen-test.odoo.rgbconsulting.com\/es\/producto\/monster-o-rama-vol-4-lpcd\/\"> (...)<\/a>","protected":false},"featured_media":277506,"template":"","meta":{"_acf_changed":false},"product_brand":[],"product_cat":[23281,21664],"product_tag":[24189],"class_list":{"0":"post-277591","1":"product","2":"type-product","3":"status-publish","4":"has-post-thumbnail","6":"product_cat-garagebeatrnb60-70-es","7":"product_cat-surf-es","8":"product_tag-recien-llegadas","9":"pa_artist-various-artists-es","10":"pa_format-lp-es","11":"pa_gender-garagebeatrnb60-70-surf","12":"pa_label-jukebox-music-factory","13":"pa_location-north-america-es","14":"pa_other-filters-vinyl-only-es","16":"first","17":"instock","18":"taxable","19":"shipping-taxable","20":"purchasable","21":"product-type-simple"},"acf":[],"yoast_head":"<!-- This site is optimized with the Yoast SEO plugin v24.9 - https:\/\/yoast.com\/wordpress\/plugins\/seo\/ -->\n<title>VARIOUS ARTISTS - Monster-o-rama vol. 4 (LP+CD) -  (LP) | Guerssen<\/title>\n<meta name=\"description\" content=\"BOO-yeah! Halloween&#039;s almost here, along with the 4th &#039;Monster-O-Rama&#039; compilation!Illustrated by the terrifyingly talented Marcel Bontempi, this new album is sure to delight thrill- and groove-seekers of all stripes. Groovy goosebumps guaranteed! What&#039;s on the menu? Fewer vampires this time round make room for more colorful beasties: red and green monstrosities, not to mention the mysterious &#039;Zotz&#039;, with his lugubrious gait. For good measure, there&#039;s also a caveman, a werewolf, a ghoul and a zombie. As for the curious creature &#039;Gonzales&#039;: surely the first time you&#039;ll have been frightened by such a mouselike monster. In a nutshell, a musical palette as horrifically varied as its beating bestiary. Monstrous wails accompany creepy choruses, cries of terror precede melodious crooning, with voices intoning Carpathian rhythms...And once again El Vidocq has just as much fun as his monstrous discoveries!TRACKLISTside A 1- ARCHIE KING &lt;&lt; The Vampire &gt;&gt; 2- ANDY THOMAS &lt;&lt; The Red Monster of Earth&gt;&gt; 3- THE FORTUNES &lt;&lt; The Ghoul in School&gt;&gt; 4- THE MAGICS &lt;&lt; Zombie Walk&gt;&gt; 5- COUNT VON SHUKKER &lt;&lt; Casa A Go Go&gt;&gt; 6- THE VIC PLATI QUINTET &lt;&lt; Chiller Limbo &gt;&gt; 7- MISS L. L. LOUISE LEWIS &lt;&lt; The Monster Miss &gt;&gt; 8- IGOR And The Maniacs &lt;&lt; The Big Green&gt;&gt;side B 1- TOMMY BRUCE &lt;&lt; Monster Gonzales &gt;&gt; 2- MERV GRIFFIN &lt;&lt; The Screamin&#039; Meemies from Planet &lt;&lt; X &gt;&gt; 3- MAURICE WHITE &lt;&lt; Big Bad Wolf &gt;&gt; 4- BILLY WARD And His Dominoes &lt;&lt; Cave man &gt;&gt; 5- FRANKLYN STEIN &lt;&lt; Zotz &gt;&gt; 6- BLUE JAYS &lt;&lt; Cave Man Love&gt;&gt; 7- MALCOLM DODDS &amp; THE TUNEDROPS &lt;&lt; Beauty and the Beast &gt;&gt; 8- BRICE ARMSTRONG &amp; THE ALL AMERICAN GHOULS &lt;&lt; Happy Ghoul Tide&gt;&gt;\" \/>\n<meta name=\"robots\" content=\"index, follow, max-snippet:-1, max-image-preview:large, max-video-preview:-1\" \/>\n<link rel=\"canonical\" href=\"https:\/\/wpguerssen-test.odoo.rgbconsulting.com\/es\/producto\/monster-o-rama-vol-4-lpcd\/\" \/>\n<meta property=\"og:locale\" content=\"es_ES\" \/>\n<meta property=\"og:type\" content=\"article\" \/>\n<meta property=\"og:title\" content=\"VARIOUS ARTISTS - Monster-o-rama vol. 4 (LP+CD) -  (LP) | Guerssen\" \/>\n<meta property=\"og:description\" content=\"BOO-yeah! Halloween&#039;s almost here, along with the 4th &#039;Monster-O-Rama&#039; compilation!Illustrated by the terrifyingly talented Marcel Bontempi, this new album is sure to delight thrill- and groove-seekers of all stripes. Groovy goosebumps guaranteed! What&#039;s on the menu? Fewer vampires this time round make room for more colorful beasties: red and green monstrosities, not to mention the mysterious &#039;Zotz&#039;, with his lugubrious gait. For good measure, there&#039;s also a caveman, a werewolf, a ghoul and a zombie. As for the curious creature &#039;Gonzales&#039;: surely the first time you&#039;ll have been frightened by such a mouselike monster. In a nutshell, a musical palette as horrifically varied as its beating bestiary. Monstrous wails accompany creepy choruses, cries of terror precede melodious crooning, with voices intoning Carpathian rhythms...And once again El Vidocq has just as much fun as his monstrous discoveries!TRACKLISTside A 1- ARCHIE KING &lt;&lt; The Vampire &gt;&gt; 2- ANDY THOMAS &lt;&lt; The Red Monster of Earth&gt;&gt; 3- THE FORTUNES &lt;&lt; The Ghoul in School&gt;&gt; 4- THE MAGICS &lt;&lt; Zombie Walk&gt;&gt; 5- COUNT VON SHUKKER &lt;&lt; Casa A Go Go&gt;&gt; 6- THE VIC PLATI QUINTET &lt;&lt; Chiller Limbo &gt;&gt; 7- MISS L. L. LOUISE LEWIS &lt;&lt; The Monster Miss &gt;&gt; 8- IGOR And The Maniacs &lt;&lt; The Big Green&gt;&gt;side B 1- TOMMY BRUCE &lt;&lt; Monster Gonzales &gt;&gt; 2- MERV GRIFFIN &lt;&lt; The Screamin&#039; Meemies from Planet &lt;&lt; X &gt;&gt; 3- MAURICE WHITE &lt;&lt; Big Bad Wolf &gt;&gt; 4- BILLY WARD And His Dominoes &lt;&lt; Cave man &gt;&gt; 5- FRANKLYN STEIN &lt;&lt; Zotz &gt;&gt; 6- BLUE JAYS &lt;&lt; Cave Man Love&gt;&gt; 7- MALCOLM DODDS &amp; THE TUNEDROPS &lt;&lt; Beauty and the Beast &gt;&gt; 8- BRICE ARMSTRONG &amp; THE ALL AMERICAN GHOULS &lt;&lt; Happy Ghoul Tide&gt;&gt;\" \/>\n<meta property=\"og:url\" content=\"https:\/\/wpguerssen-test.odoo.rgbconsulting.com\/es\/producto\/monster-o-rama-vol-4-lpcd\/\" \/>\n<meta property=\"og:site_name\" content=\"Guerssen records\" \/>\n<meta property=\"article:modified_time\" content=\"2025-01-27T14:40:54+00:00\" \/>\n<meta property=\"og:image\" content=\"https:\/\/wpguerssen-test.odoo.rgbconsulting.com\/wp-content\/uploads\/2024\/10\/49004.jpg\" \/>\n\t<meta property=\"og:image:width\" content=\"1440\" \/>\n\t<meta property=\"og:image:height\" content=\"1440\" \/>\n\t<meta property=\"og:image:type\" content=\"image\/jpeg\" \/>\n<meta name=\"twitter:card\" content=\"summary_large_image\" \/>\n<meta name=\"twitter:title\" content=\"VARIOUS ARTISTS - Monster-o-rama vol. 4 (LP+CD) -  (LP) | Guerssen\" \/>\n<meta name=\"twitter:label1\" content=\"Tiempo de lectura\" \/>\n\t<meta name=\"twitter:data1\" content=\"1 minuto\" \/>\n<script type=\"application\/ld+json\" class=\"yoast-schema-graph\">{\"@context\":\"https:\/\/schema.org\",\"@graph\":[{\"@type\":\"WebPage\",\"@id\":\"https:\/\/wpguerssen-test.odoo.rgbconsulting.com\/es\/producto\/monster-o-rama-vol-4-lpcd\/\",\"url\":\"https:\/\/wpguerssen-test.odoo.rgbconsulting.com\/es\/producto\/monster-o-rama-vol-4-lpcd\/\",\"name\":\"VARIOUS ARTISTS - Monster-o-rama vol. 4 (LP+CD) - (LP) | Guerssen\",\"isPartOf\":{\"@id\":\"https:\/\/wpguerssen-test.odoo.rgbconsulting.com\/es\/#website\"},\"primaryImageOfPage\":{\"@id\":\"https:\/\/wpguerssen-test.odoo.rgbconsulting.com\/es\/producto\/monster-o-rama-vol-4-lpcd\/#primaryimage\"},\"image\":{\"@id\":\"https:\/\/wpguerssen-test.odoo.rgbconsulting.com\/es\/producto\/monster-o-rama-vol-4-lpcd\/#primaryimage\"},\"thumbnailUrl\":\"https:\/\/wpguerssen-test.odoo.rgbconsulting.com\/wp-content\/uploads\/2024\/10\/49004.jpg\",\"datePublished\":\"2025-01-26T23:00:00+00:00\",\"dateModified\":\"2025-01-27T14:40:54+00:00\",\"description\":\"BOO-yeah! Halloween's almost here, along with the 4th 'Monster-O-Rama' compilation!Illustrated by the terrifyingly talented Marcel Bontempi, this new album is sure to delight thrill- and groove-seekers of all stripes. Groovy goosebumps guaranteed! What's on the menu? Fewer vampires this time round make room for more colorful beasties: red and green monstrosities, not to mention the mysterious 'Zotz', with his lugubrious gait. For good measure, there's also a caveman, a werewolf, a ghoul and a zombie. As for the curious creature 'Gonzales': surely the first time you'll have been frightened by such a mouselike monster. In a nutshell, a musical palette as horrifically varied as its beating bestiary. Monstrous wails accompany creepy choruses, cries of terror precede melodious crooning, with voices intoning Carpathian rhythms...And once again El Vidocq has just as much fun as his monstrous discoveries!TRACKLISTside A 1- ARCHIE KING &lt;< The Vampire >> 2- ANDY THOMAS &lt;< The Red Monster of Earth>> 3- THE FORTUNES &lt;< The Ghoul in School>> 4- THE MAGICS &lt;< Zombie Walk>> 5- COUNT VON SHUKKER &lt;< Casa A Go Go>> 6- THE VIC PLATI QUINTET &lt;< Chiller Limbo >> 7- MISS L. L. LOUISE LEWIS &lt;< The Monster Miss >> 8- IGOR And The Maniacs &lt;< The Big Green>>side B 1- TOMMY BRUCE &lt;< Monster Gonzales >> 2- MERV GRIFFIN &lt;&lt; The Screamin&#039; Meemies from Planet &lt;< X >> 3- MAURICE WHITE &lt;< Big Bad Wolf >> 4- BILLY WARD And His Dominoes &lt;< Cave man >> 5- FRANKLYN STEIN &lt;< Zotz >> 6- BLUE JAYS &lt;< Cave Man Love>> 7- MALCOLM DODDS & THE TUNEDROPS &lt;< Beauty and the Beast >> 8- BRICE ARMSTRONG & THE ALL AMERICAN GHOULS &lt;< Happy Ghoul Tide>>\",\"breadcrumb\":{\"@id\":\"https:\/\/wpguerssen-test.odoo.rgbconsulting.com\/es\/producto\/monster-o-rama-vol-4-lpcd\/#breadcrumb\"},\"inLanguage\":\"es\",\"potentialAction\":[{\"@type\":\"ReadAction\",\"target\":[\"https:\/\/wpguerssen-test.odoo.rgbconsulting.com\/es\/producto\/monster-o-rama-vol-4-lpcd\/\"]}]},{\"@type\":\"ImageObject\",\"inLanguage\":\"es\",\"@id\":\"https:\/\/wpguerssen-test.odoo.rgbconsulting.com\/es\/producto\/monster-o-rama-vol-4-lpcd\/#primaryimage\",\"url\":\"https:\/\/wpguerssen-test.odoo.rgbconsulting.com\/wp-content\/uploads\/2024\/10\/49004.jpg\",\"contentUrl\":\"https:\/\/wpguerssen-test.odoo.rgbconsulting.com\/wp-content\/uploads\/2024\/10\/49004.jpg\",\"width\":1440,\"height\":1440},{\"@type\":\"BreadcrumbList\",\"@id\":\"https:\/\/wpguerssen-test.odoo.rgbconsulting.com\/es\/producto\/monster-o-rama-vol-4-lpcd\/#breadcrumb\",\"itemListElement\":[{\"@type\":\"ListItem\",\"position\":1,\"name\":\"Inicio\",\"item\":\"https:\/\/wpguerssen-test.odoo.rgbconsulting.com\/es\/\"},{\"@type\":\"ListItem\",\"position\":2,\"name\":\"Shop\",\"item\":\"https:\/\/wpguerssen-test.odoo.rgbconsulting.com\/shop\/\"},{\"@type\":\"ListItem\",\"position\":3,\"name\":\"Monster-o-rama vol. 4 (LP+CD)\"}]},{\"@type\":\"WebSite\",\"@id\":\"https:\/\/wpguerssen-test.odoo.rgbconsulting.com\/es\/#website\",\"url\":\"https:\/\/wpguerssen-test.odoo.rgbconsulting.com\/es\/\",\"name\":\"Guerssen records\",\"description\":\"psychedelia - progressive - folk - garage \",\"publisher\":{\"@id\":\"https:\/\/wpguerssen-test.odoo.rgbconsulting.com\/es\/#organization\"},\"potentialAction\":[{\"@type\":\"SearchAction\",\"target\":{\"@type\":\"EntryPoint\",\"urlTemplate\":\"https:\/\/wpguerssen-test.odoo.rgbconsulting.com\/es\/?s={search_term_string}\"},\"query-input\":{\"@type\":\"PropertyValueSpecification\",\"valueRequired\":true,\"valueName\":\"search_term_string\"}}],\"inLanguage\":\"es\"},{\"@type\":\"Organization\",\"@id\":\"https:\/\/wpguerssen-test.odoo.rgbconsulting.com\/es\/#organization\",\"name\":\"Guerssen records\",\"url\":\"https:\/\/wpguerssen-test.odoo.rgbconsulting.com\/es\/\",\"logo\":{\"@type\":\"ImageObject\",\"inLanguage\":\"es\",\"@id\":\"https:\/\/wpguerssen-test.odoo.rgbconsulting.com\/es\/#\/schema\/logo\/image\/\",\"url\":\"https:\/\/wpguerssen-test.odoo.rgbconsulting.com\/wp-content\/uploads\/2022\/04\/Logo_Guerssen_trans_100.png\",\"contentUrl\":\"https:\/\/wpguerssen-test.odoo.rgbconsulting.com\/wp-content\/uploads\/2022\/04\/Logo_Guerssen_trans_100.png\",\"width\":122,\"height\":100,\"caption\":\"Guerssen records\"},\"image\":{\"@id\":\"https:\/\/wpguerssen-test.odoo.rgbconsulting.com\/es\/#\/schema\/logo\/image\/\"}}]}<\/script>\n<!-- \/ Yoast SEO plugin. -->","yoast_head_json":{"title":"VARIOUS ARTISTS - Monster-o-rama vol. 4 (LP+CD) -  (LP) | Guerssen","description":"BOO-yeah! Halloween's almost here, along with the 4th 'Monster-O-Rama' compilation!Illustrated by the terrifyingly talented Marcel Bontempi, this new album is sure to delight thrill- and groove-seekers of all stripes. Groovy goosebumps guaranteed! What's on the menu? Fewer vampires this time round make room for more colorful beasties: red and green monstrosities, not to mention the mysterious 'Zotz', with his lugubrious gait. For good measure, there's also a caveman, a werewolf, a ghoul and a zombie. As for the curious creature 'Gonzales': surely the first time you'll have been frightened by such a mouselike monster. In a nutshell, a musical palette as horrifically varied as its beating bestiary. Monstrous wails accompany creepy choruses, cries of terror precede melodious crooning, with voices intoning Carpathian rhythms...And once again El Vidocq has just as much fun as his monstrous discoveries!TRACKLISTside A 1- ARCHIE KING &lt;< The Vampire >> 2- ANDY THOMAS &lt;< The Red Monster of Earth>> 3- THE FORTUNES &lt;< The Ghoul in School>> 4- THE MAGICS &lt;< Zombie Walk>> 5- COUNT VON SHUKKER &lt;< Casa A Go Go>> 6- THE VIC PLATI QUINTET &lt;< Chiller Limbo >> 7- MISS L. L. LOUISE LEWIS &lt;< The Monster Miss >> 8- IGOR And The Maniacs &lt;< The Big Green>>side B 1- TOMMY BRUCE &lt;< Monster Gonzales >> 2- MERV GRIFFIN &lt;&lt; The Screamin&#039; Meemies from Planet &lt;< X >> 3- MAURICE WHITE &lt;< Big Bad Wolf >> 4- BILLY WARD And His Dominoes &lt;< Cave man >> 5- FRANKLYN STEIN &lt;< Zotz >> 6- BLUE JAYS &lt;< Cave Man Love>> 7- MALCOLM DODDS & THE TUNEDROPS &lt;< Beauty and the Beast >> 8- BRICE ARMSTRONG & THE ALL AMERICAN GHOULS &lt;< Happy Ghoul Tide>>","robots":{"index":"index","follow":"follow","max-snippet":"max-snippet:-1","max-image-preview":"max-image-preview:large","max-video-preview":"max-video-preview:-1"},"canonical":"https:\/\/wpguerssen-test.odoo.rgbconsulting.com\/es\/producto\/monster-o-rama-vol-4-lpcd\/","og_locale":"es_ES","og_type":"article","og_title":"VARIOUS ARTISTS - Monster-o-rama vol. 4 (LP+CD) -  (LP) | Guerssen","og_description":"BOO-yeah! Halloween's almost here, along with the 4th 'Monster-O-Rama' compilation!Illustrated by the terrifyingly talented Marcel Bontempi, this new album is sure to delight thrill- and groove-seekers of all stripes. Groovy goosebumps guaranteed! What's on the menu? Fewer vampires this time round make room for more colorful beasties: red and green monstrosities, not to mention the mysterious 'Zotz', with his lugubrious gait. For good measure, there's also a caveman, a werewolf, a ghoul and a zombie. As for the curious creature 'Gonzales': surely the first time you'll have been frightened by such a mouselike monster. In a nutshell, a musical palette as horrifically varied as its beating bestiary. Monstrous wails accompany creepy choruses, cries of terror precede melodious crooning, with voices intoning Carpathian rhythms...And once again El Vidocq has just as much fun as his monstrous discoveries!TRACKLISTside A 1- ARCHIE KING &lt;< The Vampire >> 2- ANDY THOMAS &lt;< The Red Monster of Earth>> 3- THE FORTUNES &lt;< The Ghoul in School>> 4- THE MAGICS &lt;< Zombie Walk>> 5- COUNT VON SHUKKER &lt;< Casa A Go Go>> 6- THE VIC PLATI QUINTET &lt;< Chiller Limbo >> 7- MISS L. L. LOUISE LEWIS &lt;< The Monster Miss >> 8- IGOR And The Maniacs &lt;< The Big Green>>side B 1- TOMMY BRUCE &lt;< Monster Gonzales >> 2- MERV GRIFFIN &lt;&lt; The Screamin&#039; Meemies from Planet &lt;< X >> 3- MAURICE WHITE &lt;< Big Bad Wolf >> 4- BILLY WARD And His Dominoes &lt;< Cave man >> 5- FRANKLYN STEIN &lt;< Zotz >> 6- BLUE JAYS &lt;< Cave Man Love>> 7- MALCOLM DODDS & THE TUNEDROPS &lt;< Beauty and the Beast >> 8- BRICE ARMSTRONG & THE ALL AMERICAN GHOULS &lt;< Happy Ghoul Tide>>","og_url":"https:\/\/wpguerssen-test.odoo.rgbconsulting.com\/es\/producto\/monster-o-rama-vol-4-lpcd\/","og_site_name":"Guerssen records","article_modified_time":"2025-01-27T14:40:54+00:00","og_image":[{"width":1440,"height":1440,"url":"https:\/\/wpguerssen-test.odoo.rgbconsulting.com\/wp-content\/uploads\/2024\/10\/49004.jpg","type":"image\/jpeg"}],"twitter_card":"summary_large_image","twitter_title":"VARIOUS ARTISTS - Monster-o-rama vol. 4 (LP+CD) -  (LP) | Guerssen","twitter_misc":{"Tiempo de lectura":"1 minuto"},"schema":{"@context":"https:\/\/schema.org","@graph":[{"@type":"WebPage","@id":"https:\/\/wpguerssen-test.odoo.rgbconsulting.com\/es\/producto\/monster-o-rama-vol-4-lpcd\/","url":"https:\/\/wpguerssen-test.odoo.rgbconsulting.com\/es\/producto\/monster-o-rama-vol-4-lpcd\/","name":"VARIOUS ARTISTS - Monster-o-rama vol. 4 (LP+CD) - (LP) | Guerssen","isPartOf":{"@id":"https:\/\/wpguerssen-test.odoo.rgbconsulting.com\/es\/#website"},"primaryImageOfPage":{"@id":"https:\/\/wpguerssen-test.odoo.rgbconsulting.com\/es\/producto\/monster-o-rama-vol-4-lpcd\/#primaryimage"},"image":{"@id":"https:\/\/wpguerssen-test.odoo.rgbconsulting.com\/es\/producto\/monster-o-rama-vol-4-lpcd\/#primaryimage"},"thumbnailUrl":"https:\/\/wpguerssen-test.odoo.rgbconsulting.com\/wp-content\/uploads\/2024\/10\/49004.jpg","datePublished":"2025-01-26T23:00:00+00:00","dateModified":"2025-01-27T14:40:54+00:00","description":"BOO-yeah! Halloween's almost here, along with the 4th 'Monster-O-Rama' compilation!Illustrated by the terrifyingly talented Marcel Bontempi, this new album is sure to delight thrill- and groove-seekers of all stripes. Groovy goosebumps guaranteed! What's on the menu? Fewer vampires this time round make room for more colorful beasties: red and green monstrosities, not to mention the mysterious 'Zotz', with his lugubrious gait. For good measure, there's also a caveman, a werewolf, a ghoul and a zombie. As for the curious creature 'Gonzales': surely the first time you'll have been frightened by such a mouselike monster. In a nutshell, a musical palette as horrifically varied as its beating bestiary. Monstrous wails accompany creepy choruses, cries of terror precede melodious crooning, with voices intoning Carpathian rhythms...And once again El Vidocq has just as much fun as his monstrous discoveries!TRACKLISTside A 1- ARCHIE KING &lt;< The Vampire >> 2- ANDY THOMAS &lt;< The Red Monster of Earth>> 3- THE FORTUNES &lt;< The Ghoul in School>> 4- THE MAGICS &lt;< Zombie Walk>> 5- COUNT VON SHUKKER &lt;< Casa A Go Go>> 6- THE VIC PLATI QUINTET &lt;< Chiller Limbo >> 7- MISS L. L. LOUISE LEWIS &lt;< The Monster Miss >> 8- IGOR And The Maniacs &lt;< The Big Green>>side B 1- TOMMY BRUCE &lt;< Monster Gonzales >> 2- MERV GRIFFIN &lt;&lt; The Screamin&#039; Meemies from Planet &lt;< X >> 3- MAURICE WHITE &lt;< Big Bad Wolf >> 4- BILLY WARD And His Dominoes &lt;< Cave man >> 5- FRANKLYN STEIN &lt;< Zotz >> 6- BLUE JAYS &lt;< Cave Man Love>> 7- MALCOLM DODDS & THE TUNEDROPS &lt;< Beauty and the Beast >> 8- BRICE ARMSTRONG & THE ALL AMERICAN GHOULS &lt;< Happy Ghoul Tide>>","breadcrumb":{"@id":"https:\/\/wpguerssen-test.odoo.rgbconsulting.com\/es\/producto\/monster-o-rama-vol-4-lpcd\/#breadcrumb"},"inLanguage":"es","potentialAction":[{"@type":"ReadAction","target":["https:\/\/wpguerssen-test.odoo.rgbconsulting.com\/es\/producto\/monster-o-rama-vol-4-lpcd\/"]}]},{"@type":"ImageObject","inLanguage":"es","@id":"https:\/\/wpguerssen-test.odoo.rgbconsulting.com\/es\/producto\/monster-o-rama-vol-4-lpcd\/#primaryimage","url":"https:\/\/wpguerssen-test.odoo.rgbconsulting.com\/wp-content\/uploads\/2024\/10\/49004.jpg","contentUrl":"https:\/\/wpguerssen-test.odoo.rgbconsulting.com\/wp-content\/uploads\/2024\/10\/49004.jpg","width":1440,"height":1440},{"@type":"BreadcrumbList","@id":"https:\/\/wpguerssen-test.odoo.rgbconsulting.com\/es\/producto\/monster-o-rama-vol-4-lpcd\/#breadcrumb","itemListElement":[{"@type":"ListItem","position":1,"name":"Inicio","item":"https:\/\/wpguerssen-test.odoo.rgbconsulting.com\/es\/"},{"@type":"ListItem","position":2,"name":"Shop","item":"https:\/\/wpguerssen-test.odoo.rgbconsulting.com\/shop\/"},{"@type":"ListItem","position":3,"name":"Monster-o-rama vol. 4 (LP+CD)"}]},{"@type":"WebSite","@id":"https:\/\/wpguerssen-test.odoo.rgbconsulting.com\/es\/#website","url":"https:\/\/wpguerssen-test.odoo.rgbconsulting.com\/es\/","name":"Guerssen records","description":"psychedelia - progressive - folk - garage ","publisher":{"@id":"https:\/\/wpguerssen-test.odoo.rgbconsulting.com\/es\/#organization"},"potentialAction":[{"@type":"SearchAction","target":{"@type":"EntryPoint","urlTemplate":"https:\/\/wpguerssen-test.odoo.rgbconsulting.com\/es\/?s={search_term_string}"},"query-input":{"@type":"PropertyValueSpecification","valueRequired":true,"valueName":"search_term_string"}}],"inLanguage":"es"},{"@type":"Organization","@id":"https:\/\/wpguerssen-test.odoo.rgbconsulting.com\/es\/#organization","name":"Guerssen records","url":"https:\/\/wpguerssen-test.odoo.rgbconsulting.com\/es\/","logo":{"@type":"ImageObject","inLanguage":"es","@id":"https:\/\/wpguerssen-test.odoo.rgbconsulting.com\/es\/#\/schema\/logo\/image\/","url":"https:\/\/wpguerssen-test.odoo.rgbconsulting.com\/wp-content\/uploads\/2022\/04\/Logo_Guerssen_trans_100.png","contentUrl":"https:\/\/wpguerssen-test.odoo.rgbconsulting.com\/wp-content\/uploads\/2022\/04\/Logo_Guerssen_trans_100.png","width":122,"height":100,"caption":"Guerssen records"},"image":{"@id":"https:\/\/wpguerssen-test.odoo.rgbconsulting.com\/es\/#\/schema\/logo\/image\/"}}]}},"_links":{"self":[{"href":"https:\/\/wpguerssen-test.odoo.rgbconsulting.com\/es\/wp-json\/wp\/v2\/product\/277591","targetHints":{"allow":["GET"]}}],"collection":[{"href":"https:\/\/wpguerssen-test.odoo.rgbconsulting.com\/es\/wp-json\/wp\/v2\/product"}],"about":[{"href":"https:\/\/wpguerssen-test.odoo.rgbconsulting.com\/es\/wp-json\/wp\/v2\/types\/product"}],"wp:featuredmedia":[{"embeddable":true,"href":"https:\/\/wpguerssen-test.odoo.rgbconsulting.com\/es\/wp-json\/wp\/v2\/media\/277506"}],"wp:attachment":[{"href":"https:\/\/wpguerssen-test.odoo.rgbconsulting.com\/es\/wp-json\/wp\/v2\/media?parent=277591"}],"wp:term":[{"taxonomy":"product_brand","embeddable":true,"href":"https:\/\/wpguerssen-test.odoo.rgbconsulting.com\/es\/wp-json\/wp\/v2\/product_brand?post=277591"},{"taxonomy":"product_cat","embeddable":true,"href":"https:\/\/wpguerssen-test.odoo.rgbconsulting.com\/es\/wp-json\/wp\/v2\/product_cat?post=277591"},{"taxonomy":"product_tag","embeddable":true,"href":"https:\/\/wpguerssen-test.odoo.rgbconsulting.com\/es\/wp-json\/wp\/v2\/product_tag?post=277591"}],"curies":[{"name":"wp","href":"https:\/\/api.w.org\/{rel}","templated":true}]}}