{"id":278022,"date":"2024-11-21T00:00:00","date_gmt":"2024-11-20T23:00:00","guid":{"rendered":"https:\/\/wpguerssen-test.odoo.rgbconsulting.com\/product\/radio-session-unplugged\/"},"modified":"2025-03-03T16:25:52","modified_gmt":"2025-03-03T15:25:52","slug":"radio-session-unplugged","status":"publish","type":"product","link":"https:\/\/wpguerssen-test.odoo.rgbconsulting.com\/es\/producto\/radio-session-unplugged\/","title":{"rendered":"Radio Session (Unplugged)"},"content":{"rendered":"<p>Hill se apart\u00f3 de los sonidos del hip hop de su \u00e1lbum debut The Miseducation of Lauryn Hill (1998) en favor de canciones de base folk y soul ac\u00fastica interpretadas austeramente. Se describi\u00f3 en broma como una \u00abcantante folk de hip-hop\u00bb y, seg\u00fan Robert Hilburn, asumi\u00f3 el papel de una cantante folk acompa\u00f1ada \u00fanicamente por su guitarra ac\u00fastica. En lugar de cantar cualquiera de sus \u00e9xitos anteriores, Hill estren\u00f3 todas las canciones nuevas en un estilo folk y, entre canciones, habl\u00f3 extensamente sobre sus luchas personales y art\u00edsticas.<\/p>\n","protected":false},"excerpt":{"rendered":"<p>Hill se apart\u00f3 de los sonidos del hip hop de su \u00e1lbum debut The Miseducation of Lauryn Hill (1998) en favor de canciones de base folk y soul ac\u00fastica interpretadas<a class=\"read\" href=\"https:\/\/wpguerssen-test.odoo.rgbconsulting.com\/es\/producto\/radio-session-unplugged\/\"> (...)<\/a>","protected":false},"featured_media":277985,"template":"","meta":{"_acf_changed":false},"product_brand":[],"product_cat":[21649,21706],"product_tag":[],"class_list":{"0":"post-278022","1":"product","2":"type-product","3":"status-publish","4":"has-post-thumbnail","6":"product_cat-soul-rnb-es","7":"product_cat-rap-hip-hop-es","8":"pa_artist-hill-lauryn","9":"pa_format-lp-es","10":"pa_gender-rap-hip-hop-soul-rnb","11":"pa_label-mxt-records","12":"pa_location-north-america-es","13":"pa_other-filters-vinyl-only-es","15":"first","16":"instock","17":"taxable","18":"shipping-taxable","19":"purchasable","20":"product-type-simple"},"acf":[],"yoast_head":"<!-- This site is optimized with the Yoast SEO plugin v24.9 - https:\/\/yoast.com\/wordpress\/plugins\/seo\/ -->\n<title>HILL, Lauryn - Radio Session (Unplugged) -  (LP) | Guerssen<\/title>\n<meta name=\"description\" content=\"Hill departed from the hip hop sounds of her debut album The Miseducation of Lauryn Hill (1998) in favor of austerely performed acoustic soul and folk-based songs. She jokingly described herself as a &quot;hip-hop folk singer&quot;, and according to Robert Hilburn, assumed the role of a folk singer accompanied only by her acoustic guitar. Rather than singing any of her previous hits, Hill debuted all new songs in a folk style and, in between songs, spoke at length about her personal and artistic struggles.TRACKLIST:A1 Mr. Intentional 6:59 A2 Adam Lives In Theory 7:26 A3 Freedom Time 4:59 B1 Just Like Water 6:09 B2 Just Want You Around 4:37 B3 I Gotta Find Peace Of Mind 9:19\" \/>\n<meta name=\"robots\" content=\"index, follow, max-snippet:-1, max-image-preview:large, max-video-preview:-1\" \/>\n<link rel=\"canonical\" href=\"https:\/\/wpguerssen-test.odoo.rgbconsulting.com\/es\/producto\/radio-session-unplugged\/\" \/>\n<meta property=\"og:locale\" content=\"es_ES\" \/>\n<meta property=\"og:type\" content=\"article\" \/>\n<meta property=\"og:title\" content=\"HILL, Lauryn - Radio Session (Unplugged) -  (LP) | Guerssen\" \/>\n<meta property=\"og:description\" content=\"Hill departed from the hip hop sounds of her debut album The Miseducation of Lauryn Hill (1998) in favor of austerely performed acoustic soul and folk-based songs. She jokingly described herself as a &quot;hip-hop folk singer&quot;, and according to Robert Hilburn, assumed the role of a folk singer accompanied only by her acoustic guitar. Rather than singing any of her previous hits, Hill debuted all new songs in a folk style and, in between songs, spoke at length about her personal and artistic struggles.TRACKLIST:A1 Mr. Intentional 6:59 A2 Adam Lives In Theory 7:26 A3 Freedom Time 4:59 B1 Just Like Water 6:09 B2 Just Want You Around 4:37 B3 I Gotta Find Peace Of Mind 9:19\" \/>\n<meta property=\"og:url\" content=\"https:\/\/wpguerssen-test.odoo.rgbconsulting.com\/es\/producto\/radio-session-unplugged\/\" \/>\n<meta property=\"og:site_name\" content=\"Guerssen records\" \/>\n<meta property=\"article:modified_time\" content=\"2025-03-03T15:25:52+00:00\" \/>\n<meta property=\"og:image\" content=\"https:\/\/wpguerssen-test.odoo.rgbconsulting.com\/wp-content\/uploads\/2024\/10\/49116.jpg\" \/>\n\t<meta property=\"og:image:width\" content=\"2524\" \/>\n\t<meta property=\"og:image:height\" content=\"2524\" \/>\n\t<meta property=\"og:image:type\" content=\"image\/jpeg\" \/>\n<meta name=\"twitter:card\" content=\"summary_large_image\" \/>\n<meta name=\"twitter:title\" content=\"HILL, Lauryn - Radio Session (Unplugged) -  (LP) | Guerssen\" \/>\n<script type=\"application\/ld+json\" class=\"yoast-schema-graph\">{\"@context\":\"https:\/\/schema.org\",\"@graph\":[{\"@type\":\"WebPage\",\"@id\":\"https:\/\/wpguerssen-test.odoo.rgbconsulting.com\/es\/producto\/radio-session-unplugged\/\",\"url\":\"https:\/\/wpguerssen-test.odoo.rgbconsulting.com\/es\/producto\/radio-session-unplugged\/\",\"name\":\"HILL, Lauryn - Radio Session (Unplugged) - (LP) | Guerssen\",\"isPartOf\":{\"@id\":\"https:\/\/wpguerssen-test.odoo.rgbconsulting.com\/es\/#website\"},\"primaryImageOfPage\":{\"@id\":\"https:\/\/wpguerssen-test.odoo.rgbconsulting.com\/es\/producto\/radio-session-unplugged\/#primaryimage\"},\"image\":{\"@id\":\"https:\/\/wpguerssen-test.odoo.rgbconsulting.com\/es\/producto\/radio-session-unplugged\/#primaryimage\"},\"thumbnailUrl\":\"https:\/\/wpguerssen-test.odoo.rgbconsulting.com\/wp-content\/uploads\/2024\/10\/49116.jpg\",\"datePublished\":\"2024-11-20T23:00:00+00:00\",\"dateModified\":\"2025-03-03T15:25:52+00:00\",\"description\":\"Hill departed from the hip hop sounds of her debut album The Miseducation of Lauryn Hill (1998) in favor of austerely performed acoustic soul and folk-based songs. She jokingly described herself as a \\\"hip-hop folk singer\\\", and according to Robert Hilburn, assumed the role of a folk singer accompanied only by her acoustic guitar. Rather than singing any of her previous hits, Hill debuted all new songs in a folk style and, in between songs, spoke at length about her personal and artistic struggles.TRACKLIST:A1 Mr. Intentional 6:59 A2 Adam Lives In Theory 7:26 A3 Freedom Time 4:59 B1 Just Like Water 6:09 B2 Just Want You Around 4:37 B3 I Gotta Find Peace Of Mind 9:19\",\"breadcrumb\":{\"@id\":\"https:\/\/wpguerssen-test.odoo.rgbconsulting.com\/es\/producto\/radio-session-unplugged\/#breadcrumb\"},\"inLanguage\":\"es\",\"potentialAction\":[{\"@type\":\"ReadAction\",\"target\":[\"https:\/\/wpguerssen-test.odoo.rgbconsulting.com\/es\/producto\/radio-session-unplugged\/\"]}]},{\"@type\":\"ImageObject\",\"inLanguage\":\"es\",\"@id\":\"https:\/\/wpguerssen-test.odoo.rgbconsulting.com\/es\/producto\/radio-session-unplugged\/#primaryimage\",\"url\":\"https:\/\/wpguerssen-test.odoo.rgbconsulting.com\/wp-content\/uploads\/2024\/10\/49116.jpg\",\"contentUrl\":\"https:\/\/wpguerssen-test.odoo.rgbconsulting.com\/wp-content\/uploads\/2024\/10\/49116.jpg\",\"width\":2524,\"height\":2524,\"caption\":\"Lauryn - Radio Session (Unplugged) - MXT RECORDS (LP) | Guerssen\"},{\"@type\":\"BreadcrumbList\",\"@id\":\"https:\/\/wpguerssen-test.odoo.rgbconsulting.com\/es\/producto\/radio-session-unplugged\/#breadcrumb\",\"itemListElement\":[{\"@type\":\"ListItem\",\"position\":1,\"name\":\"Inicio\",\"item\":\"https:\/\/wpguerssen-test.odoo.rgbconsulting.com\/es\/\"},{\"@type\":\"ListItem\",\"position\":2,\"name\":\"Shop\",\"item\":\"https:\/\/wpguerssen-test.odoo.rgbconsulting.com\/shop\/\"},{\"@type\":\"ListItem\",\"position\":3,\"name\":\"Radio Session (Unplugged)\"}]},{\"@type\":\"WebSite\",\"@id\":\"https:\/\/wpguerssen-test.odoo.rgbconsulting.com\/es\/#website\",\"url\":\"https:\/\/wpguerssen-test.odoo.rgbconsulting.com\/es\/\",\"name\":\"Guerssen records\",\"description\":\"psychedelia - progressive - folk - garage \",\"publisher\":{\"@id\":\"https:\/\/wpguerssen-test.odoo.rgbconsulting.com\/es\/#organization\"},\"potentialAction\":[{\"@type\":\"SearchAction\",\"target\":{\"@type\":\"EntryPoint\",\"urlTemplate\":\"https:\/\/wpguerssen-test.odoo.rgbconsulting.com\/es\/?s={search_term_string}\"},\"query-input\":{\"@type\":\"PropertyValueSpecification\",\"valueRequired\":true,\"valueName\":\"search_term_string\"}}],\"inLanguage\":\"es\"},{\"@type\":\"Organization\",\"@id\":\"https:\/\/wpguerssen-test.odoo.rgbconsulting.com\/es\/#organization\",\"name\":\"Guerssen records\",\"url\":\"https:\/\/wpguerssen-test.odoo.rgbconsulting.com\/es\/\",\"logo\":{\"@type\":\"ImageObject\",\"inLanguage\":\"es\",\"@id\":\"https:\/\/wpguerssen-test.odoo.rgbconsulting.com\/es\/#\/schema\/logo\/image\/\",\"url\":\"https:\/\/wpguerssen-test.odoo.rgbconsulting.com\/wp-content\/uploads\/2022\/04\/Logo_Guerssen_trans_100.png\",\"contentUrl\":\"https:\/\/wpguerssen-test.odoo.rgbconsulting.com\/wp-content\/uploads\/2022\/04\/Logo_Guerssen_trans_100.png\",\"width\":122,\"height\":100,\"caption\":\"Guerssen records\"},\"image\":{\"@id\":\"https:\/\/wpguerssen-test.odoo.rgbconsulting.com\/es\/#\/schema\/logo\/image\/\"}}]}<\/script>\n<!-- \/ Yoast SEO plugin. -->","yoast_head_json":{"title":"HILL, Lauryn - Radio Session (Unplugged) -  (LP) | Guerssen","description":"Hill departed from the hip hop sounds of her debut album The Miseducation of Lauryn Hill (1998) in favor of austerely performed acoustic soul and folk-based songs. She jokingly described herself as a \"hip-hop folk singer\", and according to Robert Hilburn, assumed the role of a folk singer accompanied only by her acoustic guitar. Rather than singing any of her previous hits, Hill debuted all new songs in a folk style and, in between songs, spoke at length about her personal and artistic struggles.TRACKLIST:A1 Mr. Intentional 6:59 A2 Adam Lives In Theory 7:26 A3 Freedom Time 4:59 B1 Just Like Water 6:09 B2 Just Want You Around 4:37 B3 I Gotta Find Peace Of Mind 9:19","robots":{"index":"index","follow":"follow","max-snippet":"max-snippet:-1","max-image-preview":"max-image-preview:large","max-video-preview":"max-video-preview:-1"},"canonical":"https:\/\/wpguerssen-test.odoo.rgbconsulting.com\/es\/producto\/radio-session-unplugged\/","og_locale":"es_ES","og_type":"article","og_title":"HILL, Lauryn - Radio Session (Unplugged) -  (LP) | Guerssen","og_description":"Hill departed from the hip hop sounds of her debut album The Miseducation of Lauryn Hill (1998) in favor of austerely performed acoustic soul and folk-based songs. She jokingly described herself as a \"hip-hop folk singer\", and according to Robert Hilburn, assumed the role of a folk singer accompanied only by her acoustic guitar. Rather than singing any of her previous hits, Hill debuted all new songs in a folk style and, in between songs, spoke at length about her personal and artistic struggles.TRACKLIST:A1 Mr. Intentional 6:59 A2 Adam Lives In Theory 7:26 A3 Freedom Time 4:59 B1 Just Like Water 6:09 B2 Just Want You Around 4:37 B3 I Gotta Find Peace Of Mind 9:19","og_url":"https:\/\/wpguerssen-test.odoo.rgbconsulting.com\/es\/producto\/radio-session-unplugged\/","og_site_name":"Guerssen records","article_modified_time":"2025-03-03T15:25:52+00:00","og_image":[{"width":2524,"height":2524,"url":"https:\/\/wpguerssen-test.odoo.rgbconsulting.com\/wp-content\/uploads\/2024\/10\/49116.jpg","type":"image\/jpeg"}],"twitter_card":"summary_large_image","twitter_title":"HILL, Lauryn - Radio Session (Unplugged) -  (LP) | Guerssen","schema":{"@context":"https:\/\/schema.org","@graph":[{"@type":"WebPage","@id":"https:\/\/wpguerssen-test.odoo.rgbconsulting.com\/es\/producto\/radio-session-unplugged\/","url":"https:\/\/wpguerssen-test.odoo.rgbconsulting.com\/es\/producto\/radio-session-unplugged\/","name":"HILL, Lauryn - Radio Session (Unplugged) - (LP) | Guerssen","isPartOf":{"@id":"https:\/\/wpguerssen-test.odoo.rgbconsulting.com\/es\/#website"},"primaryImageOfPage":{"@id":"https:\/\/wpguerssen-test.odoo.rgbconsulting.com\/es\/producto\/radio-session-unplugged\/#primaryimage"},"image":{"@id":"https:\/\/wpguerssen-test.odoo.rgbconsulting.com\/es\/producto\/radio-session-unplugged\/#primaryimage"},"thumbnailUrl":"https:\/\/wpguerssen-test.odoo.rgbconsulting.com\/wp-content\/uploads\/2024\/10\/49116.jpg","datePublished":"2024-11-20T23:00:00+00:00","dateModified":"2025-03-03T15:25:52+00:00","description":"Hill departed from the hip hop sounds of her debut album The Miseducation of Lauryn Hill (1998) in favor of austerely performed acoustic soul and folk-based songs. She jokingly described herself as a \"hip-hop folk singer\", and according to Robert Hilburn, assumed the role of a folk singer accompanied only by her acoustic guitar. Rather than singing any of her previous hits, Hill debuted all new songs in a folk style and, in between songs, spoke at length about her personal and artistic struggles.TRACKLIST:A1 Mr. Intentional 6:59 A2 Adam Lives In Theory 7:26 A3 Freedom Time 4:59 B1 Just Like Water 6:09 B2 Just Want You Around 4:37 B3 I Gotta Find Peace Of Mind 9:19","breadcrumb":{"@id":"https:\/\/wpguerssen-test.odoo.rgbconsulting.com\/es\/producto\/radio-session-unplugged\/#breadcrumb"},"inLanguage":"es","potentialAction":[{"@type":"ReadAction","target":["https:\/\/wpguerssen-test.odoo.rgbconsulting.com\/es\/producto\/radio-session-unplugged\/"]}]},{"@type":"ImageObject","inLanguage":"es","@id":"https:\/\/wpguerssen-test.odoo.rgbconsulting.com\/es\/producto\/radio-session-unplugged\/#primaryimage","url":"https:\/\/wpguerssen-test.odoo.rgbconsulting.com\/wp-content\/uploads\/2024\/10\/49116.jpg","contentUrl":"https:\/\/wpguerssen-test.odoo.rgbconsulting.com\/wp-content\/uploads\/2024\/10\/49116.jpg","width":2524,"height":2524,"caption":"Lauryn - Radio Session (Unplugged) - MXT RECORDS (LP) | Guerssen"},{"@type":"BreadcrumbList","@id":"https:\/\/wpguerssen-test.odoo.rgbconsulting.com\/es\/producto\/radio-session-unplugged\/#breadcrumb","itemListElement":[{"@type":"ListItem","position":1,"name":"Inicio","item":"https:\/\/wpguerssen-test.odoo.rgbconsulting.com\/es\/"},{"@type":"ListItem","position":2,"name":"Shop","item":"https:\/\/wpguerssen-test.odoo.rgbconsulting.com\/shop\/"},{"@type":"ListItem","position":3,"name":"Radio Session (Unplugged)"}]},{"@type":"WebSite","@id":"https:\/\/wpguerssen-test.odoo.rgbconsulting.com\/es\/#website","url":"https:\/\/wpguerssen-test.odoo.rgbconsulting.com\/es\/","name":"Guerssen records","description":"psychedelia - progressive - folk - garage ","publisher":{"@id":"https:\/\/wpguerssen-test.odoo.rgbconsulting.com\/es\/#organization"},"potentialAction":[{"@type":"SearchAction","target":{"@type":"EntryPoint","urlTemplate":"https:\/\/wpguerssen-test.odoo.rgbconsulting.com\/es\/?s={search_term_string}"},"query-input":{"@type":"PropertyValueSpecification","valueRequired":true,"valueName":"search_term_string"}}],"inLanguage":"es"},{"@type":"Organization","@id":"https:\/\/wpguerssen-test.odoo.rgbconsulting.com\/es\/#organization","name":"Guerssen records","url":"https:\/\/wpguerssen-test.odoo.rgbconsulting.com\/es\/","logo":{"@type":"ImageObject","inLanguage":"es","@id":"https:\/\/wpguerssen-test.odoo.rgbconsulting.com\/es\/#\/schema\/logo\/image\/","url":"https:\/\/wpguerssen-test.odoo.rgbconsulting.com\/wp-content\/uploads\/2022\/04\/Logo_Guerssen_trans_100.png","contentUrl":"https:\/\/wpguerssen-test.odoo.rgbconsulting.com\/wp-content\/uploads\/2022\/04\/Logo_Guerssen_trans_100.png","width":122,"height":100,"caption":"Guerssen records"},"image":{"@id":"https:\/\/wpguerssen-test.odoo.rgbconsulting.com\/es\/#\/schema\/logo\/image\/"}}]}},"_links":{"self":[{"href":"https:\/\/wpguerssen-test.odoo.rgbconsulting.com\/es\/wp-json\/wp\/v2\/product\/278022","targetHints":{"allow":["GET"]}}],"collection":[{"href":"https:\/\/wpguerssen-test.odoo.rgbconsulting.com\/es\/wp-json\/wp\/v2\/product"}],"about":[{"href":"https:\/\/wpguerssen-test.odoo.rgbconsulting.com\/es\/wp-json\/wp\/v2\/types\/product"}],"wp:featuredmedia":[{"embeddable":true,"href":"https:\/\/wpguerssen-test.odoo.rgbconsulting.com\/es\/wp-json\/wp\/v2\/media\/277985"}],"wp:attachment":[{"href":"https:\/\/wpguerssen-test.odoo.rgbconsulting.com\/es\/wp-json\/wp\/v2\/media?parent=278022"}],"wp:term":[{"taxonomy":"product_brand","embeddable":true,"href":"https:\/\/wpguerssen-test.odoo.rgbconsulting.com\/es\/wp-json\/wp\/v2\/product_brand?post=278022"},{"taxonomy":"product_cat","embeddable":true,"href":"https:\/\/wpguerssen-test.odoo.rgbconsulting.com\/es\/wp-json\/wp\/v2\/product_cat?post=278022"},{"taxonomy":"product_tag","embeddable":true,"href":"https:\/\/wpguerssen-test.odoo.rgbconsulting.com\/es\/wp-json\/wp\/v2\/product_tag?post=278022"}],"curies":[{"name":"wp","href":"https:\/\/api.w.org\/{rel}","templated":true}]}}