{"id":278026,"date":"2025-01-16T00:00:00","date_gmt":"2025-01-15T23:00:00","guid":{"rendered":"https:\/\/wpguerssen-test.odoo.rgbconsulting.com\/product\/exhalo\/"},"modified":"2025-04-17T15:19:45","modified_gmt":"2025-04-17T13:19:45","slug":"exhalo","status":"publish","type":"product","link":"https:\/\/wpguerssen-test.odoo.rgbconsulting.com\/es\/producto\/exhalo\/","title":{"rendered":"Exhalo"},"content":{"rendered":"<p>Halo, el \u00faltimo \u00e1lbum de estudio de Juana Molina, la cantante experimental argentina que cautiva y seduce al mundo con sus canciones \u00fanicas e inclasificables, obtuvo una aclamaci\u00f3n un\u00e1nime tanto del p\u00fablico como de los medios especializados. \u00abExhalo\u00bb cierra esta etapa clave en su carrera, donde Juana muestra el material profundo y poderoso que qued\u00f3 fuera de su \u00faltimo LP.<\/p>\n","protected":false},"excerpt":{"rendered":"<p>Halo, el \u00faltimo \u00e1lbum de estudio de Juana Molina, la cantante experimental argentina que cautiva y seduce al mundo con sus canciones \u00fanicas e inclasificables, obtuvo<a class=\"read\" href=\"https:\/\/wpguerssen-test.odoo.rgbconsulting.com\/es\/producto\/exhalo\/\"> (...)<\/a>","protected":false},"featured_media":277997,"template":"","meta":{"_acf_changed":false},"product_brand":[],"product_cat":[23218,23260],"product_tag":[24189],"class_list":{"0":"post-278026","1":"product","2":"type-product","3":"status-publish","4":"has-post-thumbnail","6":"product_cat-free-jazz-es","7":"product_cat-avant-garde-experime-es","8":"product_tag-recien-llegadas","9":"pa_artist-molina-juana","10":"pa_format-10-es","11":"pa_gender-avant-garde-experime-free-jazz","12":"pa_label-little-butterfly","13":"pa_location-south-america-caribbean-es","14":"pa_other-filters-vinyl-only-es","16":"first","17":"instock","18":"taxable","19":"shipping-taxable","20":"purchasable","21":"product-type-simple"},"acf":[],"yoast_head":"<!-- This site is optimized with the Yoast SEO plugin v24.9 - https:\/\/yoast.com\/wordpress\/plugins\/seo\/ -->\n<title>MOLINA, Juana - Exhalo -  (10&quot;) | Guerssen<\/title>\n<meta name=\"description\" content=\"Halo, the latest studio album by Juana Molina, the experimental Argentine singer who captivates and seduces the world with her unique and unclassifiable songs, produced a unanimous acclaim from the public as well as specialized media. &quot;Exhalo&quot; closes this key stage in her career, where Juana shows the deep and powerful material that was left out of her last LP.TRACKLISTSIDE A A1. Astro de la luz segunda A2. Vagos lagos SIDE B B1. Invierno B2. Hope\" \/>\n<meta name=\"robots\" content=\"index, follow, max-snippet:-1, max-image-preview:large, max-video-preview:-1\" \/>\n<link rel=\"canonical\" href=\"https:\/\/wpguerssen-test.odoo.rgbconsulting.com\/es\/producto\/exhalo\/\" \/>\n<meta property=\"og:locale\" content=\"es_ES\" \/>\n<meta property=\"og:type\" content=\"article\" \/>\n<meta property=\"og:title\" content=\"MOLINA, Juana - Exhalo -  (10&quot;) | Guerssen\" \/>\n<meta property=\"og:description\" content=\"Halo, the latest studio album by Juana Molina, the experimental Argentine singer who captivates and seduces the world with her unique and unclassifiable songs, produced a unanimous acclaim from the public as well as specialized media. &quot;Exhalo&quot; closes this key stage in her career, where Juana shows the deep and powerful material that was left out of her last LP.TRACKLISTSIDE A A1. Astro de la luz segunda A2. Vagos lagos SIDE B B1. Invierno B2. Hope\" \/>\n<meta property=\"og:url\" content=\"https:\/\/wpguerssen-test.odoo.rgbconsulting.com\/es\/producto\/exhalo\/\" \/>\n<meta property=\"og:site_name\" content=\"Guerssen records\" \/>\n<meta property=\"article:modified_time\" content=\"2025-04-17T13:19:45+00:00\" \/>\n<meta property=\"og:image\" content=\"https:\/\/wpguerssen-test.odoo.rgbconsulting.com\/wp-content\/uploads\/2024\/10\/49120.jpg\" \/>\n\t<meta property=\"og:image:width\" content=\"160\" \/>\n\t<meta property=\"og:image:height\" content=\"160\" \/>\n\t<meta property=\"og:image:type\" content=\"image\/jpeg\" \/>\n<meta name=\"twitter:card\" content=\"summary_large_image\" \/>\n<meta name=\"twitter:title\" content=\"MOLINA, Juana - Exhalo -  (10&quot;) | Guerssen\" \/>\n<script type=\"application\/ld+json\" class=\"yoast-schema-graph\">{\"@context\":\"https:\/\/schema.org\",\"@graph\":[{\"@type\":\"WebPage\",\"@id\":\"https:\/\/wpguerssen-test.odoo.rgbconsulting.com\/es\/producto\/exhalo\/\",\"url\":\"https:\/\/wpguerssen-test.odoo.rgbconsulting.com\/es\/producto\/exhalo\/\",\"name\":\"MOLINA, Juana - Exhalo - (10\\\") | Guerssen\",\"isPartOf\":{\"@id\":\"https:\/\/wpguerssen-test.odoo.rgbconsulting.com\/es\/#website\"},\"primaryImageOfPage\":{\"@id\":\"https:\/\/wpguerssen-test.odoo.rgbconsulting.com\/es\/producto\/exhalo\/#primaryimage\"},\"image\":{\"@id\":\"https:\/\/wpguerssen-test.odoo.rgbconsulting.com\/es\/producto\/exhalo\/#primaryimage\"},\"thumbnailUrl\":\"https:\/\/wpguerssen-test.odoo.rgbconsulting.com\/wp-content\/uploads\/2024\/10\/49120.jpg\",\"datePublished\":\"2025-01-15T23:00:00+00:00\",\"dateModified\":\"2025-04-17T13:19:45+00:00\",\"description\":\"Halo, the latest studio album by Juana Molina, the experimental Argentine singer who captivates and seduces the world with her unique and unclassifiable songs, produced a unanimous acclaim from the public as well as specialized media. \\\"Exhalo\\\" closes this key stage in her career, where Juana shows the deep and powerful material that was left out of her last LP.TRACKLISTSIDE A A1. Astro de la luz segunda A2. Vagos lagos SIDE B B1. Invierno B2. Hope\",\"breadcrumb\":{\"@id\":\"https:\/\/wpguerssen-test.odoo.rgbconsulting.com\/es\/producto\/exhalo\/#breadcrumb\"},\"inLanguage\":\"es\",\"potentialAction\":[{\"@type\":\"ReadAction\",\"target\":[\"https:\/\/wpguerssen-test.odoo.rgbconsulting.com\/es\/producto\/exhalo\/\"]}]},{\"@type\":\"ImageObject\",\"inLanguage\":\"es\",\"@id\":\"https:\/\/wpguerssen-test.odoo.rgbconsulting.com\/es\/producto\/exhalo\/#primaryimage\",\"url\":\"https:\/\/wpguerssen-test.odoo.rgbconsulting.com\/wp-content\/uploads\/2024\/10\/49120.jpg\",\"contentUrl\":\"https:\/\/wpguerssen-test.odoo.rgbconsulting.com\/wp-content\/uploads\/2024\/10\/49120.jpg\",\"width\":160,\"height\":160,\"caption\":\"Juana - Exhalo - LITTLE BUTTERFLY (10\\\") | Guerssen\"},{\"@type\":\"BreadcrumbList\",\"@id\":\"https:\/\/wpguerssen-test.odoo.rgbconsulting.com\/es\/producto\/exhalo\/#breadcrumb\",\"itemListElement\":[{\"@type\":\"ListItem\",\"position\":1,\"name\":\"Inicio\",\"item\":\"https:\/\/wpguerssen-test.odoo.rgbconsulting.com\/es\/\"},{\"@type\":\"ListItem\",\"position\":2,\"name\":\"Shop\",\"item\":\"https:\/\/wpguerssen-test.odoo.rgbconsulting.com\/shop\/\"},{\"@type\":\"ListItem\",\"position\":3,\"name\":\"Exhalo\"}]},{\"@type\":\"WebSite\",\"@id\":\"https:\/\/wpguerssen-test.odoo.rgbconsulting.com\/es\/#website\",\"url\":\"https:\/\/wpguerssen-test.odoo.rgbconsulting.com\/es\/\",\"name\":\"Guerssen records\",\"description\":\"psychedelia - progressive - folk - garage \",\"publisher\":{\"@id\":\"https:\/\/wpguerssen-test.odoo.rgbconsulting.com\/es\/#organization\"},\"potentialAction\":[{\"@type\":\"SearchAction\",\"target\":{\"@type\":\"EntryPoint\",\"urlTemplate\":\"https:\/\/wpguerssen-test.odoo.rgbconsulting.com\/es\/?s={search_term_string}\"},\"query-input\":{\"@type\":\"PropertyValueSpecification\",\"valueRequired\":true,\"valueName\":\"search_term_string\"}}],\"inLanguage\":\"es\"},{\"@type\":\"Organization\",\"@id\":\"https:\/\/wpguerssen-test.odoo.rgbconsulting.com\/es\/#organization\",\"name\":\"Guerssen records\",\"url\":\"https:\/\/wpguerssen-test.odoo.rgbconsulting.com\/es\/\",\"logo\":{\"@type\":\"ImageObject\",\"inLanguage\":\"es\",\"@id\":\"https:\/\/wpguerssen-test.odoo.rgbconsulting.com\/es\/#\/schema\/logo\/image\/\",\"url\":\"https:\/\/wpguerssen-test.odoo.rgbconsulting.com\/wp-content\/uploads\/2022\/04\/Logo_Guerssen_trans_100.png\",\"contentUrl\":\"https:\/\/wpguerssen-test.odoo.rgbconsulting.com\/wp-content\/uploads\/2022\/04\/Logo_Guerssen_trans_100.png\",\"width\":122,\"height\":100,\"caption\":\"Guerssen records\"},\"image\":{\"@id\":\"https:\/\/wpguerssen-test.odoo.rgbconsulting.com\/es\/#\/schema\/logo\/image\/\"}}]}<\/script>\n<!-- \/ Yoast SEO plugin. -->","yoast_head_json":{"title":"MOLINA, Juana - Exhalo -  (10\") | Guerssen","description":"Halo, the latest studio album by Juana Molina, the experimental Argentine singer who captivates and seduces the world with her unique and unclassifiable songs, produced a unanimous acclaim from the public as well as specialized media. \"Exhalo\" closes this key stage in her career, where Juana shows the deep and powerful material that was left out of her last LP.TRACKLISTSIDE A A1. Astro de la luz segunda A2. Vagos lagos SIDE B B1. Invierno B2. Hope","robots":{"index":"index","follow":"follow","max-snippet":"max-snippet:-1","max-image-preview":"max-image-preview:large","max-video-preview":"max-video-preview:-1"},"canonical":"https:\/\/wpguerssen-test.odoo.rgbconsulting.com\/es\/producto\/exhalo\/","og_locale":"es_ES","og_type":"article","og_title":"MOLINA, Juana - Exhalo -  (10\") | Guerssen","og_description":"Halo, the latest studio album by Juana Molina, the experimental Argentine singer who captivates and seduces the world with her unique and unclassifiable songs, produced a unanimous acclaim from the public as well as specialized media. \"Exhalo\" closes this key stage in her career, where Juana shows the deep and powerful material that was left out of her last LP.TRACKLISTSIDE A A1. Astro de la luz segunda A2. Vagos lagos SIDE B B1. Invierno B2. Hope","og_url":"https:\/\/wpguerssen-test.odoo.rgbconsulting.com\/es\/producto\/exhalo\/","og_site_name":"Guerssen records","article_modified_time":"2025-04-17T13:19:45+00:00","og_image":[{"width":160,"height":160,"url":"https:\/\/wpguerssen-test.odoo.rgbconsulting.com\/wp-content\/uploads\/2024\/10\/49120.jpg","type":"image\/jpeg"}],"twitter_card":"summary_large_image","twitter_title":"MOLINA, Juana - Exhalo -  (10\") | Guerssen","schema":{"@context":"https:\/\/schema.org","@graph":[{"@type":"WebPage","@id":"https:\/\/wpguerssen-test.odoo.rgbconsulting.com\/es\/producto\/exhalo\/","url":"https:\/\/wpguerssen-test.odoo.rgbconsulting.com\/es\/producto\/exhalo\/","name":"MOLINA, Juana - Exhalo - (10\") | Guerssen","isPartOf":{"@id":"https:\/\/wpguerssen-test.odoo.rgbconsulting.com\/es\/#website"},"primaryImageOfPage":{"@id":"https:\/\/wpguerssen-test.odoo.rgbconsulting.com\/es\/producto\/exhalo\/#primaryimage"},"image":{"@id":"https:\/\/wpguerssen-test.odoo.rgbconsulting.com\/es\/producto\/exhalo\/#primaryimage"},"thumbnailUrl":"https:\/\/wpguerssen-test.odoo.rgbconsulting.com\/wp-content\/uploads\/2024\/10\/49120.jpg","datePublished":"2025-01-15T23:00:00+00:00","dateModified":"2025-04-17T13:19:45+00:00","description":"Halo, the latest studio album by Juana Molina, the experimental Argentine singer who captivates and seduces the world with her unique and unclassifiable songs, produced a unanimous acclaim from the public as well as specialized media. \"Exhalo\" closes this key stage in her career, where Juana shows the deep and powerful material that was left out of her last LP.TRACKLISTSIDE A A1. Astro de la luz segunda A2. Vagos lagos SIDE B B1. Invierno B2. Hope","breadcrumb":{"@id":"https:\/\/wpguerssen-test.odoo.rgbconsulting.com\/es\/producto\/exhalo\/#breadcrumb"},"inLanguage":"es","potentialAction":[{"@type":"ReadAction","target":["https:\/\/wpguerssen-test.odoo.rgbconsulting.com\/es\/producto\/exhalo\/"]}]},{"@type":"ImageObject","inLanguage":"es","@id":"https:\/\/wpguerssen-test.odoo.rgbconsulting.com\/es\/producto\/exhalo\/#primaryimage","url":"https:\/\/wpguerssen-test.odoo.rgbconsulting.com\/wp-content\/uploads\/2024\/10\/49120.jpg","contentUrl":"https:\/\/wpguerssen-test.odoo.rgbconsulting.com\/wp-content\/uploads\/2024\/10\/49120.jpg","width":160,"height":160,"caption":"Juana - Exhalo - LITTLE BUTTERFLY (10\") | Guerssen"},{"@type":"BreadcrumbList","@id":"https:\/\/wpguerssen-test.odoo.rgbconsulting.com\/es\/producto\/exhalo\/#breadcrumb","itemListElement":[{"@type":"ListItem","position":1,"name":"Inicio","item":"https:\/\/wpguerssen-test.odoo.rgbconsulting.com\/es\/"},{"@type":"ListItem","position":2,"name":"Shop","item":"https:\/\/wpguerssen-test.odoo.rgbconsulting.com\/shop\/"},{"@type":"ListItem","position":3,"name":"Exhalo"}]},{"@type":"WebSite","@id":"https:\/\/wpguerssen-test.odoo.rgbconsulting.com\/es\/#website","url":"https:\/\/wpguerssen-test.odoo.rgbconsulting.com\/es\/","name":"Guerssen records","description":"psychedelia - progressive - folk - garage ","publisher":{"@id":"https:\/\/wpguerssen-test.odoo.rgbconsulting.com\/es\/#organization"},"potentialAction":[{"@type":"SearchAction","target":{"@type":"EntryPoint","urlTemplate":"https:\/\/wpguerssen-test.odoo.rgbconsulting.com\/es\/?s={search_term_string}"},"query-input":{"@type":"PropertyValueSpecification","valueRequired":true,"valueName":"search_term_string"}}],"inLanguage":"es"},{"@type":"Organization","@id":"https:\/\/wpguerssen-test.odoo.rgbconsulting.com\/es\/#organization","name":"Guerssen records","url":"https:\/\/wpguerssen-test.odoo.rgbconsulting.com\/es\/","logo":{"@type":"ImageObject","inLanguage":"es","@id":"https:\/\/wpguerssen-test.odoo.rgbconsulting.com\/es\/#\/schema\/logo\/image\/","url":"https:\/\/wpguerssen-test.odoo.rgbconsulting.com\/wp-content\/uploads\/2022\/04\/Logo_Guerssen_trans_100.png","contentUrl":"https:\/\/wpguerssen-test.odoo.rgbconsulting.com\/wp-content\/uploads\/2022\/04\/Logo_Guerssen_trans_100.png","width":122,"height":100,"caption":"Guerssen records"},"image":{"@id":"https:\/\/wpguerssen-test.odoo.rgbconsulting.com\/es\/#\/schema\/logo\/image\/"}}]}},"_links":{"self":[{"href":"https:\/\/wpguerssen-test.odoo.rgbconsulting.com\/es\/wp-json\/wp\/v2\/product\/278026","targetHints":{"allow":["GET"]}}],"collection":[{"href":"https:\/\/wpguerssen-test.odoo.rgbconsulting.com\/es\/wp-json\/wp\/v2\/product"}],"about":[{"href":"https:\/\/wpguerssen-test.odoo.rgbconsulting.com\/es\/wp-json\/wp\/v2\/types\/product"}],"wp:featuredmedia":[{"embeddable":true,"href":"https:\/\/wpguerssen-test.odoo.rgbconsulting.com\/es\/wp-json\/wp\/v2\/media\/277997"}],"wp:attachment":[{"href":"https:\/\/wpguerssen-test.odoo.rgbconsulting.com\/es\/wp-json\/wp\/v2\/media?parent=278026"}],"wp:term":[{"taxonomy":"product_brand","embeddable":true,"href":"https:\/\/wpguerssen-test.odoo.rgbconsulting.com\/es\/wp-json\/wp\/v2\/product_brand?post=278026"},{"taxonomy":"product_cat","embeddable":true,"href":"https:\/\/wpguerssen-test.odoo.rgbconsulting.com\/es\/wp-json\/wp\/v2\/product_cat?post=278026"},{"taxonomy":"product_tag","embeddable":true,"href":"https:\/\/wpguerssen-test.odoo.rgbconsulting.com\/es\/wp-json\/wp\/v2\/product_tag?post=278026"}],"curies":[{"name":"wp","href":"https:\/\/api.w.org\/{rel}","templated":true}]}}