{"id":278033,"date":"2024-11-21T00:00:00","date_gmt":"2024-11-20T23:00:00","guid":{"rendered":"https:\/\/wpguerssen-test.odoo.rgbconsulting.com\/product\/the-bbc-sessions-2004-2009\/"},"modified":"2025-04-10T16:43:49","modified_gmt":"2025-04-10T14:43:49","slug":"the-bbc-sessions-2004-2009","status":"publish","type":"product","link":"https:\/\/wpguerssen-test.odoo.rgbconsulting.com\/es\/producto\/the-bbc-sessions-2004-2009\/","title":{"rendered":"The BBC Sessions 2004-2009"},"content":{"rendered":"<p>Sesiones obligatorias de la BBC de la \u00fanica hero\u00edna del soul contempor\u00e1nea. En su tr\u00e1gicamente corta carrera, Amy Winehouse grab\u00f3 muchas sesiones para la BBC.  Recopiladas de actuaciones en festivales y grabaciones espec\u00edficas para televisi\u00f3n y radio que datan de 2004 a 2009, estas joyas tambi\u00e9n demuestran que la voz de Winehouse no decay\u00f3 gradualmente, incluso cuando las adicciones estaban tomando el control de su vida y pasando factura a su fr\u00e1gil cuerpo.<br \/>TRACKLIST:<br \/>A1 Know You Now 3:55 (2004) A2 Fuck Me Pumps 3:42 (2004) A3 October Song 3:42 (2004) A4 Rehab 3:58 (2006) A5 You Know I&#8217;m No Good 3:27 (2007) B1 Just Friends 3:17 (2009) B2 Love Is A Losing Game 2:50 (2009) B3 Tears Dry On Their Own 3:11 (2007) B4 I Should Care 3:39 (2004) B5 Valerie 3:51 (2007)<\/p>\n","protected":false},"excerpt":{"rendered":"<p>Sesiones obligatorias de la BBC de la \u00fanica hero\u00edna del soul contempor\u00e1nea. En su tr\u00e1gicamente corta carrera, Amy Winehouse grab\u00f3 muchas sesiones para la BBC.<a class=\"read\" href=\"https:\/\/wpguerssen-test.odoo.rgbconsulting.com\/es\/producto\/the-bbc-sessions-2004-2009\/\"> (...)<\/a>","protected":false},"featured_media":278018,"template":"","meta":{"_acf_changed":false},"product_brand":[],"product_cat":[21649],"product_tag":[],"class_list":{"0":"post-278033","1":"product","2":"type-product","3":"status-publish","4":"has-post-thumbnail","6":"product_cat-soul-rnb-es","7":"pa_artist-winehouse-amy-es","8":"pa_format-lp-es","9":"pa_gender-soul-rnb","10":"pa_label-radio-broadcast","11":"pa_location-uk-ireland-es","12":"pa_other-filters-vinyl-only-es","14":"first","15":"instock","16":"taxable","17":"shipping-taxable","18":"purchasable","19":"product-type-simple"},"acf":[],"yoast_head":"<!-- This site is optimized with the Yoast SEO plugin v24.9 - https:\/\/yoast.com\/wordpress\/plugins\/seo\/ -->\n<title>WINEHOUSE, Amy - The BBC Sessions 2004-2009 -  (LP) | Guerssen<\/title>\n<meta name=\"description\" content=\"Mandatory BBC Sessions from the one and only contemporary soul heroine. In her tragically short career, Amy Winehouse recorded many sessions for the BBC. Compiled from performances at festivals and recordings specifically for TV and radio dating from 2004 to 2009, these gems also prove that Winehouse&#039;s voice did not decline gradually, even as addictions were taking control of her life and taking their toll on her fragile body.TRACKLIST:A1 Know You Now 3:55 (2004) A2 Fuck Me Pumps 3:42 (2004) A3 October Song 3:42 (2004) A4 Rehab 3:58 (2006) A5 You Know I&#039;m No Good 3:27 (2007) B1 Just Friends 3:17 (2009) B2 Love Is A Losing Game 2:50 (2009) B3 Tears Dry On Their Own 3:11 (2007) B4 I Should Care 3:39 (2004) B5 Valerie 3:51 (2007)\" \/>\n<meta name=\"robots\" content=\"index, follow, max-snippet:-1, max-image-preview:large, max-video-preview:-1\" \/>\n<link rel=\"canonical\" href=\"https:\/\/wpguerssen-test.odoo.rgbconsulting.com\/es\/producto\/the-bbc-sessions-2004-2009\/\" \/>\n<meta property=\"og:locale\" content=\"es_ES\" \/>\n<meta property=\"og:type\" content=\"article\" \/>\n<meta property=\"og:title\" content=\"WINEHOUSE, Amy - The BBC Sessions 2004-2009 -  (LP) | Guerssen\" \/>\n<meta property=\"og:description\" content=\"Mandatory BBC Sessions from the one and only contemporary soul heroine. In her tragically short career, Amy Winehouse recorded many sessions for the BBC. Compiled from performances at festivals and recordings specifically for TV and radio dating from 2004 to 2009, these gems also prove that Winehouse&#039;s voice did not decline gradually, even as addictions were taking control of her life and taking their toll on her fragile body.TRACKLIST:A1 Know You Now 3:55 (2004) A2 Fuck Me Pumps 3:42 (2004) A3 October Song 3:42 (2004) A4 Rehab 3:58 (2006) A5 You Know I&#039;m No Good 3:27 (2007) B1 Just Friends 3:17 (2009) B2 Love Is A Losing Game 2:50 (2009) B3 Tears Dry On Their Own 3:11 (2007) B4 I Should Care 3:39 (2004) B5 Valerie 3:51 (2007)\" \/>\n<meta property=\"og:url\" content=\"https:\/\/wpguerssen-test.odoo.rgbconsulting.com\/es\/producto\/the-bbc-sessions-2004-2009\/\" \/>\n<meta property=\"og:site_name\" content=\"Guerssen records\" \/>\n<meta property=\"article:modified_time\" content=\"2025-04-10T14:43:49+00:00\" \/>\n<meta property=\"og:image\" content=\"https:\/\/wpguerssen-test.odoo.rgbconsulting.com\/wp-content\/uploads\/2024\/10\/49127.jpg\" \/>\n\t<meta property=\"og:image:width\" content=\"1322\" \/>\n\t<meta property=\"og:image:height\" content=\"1308\" \/>\n\t<meta property=\"og:image:type\" content=\"image\/png\" \/>\n<meta name=\"twitter:card\" content=\"summary_large_image\" \/>\n<meta name=\"twitter:title\" content=\"WINEHOUSE, Amy - The BBC Sessions 2004-2009 -  (LP) | Guerssen\" \/>\n<meta name=\"twitter:label1\" content=\"Tiempo de lectura\" \/>\n\t<meta name=\"twitter:data1\" content=\"1 minuto\" \/>\n<script type=\"application\/ld+json\" class=\"yoast-schema-graph\">{\"@context\":\"https:\/\/schema.org\",\"@graph\":[{\"@type\":\"WebPage\",\"@id\":\"https:\/\/wpguerssen-test.odoo.rgbconsulting.com\/es\/producto\/the-bbc-sessions-2004-2009\/\",\"url\":\"https:\/\/wpguerssen-test.odoo.rgbconsulting.com\/es\/producto\/the-bbc-sessions-2004-2009\/\",\"name\":\"WINEHOUSE, Amy - The BBC Sessions 2004-2009 - (LP) | Guerssen\",\"isPartOf\":{\"@id\":\"https:\/\/wpguerssen-test.odoo.rgbconsulting.com\/es\/#website\"},\"primaryImageOfPage\":{\"@id\":\"https:\/\/wpguerssen-test.odoo.rgbconsulting.com\/es\/producto\/the-bbc-sessions-2004-2009\/#primaryimage\"},\"image\":{\"@id\":\"https:\/\/wpguerssen-test.odoo.rgbconsulting.com\/es\/producto\/the-bbc-sessions-2004-2009\/#primaryimage\"},\"thumbnailUrl\":\"https:\/\/wpguerssen-test.odoo.rgbconsulting.com\/wp-content\/uploads\/2024\/10\/49127.jpg\",\"datePublished\":\"2024-11-20T23:00:00+00:00\",\"dateModified\":\"2025-04-10T14:43:49+00:00\",\"description\":\"Mandatory BBC Sessions from the one and only contemporary soul heroine. In her tragically short career, Amy Winehouse recorded many sessions for the BBC. Compiled from performances at festivals and recordings specifically for TV and radio dating from 2004 to 2009, these gems also prove that Winehouse's voice did not decline gradually, even as addictions were taking control of her life and taking their toll on her fragile body.TRACKLIST:A1 Know You Now 3:55 (2004) A2 Fuck Me Pumps 3:42 (2004) A3 October Song 3:42 (2004) A4 Rehab 3:58 (2006) A5 You Know I'm No Good 3:27 (2007) B1 Just Friends 3:17 (2009) B2 Love Is A Losing Game 2:50 (2009) B3 Tears Dry On Their Own 3:11 (2007) B4 I Should Care 3:39 (2004) B5 Valerie 3:51 (2007)\",\"breadcrumb\":{\"@id\":\"https:\/\/wpguerssen-test.odoo.rgbconsulting.com\/es\/producto\/the-bbc-sessions-2004-2009\/#breadcrumb\"},\"inLanguage\":\"es\",\"potentialAction\":[{\"@type\":\"ReadAction\",\"target\":[\"https:\/\/wpguerssen-test.odoo.rgbconsulting.com\/es\/producto\/the-bbc-sessions-2004-2009\/\"]}]},{\"@type\":\"ImageObject\",\"inLanguage\":\"es\",\"@id\":\"https:\/\/wpguerssen-test.odoo.rgbconsulting.com\/es\/producto\/the-bbc-sessions-2004-2009\/#primaryimage\",\"url\":\"https:\/\/wpguerssen-test.odoo.rgbconsulting.com\/wp-content\/uploads\/2024\/10\/49127.jpg\",\"contentUrl\":\"https:\/\/wpguerssen-test.odoo.rgbconsulting.com\/wp-content\/uploads\/2024\/10\/49127.jpg\",\"width\":1322,\"height\":1308,\"caption\":\"Amy - The BBC Sessions 2004-2009 - RADIO BROADCAST (LP) | Guerssen\"},{\"@type\":\"BreadcrumbList\",\"@id\":\"https:\/\/wpguerssen-test.odoo.rgbconsulting.com\/es\/producto\/the-bbc-sessions-2004-2009\/#breadcrumb\",\"itemListElement\":[{\"@type\":\"ListItem\",\"position\":1,\"name\":\"Inicio\",\"item\":\"https:\/\/wpguerssen-test.odoo.rgbconsulting.com\/es\/\"},{\"@type\":\"ListItem\",\"position\":2,\"name\":\"Shop\",\"item\":\"https:\/\/wpguerssen-test.odoo.rgbconsulting.com\/shop\/\"},{\"@type\":\"ListItem\",\"position\":3,\"name\":\"The BBC Sessions 2004-2009\"}]},{\"@type\":\"WebSite\",\"@id\":\"https:\/\/wpguerssen-test.odoo.rgbconsulting.com\/es\/#website\",\"url\":\"https:\/\/wpguerssen-test.odoo.rgbconsulting.com\/es\/\",\"name\":\"Guerssen records\",\"description\":\"psychedelia - progressive - folk - garage \",\"publisher\":{\"@id\":\"https:\/\/wpguerssen-test.odoo.rgbconsulting.com\/es\/#organization\"},\"potentialAction\":[{\"@type\":\"SearchAction\",\"target\":{\"@type\":\"EntryPoint\",\"urlTemplate\":\"https:\/\/wpguerssen-test.odoo.rgbconsulting.com\/es\/?s={search_term_string}\"},\"query-input\":{\"@type\":\"PropertyValueSpecification\",\"valueRequired\":true,\"valueName\":\"search_term_string\"}}],\"inLanguage\":\"es\"},{\"@type\":\"Organization\",\"@id\":\"https:\/\/wpguerssen-test.odoo.rgbconsulting.com\/es\/#organization\",\"name\":\"Guerssen records\",\"url\":\"https:\/\/wpguerssen-test.odoo.rgbconsulting.com\/es\/\",\"logo\":{\"@type\":\"ImageObject\",\"inLanguage\":\"es\",\"@id\":\"https:\/\/wpguerssen-test.odoo.rgbconsulting.com\/es\/#\/schema\/logo\/image\/\",\"url\":\"https:\/\/wpguerssen-test.odoo.rgbconsulting.com\/wp-content\/uploads\/2022\/04\/Logo_Guerssen_trans_100.png\",\"contentUrl\":\"https:\/\/wpguerssen-test.odoo.rgbconsulting.com\/wp-content\/uploads\/2022\/04\/Logo_Guerssen_trans_100.png\",\"width\":122,\"height\":100,\"caption\":\"Guerssen records\"},\"image\":{\"@id\":\"https:\/\/wpguerssen-test.odoo.rgbconsulting.com\/es\/#\/schema\/logo\/image\/\"}}]}<\/script>\n<!-- \/ Yoast SEO plugin. -->","yoast_head_json":{"title":"WINEHOUSE, Amy - The BBC Sessions 2004-2009 -  (LP) | Guerssen","description":"Mandatory BBC Sessions from the one and only contemporary soul heroine. In her tragically short career, Amy Winehouse recorded many sessions for the BBC. Compiled from performances at festivals and recordings specifically for TV and radio dating from 2004 to 2009, these gems also prove that Winehouse's voice did not decline gradually, even as addictions were taking control of her life and taking their toll on her fragile body.TRACKLIST:A1 Know You Now 3:55 (2004) A2 Fuck Me Pumps 3:42 (2004) A3 October Song 3:42 (2004) A4 Rehab 3:58 (2006) A5 You Know I'm No Good 3:27 (2007) B1 Just Friends 3:17 (2009) B2 Love Is A Losing Game 2:50 (2009) B3 Tears Dry On Their Own 3:11 (2007) B4 I Should Care 3:39 (2004) B5 Valerie 3:51 (2007)","robots":{"index":"index","follow":"follow","max-snippet":"max-snippet:-1","max-image-preview":"max-image-preview:large","max-video-preview":"max-video-preview:-1"},"canonical":"https:\/\/wpguerssen-test.odoo.rgbconsulting.com\/es\/producto\/the-bbc-sessions-2004-2009\/","og_locale":"es_ES","og_type":"article","og_title":"WINEHOUSE, Amy - The BBC Sessions 2004-2009 -  (LP) | Guerssen","og_description":"Mandatory BBC Sessions from the one and only contemporary soul heroine. In her tragically short career, Amy Winehouse recorded many sessions for the BBC. Compiled from performances at festivals and recordings specifically for TV and radio dating from 2004 to 2009, these gems also prove that Winehouse's voice did not decline gradually, even as addictions were taking control of her life and taking their toll on her fragile body.TRACKLIST:A1 Know You Now 3:55 (2004) A2 Fuck Me Pumps 3:42 (2004) A3 October Song 3:42 (2004) A4 Rehab 3:58 (2006) A5 You Know I'm No Good 3:27 (2007) B1 Just Friends 3:17 (2009) B2 Love Is A Losing Game 2:50 (2009) B3 Tears Dry On Their Own 3:11 (2007) B4 I Should Care 3:39 (2004) B5 Valerie 3:51 (2007)","og_url":"https:\/\/wpguerssen-test.odoo.rgbconsulting.com\/es\/producto\/the-bbc-sessions-2004-2009\/","og_site_name":"Guerssen records","article_modified_time":"2025-04-10T14:43:49+00:00","og_image":[{"width":1322,"height":1308,"url":"https:\/\/wpguerssen-test.odoo.rgbconsulting.com\/wp-content\/uploads\/2024\/10\/49127.jpg","type":"image\/png"}],"twitter_card":"summary_large_image","twitter_title":"WINEHOUSE, Amy - The BBC Sessions 2004-2009 -  (LP) | Guerssen","twitter_misc":{"Tiempo de lectura":"1 minuto"},"schema":{"@context":"https:\/\/schema.org","@graph":[{"@type":"WebPage","@id":"https:\/\/wpguerssen-test.odoo.rgbconsulting.com\/es\/producto\/the-bbc-sessions-2004-2009\/","url":"https:\/\/wpguerssen-test.odoo.rgbconsulting.com\/es\/producto\/the-bbc-sessions-2004-2009\/","name":"WINEHOUSE, Amy - The BBC Sessions 2004-2009 - (LP) | Guerssen","isPartOf":{"@id":"https:\/\/wpguerssen-test.odoo.rgbconsulting.com\/es\/#website"},"primaryImageOfPage":{"@id":"https:\/\/wpguerssen-test.odoo.rgbconsulting.com\/es\/producto\/the-bbc-sessions-2004-2009\/#primaryimage"},"image":{"@id":"https:\/\/wpguerssen-test.odoo.rgbconsulting.com\/es\/producto\/the-bbc-sessions-2004-2009\/#primaryimage"},"thumbnailUrl":"https:\/\/wpguerssen-test.odoo.rgbconsulting.com\/wp-content\/uploads\/2024\/10\/49127.jpg","datePublished":"2024-11-20T23:00:00+00:00","dateModified":"2025-04-10T14:43:49+00:00","description":"Mandatory BBC Sessions from the one and only contemporary soul heroine. In her tragically short career, Amy Winehouse recorded many sessions for the BBC. Compiled from performances at festivals and recordings specifically for TV and radio dating from 2004 to 2009, these gems also prove that Winehouse's voice did not decline gradually, even as addictions were taking control of her life and taking their toll on her fragile body.TRACKLIST:A1 Know You Now 3:55 (2004) A2 Fuck Me Pumps 3:42 (2004) A3 October Song 3:42 (2004) A4 Rehab 3:58 (2006) A5 You Know I'm No Good 3:27 (2007) B1 Just Friends 3:17 (2009) B2 Love Is A Losing Game 2:50 (2009) B3 Tears Dry On Their Own 3:11 (2007) B4 I Should Care 3:39 (2004) B5 Valerie 3:51 (2007)","breadcrumb":{"@id":"https:\/\/wpguerssen-test.odoo.rgbconsulting.com\/es\/producto\/the-bbc-sessions-2004-2009\/#breadcrumb"},"inLanguage":"es","potentialAction":[{"@type":"ReadAction","target":["https:\/\/wpguerssen-test.odoo.rgbconsulting.com\/es\/producto\/the-bbc-sessions-2004-2009\/"]}]},{"@type":"ImageObject","inLanguage":"es","@id":"https:\/\/wpguerssen-test.odoo.rgbconsulting.com\/es\/producto\/the-bbc-sessions-2004-2009\/#primaryimage","url":"https:\/\/wpguerssen-test.odoo.rgbconsulting.com\/wp-content\/uploads\/2024\/10\/49127.jpg","contentUrl":"https:\/\/wpguerssen-test.odoo.rgbconsulting.com\/wp-content\/uploads\/2024\/10\/49127.jpg","width":1322,"height":1308,"caption":"Amy - The BBC Sessions 2004-2009 - RADIO BROADCAST (LP) | Guerssen"},{"@type":"BreadcrumbList","@id":"https:\/\/wpguerssen-test.odoo.rgbconsulting.com\/es\/producto\/the-bbc-sessions-2004-2009\/#breadcrumb","itemListElement":[{"@type":"ListItem","position":1,"name":"Inicio","item":"https:\/\/wpguerssen-test.odoo.rgbconsulting.com\/es\/"},{"@type":"ListItem","position":2,"name":"Shop","item":"https:\/\/wpguerssen-test.odoo.rgbconsulting.com\/shop\/"},{"@type":"ListItem","position":3,"name":"The BBC Sessions 2004-2009"}]},{"@type":"WebSite","@id":"https:\/\/wpguerssen-test.odoo.rgbconsulting.com\/es\/#website","url":"https:\/\/wpguerssen-test.odoo.rgbconsulting.com\/es\/","name":"Guerssen records","description":"psychedelia - progressive - folk - garage ","publisher":{"@id":"https:\/\/wpguerssen-test.odoo.rgbconsulting.com\/es\/#organization"},"potentialAction":[{"@type":"SearchAction","target":{"@type":"EntryPoint","urlTemplate":"https:\/\/wpguerssen-test.odoo.rgbconsulting.com\/es\/?s={search_term_string}"},"query-input":{"@type":"PropertyValueSpecification","valueRequired":true,"valueName":"search_term_string"}}],"inLanguage":"es"},{"@type":"Organization","@id":"https:\/\/wpguerssen-test.odoo.rgbconsulting.com\/es\/#organization","name":"Guerssen records","url":"https:\/\/wpguerssen-test.odoo.rgbconsulting.com\/es\/","logo":{"@type":"ImageObject","inLanguage":"es","@id":"https:\/\/wpguerssen-test.odoo.rgbconsulting.com\/es\/#\/schema\/logo\/image\/","url":"https:\/\/wpguerssen-test.odoo.rgbconsulting.com\/wp-content\/uploads\/2022\/04\/Logo_Guerssen_trans_100.png","contentUrl":"https:\/\/wpguerssen-test.odoo.rgbconsulting.com\/wp-content\/uploads\/2022\/04\/Logo_Guerssen_trans_100.png","width":122,"height":100,"caption":"Guerssen records"},"image":{"@id":"https:\/\/wpguerssen-test.odoo.rgbconsulting.com\/es\/#\/schema\/logo\/image\/"}}]}},"_links":{"self":[{"href":"https:\/\/wpguerssen-test.odoo.rgbconsulting.com\/es\/wp-json\/wp\/v2\/product\/278033","targetHints":{"allow":["GET"]}}],"collection":[{"href":"https:\/\/wpguerssen-test.odoo.rgbconsulting.com\/es\/wp-json\/wp\/v2\/product"}],"about":[{"href":"https:\/\/wpguerssen-test.odoo.rgbconsulting.com\/es\/wp-json\/wp\/v2\/types\/product"}],"wp:featuredmedia":[{"embeddable":true,"href":"https:\/\/wpguerssen-test.odoo.rgbconsulting.com\/es\/wp-json\/wp\/v2\/media\/278018"}],"wp:attachment":[{"href":"https:\/\/wpguerssen-test.odoo.rgbconsulting.com\/es\/wp-json\/wp\/v2\/media?parent=278033"}],"wp:term":[{"taxonomy":"product_brand","embeddable":true,"href":"https:\/\/wpguerssen-test.odoo.rgbconsulting.com\/es\/wp-json\/wp\/v2\/product_brand?post=278033"},{"taxonomy":"product_cat","embeddable":true,"href":"https:\/\/wpguerssen-test.odoo.rgbconsulting.com\/es\/wp-json\/wp\/v2\/product_cat?post=278033"},{"taxonomy":"product_tag","embeddable":true,"href":"https:\/\/wpguerssen-test.odoo.rgbconsulting.com\/es\/wp-json\/wp\/v2\/product_tag?post=278033"}],"curies":[{"name":"wp","href":"https:\/\/api.w.org\/{rel}","templated":true}]}}