{"id":278094,"date":"2025-01-21T00:00:00","date_gmt":"2025-01-20T23:00:00","guid":{"rendered":"https:\/\/wpguerssen-test.odoo.rgbconsulting.com\/product\/the-astrud-gilberto-album-limited-edition\/"},"modified":"2025-04-14T16:21:20","modified_gmt":"2025-04-14T14:21:20","slug":"the-astrud-gilberto-album-limited-edition","status":"publish","type":"product","link":"https:\/\/wpguerssen-test.odoo.rgbconsulting.com\/es\/producto\/the-astrud-gilberto-album-limited-edition\/","title":{"rendered":"The Astrud Gilberto Album (Limited Edition)"},"content":{"rendered":"<p>Astrud Gilberto se convirti\u00f3 en un \u00e9xito accidental cuando su fr\u00e1gil dominio del ingl\u00e9s la convirti\u00f3 en la elecci\u00f3n de facto para cantar \u00abLa chica de Ipanema\u00bb en una sesi\u00f3n dirigida por Stan Getz y su marido, Jo\u00e3o Gilberto. Por supuesto, a pesar de su abrumador \u00e9xito, no estaba claro que pudiera sostener una carrera cuando grab\u00f3 su primer LP en solitario, The Astrud Gilberto Album. Hab\u00eda sonado m\u00e1s como una novedad amateur que como una profesional de la grabaci\u00f3n, su voz era dulce pero fr\u00e1gil, y el \u00e1lbum de Getz\/Gilberto hab\u00eda presentado dos voces fuertes, con la propia Gilberto como una idea de \u00faltimo momento (aunque una idea de \u00faltimo momento comercialmente efectiva). Pero The Astrud Gilberto Album fue al menos tan bueno como Getz\/Gilberto (a pesar de lo que digan los fan\u00e1ticos del jazz), por varias razones. El repertorio brasile\u00f1o se adapta particularmente bien a vocalistas tradicionalmente d\u00e9biles, su voz era a\u00fan m\u00e1s dulce de lo que se hab\u00eda escuchado anteriormente y, como antes, el disco cont\u00f3 con dos l\u00edderes fuertes: el arreglista Marty Paich y el incomparable Antonio Carlos Jobim. Las cuerdas de Paich cubrieron positivamente el \u00e1lbum con resplandor, y sus elecciones para las voces instrumentales principales (la flauta de Bud Shank, el piano de Jo\u00e3o Donato, la guitarra de Jobim) complementaron su voz a la perfecci\u00f3n. Gilberto sonaba hermoso en una variedad de materiales, desde el sentimental \u00abDindi\u00bb hasta el juguet\u00f3n \u00abAgua de Beber\u00bb, y mientras m\u00fasicos inteligentes aprovecharan sus puntos fuertes (como lo hacen aqu\u00ed), los resultados fueron espl\u00e9ndidos. Juan Bush<\/p>\n","protected":false},"excerpt":{"rendered":"<p>Astrud Gilberto se convirti\u00f3 en un \u00e9xito accidental cuando su fr\u00e1gil dominio del ingl\u00e9s la convirti\u00f3 en la elecci\u00f3n de facto para cantar \u00abLa chica de Ipanema\u00bb<a class=\"read\" href=\"https:\/\/wpguerssen-test.odoo.rgbconsulting.com\/es\/producto\/the-astrud-gilberto-album-limited-edition\/\"> (...)<\/a>","protected":false},"featured_media":278078,"template":"","meta":{"_acf_changed":false},"product_brand":[],"product_cat":[23231],"product_tag":[24185],"class_list":{"0":"post-278094","1":"product","2":"type-product","3":"status-publish","4":"has-post-thumbnail","6":"product_cat-latin-brazilian-es","7":"product_tag-de-nuevo-en-existencia","8":"pa_artist-gilberto-astrud-es","9":"pa_format-lp-es","10":"pa_gender-latin-brazilian","11":"pa_label-elemental-music","12":"pa_location-south-america-caribbean-es","13":"pa_other-filters-vinyl-only-es","15":"first","16":"instock","17":"taxable","18":"shipping-taxable","19":"purchasable","20":"product-type-simple"},"acf":[],"yoast_head":"<!-- This site is optimized with the Yoast SEO plugin v24.9 - https:\/\/yoast.com\/wordpress\/plugins\/seo\/ -->\n<title>GILBERTO, Astrud - The Astrud Gilberto Album (Limited Edition) -  (LP) | Guerssen<\/title>\n<meta name=\"description\" content=\"Astrud Gilberto became an accidental success when her fragile command of English made her the de facto choice to sing &quot;The Girl from Ipanema&quot; at a session led by Stan Getz and her husband, Jo\u00e3o Gilberto. Of course, despite its overwhelming success, it wasn&#039;t clear that she could sustain a career when she recorded her first solo LP, The Astrud Gilberto Album. She had sounded more like an amateurish novelty act than a recording professional, her voice was sweet but fragile, and the Getz\/Gilberto album had featured two strong voices, with Gilberto herself an afterthought (albeit a commercially effective afterthought). But The Astrud Gilberto Album was at least as good as Getz\/Gilberto (despite what jazz fans say), for several reasons. The Brazilian repertoire plays particularly well to traditionally weak vocalists, her voice was yet more sweet than had been heard previously, and as before, the record featured two strong leaders -- arranger Marty Paich and the incomparable Antonio Carlos Jobim. Paich&#039;s strings positively coated the album with radiance, and his choices for lead instrumental voices -- Bud Shank&#039;s flute, Jo\u00e3o Donato&#039;s piano, Jobim&#039;s guitar -- complemented her vocals perfectly. Gilberto sounded beautiful on a range of material, from the sentimental &quot;Dindi&quot; to the playful &quot;Agua de Beber,&quot; and as long as intelligent musicians were playing to her strengths (as they do here), the results were splendid. John Bush\" \/>\n<meta name=\"robots\" content=\"index, follow, max-snippet:-1, max-image-preview:large, max-video-preview:-1\" \/>\n<link rel=\"canonical\" href=\"https:\/\/wpguerssen-test.odoo.rgbconsulting.com\/es\/producto\/the-astrud-gilberto-album-limited-edition\/\" \/>\n<meta property=\"og:locale\" content=\"es_ES\" \/>\n<meta property=\"og:type\" content=\"article\" \/>\n<meta property=\"og:title\" content=\"GILBERTO, Astrud - The Astrud Gilberto Album (Limited Edition) -  (LP) | Guerssen\" \/>\n<meta property=\"og:description\" content=\"Astrud Gilberto became an accidental success when her fragile command of English made her the de facto choice to sing &quot;The Girl from Ipanema&quot; at a session led by Stan Getz and her husband, Jo\u00e3o Gilberto. Of course, despite its overwhelming success, it wasn&#039;t clear that she could sustain a career when she recorded her first solo LP, The Astrud Gilberto Album. She had sounded more like an amateurish novelty act than a recording professional, her voice was sweet but fragile, and the Getz\/Gilberto album had featured two strong voices, with Gilberto herself an afterthought (albeit a commercially effective afterthought). But The Astrud Gilberto Album was at least as good as Getz\/Gilberto (despite what jazz fans say), for several reasons. The Brazilian repertoire plays particularly well to traditionally weak vocalists, her voice was yet more sweet than had been heard previously, and as before, the record featured two strong leaders -- arranger Marty Paich and the incomparable Antonio Carlos Jobim. Paich&#039;s strings positively coated the album with radiance, and his choices for lead instrumental voices -- Bud Shank&#039;s flute, Jo\u00e3o Donato&#039;s piano, Jobim&#039;s guitar -- complemented her vocals perfectly. Gilberto sounded beautiful on a range of material, from the sentimental &quot;Dindi&quot; to the playful &quot;Agua de Beber,&quot; and as long as intelligent musicians were playing to her strengths (as they do here), the results were splendid. John Bush\" \/>\n<meta property=\"og:url\" content=\"https:\/\/wpguerssen-test.odoo.rgbconsulting.com\/es\/producto\/the-astrud-gilberto-album-limited-edition\/\" \/>\n<meta property=\"og:site_name\" content=\"Guerssen records\" \/>\n<meta property=\"article:modified_time\" content=\"2025-04-14T14:21:20+00:00\" \/>\n<meta property=\"og:image\" content=\"https:\/\/wpguerssen-test.odoo.rgbconsulting.com\/wp-content\/uploads\/2024\/11\/49131.jpg\" \/>\n\t<meta property=\"og:image:width\" content=\"306\" \/>\n\t<meta property=\"og:image:height\" content=\"306\" \/>\n\t<meta property=\"og:image:type\" content=\"image\/jpeg\" \/>\n<meta name=\"twitter:card\" content=\"summary_large_image\" \/>\n<meta name=\"twitter:title\" content=\"GILBERTO, Astrud - The Astrud Gilberto Album (Limited Edition) -  (LP) | Guerssen\" \/>\n<meta name=\"twitter:label1\" content=\"Tiempo de lectura\" \/>\n\t<meta name=\"twitter:data1\" content=\"1 minuto\" \/>\n<script type=\"application\/ld+json\" class=\"yoast-schema-graph\">{\"@context\":\"https:\/\/schema.org\",\"@graph\":[{\"@type\":\"WebPage\",\"@id\":\"https:\/\/wpguerssen-test.odoo.rgbconsulting.com\/es\/producto\/the-astrud-gilberto-album-limited-edition\/\",\"url\":\"https:\/\/wpguerssen-test.odoo.rgbconsulting.com\/es\/producto\/the-astrud-gilberto-album-limited-edition\/\",\"name\":\"GILBERTO, Astrud - The Astrud Gilberto Album (Limited Edition) - (LP) | Guerssen\",\"isPartOf\":{\"@id\":\"https:\/\/wpguerssen-test.odoo.rgbconsulting.com\/es\/#website\"},\"primaryImageOfPage\":{\"@id\":\"https:\/\/wpguerssen-test.odoo.rgbconsulting.com\/es\/producto\/the-astrud-gilberto-album-limited-edition\/#primaryimage\"},\"image\":{\"@id\":\"https:\/\/wpguerssen-test.odoo.rgbconsulting.com\/es\/producto\/the-astrud-gilberto-album-limited-edition\/#primaryimage\"},\"thumbnailUrl\":\"https:\/\/wpguerssen-test.odoo.rgbconsulting.com\/wp-content\/uploads\/2024\/11\/49131.jpg\",\"datePublished\":\"2025-01-20T23:00:00+00:00\",\"dateModified\":\"2025-04-14T14:21:20+00:00\",\"description\":\"Astrud Gilberto became an accidental success when her fragile command of English made her the de facto choice to sing \\\"The Girl from Ipanema\\\" at a session led by Stan Getz and her husband, Jo\u00e3o Gilberto. Of course, despite its overwhelming success, it wasn't clear that she could sustain a career when she recorded her first solo LP, The Astrud Gilberto Album. She had sounded more like an amateurish novelty act than a recording professional, her voice was sweet but fragile, and the Getz\/Gilberto album had featured two strong voices, with Gilberto herself an afterthought (albeit a commercially effective afterthought). But The Astrud Gilberto Album was at least as good as Getz\/Gilberto (despite what jazz fans say), for several reasons. The Brazilian repertoire plays particularly well to traditionally weak vocalists, her voice was yet more sweet than had been heard previously, and as before, the record featured two strong leaders -- arranger Marty Paich and the incomparable Antonio Carlos Jobim. Paich's strings positively coated the album with radiance, and his choices for lead instrumental voices -- Bud Shank's flute, Jo\u00e3o Donato's piano, Jobim's guitar -- complemented her vocals perfectly. Gilberto sounded beautiful on a range of material, from the sentimental \\\"Dindi\\\" to the playful \\\"Agua de Beber,\\\" and as long as intelligent musicians were playing to her strengths (as they do here), the results were splendid. John Bush\",\"breadcrumb\":{\"@id\":\"https:\/\/wpguerssen-test.odoo.rgbconsulting.com\/es\/producto\/the-astrud-gilberto-album-limited-edition\/#breadcrumb\"},\"inLanguage\":\"es\",\"potentialAction\":[{\"@type\":\"ReadAction\",\"target\":[\"https:\/\/wpguerssen-test.odoo.rgbconsulting.com\/es\/producto\/the-astrud-gilberto-album-limited-edition\/\"]}]},{\"@type\":\"ImageObject\",\"inLanguage\":\"es\",\"@id\":\"https:\/\/wpguerssen-test.odoo.rgbconsulting.com\/es\/producto\/the-astrud-gilberto-album-limited-edition\/#primaryimage\",\"url\":\"https:\/\/wpguerssen-test.odoo.rgbconsulting.com\/wp-content\/uploads\/2024\/11\/49131.jpg\",\"contentUrl\":\"https:\/\/wpguerssen-test.odoo.rgbconsulting.com\/wp-content\/uploads\/2024\/11\/49131.jpg\",\"width\":306,\"height\":306,\"caption\":\"Astrud - The Astrud Gilberto Album (Limited Edition) - ELEMENTAL MUSIC (LP) | Guerssen\"},{\"@type\":\"BreadcrumbList\",\"@id\":\"https:\/\/wpguerssen-test.odoo.rgbconsulting.com\/es\/producto\/the-astrud-gilberto-album-limited-edition\/#breadcrumb\",\"itemListElement\":[{\"@type\":\"ListItem\",\"position\":1,\"name\":\"Inicio\",\"item\":\"https:\/\/wpguerssen-test.odoo.rgbconsulting.com\/es\/\"},{\"@type\":\"ListItem\",\"position\":2,\"name\":\"Shop\",\"item\":\"https:\/\/wpguerssen-test.odoo.rgbconsulting.com\/shop\/\"},{\"@type\":\"ListItem\",\"position\":3,\"name\":\"The Astrud Gilberto Album (Limited Edition)\"}]},{\"@type\":\"WebSite\",\"@id\":\"https:\/\/wpguerssen-test.odoo.rgbconsulting.com\/es\/#website\",\"url\":\"https:\/\/wpguerssen-test.odoo.rgbconsulting.com\/es\/\",\"name\":\"Guerssen records\",\"description\":\"psychedelia - progressive - folk - garage \",\"publisher\":{\"@id\":\"https:\/\/wpguerssen-test.odoo.rgbconsulting.com\/es\/#organization\"},\"potentialAction\":[{\"@type\":\"SearchAction\",\"target\":{\"@type\":\"EntryPoint\",\"urlTemplate\":\"https:\/\/wpguerssen-test.odoo.rgbconsulting.com\/es\/?s={search_term_string}\"},\"query-input\":{\"@type\":\"PropertyValueSpecification\",\"valueRequired\":true,\"valueName\":\"search_term_string\"}}],\"inLanguage\":\"es\"},{\"@type\":\"Organization\",\"@id\":\"https:\/\/wpguerssen-test.odoo.rgbconsulting.com\/es\/#organization\",\"name\":\"Guerssen records\",\"url\":\"https:\/\/wpguerssen-test.odoo.rgbconsulting.com\/es\/\",\"logo\":{\"@type\":\"ImageObject\",\"inLanguage\":\"es\",\"@id\":\"https:\/\/wpguerssen-test.odoo.rgbconsulting.com\/es\/#\/schema\/logo\/image\/\",\"url\":\"https:\/\/wpguerssen-test.odoo.rgbconsulting.com\/wp-content\/uploads\/2022\/04\/Logo_Guerssen_trans_100.png\",\"contentUrl\":\"https:\/\/wpguerssen-test.odoo.rgbconsulting.com\/wp-content\/uploads\/2022\/04\/Logo_Guerssen_trans_100.png\",\"width\":122,\"height\":100,\"caption\":\"Guerssen records\"},\"image\":{\"@id\":\"https:\/\/wpguerssen-test.odoo.rgbconsulting.com\/es\/#\/schema\/logo\/image\/\"}}]}<\/script>\n<!-- \/ Yoast SEO plugin. -->","yoast_head_json":{"title":"GILBERTO, Astrud - The Astrud Gilberto Album (Limited Edition) -  (LP) | Guerssen","description":"Astrud Gilberto became an accidental success when her fragile command of English made her the de facto choice to sing \"The Girl from Ipanema\" at a session led by Stan Getz and her husband, Jo\u00e3o Gilberto. Of course, despite its overwhelming success, it wasn't clear that she could sustain a career when she recorded her first solo LP, The Astrud Gilberto Album. She had sounded more like an amateurish novelty act than a recording professional, her voice was sweet but fragile, and the Getz\/Gilberto album had featured two strong voices, with Gilberto herself an afterthought (albeit a commercially effective afterthought). But The Astrud Gilberto Album was at least as good as Getz\/Gilberto (despite what jazz fans say), for several reasons. The Brazilian repertoire plays particularly well to traditionally weak vocalists, her voice was yet more sweet than had been heard previously, and as before, the record featured two strong leaders -- arranger Marty Paich and the incomparable Antonio Carlos Jobim. Paich's strings positively coated the album with radiance, and his choices for lead instrumental voices -- Bud Shank's flute, Jo\u00e3o Donato's piano, Jobim's guitar -- complemented her vocals perfectly. Gilberto sounded beautiful on a range of material, from the sentimental \"Dindi\" to the playful \"Agua de Beber,\" and as long as intelligent musicians were playing to her strengths (as they do here), the results were splendid. John Bush","robots":{"index":"index","follow":"follow","max-snippet":"max-snippet:-1","max-image-preview":"max-image-preview:large","max-video-preview":"max-video-preview:-1"},"canonical":"https:\/\/wpguerssen-test.odoo.rgbconsulting.com\/es\/producto\/the-astrud-gilberto-album-limited-edition\/","og_locale":"es_ES","og_type":"article","og_title":"GILBERTO, Astrud - The Astrud Gilberto Album (Limited Edition) -  (LP) | Guerssen","og_description":"Astrud Gilberto became an accidental success when her fragile command of English made her the de facto choice to sing \"The Girl from Ipanema\" at a session led by Stan Getz and her husband, Jo\u00e3o Gilberto. Of course, despite its overwhelming success, it wasn't clear that she could sustain a career when she recorded her first solo LP, The Astrud Gilberto Album. She had sounded more like an amateurish novelty act than a recording professional, her voice was sweet but fragile, and the Getz\/Gilberto album had featured two strong voices, with Gilberto herself an afterthought (albeit a commercially effective afterthought). But The Astrud Gilberto Album was at least as good as Getz\/Gilberto (despite what jazz fans say), for several reasons. The Brazilian repertoire plays particularly well to traditionally weak vocalists, her voice was yet more sweet than had been heard previously, and as before, the record featured two strong leaders -- arranger Marty Paich and the incomparable Antonio Carlos Jobim. Paich's strings positively coated the album with radiance, and his choices for lead instrumental voices -- Bud Shank's flute, Jo\u00e3o Donato's piano, Jobim's guitar -- complemented her vocals perfectly. Gilberto sounded beautiful on a range of material, from the sentimental \"Dindi\" to the playful \"Agua de Beber,\" and as long as intelligent musicians were playing to her strengths (as they do here), the results were splendid. John Bush","og_url":"https:\/\/wpguerssen-test.odoo.rgbconsulting.com\/es\/producto\/the-astrud-gilberto-album-limited-edition\/","og_site_name":"Guerssen records","article_modified_time":"2025-04-14T14:21:20+00:00","og_image":[{"width":306,"height":306,"url":"https:\/\/wpguerssen-test.odoo.rgbconsulting.com\/wp-content\/uploads\/2024\/11\/49131.jpg","type":"image\/jpeg"}],"twitter_card":"summary_large_image","twitter_title":"GILBERTO, Astrud - The Astrud Gilberto Album (Limited Edition) -  (LP) | Guerssen","twitter_misc":{"Tiempo de lectura":"1 minuto"},"schema":{"@context":"https:\/\/schema.org","@graph":[{"@type":"WebPage","@id":"https:\/\/wpguerssen-test.odoo.rgbconsulting.com\/es\/producto\/the-astrud-gilberto-album-limited-edition\/","url":"https:\/\/wpguerssen-test.odoo.rgbconsulting.com\/es\/producto\/the-astrud-gilberto-album-limited-edition\/","name":"GILBERTO, Astrud - The Astrud Gilberto Album (Limited Edition) - (LP) | Guerssen","isPartOf":{"@id":"https:\/\/wpguerssen-test.odoo.rgbconsulting.com\/es\/#website"},"primaryImageOfPage":{"@id":"https:\/\/wpguerssen-test.odoo.rgbconsulting.com\/es\/producto\/the-astrud-gilberto-album-limited-edition\/#primaryimage"},"image":{"@id":"https:\/\/wpguerssen-test.odoo.rgbconsulting.com\/es\/producto\/the-astrud-gilberto-album-limited-edition\/#primaryimage"},"thumbnailUrl":"https:\/\/wpguerssen-test.odoo.rgbconsulting.com\/wp-content\/uploads\/2024\/11\/49131.jpg","datePublished":"2025-01-20T23:00:00+00:00","dateModified":"2025-04-14T14:21:20+00:00","description":"Astrud Gilberto became an accidental success when her fragile command of English made her the de facto choice to sing \"The Girl from Ipanema\" at a session led by Stan Getz and her husband, Jo\u00e3o Gilberto. Of course, despite its overwhelming success, it wasn't clear that she could sustain a career when she recorded her first solo LP, The Astrud Gilberto Album. She had sounded more like an amateurish novelty act than a recording professional, her voice was sweet but fragile, and the Getz\/Gilberto album had featured two strong voices, with Gilberto herself an afterthought (albeit a commercially effective afterthought). But The Astrud Gilberto Album was at least as good as Getz\/Gilberto (despite what jazz fans say), for several reasons. The Brazilian repertoire plays particularly well to traditionally weak vocalists, her voice was yet more sweet than had been heard previously, and as before, the record featured two strong leaders -- arranger Marty Paich and the incomparable Antonio Carlos Jobim. Paich's strings positively coated the album with radiance, and his choices for lead instrumental voices -- Bud Shank's flute, Jo\u00e3o Donato's piano, Jobim's guitar -- complemented her vocals perfectly. Gilberto sounded beautiful on a range of material, from the sentimental \"Dindi\" to the playful \"Agua de Beber,\" and as long as intelligent musicians were playing to her strengths (as they do here), the results were splendid. John Bush","breadcrumb":{"@id":"https:\/\/wpguerssen-test.odoo.rgbconsulting.com\/es\/producto\/the-astrud-gilberto-album-limited-edition\/#breadcrumb"},"inLanguage":"es","potentialAction":[{"@type":"ReadAction","target":["https:\/\/wpguerssen-test.odoo.rgbconsulting.com\/es\/producto\/the-astrud-gilberto-album-limited-edition\/"]}]},{"@type":"ImageObject","inLanguage":"es","@id":"https:\/\/wpguerssen-test.odoo.rgbconsulting.com\/es\/producto\/the-astrud-gilberto-album-limited-edition\/#primaryimage","url":"https:\/\/wpguerssen-test.odoo.rgbconsulting.com\/wp-content\/uploads\/2024\/11\/49131.jpg","contentUrl":"https:\/\/wpguerssen-test.odoo.rgbconsulting.com\/wp-content\/uploads\/2024\/11\/49131.jpg","width":306,"height":306,"caption":"Astrud - The Astrud Gilberto Album (Limited Edition) - ELEMENTAL MUSIC (LP) | Guerssen"},{"@type":"BreadcrumbList","@id":"https:\/\/wpguerssen-test.odoo.rgbconsulting.com\/es\/producto\/the-astrud-gilberto-album-limited-edition\/#breadcrumb","itemListElement":[{"@type":"ListItem","position":1,"name":"Inicio","item":"https:\/\/wpguerssen-test.odoo.rgbconsulting.com\/es\/"},{"@type":"ListItem","position":2,"name":"Shop","item":"https:\/\/wpguerssen-test.odoo.rgbconsulting.com\/shop\/"},{"@type":"ListItem","position":3,"name":"The Astrud Gilberto Album (Limited Edition)"}]},{"@type":"WebSite","@id":"https:\/\/wpguerssen-test.odoo.rgbconsulting.com\/es\/#website","url":"https:\/\/wpguerssen-test.odoo.rgbconsulting.com\/es\/","name":"Guerssen records","description":"psychedelia - progressive - folk - garage ","publisher":{"@id":"https:\/\/wpguerssen-test.odoo.rgbconsulting.com\/es\/#organization"},"potentialAction":[{"@type":"SearchAction","target":{"@type":"EntryPoint","urlTemplate":"https:\/\/wpguerssen-test.odoo.rgbconsulting.com\/es\/?s={search_term_string}"},"query-input":{"@type":"PropertyValueSpecification","valueRequired":true,"valueName":"search_term_string"}}],"inLanguage":"es"},{"@type":"Organization","@id":"https:\/\/wpguerssen-test.odoo.rgbconsulting.com\/es\/#organization","name":"Guerssen records","url":"https:\/\/wpguerssen-test.odoo.rgbconsulting.com\/es\/","logo":{"@type":"ImageObject","inLanguage":"es","@id":"https:\/\/wpguerssen-test.odoo.rgbconsulting.com\/es\/#\/schema\/logo\/image\/","url":"https:\/\/wpguerssen-test.odoo.rgbconsulting.com\/wp-content\/uploads\/2022\/04\/Logo_Guerssen_trans_100.png","contentUrl":"https:\/\/wpguerssen-test.odoo.rgbconsulting.com\/wp-content\/uploads\/2022\/04\/Logo_Guerssen_trans_100.png","width":122,"height":100,"caption":"Guerssen records"},"image":{"@id":"https:\/\/wpguerssen-test.odoo.rgbconsulting.com\/es\/#\/schema\/logo\/image\/"}}]}},"_links":{"self":[{"href":"https:\/\/wpguerssen-test.odoo.rgbconsulting.com\/es\/wp-json\/wp\/v2\/product\/278094","targetHints":{"allow":["GET"]}}],"collection":[{"href":"https:\/\/wpguerssen-test.odoo.rgbconsulting.com\/es\/wp-json\/wp\/v2\/product"}],"about":[{"href":"https:\/\/wpguerssen-test.odoo.rgbconsulting.com\/es\/wp-json\/wp\/v2\/types\/product"}],"wp:featuredmedia":[{"embeddable":true,"href":"https:\/\/wpguerssen-test.odoo.rgbconsulting.com\/es\/wp-json\/wp\/v2\/media\/278078"}],"wp:attachment":[{"href":"https:\/\/wpguerssen-test.odoo.rgbconsulting.com\/es\/wp-json\/wp\/v2\/media?parent=278094"}],"wp:term":[{"taxonomy":"product_brand","embeddable":true,"href":"https:\/\/wpguerssen-test.odoo.rgbconsulting.com\/es\/wp-json\/wp\/v2\/product_brand?post=278094"},{"taxonomy":"product_cat","embeddable":true,"href":"https:\/\/wpguerssen-test.odoo.rgbconsulting.com\/es\/wp-json\/wp\/v2\/product_cat?post=278094"},{"taxonomy":"product_tag","embeddable":true,"href":"https:\/\/wpguerssen-test.odoo.rgbconsulting.com\/es\/wp-json\/wp\/v2\/product_tag?post=278094"}],"curies":[{"name":"wp","href":"https:\/\/api.w.org\/{rel}","templated":true}]}}