{"id":278096,"date":"2025-01-21T00:00:00","date_gmt":"2025-01-20T23:00:00","guid":{"rendered":"https:\/\/wpguerssen-test.odoo.rgbconsulting.com\/product\/lee-hazlewoodism-its-cause-and-cure\/"},"modified":"2025-03-28T12:44:13","modified_gmt":"2025-03-28T11:44:13","slug":"lee-hazlewoodism-its-cause-and-cure","status":"publish","type":"product","link":"https:\/\/wpguerssen-test.odoo.rgbconsulting.com\/es\/producto\/lee-hazlewoodism-its-cause-and-cure\/","title":{"rendered":"Lee Hazlewoodism: Its Cause And Cure"},"content":{"rendered":"<p>El segundo \u00e1lbum de Lee Hazlewood para MGM ten\u00eda una especie de doble personalidad, aunque ambos lados eran una descripci\u00f3n precisa de varios lados de su mente musical. Publicado en 1967, Lee Hazlewoodism: Its Cause and Cure comienza con cinco canciones-cuento, la mayor\u00eda de las cuales son narrativas dram\u00e1ticas en las que Hazlewood habla en lugar de cantar, contando historias de matadores valientes pero de buen coraz\u00f3n, mujeres pioneras enamoradas de valientes indios, y ancianos rasgueando sus historias. Hazlewood aborda sus recitaciones con toda la seriedad que puede reunir, mientras que los arreglos de Billy Strange brindan un acompa\u00f1amiento elaborado pero discreto, sugiriendo una m\u00fasica cinematogr\u00e1fica que no ahoga el di\u00e1logo en las grandes escenas. Por otra parte, la segunda mitad del \u00e1lbum encuentra a Hazlewood en una forma m\u00e1s amplia y divertida, mientras celebra su propia y dichosa pereza en \u00abHome (I&#8217;m Home)\u00bb, la existencia marginal de un borracho en \u00abAfter Six\u00bb y la vida menos placentera de una chica de mala reputaci\u00f3n que se divierte en \u00abSuzi Jane is Back in Town\u00bb, que tiene como fondo un ragtime muy teatral. \u00abIn Our Time\u00bb es un tema de folk-rock que suena como un P.F. Sloan homenaje, mientras que \u00abDark in My Heart\u00bb tiene un tono estilo Dylan mientras Hazlewood comparte sus problemas mientras la banda prepara un \u00abTombstone Blues\u00bb detr\u00e1s de \u00e9l. Si la primera mitad del \u00e1lbum habla de una visi\u00f3n madura y enfocada, la segunda suena como un tipo inteligente que tontea y hace lo que quiere, con un pu\u00f1ado de acompa\u00f1antes expertos acompa\u00f1\u00e1ndolo.<\/p>\n","protected":false},"excerpt":{"rendered":"<p>El segundo \u00e1lbum de Lee Hazlewood para MGM ten\u00eda una especie de doble personalidad, aunque ambos lados eran una descripci\u00f3n precisa de varios lados de su mente<a class=\"read\" href=\"https:\/\/wpguerssen-test.odoo.rgbconsulting.com\/es\/producto\/lee-hazlewoodism-its-cause-and-cure\/\"> (...)<\/a>","protected":false},"featured_media":278084,"template":"","meta":{"_acf_changed":false},"product_brand":[],"product_cat":[21639,23234],"product_tag":[],"class_list":{"0":"post-278096","1":"product","2":"type-product","3":"status-publish","4":"has-post-thumbnail","6":"product_cat-psychedelic60s-70s-es","7":"product_cat-pop-rock-es","8":"pa_artist-hazlewood-lee-es","9":"pa_format-lp-es","10":"pa_gender-pop-rock-psychedelic60s-70s","11":"pa_label-elemental-music","12":"pa_location-north-america-es","13":"pa_other-filters-vinyl-only-es","15":"first","16":"instock","17":"taxable","18":"shipping-taxable","19":"purchasable","20":"product-type-simple"},"acf":[],"yoast_head":"<!-- This site is optimized with the Yoast SEO plugin v24.9 - https:\/\/yoast.com\/wordpress\/plugins\/seo\/ -->\n<title>HAZLEWOOD, Lee - Lee Hazlewoodism: Its Cause And Cure -  (LP) | Guerssen<\/title>\n<meta name=\"description\" content=\"Lee Hazlewood&#039;s second album for MGM had something of a split personality, though both sides were an accurate depiction of various sides of his musical mind. Released in 1967, Lee Hazlewoodism: Its Cause and Cure opens with five story-songs, most of which are dramatic narratives in which Hazlewood speaks rather than sings, spinning tales of brave but kind-hearted matadors, pioneer women in love with Indian braves, and old men strumming away their stories. Hazlewood approaches his recitations with all the seriousness he can muster, while Billy Strange&#039;s arrangements provide elaborate but understated accompaniment, suggesting a film score that doesn&#039;t drown out the dialogue in the big scenes. Elsewhere, the album&#039;s second half finds Hazlewood in broader and more playful form, as he celebrates his own blissful laziness on &quot;Home (I&#039;m Home),&quot; a wino&#039;s marginal existence on &quot;After Six,&quot; and a good-time gal&#039;s less than rosy reputation on &quot;Suzi Jane is Back in Town,&quot; which is set to a very theatrical ragtime backdrop. &quot;In Our Time&quot; is a folk-rock number that sounds like a P.F. Sloan homage, while &quot;Dark in My Heart&quot; has a Dylan-esque tone as Hazlewood shares his troubles while the band cooks up a &quot;Tombstone Blues&quot; shuffle behind him. If the first half of the album speaks of a mature and focused vision, the second sounds like a clever guy goofing off and doing what he wants, with a handful of expert sidemen along for the ride, and none of it seems to have been created with any thought of how the label might make their money back. The unifying theme of Lee Hazlewoodism: Its Cause and Cure is simply Hazlewood being Hazlewood, with a crew of first-call studio pros helping him realize his vision (or sometimes his whims) as the Playboy Philosopher of the L.A. Cowboy Set, and while he made better albums, this one reflects his wit and talents better than most. Mark Deming.\" \/>\n<meta name=\"robots\" content=\"index, follow, max-snippet:-1, max-image-preview:large, max-video-preview:-1\" \/>\n<link rel=\"canonical\" href=\"https:\/\/wpguerssen-test.odoo.rgbconsulting.com\/es\/producto\/lee-hazlewoodism-its-cause-and-cure\/\" \/>\n<meta property=\"og:locale\" content=\"es_ES\" \/>\n<meta property=\"og:type\" content=\"article\" \/>\n<meta property=\"og:title\" content=\"HAZLEWOOD, Lee - Lee Hazlewoodism: Its Cause And Cure -  (LP) | Guerssen\" \/>\n<meta property=\"og:description\" content=\"Lee Hazlewood&#039;s second album for MGM had something of a split personality, though both sides were an accurate depiction of various sides of his musical mind. Released in 1967, Lee Hazlewoodism: Its Cause and Cure opens with five story-songs, most of which are dramatic narratives in which Hazlewood speaks rather than sings, spinning tales of brave but kind-hearted matadors, pioneer women in love with Indian braves, and old men strumming away their stories. Hazlewood approaches his recitations with all the seriousness he can muster, while Billy Strange&#039;s arrangements provide elaborate but understated accompaniment, suggesting a film score that doesn&#039;t drown out the dialogue in the big scenes. Elsewhere, the album&#039;s second half finds Hazlewood in broader and more playful form, as he celebrates his own blissful laziness on &quot;Home (I&#039;m Home),&quot; a wino&#039;s marginal existence on &quot;After Six,&quot; and a good-time gal&#039;s less than rosy reputation on &quot;Suzi Jane is Back in Town,&quot; which is set to a very theatrical ragtime backdrop. &quot;In Our Time&quot; is a folk-rock number that sounds like a P.F. Sloan homage, while &quot;Dark in My Heart&quot; has a Dylan-esque tone as Hazlewood shares his troubles while the band cooks up a &quot;Tombstone Blues&quot; shuffle behind him. If the first half of the album speaks of a mature and focused vision, the second sounds like a clever guy goofing off and doing what he wants, with a handful of expert sidemen along for the ride, and none of it seems to have been created with any thought of how the label might make their money back. The unifying theme of Lee Hazlewoodism: Its Cause and Cure is simply Hazlewood being Hazlewood, with a crew of first-call studio pros helping him realize his vision (or sometimes his whims) as the Playboy Philosopher of the L.A. Cowboy Set, and while he made better albums, this one reflects his wit and talents better than most. Mark Deming.\" \/>\n<meta property=\"og:url\" content=\"https:\/\/wpguerssen-test.odoo.rgbconsulting.com\/es\/producto\/lee-hazlewoodism-its-cause-and-cure\/\" \/>\n<meta property=\"og:site_name\" content=\"Guerssen records\" \/>\n<meta property=\"article:modified_time\" content=\"2025-03-28T11:44:13+00:00\" \/>\n<meta property=\"og:image\" content=\"https:\/\/wpguerssen-test.odoo.rgbconsulting.com\/wp-content\/uploads\/2024\/11\/49133.jpg\" \/>\n\t<meta property=\"og:image:width\" content=\"305\" \/>\n\t<meta property=\"og:image:height\" content=\"305\" \/>\n\t<meta property=\"og:image:type\" content=\"image\/jpeg\" \/>\n<meta name=\"twitter:card\" content=\"summary_large_image\" \/>\n<meta name=\"twitter:title\" content=\"HAZLEWOOD, Lee - Lee Hazlewoodism: Its Cause And Cure -  (LP) | Guerssen\" \/>\n<meta name=\"twitter:label1\" content=\"Tiempo de lectura\" \/>\n\t<meta name=\"twitter:data1\" content=\"1 minuto\" \/>\n<script type=\"application\/ld+json\" class=\"yoast-schema-graph\">{\"@context\":\"https:\/\/schema.org\",\"@graph\":[{\"@type\":\"WebPage\",\"@id\":\"https:\/\/wpguerssen-test.odoo.rgbconsulting.com\/es\/producto\/lee-hazlewoodism-its-cause-and-cure\/\",\"url\":\"https:\/\/wpguerssen-test.odoo.rgbconsulting.com\/es\/producto\/lee-hazlewoodism-its-cause-and-cure\/\",\"name\":\"HAZLEWOOD, Lee - Lee Hazlewoodism: Its Cause And Cure - (LP) | Guerssen\",\"isPartOf\":{\"@id\":\"https:\/\/wpguerssen-test.odoo.rgbconsulting.com\/es\/#website\"},\"primaryImageOfPage\":{\"@id\":\"https:\/\/wpguerssen-test.odoo.rgbconsulting.com\/es\/producto\/lee-hazlewoodism-its-cause-and-cure\/#primaryimage\"},\"image\":{\"@id\":\"https:\/\/wpguerssen-test.odoo.rgbconsulting.com\/es\/producto\/lee-hazlewoodism-its-cause-and-cure\/#primaryimage\"},\"thumbnailUrl\":\"https:\/\/wpguerssen-test.odoo.rgbconsulting.com\/wp-content\/uploads\/2024\/11\/49133.jpg\",\"datePublished\":\"2025-01-20T23:00:00+00:00\",\"dateModified\":\"2025-03-28T11:44:13+00:00\",\"description\":\"Lee Hazlewood's second album for MGM had something of a split personality, though both sides were an accurate depiction of various sides of his musical mind. Released in 1967, Lee Hazlewoodism: Its Cause and Cure opens with five story-songs, most of which are dramatic narratives in which Hazlewood speaks rather than sings, spinning tales of brave but kind-hearted matadors, pioneer women in love with Indian braves, and old men strumming away their stories. Hazlewood approaches his recitations with all the seriousness he can muster, while Billy Strange's arrangements provide elaborate but understated accompaniment, suggesting a film score that doesn't drown out the dialogue in the big scenes. Elsewhere, the album's second half finds Hazlewood in broader and more playful form, as he celebrates his own blissful laziness on \\\"Home (I'm Home),\\\" a wino's marginal existence on \\\"After Six,\\\" and a good-time gal's less than rosy reputation on \\\"Suzi Jane is Back in Town,\\\" which is set to a very theatrical ragtime backdrop. \\\"In Our Time\\\" is a folk-rock number that sounds like a P.F. Sloan homage, while \\\"Dark in My Heart\\\" has a Dylan-esque tone as Hazlewood shares his troubles while the band cooks up a \\\"Tombstone Blues\\\" shuffle behind him. If the first half of the album speaks of a mature and focused vision, the second sounds like a clever guy goofing off and doing what he wants, with a handful of expert sidemen along for the ride, and none of it seems to have been created with any thought of how the label might make their money back. The unifying theme of Lee Hazlewoodism: Its Cause and Cure is simply Hazlewood being Hazlewood, with a crew of first-call studio pros helping him realize his vision (or sometimes his whims) as the Playboy Philosopher of the L.A. Cowboy Set, and while he made better albums, this one reflects his wit and talents better than most. Mark Deming.\",\"breadcrumb\":{\"@id\":\"https:\/\/wpguerssen-test.odoo.rgbconsulting.com\/es\/producto\/lee-hazlewoodism-its-cause-and-cure\/#breadcrumb\"},\"inLanguage\":\"es\",\"potentialAction\":[{\"@type\":\"ReadAction\",\"target\":[\"https:\/\/wpguerssen-test.odoo.rgbconsulting.com\/es\/producto\/lee-hazlewoodism-its-cause-and-cure\/\"]}]},{\"@type\":\"ImageObject\",\"inLanguage\":\"es\",\"@id\":\"https:\/\/wpguerssen-test.odoo.rgbconsulting.com\/es\/producto\/lee-hazlewoodism-its-cause-and-cure\/#primaryimage\",\"url\":\"https:\/\/wpguerssen-test.odoo.rgbconsulting.com\/wp-content\/uploads\/2024\/11\/49133.jpg\",\"contentUrl\":\"https:\/\/wpguerssen-test.odoo.rgbconsulting.com\/wp-content\/uploads\/2024\/11\/49133.jpg\",\"width\":305,\"height\":305,\"caption\":\"Lee - Lee Hazlewoodism: Its Cause And Cure - ELEMENTAL MUSIC (LP) | Guerssen\"},{\"@type\":\"BreadcrumbList\",\"@id\":\"https:\/\/wpguerssen-test.odoo.rgbconsulting.com\/es\/producto\/lee-hazlewoodism-its-cause-and-cure\/#breadcrumb\",\"itemListElement\":[{\"@type\":\"ListItem\",\"position\":1,\"name\":\"Inicio\",\"item\":\"https:\/\/wpguerssen-test.odoo.rgbconsulting.com\/es\/\"},{\"@type\":\"ListItem\",\"position\":2,\"name\":\"Shop\",\"item\":\"https:\/\/wpguerssen-test.odoo.rgbconsulting.com\/shop\/\"},{\"@type\":\"ListItem\",\"position\":3,\"name\":\"Lee Hazlewoodism: Its Cause And Cure\"}]},{\"@type\":\"WebSite\",\"@id\":\"https:\/\/wpguerssen-test.odoo.rgbconsulting.com\/es\/#website\",\"url\":\"https:\/\/wpguerssen-test.odoo.rgbconsulting.com\/es\/\",\"name\":\"Guerssen records\",\"description\":\"psychedelia - progressive - folk - garage \",\"publisher\":{\"@id\":\"https:\/\/wpguerssen-test.odoo.rgbconsulting.com\/es\/#organization\"},\"potentialAction\":[{\"@type\":\"SearchAction\",\"target\":{\"@type\":\"EntryPoint\",\"urlTemplate\":\"https:\/\/wpguerssen-test.odoo.rgbconsulting.com\/es\/?s={search_term_string}\"},\"query-input\":{\"@type\":\"PropertyValueSpecification\",\"valueRequired\":true,\"valueName\":\"search_term_string\"}}],\"inLanguage\":\"es\"},{\"@type\":\"Organization\",\"@id\":\"https:\/\/wpguerssen-test.odoo.rgbconsulting.com\/es\/#organization\",\"name\":\"Guerssen records\",\"url\":\"https:\/\/wpguerssen-test.odoo.rgbconsulting.com\/es\/\",\"logo\":{\"@type\":\"ImageObject\",\"inLanguage\":\"es\",\"@id\":\"https:\/\/wpguerssen-test.odoo.rgbconsulting.com\/es\/#\/schema\/logo\/image\/\",\"url\":\"https:\/\/wpguerssen-test.odoo.rgbconsulting.com\/wp-content\/uploads\/2022\/04\/Logo_Guerssen_trans_100.png\",\"contentUrl\":\"https:\/\/wpguerssen-test.odoo.rgbconsulting.com\/wp-content\/uploads\/2022\/04\/Logo_Guerssen_trans_100.png\",\"width\":122,\"height\":100,\"caption\":\"Guerssen records\"},\"image\":{\"@id\":\"https:\/\/wpguerssen-test.odoo.rgbconsulting.com\/es\/#\/schema\/logo\/image\/\"}}]}<\/script>\n<!-- \/ Yoast SEO plugin. -->","yoast_head_json":{"title":"HAZLEWOOD, Lee - Lee Hazlewoodism: Its Cause And Cure -  (LP) | Guerssen","description":"Lee Hazlewood's second album for MGM had something of a split personality, though both sides were an accurate depiction of various sides of his musical mind. Released in 1967, Lee Hazlewoodism: Its Cause and Cure opens with five story-songs, most of which are dramatic narratives in which Hazlewood speaks rather than sings, spinning tales of brave but kind-hearted matadors, pioneer women in love with Indian braves, and old men strumming away their stories. Hazlewood approaches his recitations with all the seriousness he can muster, while Billy Strange's arrangements provide elaborate but understated accompaniment, suggesting a film score that doesn't drown out the dialogue in the big scenes. Elsewhere, the album's second half finds Hazlewood in broader and more playful form, as he celebrates his own blissful laziness on \"Home (I'm Home),\" a wino's marginal existence on \"After Six,\" and a good-time gal's less than rosy reputation on \"Suzi Jane is Back in Town,\" which is set to a very theatrical ragtime backdrop. \"In Our Time\" is a folk-rock number that sounds like a P.F. Sloan homage, while \"Dark in My Heart\" has a Dylan-esque tone as Hazlewood shares his troubles while the band cooks up a \"Tombstone Blues\" shuffle behind him. If the first half of the album speaks of a mature and focused vision, the second sounds like a clever guy goofing off and doing what he wants, with a handful of expert sidemen along for the ride, and none of it seems to have been created with any thought of how the label might make their money back. The unifying theme of Lee Hazlewoodism: Its Cause and Cure is simply Hazlewood being Hazlewood, with a crew of first-call studio pros helping him realize his vision (or sometimes his whims) as the Playboy Philosopher of the L.A. Cowboy Set, and while he made better albums, this one reflects his wit and talents better than most. Mark Deming.","robots":{"index":"index","follow":"follow","max-snippet":"max-snippet:-1","max-image-preview":"max-image-preview:large","max-video-preview":"max-video-preview:-1"},"canonical":"https:\/\/wpguerssen-test.odoo.rgbconsulting.com\/es\/producto\/lee-hazlewoodism-its-cause-and-cure\/","og_locale":"es_ES","og_type":"article","og_title":"HAZLEWOOD, Lee - Lee Hazlewoodism: Its Cause And Cure -  (LP) | Guerssen","og_description":"Lee Hazlewood's second album for MGM had something of a split personality, though both sides were an accurate depiction of various sides of his musical mind. Released in 1967, Lee Hazlewoodism: Its Cause and Cure opens with five story-songs, most of which are dramatic narratives in which Hazlewood speaks rather than sings, spinning tales of brave but kind-hearted matadors, pioneer women in love with Indian braves, and old men strumming away their stories. Hazlewood approaches his recitations with all the seriousness he can muster, while Billy Strange's arrangements provide elaborate but understated accompaniment, suggesting a film score that doesn't drown out the dialogue in the big scenes. Elsewhere, the album's second half finds Hazlewood in broader and more playful form, as he celebrates his own blissful laziness on \"Home (I'm Home),\" a wino's marginal existence on \"After Six,\" and a good-time gal's less than rosy reputation on \"Suzi Jane is Back in Town,\" which is set to a very theatrical ragtime backdrop. \"In Our Time\" is a folk-rock number that sounds like a P.F. Sloan homage, while \"Dark in My Heart\" has a Dylan-esque tone as Hazlewood shares his troubles while the band cooks up a \"Tombstone Blues\" shuffle behind him. If the first half of the album speaks of a mature and focused vision, the second sounds like a clever guy goofing off and doing what he wants, with a handful of expert sidemen along for the ride, and none of it seems to have been created with any thought of how the label might make their money back. The unifying theme of Lee Hazlewoodism: Its Cause and Cure is simply Hazlewood being Hazlewood, with a crew of first-call studio pros helping him realize his vision (or sometimes his whims) as the Playboy Philosopher of the L.A. Cowboy Set, and while he made better albums, this one reflects his wit and talents better than most. Mark Deming.","og_url":"https:\/\/wpguerssen-test.odoo.rgbconsulting.com\/es\/producto\/lee-hazlewoodism-its-cause-and-cure\/","og_site_name":"Guerssen records","article_modified_time":"2025-03-28T11:44:13+00:00","og_image":[{"width":305,"height":305,"url":"https:\/\/wpguerssen-test.odoo.rgbconsulting.com\/wp-content\/uploads\/2024\/11\/49133.jpg","type":"image\/jpeg"}],"twitter_card":"summary_large_image","twitter_title":"HAZLEWOOD, Lee - Lee Hazlewoodism: Its Cause And Cure -  (LP) | Guerssen","twitter_misc":{"Tiempo de lectura":"1 minuto"},"schema":{"@context":"https:\/\/schema.org","@graph":[{"@type":"WebPage","@id":"https:\/\/wpguerssen-test.odoo.rgbconsulting.com\/es\/producto\/lee-hazlewoodism-its-cause-and-cure\/","url":"https:\/\/wpguerssen-test.odoo.rgbconsulting.com\/es\/producto\/lee-hazlewoodism-its-cause-and-cure\/","name":"HAZLEWOOD, Lee - Lee Hazlewoodism: Its Cause And Cure - (LP) | Guerssen","isPartOf":{"@id":"https:\/\/wpguerssen-test.odoo.rgbconsulting.com\/es\/#website"},"primaryImageOfPage":{"@id":"https:\/\/wpguerssen-test.odoo.rgbconsulting.com\/es\/producto\/lee-hazlewoodism-its-cause-and-cure\/#primaryimage"},"image":{"@id":"https:\/\/wpguerssen-test.odoo.rgbconsulting.com\/es\/producto\/lee-hazlewoodism-its-cause-and-cure\/#primaryimage"},"thumbnailUrl":"https:\/\/wpguerssen-test.odoo.rgbconsulting.com\/wp-content\/uploads\/2024\/11\/49133.jpg","datePublished":"2025-01-20T23:00:00+00:00","dateModified":"2025-03-28T11:44:13+00:00","description":"Lee Hazlewood's second album for MGM had something of a split personality, though both sides were an accurate depiction of various sides of his musical mind. Released in 1967, Lee Hazlewoodism: Its Cause and Cure opens with five story-songs, most of which are dramatic narratives in which Hazlewood speaks rather than sings, spinning tales of brave but kind-hearted matadors, pioneer women in love with Indian braves, and old men strumming away their stories. Hazlewood approaches his recitations with all the seriousness he can muster, while Billy Strange's arrangements provide elaborate but understated accompaniment, suggesting a film score that doesn't drown out the dialogue in the big scenes. Elsewhere, the album's second half finds Hazlewood in broader and more playful form, as he celebrates his own blissful laziness on \"Home (I'm Home),\" a wino's marginal existence on \"After Six,\" and a good-time gal's less than rosy reputation on \"Suzi Jane is Back in Town,\" which is set to a very theatrical ragtime backdrop. \"In Our Time\" is a folk-rock number that sounds like a P.F. Sloan homage, while \"Dark in My Heart\" has a Dylan-esque tone as Hazlewood shares his troubles while the band cooks up a \"Tombstone Blues\" shuffle behind him. If the first half of the album speaks of a mature and focused vision, the second sounds like a clever guy goofing off and doing what he wants, with a handful of expert sidemen along for the ride, and none of it seems to have been created with any thought of how the label might make their money back. The unifying theme of Lee Hazlewoodism: Its Cause and Cure is simply Hazlewood being Hazlewood, with a crew of first-call studio pros helping him realize his vision (or sometimes his whims) as the Playboy Philosopher of the L.A. Cowboy Set, and while he made better albums, this one reflects his wit and talents better than most. Mark Deming.","breadcrumb":{"@id":"https:\/\/wpguerssen-test.odoo.rgbconsulting.com\/es\/producto\/lee-hazlewoodism-its-cause-and-cure\/#breadcrumb"},"inLanguage":"es","potentialAction":[{"@type":"ReadAction","target":["https:\/\/wpguerssen-test.odoo.rgbconsulting.com\/es\/producto\/lee-hazlewoodism-its-cause-and-cure\/"]}]},{"@type":"ImageObject","inLanguage":"es","@id":"https:\/\/wpguerssen-test.odoo.rgbconsulting.com\/es\/producto\/lee-hazlewoodism-its-cause-and-cure\/#primaryimage","url":"https:\/\/wpguerssen-test.odoo.rgbconsulting.com\/wp-content\/uploads\/2024\/11\/49133.jpg","contentUrl":"https:\/\/wpguerssen-test.odoo.rgbconsulting.com\/wp-content\/uploads\/2024\/11\/49133.jpg","width":305,"height":305,"caption":"Lee - Lee Hazlewoodism: Its Cause And Cure - ELEMENTAL MUSIC (LP) | Guerssen"},{"@type":"BreadcrumbList","@id":"https:\/\/wpguerssen-test.odoo.rgbconsulting.com\/es\/producto\/lee-hazlewoodism-its-cause-and-cure\/#breadcrumb","itemListElement":[{"@type":"ListItem","position":1,"name":"Inicio","item":"https:\/\/wpguerssen-test.odoo.rgbconsulting.com\/es\/"},{"@type":"ListItem","position":2,"name":"Shop","item":"https:\/\/wpguerssen-test.odoo.rgbconsulting.com\/shop\/"},{"@type":"ListItem","position":3,"name":"Lee Hazlewoodism: Its Cause And Cure"}]},{"@type":"WebSite","@id":"https:\/\/wpguerssen-test.odoo.rgbconsulting.com\/es\/#website","url":"https:\/\/wpguerssen-test.odoo.rgbconsulting.com\/es\/","name":"Guerssen records","description":"psychedelia - progressive - folk - garage ","publisher":{"@id":"https:\/\/wpguerssen-test.odoo.rgbconsulting.com\/es\/#organization"},"potentialAction":[{"@type":"SearchAction","target":{"@type":"EntryPoint","urlTemplate":"https:\/\/wpguerssen-test.odoo.rgbconsulting.com\/es\/?s={search_term_string}"},"query-input":{"@type":"PropertyValueSpecification","valueRequired":true,"valueName":"search_term_string"}}],"inLanguage":"es"},{"@type":"Organization","@id":"https:\/\/wpguerssen-test.odoo.rgbconsulting.com\/es\/#organization","name":"Guerssen records","url":"https:\/\/wpguerssen-test.odoo.rgbconsulting.com\/es\/","logo":{"@type":"ImageObject","inLanguage":"es","@id":"https:\/\/wpguerssen-test.odoo.rgbconsulting.com\/es\/#\/schema\/logo\/image\/","url":"https:\/\/wpguerssen-test.odoo.rgbconsulting.com\/wp-content\/uploads\/2022\/04\/Logo_Guerssen_trans_100.png","contentUrl":"https:\/\/wpguerssen-test.odoo.rgbconsulting.com\/wp-content\/uploads\/2022\/04\/Logo_Guerssen_trans_100.png","width":122,"height":100,"caption":"Guerssen records"},"image":{"@id":"https:\/\/wpguerssen-test.odoo.rgbconsulting.com\/es\/#\/schema\/logo\/image\/"}}]}},"_links":{"self":[{"href":"https:\/\/wpguerssen-test.odoo.rgbconsulting.com\/es\/wp-json\/wp\/v2\/product\/278096","targetHints":{"allow":["GET"]}}],"collection":[{"href":"https:\/\/wpguerssen-test.odoo.rgbconsulting.com\/es\/wp-json\/wp\/v2\/product"}],"about":[{"href":"https:\/\/wpguerssen-test.odoo.rgbconsulting.com\/es\/wp-json\/wp\/v2\/types\/product"}],"wp:featuredmedia":[{"embeddable":true,"href":"https:\/\/wpguerssen-test.odoo.rgbconsulting.com\/es\/wp-json\/wp\/v2\/media\/278084"}],"wp:attachment":[{"href":"https:\/\/wpguerssen-test.odoo.rgbconsulting.com\/es\/wp-json\/wp\/v2\/media?parent=278096"}],"wp:term":[{"taxonomy":"product_brand","embeddable":true,"href":"https:\/\/wpguerssen-test.odoo.rgbconsulting.com\/es\/wp-json\/wp\/v2\/product_brand?post=278096"},{"taxonomy":"product_cat","embeddable":true,"href":"https:\/\/wpguerssen-test.odoo.rgbconsulting.com\/es\/wp-json\/wp\/v2\/product_cat?post=278096"},{"taxonomy":"product_tag","embeddable":true,"href":"https:\/\/wpguerssen-test.odoo.rgbconsulting.com\/es\/wp-json\/wp\/v2\/product_tag?post=278096"}],"curies":[{"name":"wp","href":"https:\/\/api.w.org\/{rel}","templated":true}]}}