{"id":278522,"date":"2024-12-13T00:00:00","date_gmt":"2024-12-12T23:00:00","guid":{"rendered":"https:\/\/wpguerssen-test.odoo.rgbconsulting.com\/product\/amb-segones-i-segons\/"},"modified":"2025-03-28T12:44:27","modified_gmt":"2025-03-28T11:44:27","slug":"amb-segones-i-segons","status":"publish","type":"product","link":"https:\/\/wpguerssen-test.odoo.rgbconsulting.com\/es\/producto\/amb-segones-i-segons\/","title":{"rendered":"Amb Segones I Segons"},"content":{"rendered":"<p>Con su caracter\u00edstico sentido del humor instrumental, Corcs Drum&#038;Organsigue buscando su sonido con el mismo objetivo de siempre, descubrir hasta qu\u00e9 punto puede molar una m\u00fasica hecha con un \u00f3rgano y una bater\u00eda. Y \u00e9sta vez, se puede considerar que lo est\u00e1n  encontrando.<br \/>Su premisa es \u00aba ver qu\u00e9 podemos hacer con aquello que tenemos\u00bb, y ya os podeis imaginar que es lo que tiene un apasionado de los \u00f3rganos y los instrumentos de tecla como Joan Sobrevals y un apasionado de las bater\u00edas y la producci\u00f3n musical como Oriol Cases.<br \/>\u00c9sta vez, pero, han dejado de lado su \u00abvintage de proximidad\u00bb y los instrumentos fabricados en Barcelona durante el franquismo y la transici\u00f3n porque, c\u00f3mo dicen ellos: \u00abha quedado demostrado que durante el franquismo, el acceso a los recursos y a la cultura era muy complicado, y aquellos instrumentos fabricados con tan buena voluntad nos dieron muchos problemas, incluso durante los conciertos\u00bb. Es por eso que han dejado de lado los suced\u00e1nios y se han puesto a trabajar con los instrumentos que tienen aquello que buscan.<br \/>\u00abAmb Segones i Segons\u00bb, es el t\u00edtulo, dif\u00edcil de traducir, de un disco cargado de adrenalina, que gustar\u00e1 a los amantes del R&#038;B y del Soul\/Funk, y a toda aquella gente que les apasiona la musica en directe y llena de energ\u00eda; con el aliciente que no hay ni bajo ni guitarra ni voces, ni vientos&#8230; todo est\u00e1 hecho con Hammond y bater\u00eda. Lleno de referencias al soul cl\u00e1sico, a la gastronom\u00eda o a los movimientos populares de Sabadell, promete ser un disco de aquellos que cada vez que lo escuches encuentres algo nuevo.<\/p>\n","protected":false},"excerpt":{"rendered":"<p>Con su caracter\u00edstico sentido del humor instrumental, Corcs Drum&#038;Organsigue buscando su sonido con el mismo objetivo de siempre, descubrir hasta qu\u00e9 punto puede<a class=\"read\" href=\"https:\/\/wpguerssen-test.odoo.rgbconsulting.com\/es\/producto\/amb-segones-i-segons\/\"> (...)<\/a>","protected":false},"featured_media":278381,"template":"","meta":{"_acf_changed":false},"product_brand":[],"product_cat":[21649,23219],"product_tag":[],"class_list":{"0":"post-278522","1":"product","2":"type-product","3":"status-publish","4":"has-post-thumbnail","6":"product_cat-soul-rnb-es","7":"product_cat-funk-es","8":"pa_artist-corcs-drum-organ","9":"pa_format-lp-es","10":"pa_gender-funk-soul-rnb","11":"pa_label-adarce-records","12":"pa_location-spain-es","13":"pa_other-filters-vinyl-only-es","15":"first","16":"instock","17":"taxable","18":"shipping-taxable","19":"purchasable","20":"product-type-simple"},"acf":[],"yoast_head":"<!-- This site is optimized with the Yoast SEO plugin v24.9 - https:\/\/yoast.com\/wordpress\/plugins\/seo\/ -->\n<title>CORCS DRUM &amp; ORGAN - Amb Segones I Segons -  (LP) | Guerssen<\/title>\n<meta name=\"description\" content=\"With their characteristic instrumental sense of humour, Corcs Drum&amp;Organ continues to search for their sound with the usual goal, to discover how cool music made with an organ and drums can be. And this time, they can be considered to be hitting it.Their premise is &quot;let&#039;s see what we can do with what we have&quot;, and you can already imagine what an organ and keyboard instrument enthusiast like Joan Sobrevals and a drum and music production enthusiast like Oriol Cases have.This time, however, they have left aside their &quot;local vintage&quot; and the instruments made in Barcelona during the Franco regime and the transition because, as they say: &quot;it has been shown that during the Franco regime, access to resources and culture was very complicated, and those instruments will gave us many problems, even during concerts&quot;. That is why they have left aside the substitutes and have started working with proper instruments that have what they are looking for.Album title &quot;Amb Segones i Segons&quot;, difficult to translate, an album full of adrenaline, which will please lovers of R&amp;B and Soul\/Funk, and all those people who are passionate about live music full of energy; with the added bonus that there is no bass, no guitar, no voices, no winds... everything is done with Hammond and drums. Full of references to classic soul, gastronomy or popular movements of their hometown Sabadell, it promises to be an album that every time you listen to it, you will find something new.\" \/>\n<meta name=\"robots\" content=\"index, follow, max-snippet:-1, max-image-preview:large, max-video-preview:-1\" \/>\n<link rel=\"canonical\" href=\"https:\/\/wpguerssen-test.odoo.rgbconsulting.com\/es\/producto\/amb-segones-i-segons\/\" \/>\n<meta property=\"og:locale\" content=\"es_ES\" \/>\n<meta property=\"og:type\" content=\"article\" \/>\n<meta property=\"og:title\" content=\"CORCS DRUM &amp; ORGAN - Amb Segones I Segons -  (LP) | Guerssen\" \/>\n<meta property=\"og:description\" content=\"With their characteristic instrumental sense of humour, Corcs Drum&amp;Organ continues to search for their sound with the usual goal, to discover how cool music made with an organ and drums can be. And this time, they can be considered to be hitting it.Their premise is &quot;let&#039;s see what we can do with what we have&quot;, and you can already imagine what an organ and keyboard instrument enthusiast like Joan Sobrevals and a drum and music production enthusiast like Oriol Cases have.This time, however, they have left aside their &quot;local vintage&quot; and the instruments made in Barcelona during the Franco regime and the transition because, as they say: &quot;it has been shown that during the Franco regime, access to resources and culture was very complicated, and those instruments will gave us many problems, even during concerts&quot;. That is why they have left aside the substitutes and have started working with proper instruments that have what they are looking for.Album title &quot;Amb Segones i Segons&quot;, difficult to translate, an album full of adrenaline, which will please lovers of R&amp;B and Soul\/Funk, and all those people who are passionate about live music full of energy; with the added bonus that there is no bass, no guitar, no voices, no winds... everything is done with Hammond and drums. Full of references to classic soul, gastronomy or popular movements of their hometown Sabadell, it promises to be an album that every time you listen to it, you will find something new.\" \/>\n<meta property=\"og:url\" content=\"https:\/\/wpguerssen-test.odoo.rgbconsulting.com\/es\/producto\/amb-segones-i-segons\/\" \/>\n<meta property=\"og:site_name\" content=\"Guerssen records\" \/>\n<meta property=\"article:modified_time\" content=\"2025-03-28T11:44:27+00:00\" \/>\n<meta property=\"og:image\" content=\"https:\/\/wpguerssen-test.odoo.rgbconsulting.com\/wp-content\/uploads\/2024\/11\/49197.jpg\" \/>\n\t<meta property=\"og:image:width\" content=\"242\" \/>\n\t<meta property=\"og:image:height\" content=\"242\" \/>\n\t<meta property=\"og:image:type\" content=\"image\/jpeg\" \/>\n<meta name=\"twitter:card\" content=\"summary_large_image\" \/>\n<meta name=\"twitter:title\" content=\"CORCS DRUM &amp; ORGAN - Amb Segones I Segons -  (LP) | Guerssen\" \/>\n<meta name=\"twitter:label1\" content=\"Tiempo de lectura\" \/>\n\t<meta name=\"twitter:data1\" content=\"1 minuto\" \/>\n<script type=\"application\/ld+json\" class=\"yoast-schema-graph\">{\"@context\":\"https:\/\/schema.org\",\"@graph\":[{\"@type\":\"WebPage\",\"@id\":\"https:\/\/wpguerssen-test.odoo.rgbconsulting.com\/es\/producto\/amb-segones-i-segons\/\",\"url\":\"https:\/\/wpguerssen-test.odoo.rgbconsulting.com\/es\/producto\/amb-segones-i-segons\/\",\"name\":\"CORCS DRUM & ORGAN - Amb Segones I Segons - (LP) | Guerssen\",\"isPartOf\":{\"@id\":\"https:\/\/wpguerssen-test.odoo.rgbconsulting.com\/es\/#website\"},\"primaryImageOfPage\":{\"@id\":\"https:\/\/wpguerssen-test.odoo.rgbconsulting.com\/es\/producto\/amb-segones-i-segons\/#primaryimage\"},\"image\":{\"@id\":\"https:\/\/wpguerssen-test.odoo.rgbconsulting.com\/es\/producto\/amb-segones-i-segons\/#primaryimage\"},\"thumbnailUrl\":\"https:\/\/wpguerssen-test.odoo.rgbconsulting.com\/wp-content\/uploads\/2024\/11\/49197.jpg\",\"datePublished\":\"2024-12-12T23:00:00+00:00\",\"dateModified\":\"2025-03-28T11:44:27+00:00\",\"description\":\"With their characteristic instrumental sense of humour, Corcs Drum&Organ continues to search for their sound with the usual goal, to discover how cool music made with an organ and drums can be. And this time, they can be considered to be hitting it.Their premise is \\\"let's see what we can do with what we have\\\", and you can already imagine what an organ and keyboard instrument enthusiast like Joan Sobrevals and a drum and music production enthusiast like Oriol Cases have.This time, however, they have left aside their \\\"local vintage\\\" and the instruments made in Barcelona during the Franco regime and the transition because, as they say: \\\"it has been shown that during the Franco regime, access to resources and culture was very complicated, and those instruments will gave us many problems, even during concerts\\\". That is why they have left aside the substitutes and have started working with proper instruments that have what they are looking for.Album title \\\"Amb Segones i Segons\\\", difficult to translate, an album full of adrenaline, which will please lovers of R&B and Soul\/Funk, and all those people who are passionate about live music full of energy; with the added bonus that there is no bass, no guitar, no voices, no winds... everything is done with Hammond and drums. Full of references to classic soul, gastronomy or popular movements of their hometown Sabadell, it promises to be an album that every time you listen to it, you will find something new.\",\"breadcrumb\":{\"@id\":\"https:\/\/wpguerssen-test.odoo.rgbconsulting.com\/es\/producto\/amb-segones-i-segons\/#breadcrumb\"},\"inLanguage\":\"es\",\"potentialAction\":[{\"@type\":\"ReadAction\",\"target\":[\"https:\/\/wpguerssen-test.odoo.rgbconsulting.com\/es\/producto\/amb-segones-i-segons\/\"]}]},{\"@type\":\"ImageObject\",\"inLanguage\":\"es\",\"@id\":\"https:\/\/wpguerssen-test.odoo.rgbconsulting.com\/es\/producto\/amb-segones-i-segons\/#primaryimage\",\"url\":\"https:\/\/wpguerssen-test.odoo.rgbconsulting.com\/wp-content\/uploads\/2024\/11\/49197.jpg\",\"contentUrl\":\"https:\/\/wpguerssen-test.odoo.rgbconsulting.com\/wp-content\/uploads\/2024\/11\/49197.jpg\",\"width\":242,\"height\":242},{\"@type\":\"BreadcrumbList\",\"@id\":\"https:\/\/wpguerssen-test.odoo.rgbconsulting.com\/es\/producto\/amb-segones-i-segons\/#breadcrumb\",\"itemListElement\":[{\"@type\":\"ListItem\",\"position\":1,\"name\":\"Inicio\",\"item\":\"https:\/\/wpguerssen-test.odoo.rgbconsulting.com\/es\/\"},{\"@type\":\"ListItem\",\"position\":2,\"name\":\"Shop\",\"item\":\"https:\/\/wpguerssen-test.odoo.rgbconsulting.com\/shop\/\"},{\"@type\":\"ListItem\",\"position\":3,\"name\":\"Amb Segones I Segons\"}]},{\"@type\":\"WebSite\",\"@id\":\"https:\/\/wpguerssen-test.odoo.rgbconsulting.com\/es\/#website\",\"url\":\"https:\/\/wpguerssen-test.odoo.rgbconsulting.com\/es\/\",\"name\":\"Guerssen records\",\"description\":\"psychedelia - progressive - folk - garage \",\"publisher\":{\"@id\":\"https:\/\/wpguerssen-test.odoo.rgbconsulting.com\/es\/#organization\"},\"potentialAction\":[{\"@type\":\"SearchAction\",\"target\":{\"@type\":\"EntryPoint\",\"urlTemplate\":\"https:\/\/wpguerssen-test.odoo.rgbconsulting.com\/es\/?s={search_term_string}\"},\"query-input\":{\"@type\":\"PropertyValueSpecification\",\"valueRequired\":true,\"valueName\":\"search_term_string\"}}],\"inLanguage\":\"es\"},{\"@type\":\"Organization\",\"@id\":\"https:\/\/wpguerssen-test.odoo.rgbconsulting.com\/es\/#organization\",\"name\":\"Guerssen records\",\"url\":\"https:\/\/wpguerssen-test.odoo.rgbconsulting.com\/es\/\",\"logo\":{\"@type\":\"ImageObject\",\"inLanguage\":\"es\",\"@id\":\"https:\/\/wpguerssen-test.odoo.rgbconsulting.com\/es\/#\/schema\/logo\/image\/\",\"url\":\"https:\/\/wpguerssen-test.odoo.rgbconsulting.com\/wp-content\/uploads\/2022\/04\/Logo_Guerssen_trans_100.png\",\"contentUrl\":\"https:\/\/wpguerssen-test.odoo.rgbconsulting.com\/wp-content\/uploads\/2022\/04\/Logo_Guerssen_trans_100.png\",\"width\":122,\"height\":100,\"caption\":\"Guerssen records\"},\"image\":{\"@id\":\"https:\/\/wpguerssen-test.odoo.rgbconsulting.com\/es\/#\/schema\/logo\/image\/\"}}]}<\/script>\n<!-- \/ Yoast SEO plugin. -->","yoast_head_json":{"title":"CORCS DRUM & ORGAN - Amb Segones I Segons -  (LP) | Guerssen","description":"With their characteristic instrumental sense of humour, Corcs Drum&Organ continues to search for their sound with the usual goal, to discover how cool music made with an organ and drums can be. And this time, they can be considered to be hitting it.Their premise is \"let's see what we can do with what we have\", and you can already imagine what an organ and keyboard instrument enthusiast like Joan Sobrevals and a drum and music production enthusiast like Oriol Cases have.This time, however, they have left aside their \"local vintage\" and the instruments made in Barcelona during the Franco regime and the transition because, as they say: \"it has been shown that during the Franco regime, access to resources and culture was very complicated, and those instruments will gave us many problems, even during concerts\". That is why they have left aside the substitutes and have started working with proper instruments that have what they are looking for.Album title \"Amb Segones i Segons\", difficult to translate, an album full of adrenaline, which will please lovers of R&B and Soul\/Funk, and all those people who are passionate about live music full of energy; with the added bonus that there is no bass, no guitar, no voices, no winds... everything is done with Hammond and drums. Full of references to classic soul, gastronomy or popular movements of their hometown Sabadell, it promises to be an album that every time you listen to it, you will find something new.","robots":{"index":"index","follow":"follow","max-snippet":"max-snippet:-1","max-image-preview":"max-image-preview:large","max-video-preview":"max-video-preview:-1"},"canonical":"https:\/\/wpguerssen-test.odoo.rgbconsulting.com\/es\/producto\/amb-segones-i-segons\/","og_locale":"es_ES","og_type":"article","og_title":"CORCS DRUM & ORGAN - Amb Segones I Segons -  (LP) | Guerssen","og_description":"With their characteristic instrumental sense of humour, Corcs Drum&Organ continues to search for their sound with the usual goal, to discover how cool music made with an organ and drums can be. And this time, they can be considered to be hitting it.Their premise is \"let's see what we can do with what we have\", and you can already imagine what an organ and keyboard instrument enthusiast like Joan Sobrevals and a drum and music production enthusiast like Oriol Cases have.This time, however, they have left aside their \"local vintage\" and the instruments made in Barcelona during the Franco regime and the transition because, as they say: \"it has been shown that during the Franco regime, access to resources and culture was very complicated, and those instruments will gave us many problems, even during concerts\". That is why they have left aside the substitutes and have started working with proper instruments that have what they are looking for.Album title \"Amb Segones i Segons\", difficult to translate, an album full of adrenaline, which will please lovers of R&B and Soul\/Funk, and all those people who are passionate about live music full of energy; with the added bonus that there is no bass, no guitar, no voices, no winds... everything is done with Hammond and drums. Full of references to classic soul, gastronomy or popular movements of their hometown Sabadell, it promises to be an album that every time you listen to it, you will find something new.","og_url":"https:\/\/wpguerssen-test.odoo.rgbconsulting.com\/es\/producto\/amb-segones-i-segons\/","og_site_name":"Guerssen records","article_modified_time":"2025-03-28T11:44:27+00:00","og_image":[{"width":242,"height":242,"url":"https:\/\/wpguerssen-test.odoo.rgbconsulting.com\/wp-content\/uploads\/2024\/11\/49197.jpg","type":"image\/jpeg"}],"twitter_card":"summary_large_image","twitter_title":"CORCS DRUM & ORGAN - Amb Segones I Segons -  (LP) | Guerssen","twitter_misc":{"Tiempo de lectura":"1 minuto"},"schema":{"@context":"https:\/\/schema.org","@graph":[{"@type":"WebPage","@id":"https:\/\/wpguerssen-test.odoo.rgbconsulting.com\/es\/producto\/amb-segones-i-segons\/","url":"https:\/\/wpguerssen-test.odoo.rgbconsulting.com\/es\/producto\/amb-segones-i-segons\/","name":"CORCS DRUM & ORGAN - Amb Segones I Segons - (LP) | Guerssen","isPartOf":{"@id":"https:\/\/wpguerssen-test.odoo.rgbconsulting.com\/es\/#website"},"primaryImageOfPage":{"@id":"https:\/\/wpguerssen-test.odoo.rgbconsulting.com\/es\/producto\/amb-segones-i-segons\/#primaryimage"},"image":{"@id":"https:\/\/wpguerssen-test.odoo.rgbconsulting.com\/es\/producto\/amb-segones-i-segons\/#primaryimage"},"thumbnailUrl":"https:\/\/wpguerssen-test.odoo.rgbconsulting.com\/wp-content\/uploads\/2024\/11\/49197.jpg","datePublished":"2024-12-12T23:00:00+00:00","dateModified":"2025-03-28T11:44:27+00:00","description":"With their characteristic instrumental sense of humour, Corcs Drum&Organ continues to search for their sound with the usual goal, to discover how cool music made with an organ and drums can be. And this time, they can be considered to be hitting it.Their premise is \"let's see what we can do with what we have\", and you can already imagine what an organ and keyboard instrument enthusiast like Joan Sobrevals and a drum and music production enthusiast like Oriol Cases have.This time, however, they have left aside their \"local vintage\" and the instruments made in Barcelona during the Franco regime and the transition because, as they say: \"it has been shown that during the Franco regime, access to resources and culture was very complicated, and those instruments will gave us many problems, even during concerts\". That is why they have left aside the substitutes and have started working with proper instruments that have what they are looking for.Album title \"Amb Segones i Segons\", difficult to translate, an album full of adrenaline, which will please lovers of R&B and Soul\/Funk, and all those people who are passionate about live music full of energy; with the added bonus that there is no bass, no guitar, no voices, no winds... everything is done with Hammond and drums. Full of references to classic soul, gastronomy or popular movements of their hometown Sabadell, it promises to be an album that every time you listen to it, you will find something new.","breadcrumb":{"@id":"https:\/\/wpguerssen-test.odoo.rgbconsulting.com\/es\/producto\/amb-segones-i-segons\/#breadcrumb"},"inLanguage":"es","potentialAction":[{"@type":"ReadAction","target":["https:\/\/wpguerssen-test.odoo.rgbconsulting.com\/es\/producto\/amb-segones-i-segons\/"]}]},{"@type":"ImageObject","inLanguage":"es","@id":"https:\/\/wpguerssen-test.odoo.rgbconsulting.com\/es\/producto\/amb-segones-i-segons\/#primaryimage","url":"https:\/\/wpguerssen-test.odoo.rgbconsulting.com\/wp-content\/uploads\/2024\/11\/49197.jpg","contentUrl":"https:\/\/wpguerssen-test.odoo.rgbconsulting.com\/wp-content\/uploads\/2024\/11\/49197.jpg","width":242,"height":242},{"@type":"BreadcrumbList","@id":"https:\/\/wpguerssen-test.odoo.rgbconsulting.com\/es\/producto\/amb-segones-i-segons\/#breadcrumb","itemListElement":[{"@type":"ListItem","position":1,"name":"Inicio","item":"https:\/\/wpguerssen-test.odoo.rgbconsulting.com\/es\/"},{"@type":"ListItem","position":2,"name":"Shop","item":"https:\/\/wpguerssen-test.odoo.rgbconsulting.com\/shop\/"},{"@type":"ListItem","position":3,"name":"Amb Segones I Segons"}]},{"@type":"WebSite","@id":"https:\/\/wpguerssen-test.odoo.rgbconsulting.com\/es\/#website","url":"https:\/\/wpguerssen-test.odoo.rgbconsulting.com\/es\/","name":"Guerssen records","description":"psychedelia - progressive - folk - garage ","publisher":{"@id":"https:\/\/wpguerssen-test.odoo.rgbconsulting.com\/es\/#organization"},"potentialAction":[{"@type":"SearchAction","target":{"@type":"EntryPoint","urlTemplate":"https:\/\/wpguerssen-test.odoo.rgbconsulting.com\/es\/?s={search_term_string}"},"query-input":{"@type":"PropertyValueSpecification","valueRequired":true,"valueName":"search_term_string"}}],"inLanguage":"es"},{"@type":"Organization","@id":"https:\/\/wpguerssen-test.odoo.rgbconsulting.com\/es\/#organization","name":"Guerssen records","url":"https:\/\/wpguerssen-test.odoo.rgbconsulting.com\/es\/","logo":{"@type":"ImageObject","inLanguage":"es","@id":"https:\/\/wpguerssen-test.odoo.rgbconsulting.com\/es\/#\/schema\/logo\/image\/","url":"https:\/\/wpguerssen-test.odoo.rgbconsulting.com\/wp-content\/uploads\/2022\/04\/Logo_Guerssen_trans_100.png","contentUrl":"https:\/\/wpguerssen-test.odoo.rgbconsulting.com\/wp-content\/uploads\/2022\/04\/Logo_Guerssen_trans_100.png","width":122,"height":100,"caption":"Guerssen records"},"image":{"@id":"https:\/\/wpguerssen-test.odoo.rgbconsulting.com\/es\/#\/schema\/logo\/image\/"}}]}},"_links":{"self":[{"href":"https:\/\/wpguerssen-test.odoo.rgbconsulting.com\/es\/wp-json\/wp\/v2\/product\/278522","targetHints":{"allow":["GET"]}}],"collection":[{"href":"https:\/\/wpguerssen-test.odoo.rgbconsulting.com\/es\/wp-json\/wp\/v2\/product"}],"about":[{"href":"https:\/\/wpguerssen-test.odoo.rgbconsulting.com\/es\/wp-json\/wp\/v2\/types\/product"}],"wp:featuredmedia":[{"embeddable":true,"href":"https:\/\/wpguerssen-test.odoo.rgbconsulting.com\/es\/wp-json\/wp\/v2\/media\/278381"}],"wp:attachment":[{"href":"https:\/\/wpguerssen-test.odoo.rgbconsulting.com\/es\/wp-json\/wp\/v2\/media?parent=278522"}],"wp:term":[{"taxonomy":"product_brand","embeddable":true,"href":"https:\/\/wpguerssen-test.odoo.rgbconsulting.com\/es\/wp-json\/wp\/v2\/product_brand?post=278522"},{"taxonomy":"product_cat","embeddable":true,"href":"https:\/\/wpguerssen-test.odoo.rgbconsulting.com\/es\/wp-json\/wp\/v2\/product_cat?post=278522"},{"taxonomy":"product_tag","embeddable":true,"href":"https:\/\/wpguerssen-test.odoo.rgbconsulting.com\/es\/wp-json\/wp\/v2\/product_tag?post=278522"}],"curies":[{"name":"wp","href":"https:\/\/api.w.org\/{rel}","templated":true}]}}