{"id":278523,"date":"2025-02-20T00:00:00","date_gmt":"2025-02-19T23:00:00","guid":{"rendered":"https:\/\/wpguerssen-test.odoo.rgbconsulting.com\/product\/ven-que-estoy-hirviendo-toda-la-gente\/"},"modified":"2025-04-29T13:36:34","modified_gmt":"2025-04-29T11:36:34","slug":"ven-que-estoy-hirviendo-toda-la-gente","status":"publish","type":"product","link":"https:\/\/wpguerssen-test.odoo.rgbconsulting.com\/es\/producto\/ven-que-estoy-hirviendo-toda-la-gente\/","title":{"rendered":"Ven Que Estoy Hirviendo \/ Toda La Gente"},"content":{"rendered":"<p>Nos complace especialmente rescatar y presentar a \u00abLos Iracundos\u00bb de Uruguay. Comenzaron sus aventuras musicales en 1958 como The Blue Kings, influenciados por el rock and roll que ven\u00eda de Estados Unidos. En 1963 se presentaron en el Festival de la Canci\u00f3n Parque del Plata en Argentina donde fueron descubiertos por representantes de RCA V\u00edctor, quienes impulsaban los grupos beat de \u00abla nueva ola\u00bb, en ese momento cambiaron su nombre a Los Iracundos, consolid\u00e1ndose internacionalmente. Participaron en numerosas pel\u00edculas, festivales de la canci\u00f3n, giras internacionales en Europa y Estados Unidos y apariciones en televisi\u00f3n, ganando tremenda popularidad a nivel internacional, llegando a ganar un disco de oro en 1968. Esperamos que disfrutes de estas dos canciones creadas por esta gran banda y en especial por Eduardo Franco, autor de casi todo el repertorio de la banda.<br \/>Cara A &#8211; Ven que estoy Hirviendo: https:\/\/youtu.be\/JrjTUO7-9u8<br \/>Cara B &#8211; Toda la Gente : https:\/\/youtu.be\/wlwTQRvtdR8<\/p>\n","protected":false},"excerpt":{"rendered":"<p>Nos complace especialmente rescatar y presentar a \u00abLos Iracundos\u00bb de Uruguay. Comenzaron sus aventuras musicales en 1958 como The Blue Kings, influenciados por el<a class=\"read\" href=\"https:\/\/wpguerssen-test.odoo.rgbconsulting.com\/es\/producto\/ven-que-estoy-hirviendo-toda-la-gente\/\"> (...)<\/a>","protected":false},"featured_media":278384,"template":"","meta":{"_acf_changed":false},"product_brand":[],"product_cat":[23281],"product_tag":[24185],"class_list":{"0":"post-278523","1":"product","2":"type-product","3":"status-publish","4":"has-post-thumbnail","6":"product_cat-garagebeatrnb60-70-es","7":"product_tag-de-nuevo-en-existencia","8":"pa_artist-iracundos-los","9":"pa_format-7-es","10":"pa_gender-garage-beat-rnb60-70-garagebeatrnb60-70","11":"pa_label-discos-quilombo","12":"pa_location-south-america-caribbean-es","13":"pa_other-filters-vinyl-only-es","15":"first","16":"instock","17":"taxable","18":"shipping-taxable","19":"purchasable","20":"product-type-simple"},"acf":[],"yoast_head":"<!-- This site is optimized with the Yoast SEO plugin v24.9 - https:\/\/yoast.com\/wordpress\/plugins\/seo\/ -->\n<title>IRACUNDOS, Los - Ven Que Estoy Hirviendo \/ Toda La Gente -  (7&quot;) | Guerssen<\/title>\n<meta name=\"description\" content=\"We are especially pleased to rescue and present &quot;Los Iracundos&quot; from Uruguay. They began their musical adventures in 1958 as The Blue Kings, influenced by the rock and roll that came from US. In 1963 they performed at Parque del Plata Song Festival in Argentina where they were discovered by representatives of RCA V\u00edctor, which promoted the beat groups of &quot;la nueva ola&quot;, at that time they changed their name to Los Iracundos, establishing themselves internationally. They participated in numerous films, song festivals, international tours in Europe and the US and television appearances, gaining tremendous popularity internationally, eventually winning a gold record in 1968. We hope you enjoy these two songs created by this great band and especially by Eduardo Franco, author of almost the entire band&#039;s repertoire.Cara A - Ven que estoy Hirviendo: https:\/\/youtu.be\/JrjTUO7-9u8Cara B - Toda la Gente : https:\/\/youtu.be\/wlwTQRvtdR8\" \/>\n<meta name=\"robots\" content=\"index, follow, max-snippet:-1, max-image-preview:large, max-video-preview:-1\" \/>\n<link rel=\"canonical\" href=\"https:\/\/wpguerssen-test.odoo.rgbconsulting.com\/es\/producto\/ven-que-estoy-hirviendo-toda-la-gente\/\" \/>\n<meta property=\"og:locale\" content=\"es_ES\" \/>\n<meta property=\"og:type\" content=\"article\" \/>\n<meta property=\"og:title\" content=\"IRACUNDOS, Los - Ven Que Estoy Hirviendo \/ Toda La Gente -  (7&quot;) | Guerssen\" \/>\n<meta property=\"og:description\" content=\"We are especially pleased to rescue and present &quot;Los Iracundos&quot; from Uruguay. They began their musical adventures in 1958 as The Blue Kings, influenced by the rock and roll that came from US. In 1963 they performed at Parque del Plata Song Festival in Argentina where they were discovered by representatives of RCA V\u00edctor, which promoted the beat groups of &quot;la nueva ola&quot;, at that time they changed their name to Los Iracundos, establishing themselves internationally. They participated in numerous films, song festivals, international tours in Europe and the US and television appearances, gaining tremendous popularity internationally, eventually winning a gold record in 1968. We hope you enjoy these two songs created by this great band and especially by Eduardo Franco, author of almost the entire band&#039;s repertoire.Cara A - Ven que estoy Hirviendo: https:\/\/youtu.be\/JrjTUO7-9u8Cara B - Toda la Gente : https:\/\/youtu.be\/wlwTQRvtdR8\" \/>\n<meta property=\"og:url\" content=\"https:\/\/wpguerssen-test.odoo.rgbconsulting.com\/es\/producto\/ven-que-estoy-hirviendo-toda-la-gente\/\" \/>\n<meta property=\"og:site_name\" content=\"Guerssen records\" \/>\n<meta property=\"article:modified_time\" content=\"2025-04-29T11:36:34+00:00\" \/>\n<meta property=\"og:image\" content=\"https:\/\/wpguerssen-test.odoo.rgbconsulting.com\/wp-content\/uploads\/2024\/11\/49198.jpg\" \/>\n\t<meta property=\"og:image:width\" content=\"400\" \/>\n\t<meta property=\"og:image:height\" content=\"400\" \/>\n\t<meta property=\"og:image:type\" content=\"image\/jpeg\" \/>\n<meta name=\"twitter:card\" content=\"summary_large_image\" \/>\n<meta name=\"twitter:title\" content=\"IRACUNDOS, Los - Ven Que Estoy Hirviendo \/ Toda La Gente -  (7&quot;) | Guerssen\" \/>\n<meta name=\"twitter:label1\" content=\"Tiempo de lectura\" \/>\n\t<meta name=\"twitter:data1\" content=\"1 minuto\" \/>\n<script type=\"application\/ld+json\" class=\"yoast-schema-graph\">{\"@context\":\"https:\/\/schema.org\",\"@graph\":[{\"@type\":\"WebPage\",\"@id\":\"https:\/\/wpguerssen-test.odoo.rgbconsulting.com\/es\/producto\/ven-que-estoy-hirviendo-toda-la-gente\/\",\"url\":\"https:\/\/wpguerssen-test.odoo.rgbconsulting.com\/es\/producto\/ven-que-estoy-hirviendo-toda-la-gente\/\",\"name\":\"IRACUNDOS, Los - Ven Que Estoy Hirviendo \/ Toda La Gente - (7\\\") | Guerssen\",\"isPartOf\":{\"@id\":\"https:\/\/wpguerssen-test.odoo.rgbconsulting.com\/es\/#website\"},\"primaryImageOfPage\":{\"@id\":\"https:\/\/wpguerssen-test.odoo.rgbconsulting.com\/es\/producto\/ven-que-estoy-hirviendo-toda-la-gente\/#primaryimage\"},\"image\":{\"@id\":\"https:\/\/wpguerssen-test.odoo.rgbconsulting.com\/es\/producto\/ven-que-estoy-hirviendo-toda-la-gente\/#primaryimage\"},\"thumbnailUrl\":\"https:\/\/wpguerssen-test.odoo.rgbconsulting.com\/wp-content\/uploads\/2024\/11\/49198.jpg\",\"datePublished\":\"2025-02-19T23:00:00+00:00\",\"dateModified\":\"2025-04-29T11:36:34+00:00\",\"description\":\"We are especially pleased to rescue and present \\\"Los Iracundos\\\" from Uruguay. They began their musical adventures in 1958 as The Blue Kings, influenced by the rock and roll that came from US. In 1963 they performed at Parque del Plata Song Festival in Argentina where they were discovered by representatives of RCA V\u00edctor, which promoted the beat groups of \\\"la nueva ola\\\", at that time they changed their name to Los Iracundos, establishing themselves internationally. They participated in numerous films, song festivals, international tours in Europe and the US and television appearances, gaining tremendous popularity internationally, eventually winning a gold record in 1968. We hope you enjoy these two songs created by this great band and especially by Eduardo Franco, author of almost the entire band's repertoire.Cara A - Ven que estoy Hirviendo: https:\/\/youtu.be\/JrjTUO7-9u8Cara B - Toda la Gente : https:\/\/youtu.be\/wlwTQRvtdR8\",\"breadcrumb\":{\"@id\":\"https:\/\/wpguerssen-test.odoo.rgbconsulting.com\/es\/producto\/ven-que-estoy-hirviendo-toda-la-gente\/#breadcrumb\"},\"inLanguage\":\"es\",\"potentialAction\":[{\"@type\":\"ReadAction\",\"target\":[\"https:\/\/wpguerssen-test.odoo.rgbconsulting.com\/es\/producto\/ven-que-estoy-hirviendo-toda-la-gente\/\"]}]},{\"@type\":\"ImageObject\",\"inLanguage\":\"es\",\"@id\":\"https:\/\/wpguerssen-test.odoo.rgbconsulting.com\/es\/producto\/ven-que-estoy-hirviendo-toda-la-gente\/#primaryimage\",\"url\":\"https:\/\/wpguerssen-test.odoo.rgbconsulting.com\/wp-content\/uploads\/2024\/11\/49198.jpg\",\"contentUrl\":\"https:\/\/wpguerssen-test.odoo.rgbconsulting.com\/wp-content\/uploads\/2024\/11\/49198.jpg\",\"width\":400,\"height\":400,\"caption\":\"Los - Ven Que Estoy Hirviendo \/ Toda La Gente - DISCOS QUILOMBO (7\\\") | Guerssen\"},{\"@type\":\"BreadcrumbList\",\"@id\":\"https:\/\/wpguerssen-test.odoo.rgbconsulting.com\/es\/producto\/ven-que-estoy-hirviendo-toda-la-gente\/#breadcrumb\",\"itemListElement\":[{\"@type\":\"ListItem\",\"position\":1,\"name\":\"Inicio\",\"item\":\"https:\/\/wpguerssen-test.odoo.rgbconsulting.com\/es\/\"},{\"@type\":\"ListItem\",\"position\":2,\"name\":\"Shop\",\"item\":\"https:\/\/wpguerssen-test.odoo.rgbconsulting.com\/shop\/\"},{\"@type\":\"ListItem\",\"position\":3,\"name\":\"Ven Que Estoy Hirviendo \/ Toda La Gente\"}]},{\"@type\":\"WebSite\",\"@id\":\"https:\/\/wpguerssen-test.odoo.rgbconsulting.com\/es\/#website\",\"url\":\"https:\/\/wpguerssen-test.odoo.rgbconsulting.com\/es\/\",\"name\":\"Guerssen records\",\"description\":\"psychedelia - progressive - folk - garage \",\"publisher\":{\"@id\":\"https:\/\/wpguerssen-test.odoo.rgbconsulting.com\/es\/#organization\"},\"potentialAction\":[{\"@type\":\"SearchAction\",\"target\":{\"@type\":\"EntryPoint\",\"urlTemplate\":\"https:\/\/wpguerssen-test.odoo.rgbconsulting.com\/es\/?s={search_term_string}\"},\"query-input\":{\"@type\":\"PropertyValueSpecification\",\"valueRequired\":true,\"valueName\":\"search_term_string\"}}],\"inLanguage\":\"es\"},{\"@type\":\"Organization\",\"@id\":\"https:\/\/wpguerssen-test.odoo.rgbconsulting.com\/es\/#organization\",\"name\":\"Guerssen records\",\"url\":\"https:\/\/wpguerssen-test.odoo.rgbconsulting.com\/es\/\",\"logo\":{\"@type\":\"ImageObject\",\"inLanguage\":\"es\",\"@id\":\"https:\/\/wpguerssen-test.odoo.rgbconsulting.com\/es\/#\/schema\/logo\/image\/\",\"url\":\"https:\/\/wpguerssen-test.odoo.rgbconsulting.com\/wp-content\/uploads\/2022\/04\/Logo_Guerssen_trans_100.png\",\"contentUrl\":\"https:\/\/wpguerssen-test.odoo.rgbconsulting.com\/wp-content\/uploads\/2022\/04\/Logo_Guerssen_trans_100.png\",\"width\":122,\"height\":100,\"caption\":\"Guerssen records\"},\"image\":{\"@id\":\"https:\/\/wpguerssen-test.odoo.rgbconsulting.com\/es\/#\/schema\/logo\/image\/\"}}]}<\/script>\n<!-- \/ Yoast SEO plugin. -->","yoast_head_json":{"title":"IRACUNDOS, Los - Ven Que Estoy Hirviendo \/ Toda La Gente -  (7\") | Guerssen","description":"We are especially pleased to rescue and present \"Los Iracundos\" from Uruguay. They began their musical adventures in 1958 as The Blue Kings, influenced by the rock and roll that came from US. In 1963 they performed at Parque del Plata Song Festival in Argentina where they were discovered by representatives of RCA V\u00edctor, which promoted the beat groups of \"la nueva ola\", at that time they changed their name to Los Iracundos, establishing themselves internationally. They participated in numerous films, song festivals, international tours in Europe and the US and television appearances, gaining tremendous popularity internationally, eventually winning a gold record in 1968. We hope you enjoy these two songs created by this great band and especially by Eduardo Franco, author of almost the entire band's repertoire.Cara A - Ven que estoy Hirviendo: https:\/\/youtu.be\/JrjTUO7-9u8Cara B - Toda la Gente : https:\/\/youtu.be\/wlwTQRvtdR8","robots":{"index":"index","follow":"follow","max-snippet":"max-snippet:-1","max-image-preview":"max-image-preview:large","max-video-preview":"max-video-preview:-1"},"canonical":"https:\/\/wpguerssen-test.odoo.rgbconsulting.com\/es\/producto\/ven-que-estoy-hirviendo-toda-la-gente\/","og_locale":"es_ES","og_type":"article","og_title":"IRACUNDOS, Los - Ven Que Estoy Hirviendo \/ Toda La Gente -  (7\") | Guerssen","og_description":"We are especially pleased to rescue and present \"Los Iracundos\" from Uruguay. They began their musical adventures in 1958 as The Blue Kings, influenced by the rock and roll that came from US. In 1963 they performed at Parque del Plata Song Festival in Argentina where they were discovered by representatives of RCA V\u00edctor, which promoted the beat groups of \"la nueva ola\", at that time they changed their name to Los Iracundos, establishing themselves internationally. They participated in numerous films, song festivals, international tours in Europe and the US and television appearances, gaining tremendous popularity internationally, eventually winning a gold record in 1968. We hope you enjoy these two songs created by this great band and especially by Eduardo Franco, author of almost the entire band's repertoire.Cara A - Ven que estoy Hirviendo: https:\/\/youtu.be\/JrjTUO7-9u8Cara B - Toda la Gente : https:\/\/youtu.be\/wlwTQRvtdR8","og_url":"https:\/\/wpguerssen-test.odoo.rgbconsulting.com\/es\/producto\/ven-que-estoy-hirviendo-toda-la-gente\/","og_site_name":"Guerssen records","article_modified_time":"2025-04-29T11:36:34+00:00","og_image":[{"width":400,"height":400,"url":"https:\/\/wpguerssen-test.odoo.rgbconsulting.com\/wp-content\/uploads\/2024\/11\/49198.jpg","type":"image\/jpeg"}],"twitter_card":"summary_large_image","twitter_title":"IRACUNDOS, Los - Ven Que Estoy Hirviendo \/ Toda La Gente -  (7\") | Guerssen","twitter_misc":{"Tiempo de lectura":"1 minuto"},"schema":{"@context":"https:\/\/schema.org","@graph":[{"@type":"WebPage","@id":"https:\/\/wpguerssen-test.odoo.rgbconsulting.com\/es\/producto\/ven-que-estoy-hirviendo-toda-la-gente\/","url":"https:\/\/wpguerssen-test.odoo.rgbconsulting.com\/es\/producto\/ven-que-estoy-hirviendo-toda-la-gente\/","name":"IRACUNDOS, Los - Ven Que Estoy Hirviendo \/ Toda La Gente - (7\") | Guerssen","isPartOf":{"@id":"https:\/\/wpguerssen-test.odoo.rgbconsulting.com\/es\/#website"},"primaryImageOfPage":{"@id":"https:\/\/wpguerssen-test.odoo.rgbconsulting.com\/es\/producto\/ven-que-estoy-hirviendo-toda-la-gente\/#primaryimage"},"image":{"@id":"https:\/\/wpguerssen-test.odoo.rgbconsulting.com\/es\/producto\/ven-que-estoy-hirviendo-toda-la-gente\/#primaryimage"},"thumbnailUrl":"https:\/\/wpguerssen-test.odoo.rgbconsulting.com\/wp-content\/uploads\/2024\/11\/49198.jpg","datePublished":"2025-02-19T23:00:00+00:00","dateModified":"2025-04-29T11:36:34+00:00","description":"We are especially pleased to rescue and present \"Los Iracundos\" from Uruguay. They began their musical adventures in 1958 as The Blue Kings, influenced by the rock and roll that came from US. In 1963 they performed at Parque del Plata Song Festival in Argentina where they were discovered by representatives of RCA V\u00edctor, which promoted the beat groups of \"la nueva ola\", at that time they changed their name to Los Iracundos, establishing themselves internationally. They participated in numerous films, song festivals, international tours in Europe and the US and television appearances, gaining tremendous popularity internationally, eventually winning a gold record in 1968. We hope you enjoy these two songs created by this great band and especially by Eduardo Franco, author of almost the entire band's repertoire.Cara A - Ven que estoy Hirviendo: https:\/\/youtu.be\/JrjTUO7-9u8Cara B - Toda la Gente : https:\/\/youtu.be\/wlwTQRvtdR8","breadcrumb":{"@id":"https:\/\/wpguerssen-test.odoo.rgbconsulting.com\/es\/producto\/ven-que-estoy-hirviendo-toda-la-gente\/#breadcrumb"},"inLanguage":"es","potentialAction":[{"@type":"ReadAction","target":["https:\/\/wpguerssen-test.odoo.rgbconsulting.com\/es\/producto\/ven-que-estoy-hirviendo-toda-la-gente\/"]}]},{"@type":"ImageObject","inLanguage":"es","@id":"https:\/\/wpguerssen-test.odoo.rgbconsulting.com\/es\/producto\/ven-que-estoy-hirviendo-toda-la-gente\/#primaryimage","url":"https:\/\/wpguerssen-test.odoo.rgbconsulting.com\/wp-content\/uploads\/2024\/11\/49198.jpg","contentUrl":"https:\/\/wpguerssen-test.odoo.rgbconsulting.com\/wp-content\/uploads\/2024\/11\/49198.jpg","width":400,"height":400,"caption":"Los - Ven Que Estoy Hirviendo \/ Toda La Gente - DISCOS QUILOMBO (7\") | Guerssen"},{"@type":"BreadcrumbList","@id":"https:\/\/wpguerssen-test.odoo.rgbconsulting.com\/es\/producto\/ven-que-estoy-hirviendo-toda-la-gente\/#breadcrumb","itemListElement":[{"@type":"ListItem","position":1,"name":"Inicio","item":"https:\/\/wpguerssen-test.odoo.rgbconsulting.com\/es\/"},{"@type":"ListItem","position":2,"name":"Shop","item":"https:\/\/wpguerssen-test.odoo.rgbconsulting.com\/shop\/"},{"@type":"ListItem","position":3,"name":"Ven Que Estoy Hirviendo \/ Toda La Gente"}]},{"@type":"WebSite","@id":"https:\/\/wpguerssen-test.odoo.rgbconsulting.com\/es\/#website","url":"https:\/\/wpguerssen-test.odoo.rgbconsulting.com\/es\/","name":"Guerssen records","description":"psychedelia - progressive - folk - garage ","publisher":{"@id":"https:\/\/wpguerssen-test.odoo.rgbconsulting.com\/es\/#organization"},"potentialAction":[{"@type":"SearchAction","target":{"@type":"EntryPoint","urlTemplate":"https:\/\/wpguerssen-test.odoo.rgbconsulting.com\/es\/?s={search_term_string}"},"query-input":{"@type":"PropertyValueSpecification","valueRequired":true,"valueName":"search_term_string"}}],"inLanguage":"es"},{"@type":"Organization","@id":"https:\/\/wpguerssen-test.odoo.rgbconsulting.com\/es\/#organization","name":"Guerssen records","url":"https:\/\/wpguerssen-test.odoo.rgbconsulting.com\/es\/","logo":{"@type":"ImageObject","inLanguage":"es","@id":"https:\/\/wpguerssen-test.odoo.rgbconsulting.com\/es\/#\/schema\/logo\/image\/","url":"https:\/\/wpguerssen-test.odoo.rgbconsulting.com\/wp-content\/uploads\/2022\/04\/Logo_Guerssen_trans_100.png","contentUrl":"https:\/\/wpguerssen-test.odoo.rgbconsulting.com\/wp-content\/uploads\/2022\/04\/Logo_Guerssen_trans_100.png","width":122,"height":100,"caption":"Guerssen records"},"image":{"@id":"https:\/\/wpguerssen-test.odoo.rgbconsulting.com\/es\/#\/schema\/logo\/image\/"}}]}},"_links":{"self":[{"href":"https:\/\/wpguerssen-test.odoo.rgbconsulting.com\/es\/wp-json\/wp\/v2\/product\/278523","targetHints":{"allow":["GET"]}}],"collection":[{"href":"https:\/\/wpguerssen-test.odoo.rgbconsulting.com\/es\/wp-json\/wp\/v2\/product"}],"about":[{"href":"https:\/\/wpguerssen-test.odoo.rgbconsulting.com\/es\/wp-json\/wp\/v2\/types\/product"}],"wp:featuredmedia":[{"embeddable":true,"href":"https:\/\/wpguerssen-test.odoo.rgbconsulting.com\/es\/wp-json\/wp\/v2\/media\/278384"}],"wp:attachment":[{"href":"https:\/\/wpguerssen-test.odoo.rgbconsulting.com\/es\/wp-json\/wp\/v2\/media?parent=278523"}],"wp:term":[{"taxonomy":"product_brand","embeddable":true,"href":"https:\/\/wpguerssen-test.odoo.rgbconsulting.com\/es\/wp-json\/wp\/v2\/product_brand?post=278523"},{"taxonomy":"product_cat","embeddable":true,"href":"https:\/\/wpguerssen-test.odoo.rgbconsulting.com\/es\/wp-json\/wp\/v2\/product_cat?post=278523"},{"taxonomy":"product_tag","embeddable":true,"href":"https:\/\/wpguerssen-test.odoo.rgbconsulting.com\/es\/wp-json\/wp\/v2\/product_tag?post=278523"}],"curies":[{"name":"wp","href":"https:\/\/api.w.org\/{rel}","templated":true}]}}