{"id":278553,"date":"2024-12-12T00:00:00","date_gmt":"2024-12-11T23:00:00","guid":{"rendered":"https:\/\/wpguerssen-test.odoo.rgbconsulting.com\/product\/the-fadeaways-colored\/"},"modified":"2025-03-28T12:44:32","modified_gmt":"2025-03-28T11:44:32","slug":"the-fadeaways-colored","status":"publish","type":"product","link":"https:\/\/wpguerssen-test.odoo.rgbconsulting.com\/es\/producto\/the-fadeaways-colored\/","title":{"rendered":"The Fadeaways (Colored)"},"content":{"rendered":"<p>Desde sus inicios en Tokio en 2005, The Fadeaways no s\u00f3lo han tocado m\u00fasica, han orquestado una revoluci\u00f3n del garage punk rock, profundamente impregnada de la energ\u00eda cruda del garage punk de los 60 y del punk trash de los 70. El tr\u00edo es un espect\u00e1culo de brillantez musical en\u00e9rgica, garage, pop y punk, vestidos con trajes inspirados en el Europop de los a\u00f1os 60 que gritan estilo tan fuerte como su m\u00fasica.<br \/>Cada espect\u00e1culo es una experiencia cargada de adrenalina en la que Toyozo (voz y bajo) a menudo se encuentra saltando sobre el bombo, cantando melod\u00edas mientras est\u00e1 encaramado sobre el tambor agitado. Ozzy (bater\u00eda) no es de los que se quedan atr\u00e1s, fusionando su forma de tocar la bater\u00eda con sorprendentes paradas de manos en su kit. Y Assman (guitarra) encarna el esp\u00edritu del rock japon\u00e9s, saltando por el aire y, en un momento inolvidable, rompiendo una botella de Asahi que le entreg\u00f3 un miembro de la audiencia, todo sin perder el ritmo de su guitarra.<\/p>\n","protected":false},"excerpt":{"rendered":"<p>Desde sus inicios en Tokio en 2005, The Fadeaways no s\u00f3lo han tocado m\u00fasica, han orquestado una revoluci\u00f3n del garage punk rock, profundamente impregnada de la<a class=\"read\" href=\"https:\/\/wpguerssen-test.odoo.rgbconsulting.com\/es\/producto\/the-fadeaways-colored\/\"> (...)<\/a>","protected":false},"featured_media":278474,"template":"","meta":{"_acf_changed":false},"product_brand":[],"product_cat":[23282],"product_tag":[29140],"class_list":{"0":"post-278553","1":"product","2":"type-product","3":"status-publish","4":"has-post-thumbnail","6":"product_cat-garagebeatrnb00now-es","7":"product_tag-color-vinyl-es","8":"pa_artist-fadeaways-the","9":"pa_format-lp-es","10":"pa_gender-garage-beat-rnb00now-garagebeatrnb00now","11":"pa_label-groovie-records","12":"pa_location-asia-es","13":"pa_other-filters-vinyl-only-es","15":"first","16":"instock","17":"taxable","18":"shipping-taxable","19":"purchasable","20":"product-type-simple"},"acf":[],"yoast_head":"<!-- This site is optimized with the Yoast SEO plugin v24.9 - https:\/\/yoast.com\/wordpress\/plugins\/seo\/ -->\n<title>FADEAWAYS, The - The Fadeaways (Colored) -  (LP) | Guerssen<\/title>\n<meta name=\"description\" content=\"Since their inception in Tokyo in 2005, The Fadeaways have not just played music; they&#039;ve orchestrated a garage punk rock revolution, deeply infused with the raw energy of &#039;60s garage punk and &#039;70s punk trash. The trio are a spectacle of high energy, garage, pop, and punk music brilliance, dressed in matching &#039;60s Europop-inspired outfits that scream style as loud as their music.Each show is an adrenaline-fueled experience where Toyozo (vocals and bass) often finds himself leaping onto the kick drum, belting out tunes while perched atop the heaving drum. Ozzy (drums) isn&#039;t one to stay behind, melding his drumming with astonishing handstands on his kit. And Assman (guitar) embodies the spirit of Japanese rock, leaping through the air and, in one unforgettable moment, skulling a bottle of Asahi handed to him by an audience member--all without missing a beat on his guitar.Here their new full lenght, carved in fuzz, with some classic covers and some originals to make you head blowingin!\" \/>\n<meta name=\"robots\" content=\"index, follow, max-snippet:-1, max-image-preview:large, max-video-preview:-1\" \/>\n<link rel=\"canonical\" href=\"https:\/\/wpguerssen-test.odoo.rgbconsulting.com\/es\/producto\/the-fadeaways-colored\/\" \/>\n<meta property=\"og:locale\" content=\"es_ES\" \/>\n<meta property=\"og:type\" content=\"article\" \/>\n<meta property=\"og:title\" content=\"FADEAWAYS, The - The Fadeaways (Colored) -  (LP) | Guerssen\" \/>\n<meta property=\"og:description\" content=\"Since their inception in Tokyo in 2005, The Fadeaways have not just played music; they&#039;ve orchestrated a garage punk rock revolution, deeply infused with the raw energy of &#039;60s garage punk and &#039;70s punk trash. The trio are a spectacle of high energy, garage, pop, and punk music brilliance, dressed in matching &#039;60s Europop-inspired outfits that scream style as loud as their music.Each show is an adrenaline-fueled experience where Toyozo (vocals and bass) often finds himself leaping onto the kick drum, belting out tunes while perched atop the heaving drum. Ozzy (drums) isn&#039;t one to stay behind, melding his drumming with astonishing handstands on his kit. And Assman (guitar) embodies the spirit of Japanese rock, leaping through the air and, in one unforgettable moment, skulling a bottle of Asahi handed to him by an audience member--all without missing a beat on his guitar.Here their new full lenght, carved in fuzz, with some classic covers and some originals to make you head blowingin!\" \/>\n<meta property=\"og:url\" content=\"https:\/\/wpguerssen-test.odoo.rgbconsulting.com\/es\/producto\/the-fadeaways-colored\/\" \/>\n<meta property=\"og:site_name\" content=\"Guerssen records\" \/>\n<meta property=\"article:modified_time\" content=\"2025-03-28T11:44:32+00:00\" \/>\n<meta property=\"og:image\" content=\"https:\/\/wpguerssen-test.odoo.rgbconsulting.com\/wp-content\/uploads\/2024\/11\/49232.jpg\" \/>\n\t<meta property=\"og:image:width\" content=\"1200\" \/>\n\t<meta property=\"og:image:height\" content=\"1199\" \/>\n\t<meta property=\"og:image:type\" content=\"image\/jpeg\" \/>\n<meta name=\"twitter:card\" content=\"summary_large_image\" \/>\n<meta name=\"twitter:title\" content=\"FADEAWAYS, The - The Fadeaways (Colored) -  (LP) | Guerssen\" \/>\n<meta name=\"twitter:label1\" content=\"Tiempo de lectura\" \/>\n\t<meta name=\"twitter:data1\" content=\"1 minuto\" \/>\n<script type=\"application\/ld+json\" class=\"yoast-schema-graph\">{\"@context\":\"https:\/\/schema.org\",\"@graph\":[{\"@type\":\"WebPage\",\"@id\":\"https:\/\/wpguerssen-test.odoo.rgbconsulting.com\/es\/producto\/the-fadeaways-colored\/\",\"url\":\"https:\/\/wpguerssen-test.odoo.rgbconsulting.com\/es\/producto\/the-fadeaways-colored\/\",\"name\":\"FADEAWAYS, The - The Fadeaways (Colored) - (LP) | Guerssen\",\"isPartOf\":{\"@id\":\"https:\/\/wpguerssen-test.odoo.rgbconsulting.com\/es\/#website\"},\"primaryImageOfPage\":{\"@id\":\"https:\/\/wpguerssen-test.odoo.rgbconsulting.com\/es\/producto\/the-fadeaways-colored\/#primaryimage\"},\"image\":{\"@id\":\"https:\/\/wpguerssen-test.odoo.rgbconsulting.com\/es\/producto\/the-fadeaways-colored\/#primaryimage\"},\"thumbnailUrl\":\"https:\/\/wpguerssen-test.odoo.rgbconsulting.com\/wp-content\/uploads\/2024\/11\/49232.jpg\",\"datePublished\":\"2024-12-11T23:00:00+00:00\",\"dateModified\":\"2025-03-28T11:44:32+00:00\",\"description\":\"Since their inception in Tokyo in 2005, The Fadeaways have not just played music; they've orchestrated a garage punk rock revolution, deeply infused with the raw energy of '60s garage punk and '70s punk trash. The trio are a spectacle of high energy, garage, pop, and punk music brilliance, dressed in matching '60s Europop-inspired outfits that scream style as loud as their music.Each show is an adrenaline-fueled experience where Toyozo (vocals and bass) often finds himself leaping onto the kick drum, belting out tunes while perched atop the heaving drum. Ozzy (drums) isn't one to stay behind, melding his drumming with astonishing handstands on his kit. And Assman (guitar) embodies the spirit of Japanese rock, leaping through the air and, in one unforgettable moment, skulling a bottle of Asahi handed to him by an audience member--all without missing a beat on his guitar.Here their new full lenght, carved in fuzz, with some classic covers and some originals to make you head blowingin!\",\"breadcrumb\":{\"@id\":\"https:\/\/wpguerssen-test.odoo.rgbconsulting.com\/es\/producto\/the-fadeaways-colored\/#breadcrumb\"},\"inLanguage\":\"es\",\"potentialAction\":[{\"@type\":\"ReadAction\",\"target\":[\"https:\/\/wpguerssen-test.odoo.rgbconsulting.com\/es\/producto\/the-fadeaways-colored\/\"]}]},{\"@type\":\"ImageObject\",\"inLanguage\":\"es\",\"@id\":\"https:\/\/wpguerssen-test.odoo.rgbconsulting.com\/es\/producto\/the-fadeaways-colored\/#primaryimage\",\"url\":\"https:\/\/wpguerssen-test.odoo.rgbconsulting.com\/wp-content\/uploads\/2024\/11\/49232.jpg\",\"contentUrl\":\"https:\/\/wpguerssen-test.odoo.rgbconsulting.com\/wp-content\/uploads\/2024\/11\/49232.jpg\",\"width\":1200,\"height\":1199,\"caption\":\"The - The Fadeaways (Colored) - GROOVIE RECORDS (LP) | Guerssen\"},{\"@type\":\"BreadcrumbList\",\"@id\":\"https:\/\/wpguerssen-test.odoo.rgbconsulting.com\/es\/producto\/the-fadeaways-colored\/#breadcrumb\",\"itemListElement\":[{\"@type\":\"ListItem\",\"position\":1,\"name\":\"Inicio\",\"item\":\"https:\/\/wpguerssen-test.odoo.rgbconsulting.com\/es\/\"},{\"@type\":\"ListItem\",\"position\":2,\"name\":\"Shop\",\"item\":\"https:\/\/wpguerssen-test.odoo.rgbconsulting.com\/shop\/\"},{\"@type\":\"ListItem\",\"position\":3,\"name\":\"The Fadeaways (Colored)\"}]},{\"@type\":\"WebSite\",\"@id\":\"https:\/\/wpguerssen-test.odoo.rgbconsulting.com\/es\/#website\",\"url\":\"https:\/\/wpguerssen-test.odoo.rgbconsulting.com\/es\/\",\"name\":\"Guerssen records\",\"description\":\"psychedelia - progressive - folk - garage \",\"publisher\":{\"@id\":\"https:\/\/wpguerssen-test.odoo.rgbconsulting.com\/es\/#organization\"},\"potentialAction\":[{\"@type\":\"SearchAction\",\"target\":{\"@type\":\"EntryPoint\",\"urlTemplate\":\"https:\/\/wpguerssen-test.odoo.rgbconsulting.com\/es\/?s={search_term_string}\"},\"query-input\":{\"@type\":\"PropertyValueSpecification\",\"valueRequired\":true,\"valueName\":\"search_term_string\"}}],\"inLanguage\":\"es\"},{\"@type\":\"Organization\",\"@id\":\"https:\/\/wpguerssen-test.odoo.rgbconsulting.com\/es\/#organization\",\"name\":\"Guerssen records\",\"url\":\"https:\/\/wpguerssen-test.odoo.rgbconsulting.com\/es\/\",\"logo\":{\"@type\":\"ImageObject\",\"inLanguage\":\"es\",\"@id\":\"https:\/\/wpguerssen-test.odoo.rgbconsulting.com\/es\/#\/schema\/logo\/image\/\",\"url\":\"https:\/\/wpguerssen-test.odoo.rgbconsulting.com\/wp-content\/uploads\/2022\/04\/Logo_Guerssen_trans_100.png\",\"contentUrl\":\"https:\/\/wpguerssen-test.odoo.rgbconsulting.com\/wp-content\/uploads\/2022\/04\/Logo_Guerssen_trans_100.png\",\"width\":122,\"height\":100,\"caption\":\"Guerssen records\"},\"image\":{\"@id\":\"https:\/\/wpguerssen-test.odoo.rgbconsulting.com\/es\/#\/schema\/logo\/image\/\"}}]}<\/script>\n<!-- \/ Yoast SEO plugin. -->","yoast_head_json":{"title":"FADEAWAYS, The - The Fadeaways (Colored) -  (LP) | Guerssen","description":"Since their inception in Tokyo in 2005, The Fadeaways have not just played music; they've orchestrated a garage punk rock revolution, deeply infused with the raw energy of '60s garage punk and '70s punk trash. The trio are a spectacle of high energy, garage, pop, and punk music brilliance, dressed in matching '60s Europop-inspired outfits that scream style as loud as their music.Each show is an adrenaline-fueled experience where Toyozo (vocals and bass) often finds himself leaping onto the kick drum, belting out tunes while perched atop the heaving drum. Ozzy (drums) isn't one to stay behind, melding his drumming with astonishing handstands on his kit. And Assman (guitar) embodies the spirit of Japanese rock, leaping through the air and, in one unforgettable moment, skulling a bottle of Asahi handed to him by an audience member--all without missing a beat on his guitar.Here their new full lenght, carved in fuzz, with some classic covers and some originals to make you head blowingin!","robots":{"index":"index","follow":"follow","max-snippet":"max-snippet:-1","max-image-preview":"max-image-preview:large","max-video-preview":"max-video-preview:-1"},"canonical":"https:\/\/wpguerssen-test.odoo.rgbconsulting.com\/es\/producto\/the-fadeaways-colored\/","og_locale":"es_ES","og_type":"article","og_title":"FADEAWAYS, The - The Fadeaways (Colored) -  (LP) | Guerssen","og_description":"Since their inception in Tokyo in 2005, The Fadeaways have not just played music; they've orchestrated a garage punk rock revolution, deeply infused with the raw energy of '60s garage punk and '70s punk trash. The trio are a spectacle of high energy, garage, pop, and punk music brilliance, dressed in matching '60s Europop-inspired outfits that scream style as loud as their music.Each show is an adrenaline-fueled experience where Toyozo (vocals and bass) often finds himself leaping onto the kick drum, belting out tunes while perched atop the heaving drum. Ozzy (drums) isn't one to stay behind, melding his drumming with astonishing handstands on his kit. And Assman (guitar) embodies the spirit of Japanese rock, leaping through the air and, in one unforgettable moment, skulling a bottle of Asahi handed to him by an audience member--all without missing a beat on his guitar.Here their new full lenght, carved in fuzz, with some classic covers and some originals to make you head blowingin!","og_url":"https:\/\/wpguerssen-test.odoo.rgbconsulting.com\/es\/producto\/the-fadeaways-colored\/","og_site_name":"Guerssen records","article_modified_time":"2025-03-28T11:44:32+00:00","og_image":[{"width":1200,"height":1199,"url":"https:\/\/wpguerssen-test.odoo.rgbconsulting.com\/wp-content\/uploads\/2024\/11\/49232.jpg","type":"image\/jpeg"}],"twitter_card":"summary_large_image","twitter_title":"FADEAWAYS, The - The Fadeaways (Colored) -  (LP) | Guerssen","twitter_misc":{"Tiempo de lectura":"1 minuto"},"schema":{"@context":"https:\/\/schema.org","@graph":[{"@type":"WebPage","@id":"https:\/\/wpguerssen-test.odoo.rgbconsulting.com\/es\/producto\/the-fadeaways-colored\/","url":"https:\/\/wpguerssen-test.odoo.rgbconsulting.com\/es\/producto\/the-fadeaways-colored\/","name":"FADEAWAYS, The - The Fadeaways (Colored) - (LP) | Guerssen","isPartOf":{"@id":"https:\/\/wpguerssen-test.odoo.rgbconsulting.com\/es\/#website"},"primaryImageOfPage":{"@id":"https:\/\/wpguerssen-test.odoo.rgbconsulting.com\/es\/producto\/the-fadeaways-colored\/#primaryimage"},"image":{"@id":"https:\/\/wpguerssen-test.odoo.rgbconsulting.com\/es\/producto\/the-fadeaways-colored\/#primaryimage"},"thumbnailUrl":"https:\/\/wpguerssen-test.odoo.rgbconsulting.com\/wp-content\/uploads\/2024\/11\/49232.jpg","datePublished":"2024-12-11T23:00:00+00:00","dateModified":"2025-03-28T11:44:32+00:00","description":"Since their inception in Tokyo in 2005, The Fadeaways have not just played music; they've orchestrated a garage punk rock revolution, deeply infused with the raw energy of '60s garage punk and '70s punk trash. The trio are a spectacle of high energy, garage, pop, and punk music brilliance, dressed in matching '60s Europop-inspired outfits that scream style as loud as their music.Each show is an adrenaline-fueled experience where Toyozo (vocals and bass) often finds himself leaping onto the kick drum, belting out tunes while perched atop the heaving drum. Ozzy (drums) isn't one to stay behind, melding his drumming with astonishing handstands on his kit. And Assman (guitar) embodies the spirit of Japanese rock, leaping through the air and, in one unforgettable moment, skulling a bottle of Asahi handed to him by an audience member--all without missing a beat on his guitar.Here their new full lenght, carved in fuzz, with some classic covers and some originals to make you head blowingin!","breadcrumb":{"@id":"https:\/\/wpguerssen-test.odoo.rgbconsulting.com\/es\/producto\/the-fadeaways-colored\/#breadcrumb"},"inLanguage":"es","potentialAction":[{"@type":"ReadAction","target":["https:\/\/wpguerssen-test.odoo.rgbconsulting.com\/es\/producto\/the-fadeaways-colored\/"]}]},{"@type":"ImageObject","inLanguage":"es","@id":"https:\/\/wpguerssen-test.odoo.rgbconsulting.com\/es\/producto\/the-fadeaways-colored\/#primaryimage","url":"https:\/\/wpguerssen-test.odoo.rgbconsulting.com\/wp-content\/uploads\/2024\/11\/49232.jpg","contentUrl":"https:\/\/wpguerssen-test.odoo.rgbconsulting.com\/wp-content\/uploads\/2024\/11\/49232.jpg","width":1200,"height":1199,"caption":"The - The Fadeaways (Colored) - GROOVIE RECORDS (LP) | Guerssen"},{"@type":"BreadcrumbList","@id":"https:\/\/wpguerssen-test.odoo.rgbconsulting.com\/es\/producto\/the-fadeaways-colored\/#breadcrumb","itemListElement":[{"@type":"ListItem","position":1,"name":"Inicio","item":"https:\/\/wpguerssen-test.odoo.rgbconsulting.com\/es\/"},{"@type":"ListItem","position":2,"name":"Shop","item":"https:\/\/wpguerssen-test.odoo.rgbconsulting.com\/shop\/"},{"@type":"ListItem","position":3,"name":"The Fadeaways (Colored)"}]},{"@type":"WebSite","@id":"https:\/\/wpguerssen-test.odoo.rgbconsulting.com\/es\/#website","url":"https:\/\/wpguerssen-test.odoo.rgbconsulting.com\/es\/","name":"Guerssen records","description":"psychedelia - progressive - folk - garage ","publisher":{"@id":"https:\/\/wpguerssen-test.odoo.rgbconsulting.com\/es\/#organization"},"potentialAction":[{"@type":"SearchAction","target":{"@type":"EntryPoint","urlTemplate":"https:\/\/wpguerssen-test.odoo.rgbconsulting.com\/es\/?s={search_term_string}"},"query-input":{"@type":"PropertyValueSpecification","valueRequired":true,"valueName":"search_term_string"}}],"inLanguage":"es"},{"@type":"Organization","@id":"https:\/\/wpguerssen-test.odoo.rgbconsulting.com\/es\/#organization","name":"Guerssen records","url":"https:\/\/wpguerssen-test.odoo.rgbconsulting.com\/es\/","logo":{"@type":"ImageObject","inLanguage":"es","@id":"https:\/\/wpguerssen-test.odoo.rgbconsulting.com\/es\/#\/schema\/logo\/image\/","url":"https:\/\/wpguerssen-test.odoo.rgbconsulting.com\/wp-content\/uploads\/2022\/04\/Logo_Guerssen_trans_100.png","contentUrl":"https:\/\/wpguerssen-test.odoo.rgbconsulting.com\/wp-content\/uploads\/2022\/04\/Logo_Guerssen_trans_100.png","width":122,"height":100,"caption":"Guerssen records"},"image":{"@id":"https:\/\/wpguerssen-test.odoo.rgbconsulting.com\/es\/#\/schema\/logo\/image\/"}}]}},"_links":{"self":[{"href":"https:\/\/wpguerssen-test.odoo.rgbconsulting.com\/es\/wp-json\/wp\/v2\/product\/278553","targetHints":{"allow":["GET"]}}],"collection":[{"href":"https:\/\/wpguerssen-test.odoo.rgbconsulting.com\/es\/wp-json\/wp\/v2\/product"}],"about":[{"href":"https:\/\/wpguerssen-test.odoo.rgbconsulting.com\/es\/wp-json\/wp\/v2\/types\/product"}],"wp:featuredmedia":[{"embeddable":true,"href":"https:\/\/wpguerssen-test.odoo.rgbconsulting.com\/es\/wp-json\/wp\/v2\/media\/278474"}],"wp:attachment":[{"href":"https:\/\/wpguerssen-test.odoo.rgbconsulting.com\/es\/wp-json\/wp\/v2\/media?parent=278553"}],"wp:term":[{"taxonomy":"product_brand","embeddable":true,"href":"https:\/\/wpguerssen-test.odoo.rgbconsulting.com\/es\/wp-json\/wp\/v2\/product_brand?post=278553"},{"taxonomy":"product_cat","embeddable":true,"href":"https:\/\/wpguerssen-test.odoo.rgbconsulting.com\/es\/wp-json\/wp\/v2\/product_cat?post=278553"},{"taxonomy":"product_tag","embeddable":true,"href":"https:\/\/wpguerssen-test.odoo.rgbconsulting.com\/es\/wp-json\/wp\/v2\/product_tag?post=278553"}],"curies":[{"name":"wp","href":"https:\/\/api.w.org\/{rel}","templated":true}]}}