{"id":278576,"date":"2024-12-13T00:00:00","date_gmt":"2024-12-12T23:00:00","guid":{"rendered":"https:\/\/wpguerssen-test.odoo.rgbconsulting.com\/product\/ciudad-dormida\/"},"modified":"2025-03-28T12:44:36","modified_gmt":"2025-03-28T11:44:36","slug":"ciudad-dormida","status":"publish","type":"product","link":"https:\/\/wpguerssen-test.odoo.rgbconsulting.com\/es\/producto\/ciudad-dormida\/","title":{"rendered":"Ciudad Dormida"},"content":{"rendered":"<p>El iceberg de nuestra mente<br \/>Muchas de las cosas que pensamos, sentimos, sufrimos o creemos en la vida proceden en realidad de un lugar abstracto y completamente subjetivo que nos habita: nuestro subconsciente. Como si de un iceberg se tratara, nuestra realidadse divide en dos partes: la emergida, activa y reconocible a la vista de todo el mundo; y la sumergida, oculta y mucho m\u00e1s extensa e influyente de lo que parece. Esta segunda parte, muchas veces intangible e indescifrable, nos hace ser como somos y hacer lo que hacemos; y es precisamente el objeto de estudio art\u00edstico en el que Alberto Montero ha centrado Ciudad dormida, su s\u00e9ptimo \u00e1lbum.<br \/>Presentado como una invitaci\u00f3n a recorrer las calles del subconsciente del m\u00fasico, el nuevo trabajo del valenciano transita las fronteras entre lo visible y lo invisible, dej\u00e1ndonos piezas a caballo entre los dos mundos. As\u00ed, volviendo a lasenda del folk de autor m\u00e1s intimista y emocional, y conectando por tanto con sus primeros trabajos, Alberto Montero, plantea un cancionero que tiende a lo et\u00e9reo y nos permite entender algunos de los elementos que configuran su identidad no solo art\u00edstica sino tambi\u00e9n personal. Algunos de los principales, de hecho, unifican al artista y a la persona: son la b\u00fasqueda de su esencia y de la comprensi\u00f3n del misterio de la vida y del proceso compositivo.<\/p>\n","protected":false},"excerpt":{"rendered":"<p>El iceberg de nuestra mente<br \/>Muchas de las cosas que pensamos, sentimos, sufrimos o creemos en la vida proceden en realidad de un lugar abstracto y completamente<a class=\"read\" href=\"https:\/\/wpguerssen-test.odoo.rgbconsulting.com\/es\/producto\/ciudad-dormida\/\"> (...)<\/a>","protected":false},"featured_media":278574,"template":"","meta":{"_acf_changed":false},"product_brand":[],"product_cat":[21659,23270],"product_tag":[],"class_list":{"0":"post-278576","1":"product","2":"type-product","3":"status-publish","4":"has-post-thumbnail","6":"product_cat-psychedelic00s-now-es","7":"product_cat-folk-00s-now-es","8":"pa_artist-montero-alberto-es","9":"pa_format-lp-es","10":"pa_gender-folk-00s-now-psychedelic00s-now","11":"pa_label-bcore-es","12":"pa_location-spain-es","13":"pa_other-filters-vinyl-only-es","15":"first","16":"instock","17":"taxable","18":"shipping-taxable","19":"purchasable","20":"product-type-simple"},"acf":[],"yoast_head":"<!-- This site is optimized with the Yoast SEO plugin v24.9 - https:\/\/yoast.com\/wordpress\/plugins\/seo\/ -->\n<title>MONTERO, Alberto - Ciudad Dormida -  (LP) | Guerssen<\/title>\n<meta name=\"description\" content=\"The iceberg of our mind.Many of the things we think, feel, suffer or believe in life actually come from an abstract and completely subjective place that inhabits us: our subconscious. As if it were an iceberg, our reality is divided into two parts: the emerged, active and recognizable part for everyone to see; and the submerged, hidden and much more extensive and influential than it seems. This second part, often intangible and indecipherable, makes us who we are and do what we do; and it is precisely the object of artistic study on which Alberto Montero has focused &quot;Ciudad dormida&quot;, his seventh album.Presented as an invitation to walk the streets of the musician&#039;s subconscious, the Valencian&#039;s new work crosses the borders between the visible and the invisible, leaving us pieces straddling the two worlds. Thus, returning to the path of the most intimate and emotional folk singer-songwriter, and thus connecting with his first works, Alberto Montero, proposes a songbook that tends towards the ethereal and allows us to understand some of the elements that make up his identity, not only artistically but also personally. Some of the main elements, in fact, unify the artist and the person: the search for his essence and the understanding of the mystery of life and the compositional process.\" \/>\n<meta name=\"robots\" content=\"index, follow, max-snippet:-1, max-image-preview:large, max-video-preview:-1\" \/>\n<link rel=\"canonical\" href=\"https:\/\/wpguerssen-test.odoo.rgbconsulting.com\/es\/producto\/ciudad-dormida\/\" \/>\n<meta property=\"og:locale\" content=\"es_ES\" \/>\n<meta property=\"og:type\" content=\"article\" \/>\n<meta property=\"og:title\" content=\"MONTERO, Alberto - Ciudad Dormida -  (LP) | Guerssen\" \/>\n<meta property=\"og:description\" content=\"The iceberg of our mind.Many of the things we think, feel, suffer or believe in life actually come from an abstract and completely subjective place that inhabits us: our subconscious. As if it were an iceberg, our reality is divided into two parts: the emerged, active and recognizable part for everyone to see; and the submerged, hidden and much more extensive and influential than it seems. This second part, often intangible and indecipherable, makes us who we are and do what we do; and it is precisely the object of artistic study on which Alberto Montero has focused &quot;Ciudad dormida&quot;, his seventh album.Presented as an invitation to walk the streets of the musician&#039;s subconscious, the Valencian&#039;s new work crosses the borders between the visible and the invisible, leaving us pieces straddling the two worlds. Thus, returning to the path of the most intimate and emotional folk singer-songwriter, and thus connecting with his first works, Alberto Montero, proposes a songbook that tends towards the ethereal and allows us to understand some of the elements that make up his identity, not only artistically but also personally. Some of the main elements, in fact, unify the artist and the person: the search for his essence and the understanding of the mystery of life and the compositional process.\" \/>\n<meta property=\"og:url\" content=\"https:\/\/wpguerssen-test.odoo.rgbconsulting.com\/es\/producto\/ciudad-dormida\/\" \/>\n<meta property=\"og:site_name\" content=\"Guerssen records\" \/>\n<meta property=\"article:modified_time\" content=\"2025-03-28T11:44:36+00:00\" \/>\n<meta property=\"og:image\" content=\"https:\/\/wpguerssen-test.odoo.rgbconsulting.com\/wp-content\/uploads\/2024\/11\/49243.jpg\" \/>\n\t<meta property=\"og:image:width\" content=\"700\" \/>\n\t<meta property=\"og:image:height\" content=\"700\" \/>\n\t<meta property=\"og:image:type\" content=\"image\/jpeg\" \/>\n<meta name=\"twitter:card\" content=\"summary_large_image\" \/>\n<meta name=\"twitter:title\" content=\"MONTERO, Alberto - Ciudad Dormida -  (LP) | Guerssen\" \/>\n<meta name=\"twitter:label1\" content=\"Tiempo de lectura\" \/>\n\t<meta name=\"twitter:data1\" content=\"1 minuto\" \/>\n<script type=\"application\/ld+json\" class=\"yoast-schema-graph\">{\"@context\":\"https:\/\/schema.org\",\"@graph\":[{\"@type\":\"WebPage\",\"@id\":\"https:\/\/wpguerssen-test.odoo.rgbconsulting.com\/es\/producto\/ciudad-dormida\/\",\"url\":\"https:\/\/wpguerssen-test.odoo.rgbconsulting.com\/es\/producto\/ciudad-dormida\/\",\"name\":\"MONTERO, Alberto - Ciudad Dormida - (LP) | Guerssen\",\"isPartOf\":{\"@id\":\"https:\/\/wpguerssen-test.odoo.rgbconsulting.com\/es\/#website\"},\"primaryImageOfPage\":{\"@id\":\"https:\/\/wpguerssen-test.odoo.rgbconsulting.com\/es\/producto\/ciudad-dormida\/#primaryimage\"},\"image\":{\"@id\":\"https:\/\/wpguerssen-test.odoo.rgbconsulting.com\/es\/producto\/ciudad-dormida\/#primaryimage\"},\"thumbnailUrl\":\"https:\/\/wpguerssen-test.odoo.rgbconsulting.com\/wp-content\/uploads\/2024\/11\/49243.jpg\",\"datePublished\":\"2024-12-12T23:00:00+00:00\",\"dateModified\":\"2025-03-28T11:44:36+00:00\",\"description\":\"The iceberg of our mind.Many of the things we think, feel, suffer or believe in life actually come from an abstract and completely subjective place that inhabits us: our subconscious. As if it were an iceberg, our reality is divided into two parts: the emerged, active and recognizable part for everyone to see; and the submerged, hidden and much more extensive and influential than it seems. This second part, often intangible and indecipherable, makes us who we are and do what we do; and it is precisely the object of artistic study on which Alberto Montero has focused \\\"Ciudad dormida\\\", his seventh album.Presented as an invitation to walk the streets of the musician's subconscious, the Valencian's new work crosses the borders between the visible and the invisible, leaving us pieces straddling the two worlds. Thus, returning to the path of the most intimate and emotional folk singer-songwriter, and thus connecting with his first works, Alberto Montero, proposes a songbook that tends towards the ethereal and allows us to understand some of the elements that make up his identity, not only artistically but also personally. Some of the main elements, in fact, unify the artist and the person: the search for his essence and the understanding of the mystery of life and the compositional process.\",\"breadcrumb\":{\"@id\":\"https:\/\/wpguerssen-test.odoo.rgbconsulting.com\/es\/producto\/ciudad-dormida\/#breadcrumb\"},\"inLanguage\":\"es\",\"potentialAction\":[{\"@type\":\"ReadAction\",\"target\":[\"https:\/\/wpguerssen-test.odoo.rgbconsulting.com\/es\/producto\/ciudad-dormida\/\"]}]},{\"@type\":\"ImageObject\",\"inLanguage\":\"es\",\"@id\":\"https:\/\/wpguerssen-test.odoo.rgbconsulting.com\/es\/producto\/ciudad-dormida\/#primaryimage\",\"url\":\"https:\/\/wpguerssen-test.odoo.rgbconsulting.com\/wp-content\/uploads\/2024\/11\/49243.jpg\",\"contentUrl\":\"https:\/\/wpguerssen-test.odoo.rgbconsulting.com\/wp-content\/uploads\/2024\/11\/49243.jpg\",\"width\":700,\"height\":700,\"caption\":\"Alberto - Ciudad Dormida - BCORE (LP) | Guerssen\"},{\"@type\":\"BreadcrumbList\",\"@id\":\"https:\/\/wpguerssen-test.odoo.rgbconsulting.com\/es\/producto\/ciudad-dormida\/#breadcrumb\",\"itemListElement\":[{\"@type\":\"ListItem\",\"position\":1,\"name\":\"Inicio\",\"item\":\"https:\/\/wpguerssen-test.odoo.rgbconsulting.com\/es\/\"},{\"@type\":\"ListItem\",\"position\":2,\"name\":\"Shop\",\"item\":\"https:\/\/wpguerssen-test.odoo.rgbconsulting.com\/shop\/\"},{\"@type\":\"ListItem\",\"position\":3,\"name\":\"Ciudad Dormida\"}]},{\"@type\":\"WebSite\",\"@id\":\"https:\/\/wpguerssen-test.odoo.rgbconsulting.com\/es\/#website\",\"url\":\"https:\/\/wpguerssen-test.odoo.rgbconsulting.com\/es\/\",\"name\":\"Guerssen records\",\"description\":\"psychedelia - progressive - folk - garage \",\"publisher\":{\"@id\":\"https:\/\/wpguerssen-test.odoo.rgbconsulting.com\/es\/#organization\"},\"potentialAction\":[{\"@type\":\"SearchAction\",\"target\":{\"@type\":\"EntryPoint\",\"urlTemplate\":\"https:\/\/wpguerssen-test.odoo.rgbconsulting.com\/es\/?s={search_term_string}\"},\"query-input\":{\"@type\":\"PropertyValueSpecification\",\"valueRequired\":true,\"valueName\":\"search_term_string\"}}],\"inLanguage\":\"es\"},{\"@type\":\"Organization\",\"@id\":\"https:\/\/wpguerssen-test.odoo.rgbconsulting.com\/es\/#organization\",\"name\":\"Guerssen records\",\"url\":\"https:\/\/wpguerssen-test.odoo.rgbconsulting.com\/es\/\",\"logo\":{\"@type\":\"ImageObject\",\"inLanguage\":\"es\",\"@id\":\"https:\/\/wpguerssen-test.odoo.rgbconsulting.com\/es\/#\/schema\/logo\/image\/\",\"url\":\"https:\/\/wpguerssen-test.odoo.rgbconsulting.com\/wp-content\/uploads\/2022\/04\/Logo_Guerssen_trans_100.png\",\"contentUrl\":\"https:\/\/wpguerssen-test.odoo.rgbconsulting.com\/wp-content\/uploads\/2022\/04\/Logo_Guerssen_trans_100.png\",\"width\":122,\"height\":100,\"caption\":\"Guerssen records\"},\"image\":{\"@id\":\"https:\/\/wpguerssen-test.odoo.rgbconsulting.com\/es\/#\/schema\/logo\/image\/\"}}]}<\/script>\n<!-- \/ Yoast SEO plugin. -->","yoast_head_json":{"title":"MONTERO, Alberto - Ciudad Dormida -  (LP) | Guerssen","description":"The iceberg of our mind.Many of the things we think, feel, suffer or believe in life actually come from an abstract and completely subjective place that inhabits us: our subconscious. As if it were an iceberg, our reality is divided into two parts: the emerged, active and recognizable part for everyone to see; and the submerged, hidden and much more extensive and influential than it seems. This second part, often intangible and indecipherable, makes us who we are and do what we do; and it is precisely the object of artistic study on which Alberto Montero has focused \"Ciudad dormida\", his seventh album.Presented as an invitation to walk the streets of the musician's subconscious, the Valencian's new work crosses the borders between the visible and the invisible, leaving us pieces straddling the two worlds. Thus, returning to the path of the most intimate and emotional folk singer-songwriter, and thus connecting with his first works, Alberto Montero, proposes a songbook that tends towards the ethereal and allows us to understand some of the elements that make up his identity, not only artistically but also personally. Some of the main elements, in fact, unify the artist and the person: the search for his essence and the understanding of the mystery of life and the compositional process.","robots":{"index":"index","follow":"follow","max-snippet":"max-snippet:-1","max-image-preview":"max-image-preview:large","max-video-preview":"max-video-preview:-1"},"canonical":"https:\/\/wpguerssen-test.odoo.rgbconsulting.com\/es\/producto\/ciudad-dormida\/","og_locale":"es_ES","og_type":"article","og_title":"MONTERO, Alberto - Ciudad Dormida -  (LP) | Guerssen","og_description":"The iceberg of our mind.Many of the things we think, feel, suffer or believe in life actually come from an abstract and completely subjective place that inhabits us: our subconscious. As if it were an iceberg, our reality is divided into two parts: the emerged, active and recognizable part for everyone to see; and the submerged, hidden and much more extensive and influential than it seems. This second part, often intangible and indecipherable, makes us who we are and do what we do; and it is precisely the object of artistic study on which Alberto Montero has focused \"Ciudad dormida\", his seventh album.Presented as an invitation to walk the streets of the musician's subconscious, the Valencian's new work crosses the borders between the visible and the invisible, leaving us pieces straddling the two worlds. Thus, returning to the path of the most intimate and emotional folk singer-songwriter, and thus connecting with his first works, Alberto Montero, proposes a songbook that tends towards the ethereal and allows us to understand some of the elements that make up his identity, not only artistically but also personally. Some of the main elements, in fact, unify the artist and the person: the search for his essence and the understanding of the mystery of life and the compositional process.","og_url":"https:\/\/wpguerssen-test.odoo.rgbconsulting.com\/es\/producto\/ciudad-dormida\/","og_site_name":"Guerssen records","article_modified_time":"2025-03-28T11:44:36+00:00","og_image":[{"width":700,"height":700,"url":"https:\/\/wpguerssen-test.odoo.rgbconsulting.com\/wp-content\/uploads\/2024\/11\/49243.jpg","type":"image\/jpeg"}],"twitter_card":"summary_large_image","twitter_title":"MONTERO, Alberto - Ciudad Dormida -  (LP) | Guerssen","twitter_misc":{"Tiempo de lectura":"1 minuto"},"schema":{"@context":"https:\/\/schema.org","@graph":[{"@type":"WebPage","@id":"https:\/\/wpguerssen-test.odoo.rgbconsulting.com\/es\/producto\/ciudad-dormida\/","url":"https:\/\/wpguerssen-test.odoo.rgbconsulting.com\/es\/producto\/ciudad-dormida\/","name":"MONTERO, Alberto - Ciudad Dormida - (LP) | Guerssen","isPartOf":{"@id":"https:\/\/wpguerssen-test.odoo.rgbconsulting.com\/es\/#website"},"primaryImageOfPage":{"@id":"https:\/\/wpguerssen-test.odoo.rgbconsulting.com\/es\/producto\/ciudad-dormida\/#primaryimage"},"image":{"@id":"https:\/\/wpguerssen-test.odoo.rgbconsulting.com\/es\/producto\/ciudad-dormida\/#primaryimage"},"thumbnailUrl":"https:\/\/wpguerssen-test.odoo.rgbconsulting.com\/wp-content\/uploads\/2024\/11\/49243.jpg","datePublished":"2024-12-12T23:00:00+00:00","dateModified":"2025-03-28T11:44:36+00:00","description":"The iceberg of our mind.Many of the things we think, feel, suffer or believe in life actually come from an abstract and completely subjective place that inhabits us: our subconscious. As if it were an iceberg, our reality is divided into two parts: the emerged, active and recognizable part for everyone to see; and the submerged, hidden and much more extensive and influential than it seems. This second part, often intangible and indecipherable, makes us who we are and do what we do; and it is precisely the object of artistic study on which Alberto Montero has focused \"Ciudad dormida\", his seventh album.Presented as an invitation to walk the streets of the musician's subconscious, the Valencian's new work crosses the borders between the visible and the invisible, leaving us pieces straddling the two worlds. Thus, returning to the path of the most intimate and emotional folk singer-songwriter, and thus connecting with his first works, Alberto Montero, proposes a songbook that tends towards the ethereal and allows us to understand some of the elements that make up his identity, not only artistically but also personally. Some of the main elements, in fact, unify the artist and the person: the search for his essence and the understanding of the mystery of life and the compositional process.","breadcrumb":{"@id":"https:\/\/wpguerssen-test.odoo.rgbconsulting.com\/es\/producto\/ciudad-dormida\/#breadcrumb"},"inLanguage":"es","potentialAction":[{"@type":"ReadAction","target":["https:\/\/wpguerssen-test.odoo.rgbconsulting.com\/es\/producto\/ciudad-dormida\/"]}]},{"@type":"ImageObject","inLanguage":"es","@id":"https:\/\/wpguerssen-test.odoo.rgbconsulting.com\/es\/producto\/ciudad-dormida\/#primaryimage","url":"https:\/\/wpguerssen-test.odoo.rgbconsulting.com\/wp-content\/uploads\/2024\/11\/49243.jpg","contentUrl":"https:\/\/wpguerssen-test.odoo.rgbconsulting.com\/wp-content\/uploads\/2024\/11\/49243.jpg","width":700,"height":700,"caption":"Alberto - Ciudad Dormida - BCORE (LP) | Guerssen"},{"@type":"BreadcrumbList","@id":"https:\/\/wpguerssen-test.odoo.rgbconsulting.com\/es\/producto\/ciudad-dormida\/#breadcrumb","itemListElement":[{"@type":"ListItem","position":1,"name":"Inicio","item":"https:\/\/wpguerssen-test.odoo.rgbconsulting.com\/es\/"},{"@type":"ListItem","position":2,"name":"Shop","item":"https:\/\/wpguerssen-test.odoo.rgbconsulting.com\/shop\/"},{"@type":"ListItem","position":3,"name":"Ciudad Dormida"}]},{"@type":"WebSite","@id":"https:\/\/wpguerssen-test.odoo.rgbconsulting.com\/es\/#website","url":"https:\/\/wpguerssen-test.odoo.rgbconsulting.com\/es\/","name":"Guerssen records","description":"psychedelia - progressive - folk - garage ","publisher":{"@id":"https:\/\/wpguerssen-test.odoo.rgbconsulting.com\/es\/#organization"},"potentialAction":[{"@type":"SearchAction","target":{"@type":"EntryPoint","urlTemplate":"https:\/\/wpguerssen-test.odoo.rgbconsulting.com\/es\/?s={search_term_string}"},"query-input":{"@type":"PropertyValueSpecification","valueRequired":true,"valueName":"search_term_string"}}],"inLanguage":"es"},{"@type":"Organization","@id":"https:\/\/wpguerssen-test.odoo.rgbconsulting.com\/es\/#organization","name":"Guerssen records","url":"https:\/\/wpguerssen-test.odoo.rgbconsulting.com\/es\/","logo":{"@type":"ImageObject","inLanguage":"es","@id":"https:\/\/wpguerssen-test.odoo.rgbconsulting.com\/es\/#\/schema\/logo\/image\/","url":"https:\/\/wpguerssen-test.odoo.rgbconsulting.com\/wp-content\/uploads\/2022\/04\/Logo_Guerssen_trans_100.png","contentUrl":"https:\/\/wpguerssen-test.odoo.rgbconsulting.com\/wp-content\/uploads\/2022\/04\/Logo_Guerssen_trans_100.png","width":122,"height":100,"caption":"Guerssen records"},"image":{"@id":"https:\/\/wpguerssen-test.odoo.rgbconsulting.com\/es\/#\/schema\/logo\/image\/"}}]}},"_links":{"self":[{"href":"https:\/\/wpguerssen-test.odoo.rgbconsulting.com\/es\/wp-json\/wp\/v2\/product\/278576","targetHints":{"allow":["GET"]}}],"collection":[{"href":"https:\/\/wpguerssen-test.odoo.rgbconsulting.com\/es\/wp-json\/wp\/v2\/product"}],"about":[{"href":"https:\/\/wpguerssen-test.odoo.rgbconsulting.com\/es\/wp-json\/wp\/v2\/types\/product"}],"wp:featuredmedia":[{"embeddable":true,"href":"https:\/\/wpguerssen-test.odoo.rgbconsulting.com\/es\/wp-json\/wp\/v2\/media\/278574"}],"wp:attachment":[{"href":"https:\/\/wpguerssen-test.odoo.rgbconsulting.com\/es\/wp-json\/wp\/v2\/media?parent=278576"}],"wp:term":[{"taxonomy":"product_brand","embeddable":true,"href":"https:\/\/wpguerssen-test.odoo.rgbconsulting.com\/es\/wp-json\/wp\/v2\/product_brand?post=278576"},{"taxonomy":"product_cat","embeddable":true,"href":"https:\/\/wpguerssen-test.odoo.rgbconsulting.com\/es\/wp-json\/wp\/v2\/product_cat?post=278576"},{"taxonomy":"product_tag","embeddable":true,"href":"https:\/\/wpguerssen-test.odoo.rgbconsulting.com\/es\/wp-json\/wp\/v2\/product_tag?post=278576"}],"curies":[{"name":"wp","href":"https:\/\/api.w.org\/{rel}","templated":true}]}}