{"id":278720,"date":"2025-03-25T00:00:00","date_gmt":"2025-03-24T23:00:00","guid":{"rendered":"https:\/\/wpguerssen-test.odoo.rgbconsulting.com\/product\/moment-of-truth\/"},"modified":"2025-04-16T18:23:43","modified_gmt":"2025-04-16T16:23:43","slug":"moment-of-truth","status":"publish","type":"product","link":"https:\/\/wpguerssen-test.odoo.rgbconsulting.com\/es\/producto\/moment-of-truth\/","title":{"rendered":"Moment of Truth"},"content":{"rendered":"<p>El bardo del Bronx, Tom Crosgrove, comenz\u00f3 en el grupo de garage rock Elegant Four, tambi\u00e9n conocido como the Elegants, formando Brethren con el bajista Stu Woods y el baterista Rick Marotta, la unidad que respalda a Al Kooper a la vez que su propia carrera, el futuro teclista de Bowie, Mike Garson, complet\u00f3 el cuadro. El gran Dr. John apareci\u00f3 en su debut hom\u00f3nimo y escribi\u00f3 el tema de apertura &#8216;Loop Garou&#8217; para Moment Of Truth, una embriagadora mezcla de rock de pantano y blues rock con tintes gospel, con finos toques finales de los mejores m\u00fasicos de sesi\u00f3n de Nueva York. Los rockeros riffs de guitarra de Crosgrove y las melod\u00edas de teclado de Garson realmente brillan. \u00a1Otra joya perdida, lista para ser redescubierta!<\/p>\n","protected":false},"excerpt":{"rendered":"<p>El bardo del Bronx, Tom Crosgrove, comenz\u00f3 en el grupo de garage rock Elegant Four, tambi\u00e9n conocido como the Elegants, formando Brethren con el bajista Stu Woods<a class=\"read\" href=\"https:\/\/wpguerssen-test.odoo.rgbconsulting.com\/es\/producto\/moment-of-truth\/\"> (...)<\/a>","protected":false},"featured_media":278633,"template":"","meta":{"_acf_changed":false},"product_brand":[],"product_cat":[21639,23262],"product_tag":[24189],"class_list":{"0":"post-278720","1":"product","2":"type-product","3":"status-publish","4":"has-post-thumbnail","6":"product_cat-psychedelic60s-70s-es","7":"product_cat-blues-blues-rock-es","8":"product_tag-recien-llegadas","9":"pa_artist-brethren","10":"pa_format-lp-es","11":"pa_gender-psychedelic60s-70s-blues-blues-rock","12":"pa_label-trading-places","13":"pa_location-north-america-es","14":"pa_other-filters-vinyl-only-es","16":"first","17":"instock","18":"taxable","19":"shipping-taxable","20":"purchasable","21":"product-type-simple"},"acf":[],"yoast_head":"<!-- This site is optimized with the Yoast SEO plugin v24.9 - https:\/\/yoast.com\/wordpress\/plugins\/seo\/ -->\n<title>BRETHREN - Moment of Truth -  (LP) | Guerssen<\/title>\n<meta name=\"description\" content=\"Bronx bard Tom Crosgrove got his start in garage rock group Elegant Four, AKA the Elegants, forming Brethren with bassist Stu Woods and drummer Rick Marotta, the unit backing Al Kooper in tandem with their own career; future Bowie keyboardist Mike Garson completed the picture. The great Dr John appeared on their self-titled debut and wrote opener &#039;Loop Garou&#039; for Moment Of Truth, a heady blend of swamp rock and gospel-tinged blues rock, with fine finishing touches from top NY session players; Crosgrove&#039;s rocking guitar riffs and Garson&#039;s keyboard melodies really shine. Another lost gem, ripe for rediscovery!\" \/>\n<meta name=\"robots\" content=\"index, follow, max-snippet:-1, max-image-preview:large, max-video-preview:-1\" \/>\n<link rel=\"canonical\" href=\"https:\/\/wpguerssen-test.odoo.rgbconsulting.com\/es\/producto\/moment-of-truth\/\" \/>\n<meta property=\"og:locale\" content=\"es_ES\" \/>\n<meta property=\"og:type\" content=\"article\" \/>\n<meta property=\"og:title\" content=\"BRETHREN - Moment of Truth -  (LP) | Guerssen\" \/>\n<meta property=\"og:description\" content=\"Bronx bard Tom Crosgrove got his start in garage rock group Elegant Four, AKA the Elegants, forming Brethren with bassist Stu Woods and drummer Rick Marotta, the unit backing Al Kooper in tandem with their own career; future Bowie keyboardist Mike Garson completed the picture. The great Dr John appeared on their self-titled debut and wrote opener &#039;Loop Garou&#039; for Moment Of Truth, a heady blend of swamp rock and gospel-tinged blues rock, with fine finishing touches from top NY session players; Crosgrove&#039;s rocking guitar riffs and Garson&#039;s keyboard melodies really shine. Another lost gem, ripe for rediscovery!\" \/>\n<meta property=\"og:url\" content=\"https:\/\/wpguerssen-test.odoo.rgbconsulting.com\/es\/producto\/moment-of-truth\/\" \/>\n<meta property=\"og:site_name\" content=\"Guerssen records\" \/>\n<meta property=\"article:modified_time\" content=\"2025-04-16T16:23:43+00:00\" \/>\n<meta property=\"og:image\" content=\"https:\/\/wpguerssen-test.odoo.rgbconsulting.com\/wp-content\/uploads\/2024\/11\/49257.jpg\" \/>\n\t<meta property=\"og:image:width\" content=\"945\" \/>\n\t<meta property=\"og:image:height\" content=\"929\" \/>\n\t<meta property=\"og:image:type\" content=\"image\/jpeg\" \/>\n<meta name=\"twitter:card\" content=\"summary_large_image\" \/>\n<meta name=\"twitter:title\" content=\"BRETHREN - Moment of Truth -  (LP) | Guerssen\" \/>\n<meta name=\"twitter:label1\" content=\"Tiempo de lectura\" \/>\n\t<meta name=\"twitter:data1\" content=\"1 minuto\" \/>\n<script type=\"application\/ld+json\" class=\"yoast-schema-graph\">{\"@context\":\"https:\/\/schema.org\",\"@graph\":[{\"@type\":\"WebPage\",\"@id\":\"https:\/\/wpguerssen-test.odoo.rgbconsulting.com\/es\/producto\/moment-of-truth\/\",\"url\":\"https:\/\/wpguerssen-test.odoo.rgbconsulting.com\/es\/producto\/moment-of-truth\/\",\"name\":\"BRETHREN - Moment of Truth - (LP) | Guerssen\",\"isPartOf\":{\"@id\":\"https:\/\/wpguerssen-test.odoo.rgbconsulting.com\/es\/#website\"},\"primaryImageOfPage\":{\"@id\":\"https:\/\/wpguerssen-test.odoo.rgbconsulting.com\/es\/producto\/moment-of-truth\/#primaryimage\"},\"image\":{\"@id\":\"https:\/\/wpguerssen-test.odoo.rgbconsulting.com\/es\/producto\/moment-of-truth\/#primaryimage\"},\"thumbnailUrl\":\"https:\/\/wpguerssen-test.odoo.rgbconsulting.com\/wp-content\/uploads\/2024\/11\/49257.jpg\",\"datePublished\":\"2025-03-24T23:00:00+00:00\",\"dateModified\":\"2025-04-16T16:23:43+00:00\",\"description\":\"Bronx bard Tom Crosgrove got his start in garage rock group Elegant Four, AKA the Elegants, forming Brethren with bassist Stu Woods and drummer Rick Marotta, the unit backing Al Kooper in tandem with their own career; future Bowie keyboardist Mike Garson completed the picture. The great Dr John appeared on their self-titled debut and wrote opener 'Loop Garou' for Moment Of Truth, a heady blend of swamp rock and gospel-tinged blues rock, with fine finishing touches from top NY session players; Crosgrove's rocking guitar riffs and Garson's keyboard melodies really shine. Another lost gem, ripe for rediscovery!\",\"breadcrumb\":{\"@id\":\"https:\/\/wpguerssen-test.odoo.rgbconsulting.com\/es\/producto\/moment-of-truth\/#breadcrumb\"},\"inLanguage\":\"es\",\"potentialAction\":[{\"@type\":\"ReadAction\",\"target\":[\"https:\/\/wpguerssen-test.odoo.rgbconsulting.com\/es\/producto\/moment-of-truth\/\"]}]},{\"@type\":\"ImageObject\",\"inLanguage\":\"es\",\"@id\":\"https:\/\/wpguerssen-test.odoo.rgbconsulting.com\/es\/producto\/moment-of-truth\/#primaryimage\",\"url\":\"https:\/\/wpguerssen-test.odoo.rgbconsulting.com\/wp-content\/uploads\/2024\/11\/49257.jpg\",\"contentUrl\":\"https:\/\/wpguerssen-test.odoo.rgbconsulting.com\/wp-content\/uploads\/2024\/11\/49257.jpg\",\"width\":945,\"height\":929},{\"@type\":\"BreadcrumbList\",\"@id\":\"https:\/\/wpguerssen-test.odoo.rgbconsulting.com\/es\/producto\/moment-of-truth\/#breadcrumb\",\"itemListElement\":[{\"@type\":\"ListItem\",\"position\":1,\"name\":\"Inicio\",\"item\":\"https:\/\/wpguerssen-test.odoo.rgbconsulting.com\/es\/\"},{\"@type\":\"ListItem\",\"position\":2,\"name\":\"Shop\",\"item\":\"https:\/\/wpguerssen-test.odoo.rgbconsulting.com\/shop\/\"},{\"@type\":\"ListItem\",\"position\":3,\"name\":\"Moment of Truth\"}]},{\"@type\":\"WebSite\",\"@id\":\"https:\/\/wpguerssen-test.odoo.rgbconsulting.com\/es\/#website\",\"url\":\"https:\/\/wpguerssen-test.odoo.rgbconsulting.com\/es\/\",\"name\":\"Guerssen records\",\"description\":\"psychedelia - progressive - folk - garage \",\"publisher\":{\"@id\":\"https:\/\/wpguerssen-test.odoo.rgbconsulting.com\/es\/#organization\"},\"potentialAction\":[{\"@type\":\"SearchAction\",\"target\":{\"@type\":\"EntryPoint\",\"urlTemplate\":\"https:\/\/wpguerssen-test.odoo.rgbconsulting.com\/es\/?s={search_term_string}\"},\"query-input\":{\"@type\":\"PropertyValueSpecification\",\"valueRequired\":true,\"valueName\":\"search_term_string\"}}],\"inLanguage\":\"es\"},{\"@type\":\"Organization\",\"@id\":\"https:\/\/wpguerssen-test.odoo.rgbconsulting.com\/es\/#organization\",\"name\":\"Guerssen records\",\"url\":\"https:\/\/wpguerssen-test.odoo.rgbconsulting.com\/es\/\",\"logo\":{\"@type\":\"ImageObject\",\"inLanguage\":\"es\",\"@id\":\"https:\/\/wpguerssen-test.odoo.rgbconsulting.com\/es\/#\/schema\/logo\/image\/\",\"url\":\"https:\/\/wpguerssen-test.odoo.rgbconsulting.com\/wp-content\/uploads\/2022\/04\/Logo_Guerssen_trans_100.png\",\"contentUrl\":\"https:\/\/wpguerssen-test.odoo.rgbconsulting.com\/wp-content\/uploads\/2022\/04\/Logo_Guerssen_trans_100.png\",\"width\":122,\"height\":100,\"caption\":\"Guerssen records\"},\"image\":{\"@id\":\"https:\/\/wpguerssen-test.odoo.rgbconsulting.com\/es\/#\/schema\/logo\/image\/\"}}]}<\/script>\n<!-- \/ Yoast SEO plugin. -->","yoast_head_json":{"title":"BRETHREN - Moment of Truth -  (LP) | Guerssen","description":"Bronx bard Tom Crosgrove got his start in garage rock group Elegant Four, AKA the Elegants, forming Brethren with bassist Stu Woods and drummer Rick Marotta, the unit backing Al Kooper in tandem with their own career; future Bowie keyboardist Mike Garson completed the picture. The great Dr John appeared on their self-titled debut and wrote opener 'Loop Garou' for Moment Of Truth, a heady blend of swamp rock and gospel-tinged blues rock, with fine finishing touches from top NY session players; Crosgrove's rocking guitar riffs and Garson's keyboard melodies really shine. Another lost gem, ripe for rediscovery!","robots":{"index":"index","follow":"follow","max-snippet":"max-snippet:-1","max-image-preview":"max-image-preview:large","max-video-preview":"max-video-preview:-1"},"canonical":"https:\/\/wpguerssen-test.odoo.rgbconsulting.com\/es\/producto\/moment-of-truth\/","og_locale":"es_ES","og_type":"article","og_title":"BRETHREN - Moment of Truth -  (LP) | Guerssen","og_description":"Bronx bard Tom Crosgrove got his start in garage rock group Elegant Four, AKA the Elegants, forming Brethren with bassist Stu Woods and drummer Rick Marotta, the unit backing Al Kooper in tandem with their own career; future Bowie keyboardist Mike Garson completed the picture. The great Dr John appeared on their self-titled debut and wrote opener 'Loop Garou' for Moment Of Truth, a heady blend of swamp rock and gospel-tinged blues rock, with fine finishing touches from top NY session players; Crosgrove's rocking guitar riffs and Garson's keyboard melodies really shine. Another lost gem, ripe for rediscovery!","og_url":"https:\/\/wpguerssen-test.odoo.rgbconsulting.com\/es\/producto\/moment-of-truth\/","og_site_name":"Guerssen records","article_modified_time":"2025-04-16T16:23:43+00:00","og_image":[{"width":945,"height":929,"url":"https:\/\/wpguerssen-test.odoo.rgbconsulting.com\/wp-content\/uploads\/2024\/11\/49257.jpg","type":"image\/jpeg"}],"twitter_card":"summary_large_image","twitter_title":"BRETHREN - Moment of Truth -  (LP) | Guerssen","twitter_misc":{"Tiempo de lectura":"1 minuto"},"schema":{"@context":"https:\/\/schema.org","@graph":[{"@type":"WebPage","@id":"https:\/\/wpguerssen-test.odoo.rgbconsulting.com\/es\/producto\/moment-of-truth\/","url":"https:\/\/wpguerssen-test.odoo.rgbconsulting.com\/es\/producto\/moment-of-truth\/","name":"BRETHREN - Moment of Truth - (LP) | Guerssen","isPartOf":{"@id":"https:\/\/wpguerssen-test.odoo.rgbconsulting.com\/es\/#website"},"primaryImageOfPage":{"@id":"https:\/\/wpguerssen-test.odoo.rgbconsulting.com\/es\/producto\/moment-of-truth\/#primaryimage"},"image":{"@id":"https:\/\/wpguerssen-test.odoo.rgbconsulting.com\/es\/producto\/moment-of-truth\/#primaryimage"},"thumbnailUrl":"https:\/\/wpguerssen-test.odoo.rgbconsulting.com\/wp-content\/uploads\/2024\/11\/49257.jpg","datePublished":"2025-03-24T23:00:00+00:00","dateModified":"2025-04-16T16:23:43+00:00","description":"Bronx bard Tom Crosgrove got his start in garage rock group Elegant Four, AKA the Elegants, forming Brethren with bassist Stu Woods and drummer Rick Marotta, the unit backing Al Kooper in tandem with their own career; future Bowie keyboardist Mike Garson completed the picture. The great Dr John appeared on their self-titled debut and wrote opener 'Loop Garou' for Moment Of Truth, a heady blend of swamp rock and gospel-tinged blues rock, with fine finishing touches from top NY session players; Crosgrove's rocking guitar riffs and Garson's keyboard melodies really shine. Another lost gem, ripe for rediscovery!","breadcrumb":{"@id":"https:\/\/wpguerssen-test.odoo.rgbconsulting.com\/es\/producto\/moment-of-truth\/#breadcrumb"},"inLanguage":"es","potentialAction":[{"@type":"ReadAction","target":["https:\/\/wpguerssen-test.odoo.rgbconsulting.com\/es\/producto\/moment-of-truth\/"]}]},{"@type":"ImageObject","inLanguage":"es","@id":"https:\/\/wpguerssen-test.odoo.rgbconsulting.com\/es\/producto\/moment-of-truth\/#primaryimage","url":"https:\/\/wpguerssen-test.odoo.rgbconsulting.com\/wp-content\/uploads\/2024\/11\/49257.jpg","contentUrl":"https:\/\/wpguerssen-test.odoo.rgbconsulting.com\/wp-content\/uploads\/2024\/11\/49257.jpg","width":945,"height":929},{"@type":"BreadcrumbList","@id":"https:\/\/wpguerssen-test.odoo.rgbconsulting.com\/es\/producto\/moment-of-truth\/#breadcrumb","itemListElement":[{"@type":"ListItem","position":1,"name":"Inicio","item":"https:\/\/wpguerssen-test.odoo.rgbconsulting.com\/es\/"},{"@type":"ListItem","position":2,"name":"Shop","item":"https:\/\/wpguerssen-test.odoo.rgbconsulting.com\/shop\/"},{"@type":"ListItem","position":3,"name":"Moment of Truth"}]},{"@type":"WebSite","@id":"https:\/\/wpguerssen-test.odoo.rgbconsulting.com\/es\/#website","url":"https:\/\/wpguerssen-test.odoo.rgbconsulting.com\/es\/","name":"Guerssen records","description":"psychedelia - progressive - folk - garage ","publisher":{"@id":"https:\/\/wpguerssen-test.odoo.rgbconsulting.com\/es\/#organization"},"potentialAction":[{"@type":"SearchAction","target":{"@type":"EntryPoint","urlTemplate":"https:\/\/wpguerssen-test.odoo.rgbconsulting.com\/es\/?s={search_term_string}"},"query-input":{"@type":"PropertyValueSpecification","valueRequired":true,"valueName":"search_term_string"}}],"inLanguage":"es"},{"@type":"Organization","@id":"https:\/\/wpguerssen-test.odoo.rgbconsulting.com\/es\/#organization","name":"Guerssen records","url":"https:\/\/wpguerssen-test.odoo.rgbconsulting.com\/es\/","logo":{"@type":"ImageObject","inLanguage":"es","@id":"https:\/\/wpguerssen-test.odoo.rgbconsulting.com\/es\/#\/schema\/logo\/image\/","url":"https:\/\/wpguerssen-test.odoo.rgbconsulting.com\/wp-content\/uploads\/2022\/04\/Logo_Guerssen_trans_100.png","contentUrl":"https:\/\/wpguerssen-test.odoo.rgbconsulting.com\/wp-content\/uploads\/2022\/04\/Logo_Guerssen_trans_100.png","width":122,"height":100,"caption":"Guerssen records"},"image":{"@id":"https:\/\/wpguerssen-test.odoo.rgbconsulting.com\/es\/#\/schema\/logo\/image\/"}}]}},"_links":{"self":[{"href":"https:\/\/wpguerssen-test.odoo.rgbconsulting.com\/es\/wp-json\/wp\/v2\/product\/278720","targetHints":{"allow":["GET"]}}],"collection":[{"href":"https:\/\/wpguerssen-test.odoo.rgbconsulting.com\/es\/wp-json\/wp\/v2\/product"}],"about":[{"href":"https:\/\/wpguerssen-test.odoo.rgbconsulting.com\/es\/wp-json\/wp\/v2\/types\/product"}],"wp:featuredmedia":[{"embeddable":true,"href":"https:\/\/wpguerssen-test.odoo.rgbconsulting.com\/es\/wp-json\/wp\/v2\/media\/278633"}],"wp:attachment":[{"href":"https:\/\/wpguerssen-test.odoo.rgbconsulting.com\/es\/wp-json\/wp\/v2\/media?parent=278720"}],"wp:term":[{"taxonomy":"product_brand","embeddable":true,"href":"https:\/\/wpguerssen-test.odoo.rgbconsulting.com\/es\/wp-json\/wp\/v2\/product_brand?post=278720"},{"taxonomy":"product_cat","embeddable":true,"href":"https:\/\/wpguerssen-test.odoo.rgbconsulting.com\/es\/wp-json\/wp\/v2\/product_cat?post=278720"},{"taxonomy":"product_tag","embeddable":true,"href":"https:\/\/wpguerssen-test.odoo.rgbconsulting.com\/es\/wp-json\/wp\/v2\/product_tag?post=278720"}],"curies":[{"name":"wp","href":"https:\/\/api.w.org\/{rel}","templated":true}]}}