{"id":278721,"date":"2024-11-21T00:00:00","date_gmt":"2024-11-20T23:00:00","guid":{"rendered":"https:\/\/wpguerssen-test.odoo.rgbconsulting.com\/product\/byrd-blows-on-beacon-hill-clear\/"},"modified":"2025-03-03T16:27:37","modified_gmt":"2025-03-03T15:27:37","slug":"byrd-blows-on-beacon-hill-clear","status":"publish","type":"product","link":"https:\/\/wpguerssen-test.odoo.rgbconsulting.com\/es\/producto\/byrd-blows-on-beacon-hill-clear\/","title":{"rendered":"Byrd Blows On Beacon Hill (Clear)"},"content":{"rendered":"<p>Esta sesi\u00f3n de cuarteto de Donald Byrd de 1956, publicada posteriormente en 1957 en Transition Records, ve al joven trompetista liderando una secci\u00f3n r\u00edtmica basada en Beacon Hill con el bajista Doug Watkins, el pianista Ray Santisi y el baterista Jim Zitano. La programaci\u00f3n perfecta para leer una selecci\u00f3n de est\u00e1ndares cl\u00e1sicos como \u00abStella by Starlight\u00bb, \u00abPolka Dots and Moonbeams\u00bb y \u00abWhat&#8217;s New\u00bb. El ambiente es f\u00e1cil y relajado, y est\u00e1 lejos del estado de \u00e1nimo hard bop\/soul que m\u00e1s tarde se convirti\u00f3 en la firma de Byrd. Se trata de un cuarteto muy sensible que se balancea ligeramente y sin exageraciones innecesarias, pero con el toque justo de blues para hacer que la m\u00fasica sea muy intrigante.<\/p>\n","protected":false},"excerpt":{"rendered":"<p>Esta sesi\u00f3n de cuarteto de Donald Byrd de 1956, publicada posteriormente en 1957 en Transition Records, ve al joven trompetista liderando una secci\u00f3n r\u00edtmica basada<a class=\"read\" href=\"https:\/\/wpguerssen-test.odoo.rgbconsulting.com\/es\/producto\/byrd-blows-on-beacon-hill-clear\/\"> (...)<\/a>","protected":false},"featured_media":278636,"template":"","meta":{"_acf_changed":false},"product_brand":[],"product_cat":[23227],"product_tag":[29140],"class_list":{"0":"post-278721","1":"product","2":"type-product","3":"status-publish","4":"has-post-thumbnail","6":"product_cat-jazz-es","7":"product_tag-color-vinyl-es","8":"pa_artist-byrd-donald","9":"pa_format-lp-es","10":"pa_gender-jazz","11":"pa_label-sowing-records","12":"pa_location-north-america-es","13":"pa_other-filters-vinyl-only-es","15":"first","16":"instock","17":"taxable","18":"shipping-taxable","19":"purchasable","20":"product-type-simple"},"acf":[],"yoast_head":"<!-- This site is optimized with the Yoast SEO plugin v24.9 - https:\/\/yoast.com\/wordpress\/plugins\/seo\/ -->\n<title>BYRD, Donald - Byrd Blows On Beacon Hill (Clear) -  (LP) | Guerssen<\/title>\n<meta name=\"description\" content=\"This 1956 Donald Byrd&#039;s quartet session, subsequently released in 1957 on Transition Records, sees the young trumpeter leading a Beacon Hill based rhythm section featuring bassist Doug Watkins, pianist Ray Santisi, and drummer Jim Zitano. The perfect line up for getting through a selection of classic standards such as &quot;Stella by Starlight,&quot; &quot;Polka Dots and Moonbeams,&quot; and &quot;What&#039;s New&quot;. The atmosphere is easy and relaxed, and far from the hard bop \/ soul mood that later became Byrd&#039;s signature. This is a higly sensitive quartet that swings lightly and without unnecessary overplaying but with just the right hint of blues to make the music highly intriguing.\" \/>\n<meta name=\"robots\" content=\"index, follow, max-snippet:-1, max-image-preview:large, max-video-preview:-1\" \/>\n<link rel=\"canonical\" href=\"https:\/\/wpguerssen-test.odoo.rgbconsulting.com\/es\/producto\/byrd-blows-on-beacon-hill-clear\/\" \/>\n<meta property=\"og:locale\" content=\"es_ES\" \/>\n<meta property=\"og:type\" content=\"article\" \/>\n<meta property=\"og:title\" content=\"BYRD, Donald - Byrd Blows On Beacon Hill (Clear) -  (LP) | Guerssen\" \/>\n<meta property=\"og:description\" content=\"This 1956 Donald Byrd&#039;s quartet session, subsequently released in 1957 on Transition Records, sees the young trumpeter leading a Beacon Hill based rhythm section featuring bassist Doug Watkins, pianist Ray Santisi, and drummer Jim Zitano. The perfect line up for getting through a selection of classic standards such as &quot;Stella by Starlight,&quot; &quot;Polka Dots and Moonbeams,&quot; and &quot;What&#039;s New&quot;. The atmosphere is easy and relaxed, and far from the hard bop \/ soul mood that later became Byrd&#039;s signature. This is a higly sensitive quartet that swings lightly and without unnecessary overplaying but with just the right hint of blues to make the music highly intriguing.\" \/>\n<meta property=\"og:url\" content=\"https:\/\/wpguerssen-test.odoo.rgbconsulting.com\/es\/producto\/byrd-blows-on-beacon-hill-clear\/\" \/>\n<meta property=\"og:site_name\" content=\"Guerssen records\" \/>\n<meta property=\"article:modified_time\" content=\"2025-03-03T15:27:37+00:00\" \/>\n<meta property=\"og:image\" content=\"https:\/\/wpguerssen-test.odoo.rgbconsulting.com\/wp-content\/uploads\/2024\/11\/49258.jpg\" \/>\n\t<meta property=\"og:image:width\" content=\"1181\" \/>\n\t<meta property=\"og:image:height\" content=\"1181\" \/>\n\t<meta property=\"og:image:type\" content=\"image\/jpeg\" \/>\n<meta name=\"twitter:card\" content=\"summary_large_image\" \/>\n<meta name=\"twitter:title\" content=\"BYRD, Donald - Byrd Blows On Beacon Hill (Clear) -  (LP) | Guerssen\" \/>\n<meta name=\"twitter:label1\" content=\"Tiempo de lectura\" \/>\n\t<meta name=\"twitter:data1\" content=\"1 minuto\" \/>\n<script type=\"application\/ld+json\" class=\"yoast-schema-graph\">{\"@context\":\"https:\/\/schema.org\",\"@graph\":[{\"@type\":\"WebPage\",\"@id\":\"https:\/\/wpguerssen-test.odoo.rgbconsulting.com\/es\/producto\/byrd-blows-on-beacon-hill-clear\/\",\"url\":\"https:\/\/wpguerssen-test.odoo.rgbconsulting.com\/es\/producto\/byrd-blows-on-beacon-hill-clear\/\",\"name\":\"BYRD, Donald - Byrd Blows On Beacon Hill (Clear) - (LP) | Guerssen\",\"isPartOf\":{\"@id\":\"https:\/\/wpguerssen-test.odoo.rgbconsulting.com\/es\/#website\"},\"primaryImageOfPage\":{\"@id\":\"https:\/\/wpguerssen-test.odoo.rgbconsulting.com\/es\/producto\/byrd-blows-on-beacon-hill-clear\/#primaryimage\"},\"image\":{\"@id\":\"https:\/\/wpguerssen-test.odoo.rgbconsulting.com\/es\/producto\/byrd-blows-on-beacon-hill-clear\/#primaryimage\"},\"thumbnailUrl\":\"https:\/\/wpguerssen-test.odoo.rgbconsulting.com\/wp-content\/uploads\/2024\/11\/49258.jpg\",\"datePublished\":\"2024-11-20T23:00:00+00:00\",\"dateModified\":\"2025-03-03T15:27:37+00:00\",\"description\":\"This 1956 Donald Byrd's quartet session, subsequently released in 1957 on Transition Records, sees the young trumpeter leading a Beacon Hill based rhythm section featuring bassist Doug Watkins, pianist Ray Santisi, and drummer Jim Zitano. The perfect line up for getting through a selection of classic standards such as \\\"Stella by Starlight,\\\" \\\"Polka Dots and Moonbeams,\\\" and \\\"What's New\\\". The atmosphere is easy and relaxed, and far from the hard bop \/ soul mood that later became Byrd's signature. This is a higly sensitive quartet that swings lightly and without unnecessary overplaying but with just the right hint of blues to make the music highly intriguing.\",\"breadcrumb\":{\"@id\":\"https:\/\/wpguerssen-test.odoo.rgbconsulting.com\/es\/producto\/byrd-blows-on-beacon-hill-clear\/#breadcrumb\"},\"inLanguage\":\"es\",\"potentialAction\":[{\"@type\":\"ReadAction\",\"target\":[\"https:\/\/wpguerssen-test.odoo.rgbconsulting.com\/es\/producto\/byrd-blows-on-beacon-hill-clear\/\"]}]},{\"@type\":\"ImageObject\",\"inLanguage\":\"es\",\"@id\":\"https:\/\/wpguerssen-test.odoo.rgbconsulting.com\/es\/producto\/byrd-blows-on-beacon-hill-clear\/#primaryimage\",\"url\":\"https:\/\/wpguerssen-test.odoo.rgbconsulting.com\/wp-content\/uploads\/2024\/11\/49258.jpg\",\"contentUrl\":\"https:\/\/wpguerssen-test.odoo.rgbconsulting.com\/wp-content\/uploads\/2024\/11\/49258.jpg\",\"width\":1181,\"height\":1181,\"caption\":\"Donald - Byrd Blows On Beacon Hill (Clear) - SOWING RECORDS (LP) | Guerssen\"},{\"@type\":\"BreadcrumbList\",\"@id\":\"https:\/\/wpguerssen-test.odoo.rgbconsulting.com\/es\/producto\/byrd-blows-on-beacon-hill-clear\/#breadcrumb\",\"itemListElement\":[{\"@type\":\"ListItem\",\"position\":1,\"name\":\"Inicio\",\"item\":\"https:\/\/wpguerssen-test.odoo.rgbconsulting.com\/es\/\"},{\"@type\":\"ListItem\",\"position\":2,\"name\":\"Shop\",\"item\":\"https:\/\/wpguerssen-test.odoo.rgbconsulting.com\/shop\/\"},{\"@type\":\"ListItem\",\"position\":3,\"name\":\"Byrd Blows On Beacon Hill (Clear)\"}]},{\"@type\":\"WebSite\",\"@id\":\"https:\/\/wpguerssen-test.odoo.rgbconsulting.com\/es\/#website\",\"url\":\"https:\/\/wpguerssen-test.odoo.rgbconsulting.com\/es\/\",\"name\":\"Guerssen records\",\"description\":\"psychedelia - progressive - folk - garage \",\"publisher\":{\"@id\":\"https:\/\/wpguerssen-test.odoo.rgbconsulting.com\/es\/#organization\"},\"potentialAction\":[{\"@type\":\"SearchAction\",\"target\":{\"@type\":\"EntryPoint\",\"urlTemplate\":\"https:\/\/wpguerssen-test.odoo.rgbconsulting.com\/es\/?s={search_term_string}\"},\"query-input\":{\"@type\":\"PropertyValueSpecification\",\"valueRequired\":true,\"valueName\":\"search_term_string\"}}],\"inLanguage\":\"es\"},{\"@type\":\"Organization\",\"@id\":\"https:\/\/wpguerssen-test.odoo.rgbconsulting.com\/es\/#organization\",\"name\":\"Guerssen records\",\"url\":\"https:\/\/wpguerssen-test.odoo.rgbconsulting.com\/es\/\",\"logo\":{\"@type\":\"ImageObject\",\"inLanguage\":\"es\",\"@id\":\"https:\/\/wpguerssen-test.odoo.rgbconsulting.com\/es\/#\/schema\/logo\/image\/\",\"url\":\"https:\/\/wpguerssen-test.odoo.rgbconsulting.com\/wp-content\/uploads\/2022\/04\/Logo_Guerssen_trans_100.png\",\"contentUrl\":\"https:\/\/wpguerssen-test.odoo.rgbconsulting.com\/wp-content\/uploads\/2022\/04\/Logo_Guerssen_trans_100.png\",\"width\":122,\"height\":100,\"caption\":\"Guerssen records\"},\"image\":{\"@id\":\"https:\/\/wpguerssen-test.odoo.rgbconsulting.com\/es\/#\/schema\/logo\/image\/\"}}]}<\/script>\n<!-- \/ Yoast SEO plugin. -->","yoast_head_json":{"title":"BYRD, Donald - Byrd Blows On Beacon Hill (Clear) -  (LP) | Guerssen","description":"This 1956 Donald Byrd's quartet session, subsequently released in 1957 on Transition Records, sees the young trumpeter leading a Beacon Hill based rhythm section featuring bassist Doug Watkins, pianist Ray Santisi, and drummer Jim Zitano. The perfect line up for getting through a selection of classic standards such as \"Stella by Starlight,\" \"Polka Dots and Moonbeams,\" and \"What's New\". The atmosphere is easy and relaxed, and far from the hard bop \/ soul mood that later became Byrd's signature. This is a higly sensitive quartet that swings lightly and without unnecessary overplaying but with just the right hint of blues to make the music highly intriguing.","robots":{"index":"index","follow":"follow","max-snippet":"max-snippet:-1","max-image-preview":"max-image-preview:large","max-video-preview":"max-video-preview:-1"},"canonical":"https:\/\/wpguerssen-test.odoo.rgbconsulting.com\/es\/producto\/byrd-blows-on-beacon-hill-clear\/","og_locale":"es_ES","og_type":"article","og_title":"BYRD, Donald - Byrd Blows On Beacon Hill (Clear) -  (LP) | Guerssen","og_description":"This 1956 Donald Byrd's quartet session, subsequently released in 1957 on Transition Records, sees the young trumpeter leading a Beacon Hill based rhythm section featuring bassist Doug Watkins, pianist Ray Santisi, and drummer Jim Zitano. The perfect line up for getting through a selection of classic standards such as \"Stella by Starlight,\" \"Polka Dots and Moonbeams,\" and \"What's New\". The atmosphere is easy and relaxed, and far from the hard bop \/ soul mood that later became Byrd's signature. This is a higly sensitive quartet that swings lightly and without unnecessary overplaying but with just the right hint of blues to make the music highly intriguing.","og_url":"https:\/\/wpguerssen-test.odoo.rgbconsulting.com\/es\/producto\/byrd-blows-on-beacon-hill-clear\/","og_site_name":"Guerssen records","article_modified_time":"2025-03-03T15:27:37+00:00","og_image":[{"width":1181,"height":1181,"url":"https:\/\/wpguerssen-test.odoo.rgbconsulting.com\/wp-content\/uploads\/2024\/11\/49258.jpg","type":"image\/jpeg"}],"twitter_card":"summary_large_image","twitter_title":"BYRD, Donald - Byrd Blows On Beacon Hill (Clear) -  (LP) | Guerssen","twitter_misc":{"Tiempo de lectura":"1 minuto"},"schema":{"@context":"https:\/\/schema.org","@graph":[{"@type":"WebPage","@id":"https:\/\/wpguerssen-test.odoo.rgbconsulting.com\/es\/producto\/byrd-blows-on-beacon-hill-clear\/","url":"https:\/\/wpguerssen-test.odoo.rgbconsulting.com\/es\/producto\/byrd-blows-on-beacon-hill-clear\/","name":"BYRD, Donald - Byrd Blows On Beacon Hill (Clear) - (LP) | Guerssen","isPartOf":{"@id":"https:\/\/wpguerssen-test.odoo.rgbconsulting.com\/es\/#website"},"primaryImageOfPage":{"@id":"https:\/\/wpguerssen-test.odoo.rgbconsulting.com\/es\/producto\/byrd-blows-on-beacon-hill-clear\/#primaryimage"},"image":{"@id":"https:\/\/wpguerssen-test.odoo.rgbconsulting.com\/es\/producto\/byrd-blows-on-beacon-hill-clear\/#primaryimage"},"thumbnailUrl":"https:\/\/wpguerssen-test.odoo.rgbconsulting.com\/wp-content\/uploads\/2024\/11\/49258.jpg","datePublished":"2024-11-20T23:00:00+00:00","dateModified":"2025-03-03T15:27:37+00:00","description":"This 1956 Donald Byrd's quartet session, subsequently released in 1957 on Transition Records, sees the young trumpeter leading a Beacon Hill based rhythm section featuring bassist Doug Watkins, pianist Ray Santisi, and drummer Jim Zitano. The perfect line up for getting through a selection of classic standards such as \"Stella by Starlight,\" \"Polka Dots and Moonbeams,\" and \"What's New\". The atmosphere is easy and relaxed, and far from the hard bop \/ soul mood that later became Byrd's signature. This is a higly sensitive quartet that swings lightly and without unnecessary overplaying but with just the right hint of blues to make the music highly intriguing.","breadcrumb":{"@id":"https:\/\/wpguerssen-test.odoo.rgbconsulting.com\/es\/producto\/byrd-blows-on-beacon-hill-clear\/#breadcrumb"},"inLanguage":"es","potentialAction":[{"@type":"ReadAction","target":["https:\/\/wpguerssen-test.odoo.rgbconsulting.com\/es\/producto\/byrd-blows-on-beacon-hill-clear\/"]}]},{"@type":"ImageObject","inLanguage":"es","@id":"https:\/\/wpguerssen-test.odoo.rgbconsulting.com\/es\/producto\/byrd-blows-on-beacon-hill-clear\/#primaryimage","url":"https:\/\/wpguerssen-test.odoo.rgbconsulting.com\/wp-content\/uploads\/2024\/11\/49258.jpg","contentUrl":"https:\/\/wpguerssen-test.odoo.rgbconsulting.com\/wp-content\/uploads\/2024\/11\/49258.jpg","width":1181,"height":1181,"caption":"Donald - Byrd Blows On Beacon Hill (Clear) - SOWING RECORDS (LP) | Guerssen"},{"@type":"BreadcrumbList","@id":"https:\/\/wpguerssen-test.odoo.rgbconsulting.com\/es\/producto\/byrd-blows-on-beacon-hill-clear\/#breadcrumb","itemListElement":[{"@type":"ListItem","position":1,"name":"Inicio","item":"https:\/\/wpguerssen-test.odoo.rgbconsulting.com\/es\/"},{"@type":"ListItem","position":2,"name":"Shop","item":"https:\/\/wpguerssen-test.odoo.rgbconsulting.com\/shop\/"},{"@type":"ListItem","position":3,"name":"Byrd Blows On Beacon Hill (Clear)"}]},{"@type":"WebSite","@id":"https:\/\/wpguerssen-test.odoo.rgbconsulting.com\/es\/#website","url":"https:\/\/wpguerssen-test.odoo.rgbconsulting.com\/es\/","name":"Guerssen records","description":"psychedelia - progressive - folk - garage ","publisher":{"@id":"https:\/\/wpguerssen-test.odoo.rgbconsulting.com\/es\/#organization"},"potentialAction":[{"@type":"SearchAction","target":{"@type":"EntryPoint","urlTemplate":"https:\/\/wpguerssen-test.odoo.rgbconsulting.com\/es\/?s={search_term_string}"},"query-input":{"@type":"PropertyValueSpecification","valueRequired":true,"valueName":"search_term_string"}}],"inLanguage":"es"},{"@type":"Organization","@id":"https:\/\/wpguerssen-test.odoo.rgbconsulting.com\/es\/#organization","name":"Guerssen records","url":"https:\/\/wpguerssen-test.odoo.rgbconsulting.com\/es\/","logo":{"@type":"ImageObject","inLanguage":"es","@id":"https:\/\/wpguerssen-test.odoo.rgbconsulting.com\/es\/#\/schema\/logo\/image\/","url":"https:\/\/wpguerssen-test.odoo.rgbconsulting.com\/wp-content\/uploads\/2022\/04\/Logo_Guerssen_trans_100.png","contentUrl":"https:\/\/wpguerssen-test.odoo.rgbconsulting.com\/wp-content\/uploads\/2022\/04\/Logo_Guerssen_trans_100.png","width":122,"height":100,"caption":"Guerssen records"},"image":{"@id":"https:\/\/wpguerssen-test.odoo.rgbconsulting.com\/es\/#\/schema\/logo\/image\/"}}]}},"_links":{"self":[{"href":"https:\/\/wpguerssen-test.odoo.rgbconsulting.com\/es\/wp-json\/wp\/v2\/product\/278721","targetHints":{"allow":["GET"]}}],"collection":[{"href":"https:\/\/wpguerssen-test.odoo.rgbconsulting.com\/es\/wp-json\/wp\/v2\/product"}],"about":[{"href":"https:\/\/wpguerssen-test.odoo.rgbconsulting.com\/es\/wp-json\/wp\/v2\/types\/product"}],"wp:featuredmedia":[{"embeddable":true,"href":"https:\/\/wpguerssen-test.odoo.rgbconsulting.com\/es\/wp-json\/wp\/v2\/media\/278636"}],"wp:attachment":[{"href":"https:\/\/wpguerssen-test.odoo.rgbconsulting.com\/es\/wp-json\/wp\/v2\/media?parent=278721"}],"wp:term":[{"taxonomy":"product_brand","embeddable":true,"href":"https:\/\/wpguerssen-test.odoo.rgbconsulting.com\/es\/wp-json\/wp\/v2\/product_brand?post=278721"},{"taxonomy":"product_cat","embeddable":true,"href":"https:\/\/wpguerssen-test.odoo.rgbconsulting.com\/es\/wp-json\/wp\/v2\/product_cat?post=278721"},{"taxonomy":"product_tag","embeddable":true,"href":"https:\/\/wpguerssen-test.odoo.rgbconsulting.com\/es\/wp-json\/wp\/v2\/product_tag?post=278721"}],"curies":[{"name":"wp","href":"https:\/\/api.w.org\/{rel}","templated":true}]}}