{"id":278734,"date":"2025-01-13T00:00:00","date_gmt":"2025-01-12T23:00:00","guid":{"rendered":"https:\/\/wpguerssen-test.odoo.rgbconsulting.com\/product\/super-onda-chicana-vol-1\/"},"modified":"2025-04-01T17:47:56","modified_gmt":"2025-04-01T15:47:56","slug":"super-onda-chicana-vol-1","status":"publish","type":"product","link":"https:\/\/wpguerssen-test.odoo.rgbconsulting.com\/es\/producto\/super-onda-chicana-vol-1\/","title":{"rendered":"Super Onda Chicana Vol 1"},"content":{"rendered":"<p>Los albores del rock psicod\u00e9lico en M\u00e9xico, diez temas que introducen un fen\u00f3meno mundial en el \u00e1mbito de la memoria sudamericana. Un viaje fascinante liderado por la banda de culto La Revoluci\u00f3n De Emiliano Zapata y varios otros combos estilo nuggets. Publicada originalmente en 1971, la compilaci\u00f3n se titul\u00f3 acertadamente La Onda, en referencia a un movimiento cultural y pol\u00edtico m\u00e1s amplio. La Onda Chicana creci\u00f3 r\u00e1pidamente en unos pocos a\u00f1os, culminando en un \u00abWoodstock mexicano\u00bb de dos d\u00edas conocido como (Av\u00e1ndaro) que atrajo a casi 300.000 personas en septiembre de 1971.<br \/>Tracklist:<br \/>Side A<br \/>1 CIUDAD PERDIDA (Shit city) con LA REVOLUCION DE EMILIANO ZAPATA 2 TODO VA A CAMBIAR (Everything is gonna change) con TINTA BLANCA 3 YENDO A CASA (Coming home) con JAVIER BATIZ 4 ES UNA PENA, NENA (Shame, baby, shame) con ROSARIO 5 NO TE QUIERO MAS (I don&#8217;t want you more) con LA TRIBU<br \/>Side B<br \/>1 POR PERDERTE (For losing you) con LA TRIBU 2 LAMENTOS DE UN MICO (Monkey&#8217;s shout) con LA QUINTA VISION 3. GENTE TONTA (Foolish people) con LOS CLICKS 4 DAMA CON ALMA (Soul lady) con DIVISION DEL NORTE 5 RIENDO Y BROMEANDO (Laughing and clowning) con POLY Y CIA.<\/p>\n","protected":false},"excerpt":{"rendered":"<p>Los albores del rock psicod\u00e9lico en M\u00e9xico, diez temas que introducen un fen\u00f3meno mundial en el \u00e1mbito de la memoria sudamericana. Un viaje fascinante liderado<a class=\"read\" href=\"https:\/\/wpguerssen-test.odoo.rgbconsulting.com\/es\/producto\/super-onda-chicana-vol-1\/\"> (...)<\/a>","protected":false},"featured_media":278675,"template":"","meta":{"_acf_changed":false},"product_brand":[],"product_cat":[21639],"product_tag":[],"class_list":{"0":"post-278734","1":"product","2":"type-product","3":"status-publish","4":"has-post-thumbnail","6":"product_cat-psychedelic60s-70s-es","7":"pa_artist-various-artists-es","8":"pa_format-lp-es","9":"pa_gender-psychedelic60s-70s","10":"pa_label-cosmic-rock-es","11":"pa_location-south-america-caribbean-es","12":"pa_other-filters-vinyl-only-es","14":"first","15":"instock","16":"taxable","17":"shipping-taxable","18":"purchasable","19":"product-type-simple"},"acf":[],"yoast_head":"<!-- This site is optimized with the Yoast SEO plugin v24.9 - https:\/\/yoast.com\/wordpress\/plugins\/seo\/ -->\n<title>VARIOUS ARTISTS - Super Onda Chicana Vol 1 -  (LP) | Guerssen<\/title>\n<meta name=\"description\" content=\"The dawn of psychedelic rock in Mexico, ten tracks introducing a worldwide phenomena in the realm of the South American memory. A fascinating voyage led by cultish band La Revoluci\u00f3n De Emiliano Zapata and several other nuggets-style combo. Originally released in 1971 the compilation was aptly titled La Onda, referring to a broader cultural and political movement. La Onda Chicana grew rapidly in a few years, culminating in a two days &quot;Mexican Woodstock&quot; known as (Av\u00e1ndaro) which attracted ca. 300,000 people in September 1971.Tracklist:Side A1 CIUDAD PERDIDA (Shit city) con LA REVOLUCION DE EMILIANO ZAPATA 2 TODO VA A CAMBIAR (Everything is gonna change) con TINTA BLANCA 3 YENDO A CASA (Coming home) con JAVIER BATIZ 4 ES UNA PENA, NENA (Shame, baby, shame) con ROSARIO 5 NO TE QUIERO MAS (I don&#039;t want you more) con LA TRIBUSide B1 POR PERDERTE (For losing you) con LA TRIBU 2 LAMENTOS DE UN MICO (Monkey&#039;s shout) con LA QUINTA VISION 3. GENTE TONTA (Foolish people) con LOS CLICKS 4 DAMA CON ALMA (Soul lady) con DIVISION DEL NORTE 5 RIENDO Y BROMEANDO (Laughing and clowning) con POLY Y CIA.\" \/>\n<meta name=\"robots\" content=\"index, follow, max-snippet:-1, max-image-preview:large, max-video-preview:-1\" \/>\n<link rel=\"canonical\" href=\"https:\/\/wpguerssen-test.odoo.rgbconsulting.com\/es\/producto\/super-onda-chicana-vol-1\/\" \/>\n<meta property=\"og:locale\" content=\"es_ES\" \/>\n<meta property=\"og:type\" content=\"article\" \/>\n<meta property=\"og:title\" content=\"VARIOUS ARTISTS - Super Onda Chicana Vol 1 -  (LP) | Guerssen\" \/>\n<meta property=\"og:description\" content=\"The dawn of psychedelic rock in Mexico, ten tracks introducing a worldwide phenomena in the realm of the South American memory. A fascinating voyage led by cultish band La Revoluci\u00f3n De Emiliano Zapata and several other nuggets-style combo. Originally released in 1971 the compilation was aptly titled La Onda, referring to a broader cultural and political movement. La Onda Chicana grew rapidly in a few years, culminating in a two days &quot;Mexican Woodstock&quot; known as (Av\u00e1ndaro) which attracted ca. 300,000 people in September 1971.Tracklist:Side A1 CIUDAD PERDIDA (Shit city) con LA REVOLUCION DE EMILIANO ZAPATA 2 TODO VA A CAMBIAR (Everything is gonna change) con TINTA BLANCA 3 YENDO A CASA (Coming home) con JAVIER BATIZ 4 ES UNA PENA, NENA (Shame, baby, shame) con ROSARIO 5 NO TE QUIERO MAS (I don&#039;t want you more) con LA TRIBUSide B1 POR PERDERTE (For losing you) con LA TRIBU 2 LAMENTOS DE UN MICO (Monkey&#039;s shout) con LA QUINTA VISION 3. GENTE TONTA (Foolish people) con LOS CLICKS 4 DAMA CON ALMA (Soul lady) con DIVISION DEL NORTE 5 RIENDO Y BROMEANDO (Laughing and clowning) con POLY Y CIA.\" \/>\n<meta property=\"og:url\" content=\"https:\/\/wpguerssen-test.odoo.rgbconsulting.com\/es\/producto\/super-onda-chicana-vol-1\/\" \/>\n<meta property=\"og:site_name\" content=\"Guerssen records\" \/>\n<meta property=\"article:modified_time\" content=\"2025-04-01T15:47:56+00:00\" \/>\n<meta property=\"og:image\" content=\"https:\/\/wpguerssen-test.odoo.rgbconsulting.com\/wp-content\/uploads\/2024\/11\/49271.jpg\" \/>\n\t<meta property=\"og:image:width\" content=\"1181\" \/>\n\t<meta property=\"og:image:height\" content=\"1181\" \/>\n\t<meta property=\"og:image:type\" content=\"image\/jpeg\" \/>\n<meta name=\"twitter:card\" content=\"summary_large_image\" \/>\n<meta name=\"twitter:title\" content=\"VARIOUS ARTISTS - Super Onda Chicana Vol 1 -  (LP) | Guerssen\" \/>\n<meta name=\"twitter:label1\" content=\"Tiempo de lectura\" \/>\n\t<meta name=\"twitter:data1\" content=\"1 minuto\" \/>\n<script type=\"application\/ld+json\" class=\"yoast-schema-graph\">{\"@context\":\"https:\/\/schema.org\",\"@graph\":[{\"@type\":\"WebPage\",\"@id\":\"https:\/\/wpguerssen-test.odoo.rgbconsulting.com\/es\/producto\/super-onda-chicana-vol-1\/\",\"url\":\"https:\/\/wpguerssen-test.odoo.rgbconsulting.com\/es\/producto\/super-onda-chicana-vol-1\/\",\"name\":\"VARIOUS ARTISTS - Super Onda Chicana Vol 1 - (LP) | Guerssen\",\"isPartOf\":{\"@id\":\"https:\/\/wpguerssen-test.odoo.rgbconsulting.com\/es\/#website\"},\"primaryImageOfPage\":{\"@id\":\"https:\/\/wpguerssen-test.odoo.rgbconsulting.com\/es\/producto\/super-onda-chicana-vol-1\/#primaryimage\"},\"image\":{\"@id\":\"https:\/\/wpguerssen-test.odoo.rgbconsulting.com\/es\/producto\/super-onda-chicana-vol-1\/#primaryimage\"},\"thumbnailUrl\":\"https:\/\/wpguerssen-test.odoo.rgbconsulting.com\/wp-content\/uploads\/2024\/11\/49271.jpg\",\"datePublished\":\"2025-01-12T23:00:00+00:00\",\"dateModified\":\"2025-04-01T15:47:56+00:00\",\"description\":\"The dawn of psychedelic rock in Mexico, ten tracks introducing a worldwide phenomena in the realm of the South American memory. A fascinating voyage led by cultish band La Revoluci\u00f3n De Emiliano Zapata and several other nuggets-style combo. Originally released in 1971 the compilation was aptly titled La Onda, referring to a broader cultural and political movement. La Onda Chicana grew rapidly in a few years, culminating in a two days \\\"Mexican Woodstock\\\" known as (Av\u00e1ndaro) which attracted ca. 300,000 people in September 1971.Tracklist:Side A1 CIUDAD PERDIDA (Shit city) con LA REVOLUCION DE EMILIANO ZAPATA 2 TODO VA A CAMBIAR (Everything is gonna change) con TINTA BLANCA 3 YENDO A CASA (Coming home) con JAVIER BATIZ 4 ES UNA PENA, NENA (Shame, baby, shame) con ROSARIO 5 NO TE QUIERO MAS (I don't want you more) con LA TRIBUSide B1 POR PERDERTE (For losing you) con LA TRIBU 2 LAMENTOS DE UN MICO (Monkey's shout) con LA QUINTA VISION 3. GENTE TONTA (Foolish people) con LOS CLICKS 4 DAMA CON ALMA (Soul lady) con DIVISION DEL NORTE 5 RIENDO Y BROMEANDO (Laughing and clowning) con POLY Y CIA.\",\"breadcrumb\":{\"@id\":\"https:\/\/wpguerssen-test.odoo.rgbconsulting.com\/es\/producto\/super-onda-chicana-vol-1\/#breadcrumb\"},\"inLanguage\":\"es\",\"potentialAction\":[{\"@type\":\"ReadAction\",\"target\":[\"https:\/\/wpguerssen-test.odoo.rgbconsulting.com\/es\/producto\/super-onda-chicana-vol-1\/\"]}]},{\"@type\":\"ImageObject\",\"inLanguage\":\"es\",\"@id\":\"https:\/\/wpguerssen-test.odoo.rgbconsulting.com\/es\/producto\/super-onda-chicana-vol-1\/#primaryimage\",\"url\":\"https:\/\/wpguerssen-test.odoo.rgbconsulting.com\/wp-content\/uploads\/2024\/11\/49271.jpg\",\"contentUrl\":\"https:\/\/wpguerssen-test.odoo.rgbconsulting.com\/wp-content\/uploads\/2024\/11\/49271.jpg\",\"width\":1181,\"height\":1181},{\"@type\":\"BreadcrumbList\",\"@id\":\"https:\/\/wpguerssen-test.odoo.rgbconsulting.com\/es\/producto\/super-onda-chicana-vol-1\/#breadcrumb\",\"itemListElement\":[{\"@type\":\"ListItem\",\"position\":1,\"name\":\"Inicio\",\"item\":\"https:\/\/wpguerssen-test.odoo.rgbconsulting.com\/es\/\"},{\"@type\":\"ListItem\",\"position\":2,\"name\":\"Shop\",\"item\":\"https:\/\/wpguerssen-test.odoo.rgbconsulting.com\/shop\/\"},{\"@type\":\"ListItem\",\"position\":3,\"name\":\"Super Onda Chicana Vol 1\"}]},{\"@type\":\"WebSite\",\"@id\":\"https:\/\/wpguerssen-test.odoo.rgbconsulting.com\/es\/#website\",\"url\":\"https:\/\/wpguerssen-test.odoo.rgbconsulting.com\/es\/\",\"name\":\"Guerssen records\",\"description\":\"psychedelia - progressive - folk - garage \",\"publisher\":{\"@id\":\"https:\/\/wpguerssen-test.odoo.rgbconsulting.com\/es\/#organization\"},\"potentialAction\":[{\"@type\":\"SearchAction\",\"target\":{\"@type\":\"EntryPoint\",\"urlTemplate\":\"https:\/\/wpguerssen-test.odoo.rgbconsulting.com\/es\/?s={search_term_string}\"},\"query-input\":{\"@type\":\"PropertyValueSpecification\",\"valueRequired\":true,\"valueName\":\"search_term_string\"}}],\"inLanguage\":\"es\"},{\"@type\":\"Organization\",\"@id\":\"https:\/\/wpguerssen-test.odoo.rgbconsulting.com\/es\/#organization\",\"name\":\"Guerssen records\",\"url\":\"https:\/\/wpguerssen-test.odoo.rgbconsulting.com\/es\/\",\"logo\":{\"@type\":\"ImageObject\",\"inLanguage\":\"es\",\"@id\":\"https:\/\/wpguerssen-test.odoo.rgbconsulting.com\/es\/#\/schema\/logo\/image\/\",\"url\":\"https:\/\/wpguerssen-test.odoo.rgbconsulting.com\/wp-content\/uploads\/2022\/04\/Logo_Guerssen_trans_100.png\",\"contentUrl\":\"https:\/\/wpguerssen-test.odoo.rgbconsulting.com\/wp-content\/uploads\/2022\/04\/Logo_Guerssen_trans_100.png\",\"width\":122,\"height\":100,\"caption\":\"Guerssen records\"},\"image\":{\"@id\":\"https:\/\/wpguerssen-test.odoo.rgbconsulting.com\/es\/#\/schema\/logo\/image\/\"}}]}<\/script>\n<!-- \/ Yoast SEO plugin. -->","yoast_head_json":{"title":"VARIOUS ARTISTS - Super Onda Chicana Vol 1 -  (LP) | Guerssen","description":"The dawn of psychedelic rock in Mexico, ten tracks introducing a worldwide phenomena in the realm of the South American memory. A fascinating voyage led by cultish band La Revoluci\u00f3n De Emiliano Zapata and several other nuggets-style combo. Originally released in 1971 the compilation was aptly titled La Onda, referring to a broader cultural and political movement. La Onda Chicana grew rapidly in a few years, culminating in a two days \"Mexican Woodstock\" known as (Av\u00e1ndaro) which attracted ca. 300,000 people in September 1971.Tracklist:Side A1 CIUDAD PERDIDA (Shit city) con LA REVOLUCION DE EMILIANO ZAPATA 2 TODO VA A CAMBIAR (Everything is gonna change) con TINTA BLANCA 3 YENDO A CASA (Coming home) con JAVIER BATIZ 4 ES UNA PENA, NENA (Shame, baby, shame) con ROSARIO 5 NO TE QUIERO MAS (I don't want you more) con LA TRIBUSide B1 POR PERDERTE (For losing you) con LA TRIBU 2 LAMENTOS DE UN MICO (Monkey's shout) con LA QUINTA VISION 3. GENTE TONTA (Foolish people) con LOS CLICKS 4 DAMA CON ALMA (Soul lady) con DIVISION DEL NORTE 5 RIENDO Y BROMEANDO (Laughing and clowning) con POLY Y CIA.","robots":{"index":"index","follow":"follow","max-snippet":"max-snippet:-1","max-image-preview":"max-image-preview:large","max-video-preview":"max-video-preview:-1"},"canonical":"https:\/\/wpguerssen-test.odoo.rgbconsulting.com\/es\/producto\/super-onda-chicana-vol-1\/","og_locale":"es_ES","og_type":"article","og_title":"VARIOUS ARTISTS - Super Onda Chicana Vol 1 -  (LP) | Guerssen","og_description":"The dawn of psychedelic rock in Mexico, ten tracks introducing a worldwide phenomena in the realm of the South American memory. A fascinating voyage led by cultish band La Revoluci\u00f3n De Emiliano Zapata and several other nuggets-style combo. Originally released in 1971 the compilation was aptly titled La Onda, referring to a broader cultural and political movement. La Onda Chicana grew rapidly in a few years, culminating in a two days \"Mexican Woodstock\" known as (Av\u00e1ndaro) which attracted ca. 300,000 people in September 1971.Tracklist:Side A1 CIUDAD PERDIDA (Shit city) con LA REVOLUCION DE EMILIANO ZAPATA 2 TODO VA A CAMBIAR (Everything is gonna change) con TINTA BLANCA 3 YENDO A CASA (Coming home) con JAVIER BATIZ 4 ES UNA PENA, NENA (Shame, baby, shame) con ROSARIO 5 NO TE QUIERO MAS (I don't want you more) con LA TRIBUSide B1 POR PERDERTE (For losing you) con LA TRIBU 2 LAMENTOS DE UN MICO (Monkey's shout) con LA QUINTA VISION 3. GENTE TONTA (Foolish people) con LOS CLICKS 4 DAMA CON ALMA (Soul lady) con DIVISION DEL NORTE 5 RIENDO Y BROMEANDO (Laughing and clowning) con POLY Y CIA.","og_url":"https:\/\/wpguerssen-test.odoo.rgbconsulting.com\/es\/producto\/super-onda-chicana-vol-1\/","og_site_name":"Guerssen records","article_modified_time":"2025-04-01T15:47:56+00:00","og_image":[{"width":1181,"height":1181,"url":"https:\/\/wpguerssen-test.odoo.rgbconsulting.com\/wp-content\/uploads\/2024\/11\/49271.jpg","type":"image\/jpeg"}],"twitter_card":"summary_large_image","twitter_title":"VARIOUS ARTISTS - Super Onda Chicana Vol 1 -  (LP) | Guerssen","twitter_misc":{"Tiempo de lectura":"1 minuto"},"schema":{"@context":"https:\/\/schema.org","@graph":[{"@type":"WebPage","@id":"https:\/\/wpguerssen-test.odoo.rgbconsulting.com\/es\/producto\/super-onda-chicana-vol-1\/","url":"https:\/\/wpguerssen-test.odoo.rgbconsulting.com\/es\/producto\/super-onda-chicana-vol-1\/","name":"VARIOUS ARTISTS - Super Onda Chicana Vol 1 - (LP) | Guerssen","isPartOf":{"@id":"https:\/\/wpguerssen-test.odoo.rgbconsulting.com\/es\/#website"},"primaryImageOfPage":{"@id":"https:\/\/wpguerssen-test.odoo.rgbconsulting.com\/es\/producto\/super-onda-chicana-vol-1\/#primaryimage"},"image":{"@id":"https:\/\/wpguerssen-test.odoo.rgbconsulting.com\/es\/producto\/super-onda-chicana-vol-1\/#primaryimage"},"thumbnailUrl":"https:\/\/wpguerssen-test.odoo.rgbconsulting.com\/wp-content\/uploads\/2024\/11\/49271.jpg","datePublished":"2025-01-12T23:00:00+00:00","dateModified":"2025-04-01T15:47:56+00:00","description":"The dawn of psychedelic rock in Mexico, ten tracks introducing a worldwide phenomena in the realm of the South American memory. A fascinating voyage led by cultish band La Revoluci\u00f3n De Emiliano Zapata and several other nuggets-style combo. Originally released in 1971 the compilation was aptly titled La Onda, referring to a broader cultural and political movement. La Onda Chicana grew rapidly in a few years, culminating in a two days \"Mexican Woodstock\" known as (Av\u00e1ndaro) which attracted ca. 300,000 people in September 1971.Tracklist:Side A1 CIUDAD PERDIDA (Shit city) con LA REVOLUCION DE EMILIANO ZAPATA 2 TODO VA A CAMBIAR (Everything is gonna change) con TINTA BLANCA 3 YENDO A CASA (Coming home) con JAVIER BATIZ 4 ES UNA PENA, NENA (Shame, baby, shame) con ROSARIO 5 NO TE QUIERO MAS (I don't want you more) con LA TRIBUSide B1 POR PERDERTE (For losing you) con LA TRIBU 2 LAMENTOS DE UN MICO (Monkey's shout) con LA QUINTA VISION 3. GENTE TONTA (Foolish people) con LOS CLICKS 4 DAMA CON ALMA (Soul lady) con DIVISION DEL NORTE 5 RIENDO Y BROMEANDO (Laughing and clowning) con POLY Y CIA.","breadcrumb":{"@id":"https:\/\/wpguerssen-test.odoo.rgbconsulting.com\/es\/producto\/super-onda-chicana-vol-1\/#breadcrumb"},"inLanguage":"es","potentialAction":[{"@type":"ReadAction","target":["https:\/\/wpguerssen-test.odoo.rgbconsulting.com\/es\/producto\/super-onda-chicana-vol-1\/"]}]},{"@type":"ImageObject","inLanguage":"es","@id":"https:\/\/wpguerssen-test.odoo.rgbconsulting.com\/es\/producto\/super-onda-chicana-vol-1\/#primaryimage","url":"https:\/\/wpguerssen-test.odoo.rgbconsulting.com\/wp-content\/uploads\/2024\/11\/49271.jpg","contentUrl":"https:\/\/wpguerssen-test.odoo.rgbconsulting.com\/wp-content\/uploads\/2024\/11\/49271.jpg","width":1181,"height":1181},{"@type":"BreadcrumbList","@id":"https:\/\/wpguerssen-test.odoo.rgbconsulting.com\/es\/producto\/super-onda-chicana-vol-1\/#breadcrumb","itemListElement":[{"@type":"ListItem","position":1,"name":"Inicio","item":"https:\/\/wpguerssen-test.odoo.rgbconsulting.com\/es\/"},{"@type":"ListItem","position":2,"name":"Shop","item":"https:\/\/wpguerssen-test.odoo.rgbconsulting.com\/shop\/"},{"@type":"ListItem","position":3,"name":"Super Onda Chicana Vol 1"}]},{"@type":"WebSite","@id":"https:\/\/wpguerssen-test.odoo.rgbconsulting.com\/es\/#website","url":"https:\/\/wpguerssen-test.odoo.rgbconsulting.com\/es\/","name":"Guerssen records","description":"psychedelia - progressive - folk - garage ","publisher":{"@id":"https:\/\/wpguerssen-test.odoo.rgbconsulting.com\/es\/#organization"},"potentialAction":[{"@type":"SearchAction","target":{"@type":"EntryPoint","urlTemplate":"https:\/\/wpguerssen-test.odoo.rgbconsulting.com\/es\/?s={search_term_string}"},"query-input":{"@type":"PropertyValueSpecification","valueRequired":true,"valueName":"search_term_string"}}],"inLanguage":"es"},{"@type":"Organization","@id":"https:\/\/wpguerssen-test.odoo.rgbconsulting.com\/es\/#organization","name":"Guerssen records","url":"https:\/\/wpguerssen-test.odoo.rgbconsulting.com\/es\/","logo":{"@type":"ImageObject","inLanguage":"es","@id":"https:\/\/wpguerssen-test.odoo.rgbconsulting.com\/es\/#\/schema\/logo\/image\/","url":"https:\/\/wpguerssen-test.odoo.rgbconsulting.com\/wp-content\/uploads\/2022\/04\/Logo_Guerssen_trans_100.png","contentUrl":"https:\/\/wpguerssen-test.odoo.rgbconsulting.com\/wp-content\/uploads\/2022\/04\/Logo_Guerssen_trans_100.png","width":122,"height":100,"caption":"Guerssen records"},"image":{"@id":"https:\/\/wpguerssen-test.odoo.rgbconsulting.com\/es\/#\/schema\/logo\/image\/"}}]}},"_links":{"self":[{"href":"https:\/\/wpguerssen-test.odoo.rgbconsulting.com\/es\/wp-json\/wp\/v2\/product\/278734","targetHints":{"allow":["GET"]}}],"collection":[{"href":"https:\/\/wpguerssen-test.odoo.rgbconsulting.com\/es\/wp-json\/wp\/v2\/product"}],"about":[{"href":"https:\/\/wpguerssen-test.odoo.rgbconsulting.com\/es\/wp-json\/wp\/v2\/types\/product"}],"wp:featuredmedia":[{"embeddable":true,"href":"https:\/\/wpguerssen-test.odoo.rgbconsulting.com\/es\/wp-json\/wp\/v2\/media\/278675"}],"wp:attachment":[{"href":"https:\/\/wpguerssen-test.odoo.rgbconsulting.com\/es\/wp-json\/wp\/v2\/media?parent=278734"}],"wp:term":[{"taxonomy":"product_brand","embeddable":true,"href":"https:\/\/wpguerssen-test.odoo.rgbconsulting.com\/es\/wp-json\/wp\/v2\/product_brand?post=278734"},{"taxonomy":"product_cat","embeddable":true,"href":"https:\/\/wpguerssen-test.odoo.rgbconsulting.com\/es\/wp-json\/wp\/v2\/product_cat?post=278734"},{"taxonomy":"product_tag","embeddable":true,"href":"https:\/\/wpguerssen-test.odoo.rgbconsulting.com\/es\/wp-json\/wp\/v2\/product_tag?post=278734"}],"curies":[{"name":"wp","href":"https:\/\/api.w.org\/{rel}","templated":true}]}}