{"id":278738,"date":"2025-01-13T00:00:00","date_gmt":"2025-01-12T23:00:00","guid":{"rendered":"https:\/\/wpguerssen-test.odoo.rgbconsulting.com\/product\/the-cave-down-to-earth\/"},"modified":"2025-04-01T17:48:00","modified_gmt":"2025-04-01T15:48:00","slug":"the-cave-down-to-earth","status":"publish","type":"product","link":"https:\/\/wpguerssen-test.odoo.rgbconsulting.com\/es\/producto\/the-cave-down-to-earth\/","title":{"rendered":"The cave down to earth"},"content":{"rendered":"<p>Segundo \u00e1lbum de la banda japonesa de psico-progreso que comenz\u00f3 como Far Out en 1973. El disco es b\u00e1sicamente un concepto: \u00abThe Cave\u00bb est\u00e1 llegando a nuestro planeta, y el grupo en general celebra las bellezas de la naturaleza. Fuertemente influenciado por Floyd (era de Atom Heart Mother), el grupo establece algunos ambientes muy cre\u00edbles que incluso Waters &#038; Co. podr\u00edan haber logrado. Este \u00e1lbum llamar\u00e1 la atenci\u00f3n de Klaus Schulze y colaborar\u00e1 con la FEFB en el pr\u00f3ximo.<\/p>\n","protected":false},"excerpt":{"rendered":"<p>Segundo \u00e1lbum de la banda japonesa de psico-progreso que comenz\u00f3 como Far Out en 1973. El disco es b\u00e1sicamente un concepto: \u00abThe Cave\u00bb est\u00e1 llegando a nuestro<a class=\"read\" href=\"https:\/\/wpguerssen-test.odoo.rgbconsulting.com\/es\/producto\/the-cave-down-to-earth\/\"> (...)<\/a>","protected":false},"featured_media":278687,"template":"","meta":{"_acf_changed":false},"product_brand":[],"product_cat":[21639,23215],"product_tag":[],"class_list":{"0":"post-278738","1":"product","2":"type-product","3":"status-publish","4":"has-post-thumbnail","6":"product_cat-psychedelic60s-70s-es","7":"product_cat-progressive60s-70s-es","8":"pa_artist-far-east-family-band","9":"pa_format-lp-es","10":"pa_gender-psychedelic60s-70s-progressive60s-70s","11":"pa_label-life-goes-on-records","12":"pa_location-asia-es","13":"pa_other-filters-vinyl-only-es","15":"first","16":"instock","17":"taxable","18":"shipping-taxable","19":"purchasable","20":"product-type-simple"},"acf":[],"yoast_head":"<!-- This site is optimized with the Yoast SEO plugin v24.9 - https:\/\/yoast.com\/wordpress\/plugins\/seo\/ -->\n<title>FAR EAST FAMILY BAND - The cave down to earth -  (LP) | Guerssen<\/title>\n<meta name=\"description\" content=\"Second album from the japanese psych-prog band that started out as Far Out in 1973. The record is basically a concept: &quot;The Cave&quot; is arriving onto our planet, and the group is generally celebrating the beauties of nature. Heavily influenced by Floyd (Atom Heart Mother era), the group lays down some very credible ambiances that even Waters &amp; Co. could&#039;ve pulled off. This album will draw Klaus Schulze&#039;s attention and he will collaborate with FEFB on their next one.\" \/>\n<meta name=\"robots\" content=\"index, follow, max-snippet:-1, max-image-preview:large, max-video-preview:-1\" \/>\n<link rel=\"canonical\" href=\"https:\/\/wpguerssen-test.odoo.rgbconsulting.com\/es\/producto\/the-cave-down-to-earth\/\" \/>\n<meta property=\"og:locale\" content=\"es_ES\" \/>\n<meta property=\"og:type\" content=\"article\" \/>\n<meta property=\"og:title\" content=\"FAR EAST FAMILY BAND - The cave down to earth -  (LP) | Guerssen\" \/>\n<meta property=\"og:description\" content=\"Second album from the japanese psych-prog band that started out as Far Out in 1973. The record is basically a concept: &quot;The Cave&quot; is arriving onto our planet, and the group is generally celebrating the beauties of nature. Heavily influenced by Floyd (Atom Heart Mother era), the group lays down some very credible ambiances that even Waters &amp; Co. could&#039;ve pulled off. This album will draw Klaus Schulze&#039;s attention and he will collaborate with FEFB on their next one.\" \/>\n<meta property=\"og:url\" content=\"https:\/\/wpguerssen-test.odoo.rgbconsulting.com\/es\/producto\/the-cave-down-to-earth\/\" \/>\n<meta property=\"og:site_name\" content=\"Guerssen records\" \/>\n<meta property=\"article:modified_time\" content=\"2025-04-01T15:48:00+00:00\" \/>\n<meta property=\"og:image\" content=\"https:\/\/wpguerssen-test.odoo.rgbconsulting.com\/wp-content\/uploads\/2024\/11\/49275.jpg\" \/>\n\t<meta property=\"og:image:width\" content=\"1442\" \/>\n\t<meta property=\"og:image:height\" content=\"1440\" \/>\n\t<meta property=\"og:image:type\" content=\"image\/jpeg\" \/>\n<meta name=\"twitter:card\" content=\"summary_large_image\" \/>\n<meta name=\"twitter:title\" content=\"FAR EAST FAMILY BAND - The cave down to earth -  (LP) | Guerssen\" \/>\n<script type=\"application\/ld+json\" class=\"yoast-schema-graph\">{\"@context\":\"https:\/\/schema.org\",\"@graph\":[{\"@type\":\"WebPage\",\"@id\":\"https:\/\/wpguerssen-test.odoo.rgbconsulting.com\/es\/producto\/the-cave-down-to-earth\/\",\"url\":\"https:\/\/wpguerssen-test.odoo.rgbconsulting.com\/es\/producto\/the-cave-down-to-earth\/\",\"name\":\"FAR EAST FAMILY BAND - The cave down to earth - (LP) | Guerssen\",\"isPartOf\":{\"@id\":\"https:\/\/wpguerssen-test.odoo.rgbconsulting.com\/es\/#website\"},\"primaryImageOfPage\":{\"@id\":\"https:\/\/wpguerssen-test.odoo.rgbconsulting.com\/es\/producto\/the-cave-down-to-earth\/#primaryimage\"},\"image\":{\"@id\":\"https:\/\/wpguerssen-test.odoo.rgbconsulting.com\/es\/producto\/the-cave-down-to-earth\/#primaryimage\"},\"thumbnailUrl\":\"https:\/\/wpguerssen-test.odoo.rgbconsulting.com\/wp-content\/uploads\/2024\/11\/49275.jpg\",\"datePublished\":\"2025-01-12T23:00:00+00:00\",\"dateModified\":\"2025-04-01T15:48:00+00:00\",\"description\":\"Second album from the japanese psych-prog band that started out as Far Out in 1973. The record is basically a concept: \\\"The Cave\\\" is arriving onto our planet, and the group is generally celebrating the beauties of nature. Heavily influenced by Floyd (Atom Heart Mother era), the group lays down some very credible ambiances that even Waters & Co. could've pulled off. This album will draw Klaus Schulze's attention and he will collaborate with FEFB on their next one.\",\"breadcrumb\":{\"@id\":\"https:\/\/wpguerssen-test.odoo.rgbconsulting.com\/es\/producto\/the-cave-down-to-earth\/#breadcrumb\"},\"inLanguage\":\"es\",\"potentialAction\":[{\"@type\":\"ReadAction\",\"target\":[\"https:\/\/wpguerssen-test.odoo.rgbconsulting.com\/es\/producto\/the-cave-down-to-earth\/\"]}]},{\"@type\":\"ImageObject\",\"inLanguage\":\"es\",\"@id\":\"https:\/\/wpguerssen-test.odoo.rgbconsulting.com\/es\/producto\/the-cave-down-to-earth\/#primaryimage\",\"url\":\"https:\/\/wpguerssen-test.odoo.rgbconsulting.com\/wp-content\/uploads\/2024\/11\/49275.jpg\",\"contentUrl\":\"https:\/\/wpguerssen-test.odoo.rgbconsulting.com\/wp-content\/uploads\/2024\/11\/49275.jpg\",\"width\":1442,\"height\":1440},{\"@type\":\"BreadcrumbList\",\"@id\":\"https:\/\/wpguerssen-test.odoo.rgbconsulting.com\/es\/producto\/the-cave-down-to-earth\/#breadcrumb\",\"itemListElement\":[{\"@type\":\"ListItem\",\"position\":1,\"name\":\"Inicio\",\"item\":\"https:\/\/wpguerssen-test.odoo.rgbconsulting.com\/es\/\"},{\"@type\":\"ListItem\",\"position\":2,\"name\":\"Shop\",\"item\":\"https:\/\/wpguerssen-test.odoo.rgbconsulting.com\/shop\/\"},{\"@type\":\"ListItem\",\"position\":3,\"name\":\"The cave down to earth\"}]},{\"@type\":\"WebSite\",\"@id\":\"https:\/\/wpguerssen-test.odoo.rgbconsulting.com\/es\/#website\",\"url\":\"https:\/\/wpguerssen-test.odoo.rgbconsulting.com\/es\/\",\"name\":\"Guerssen records\",\"description\":\"psychedelia - progressive - folk - garage \",\"publisher\":{\"@id\":\"https:\/\/wpguerssen-test.odoo.rgbconsulting.com\/es\/#organization\"},\"potentialAction\":[{\"@type\":\"SearchAction\",\"target\":{\"@type\":\"EntryPoint\",\"urlTemplate\":\"https:\/\/wpguerssen-test.odoo.rgbconsulting.com\/es\/?s={search_term_string}\"},\"query-input\":{\"@type\":\"PropertyValueSpecification\",\"valueRequired\":true,\"valueName\":\"search_term_string\"}}],\"inLanguage\":\"es\"},{\"@type\":\"Organization\",\"@id\":\"https:\/\/wpguerssen-test.odoo.rgbconsulting.com\/es\/#organization\",\"name\":\"Guerssen records\",\"url\":\"https:\/\/wpguerssen-test.odoo.rgbconsulting.com\/es\/\",\"logo\":{\"@type\":\"ImageObject\",\"inLanguage\":\"es\",\"@id\":\"https:\/\/wpguerssen-test.odoo.rgbconsulting.com\/es\/#\/schema\/logo\/image\/\",\"url\":\"https:\/\/wpguerssen-test.odoo.rgbconsulting.com\/wp-content\/uploads\/2022\/04\/Logo_Guerssen_trans_100.png\",\"contentUrl\":\"https:\/\/wpguerssen-test.odoo.rgbconsulting.com\/wp-content\/uploads\/2022\/04\/Logo_Guerssen_trans_100.png\",\"width\":122,\"height\":100,\"caption\":\"Guerssen records\"},\"image\":{\"@id\":\"https:\/\/wpguerssen-test.odoo.rgbconsulting.com\/es\/#\/schema\/logo\/image\/\"}}]}<\/script>\n<!-- \/ Yoast SEO plugin. -->","yoast_head_json":{"title":"FAR EAST FAMILY BAND - The cave down to earth -  (LP) | Guerssen","description":"Second album from the japanese psych-prog band that started out as Far Out in 1973. The record is basically a concept: \"The Cave\" is arriving onto our planet, and the group is generally celebrating the beauties of nature. Heavily influenced by Floyd (Atom Heart Mother era), the group lays down some very credible ambiances that even Waters & Co. could've pulled off. This album will draw Klaus Schulze's attention and he will collaborate with FEFB on their next one.","robots":{"index":"index","follow":"follow","max-snippet":"max-snippet:-1","max-image-preview":"max-image-preview:large","max-video-preview":"max-video-preview:-1"},"canonical":"https:\/\/wpguerssen-test.odoo.rgbconsulting.com\/es\/producto\/the-cave-down-to-earth\/","og_locale":"es_ES","og_type":"article","og_title":"FAR EAST FAMILY BAND - The cave down to earth -  (LP) | Guerssen","og_description":"Second album from the japanese psych-prog band that started out as Far Out in 1973. The record is basically a concept: \"The Cave\" is arriving onto our planet, and the group is generally celebrating the beauties of nature. Heavily influenced by Floyd (Atom Heart Mother era), the group lays down some very credible ambiances that even Waters & Co. could've pulled off. This album will draw Klaus Schulze's attention and he will collaborate with FEFB on their next one.","og_url":"https:\/\/wpguerssen-test.odoo.rgbconsulting.com\/es\/producto\/the-cave-down-to-earth\/","og_site_name":"Guerssen records","article_modified_time":"2025-04-01T15:48:00+00:00","og_image":[{"width":1442,"height":1440,"url":"https:\/\/wpguerssen-test.odoo.rgbconsulting.com\/wp-content\/uploads\/2024\/11\/49275.jpg","type":"image\/jpeg"}],"twitter_card":"summary_large_image","twitter_title":"FAR EAST FAMILY BAND - The cave down to earth -  (LP) | Guerssen","schema":{"@context":"https:\/\/schema.org","@graph":[{"@type":"WebPage","@id":"https:\/\/wpguerssen-test.odoo.rgbconsulting.com\/es\/producto\/the-cave-down-to-earth\/","url":"https:\/\/wpguerssen-test.odoo.rgbconsulting.com\/es\/producto\/the-cave-down-to-earth\/","name":"FAR EAST FAMILY BAND - The cave down to earth - (LP) | Guerssen","isPartOf":{"@id":"https:\/\/wpguerssen-test.odoo.rgbconsulting.com\/es\/#website"},"primaryImageOfPage":{"@id":"https:\/\/wpguerssen-test.odoo.rgbconsulting.com\/es\/producto\/the-cave-down-to-earth\/#primaryimage"},"image":{"@id":"https:\/\/wpguerssen-test.odoo.rgbconsulting.com\/es\/producto\/the-cave-down-to-earth\/#primaryimage"},"thumbnailUrl":"https:\/\/wpguerssen-test.odoo.rgbconsulting.com\/wp-content\/uploads\/2024\/11\/49275.jpg","datePublished":"2025-01-12T23:00:00+00:00","dateModified":"2025-04-01T15:48:00+00:00","description":"Second album from the japanese psych-prog band that started out as Far Out in 1973. The record is basically a concept: \"The Cave\" is arriving onto our planet, and the group is generally celebrating the beauties of nature. Heavily influenced by Floyd (Atom Heart Mother era), the group lays down some very credible ambiances that even Waters & Co. could've pulled off. This album will draw Klaus Schulze's attention and he will collaborate with FEFB on their next one.","breadcrumb":{"@id":"https:\/\/wpguerssen-test.odoo.rgbconsulting.com\/es\/producto\/the-cave-down-to-earth\/#breadcrumb"},"inLanguage":"es","potentialAction":[{"@type":"ReadAction","target":["https:\/\/wpguerssen-test.odoo.rgbconsulting.com\/es\/producto\/the-cave-down-to-earth\/"]}]},{"@type":"ImageObject","inLanguage":"es","@id":"https:\/\/wpguerssen-test.odoo.rgbconsulting.com\/es\/producto\/the-cave-down-to-earth\/#primaryimage","url":"https:\/\/wpguerssen-test.odoo.rgbconsulting.com\/wp-content\/uploads\/2024\/11\/49275.jpg","contentUrl":"https:\/\/wpguerssen-test.odoo.rgbconsulting.com\/wp-content\/uploads\/2024\/11\/49275.jpg","width":1442,"height":1440},{"@type":"BreadcrumbList","@id":"https:\/\/wpguerssen-test.odoo.rgbconsulting.com\/es\/producto\/the-cave-down-to-earth\/#breadcrumb","itemListElement":[{"@type":"ListItem","position":1,"name":"Inicio","item":"https:\/\/wpguerssen-test.odoo.rgbconsulting.com\/es\/"},{"@type":"ListItem","position":2,"name":"Shop","item":"https:\/\/wpguerssen-test.odoo.rgbconsulting.com\/shop\/"},{"@type":"ListItem","position":3,"name":"The cave down to earth"}]},{"@type":"WebSite","@id":"https:\/\/wpguerssen-test.odoo.rgbconsulting.com\/es\/#website","url":"https:\/\/wpguerssen-test.odoo.rgbconsulting.com\/es\/","name":"Guerssen records","description":"psychedelia - progressive - folk - garage ","publisher":{"@id":"https:\/\/wpguerssen-test.odoo.rgbconsulting.com\/es\/#organization"},"potentialAction":[{"@type":"SearchAction","target":{"@type":"EntryPoint","urlTemplate":"https:\/\/wpguerssen-test.odoo.rgbconsulting.com\/es\/?s={search_term_string}"},"query-input":{"@type":"PropertyValueSpecification","valueRequired":true,"valueName":"search_term_string"}}],"inLanguage":"es"},{"@type":"Organization","@id":"https:\/\/wpguerssen-test.odoo.rgbconsulting.com\/es\/#organization","name":"Guerssen records","url":"https:\/\/wpguerssen-test.odoo.rgbconsulting.com\/es\/","logo":{"@type":"ImageObject","inLanguage":"es","@id":"https:\/\/wpguerssen-test.odoo.rgbconsulting.com\/es\/#\/schema\/logo\/image\/","url":"https:\/\/wpguerssen-test.odoo.rgbconsulting.com\/wp-content\/uploads\/2022\/04\/Logo_Guerssen_trans_100.png","contentUrl":"https:\/\/wpguerssen-test.odoo.rgbconsulting.com\/wp-content\/uploads\/2022\/04\/Logo_Guerssen_trans_100.png","width":122,"height":100,"caption":"Guerssen records"},"image":{"@id":"https:\/\/wpguerssen-test.odoo.rgbconsulting.com\/es\/#\/schema\/logo\/image\/"}}]}},"_links":{"self":[{"href":"https:\/\/wpguerssen-test.odoo.rgbconsulting.com\/es\/wp-json\/wp\/v2\/product\/278738","targetHints":{"allow":["GET"]}}],"collection":[{"href":"https:\/\/wpguerssen-test.odoo.rgbconsulting.com\/es\/wp-json\/wp\/v2\/product"}],"about":[{"href":"https:\/\/wpguerssen-test.odoo.rgbconsulting.com\/es\/wp-json\/wp\/v2\/types\/product"}],"wp:featuredmedia":[{"embeddable":true,"href":"https:\/\/wpguerssen-test.odoo.rgbconsulting.com\/es\/wp-json\/wp\/v2\/media\/278687"}],"wp:attachment":[{"href":"https:\/\/wpguerssen-test.odoo.rgbconsulting.com\/es\/wp-json\/wp\/v2\/media?parent=278738"}],"wp:term":[{"taxonomy":"product_brand","embeddable":true,"href":"https:\/\/wpguerssen-test.odoo.rgbconsulting.com\/es\/wp-json\/wp\/v2\/product_brand?post=278738"},{"taxonomy":"product_cat","embeddable":true,"href":"https:\/\/wpguerssen-test.odoo.rgbconsulting.com\/es\/wp-json\/wp\/v2\/product_cat?post=278738"},{"taxonomy":"product_tag","embeddable":true,"href":"https:\/\/wpguerssen-test.odoo.rgbconsulting.com\/es\/wp-json\/wp\/v2\/product_tag?post=278738"}],"curies":[{"name":"wp","href":"https:\/\/api.w.org\/{rel}","templated":true}]}}