{"id":278892,"date":"2024-10-08T00:00:00","date_gmt":"2024-10-07T22:00:00","guid":{"rendered":"https:\/\/wpguerssen-test.odoo.rgbconsulting.com\/?post_type=product&#038;p=278892"},"modified":"2025-04-24T17:15:59","modified_gmt":"2025-04-24T15:15:59","slug":"preserve-wildlife","status":"publish","type":"product","link":"https:\/\/wpguerssen-test.odoo.rgbconsulting.com\/es\/producto\/preserve-wildlife\/","title":{"rendered":"Preserve Wildlife"},"content":{"rendered":"<p>Todo un cl\u00e1sico del mejor heavy blues y hard-rock psicod\u00e9lico USA 70s por este grupo formado por la vocalista Lynn Carey (ex C.K. Strong) y el bajista\/compositor\/cantante Neil Merryweather. Potentes y sorprendentes versiones junto a buenos temas originales, dominados por la descomunal voz de Carey, la explosiva guitarra de Rick Gaxiola y la arrolladora secci\u00f3n r\u00edtmica de Merryweather (bajo) y Coffi Hall (bater\u00eda). <\/p>\n<p> Este es su primer disco, editado y producido en 1972 por Artie Ripp para su sello Family Productions, envuelto en una pol\u00e9mica portada que mostraba a la despampanante Lynn Carey amamantado un cachorro de le\u00f3n. <\/p>\n<p> *24-bit remaster de los masters originales<br \/>*Artwork original en portada gatefold troquelada<br \/>*Insert con fotos \/ memorabilia<br \/>*Cup\u00f3n de descarga digital <\/p>\n<p> Tracklist:<br \/>Side 1: 1. Ain&#8217;t No Sunshine &#8211; 2. Be Bad with Me &#8211; 3. Ain&#8217;t Too Proud To Beg &#8211; 4. Wildcat &#8211; 5. Candy Man<br \/>Side 2. 1. Mr. Invitation &#8211; 2. Sister, Sister (She Better Than A Man) &#8211; 3. Can&#8217;t Find My Way HOme &#8211; 4. It&#8217;s Only A Dream &#8211; 5. Cry<\/p>\n","protected":false},"excerpt":{"rendered":"<p>Todo un cl\u00e1sico del mejor heavy blues y hard-rock psicod\u00e9lico USA 70s por este grupo formado por la vocalista Lynn Carey (ex C.K. Strong) y el bajista\/compositor\/cantante<a class=\"read\" href=\"https:\/\/wpguerssen-test.odoo.rgbconsulting.com\/es\/producto\/preserve-wildlife\/\"> (...)<\/a>","protected":false},"featured_media":278850,"template":"","meta":{"_acf_changed":false},"product_brand":[],"product_cat":[21639,23262],"product_tag":[],"class_list":{"0":"post-278892","1":"product","2":"type-product","3":"status-publish","4":"has-post-thumbnail","6":"product_cat-psychedelic60s-70s-es","7":"product_cat-blues-blues-rock-es","8":"pa_artist-mama-lion-es","9":"pa_format-lp-es","10":"pa_gender-blues-blues-rock-psychedelic60s-70s","11":"pa_label-out-sider-music-es","12":"pa_location-north-america-es","13":"pa_other-filters-vinyl-only-es","15":"first","16":"instock","17":"taxable","18":"shipping-taxable","19":"purchasable","20":"product-type-simple"},"acf":[],"yoast_head":"<!-- This site is optimized with the Yoast SEO plugin v24.9 - https:\/\/yoast.com\/wordpress\/plugins\/seo\/ -->\n<title>MAMA LION - Preserve Wildlife -  (LP) | Guerssen<\/title>\n<meta name=\"description\" content=\"Heavy blues and psychedelic hard-rock by this US band formed by Lynn Carey (ex-C.K. Strong) and Neil Merryweather. #nl# Powerful cover versions and strong original songs dominated by the powerful vocals of Lynn Carey, explosive guitar riffs by Rick Gaxiola, keyboard wizard James Newton Howard and the funky rhythm section of Neil Merryweather (bass) and Coffi Hall (drums). #nl# This is their debut album, originally released in 1972 on Artie Ripp&#039;s Family Productions label and housed in a striking (and polemic) gatefold die-cut sleeve showing Lynn Carey breastfeeding a lion cub. #nl# *24-bit remaster from the original master tapes*Original artwork in gatefold die-cut sleeve*Insert with rare photos and memorabilia*Download card #nl# &quot;...There were very few hard rock bands with female singers, and the original songs are heavy enough that this really stands out from the pack...&quot; - Aaron Milenski #nl# Tracklist:Side 1: 1. Ain&#039;t No Sunshine - 2. Be Bad with Me - 3. Ain&#039;t Too Proud To Beg - 4. Wildcat - 5. Candy ManSide 2. 1. Mr. Invitation - 2. Sister, Sister (She Better Than A Man) - 3. Can&#039;t Find My Way HOme - 4. It&#039;s Only A Dream - 5. Cry\" \/>\n<meta name=\"robots\" content=\"index, follow, max-snippet:-1, max-image-preview:large, max-video-preview:-1\" \/>\n<link rel=\"canonical\" href=\"https:\/\/wpguerssen-test.odoo.rgbconsulting.com\/es\/producto\/preserve-wildlife\/\" \/>\n<meta property=\"og:locale\" content=\"es_ES\" \/>\n<meta property=\"og:type\" content=\"article\" \/>\n<meta property=\"og:title\" content=\"MAMA LION - Preserve Wildlife -  (LP) | Guerssen\" \/>\n<meta property=\"og:description\" content=\"Heavy blues and psychedelic hard-rock by this US band formed by Lynn Carey (ex-C.K. Strong) and Neil Merryweather. #nl# Powerful cover versions and strong original songs dominated by the powerful vocals of Lynn Carey, explosive guitar riffs by Rick Gaxiola, keyboard wizard James Newton Howard and the funky rhythm section of Neil Merryweather (bass) and Coffi Hall (drums). #nl# This is their debut album, originally released in 1972 on Artie Ripp&#039;s Family Productions label and housed in a striking (and polemic) gatefold die-cut sleeve showing Lynn Carey breastfeeding a lion cub. #nl# *24-bit remaster from the original master tapes*Original artwork in gatefold die-cut sleeve*Insert with rare photos and memorabilia*Download card #nl# &quot;...There were very few hard rock bands with female singers, and the original songs are heavy enough that this really stands out from the pack...&quot; - Aaron Milenski #nl# Tracklist:Side 1: 1. Ain&#039;t No Sunshine - 2. Be Bad with Me - 3. Ain&#039;t Too Proud To Beg - 4. Wildcat - 5. Candy ManSide 2. 1. Mr. Invitation - 2. Sister, Sister (She Better Than A Man) - 3. Can&#039;t Find My Way HOme - 4. It&#039;s Only A Dream - 5. Cry\" \/>\n<meta property=\"og:url\" content=\"https:\/\/wpguerssen-test.odoo.rgbconsulting.com\/es\/producto\/preserve-wildlife\/\" \/>\n<meta property=\"og:site_name\" content=\"Guerssen records\" \/>\n<meta property=\"article:modified_time\" content=\"2025-04-24T15:15:59+00:00\" \/>\n<meta property=\"og:image\" content=\"https:\/\/wpguerssen-test.odoo.rgbconsulting.com\/wp-content\/uploads\/2024\/11\/46260.jpg\" \/>\n\t<meta property=\"og:image:width\" content=\"1400\" \/>\n\t<meta property=\"og:image:height\" content=\"1400\" \/>\n\t<meta property=\"og:image:type\" content=\"image\/jpeg\" \/>\n<meta name=\"twitter:card\" content=\"summary_large_image\" \/>\n<meta name=\"twitter:title\" content=\"MAMA LION - Preserve Wildlife -  (LP) | Guerssen\" \/>\n<meta name=\"twitter:label1\" content=\"Tiempo de lectura\" \/>\n\t<meta name=\"twitter:data1\" content=\"1 minuto\" \/>\n<script type=\"application\/ld+json\" class=\"yoast-schema-graph\">{\"@context\":\"https:\/\/schema.org\",\"@graph\":[{\"@type\":\"WebPage\",\"@id\":\"https:\/\/wpguerssen-test.odoo.rgbconsulting.com\/es\/producto\/preserve-wildlife\/\",\"url\":\"https:\/\/wpguerssen-test.odoo.rgbconsulting.com\/es\/producto\/preserve-wildlife\/\",\"name\":\"MAMA LION - Preserve Wildlife - (LP) | Guerssen\",\"isPartOf\":{\"@id\":\"https:\/\/wpguerssen-test.odoo.rgbconsulting.com\/es\/#website\"},\"primaryImageOfPage\":{\"@id\":\"https:\/\/wpguerssen-test.odoo.rgbconsulting.com\/es\/producto\/preserve-wildlife\/#primaryimage\"},\"image\":{\"@id\":\"https:\/\/wpguerssen-test.odoo.rgbconsulting.com\/es\/producto\/preserve-wildlife\/#primaryimage\"},\"thumbnailUrl\":\"https:\/\/wpguerssen-test.odoo.rgbconsulting.com\/wp-content\/uploads\/2024\/11\/46260.jpg\",\"datePublished\":\"2024-10-07T22:00:00+00:00\",\"dateModified\":\"2025-04-24T15:15:59+00:00\",\"description\":\"Heavy blues and psychedelic hard-rock by this US band formed by Lynn Carey (ex-C.K. Strong) and Neil Merryweather. #nl# Powerful cover versions and strong original songs dominated by the powerful vocals of Lynn Carey, explosive guitar riffs by Rick Gaxiola, keyboard wizard James Newton Howard and the funky rhythm section of Neil Merryweather (bass) and Coffi Hall (drums). #nl# This is their debut album, originally released in 1972 on Artie Ripp's Family Productions label and housed in a striking (and polemic) gatefold die-cut sleeve showing Lynn Carey breastfeeding a lion cub. #nl# *24-bit remaster from the original master tapes*Original artwork in gatefold die-cut sleeve*Insert with rare photos and memorabilia*Download card #nl# \\\"...There were very few hard rock bands with female singers, and the original songs are heavy enough that this really stands out from the pack...\\\" - Aaron Milenski #nl# Tracklist:Side 1: 1. Ain't No Sunshine - 2. Be Bad with Me - 3. Ain't Too Proud To Beg - 4. Wildcat - 5. Candy ManSide 2. 1. Mr. Invitation - 2. Sister, Sister (She Better Than A Man) - 3. Can't Find My Way HOme - 4. It's Only A Dream - 5. Cry\",\"breadcrumb\":{\"@id\":\"https:\/\/wpguerssen-test.odoo.rgbconsulting.com\/es\/producto\/preserve-wildlife\/#breadcrumb\"},\"inLanguage\":\"es\",\"potentialAction\":[{\"@type\":\"ReadAction\",\"target\":[\"https:\/\/wpguerssen-test.odoo.rgbconsulting.com\/es\/producto\/preserve-wildlife\/\"]}]},{\"@type\":\"ImageObject\",\"inLanguage\":\"es\",\"@id\":\"https:\/\/wpguerssen-test.odoo.rgbconsulting.com\/es\/producto\/preserve-wildlife\/#primaryimage\",\"url\":\"https:\/\/wpguerssen-test.odoo.rgbconsulting.com\/wp-content\/uploads\/2024\/11\/46260.jpg\",\"contentUrl\":\"https:\/\/wpguerssen-test.odoo.rgbconsulting.com\/wp-content\/uploads\/2024\/11\/46260.jpg\",\"width\":1400,\"height\":1400},{\"@type\":\"BreadcrumbList\",\"@id\":\"https:\/\/wpguerssen-test.odoo.rgbconsulting.com\/es\/producto\/preserve-wildlife\/#breadcrumb\",\"itemListElement\":[{\"@type\":\"ListItem\",\"position\":1,\"name\":\"Inicio\",\"item\":\"https:\/\/wpguerssen-test.odoo.rgbconsulting.com\/es\/\"},{\"@type\":\"ListItem\",\"position\":2,\"name\":\"Shop\",\"item\":\"https:\/\/wpguerssen-test.odoo.rgbconsulting.com\/shop\/\"},{\"@type\":\"ListItem\",\"position\":3,\"name\":\"Preserve Wildlife\"}]},{\"@type\":\"WebSite\",\"@id\":\"https:\/\/wpguerssen-test.odoo.rgbconsulting.com\/es\/#website\",\"url\":\"https:\/\/wpguerssen-test.odoo.rgbconsulting.com\/es\/\",\"name\":\"Guerssen records\",\"description\":\"psychedelia - progressive - folk - garage \",\"publisher\":{\"@id\":\"https:\/\/wpguerssen-test.odoo.rgbconsulting.com\/es\/#organization\"},\"potentialAction\":[{\"@type\":\"SearchAction\",\"target\":{\"@type\":\"EntryPoint\",\"urlTemplate\":\"https:\/\/wpguerssen-test.odoo.rgbconsulting.com\/es\/?s={search_term_string}\"},\"query-input\":{\"@type\":\"PropertyValueSpecification\",\"valueRequired\":true,\"valueName\":\"search_term_string\"}}],\"inLanguage\":\"es\"},{\"@type\":\"Organization\",\"@id\":\"https:\/\/wpguerssen-test.odoo.rgbconsulting.com\/es\/#organization\",\"name\":\"Guerssen records\",\"url\":\"https:\/\/wpguerssen-test.odoo.rgbconsulting.com\/es\/\",\"logo\":{\"@type\":\"ImageObject\",\"inLanguage\":\"es\",\"@id\":\"https:\/\/wpguerssen-test.odoo.rgbconsulting.com\/es\/#\/schema\/logo\/image\/\",\"url\":\"https:\/\/wpguerssen-test.odoo.rgbconsulting.com\/wp-content\/uploads\/2022\/04\/Logo_Guerssen_trans_100.png\",\"contentUrl\":\"https:\/\/wpguerssen-test.odoo.rgbconsulting.com\/wp-content\/uploads\/2022\/04\/Logo_Guerssen_trans_100.png\",\"width\":122,\"height\":100,\"caption\":\"Guerssen records\"},\"image\":{\"@id\":\"https:\/\/wpguerssen-test.odoo.rgbconsulting.com\/es\/#\/schema\/logo\/image\/\"}}]}<\/script>\n<!-- \/ Yoast SEO plugin. -->","yoast_head_json":{"title":"MAMA LION - Preserve Wildlife -  (LP) | Guerssen","description":"Heavy blues and psychedelic hard-rock by this US band formed by Lynn Carey (ex-C.K. Strong) and Neil Merryweather. #nl# Powerful cover versions and strong original songs dominated by the powerful vocals of Lynn Carey, explosive guitar riffs by Rick Gaxiola, keyboard wizard James Newton Howard and the funky rhythm section of Neil Merryweather (bass) and Coffi Hall (drums). #nl# This is their debut album, originally released in 1972 on Artie Ripp's Family Productions label and housed in a striking (and polemic) gatefold die-cut sleeve showing Lynn Carey breastfeeding a lion cub. #nl# *24-bit remaster from the original master tapes*Original artwork in gatefold die-cut sleeve*Insert with rare photos and memorabilia*Download card #nl# \"...There were very few hard rock bands with female singers, and the original songs are heavy enough that this really stands out from the pack...\" - Aaron Milenski #nl# Tracklist:Side 1: 1. Ain't No Sunshine - 2. Be Bad with Me - 3. Ain't Too Proud To Beg - 4. Wildcat - 5. Candy ManSide 2. 1. Mr. Invitation - 2. Sister, Sister (She Better Than A Man) - 3. Can't Find My Way HOme - 4. It's Only A Dream - 5. Cry","robots":{"index":"index","follow":"follow","max-snippet":"max-snippet:-1","max-image-preview":"max-image-preview:large","max-video-preview":"max-video-preview:-1"},"canonical":"https:\/\/wpguerssen-test.odoo.rgbconsulting.com\/es\/producto\/preserve-wildlife\/","og_locale":"es_ES","og_type":"article","og_title":"MAMA LION - Preserve Wildlife -  (LP) | Guerssen","og_description":"Heavy blues and psychedelic hard-rock by this US band formed by Lynn Carey (ex-C.K. Strong) and Neil Merryweather. #nl# Powerful cover versions and strong original songs dominated by the powerful vocals of Lynn Carey, explosive guitar riffs by Rick Gaxiola, keyboard wizard James Newton Howard and the funky rhythm section of Neil Merryweather (bass) and Coffi Hall (drums). #nl# This is their debut album, originally released in 1972 on Artie Ripp's Family Productions label and housed in a striking (and polemic) gatefold die-cut sleeve showing Lynn Carey breastfeeding a lion cub. #nl# *24-bit remaster from the original master tapes*Original artwork in gatefold die-cut sleeve*Insert with rare photos and memorabilia*Download card #nl# \"...There were very few hard rock bands with female singers, and the original songs are heavy enough that this really stands out from the pack...\" - Aaron Milenski #nl# Tracklist:Side 1: 1. Ain't No Sunshine - 2. Be Bad with Me - 3. Ain't Too Proud To Beg - 4. Wildcat - 5. Candy ManSide 2. 1. Mr. Invitation - 2. Sister, Sister (She Better Than A Man) - 3. Can't Find My Way HOme - 4. It's Only A Dream - 5. Cry","og_url":"https:\/\/wpguerssen-test.odoo.rgbconsulting.com\/es\/producto\/preserve-wildlife\/","og_site_name":"Guerssen records","article_modified_time":"2025-04-24T15:15:59+00:00","og_image":[{"width":1400,"height":1400,"url":"https:\/\/wpguerssen-test.odoo.rgbconsulting.com\/wp-content\/uploads\/2024\/11\/46260.jpg","type":"image\/jpeg"}],"twitter_card":"summary_large_image","twitter_title":"MAMA LION - Preserve Wildlife -  (LP) | Guerssen","twitter_misc":{"Tiempo de lectura":"1 minuto"},"schema":{"@context":"https:\/\/schema.org","@graph":[{"@type":"WebPage","@id":"https:\/\/wpguerssen-test.odoo.rgbconsulting.com\/es\/producto\/preserve-wildlife\/","url":"https:\/\/wpguerssen-test.odoo.rgbconsulting.com\/es\/producto\/preserve-wildlife\/","name":"MAMA LION - Preserve Wildlife - (LP) | Guerssen","isPartOf":{"@id":"https:\/\/wpguerssen-test.odoo.rgbconsulting.com\/es\/#website"},"primaryImageOfPage":{"@id":"https:\/\/wpguerssen-test.odoo.rgbconsulting.com\/es\/producto\/preserve-wildlife\/#primaryimage"},"image":{"@id":"https:\/\/wpguerssen-test.odoo.rgbconsulting.com\/es\/producto\/preserve-wildlife\/#primaryimage"},"thumbnailUrl":"https:\/\/wpguerssen-test.odoo.rgbconsulting.com\/wp-content\/uploads\/2024\/11\/46260.jpg","datePublished":"2024-10-07T22:00:00+00:00","dateModified":"2025-04-24T15:15:59+00:00","description":"Heavy blues and psychedelic hard-rock by this US band formed by Lynn Carey (ex-C.K. Strong) and Neil Merryweather. #nl# Powerful cover versions and strong original songs dominated by the powerful vocals of Lynn Carey, explosive guitar riffs by Rick Gaxiola, keyboard wizard James Newton Howard and the funky rhythm section of Neil Merryweather (bass) and Coffi Hall (drums). #nl# This is their debut album, originally released in 1972 on Artie Ripp's Family Productions label and housed in a striking (and polemic) gatefold die-cut sleeve showing Lynn Carey breastfeeding a lion cub. #nl# *24-bit remaster from the original master tapes*Original artwork in gatefold die-cut sleeve*Insert with rare photos and memorabilia*Download card #nl# \"...There were very few hard rock bands with female singers, and the original songs are heavy enough that this really stands out from the pack...\" - Aaron Milenski #nl# Tracklist:Side 1: 1. Ain't No Sunshine - 2. Be Bad with Me - 3. Ain't Too Proud To Beg - 4. Wildcat - 5. Candy ManSide 2. 1. Mr. Invitation - 2. Sister, Sister (She Better Than A Man) - 3. Can't Find My Way HOme - 4. It's Only A Dream - 5. Cry","breadcrumb":{"@id":"https:\/\/wpguerssen-test.odoo.rgbconsulting.com\/es\/producto\/preserve-wildlife\/#breadcrumb"},"inLanguage":"es","potentialAction":[{"@type":"ReadAction","target":["https:\/\/wpguerssen-test.odoo.rgbconsulting.com\/es\/producto\/preserve-wildlife\/"]}]},{"@type":"ImageObject","inLanguage":"es","@id":"https:\/\/wpguerssen-test.odoo.rgbconsulting.com\/es\/producto\/preserve-wildlife\/#primaryimage","url":"https:\/\/wpguerssen-test.odoo.rgbconsulting.com\/wp-content\/uploads\/2024\/11\/46260.jpg","contentUrl":"https:\/\/wpguerssen-test.odoo.rgbconsulting.com\/wp-content\/uploads\/2024\/11\/46260.jpg","width":1400,"height":1400},{"@type":"BreadcrumbList","@id":"https:\/\/wpguerssen-test.odoo.rgbconsulting.com\/es\/producto\/preserve-wildlife\/#breadcrumb","itemListElement":[{"@type":"ListItem","position":1,"name":"Inicio","item":"https:\/\/wpguerssen-test.odoo.rgbconsulting.com\/es\/"},{"@type":"ListItem","position":2,"name":"Shop","item":"https:\/\/wpguerssen-test.odoo.rgbconsulting.com\/shop\/"},{"@type":"ListItem","position":3,"name":"Preserve Wildlife"}]},{"@type":"WebSite","@id":"https:\/\/wpguerssen-test.odoo.rgbconsulting.com\/es\/#website","url":"https:\/\/wpguerssen-test.odoo.rgbconsulting.com\/es\/","name":"Guerssen records","description":"psychedelia - progressive - folk - garage ","publisher":{"@id":"https:\/\/wpguerssen-test.odoo.rgbconsulting.com\/es\/#organization"},"potentialAction":[{"@type":"SearchAction","target":{"@type":"EntryPoint","urlTemplate":"https:\/\/wpguerssen-test.odoo.rgbconsulting.com\/es\/?s={search_term_string}"},"query-input":{"@type":"PropertyValueSpecification","valueRequired":true,"valueName":"search_term_string"}}],"inLanguage":"es"},{"@type":"Organization","@id":"https:\/\/wpguerssen-test.odoo.rgbconsulting.com\/es\/#organization","name":"Guerssen records","url":"https:\/\/wpguerssen-test.odoo.rgbconsulting.com\/es\/","logo":{"@type":"ImageObject","inLanguage":"es","@id":"https:\/\/wpguerssen-test.odoo.rgbconsulting.com\/es\/#\/schema\/logo\/image\/","url":"https:\/\/wpguerssen-test.odoo.rgbconsulting.com\/wp-content\/uploads\/2022\/04\/Logo_Guerssen_trans_100.png","contentUrl":"https:\/\/wpguerssen-test.odoo.rgbconsulting.com\/wp-content\/uploads\/2022\/04\/Logo_Guerssen_trans_100.png","width":122,"height":100,"caption":"Guerssen records"},"image":{"@id":"https:\/\/wpguerssen-test.odoo.rgbconsulting.com\/es\/#\/schema\/logo\/image\/"}}]}},"_links":{"self":[{"href":"https:\/\/wpguerssen-test.odoo.rgbconsulting.com\/es\/wp-json\/wp\/v2\/product\/278892","targetHints":{"allow":["GET"]}}],"collection":[{"href":"https:\/\/wpguerssen-test.odoo.rgbconsulting.com\/es\/wp-json\/wp\/v2\/product"}],"about":[{"href":"https:\/\/wpguerssen-test.odoo.rgbconsulting.com\/es\/wp-json\/wp\/v2\/types\/product"}],"wp:featuredmedia":[{"embeddable":true,"href":"https:\/\/wpguerssen-test.odoo.rgbconsulting.com\/es\/wp-json\/wp\/v2\/media\/278850"}],"wp:attachment":[{"href":"https:\/\/wpguerssen-test.odoo.rgbconsulting.com\/es\/wp-json\/wp\/v2\/media?parent=278892"}],"wp:term":[{"taxonomy":"product_brand","embeddable":true,"href":"https:\/\/wpguerssen-test.odoo.rgbconsulting.com\/es\/wp-json\/wp\/v2\/product_brand?post=278892"},{"taxonomy":"product_cat","embeddable":true,"href":"https:\/\/wpguerssen-test.odoo.rgbconsulting.com\/es\/wp-json\/wp\/v2\/product_cat?post=278892"},{"taxonomy":"product_tag","embeddable":true,"href":"https:\/\/wpguerssen-test.odoo.rgbconsulting.com\/es\/wp-json\/wp\/v2\/product_tag?post=278892"}],"curies":[{"name":"wp","href":"https:\/\/api.w.org\/{rel}","templated":true}]}}