{"id":278922,"date":"2025-01-09T00:00:00","date_gmt":"2025-01-08T23:00:00","guid":{"rendered":"https:\/\/wpguerssen-test.odoo.rgbconsulting.com\/product\/the-london-sessions-toe-rag-1996\/"},"modified":"2025-03-28T12:46:17","modified_gmt":"2025-03-28T11:46:17","slug":"the-london-sessions-toe-rag-1996","status":"publish","type":"product","link":"https:\/\/wpguerssen-test.odoo.rgbconsulting.com\/es\/producto\/the-london-sessions-toe-rag-1996\/","title":{"rendered":"The London Sessions \/ Toe Rag 1996"},"content":{"rendered":"<p>Edici\u00f3n limitada y numerada de 500 unidades.<br \/>En la segunda mitad de la d\u00e9cada de los 90 algunas escenas como el revival sixties siguieron apostando por la grabaci\u00f3n y el formato anal\u00f3gico. Siguiendo el camino marcado por Doctor Explosi\u00f3n, y cuando ya contaban con dos EPs publicados que hoy son objeto de coleccionismo voraz, The MockingByrds viajaron hasta los estudios Toe Rag de Londres en 1996 para grabar su primer larga duraci\u00f3n. 28 a\u00f1os despu\u00e9s, ver\u00e1 la luz en una edici\u00f3n en vinilo limitada y numerada de 500 vinilos as\u00ed como en digital bajo el t\u00edtulo <<The London Sessions \/ Toe Rag 1996>>.<\/p>\n","protected":false},"excerpt":{"rendered":"<p>Edici\u00f3n limitada y numerada de 500 unidades.<br \/>En la segunda mitad de la d\u00e9cada de los 90 algunas escenas como el revival sixties siguieron apostando por la grabaci\u00f3n<a class=\"read\" href=\"https:\/\/wpguerssen-test.odoo.rgbconsulting.com\/es\/producto\/the-london-sessions-toe-rag-1996\/\"> (...)<\/a>","protected":false},"featured_media":278953,"template":"","meta":{"_acf_changed":false},"product_brand":[],"product_cat":[23283],"product_tag":[24185],"class_list":{"0":"post-278922","1":"product","2":"type-product","3":"status-publish","4":"has-post-thumbnail","6":"product_cat-garagebeatrnb80-90-es","7":"product_tag-de-nuevo-en-existencia","8":"pa_artist-mocking-byrds-the","9":"pa_format-lp-es","10":"pa_gender-garage-beat-rnb80-90-garagebeatrnb80-90","11":"pa_label-subterfuge","12":"pa_location-spain-es","13":"pa_other-filters-vinyl-only-es","15":"first","16":"instock","17":"taxable","18":"shipping-taxable","19":"purchasable","20":"product-type-simple"},"acf":[],"yoast_head":"<!-- This site is optimized with the Yoast SEO plugin v24.9 - https:\/\/yoast.com\/wordpress\/plugins\/seo\/ -->\n<title>MOCKING BYRDS, The - The London Sessions \/ Toe Rag 1996 -  (LP) | Guerssen<\/title>\n<meta name=\"description\" content=\"Limited and numbered edition of 500 units.In the second half of the 90s, some scenes such as the sixties revival continued to bet for recording and analog format. Following the path marked by Doctor Explosi\u00f3n, and when they had two EPs published that today are the subject of voracious collecting, The Mocking Byrds traveled to London&#039;s Toe Rag studios in 1996 to record their first full-length. 28 years Later, it will be released in a limited and numbered vinyl edition of 500 vinyls as well as digitally under the title &quot;The London Sessions \/ Toe Rag 1996&quot;.\" \/>\n<meta name=\"robots\" content=\"index, follow, max-snippet:-1, max-image-preview:large, max-video-preview:-1\" \/>\n<link rel=\"canonical\" href=\"https:\/\/wpguerssen-test.odoo.rgbconsulting.com\/es\/producto\/the-london-sessions-toe-rag-1996\/\" \/>\n<meta property=\"og:locale\" content=\"es_ES\" \/>\n<meta property=\"og:type\" content=\"article\" \/>\n<meta property=\"og:title\" content=\"MOCKING BYRDS, The - The London Sessions \/ Toe Rag 1996 -  (LP) | Guerssen\" \/>\n<meta property=\"og:description\" content=\"Limited and numbered edition of 500 units.In the second half of the 90s, some scenes such as the sixties revival continued to bet for recording and analog format. Following the path marked by Doctor Explosi\u00f3n, and when they had two EPs published that today are the subject of voracious collecting, The Mocking Byrds traveled to London&#039;s Toe Rag studios in 1996 to record their first full-length. 28 years Later, it will be released in a limited and numbered vinyl edition of 500 vinyls as well as digitally under the title &quot;The London Sessions \/ Toe Rag 1996&quot;.\" \/>\n<meta property=\"og:url\" content=\"https:\/\/wpguerssen-test.odoo.rgbconsulting.com\/es\/producto\/the-london-sessions-toe-rag-1996\/\" \/>\n<meta property=\"og:site_name\" content=\"Guerssen records\" \/>\n<meta property=\"article:modified_time\" content=\"2025-03-28T11:46:17+00:00\" \/>\n<meta property=\"og:image\" content=\"https:\/\/wpguerssen-test.odoo.rgbconsulting.com\/wp-content\/uploads\/2024\/11\/49306.jpg\" \/>\n\t<meta property=\"og:image:width\" content=\"318\" \/>\n\t<meta property=\"og:image:height\" content=\"318\" \/>\n\t<meta property=\"og:image:type\" content=\"image\/jpeg\" \/>\n<meta name=\"twitter:card\" content=\"summary_large_image\" \/>\n<meta name=\"twitter:title\" content=\"MOCKING BYRDS, The - The London Sessions \/ Toe Rag 1996 -  (LP) | Guerssen\" \/>\n<meta name=\"twitter:label1\" content=\"Tiempo de lectura\" \/>\n\t<meta name=\"twitter:data1\" content=\"1 minuto\" \/>\n<script type=\"application\/ld+json\" class=\"yoast-schema-graph\">{\"@context\":\"https:\/\/schema.org\",\"@graph\":[{\"@type\":\"WebPage\",\"@id\":\"https:\/\/wpguerssen-test.odoo.rgbconsulting.com\/es\/producto\/the-london-sessions-toe-rag-1996\/\",\"url\":\"https:\/\/wpguerssen-test.odoo.rgbconsulting.com\/es\/producto\/the-london-sessions-toe-rag-1996\/\",\"name\":\"MOCKING BYRDS, The - The London Sessions \/ Toe Rag 1996 - (LP) | Guerssen\",\"isPartOf\":{\"@id\":\"https:\/\/wpguerssen-test.odoo.rgbconsulting.com\/es\/#website\"},\"primaryImageOfPage\":{\"@id\":\"https:\/\/wpguerssen-test.odoo.rgbconsulting.com\/es\/producto\/the-london-sessions-toe-rag-1996\/#primaryimage\"},\"image\":{\"@id\":\"https:\/\/wpguerssen-test.odoo.rgbconsulting.com\/es\/producto\/the-london-sessions-toe-rag-1996\/#primaryimage\"},\"thumbnailUrl\":\"https:\/\/wpguerssen-test.odoo.rgbconsulting.com\/wp-content\/uploads\/2024\/11\/49306.jpg\",\"datePublished\":\"2025-01-08T23:00:00+00:00\",\"dateModified\":\"2025-03-28T11:46:17+00:00\",\"description\":\"Limited and numbered edition of 500 units.In the second half of the 90s, some scenes such as the sixties revival continued to bet for recording and analog format. Following the path marked by Doctor Explosi\u00f3n, and when they had two EPs published that today are the subject of voracious collecting, The Mocking Byrds traveled to London's Toe Rag studios in 1996 to record their first full-length. 28 years Later, it will be released in a limited and numbered vinyl edition of 500 vinyls as well as digitally under the title \\\"The London Sessions \/ Toe Rag 1996\\\".\",\"breadcrumb\":{\"@id\":\"https:\/\/wpguerssen-test.odoo.rgbconsulting.com\/es\/producto\/the-london-sessions-toe-rag-1996\/#breadcrumb\"},\"inLanguage\":\"es\",\"potentialAction\":[{\"@type\":\"ReadAction\",\"target\":[\"https:\/\/wpguerssen-test.odoo.rgbconsulting.com\/es\/producto\/the-london-sessions-toe-rag-1996\/\"]}]},{\"@type\":\"ImageObject\",\"inLanguage\":\"es\",\"@id\":\"https:\/\/wpguerssen-test.odoo.rgbconsulting.com\/es\/producto\/the-london-sessions-toe-rag-1996\/#primaryimage\",\"url\":\"https:\/\/wpguerssen-test.odoo.rgbconsulting.com\/wp-content\/uploads\/2024\/11\/49306.jpg\",\"contentUrl\":\"https:\/\/wpguerssen-test.odoo.rgbconsulting.com\/wp-content\/uploads\/2024\/11\/49306.jpg\",\"width\":318,\"height\":318,\"caption\":\"The - The London Sessions \/ Toe Rag 1996 - SUBTERFUGE (LP) | Guerssen\"},{\"@type\":\"BreadcrumbList\",\"@id\":\"https:\/\/wpguerssen-test.odoo.rgbconsulting.com\/es\/producto\/the-london-sessions-toe-rag-1996\/#breadcrumb\",\"itemListElement\":[{\"@type\":\"ListItem\",\"position\":1,\"name\":\"Inicio\",\"item\":\"https:\/\/wpguerssen-test.odoo.rgbconsulting.com\/es\/\"},{\"@type\":\"ListItem\",\"position\":2,\"name\":\"Shop\",\"item\":\"https:\/\/wpguerssen-test.odoo.rgbconsulting.com\/shop\/\"},{\"@type\":\"ListItem\",\"position\":3,\"name\":\"The London Sessions \/ Toe Rag 1996\"}]},{\"@type\":\"WebSite\",\"@id\":\"https:\/\/wpguerssen-test.odoo.rgbconsulting.com\/es\/#website\",\"url\":\"https:\/\/wpguerssen-test.odoo.rgbconsulting.com\/es\/\",\"name\":\"Guerssen records\",\"description\":\"psychedelia - progressive - folk - garage \",\"publisher\":{\"@id\":\"https:\/\/wpguerssen-test.odoo.rgbconsulting.com\/es\/#organization\"},\"potentialAction\":[{\"@type\":\"SearchAction\",\"target\":{\"@type\":\"EntryPoint\",\"urlTemplate\":\"https:\/\/wpguerssen-test.odoo.rgbconsulting.com\/es\/?s={search_term_string}\"},\"query-input\":{\"@type\":\"PropertyValueSpecification\",\"valueRequired\":true,\"valueName\":\"search_term_string\"}}],\"inLanguage\":\"es\"},{\"@type\":\"Organization\",\"@id\":\"https:\/\/wpguerssen-test.odoo.rgbconsulting.com\/es\/#organization\",\"name\":\"Guerssen records\",\"url\":\"https:\/\/wpguerssen-test.odoo.rgbconsulting.com\/es\/\",\"logo\":{\"@type\":\"ImageObject\",\"inLanguage\":\"es\",\"@id\":\"https:\/\/wpguerssen-test.odoo.rgbconsulting.com\/es\/#\/schema\/logo\/image\/\",\"url\":\"https:\/\/wpguerssen-test.odoo.rgbconsulting.com\/wp-content\/uploads\/2022\/04\/Logo_Guerssen_trans_100.png\",\"contentUrl\":\"https:\/\/wpguerssen-test.odoo.rgbconsulting.com\/wp-content\/uploads\/2022\/04\/Logo_Guerssen_trans_100.png\",\"width\":122,\"height\":100,\"caption\":\"Guerssen records\"},\"image\":{\"@id\":\"https:\/\/wpguerssen-test.odoo.rgbconsulting.com\/es\/#\/schema\/logo\/image\/\"}}]}<\/script>\n<!-- \/ Yoast SEO plugin. -->","yoast_head_json":{"title":"MOCKING BYRDS, The - The London Sessions \/ Toe Rag 1996 -  (LP) | Guerssen","description":"Limited and numbered edition of 500 units.In the second half of the 90s, some scenes such as the sixties revival continued to bet for recording and analog format. Following the path marked by Doctor Explosi\u00f3n, and when they had two EPs published that today are the subject of voracious collecting, The Mocking Byrds traveled to London's Toe Rag studios in 1996 to record their first full-length. 28 years Later, it will be released in a limited and numbered vinyl edition of 500 vinyls as well as digitally under the title \"The London Sessions \/ Toe Rag 1996\".","robots":{"index":"index","follow":"follow","max-snippet":"max-snippet:-1","max-image-preview":"max-image-preview:large","max-video-preview":"max-video-preview:-1"},"canonical":"https:\/\/wpguerssen-test.odoo.rgbconsulting.com\/es\/producto\/the-london-sessions-toe-rag-1996\/","og_locale":"es_ES","og_type":"article","og_title":"MOCKING BYRDS, The - The London Sessions \/ Toe Rag 1996 -  (LP) | Guerssen","og_description":"Limited and numbered edition of 500 units.In the second half of the 90s, some scenes such as the sixties revival continued to bet for recording and analog format. Following the path marked by Doctor Explosi\u00f3n, and when they had two EPs published that today are the subject of voracious collecting, The Mocking Byrds traveled to London's Toe Rag studios in 1996 to record their first full-length. 28 years Later, it will be released in a limited and numbered vinyl edition of 500 vinyls as well as digitally under the title \"The London Sessions \/ Toe Rag 1996\".","og_url":"https:\/\/wpguerssen-test.odoo.rgbconsulting.com\/es\/producto\/the-london-sessions-toe-rag-1996\/","og_site_name":"Guerssen records","article_modified_time":"2025-03-28T11:46:17+00:00","og_image":[{"width":318,"height":318,"url":"https:\/\/wpguerssen-test.odoo.rgbconsulting.com\/wp-content\/uploads\/2024\/11\/49306.jpg","type":"image\/jpeg"}],"twitter_card":"summary_large_image","twitter_title":"MOCKING BYRDS, The - The London Sessions \/ Toe Rag 1996 -  (LP) | Guerssen","twitter_misc":{"Tiempo de lectura":"1 minuto"},"schema":{"@context":"https:\/\/schema.org","@graph":[{"@type":"WebPage","@id":"https:\/\/wpguerssen-test.odoo.rgbconsulting.com\/es\/producto\/the-london-sessions-toe-rag-1996\/","url":"https:\/\/wpguerssen-test.odoo.rgbconsulting.com\/es\/producto\/the-london-sessions-toe-rag-1996\/","name":"MOCKING BYRDS, The - The London Sessions \/ Toe Rag 1996 - (LP) | Guerssen","isPartOf":{"@id":"https:\/\/wpguerssen-test.odoo.rgbconsulting.com\/es\/#website"},"primaryImageOfPage":{"@id":"https:\/\/wpguerssen-test.odoo.rgbconsulting.com\/es\/producto\/the-london-sessions-toe-rag-1996\/#primaryimage"},"image":{"@id":"https:\/\/wpguerssen-test.odoo.rgbconsulting.com\/es\/producto\/the-london-sessions-toe-rag-1996\/#primaryimage"},"thumbnailUrl":"https:\/\/wpguerssen-test.odoo.rgbconsulting.com\/wp-content\/uploads\/2024\/11\/49306.jpg","datePublished":"2025-01-08T23:00:00+00:00","dateModified":"2025-03-28T11:46:17+00:00","description":"Limited and numbered edition of 500 units.In the second half of the 90s, some scenes such as the sixties revival continued to bet for recording and analog format. Following the path marked by Doctor Explosi\u00f3n, and when they had two EPs published that today are the subject of voracious collecting, The Mocking Byrds traveled to London's Toe Rag studios in 1996 to record their first full-length. 28 years Later, it will be released in a limited and numbered vinyl edition of 500 vinyls as well as digitally under the title \"The London Sessions \/ Toe Rag 1996\".","breadcrumb":{"@id":"https:\/\/wpguerssen-test.odoo.rgbconsulting.com\/es\/producto\/the-london-sessions-toe-rag-1996\/#breadcrumb"},"inLanguage":"es","potentialAction":[{"@type":"ReadAction","target":["https:\/\/wpguerssen-test.odoo.rgbconsulting.com\/es\/producto\/the-london-sessions-toe-rag-1996\/"]}]},{"@type":"ImageObject","inLanguage":"es","@id":"https:\/\/wpguerssen-test.odoo.rgbconsulting.com\/es\/producto\/the-london-sessions-toe-rag-1996\/#primaryimage","url":"https:\/\/wpguerssen-test.odoo.rgbconsulting.com\/wp-content\/uploads\/2024\/11\/49306.jpg","contentUrl":"https:\/\/wpguerssen-test.odoo.rgbconsulting.com\/wp-content\/uploads\/2024\/11\/49306.jpg","width":318,"height":318,"caption":"The - The London Sessions \/ Toe Rag 1996 - SUBTERFUGE (LP) | Guerssen"},{"@type":"BreadcrumbList","@id":"https:\/\/wpguerssen-test.odoo.rgbconsulting.com\/es\/producto\/the-london-sessions-toe-rag-1996\/#breadcrumb","itemListElement":[{"@type":"ListItem","position":1,"name":"Inicio","item":"https:\/\/wpguerssen-test.odoo.rgbconsulting.com\/es\/"},{"@type":"ListItem","position":2,"name":"Shop","item":"https:\/\/wpguerssen-test.odoo.rgbconsulting.com\/shop\/"},{"@type":"ListItem","position":3,"name":"The London Sessions \/ Toe Rag 1996"}]},{"@type":"WebSite","@id":"https:\/\/wpguerssen-test.odoo.rgbconsulting.com\/es\/#website","url":"https:\/\/wpguerssen-test.odoo.rgbconsulting.com\/es\/","name":"Guerssen records","description":"psychedelia - progressive - folk - garage ","publisher":{"@id":"https:\/\/wpguerssen-test.odoo.rgbconsulting.com\/es\/#organization"},"potentialAction":[{"@type":"SearchAction","target":{"@type":"EntryPoint","urlTemplate":"https:\/\/wpguerssen-test.odoo.rgbconsulting.com\/es\/?s={search_term_string}"},"query-input":{"@type":"PropertyValueSpecification","valueRequired":true,"valueName":"search_term_string"}}],"inLanguage":"es"},{"@type":"Organization","@id":"https:\/\/wpguerssen-test.odoo.rgbconsulting.com\/es\/#organization","name":"Guerssen records","url":"https:\/\/wpguerssen-test.odoo.rgbconsulting.com\/es\/","logo":{"@type":"ImageObject","inLanguage":"es","@id":"https:\/\/wpguerssen-test.odoo.rgbconsulting.com\/es\/#\/schema\/logo\/image\/","url":"https:\/\/wpguerssen-test.odoo.rgbconsulting.com\/wp-content\/uploads\/2022\/04\/Logo_Guerssen_trans_100.png","contentUrl":"https:\/\/wpguerssen-test.odoo.rgbconsulting.com\/wp-content\/uploads\/2022\/04\/Logo_Guerssen_trans_100.png","width":122,"height":100,"caption":"Guerssen records"},"image":{"@id":"https:\/\/wpguerssen-test.odoo.rgbconsulting.com\/es\/#\/schema\/logo\/image\/"}}]}},"_links":{"self":[{"href":"https:\/\/wpguerssen-test.odoo.rgbconsulting.com\/es\/wp-json\/wp\/v2\/product\/278922","targetHints":{"allow":["GET"]}}],"collection":[{"href":"https:\/\/wpguerssen-test.odoo.rgbconsulting.com\/es\/wp-json\/wp\/v2\/product"}],"about":[{"href":"https:\/\/wpguerssen-test.odoo.rgbconsulting.com\/es\/wp-json\/wp\/v2\/types\/product"}],"wp:featuredmedia":[{"embeddable":true,"href":"https:\/\/wpguerssen-test.odoo.rgbconsulting.com\/es\/wp-json\/wp\/v2\/media\/278953"}],"wp:attachment":[{"href":"https:\/\/wpguerssen-test.odoo.rgbconsulting.com\/es\/wp-json\/wp\/v2\/media?parent=278922"}],"wp:term":[{"taxonomy":"product_brand","embeddable":true,"href":"https:\/\/wpguerssen-test.odoo.rgbconsulting.com\/es\/wp-json\/wp\/v2\/product_brand?post=278922"},{"taxonomy":"product_cat","embeddable":true,"href":"https:\/\/wpguerssen-test.odoo.rgbconsulting.com\/es\/wp-json\/wp\/v2\/product_cat?post=278922"},{"taxonomy":"product_tag","embeddable":true,"href":"https:\/\/wpguerssen-test.odoo.rgbconsulting.com\/es\/wp-json\/wp\/v2\/product_tag?post=278922"}],"curies":[{"name":"wp","href":"https:\/\/api.w.org\/{rel}","templated":true}]}}