{"id":279148,"date":"2025-01-23T00:00:00","date_gmt":"2025-01-22T23:00:00","guid":{"rendered":"https:\/\/wpguerssen-test.odoo.rgbconsulting.com\/product\/ghetto-music-the-blueprint-of-hip-hopblue-clear\/"},"modified":"2025-01-23T18:14:12","modified_gmt":"2025-01-23T17:14:12","slug":"ghetto-music-the-blueprint-of-hip-hopblue-clear","status":"publish","type":"product","link":"https:\/\/wpguerssen-test.odoo.rgbconsulting.com\/es\/producto\/ghetto-music-the-blueprint-of-hip-hopblue-clear\/","title":{"rendered":"Ghetto Music: The Blueprint Of Hip Hop(Blue\/Clear)"},"content":{"rendered":"<p>Entre los fan\u00e1ticos del hip-hop, los dos primeros \u00e1lbumes de Boogie Down Productions, Criminal Minded (1987) y By All Means Needed (1988), ocupan un lugar muy importante. Y por una buena raz\u00f3n: ambos capturaron a uno de los grupos m\u00e1s importantes e influyentes de finales de los 80 en sus mayores poderes de lirismo e invenci\u00f3n musical. <br \/>Dicho esto, demasiada gente duerme con el tercer LP de BDP, Ghetto Music. Lanzado en 1989, cuando el mundo del hip-hop realmente comenzaba a explotar y alcanzar nuevas alturas de ventas y exposici\u00f3n en todo el mundo, el \u00e1lbum es posiblemente tan poderoso como los dos primeros del grupo.<\/p>\n","protected":false},"excerpt":{"rendered":"<p>Entre los fan\u00e1ticos del hip-hop, los dos primeros \u00e1lbumes de Boogie Down Productions, Criminal Minded (1987) y By All Means Needed (1988), ocupan un lugar muy importante.<a class=\"read\" href=\"https:\/\/wpguerssen-test.odoo.rgbconsulting.com\/es\/producto\/ghetto-music-the-blueprint-of-hip-hopblue-clear\/\"> (...)<\/a>","protected":false},"featured_media":279085,"template":"","meta":{"_acf_changed":false},"product_brand":[],"product_cat":[21706],"product_tag":[29140,24189],"class_list":{"0":"post-279148","1":"product","2":"type-product","3":"status-publish","4":"has-post-thumbnail","6":"product_cat-rap-hip-hop-es","7":"product_tag-color-vinyl-es","8":"product_tag-recien-llegadas","9":"pa_artist-boogie-down-productions","10":"pa_format-2lp-es","11":"pa_gender-rap-hip-hop","12":"pa_label-get-on-down","13":"pa_location-north-america-es","14":"pa_other-filters-vinyl-only-es","16":"first","17":"instock","18":"taxable","19":"shipping-taxable","20":"purchasable","21":"product-type-simple"},"acf":[],"yoast_head":"<!-- This site is optimized with the Yoast SEO plugin v24.9 - https:\/\/yoast.com\/wordpress\/plugins\/seo\/ -->\n<title>BOOGIE DOWN PRODUCTIONS - Ghetto Music: The Blueprint Of Hip Hop(Blue\/Clear) -  (2LP) | Guerssen<\/title>\n<meta name=\"description\" content=\"Among hip-hop fans, Boogie Down Productions first two albums - Criminal Minded (1987) and By All Means Necessary (1988) - loom very large. And for good reason: they both captured one of the late 1980s most important and influential crews at their highest powers of lyricism and musical invention.That said, too many people sleep on BDPs third LP, Ghetto Music. Released in 1989, when the hip-hop world was truly beginning to explode and reach new heights of sales and exposure around the world, the album is arguably as powerful as the group&#039;s first two.As on By All Means Necessary, in the wake of the tragic death of the founder, producer, and DJ Scott LaRock, KRS-One pushed along mightily on the production side, with help from his extended crew.Musically the sound created on albums 2 &amp; 3 was funky, catchy, and continually innovative, giving him the perfect backdrop to build his Edutainment syllabus.Lyrically there was never a question about KRS-One&#039;s power, and on Ghetto Music he continues to impress, teach, and ask important questions. Clear cases in point are two of the album&#039;s singles, &quot;You Must Learn&quot; and &quot;Why Is That?&quot; but he gets even deeper on tracks like the anti-police thought-piece &quot;Who Protects Us From You&quot; (still sadly relevant in 2024), &quot;Ghetto Music&quot; and &quot;World Peace.&quot;Out of print on vinyl since 2017, Get On Down in partnership with Sony&#039;s CERTIFIED is proud to present this &#039;89 classic fresh for 2024 you suckas! Pressed for the first time on double-colored vinyl and packaged in a gatefold jacket with a fold-out lyric sheet and two bonus remixes.\" \/>\n<meta name=\"robots\" content=\"index, follow, max-snippet:-1, max-image-preview:large, max-video-preview:-1\" \/>\n<link rel=\"canonical\" href=\"https:\/\/wpguerssen-test.odoo.rgbconsulting.com\/es\/producto\/ghetto-music-the-blueprint-of-hip-hopblue-clear\/\" \/>\n<meta property=\"og:locale\" content=\"es_ES\" \/>\n<meta property=\"og:type\" content=\"article\" \/>\n<meta property=\"og:title\" content=\"BOOGIE DOWN PRODUCTIONS - Ghetto Music: The Blueprint Of Hip Hop(Blue\/Clear) -  (2LP) | Guerssen\" \/>\n<meta property=\"og:description\" content=\"Among hip-hop fans, Boogie Down Productions first two albums - Criminal Minded (1987) and By All Means Necessary (1988) - loom very large. And for good reason: they both captured one of the late 1980s most important and influential crews at their highest powers of lyricism and musical invention.That said, too many people sleep on BDPs third LP, Ghetto Music. Released in 1989, when the hip-hop world was truly beginning to explode and reach new heights of sales and exposure around the world, the album is arguably as powerful as the group&#039;s first two.As on By All Means Necessary, in the wake of the tragic death of the founder, producer, and DJ Scott LaRock, KRS-One pushed along mightily on the production side, with help from his extended crew.Musically the sound created on albums 2 &amp; 3 was funky, catchy, and continually innovative, giving him the perfect backdrop to build his Edutainment syllabus.Lyrically there was never a question about KRS-One&#039;s power, and on Ghetto Music he continues to impress, teach, and ask important questions. Clear cases in point are two of the album&#039;s singles, &quot;You Must Learn&quot; and &quot;Why Is That?&quot; but he gets even deeper on tracks like the anti-police thought-piece &quot;Who Protects Us From You&quot; (still sadly relevant in 2024), &quot;Ghetto Music&quot; and &quot;World Peace.&quot;Out of print on vinyl since 2017, Get On Down in partnership with Sony&#039;s CERTIFIED is proud to present this &#039;89 classic fresh for 2024 you suckas! Pressed for the first time on double-colored vinyl and packaged in a gatefold jacket with a fold-out lyric sheet and two bonus remixes.\" \/>\n<meta property=\"og:url\" content=\"https:\/\/wpguerssen-test.odoo.rgbconsulting.com\/es\/producto\/ghetto-music-the-blueprint-of-hip-hopblue-clear\/\" \/>\n<meta property=\"og:site_name\" content=\"Guerssen records\" \/>\n<meta property=\"article:modified_time\" content=\"2025-01-23T17:14:12+00:00\" \/>\n<meta property=\"og:image\" content=\"https:\/\/wpguerssen-test.odoo.rgbconsulting.com\/wp-content\/uploads\/2024\/11\/49309.jpg\" \/>\n\t<meta property=\"og:image:width\" content=\"584\" \/>\n\t<meta property=\"og:image:height\" content=\"404\" \/>\n\t<meta property=\"og:image:type\" content=\"image\/jpeg\" \/>\n<meta name=\"twitter:card\" content=\"summary_large_image\" \/>\n<meta name=\"twitter:title\" content=\"BOOGIE DOWN PRODUCTIONS - Ghetto Music: The Blueprint Of Hip Hop(Blue\/Clear) -  (2LP) | Guerssen\" \/>\n<meta name=\"twitter:label1\" content=\"Tiempo de lectura\" \/>\n\t<meta name=\"twitter:data1\" content=\"1 minuto\" \/>\n<script type=\"application\/ld+json\" class=\"yoast-schema-graph\">{\"@context\":\"https:\/\/schema.org\",\"@graph\":[{\"@type\":\"WebPage\",\"@id\":\"https:\/\/wpguerssen-test.odoo.rgbconsulting.com\/es\/producto\/ghetto-music-the-blueprint-of-hip-hopblue-clear\/\",\"url\":\"https:\/\/wpguerssen-test.odoo.rgbconsulting.com\/es\/producto\/ghetto-music-the-blueprint-of-hip-hopblue-clear\/\",\"name\":\"BOOGIE DOWN PRODUCTIONS - Ghetto Music: The Blueprint Of Hip Hop(Blue\/Clear) - (2LP) | Guerssen\",\"isPartOf\":{\"@id\":\"https:\/\/wpguerssen-test.odoo.rgbconsulting.com\/es\/#website\"},\"primaryImageOfPage\":{\"@id\":\"https:\/\/wpguerssen-test.odoo.rgbconsulting.com\/es\/producto\/ghetto-music-the-blueprint-of-hip-hopblue-clear\/#primaryimage\"},\"image\":{\"@id\":\"https:\/\/wpguerssen-test.odoo.rgbconsulting.com\/es\/producto\/ghetto-music-the-blueprint-of-hip-hopblue-clear\/#primaryimage\"},\"thumbnailUrl\":\"https:\/\/wpguerssen-test.odoo.rgbconsulting.com\/wp-content\/uploads\/2024\/11\/49309.jpg\",\"datePublished\":\"2025-01-22T23:00:00+00:00\",\"dateModified\":\"2025-01-23T17:14:12+00:00\",\"description\":\"Among hip-hop fans, Boogie Down Productions first two albums - Criminal Minded (1987) and By All Means Necessary (1988) - loom very large. And for good reason: they both captured one of the late 1980s most important and influential crews at their highest powers of lyricism and musical invention.That said, too many people sleep on BDPs third LP, Ghetto Music. Released in 1989, when the hip-hop world was truly beginning to explode and reach new heights of sales and exposure around the world, the album is arguably as powerful as the group's first two.As on By All Means Necessary, in the wake of the tragic death of the founder, producer, and DJ Scott LaRock, KRS-One pushed along mightily on the production side, with help from his extended crew.Musically the sound created on albums 2 & 3 was funky, catchy, and continually innovative, giving him the perfect backdrop to build his Edutainment syllabus.Lyrically there was never a question about KRS-One's power, and on Ghetto Music he continues to impress, teach, and ask important questions. Clear cases in point are two of the album's singles, \\\"You Must Learn\\\" and \\\"Why Is That?\\\" but he gets even deeper on tracks like the anti-police thought-piece \\\"Who Protects Us From You\\\" (still sadly relevant in 2024), \\\"Ghetto Music\\\" and \\\"World Peace.\\\"Out of print on vinyl since 2017, Get On Down in partnership with Sony's CERTIFIED is proud to present this '89 classic fresh for 2024 you suckas! Pressed for the first time on double-colored vinyl and packaged in a gatefold jacket with a fold-out lyric sheet and two bonus remixes.\",\"breadcrumb\":{\"@id\":\"https:\/\/wpguerssen-test.odoo.rgbconsulting.com\/es\/producto\/ghetto-music-the-blueprint-of-hip-hopblue-clear\/#breadcrumb\"},\"inLanguage\":\"es\",\"potentialAction\":[{\"@type\":\"ReadAction\",\"target\":[\"https:\/\/wpguerssen-test.odoo.rgbconsulting.com\/es\/producto\/ghetto-music-the-blueprint-of-hip-hopblue-clear\/\"]}]},{\"@type\":\"ImageObject\",\"inLanguage\":\"es\",\"@id\":\"https:\/\/wpguerssen-test.odoo.rgbconsulting.com\/es\/producto\/ghetto-music-the-blueprint-of-hip-hopblue-clear\/#primaryimage\",\"url\":\"https:\/\/wpguerssen-test.odoo.rgbconsulting.com\/wp-content\/uploads\/2024\/11\/49309.jpg\",\"contentUrl\":\"https:\/\/wpguerssen-test.odoo.rgbconsulting.com\/wp-content\/uploads\/2024\/11\/49309.jpg\",\"width\":584,\"height\":404},{\"@type\":\"BreadcrumbList\",\"@id\":\"https:\/\/wpguerssen-test.odoo.rgbconsulting.com\/es\/producto\/ghetto-music-the-blueprint-of-hip-hopblue-clear\/#breadcrumb\",\"itemListElement\":[{\"@type\":\"ListItem\",\"position\":1,\"name\":\"Inicio\",\"item\":\"https:\/\/wpguerssen-test.odoo.rgbconsulting.com\/es\/\"},{\"@type\":\"ListItem\",\"position\":2,\"name\":\"Shop\",\"item\":\"https:\/\/wpguerssen-test.odoo.rgbconsulting.com\/shop\/\"},{\"@type\":\"ListItem\",\"position\":3,\"name\":\"Ghetto Music: The Blueprint Of Hip Hop(Blue\/Clear)\"}]},{\"@type\":\"WebSite\",\"@id\":\"https:\/\/wpguerssen-test.odoo.rgbconsulting.com\/es\/#website\",\"url\":\"https:\/\/wpguerssen-test.odoo.rgbconsulting.com\/es\/\",\"name\":\"Guerssen records\",\"description\":\"psychedelia - progressive - folk - garage \",\"publisher\":{\"@id\":\"https:\/\/wpguerssen-test.odoo.rgbconsulting.com\/es\/#organization\"},\"potentialAction\":[{\"@type\":\"SearchAction\",\"target\":{\"@type\":\"EntryPoint\",\"urlTemplate\":\"https:\/\/wpguerssen-test.odoo.rgbconsulting.com\/es\/?s={search_term_string}\"},\"query-input\":{\"@type\":\"PropertyValueSpecification\",\"valueRequired\":true,\"valueName\":\"search_term_string\"}}],\"inLanguage\":\"es\"},{\"@type\":\"Organization\",\"@id\":\"https:\/\/wpguerssen-test.odoo.rgbconsulting.com\/es\/#organization\",\"name\":\"Guerssen records\",\"url\":\"https:\/\/wpguerssen-test.odoo.rgbconsulting.com\/es\/\",\"logo\":{\"@type\":\"ImageObject\",\"inLanguage\":\"es\",\"@id\":\"https:\/\/wpguerssen-test.odoo.rgbconsulting.com\/es\/#\/schema\/logo\/image\/\",\"url\":\"https:\/\/wpguerssen-test.odoo.rgbconsulting.com\/wp-content\/uploads\/2022\/04\/Logo_Guerssen_trans_100.png\",\"contentUrl\":\"https:\/\/wpguerssen-test.odoo.rgbconsulting.com\/wp-content\/uploads\/2022\/04\/Logo_Guerssen_trans_100.png\",\"width\":122,\"height\":100,\"caption\":\"Guerssen records\"},\"image\":{\"@id\":\"https:\/\/wpguerssen-test.odoo.rgbconsulting.com\/es\/#\/schema\/logo\/image\/\"}}]}<\/script>\n<!-- \/ Yoast SEO plugin. -->","yoast_head_json":{"title":"BOOGIE DOWN PRODUCTIONS - Ghetto Music: The Blueprint Of Hip Hop(Blue\/Clear) -  (2LP) | Guerssen","description":"Among hip-hop fans, Boogie Down Productions first two albums - Criminal Minded (1987) and By All Means Necessary (1988) - loom very large. And for good reason: they both captured one of the late 1980s most important and influential crews at their highest powers of lyricism and musical invention.That said, too many people sleep on BDPs third LP, Ghetto Music. Released in 1989, when the hip-hop world was truly beginning to explode and reach new heights of sales and exposure around the world, the album is arguably as powerful as the group's first two.As on By All Means Necessary, in the wake of the tragic death of the founder, producer, and DJ Scott LaRock, KRS-One pushed along mightily on the production side, with help from his extended crew.Musically the sound created on albums 2 & 3 was funky, catchy, and continually innovative, giving him the perfect backdrop to build his Edutainment syllabus.Lyrically there was never a question about KRS-One's power, and on Ghetto Music he continues to impress, teach, and ask important questions. Clear cases in point are two of the album's singles, \"You Must Learn\" and \"Why Is That?\" but he gets even deeper on tracks like the anti-police thought-piece \"Who Protects Us From You\" (still sadly relevant in 2024), \"Ghetto Music\" and \"World Peace.\"Out of print on vinyl since 2017, Get On Down in partnership with Sony's CERTIFIED is proud to present this '89 classic fresh for 2024 you suckas! Pressed for the first time on double-colored vinyl and packaged in a gatefold jacket with a fold-out lyric sheet and two bonus remixes.","robots":{"index":"index","follow":"follow","max-snippet":"max-snippet:-1","max-image-preview":"max-image-preview:large","max-video-preview":"max-video-preview:-1"},"canonical":"https:\/\/wpguerssen-test.odoo.rgbconsulting.com\/es\/producto\/ghetto-music-the-blueprint-of-hip-hopblue-clear\/","og_locale":"es_ES","og_type":"article","og_title":"BOOGIE DOWN PRODUCTIONS - Ghetto Music: The Blueprint Of Hip Hop(Blue\/Clear) -  (2LP) | Guerssen","og_description":"Among hip-hop fans, Boogie Down Productions first two albums - Criminal Minded (1987) and By All Means Necessary (1988) - loom very large. And for good reason: they both captured one of the late 1980s most important and influential crews at their highest powers of lyricism and musical invention.That said, too many people sleep on BDPs third LP, Ghetto Music. Released in 1989, when the hip-hop world was truly beginning to explode and reach new heights of sales and exposure around the world, the album is arguably as powerful as the group's first two.As on By All Means Necessary, in the wake of the tragic death of the founder, producer, and DJ Scott LaRock, KRS-One pushed along mightily on the production side, with help from his extended crew.Musically the sound created on albums 2 & 3 was funky, catchy, and continually innovative, giving him the perfect backdrop to build his Edutainment syllabus.Lyrically there was never a question about KRS-One's power, and on Ghetto Music he continues to impress, teach, and ask important questions. Clear cases in point are two of the album's singles, \"You Must Learn\" and \"Why Is That?\" but he gets even deeper on tracks like the anti-police thought-piece \"Who Protects Us From You\" (still sadly relevant in 2024), \"Ghetto Music\" and \"World Peace.\"Out of print on vinyl since 2017, Get On Down in partnership with Sony's CERTIFIED is proud to present this '89 classic fresh for 2024 you suckas! Pressed for the first time on double-colored vinyl and packaged in a gatefold jacket with a fold-out lyric sheet and two bonus remixes.","og_url":"https:\/\/wpguerssen-test.odoo.rgbconsulting.com\/es\/producto\/ghetto-music-the-blueprint-of-hip-hopblue-clear\/","og_site_name":"Guerssen records","article_modified_time":"2025-01-23T17:14:12+00:00","og_image":[{"width":584,"height":404,"url":"https:\/\/wpguerssen-test.odoo.rgbconsulting.com\/wp-content\/uploads\/2024\/11\/49309.jpg","type":"image\/jpeg"}],"twitter_card":"summary_large_image","twitter_title":"BOOGIE DOWN PRODUCTIONS - Ghetto Music: The Blueprint Of Hip Hop(Blue\/Clear) -  (2LP) | Guerssen","twitter_misc":{"Tiempo de lectura":"1 minuto"},"schema":{"@context":"https:\/\/schema.org","@graph":[{"@type":"WebPage","@id":"https:\/\/wpguerssen-test.odoo.rgbconsulting.com\/es\/producto\/ghetto-music-the-blueprint-of-hip-hopblue-clear\/","url":"https:\/\/wpguerssen-test.odoo.rgbconsulting.com\/es\/producto\/ghetto-music-the-blueprint-of-hip-hopblue-clear\/","name":"BOOGIE DOWN PRODUCTIONS - Ghetto Music: The Blueprint Of Hip Hop(Blue\/Clear) - (2LP) | Guerssen","isPartOf":{"@id":"https:\/\/wpguerssen-test.odoo.rgbconsulting.com\/es\/#website"},"primaryImageOfPage":{"@id":"https:\/\/wpguerssen-test.odoo.rgbconsulting.com\/es\/producto\/ghetto-music-the-blueprint-of-hip-hopblue-clear\/#primaryimage"},"image":{"@id":"https:\/\/wpguerssen-test.odoo.rgbconsulting.com\/es\/producto\/ghetto-music-the-blueprint-of-hip-hopblue-clear\/#primaryimage"},"thumbnailUrl":"https:\/\/wpguerssen-test.odoo.rgbconsulting.com\/wp-content\/uploads\/2024\/11\/49309.jpg","datePublished":"2025-01-22T23:00:00+00:00","dateModified":"2025-01-23T17:14:12+00:00","description":"Among hip-hop fans, Boogie Down Productions first two albums - Criminal Minded (1987) and By All Means Necessary (1988) - loom very large. And for good reason: they both captured one of the late 1980s most important and influential crews at their highest powers of lyricism and musical invention.That said, too many people sleep on BDPs third LP, Ghetto Music. Released in 1989, when the hip-hop world was truly beginning to explode and reach new heights of sales and exposure around the world, the album is arguably as powerful as the group's first two.As on By All Means Necessary, in the wake of the tragic death of the founder, producer, and DJ Scott LaRock, KRS-One pushed along mightily on the production side, with help from his extended crew.Musically the sound created on albums 2 & 3 was funky, catchy, and continually innovative, giving him the perfect backdrop to build his Edutainment syllabus.Lyrically there was never a question about KRS-One's power, and on Ghetto Music he continues to impress, teach, and ask important questions. Clear cases in point are two of the album's singles, \"You Must Learn\" and \"Why Is That?\" but he gets even deeper on tracks like the anti-police thought-piece \"Who Protects Us From You\" (still sadly relevant in 2024), \"Ghetto Music\" and \"World Peace.\"Out of print on vinyl since 2017, Get On Down in partnership with Sony's CERTIFIED is proud to present this '89 classic fresh for 2024 you suckas! Pressed for the first time on double-colored vinyl and packaged in a gatefold jacket with a fold-out lyric sheet and two bonus remixes.","breadcrumb":{"@id":"https:\/\/wpguerssen-test.odoo.rgbconsulting.com\/es\/producto\/ghetto-music-the-blueprint-of-hip-hopblue-clear\/#breadcrumb"},"inLanguage":"es","potentialAction":[{"@type":"ReadAction","target":["https:\/\/wpguerssen-test.odoo.rgbconsulting.com\/es\/producto\/ghetto-music-the-blueprint-of-hip-hopblue-clear\/"]}]},{"@type":"ImageObject","inLanguage":"es","@id":"https:\/\/wpguerssen-test.odoo.rgbconsulting.com\/es\/producto\/ghetto-music-the-blueprint-of-hip-hopblue-clear\/#primaryimage","url":"https:\/\/wpguerssen-test.odoo.rgbconsulting.com\/wp-content\/uploads\/2024\/11\/49309.jpg","contentUrl":"https:\/\/wpguerssen-test.odoo.rgbconsulting.com\/wp-content\/uploads\/2024\/11\/49309.jpg","width":584,"height":404},{"@type":"BreadcrumbList","@id":"https:\/\/wpguerssen-test.odoo.rgbconsulting.com\/es\/producto\/ghetto-music-the-blueprint-of-hip-hopblue-clear\/#breadcrumb","itemListElement":[{"@type":"ListItem","position":1,"name":"Inicio","item":"https:\/\/wpguerssen-test.odoo.rgbconsulting.com\/es\/"},{"@type":"ListItem","position":2,"name":"Shop","item":"https:\/\/wpguerssen-test.odoo.rgbconsulting.com\/shop\/"},{"@type":"ListItem","position":3,"name":"Ghetto Music: The Blueprint Of Hip Hop(Blue\/Clear)"}]},{"@type":"WebSite","@id":"https:\/\/wpguerssen-test.odoo.rgbconsulting.com\/es\/#website","url":"https:\/\/wpguerssen-test.odoo.rgbconsulting.com\/es\/","name":"Guerssen records","description":"psychedelia - progressive - folk - garage ","publisher":{"@id":"https:\/\/wpguerssen-test.odoo.rgbconsulting.com\/es\/#organization"},"potentialAction":[{"@type":"SearchAction","target":{"@type":"EntryPoint","urlTemplate":"https:\/\/wpguerssen-test.odoo.rgbconsulting.com\/es\/?s={search_term_string}"},"query-input":{"@type":"PropertyValueSpecification","valueRequired":true,"valueName":"search_term_string"}}],"inLanguage":"es"},{"@type":"Organization","@id":"https:\/\/wpguerssen-test.odoo.rgbconsulting.com\/es\/#organization","name":"Guerssen records","url":"https:\/\/wpguerssen-test.odoo.rgbconsulting.com\/es\/","logo":{"@type":"ImageObject","inLanguage":"es","@id":"https:\/\/wpguerssen-test.odoo.rgbconsulting.com\/es\/#\/schema\/logo\/image\/","url":"https:\/\/wpguerssen-test.odoo.rgbconsulting.com\/wp-content\/uploads\/2022\/04\/Logo_Guerssen_trans_100.png","contentUrl":"https:\/\/wpguerssen-test.odoo.rgbconsulting.com\/wp-content\/uploads\/2022\/04\/Logo_Guerssen_trans_100.png","width":122,"height":100,"caption":"Guerssen records"},"image":{"@id":"https:\/\/wpguerssen-test.odoo.rgbconsulting.com\/es\/#\/schema\/logo\/image\/"}}]}},"_links":{"self":[{"href":"https:\/\/wpguerssen-test.odoo.rgbconsulting.com\/es\/wp-json\/wp\/v2\/product\/279148","targetHints":{"allow":["GET"]}}],"collection":[{"href":"https:\/\/wpguerssen-test.odoo.rgbconsulting.com\/es\/wp-json\/wp\/v2\/product"}],"about":[{"href":"https:\/\/wpguerssen-test.odoo.rgbconsulting.com\/es\/wp-json\/wp\/v2\/types\/product"}],"wp:featuredmedia":[{"embeddable":true,"href":"https:\/\/wpguerssen-test.odoo.rgbconsulting.com\/es\/wp-json\/wp\/v2\/media\/279085"}],"wp:attachment":[{"href":"https:\/\/wpguerssen-test.odoo.rgbconsulting.com\/es\/wp-json\/wp\/v2\/media?parent=279148"}],"wp:term":[{"taxonomy":"product_brand","embeddable":true,"href":"https:\/\/wpguerssen-test.odoo.rgbconsulting.com\/es\/wp-json\/wp\/v2\/product_brand?post=279148"},{"taxonomy":"product_cat","embeddable":true,"href":"https:\/\/wpguerssen-test.odoo.rgbconsulting.com\/es\/wp-json\/wp\/v2\/product_cat?post=279148"},{"taxonomy":"product_tag","embeddable":true,"href":"https:\/\/wpguerssen-test.odoo.rgbconsulting.com\/es\/wp-json\/wp\/v2\/product_tag?post=279148"}],"curies":[{"name":"wp","href":"https:\/\/api.w.org\/{rel}","templated":true}]}}