{"id":279149,"date":"2025-01-23T00:00:00","date_gmt":"2025-01-22T23:00:00","guid":{"rendered":"https:\/\/wpguerssen-test.odoo.rgbconsulting.com\/product\/resurrection-30th-anniversary-colored-swirl\/"},"modified":"2025-01-23T18:14:16","modified_gmt":"2025-01-23T17:14:16","slug":"resurrection-30th-anniversary-colored-swirl","status":"publish","type":"product","link":"https:\/\/wpguerssen-test.odoo.rgbconsulting.com\/es\/producto\/resurrection-30th-anniversary-colored-swirl\/","title":{"rendered":"Resurrection: 30th Anniversary (Colored Swirl)"},"content":{"rendered":"<p>Get On Down, en asociaci\u00f3n con CERTIFIED de Sony, se enorgullece de presentar una edici\u00f3n en vinilo coloreado de lujo del 30 aniversario de Resurrection que incluye el \u00e1lbum original m\u00e1s 3 remezclas de \u00abResurrection\u00bb con notas del autor de Check The Technique, Brian Coleman, y presentando pista por pista comentario de Common y No I.D.; todo en una hermosa sobrecubierta con un OBI envolvente conmemorativo.<br \/>Resurrection fue lanzado el 4 de octubre de 1994. Si bien la corriente principal originalmente descuid\u00f3 el \u00e1lbum, desde entonces ha recibido una gran aclamaci\u00f3n de la cr\u00edtica y ahora est\u00e1 en los 100 mejores \u00e1lbumes de rap de Source. En comparaci\u00f3n con su \u00e1lbum debut, el estilo musical de Common evolucion\u00f3 l\u00edricamente al expresarse en lugar de simplemente describir la vida en la calle. Con sus sabores de Jazz y Hip Hop, Resurrection impuls\u00f3 el crecimiento de ambos g\u00e9neros. En general, el \u00e1lbum se percibe com\u00fanmente como un cl\u00e1sico del Hip-Hop subestimado.<br \/>Resurrection fue producido casi en su totalidad por No I.D., quien luego trabaj\u00f3 con pesos pesados \u00bf\u00bfcomo Usher, Alicia Keys y Killer Mike en su \u00e1lbum Michael, ganador del Grammy.<\/p>\n","protected":false},"excerpt":{"rendered":"<p>Get On Down, en asociaci\u00f3n con CERTIFIED de Sony, se enorgullece de presentar una edici\u00f3n en vinilo coloreado de lujo del 30 aniversario de Resurrection que incluye<a class=\"read\" href=\"https:\/\/wpguerssen-test.odoo.rgbconsulting.com\/es\/producto\/resurrection-30th-anniversary-colored-swirl\/\"> (...)<\/a>","protected":false},"featured_media":279088,"template":"","meta":{"_acf_changed":false},"product_brand":[],"product_cat":[21706],"product_tag":[29140,24189],"class_list":{"0":"post-279149","1":"product","2":"type-product","3":"status-publish","4":"has-post-thumbnail","6":"product_cat-rap-hip-hop-es","7":"product_tag-color-vinyl-es","8":"product_tag-recien-llegadas","9":"pa_artist-common","10":"pa_format-2lp-es","11":"pa_gender-rap-hip-hop","12":"pa_label-get-on-down","13":"pa_location-north-america-es","14":"pa_other-filters-vinyl-only-es","16":"first","17":"instock","18":"taxable","19":"shipping-taxable","20":"purchasable","21":"product-type-simple"},"acf":[],"yoast_head":"<!-- This site is optimized with the Yoast SEO plugin v24.9 - https:\/\/yoast.com\/wordpress\/plugins\/seo\/ -->\n<title>COMMON - Resurrection: 30th Anniversary (Colored Swirl) -  (2LP) | Guerssen<\/title>\n<meta name=\"description\" content=\"Get On Down in partnership with Sony&#039;s CERTIFIED is proud to present a recut deluxe 30th anniversary colored vinyl pressing of Resurrection that includes the original album plus 3 &quot;Resurrection&quot; remixes with liner notes by Check The Technique author Brian Coleman and featuring track-by-track commentary from Common and No I.D. all in a beautiful gatefold jacket with a commemorative wrap-around OBI.Resurrection was released on Oct, 4, 1994. While the mainstream originally neglected the album, it has since received a great deal of critical acclaim and is now on The Source&#039;s 100 Best Rap Albums. In comparison to his debut album, Common&#039;s musical style evolved lyrically by expressing himself rather than just describing street life. With its Jazz and Hip Hop flavors, Resurrection furthered the growth of both genres. Overall, the album is commonly perceived as an underrated Hip-Hop classic.Resurrection was produced almost entirely by No I.D., who has gone on to work withheavyweights like Usher, Alicia Keys, and Killer Mike on his Grammy Winning album Michael.\" \/>\n<meta name=\"robots\" content=\"index, follow, max-snippet:-1, max-image-preview:large, max-video-preview:-1\" \/>\n<link rel=\"canonical\" href=\"https:\/\/wpguerssen-test.odoo.rgbconsulting.com\/es\/producto\/resurrection-30th-anniversary-colored-swirl\/\" \/>\n<meta property=\"og:locale\" content=\"es_ES\" \/>\n<meta property=\"og:type\" content=\"article\" \/>\n<meta property=\"og:title\" content=\"COMMON - Resurrection: 30th Anniversary (Colored Swirl) -  (2LP) | Guerssen\" \/>\n<meta property=\"og:description\" content=\"Get On Down in partnership with Sony&#039;s CERTIFIED is proud to present a recut deluxe 30th anniversary colored vinyl pressing of Resurrection that includes the original album plus 3 &quot;Resurrection&quot; remixes with liner notes by Check The Technique author Brian Coleman and featuring track-by-track commentary from Common and No I.D. all in a beautiful gatefold jacket with a commemorative wrap-around OBI.Resurrection was released on Oct, 4, 1994. While the mainstream originally neglected the album, it has since received a great deal of critical acclaim and is now on The Source&#039;s 100 Best Rap Albums. In comparison to his debut album, Common&#039;s musical style evolved lyrically by expressing himself rather than just describing street life. With its Jazz and Hip Hop flavors, Resurrection furthered the growth of both genres. Overall, the album is commonly perceived as an underrated Hip-Hop classic.Resurrection was produced almost entirely by No I.D., who has gone on to work withheavyweights like Usher, Alicia Keys, and Killer Mike on his Grammy Winning album Michael.\" \/>\n<meta property=\"og:url\" content=\"https:\/\/wpguerssen-test.odoo.rgbconsulting.com\/es\/producto\/resurrection-30th-anniversary-colored-swirl\/\" \/>\n<meta property=\"og:site_name\" content=\"Guerssen records\" \/>\n<meta property=\"article:modified_time\" content=\"2025-01-23T17:14:16+00:00\" \/>\n<meta property=\"og:image\" content=\"https:\/\/wpguerssen-test.odoo.rgbconsulting.com\/wp-content\/uploads\/2024\/11\/49310.jpg\" \/>\n\t<meta property=\"og:image:width\" content=\"585\" \/>\n\t<meta property=\"og:image:height\" content=\"404\" \/>\n\t<meta property=\"og:image:type\" content=\"image\/jpeg\" \/>\n<meta name=\"twitter:card\" content=\"summary_large_image\" \/>\n<meta name=\"twitter:title\" content=\"COMMON - Resurrection: 30th Anniversary (Colored Swirl) -  (2LP) | Guerssen\" \/>\n<meta name=\"twitter:label1\" content=\"Tiempo de lectura\" \/>\n\t<meta name=\"twitter:data1\" content=\"1 minuto\" \/>\n<script type=\"application\/ld+json\" class=\"yoast-schema-graph\">{\"@context\":\"https:\/\/schema.org\",\"@graph\":[{\"@type\":\"WebPage\",\"@id\":\"https:\/\/wpguerssen-test.odoo.rgbconsulting.com\/es\/producto\/resurrection-30th-anniversary-colored-swirl\/\",\"url\":\"https:\/\/wpguerssen-test.odoo.rgbconsulting.com\/es\/producto\/resurrection-30th-anniversary-colored-swirl\/\",\"name\":\"COMMON - Resurrection: 30th Anniversary (Colored Swirl) - (2LP) | Guerssen\",\"isPartOf\":{\"@id\":\"https:\/\/wpguerssen-test.odoo.rgbconsulting.com\/es\/#website\"},\"primaryImageOfPage\":{\"@id\":\"https:\/\/wpguerssen-test.odoo.rgbconsulting.com\/es\/producto\/resurrection-30th-anniversary-colored-swirl\/#primaryimage\"},\"image\":{\"@id\":\"https:\/\/wpguerssen-test.odoo.rgbconsulting.com\/es\/producto\/resurrection-30th-anniversary-colored-swirl\/#primaryimage\"},\"thumbnailUrl\":\"https:\/\/wpguerssen-test.odoo.rgbconsulting.com\/wp-content\/uploads\/2024\/11\/49310.jpg\",\"datePublished\":\"2025-01-22T23:00:00+00:00\",\"dateModified\":\"2025-01-23T17:14:16+00:00\",\"description\":\"Get On Down in partnership with Sony's CERTIFIED is proud to present a recut deluxe 30th anniversary colored vinyl pressing of Resurrection that includes the original album plus 3 \\\"Resurrection\\\" remixes with liner notes by Check The Technique author Brian Coleman and featuring track-by-track commentary from Common and No I.D. all in a beautiful gatefold jacket with a commemorative wrap-around OBI.Resurrection was released on Oct, 4, 1994. While the mainstream originally neglected the album, it has since received a great deal of critical acclaim and is now on The Source's 100 Best Rap Albums. In comparison to his debut album, Common's musical style evolved lyrically by expressing himself rather than just describing street life. With its Jazz and Hip Hop flavors, Resurrection furthered the growth of both genres. Overall, the album is commonly perceived as an underrated Hip-Hop classic.Resurrection was produced almost entirely by No I.D., who has gone on to work withheavyweights like Usher, Alicia Keys, and Killer Mike on his Grammy Winning album Michael.\",\"breadcrumb\":{\"@id\":\"https:\/\/wpguerssen-test.odoo.rgbconsulting.com\/es\/producto\/resurrection-30th-anniversary-colored-swirl\/#breadcrumb\"},\"inLanguage\":\"es\",\"potentialAction\":[{\"@type\":\"ReadAction\",\"target\":[\"https:\/\/wpguerssen-test.odoo.rgbconsulting.com\/es\/producto\/resurrection-30th-anniversary-colored-swirl\/\"]}]},{\"@type\":\"ImageObject\",\"inLanguage\":\"es\",\"@id\":\"https:\/\/wpguerssen-test.odoo.rgbconsulting.com\/es\/producto\/resurrection-30th-anniversary-colored-swirl\/#primaryimage\",\"url\":\"https:\/\/wpguerssen-test.odoo.rgbconsulting.com\/wp-content\/uploads\/2024\/11\/49310.jpg\",\"contentUrl\":\"https:\/\/wpguerssen-test.odoo.rgbconsulting.com\/wp-content\/uploads\/2024\/11\/49310.jpg\",\"width\":585,\"height\":404},{\"@type\":\"BreadcrumbList\",\"@id\":\"https:\/\/wpguerssen-test.odoo.rgbconsulting.com\/es\/producto\/resurrection-30th-anniversary-colored-swirl\/#breadcrumb\",\"itemListElement\":[{\"@type\":\"ListItem\",\"position\":1,\"name\":\"Inicio\",\"item\":\"https:\/\/wpguerssen-test.odoo.rgbconsulting.com\/es\/\"},{\"@type\":\"ListItem\",\"position\":2,\"name\":\"Shop\",\"item\":\"https:\/\/wpguerssen-test.odoo.rgbconsulting.com\/shop\/\"},{\"@type\":\"ListItem\",\"position\":3,\"name\":\"Resurrection: 30th Anniversary (Colored Swirl)\"}]},{\"@type\":\"WebSite\",\"@id\":\"https:\/\/wpguerssen-test.odoo.rgbconsulting.com\/es\/#website\",\"url\":\"https:\/\/wpguerssen-test.odoo.rgbconsulting.com\/es\/\",\"name\":\"Guerssen records\",\"description\":\"psychedelia - progressive - folk - garage \",\"publisher\":{\"@id\":\"https:\/\/wpguerssen-test.odoo.rgbconsulting.com\/es\/#organization\"},\"potentialAction\":[{\"@type\":\"SearchAction\",\"target\":{\"@type\":\"EntryPoint\",\"urlTemplate\":\"https:\/\/wpguerssen-test.odoo.rgbconsulting.com\/es\/?s={search_term_string}\"},\"query-input\":{\"@type\":\"PropertyValueSpecification\",\"valueRequired\":true,\"valueName\":\"search_term_string\"}}],\"inLanguage\":\"es\"},{\"@type\":\"Organization\",\"@id\":\"https:\/\/wpguerssen-test.odoo.rgbconsulting.com\/es\/#organization\",\"name\":\"Guerssen records\",\"url\":\"https:\/\/wpguerssen-test.odoo.rgbconsulting.com\/es\/\",\"logo\":{\"@type\":\"ImageObject\",\"inLanguage\":\"es\",\"@id\":\"https:\/\/wpguerssen-test.odoo.rgbconsulting.com\/es\/#\/schema\/logo\/image\/\",\"url\":\"https:\/\/wpguerssen-test.odoo.rgbconsulting.com\/wp-content\/uploads\/2022\/04\/Logo_Guerssen_trans_100.png\",\"contentUrl\":\"https:\/\/wpguerssen-test.odoo.rgbconsulting.com\/wp-content\/uploads\/2022\/04\/Logo_Guerssen_trans_100.png\",\"width\":122,\"height\":100,\"caption\":\"Guerssen records\"},\"image\":{\"@id\":\"https:\/\/wpguerssen-test.odoo.rgbconsulting.com\/es\/#\/schema\/logo\/image\/\"}}]}<\/script>\n<!-- \/ Yoast SEO plugin. -->","yoast_head_json":{"title":"COMMON - Resurrection: 30th Anniversary (Colored Swirl) -  (2LP) | Guerssen","description":"Get On Down in partnership with Sony's CERTIFIED is proud to present a recut deluxe 30th anniversary colored vinyl pressing of Resurrection that includes the original album plus 3 \"Resurrection\" remixes with liner notes by Check The Technique author Brian Coleman and featuring track-by-track commentary from Common and No I.D. all in a beautiful gatefold jacket with a commemorative wrap-around OBI.Resurrection was released on Oct, 4, 1994. While the mainstream originally neglected the album, it has since received a great deal of critical acclaim and is now on The Source's 100 Best Rap Albums. In comparison to his debut album, Common's musical style evolved lyrically by expressing himself rather than just describing street life. With its Jazz and Hip Hop flavors, Resurrection furthered the growth of both genres. Overall, the album is commonly perceived as an underrated Hip-Hop classic.Resurrection was produced almost entirely by No I.D., who has gone on to work withheavyweights like Usher, Alicia Keys, and Killer Mike on his Grammy Winning album Michael.","robots":{"index":"index","follow":"follow","max-snippet":"max-snippet:-1","max-image-preview":"max-image-preview:large","max-video-preview":"max-video-preview:-1"},"canonical":"https:\/\/wpguerssen-test.odoo.rgbconsulting.com\/es\/producto\/resurrection-30th-anniversary-colored-swirl\/","og_locale":"es_ES","og_type":"article","og_title":"COMMON - Resurrection: 30th Anniversary (Colored Swirl) -  (2LP) | Guerssen","og_description":"Get On Down in partnership with Sony's CERTIFIED is proud to present a recut deluxe 30th anniversary colored vinyl pressing of Resurrection that includes the original album plus 3 \"Resurrection\" remixes with liner notes by Check The Technique author Brian Coleman and featuring track-by-track commentary from Common and No I.D. all in a beautiful gatefold jacket with a commemorative wrap-around OBI.Resurrection was released on Oct, 4, 1994. While the mainstream originally neglected the album, it has since received a great deal of critical acclaim and is now on The Source's 100 Best Rap Albums. In comparison to his debut album, Common's musical style evolved lyrically by expressing himself rather than just describing street life. With its Jazz and Hip Hop flavors, Resurrection furthered the growth of both genres. Overall, the album is commonly perceived as an underrated Hip-Hop classic.Resurrection was produced almost entirely by No I.D., who has gone on to work withheavyweights like Usher, Alicia Keys, and Killer Mike on his Grammy Winning album Michael.","og_url":"https:\/\/wpguerssen-test.odoo.rgbconsulting.com\/es\/producto\/resurrection-30th-anniversary-colored-swirl\/","og_site_name":"Guerssen records","article_modified_time":"2025-01-23T17:14:16+00:00","og_image":[{"width":585,"height":404,"url":"https:\/\/wpguerssen-test.odoo.rgbconsulting.com\/wp-content\/uploads\/2024\/11\/49310.jpg","type":"image\/jpeg"}],"twitter_card":"summary_large_image","twitter_title":"COMMON - Resurrection: 30th Anniversary (Colored Swirl) -  (2LP) | Guerssen","twitter_misc":{"Tiempo de lectura":"1 minuto"},"schema":{"@context":"https:\/\/schema.org","@graph":[{"@type":"WebPage","@id":"https:\/\/wpguerssen-test.odoo.rgbconsulting.com\/es\/producto\/resurrection-30th-anniversary-colored-swirl\/","url":"https:\/\/wpguerssen-test.odoo.rgbconsulting.com\/es\/producto\/resurrection-30th-anniversary-colored-swirl\/","name":"COMMON - Resurrection: 30th Anniversary (Colored Swirl) - (2LP) | Guerssen","isPartOf":{"@id":"https:\/\/wpguerssen-test.odoo.rgbconsulting.com\/es\/#website"},"primaryImageOfPage":{"@id":"https:\/\/wpguerssen-test.odoo.rgbconsulting.com\/es\/producto\/resurrection-30th-anniversary-colored-swirl\/#primaryimage"},"image":{"@id":"https:\/\/wpguerssen-test.odoo.rgbconsulting.com\/es\/producto\/resurrection-30th-anniversary-colored-swirl\/#primaryimage"},"thumbnailUrl":"https:\/\/wpguerssen-test.odoo.rgbconsulting.com\/wp-content\/uploads\/2024\/11\/49310.jpg","datePublished":"2025-01-22T23:00:00+00:00","dateModified":"2025-01-23T17:14:16+00:00","description":"Get On Down in partnership with Sony's CERTIFIED is proud to present a recut deluxe 30th anniversary colored vinyl pressing of Resurrection that includes the original album plus 3 \"Resurrection\" remixes with liner notes by Check The Technique author Brian Coleman and featuring track-by-track commentary from Common and No I.D. all in a beautiful gatefold jacket with a commemorative wrap-around OBI.Resurrection was released on Oct, 4, 1994. While the mainstream originally neglected the album, it has since received a great deal of critical acclaim and is now on The Source's 100 Best Rap Albums. In comparison to his debut album, Common's musical style evolved lyrically by expressing himself rather than just describing street life. With its Jazz and Hip Hop flavors, Resurrection furthered the growth of both genres. Overall, the album is commonly perceived as an underrated Hip-Hop classic.Resurrection was produced almost entirely by No I.D., who has gone on to work withheavyweights like Usher, Alicia Keys, and Killer Mike on his Grammy Winning album Michael.","breadcrumb":{"@id":"https:\/\/wpguerssen-test.odoo.rgbconsulting.com\/es\/producto\/resurrection-30th-anniversary-colored-swirl\/#breadcrumb"},"inLanguage":"es","potentialAction":[{"@type":"ReadAction","target":["https:\/\/wpguerssen-test.odoo.rgbconsulting.com\/es\/producto\/resurrection-30th-anniversary-colored-swirl\/"]}]},{"@type":"ImageObject","inLanguage":"es","@id":"https:\/\/wpguerssen-test.odoo.rgbconsulting.com\/es\/producto\/resurrection-30th-anniversary-colored-swirl\/#primaryimage","url":"https:\/\/wpguerssen-test.odoo.rgbconsulting.com\/wp-content\/uploads\/2024\/11\/49310.jpg","contentUrl":"https:\/\/wpguerssen-test.odoo.rgbconsulting.com\/wp-content\/uploads\/2024\/11\/49310.jpg","width":585,"height":404},{"@type":"BreadcrumbList","@id":"https:\/\/wpguerssen-test.odoo.rgbconsulting.com\/es\/producto\/resurrection-30th-anniversary-colored-swirl\/#breadcrumb","itemListElement":[{"@type":"ListItem","position":1,"name":"Inicio","item":"https:\/\/wpguerssen-test.odoo.rgbconsulting.com\/es\/"},{"@type":"ListItem","position":2,"name":"Shop","item":"https:\/\/wpguerssen-test.odoo.rgbconsulting.com\/shop\/"},{"@type":"ListItem","position":3,"name":"Resurrection: 30th Anniversary (Colored Swirl)"}]},{"@type":"WebSite","@id":"https:\/\/wpguerssen-test.odoo.rgbconsulting.com\/es\/#website","url":"https:\/\/wpguerssen-test.odoo.rgbconsulting.com\/es\/","name":"Guerssen records","description":"psychedelia - progressive - folk - garage ","publisher":{"@id":"https:\/\/wpguerssen-test.odoo.rgbconsulting.com\/es\/#organization"},"potentialAction":[{"@type":"SearchAction","target":{"@type":"EntryPoint","urlTemplate":"https:\/\/wpguerssen-test.odoo.rgbconsulting.com\/es\/?s={search_term_string}"},"query-input":{"@type":"PropertyValueSpecification","valueRequired":true,"valueName":"search_term_string"}}],"inLanguage":"es"},{"@type":"Organization","@id":"https:\/\/wpguerssen-test.odoo.rgbconsulting.com\/es\/#organization","name":"Guerssen records","url":"https:\/\/wpguerssen-test.odoo.rgbconsulting.com\/es\/","logo":{"@type":"ImageObject","inLanguage":"es","@id":"https:\/\/wpguerssen-test.odoo.rgbconsulting.com\/es\/#\/schema\/logo\/image\/","url":"https:\/\/wpguerssen-test.odoo.rgbconsulting.com\/wp-content\/uploads\/2022\/04\/Logo_Guerssen_trans_100.png","contentUrl":"https:\/\/wpguerssen-test.odoo.rgbconsulting.com\/wp-content\/uploads\/2022\/04\/Logo_Guerssen_trans_100.png","width":122,"height":100,"caption":"Guerssen records"},"image":{"@id":"https:\/\/wpguerssen-test.odoo.rgbconsulting.com\/es\/#\/schema\/logo\/image\/"}}]}},"_links":{"self":[{"href":"https:\/\/wpguerssen-test.odoo.rgbconsulting.com\/es\/wp-json\/wp\/v2\/product\/279149","targetHints":{"allow":["GET"]}}],"collection":[{"href":"https:\/\/wpguerssen-test.odoo.rgbconsulting.com\/es\/wp-json\/wp\/v2\/product"}],"about":[{"href":"https:\/\/wpguerssen-test.odoo.rgbconsulting.com\/es\/wp-json\/wp\/v2\/types\/product"}],"wp:featuredmedia":[{"embeddable":true,"href":"https:\/\/wpguerssen-test.odoo.rgbconsulting.com\/es\/wp-json\/wp\/v2\/media\/279088"}],"wp:attachment":[{"href":"https:\/\/wpguerssen-test.odoo.rgbconsulting.com\/es\/wp-json\/wp\/v2\/media?parent=279149"}],"wp:term":[{"taxonomy":"product_brand","embeddable":true,"href":"https:\/\/wpguerssen-test.odoo.rgbconsulting.com\/es\/wp-json\/wp\/v2\/product_brand?post=279149"},{"taxonomy":"product_cat","embeddable":true,"href":"https:\/\/wpguerssen-test.odoo.rgbconsulting.com\/es\/wp-json\/wp\/v2\/product_cat?post=279149"},{"taxonomy":"product_tag","embeddable":true,"href":"https:\/\/wpguerssen-test.odoo.rgbconsulting.com\/es\/wp-json\/wp\/v2\/product_tag?post=279149"}],"curies":[{"name":"wp","href":"https:\/\/api.w.org\/{rel}","templated":true}]}}