{"id":279288,"date":"2024-11-26T00:00:00","date_gmt":"2024-11-25T23:00:00","guid":{"rendered":"https:\/\/wpguerssen-test.odoo.rgbconsulting.com\/product\/eternos-triana-2lp-white\/"},"modified":"2025-03-03T16:28:50","modified_gmt":"2025-03-03T15:28:50","slug":"eternos-triana-2lp-white","status":"publish","type":"product","link":"https:\/\/wpguerssen-test.odoo.rgbconsulting.com\/es\/producto\/eternos-triana-2lp-white\/","title":{"rendered":"Eternos Triana (2LP) (White)"},"content":{"rendered":"<p>Este a\u00f1o 2024 se cumple el 50 aniversario de la formaci\u00f3n de Triana y para celebrar dicha efem\u00e9ride se anuncia la publicaci\u00f3n el 8 de noviembre de un disco recopilatorio que incluye nuevas mezclas de todos sus cl\u00e1sicos. Estas mezclas han actualizado su sonido manteniendo la esencia original y consiguiendo que cinco d\u00e9cadas despu\u00e9s suene de plena actualidad.<br \/>\u00abEternos Triana\u00bb contiene 17 canciones indispensables de un grupo que hizo historia en la m\u00fasica espa\u00f1ola y cuyo legado sigue estando m\u00e1s vivo que nunca, traspasando generaciones y llegando a una nueva hornada de artistas que reivindican apasionadamente el sonido del grupo sevillano.<br \/>No ha habido ning\u00fan grupo o artista que haya definido mejor que Triana el concepto de \u00abrock andaluz\u00bb. Una sonoridad, un repertorio y una est\u00e9tica que beb\u00eda del rock progresivo anglo (Pink Floyd, King Crimson, Yes) para mezclarlo con una cultura flamenca milenaria enraizada en el ADN de los tres miembros del grupo (Jes\u00fas de la Rosa, Eduardo Rodr\u00edguez Rodway y Juan Jose Palacios).<br \/>\u00abEternos Triana\u00bb es un merecido homenaje al lugar que el grupo sevillano ocupa en la historia de la cultura espa\u00f1ola y se publicar\u00e1 el 8 de noviembre en varios formatos, entre ellos este vinilo doble de color blanco.<br \/>TRACKLIST<br \/>1.- Abre la puerta (Nueva mezcla 2024) 2.- Luminosa ma\u00f1ana (Nueva mezcla 2024) 3.- Recuerdos de una noche (En directo) 4.- Todo es de color (Nueva mezcla 2023) 5.- S\u00e9 de un lugar (Nueva mezcla 2023) 6.- En el lago (Nueva mezcla 2024) 7.- Del crep\u00fasculo lento nacer\u00e1 el roc\u00edo (Nueva mezcla 2024) 8.- Hijos del agobio (Nueva mezcla 2023) 9.- Sr. Troncoso (Nueva mezcla 2024) 10.- Rumor (Nueva mezcla 2024) 11.- Necesito (Nueva mezcla 2024) 12.- Una historia (Nueva mezcla 2024) 13.- Quiero contarte (Nueva mezcla 2024) 14.- Tu frialdad (Nueva mezcla 2024) 15.- Cae fina la lluvia (Nueva mezcla 2024) 16.- Una noche de amor desesperada (Nueva mezcla 2024) 17.- Desnuda la ma\u00f1ana (Nueva mezcla 2024)<\/p>\n","protected":false},"excerpt":{"rendered":"<p>Este a\u00f1o 2024 se cumple el 50 aniversario de la formaci\u00f3n de Triana y para celebrar dicha efem\u00e9ride se anuncia la publicaci\u00f3n el 8 de noviembre de un disco recopilatorio<a class=\"read\" href=\"https:\/\/wpguerssen-test.odoo.rgbconsulting.com\/es\/producto\/eternos-triana-2lp-white\/\"> (...)<\/a>","protected":false},"featured_media":279389,"template":"","meta":{"_acf_changed":false},"product_brand":[],"product_cat":[23215,23268],"product_tag":[],"class_list":{"0":"post-279288","1":"product","2":"type-product","3":"status-publish","4":"has-post-thumbnail","6":"product_cat-progressive60s-70s-es","7":"product_cat-flamenco-rock-rumba-es","8":"pa_artist-triana-es","9":"pa_format-2lp-es","10":"pa_gender-flamenco-rock-rumba-progressive60s-70s","11":"pa_label-wea","12":"pa_location-spain-es","13":"pa_other-filters-vinyl-only-es","15":"first","16":"instock","17":"taxable","18":"shipping-taxable","19":"purchasable","20":"product-type-simple"},"acf":[],"yoast_head":"<!-- This site is optimized with the Yoast SEO plugin v24.9 - https:\/\/yoast.com\/wordpress\/plugins\/seo\/ -->\n<title>TRIANA - Eternos Triana (2LP) (White) -  (2LP) | Guerssen<\/title>\n<meta name=\"description\" content=\"This year 2024 marks the 50th anniversary of the formation of Triana and to celebrate this event, the publication of a compilation album on November 8th is announced, which includes new mixes of all their classics. These mixes have updated their sound while maintaining the original essence and making it sound completely up-to-date five decades later. &quot;Eternos Triana&quot; contains 17 essential songs from a group that made history in Spanish music and whose legacy is still more alive than ever, crossing generations and reaching a new generation of artists who passionately claim the sound of the Sevillian group. There has not been any group or artist that has defined the concept of Andalusian &quot;rock&quot; better than Triana. A sound, a repertoire and an aesthetic that drank from Anglo progressive rock (Pink Floyd, King Crimson, Yes) to mix it with a millennial flamenco culture rooted in the DNA of the three members of the group (Jes\u00fas de la Rosa, Eduardo Rodr\u00edguez Rodway and Juan Jose Palacios). &quot;Eternos Triana&quot; is a well-deserved tribute to the place that the Sevillian group occupies in the history of Spanish culture and will be published on November 8 in several editions, including this double white LP.TRACKLIST1.- Abre la puerta (Nueva mezcla 2024) 2.- Luminosa ma\u00f1ana (Nueva mezcla 2024) 3.- Recuerdos de una noche (En directo) 4.- Todo es de color (Nueva mezcla 2023) 5.- S\u00e9 de un lugar (Nueva mezcla 2023) 6.- En el lago (Nueva mezcla 2024) 7.- Del crep\u00fasculo lento nacer\u00e1 el roc\u00edo (Nueva mezcla 2024) 8.- Hijos del agobio (Nueva mezcla 2023) 9.- Sr. Troncoso (Nueva mezcla 2024) 10.- Rumor (Nueva mezcla 2024) 11.- Necesito (Nueva mezcla 2024) 12.- Una historia (Nueva mezcla 2024) 13.- Quiero contarte (Nueva mezcla 2024) 14.- Tu frialdad (Nueva mezcla 2024) 15.- Cae fina la lluvia (Nueva mezcla 2024) 16.- Una noche de amor desesperada (Nueva mezcla 2024) 17.- Desnuda la ma\u00f1ana (Nueva mezcla 2024)\" \/>\n<meta name=\"robots\" content=\"index, follow, max-snippet:-1, max-image-preview:large, max-video-preview:-1\" \/>\n<link rel=\"canonical\" href=\"https:\/\/wpguerssen-test.odoo.rgbconsulting.com\/es\/producto\/eternos-triana-2lp-white\/\" \/>\n<meta property=\"og:locale\" content=\"es_ES\" \/>\n<meta property=\"og:type\" content=\"article\" \/>\n<meta property=\"og:title\" content=\"TRIANA - Eternos Triana (2LP) (White) -  (2LP) | Guerssen\" \/>\n<meta property=\"og:description\" content=\"This year 2024 marks the 50th anniversary of the formation of Triana and to celebrate this event, the publication of a compilation album on November 8th is announced, which includes new mixes of all their classics. These mixes have updated their sound while maintaining the original essence and making it sound completely up-to-date five decades later. &quot;Eternos Triana&quot; contains 17 essential songs from a group that made history in Spanish music and whose legacy is still more alive than ever, crossing generations and reaching a new generation of artists who passionately claim the sound of the Sevillian group. There has not been any group or artist that has defined the concept of Andalusian &quot;rock&quot; better than Triana. A sound, a repertoire and an aesthetic that drank from Anglo progressive rock (Pink Floyd, King Crimson, Yes) to mix it with a millennial flamenco culture rooted in the DNA of the three members of the group (Jes\u00fas de la Rosa, Eduardo Rodr\u00edguez Rodway and Juan Jose Palacios). &quot;Eternos Triana&quot; is a well-deserved tribute to the place that the Sevillian group occupies in the history of Spanish culture and will be published on November 8 in several editions, including this double white LP.TRACKLIST1.- Abre la puerta (Nueva mezcla 2024) 2.- Luminosa ma\u00f1ana (Nueva mezcla 2024) 3.- Recuerdos de una noche (En directo) 4.- Todo es de color (Nueva mezcla 2023) 5.- S\u00e9 de un lugar (Nueva mezcla 2023) 6.- En el lago (Nueva mezcla 2024) 7.- Del crep\u00fasculo lento nacer\u00e1 el roc\u00edo (Nueva mezcla 2024) 8.- Hijos del agobio (Nueva mezcla 2023) 9.- Sr. Troncoso (Nueva mezcla 2024) 10.- Rumor (Nueva mezcla 2024) 11.- Necesito (Nueva mezcla 2024) 12.- Una historia (Nueva mezcla 2024) 13.- Quiero contarte (Nueva mezcla 2024) 14.- Tu frialdad (Nueva mezcla 2024) 15.- Cae fina la lluvia (Nueva mezcla 2024) 16.- Una noche de amor desesperada (Nueva mezcla 2024) 17.- Desnuda la ma\u00f1ana (Nueva mezcla 2024)\" \/>\n<meta property=\"og:url\" content=\"https:\/\/wpguerssen-test.odoo.rgbconsulting.com\/es\/producto\/eternos-triana-2lp-white\/\" \/>\n<meta property=\"og:site_name\" content=\"Guerssen records\" \/>\n<meta property=\"article:modified_time\" content=\"2025-03-03T15:28:50+00:00\" \/>\n<meta property=\"og:image\" content=\"https:\/\/wpguerssen-test.odoo.rgbconsulting.com\/wp-content\/uploads\/2024\/11\/49335.jpg\" \/>\n\t<meta property=\"og:image:width\" content=\"340\" \/>\n\t<meta property=\"og:image:height\" content=\"340\" \/>\n\t<meta property=\"og:image:type\" content=\"image\/jpeg\" \/>\n<meta name=\"twitter:card\" content=\"summary_large_image\" \/>\n<meta name=\"twitter:title\" content=\"TRIANA - Eternos Triana (2LP) (White) -  (2LP) | Guerssen\" \/>\n<meta name=\"twitter:label1\" content=\"Tiempo de lectura\" \/>\n\t<meta name=\"twitter:data1\" content=\"2 minutos\" \/>\n<script type=\"application\/ld+json\" class=\"yoast-schema-graph\">{\"@context\":\"https:\/\/schema.org\",\"@graph\":[{\"@type\":\"WebPage\",\"@id\":\"https:\/\/wpguerssen-test.odoo.rgbconsulting.com\/es\/producto\/eternos-triana-2lp-white\/\",\"url\":\"https:\/\/wpguerssen-test.odoo.rgbconsulting.com\/es\/producto\/eternos-triana-2lp-white\/\",\"name\":\"TRIANA - Eternos Triana (2LP) (White) - (2LP) | Guerssen\",\"isPartOf\":{\"@id\":\"https:\/\/wpguerssen-test.odoo.rgbconsulting.com\/es\/#website\"},\"primaryImageOfPage\":{\"@id\":\"https:\/\/wpguerssen-test.odoo.rgbconsulting.com\/es\/producto\/eternos-triana-2lp-white\/#primaryimage\"},\"image\":{\"@id\":\"https:\/\/wpguerssen-test.odoo.rgbconsulting.com\/es\/producto\/eternos-triana-2lp-white\/#primaryimage\"},\"thumbnailUrl\":\"https:\/\/wpguerssen-test.odoo.rgbconsulting.com\/wp-content\/uploads\/2024\/11\/49335.jpg\",\"datePublished\":\"2024-11-25T23:00:00+00:00\",\"dateModified\":\"2025-03-03T15:28:50+00:00\",\"description\":\"This year 2024 marks the 50th anniversary of the formation of Triana and to celebrate this event, the publication of a compilation album on November 8th is announced, which includes new mixes of all their classics. These mixes have updated their sound while maintaining the original essence and making it sound completely up-to-date five decades later. \\\"Eternos Triana\\\" contains 17 essential songs from a group that made history in Spanish music and whose legacy is still more alive than ever, crossing generations and reaching a new generation of artists who passionately claim the sound of the Sevillian group. There has not been any group or artist that has defined the concept of Andalusian \\\"rock\\\" better than Triana. A sound, a repertoire and an aesthetic that drank from Anglo progressive rock (Pink Floyd, King Crimson, Yes) to mix it with a millennial flamenco culture rooted in the DNA of the three members of the group (Jes\u00fas de la Rosa, Eduardo Rodr\u00edguez Rodway and Juan Jose Palacios). \\\"Eternos Triana\\\" is a well-deserved tribute to the place that the Sevillian group occupies in the history of Spanish culture and will be published on November 8 in several editions, including this double white LP.TRACKLIST1.- Abre la puerta (Nueva mezcla 2024) 2.- Luminosa ma\u00f1ana (Nueva mezcla 2024) 3.- Recuerdos de una noche (En directo) 4.- Todo es de color (Nueva mezcla 2023) 5.- S\u00e9 de un lugar (Nueva mezcla 2023) 6.- En el lago (Nueva mezcla 2024) 7.- Del crep\u00fasculo lento nacer\u00e1 el roc\u00edo (Nueva mezcla 2024) 8.- Hijos del agobio (Nueva mezcla 2023) 9.- Sr. Troncoso (Nueva mezcla 2024) 10.- Rumor (Nueva mezcla 2024) 11.- Necesito (Nueva mezcla 2024) 12.- Una historia (Nueva mezcla 2024) 13.- Quiero contarte (Nueva mezcla 2024) 14.- Tu frialdad (Nueva mezcla 2024) 15.- Cae fina la lluvia (Nueva mezcla 2024) 16.- Una noche de amor desesperada (Nueva mezcla 2024) 17.- Desnuda la ma\u00f1ana (Nueva mezcla 2024)\",\"breadcrumb\":{\"@id\":\"https:\/\/wpguerssen-test.odoo.rgbconsulting.com\/es\/producto\/eternos-triana-2lp-white\/#breadcrumb\"},\"inLanguage\":\"es\",\"potentialAction\":[{\"@type\":\"ReadAction\",\"target\":[\"https:\/\/wpguerssen-test.odoo.rgbconsulting.com\/es\/producto\/eternos-triana-2lp-white\/\"]}]},{\"@type\":\"ImageObject\",\"inLanguage\":\"es\",\"@id\":\"https:\/\/wpguerssen-test.odoo.rgbconsulting.com\/es\/producto\/eternos-triana-2lp-white\/#primaryimage\",\"url\":\"https:\/\/wpguerssen-test.odoo.rgbconsulting.com\/wp-content\/uploads\/2024\/11\/49335.jpg\",\"contentUrl\":\"https:\/\/wpguerssen-test.odoo.rgbconsulting.com\/wp-content\/uploads\/2024\/11\/49335.jpg\",\"width\":340,\"height\":340},{\"@type\":\"BreadcrumbList\",\"@id\":\"https:\/\/wpguerssen-test.odoo.rgbconsulting.com\/es\/producto\/eternos-triana-2lp-white\/#breadcrumb\",\"itemListElement\":[{\"@type\":\"ListItem\",\"position\":1,\"name\":\"Inicio\",\"item\":\"https:\/\/wpguerssen-test.odoo.rgbconsulting.com\/es\/\"},{\"@type\":\"ListItem\",\"position\":2,\"name\":\"Shop\",\"item\":\"https:\/\/wpguerssen-test.odoo.rgbconsulting.com\/shop\/\"},{\"@type\":\"ListItem\",\"position\":3,\"name\":\"Eternos Triana (2LP) (White)\"}]},{\"@type\":\"WebSite\",\"@id\":\"https:\/\/wpguerssen-test.odoo.rgbconsulting.com\/es\/#website\",\"url\":\"https:\/\/wpguerssen-test.odoo.rgbconsulting.com\/es\/\",\"name\":\"Guerssen records\",\"description\":\"psychedelia - progressive - folk - garage \",\"publisher\":{\"@id\":\"https:\/\/wpguerssen-test.odoo.rgbconsulting.com\/es\/#organization\"},\"potentialAction\":[{\"@type\":\"SearchAction\",\"target\":{\"@type\":\"EntryPoint\",\"urlTemplate\":\"https:\/\/wpguerssen-test.odoo.rgbconsulting.com\/es\/?s={search_term_string}\"},\"query-input\":{\"@type\":\"PropertyValueSpecification\",\"valueRequired\":true,\"valueName\":\"search_term_string\"}}],\"inLanguage\":\"es\"},{\"@type\":\"Organization\",\"@id\":\"https:\/\/wpguerssen-test.odoo.rgbconsulting.com\/es\/#organization\",\"name\":\"Guerssen records\",\"url\":\"https:\/\/wpguerssen-test.odoo.rgbconsulting.com\/es\/\",\"logo\":{\"@type\":\"ImageObject\",\"inLanguage\":\"es\",\"@id\":\"https:\/\/wpguerssen-test.odoo.rgbconsulting.com\/es\/#\/schema\/logo\/image\/\",\"url\":\"https:\/\/wpguerssen-test.odoo.rgbconsulting.com\/wp-content\/uploads\/2022\/04\/Logo_Guerssen_trans_100.png\",\"contentUrl\":\"https:\/\/wpguerssen-test.odoo.rgbconsulting.com\/wp-content\/uploads\/2022\/04\/Logo_Guerssen_trans_100.png\",\"width\":122,\"height\":100,\"caption\":\"Guerssen records\"},\"image\":{\"@id\":\"https:\/\/wpguerssen-test.odoo.rgbconsulting.com\/es\/#\/schema\/logo\/image\/\"}}]}<\/script>\n<!-- \/ Yoast SEO plugin. -->","yoast_head_json":{"title":"TRIANA - Eternos Triana (2LP) (White) -  (2LP) | Guerssen","description":"This year 2024 marks the 50th anniversary of the formation of Triana and to celebrate this event, the publication of a compilation album on November 8th is announced, which includes new mixes of all their classics. These mixes have updated their sound while maintaining the original essence and making it sound completely up-to-date five decades later. \"Eternos Triana\" contains 17 essential songs from a group that made history in Spanish music and whose legacy is still more alive than ever, crossing generations and reaching a new generation of artists who passionately claim the sound of the Sevillian group. There has not been any group or artist that has defined the concept of Andalusian \"rock\" better than Triana. A sound, a repertoire and an aesthetic that drank from Anglo progressive rock (Pink Floyd, King Crimson, Yes) to mix it with a millennial flamenco culture rooted in the DNA of the three members of the group (Jes\u00fas de la Rosa, Eduardo Rodr\u00edguez Rodway and Juan Jose Palacios). \"Eternos Triana\" is a well-deserved tribute to the place that the Sevillian group occupies in the history of Spanish culture and will be published on November 8 in several editions, including this double white LP.TRACKLIST1.- Abre la puerta (Nueva mezcla 2024) 2.- Luminosa ma\u00f1ana (Nueva mezcla 2024) 3.- Recuerdos de una noche (En directo) 4.- Todo es de color (Nueva mezcla 2023) 5.- S\u00e9 de un lugar (Nueva mezcla 2023) 6.- En el lago (Nueva mezcla 2024) 7.- Del crep\u00fasculo lento nacer\u00e1 el roc\u00edo (Nueva mezcla 2024) 8.- Hijos del agobio (Nueva mezcla 2023) 9.- Sr. Troncoso (Nueva mezcla 2024) 10.- Rumor (Nueva mezcla 2024) 11.- Necesito (Nueva mezcla 2024) 12.- Una historia (Nueva mezcla 2024) 13.- Quiero contarte (Nueva mezcla 2024) 14.- Tu frialdad (Nueva mezcla 2024) 15.- Cae fina la lluvia (Nueva mezcla 2024) 16.- Una noche de amor desesperada (Nueva mezcla 2024) 17.- Desnuda la ma\u00f1ana (Nueva mezcla 2024)","robots":{"index":"index","follow":"follow","max-snippet":"max-snippet:-1","max-image-preview":"max-image-preview:large","max-video-preview":"max-video-preview:-1"},"canonical":"https:\/\/wpguerssen-test.odoo.rgbconsulting.com\/es\/producto\/eternos-triana-2lp-white\/","og_locale":"es_ES","og_type":"article","og_title":"TRIANA - Eternos Triana (2LP) (White) -  (2LP) | Guerssen","og_description":"This year 2024 marks the 50th anniversary of the formation of Triana and to celebrate this event, the publication of a compilation album on November 8th is announced, which includes new mixes of all their classics. These mixes have updated their sound while maintaining the original essence and making it sound completely up-to-date five decades later. \"Eternos Triana\" contains 17 essential songs from a group that made history in Spanish music and whose legacy is still more alive than ever, crossing generations and reaching a new generation of artists who passionately claim the sound of the Sevillian group. There has not been any group or artist that has defined the concept of Andalusian \"rock\" better than Triana. A sound, a repertoire and an aesthetic that drank from Anglo progressive rock (Pink Floyd, King Crimson, Yes) to mix it with a millennial flamenco culture rooted in the DNA of the three members of the group (Jes\u00fas de la Rosa, Eduardo Rodr\u00edguez Rodway and Juan Jose Palacios). \"Eternos Triana\" is a well-deserved tribute to the place that the Sevillian group occupies in the history of Spanish culture and will be published on November 8 in several editions, including this double white LP.TRACKLIST1.- Abre la puerta (Nueva mezcla 2024) 2.- Luminosa ma\u00f1ana (Nueva mezcla 2024) 3.- Recuerdos de una noche (En directo) 4.- Todo es de color (Nueva mezcla 2023) 5.- S\u00e9 de un lugar (Nueva mezcla 2023) 6.- En el lago (Nueva mezcla 2024) 7.- Del crep\u00fasculo lento nacer\u00e1 el roc\u00edo (Nueva mezcla 2024) 8.- Hijos del agobio (Nueva mezcla 2023) 9.- Sr. Troncoso (Nueva mezcla 2024) 10.- Rumor (Nueva mezcla 2024) 11.- Necesito (Nueva mezcla 2024) 12.- Una historia (Nueva mezcla 2024) 13.- Quiero contarte (Nueva mezcla 2024) 14.- Tu frialdad (Nueva mezcla 2024) 15.- Cae fina la lluvia (Nueva mezcla 2024) 16.- Una noche de amor desesperada (Nueva mezcla 2024) 17.- Desnuda la ma\u00f1ana (Nueva mezcla 2024)","og_url":"https:\/\/wpguerssen-test.odoo.rgbconsulting.com\/es\/producto\/eternos-triana-2lp-white\/","og_site_name":"Guerssen records","article_modified_time":"2025-03-03T15:28:50+00:00","og_image":[{"width":340,"height":340,"url":"https:\/\/wpguerssen-test.odoo.rgbconsulting.com\/wp-content\/uploads\/2024\/11\/49335.jpg","type":"image\/jpeg"}],"twitter_card":"summary_large_image","twitter_title":"TRIANA - Eternos Triana (2LP) (White) -  (2LP) | Guerssen","twitter_misc":{"Tiempo de lectura":"2 minutos"},"schema":{"@context":"https:\/\/schema.org","@graph":[{"@type":"WebPage","@id":"https:\/\/wpguerssen-test.odoo.rgbconsulting.com\/es\/producto\/eternos-triana-2lp-white\/","url":"https:\/\/wpguerssen-test.odoo.rgbconsulting.com\/es\/producto\/eternos-triana-2lp-white\/","name":"TRIANA - Eternos Triana (2LP) (White) - (2LP) | Guerssen","isPartOf":{"@id":"https:\/\/wpguerssen-test.odoo.rgbconsulting.com\/es\/#website"},"primaryImageOfPage":{"@id":"https:\/\/wpguerssen-test.odoo.rgbconsulting.com\/es\/producto\/eternos-triana-2lp-white\/#primaryimage"},"image":{"@id":"https:\/\/wpguerssen-test.odoo.rgbconsulting.com\/es\/producto\/eternos-triana-2lp-white\/#primaryimage"},"thumbnailUrl":"https:\/\/wpguerssen-test.odoo.rgbconsulting.com\/wp-content\/uploads\/2024\/11\/49335.jpg","datePublished":"2024-11-25T23:00:00+00:00","dateModified":"2025-03-03T15:28:50+00:00","description":"This year 2024 marks the 50th anniversary of the formation of Triana and to celebrate this event, the publication of a compilation album on November 8th is announced, which includes new mixes of all their classics. These mixes have updated their sound while maintaining the original essence and making it sound completely up-to-date five decades later. \"Eternos Triana\" contains 17 essential songs from a group that made history in Spanish music and whose legacy is still more alive than ever, crossing generations and reaching a new generation of artists who passionately claim the sound of the Sevillian group. There has not been any group or artist that has defined the concept of Andalusian \"rock\" better than Triana. A sound, a repertoire and an aesthetic that drank from Anglo progressive rock (Pink Floyd, King Crimson, Yes) to mix it with a millennial flamenco culture rooted in the DNA of the three members of the group (Jes\u00fas de la Rosa, Eduardo Rodr\u00edguez Rodway and Juan Jose Palacios). \"Eternos Triana\" is a well-deserved tribute to the place that the Sevillian group occupies in the history of Spanish culture and will be published on November 8 in several editions, including this double white LP.TRACKLIST1.- Abre la puerta (Nueva mezcla 2024) 2.- Luminosa ma\u00f1ana (Nueva mezcla 2024) 3.- Recuerdos de una noche (En directo) 4.- Todo es de color (Nueva mezcla 2023) 5.- S\u00e9 de un lugar (Nueva mezcla 2023) 6.- En el lago (Nueva mezcla 2024) 7.- Del crep\u00fasculo lento nacer\u00e1 el roc\u00edo (Nueva mezcla 2024) 8.- Hijos del agobio (Nueva mezcla 2023) 9.- Sr. Troncoso (Nueva mezcla 2024) 10.- Rumor (Nueva mezcla 2024) 11.- Necesito (Nueva mezcla 2024) 12.- Una historia (Nueva mezcla 2024) 13.- Quiero contarte (Nueva mezcla 2024) 14.- Tu frialdad (Nueva mezcla 2024) 15.- Cae fina la lluvia (Nueva mezcla 2024) 16.- Una noche de amor desesperada (Nueva mezcla 2024) 17.- Desnuda la ma\u00f1ana (Nueva mezcla 2024)","breadcrumb":{"@id":"https:\/\/wpguerssen-test.odoo.rgbconsulting.com\/es\/producto\/eternos-triana-2lp-white\/#breadcrumb"},"inLanguage":"es","potentialAction":[{"@type":"ReadAction","target":["https:\/\/wpguerssen-test.odoo.rgbconsulting.com\/es\/producto\/eternos-triana-2lp-white\/"]}]},{"@type":"ImageObject","inLanguage":"es","@id":"https:\/\/wpguerssen-test.odoo.rgbconsulting.com\/es\/producto\/eternos-triana-2lp-white\/#primaryimage","url":"https:\/\/wpguerssen-test.odoo.rgbconsulting.com\/wp-content\/uploads\/2024\/11\/49335.jpg","contentUrl":"https:\/\/wpguerssen-test.odoo.rgbconsulting.com\/wp-content\/uploads\/2024\/11\/49335.jpg","width":340,"height":340},{"@type":"BreadcrumbList","@id":"https:\/\/wpguerssen-test.odoo.rgbconsulting.com\/es\/producto\/eternos-triana-2lp-white\/#breadcrumb","itemListElement":[{"@type":"ListItem","position":1,"name":"Inicio","item":"https:\/\/wpguerssen-test.odoo.rgbconsulting.com\/es\/"},{"@type":"ListItem","position":2,"name":"Shop","item":"https:\/\/wpguerssen-test.odoo.rgbconsulting.com\/shop\/"},{"@type":"ListItem","position":3,"name":"Eternos Triana (2LP) (White)"}]},{"@type":"WebSite","@id":"https:\/\/wpguerssen-test.odoo.rgbconsulting.com\/es\/#website","url":"https:\/\/wpguerssen-test.odoo.rgbconsulting.com\/es\/","name":"Guerssen records","description":"psychedelia - progressive - folk - garage ","publisher":{"@id":"https:\/\/wpguerssen-test.odoo.rgbconsulting.com\/es\/#organization"},"potentialAction":[{"@type":"SearchAction","target":{"@type":"EntryPoint","urlTemplate":"https:\/\/wpguerssen-test.odoo.rgbconsulting.com\/es\/?s={search_term_string}"},"query-input":{"@type":"PropertyValueSpecification","valueRequired":true,"valueName":"search_term_string"}}],"inLanguage":"es"},{"@type":"Organization","@id":"https:\/\/wpguerssen-test.odoo.rgbconsulting.com\/es\/#organization","name":"Guerssen records","url":"https:\/\/wpguerssen-test.odoo.rgbconsulting.com\/es\/","logo":{"@type":"ImageObject","inLanguage":"es","@id":"https:\/\/wpguerssen-test.odoo.rgbconsulting.com\/es\/#\/schema\/logo\/image\/","url":"https:\/\/wpguerssen-test.odoo.rgbconsulting.com\/wp-content\/uploads\/2022\/04\/Logo_Guerssen_trans_100.png","contentUrl":"https:\/\/wpguerssen-test.odoo.rgbconsulting.com\/wp-content\/uploads\/2022\/04\/Logo_Guerssen_trans_100.png","width":122,"height":100,"caption":"Guerssen records"},"image":{"@id":"https:\/\/wpguerssen-test.odoo.rgbconsulting.com\/es\/#\/schema\/logo\/image\/"}}]}},"_links":{"self":[{"href":"https:\/\/wpguerssen-test.odoo.rgbconsulting.com\/es\/wp-json\/wp\/v2\/product\/279288","targetHints":{"allow":["GET"]}}],"collection":[{"href":"https:\/\/wpguerssen-test.odoo.rgbconsulting.com\/es\/wp-json\/wp\/v2\/product"}],"about":[{"href":"https:\/\/wpguerssen-test.odoo.rgbconsulting.com\/es\/wp-json\/wp\/v2\/types\/product"}],"wp:featuredmedia":[{"embeddable":true,"href":"https:\/\/wpguerssen-test.odoo.rgbconsulting.com\/es\/wp-json\/wp\/v2\/media\/279389"}],"wp:attachment":[{"href":"https:\/\/wpguerssen-test.odoo.rgbconsulting.com\/es\/wp-json\/wp\/v2\/media?parent=279288"}],"wp:term":[{"taxonomy":"product_brand","embeddable":true,"href":"https:\/\/wpguerssen-test.odoo.rgbconsulting.com\/es\/wp-json\/wp\/v2\/product_brand?post=279288"},{"taxonomy":"product_cat","embeddable":true,"href":"https:\/\/wpguerssen-test.odoo.rgbconsulting.com\/es\/wp-json\/wp\/v2\/product_cat?post=279288"},{"taxonomy":"product_tag","embeddable":true,"href":"https:\/\/wpguerssen-test.odoo.rgbconsulting.com\/es\/wp-json\/wp\/v2\/product_tag?post=279288"}],"curies":[{"name":"wp","href":"https:\/\/api.w.org\/{rel}","templated":true}]}}