{"id":279427,"date":"2024-12-09T00:00:00","date_gmt":"2024-12-08T23:00:00","guid":{"rendered":"https:\/\/wpguerssen-test.odoo.rgbconsulting.com\/product\/take-five\/"},"modified":"2025-03-28T12:46:35","modified_gmt":"2025-03-28T11:46:35","slug":"take-five","status":"publish","type":"product","link":"https:\/\/wpguerssen-test.odoo.rgbconsulting.com\/es\/producto\/take-five\/","title":{"rendered":"Take Five"},"content":{"rendered":"<p>Edici\u00f3n estrictamente limitada de 250 ejemplares.<br \/>Theodore \u00abHound Dog\u00bb Taylor naci\u00f3 el 12 de abril de 1917 en Natchez, Mississippi. De d\u00eda era aparcero; por la noche tocaba en los delta jukes. En 1942, tras un peligroso encuentro con el Ku Klux Klan, abandon\u00f3 el sur y se dirigi\u00f3 a Chicago. All\u00ed, trabaj\u00f3 mientras constru\u00eda su reputaci\u00f3n como m\u00fasico, actuando en clubes de blues del sur y el oeste y en las calles. No fue hasta finales de los a\u00f1os 50 que se convirti\u00f3 en m\u00fasico a tiempo completo, tocando regularmente en el Expressway Lounge. Taylor desarroll\u00f3 un estilo vocal crudo y una t\u00e9cnica de guitarra slide vertiginosa, utilizando una guitarra Teisco Del Rey barata alimentada por un amplificador Sears Roebuck. Tambi\u00e9n ten\u00eda una condici\u00f3n f\u00edsica llamada polidactilismo, que le provocaba un dedo extra en cada mano.<br \/>Hound Dog Taylor grab\u00f3 por primera vez en 1960 para Bea and Baby Records, y nuevamente en 1962 para el sello Firma. Los 45 resultantes fueron sus \u00fanicos lanzamientos durante los a\u00f1os 60 y estos cuatro temas est\u00e1n incluidos en este disco.<br \/>Como beneficio adicional, hemos agregado dos temas del veterano del blues Homesick James, nacido en Mississippi, quien, despu\u00e9s de grabar varios 45 a principios de los 50, no se lanz\u00f3 otro sencillo hasta 1962. Ambos n\u00fameros cuentan con Taylor a la guitarra.<br \/>Muri\u00f3 en diciembre de 1975, despu\u00e9s de lanzar cuatro \u00e1lbumes en el sello Alligator, dej\u00e1ndonos su propio epitafio: &#8216;Cuando muera dir\u00e1n: &#8216;\u00a1No sab\u00eda tocar una mierda, pero seguro que lo hac\u00eda sonar bien!&#8217;<\/p>\n","protected":false},"excerpt":{"rendered":"<p>Edici\u00f3n estrictamente limitada de 250 ejemplares.<br \/>Theodore \u00abHound Dog\u00bb Taylor naci\u00f3 el 12 de abril de 1917 en Natchez, Mississippi. De d\u00eda era aparcero;<a class=\"read\" href=\"https:\/\/wpguerssen-test.odoo.rgbconsulting.com\/es\/producto\/take-five\/\"> (...)<\/a>","protected":false},"featured_media":279413,"template":"","meta":{"_acf_changed":false},"product_brand":[],"product_cat":[23262],"product_tag":[],"class_list":{"0":"post-279427","1":"product","2":"type-product","3":"status-publish","4":"has-post-thumbnail","6":"product_cat-blues-blues-rock-es","7":"pa_artist-hound-dog-taylor","8":"pa_format-10-es","9":"pa_gender-blues-blues-rock","10":"pa_label-jerome","11":"pa_location-north-america-es","12":"pa_other-filters-vinyl-only-es","14":"first","15":"instock","16":"taxable","17":"shipping-taxable","18":"purchasable","19":"product-type-simple"},"acf":[],"yoast_head":"<!-- This site is optimized with the Yoast SEO plugin v24.9 - https:\/\/yoast.com\/wordpress\/plugins\/seo\/ -->\n<title>HOUND DOG TAYLOR - Take Five -  (10&quot;) | Guerssen<\/title>\n<meta name=\"description\" content=\"Strictly limited edition of 250 copies.Theodore &quot;Hound Dog&quot; Taylor was born on April 12, 1917, in Natchez, Mississippi. By day, he was a sharecropper; by night, he played the delta jukes. In 1942, following a dangerous encounter with the Ku Klux Klan, he high-tailed it out of the South to Chicago. There, he held a day job while building his reputation as a musician, performing in South and West Side blues clubs and on the streets. It wasn&#039;t until the late 50&#039;s that he became a full-time musician, playing regularly at the Expressway Lounge.Taylor developed a raw vocal style and blistering slide guitar technique, using a cheap Teisco Del Rey guitar powered through a Sears Roebuck amplifier. He also had a physical condition called polydactylism, which resulted in an extra finger on each hand.Hound Dog Taylor first recorded in 1960 for Bea and Baby Records, and again in 1962 for the Firma label. The resulting 45s were his only releases during the 60&#039;s and these four tracks are included on this record.As a bonus, we have added two tracks by Mississippi-born, long-time blues veteran Homesick James, who, after recording several 45s in the early 50&#039;s, didn&#039;t get another single released until 1962. Both numbers feature Taylor on guitar.He died in December 1975, after releasing four albums on the Alligator label, leaving us his own epitaph: &#039;When I die, they&#039;ll say, &#039;He couldn&#039;t play shit, but he sure made it sound good!&#039;\" \/>\n<meta name=\"robots\" content=\"index, follow, max-snippet:-1, max-image-preview:large, max-video-preview:-1\" \/>\n<link rel=\"canonical\" href=\"https:\/\/wpguerssen-test.odoo.rgbconsulting.com\/es\/producto\/take-five\/\" \/>\n<meta property=\"og:locale\" content=\"es_ES\" \/>\n<meta property=\"og:type\" content=\"article\" \/>\n<meta property=\"og:title\" content=\"HOUND DOG TAYLOR - Take Five -  (10&quot;) | Guerssen\" \/>\n<meta property=\"og:description\" content=\"Strictly limited edition of 250 copies.Theodore &quot;Hound Dog&quot; Taylor was born on April 12, 1917, in Natchez, Mississippi. By day, he was a sharecropper; by night, he played the delta jukes. In 1942, following a dangerous encounter with the Ku Klux Klan, he high-tailed it out of the South to Chicago. There, he held a day job while building his reputation as a musician, performing in South and West Side blues clubs and on the streets. It wasn&#039;t until the late 50&#039;s that he became a full-time musician, playing regularly at the Expressway Lounge.Taylor developed a raw vocal style and blistering slide guitar technique, using a cheap Teisco Del Rey guitar powered through a Sears Roebuck amplifier. He also had a physical condition called polydactylism, which resulted in an extra finger on each hand.Hound Dog Taylor first recorded in 1960 for Bea and Baby Records, and again in 1962 for the Firma label. The resulting 45s were his only releases during the 60&#039;s and these four tracks are included on this record.As a bonus, we have added two tracks by Mississippi-born, long-time blues veteran Homesick James, who, after recording several 45s in the early 50&#039;s, didn&#039;t get another single released until 1962. Both numbers feature Taylor on guitar.He died in December 1975, after releasing four albums on the Alligator label, leaving us his own epitaph: &#039;When I die, they&#039;ll say, &#039;He couldn&#039;t play shit, but he sure made it sound good!&#039;\" \/>\n<meta property=\"og:url\" content=\"https:\/\/wpguerssen-test.odoo.rgbconsulting.com\/es\/producto\/take-five\/\" \/>\n<meta property=\"og:site_name\" content=\"Guerssen records\" \/>\n<meta property=\"article:modified_time\" content=\"2025-03-28T11:46:35+00:00\" \/>\n<meta property=\"og:image\" content=\"https:\/\/wpguerssen-test.odoo.rgbconsulting.com\/wp-content\/uploads\/2024\/11\/49345.jpg\" \/>\n\t<meta property=\"og:image:width\" content=\"886\" \/>\n\t<meta property=\"og:image:height\" content=\"886\" \/>\n\t<meta property=\"og:image:type\" content=\"image\/jpeg\" \/>\n<meta name=\"twitter:card\" content=\"summary_large_image\" \/>\n<meta name=\"twitter:title\" content=\"HOUND DOG TAYLOR - Take Five -  (10&quot;) | Guerssen\" \/>\n<meta name=\"twitter:label1\" content=\"Tiempo de lectura\" \/>\n\t<meta name=\"twitter:data1\" content=\"1 minuto\" \/>\n<script type=\"application\/ld+json\" class=\"yoast-schema-graph\">{\"@context\":\"https:\/\/schema.org\",\"@graph\":[{\"@type\":\"WebPage\",\"@id\":\"https:\/\/wpguerssen-test.odoo.rgbconsulting.com\/es\/producto\/take-five\/\",\"url\":\"https:\/\/wpguerssen-test.odoo.rgbconsulting.com\/es\/producto\/take-five\/\",\"name\":\"HOUND DOG TAYLOR - Take Five - (10\\\") | Guerssen\",\"isPartOf\":{\"@id\":\"https:\/\/wpguerssen-test.odoo.rgbconsulting.com\/es\/#website\"},\"primaryImageOfPage\":{\"@id\":\"https:\/\/wpguerssen-test.odoo.rgbconsulting.com\/es\/producto\/take-five\/#primaryimage\"},\"image\":{\"@id\":\"https:\/\/wpguerssen-test.odoo.rgbconsulting.com\/es\/producto\/take-five\/#primaryimage\"},\"thumbnailUrl\":\"https:\/\/wpguerssen-test.odoo.rgbconsulting.com\/wp-content\/uploads\/2024\/11\/49345.jpg\",\"datePublished\":\"2024-12-08T23:00:00+00:00\",\"dateModified\":\"2025-03-28T11:46:35+00:00\",\"description\":\"Strictly limited edition of 250 copies.Theodore \\\"Hound Dog\\\" Taylor was born on April 12, 1917, in Natchez, Mississippi. By day, he was a sharecropper; by night, he played the delta jukes. In 1942, following a dangerous encounter with the Ku Klux Klan, he high-tailed it out of the South to Chicago. There, he held a day job while building his reputation as a musician, performing in South and West Side blues clubs and on the streets. It wasn't until the late 50's that he became a full-time musician, playing regularly at the Expressway Lounge.Taylor developed a raw vocal style and blistering slide guitar technique, using a cheap Teisco Del Rey guitar powered through a Sears Roebuck amplifier. He also had a physical condition called polydactylism, which resulted in an extra finger on each hand.Hound Dog Taylor first recorded in 1960 for Bea and Baby Records, and again in 1962 for the Firma label. The resulting 45s were his only releases during the 60's and these four tracks are included on this record.As a bonus, we have added two tracks by Mississippi-born, long-time blues veteran Homesick James, who, after recording several 45s in the early 50's, didn't get another single released until 1962. Both numbers feature Taylor on guitar.He died in December 1975, after releasing four albums on the Alligator label, leaving us his own epitaph: 'When I die, they'll say, 'He couldn't play shit, but he sure made it sound good!'\",\"breadcrumb\":{\"@id\":\"https:\/\/wpguerssen-test.odoo.rgbconsulting.com\/es\/producto\/take-five\/#breadcrumb\"},\"inLanguage\":\"es\",\"potentialAction\":[{\"@type\":\"ReadAction\",\"target\":[\"https:\/\/wpguerssen-test.odoo.rgbconsulting.com\/es\/producto\/take-five\/\"]}]},{\"@type\":\"ImageObject\",\"inLanguage\":\"es\",\"@id\":\"https:\/\/wpguerssen-test.odoo.rgbconsulting.com\/es\/producto\/take-five\/#primaryimage\",\"url\":\"https:\/\/wpguerssen-test.odoo.rgbconsulting.com\/wp-content\/uploads\/2024\/11\/49345.jpg\",\"contentUrl\":\"https:\/\/wpguerssen-test.odoo.rgbconsulting.com\/wp-content\/uploads\/2024\/11\/49345.jpg\",\"width\":886,\"height\":886},{\"@type\":\"BreadcrumbList\",\"@id\":\"https:\/\/wpguerssen-test.odoo.rgbconsulting.com\/es\/producto\/take-five\/#breadcrumb\",\"itemListElement\":[{\"@type\":\"ListItem\",\"position\":1,\"name\":\"Inicio\",\"item\":\"https:\/\/wpguerssen-test.odoo.rgbconsulting.com\/es\/\"},{\"@type\":\"ListItem\",\"position\":2,\"name\":\"Shop\",\"item\":\"https:\/\/wpguerssen-test.odoo.rgbconsulting.com\/shop\/\"},{\"@type\":\"ListItem\",\"position\":3,\"name\":\"Take Five\"}]},{\"@type\":\"WebSite\",\"@id\":\"https:\/\/wpguerssen-test.odoo.rgbconsulting.com\/es\/#website\",\"url\":\"https:\/\/wpguerssen-test.odoo.rgbconsulting.com\/es\/\",\"name\":\"Guerssen records\",\"description\":\"psychedelia - progressive - folk - garage \",\"publisher\":{\"@id\":\"https:\/\/wpguerssen-test.odoo.rgbconsulting.com\/es\/#organization\"},\"potentialAction\":[{\"@type\":\"SearchAction\",\"target\":{\"@type\":\"EntryPoint\",\"urlTemplate\":\"https:\/\/wpguerssen-test.odoo.rgbconsulting.com\/es\/?s={search_term_string}\"},\"query-input\":{\"@type\":\"PropertyValueSpecification\",\"valueRequired\":true,\"valueName\":\"search_term_string\"}}],\"inLanguage\":\"es\"},{\"@type\":\"Organization\",\"@id\":\"https:\/\/wpguerssen-test.odoo.rgbconsulting.com\/es\/#organization\",\"name\":\"Guerssen records\",\"url\":\"https:\/\/wpguerssen-test.odoo.rgbconsulting.com\/es\/\",\"logo\":{\"@type\":\"ImageObject\",\"inLanguage\":\"es\",\"@id\":\"https:\/\/wpguerssen-test.odoo.rgbconsulting.com\/es\/#\/schema\/logo\/image\/\",\"url\":\"https:\/\/wpguerssen-test.odoo.rgbconsulting.com\/wp-content\/uploads\/2022\/04\/Logo_Guerssen_trans_100.png\",\"contentUrl\":\"https:\/\/wpguerssen-test.odoo.rgbconsulting.com\/wp-content\/uploads\/2022\/04\/Logo_Guerssen_trans_100.png\",\"width\":122,\"height\":100,\"caption\":\"Guerssen records\"},\"image\":{\"@id\":\"https:\/\/wpguerssen-test.odoo.rgbconsulting.com\/es\/#\/schema\/logo\/image\/\"}}]}<\/script>\n<!-- \/ Yoast SEO plugin. -->","yoast_head_json":{"title":"HOUND DOG TAYLOR - Take Five -  (10\") | Guerssen","description":"Strictly limited edition of 250 copies.Theodore \"Hound Dog\" Taylor was born on April 12, 1917, in Natchez, Mississippi. By day, he was a sharecropper; by night, he played the delta jukes. In 1942, following a dangerous encounter with the Ku Klux Klan, he high-tailed it out of the South to Chicago. There, he held a day job while building his reputation as a musician, performing in South and West Side blues clubs and on the streets. It wasn't until the late 50's that he became a full-time musician, playing regularly at the Expressway Lounge.Taylor developed a raw vocal style and blistering slide guitar technique, using a cheap Teisco Del Rey guitar powered through a Sears Roebuck amplifier. He also had a physical condition called polydactylism, which resulted in an extra finger on each hand.Hound Dog Taylor first recorded in 1960 for Bea and Baby Records, and again in 1962 for the Firma label. The resulting 45s were his only releases during the 60's and these four tracks are included on this record.As a bonus, we have added two tracks by Mississippi-born, long-time blues veteran Homesick James, who, after recording several 45s in the early 50's, didn't get another single released until 1962. Both numbers feature Taylor on guitar.He died in December 1975, after releasing four albums on the Alligator label, leaving us his own epitaph: 'When I die, they'll say, 'He couldn't play shit, but he sure made it sound good!'","robots":{"index":"index","follow":"follow","max-snippet":"max-snippet:-1","max-image-preview":"max-image-preview:large","max-video-preview":"max-video-preview:-1"},"canonical":"https:\/\/wpguerssen-test.odoo.rgbconsulting.com\/es\/producto\/take-five\/","og_locale":"es_ES","og_type":"article","og_title":"HOUND DOG TAYLOR - Take Five -  (10\") | Guerssen","og_description":"Strictly limited edition of 250 copies.Theodore \"Hound Dog\" Taylor was born on April 12, 1917, in Natchez, Mississippi. By day, he was a sharecropper; by night, he played the delta jukes. In 1942, following a dangerous encounter with the Ku Klux Klan, he high-tailed it out of the South to Chicago. There, he held a day job while building his reputation as a musician, performing in South and West Side blues clubs and on the streets. It wasn't until the late 50's that he became a full-time musician, playing regularly at the Expressway Lounge.Taylor developed a raw vocal style and blistering slide guitar technique, using a cheap Teisco Del Rey guitar powered through a Sears Roebuck amplifier. He also had a physical condition called polydactylism, which resulted in an extra finger on each hand.Hound Dog Taylor first recorded in 1960 for Bea and Baby Records, and again in 1962 for the Firma label. The resulting 45s were his only releases during the 60's and these four tracks are included on this record.As a bonus, we have added two tracks by Mississippi-born, long-time blues veteran Homesick James, who, after recording several 45s in the early 50's, didn't get another single released until 1962. Both numbers feature Taylor on guitar.He died in December 1975, after releasing four albums on the Alligator label, leaving us his own epitaph: 'When I die, they'll say, 'He couldn't play shit, but he sure made it sound good!'","og_url":"https:\/\/wpguerssen-test.odoo.rgbconsulting.com\/es\/producto\/take-five\/","og_site_name":"Guerssen records","article_modified_time":"2025-03-28T11:46:35+00:00","og_image":[{"width":886,"height":886,"url":"https:\/\/wpguerssen-test.odoo.rgbconsulting.com\/wp-content\/uploads\/2024\/11\/49345.jpg","type":"image\/jpeg"}],"twitter_card":"summary_large_image","twitter_title":"HOUND DOG TAYLOR - Take Five -  (10\") | Guerssen","twitter_misc":{"Tiempo de lectura":"1 minuto"},"schema":{"@context":"https:\/\/schema.org","@graph":[{"@type":"WebPage","@id":"https:\/\/wpguerssen-test.odoo.rgbconsulting.com\/es\/producto\/take-five\/","url":"https:\/\/wpguerssen-test.odoo.rgbconsulting.com\/es\/producto\/take-five\/","name":"HOUND DOG TAYLOR - Take Five - (10\") | Guerssen","isPartOf":{"@id":"https:\/\/wpguerssen-test.odoo.rgbconsulting.com\/es\/#website"},"primaryImageOfPage":{"@id":"https:\/\/wpguerssen-test.odoo.rgbconsulting.com\/es\/producto\/take-five\/#primaryimage"},"image":{"@id":"https:\/\/wpguerssen-test.odoo.rgbconsulting.com\/es\/producto\/take-five\/#primaryimage"},"thumbnailUrl":"https:\/\/wpguerssen-test.odoo.rgbconsulting.com\/wp-content\/uploads\/2024\/11\/49345.jpg","datePublished":"2024-12-08T23:00:00+00:00","dateModified":"2025-03-28T11:46:35+00:00","description":"Strictly limited edition of 250 copies.Theodore \"Hound Dog\" Taylor was born on April 12, 1917, in Natchez, Mississippi. By day, he was a sharecropper; by night, he played the delta jukes. In 1942, following a dangerous encounter with the Ku Klux Klan, he high-tailed it out of the South to Chicago. There, he held a day job while building his reputation as a musician, performing in South and West Side blues clubs and on the streets. It wasn't until the late 50's that he became a full-time musician, playing regularly at the Expressway Lounge.Taylor developed a raw vocal style and blistering slide guitar technique, using a cheap Teisco Del Rey guitar powered through a Sears Roebuck amplifier. He also had a physical condition called polydactylism, which resulted in an extra finger on each hand.Hound Dog Taylor first recorded in 1960 for Bea and Baby Records, and again in 1962 for the Firma label. The resulting 45s were his only releases during the 60's and these four tracks are included on this record.As a bonus, we have added two tracks by Mississippi-born, long-time blues veteran Homesick James, who, after recording several 45s in the early 50's, didn't get another single released until 1962. Both numbers feature Taylor on guitar.He died in December 1975, after releasing four albums on the Alligator label, leaving us his own epitaph: 'When I die, they'll say, 'He couldn't play shit, but he sure made it sound good!'","breadcrumb":{"@id":"https:\/\/wpguerssen-test.odoo.rgbconsulting.com\/es\/producto\/take-five\/#breadcrumb"},"inLanguage":"es","potentialAction":[{"@type":"ReadAction","target":["https:\/\/wpguerssen-test.odoo.rgbconsulting.com\/es\/producto\/take-five\/"]}]},{"@type":"ImageObject","inLanguage":"es","@id":"https:\/\/wpguerssen-test.odoo.rgbconsulting.com\/es\/producto\/take-five\/#primaryimage","url":"https:\/\/wpguerssen-test.odoo.rgbconsulting.com\/wp-content\/uploads\/2024\/11\/49345.jpg","contentUrl":"https:\/\/wpguerssen-test.odoo.rgbconsulting.com\/wp-content\/uploads\/2024\/11\/49345.jpg","width":886,"height":886},{"@type":"BreadcrumbList","@id":"https:\/\/wpguerssen-test.odoo.rgbconsulting.com\/es\/producto\/take-five\/#breadcrumb","itemListElement":[{"@type":"ListItem","position":1,"name":"Inicio","item":"https:\/\/wpguerssen-test.odoo.rgbconsulting.com\/es\/"},{"@type":"ListItem","position":2,"name":"Shop","item":"https:\/\/wpguerssen-test.odoo.rgbconsulting.com\/shop\/"},{"@type":"ListItem","position":3,"name":"Take Five"}]},{"@type":"WebSite","@id":"https:\/\/wpguerssen-test.odoo.rgbconsulting.com\/es\/#website","url":"https:\/\/wpguerssen-test.odoo.rgbconsulting.com\/es\/","name":"Guerssen records","description":"psychedelia - progressive - folk - garage ","publisher":{"@id":"https:\/\/wpguerssen-test.odoo.rgbconsulting.com\/es\/#organization"},"potentialAction":[{"@type":"SearchAction","target":{"@type":"EntryPoint","urlTemplate":"https:\/\/wpguerssen-test.odoo.rgbconsulting.com\/es\/?s={search_term_string}"},"query-input":{"@type":"PropertyValueSpecification","valueRequired":true,"valueName":"search_term_string"}}],"inLanguage":"es"},{"@type":"Organization","@id":"https:\/\/wpguerssen-test.odoo.rgbconsulting.com\/es\/#organization","name":"Guerssen records","url":"https:\/\/wpguerssen-test.odoo.rgbconsulting.com\/es\/","logo":{"@type":"ImageObject","inLanguage":"es","@id":"https:\/\/wpguerssen-test.odoo.rgbconsulting.com\/es\/#\/schema\/logo\/image\/","url":"https:\/\/wpguerssen-test.odoo.rgbconsulting.com\/wp-content\/uploads\/2022\/04\/Logo_Guerssen_trans_100.png","contentUrl":"https:\/\/wpguerssen-test.odoo.rgbconsulting.com\/wp-content\/uploads\/2022\/04\/Logo_Guerssen_trans_100.png","width":122,"height":100,"caption":"Guerssen records"},"image":{"@id":"https:\/\/wpguerssen-test.odoo.rgbconsulting.com\/es\/#\/schema\/logo\/image\/"}}]}},"_links":{"self":[{"href":"https:\/\/wpguerssen-test.odoo.rgbconsulting.com\/es\/wp-json\/wp\/v2\/product\/279427","targetHints":{"allow":["GET"]}}],"collection":[{"href":"https:\/\/wpguerssen-test.odoo.rgbconsulting.com\/es\/wp-json\/wp\/v2\/product"}],"about":[{"href":"https:\/\/wpguerssen-test.odoo.rgbconsulting.com\/es\/wp-json\/wp\/v2\/types\/product"}],"wp:featuredmedia":[{"embeddable":true,"href":"https:\/\/wpguerssen-test.odoo.rgbconsulting.com\/es\/wp-json\/wp\/v2\/media\/279413"}],"wp:attachment":[{"href":"https:\/\/wpguerssen-test.odoo.rgbconsulting.com\/es\/wp-json\/wp\/v2\/media?parent=279427"}],"wp:term":[{"taxonomy":"product_brand","embeddable":true,"href":"https:\/\/wpguerssen-test.odoo.rgbconsulting.com\/es\/wp-json\/wp\/v2\/product_brand?post=279427"},{"taxonomy":"product_cat","embeddable":true,"href":"https:\/\/wpguerssen-test.odoo.rgbconsulting.com\/es\/wp-json\/wp\/v2\/product_cat?post=279427"},{"taxonomy":"product_tag","embeddable":true,"href":"https:\/\/wpguerssen-test.odoo.rgbconsulting.com\/es\/wp-json\/wp\/v2\/product_tag?post=279427"}],"curies":[{"name":"wp","href":"https:\/\/api.w.org\/{rel}","templated":true}]}}