{"id":279587,"date":"2025-01-17T00:00:00","date_gmt":"2025-01-16T23:00:00","guid":{"rendered":"https:\/\/wpguerssen-test.odoo.rgbconsulting.com\/?post_type=product&#038;p=279587"},"modified":"2025-04-25T13:54:39","modified_gmt":"2025-04-25T11:54:39","slug":"plastic-people","status":"publish","type":"product","link":"https:\/\/wpguerssen-test.odoo.rgbconsulting.com\/es\/producto\/plastic-people\/","title":{"rendered":"Plastic People"},"content":{"rendered":"<p>Duro garage hard-psicod\u00e9lico por este grupo famoso por el hit underground y punk-a-d\u00e9lico \u00abPlastic People\u00bb de 1968.  <\/p>\n<p> Formados a finales de los 60 en Stockton, California, Wildwood derrochaban actitud y proyectaban una imagen oscura en plena \u00e9poca flower-power, un caso similar a grupos como Public Nuisance. Llegaron a actuar junto a bandas como Country Weather, Steve Miller Band y Grateful Dead en legendarios lugares como Matrix y Fillmore. <\/p>\n<p> Aqu\u00ed tienes por primera vez en vinilo sus dos buscados singles para el sello Magnum junto a una selecci\u00f3n del fant\u00e1stico material in\u00e9dito que grabaron en los estudios Fantasy de Max Weiss, 1968-70, y que no lleg\u00f3 a ver la luz hasta que en el 2012 el sello Frantic edit\u00f3 un doble CD antolog\u00eda del grupo.  <\/p>\n<p> Hard psicodelia con \u00f3rgano Vox y Hammond, dura guitarra y voz. Si te gustan Doors, Hunger, Music Machine, Steppenwolf, Jungle, etc&#8230;ya sabes! <\/p>\n<p> *Portada de carton duro<br \/>*Insert con raras fotos y notas por Alec Palao.<br \/>*Cup\u00f3n de descarga digital <\/p>\n<p> \u00ab&#8230;oscuros y ligeremente siniestros en su imagen y sonido, Wildwood mezclaron la actitud punk de la \u00e9poca garagera con crudo R&#038;B y envidiable hard-rock\u00bb<br \/>&#8211; Alec Palao <\/p>\n<p> \u00abSomos Wildwood&#8230;negro, oscuro&#8230;sea lo que sea, estos somos nosotros\u00bb<br \/>&#8211; Frank Colli (Wildwood) <\/p>\n<p> Tracklist:<br \/>Side 1: 1. Plastic People &#8211; 2. Swimming &#8211; 3. Mothers &#8211; 4. Choo Choo Thunder &#8211; 5. Mary Midnight<br \/>Side 2: 1. Steel Cathedrals &#8211; 2. Free Ride &#8211; 3. Probing the Secrets &#8211; 4. Mister Wild Love &#8211; 5. Gotta Keep Movin&#8217;<\/p>\n","protected":false},"excerpt":{"rendered":"<p>Duro garage hard-psicod\u00e9lico por este grupo famoso por el hit underground y punk-a-d\u00e9lico \u00abPlastic People\u00bb de 1968.  <\/p>\n<p>\u00a0<\/p>\n<p> Formados a finales de los<a class=\"read\" href=\"https:\/\/wpguerssen-test.odoo.rgbconsulting.com\/es\/producto\/plastic-people\/\"> (...)<\/a>","protected":false},"featured_media":279549,"template":"","meta":{"_acf_changed":false},"product_brand":[],"product_cat":[21639],"product_tag":[24189],"class_list":{"0":"post-279587","1":"product","2":"type-product","3":"status-publish","4":"has-post-thumbnail","6":"product_cat-psychedelic60s-70s-es","7":"product_tag-recien-llegadas","8":"pa_artist-wildwood-es","9":"pa_format-lp-es","10":"pa_gender-psychedelic60s-70s","11":"pa_label-out-sider-music-es","12":"pa_location-north-america-es","13":"pa_other-filters-vinyl-only-es","15":"first","16":"instock","17":"taxable","18":"shipping-taxable","19":"purchasable","20":"product-type-simple"},"acf":[],"yoast_head":"<!-- This site is optimized with the Yoast SEO plugin v24.9 - https:\/\/yoast.com\/wordpress\/plugins\/seo\/ -->\n<title>WILDWOOD - Plastic People -  (LP) | Guerssen<\/title>\n<meta name=\"description\" content=\"Repressed! #nl# Raw, in-your-face hard psychedelia with plenty of Vox and Hammond organ, hard guitar and powerful vocals courtesy of WILDWOOD. #nl# Formed in the late &#039;60s in Stockton, California, this powerful outfit rubbed shoulders with groups like Country Weather, Steve Miller Band or Grateful Dead and played at legendary venues such as the Fillmore and the Matrix. #nl# Featuring tracks from their two rare 45s for the Magnum label (including the punk-a-delic classic &quot;Plastic People&quot;) plus a selection of their fabulous, not released at the time studio cuts from 1968-1970, recorded at Max Weiss&#039; Fantasy Studios and originally unearthed by Frantic Records in 2012 for their 2CD Wildwood compilation. #nl# RIYL: Public Nuisance, The Doors, Music Machine, Steppenwolf, Hunger, Jungle... #nl# *Hard cardboard sleeve #nl# *Insert with rare photos and liner notes by Alec Palao #nl# *Digital download card #nl# &quot;...dark and vaguely sinister in both look and sound, Wildwood melded the fuck-you attitude of the garage era with a soulful R&amp;B streak and some enviable hard rock chops.&quot;- Alec Palao #nl# &quot;This is Wildwood, it&#039;s black, it&#039;s dark, whatever it is, it&#039;s us.&quot;- Frank Colli (Wildwood) #nl# Tracklist:Side 1: 1. Plastic People - 2. Swimming - 3. Mothers - 4. Choo Choo Thunder - 5. Mary MidnightSide 2: 1. Steel Cathedrals - 2. Free Ride - 3. Probing the Secrets - 4. Mister Wild Love - 5. Gotta Keep Movin&#039;\" \/>\n<meta name=\"robots\" content=\"index, follow, max-snippet:-1, max-image-preview:large, max-video-preview:-1\" \/>\n<link rel=\"canonical\" href=\"https:\/\/wpguerssen-test.odoo.rgbconsulting.com\/es\/producto\/plastic-people\/\" \/>\n<meta property=\"og:locale\" content=\"es_ES\" \/>\n<meta property=\"og:type\" content=\"article\" \/>\n<meta property=\"og:title\" content=\"WILDWOOD - Plastic People -  (LP) | Guerssen\" \/>\n<meta property=\"og:description\" content=\"Repressed! #nl# Raw, in-your-face hard psychedelia with plenty of Vox and Hammond organ, hard guitar and powerful vocals courtesy of WILDWOOD. #nl# Formed in the late &#039;60s in Stockton, California, this powerful outfit rubbed shoulders with groups like Country Weather, Steve Miller Band or Grateful Dead and played at legendary venues such as the Fillmore and the Matrix. #nl# Featuring tracks from their two rare 45s for the Magnum label (including the punk-a-delic classic &quot;Plastic People&quot;) plus a selection of their fabulous, not released at the time studio cuts from 1968-1970, recorded at Max Weiss&#039; Fantasy Studios and originally unearthed by Frantic Records in 2012 for their 2CD Wildwood compilation. #nl# RIYL: Public Nuisance, The Doors, Music Machine, Steppenwolf, Hunger, Jungle... #nl# *Hard cardboard sleeve #nl# *Insert with rare photos and liner notes by Alec Palao #nl# *Digital download card #nl# &quot;...dark and vaguely sinister in both look and sound, Wildwood melded the fuck-you attitude of the garage era with a soulful R&amp;B streak and some enviable hard rock chops.&quot;- Alec Palao #nl# &quot;This is Wildwood, it&#039;s black, it&#039;s dark, whatever it is, it&#039;s us.&quot;- Frank Colli (Wildwood) #nl# Tracklist:Side 1: 1. Plastic People - 2. Swimming - 3. Mothers - 4. Choo Choo Thunder - 5. Mary MidnightSide 2: 1. Steel Cathedrals - 2. Free Ride - 3. Probing the Secrets - 4. Mister Wild Love - 5. Gotta Keep Movin&#039;\" \/>\n<meta property=\"og:url\" content=\"https:\/\/wpguerssen-test.odoo.rgbconsulting.com\/es\/producto\/plastic-people\/\" \/>\n<meta property=\"og:site_name\" content=\"Guerssen records\" \/>\n<meta property=\"article:modified_time\" content=\"2025-04-25T11:54:39+00:00\" \/>\n<meta property=\"og:image\" content=\"https:\/\/wpguerssen-test.odoo.rgbconsulting.com\/wp-content\/uploads\/2024\/11\/47523-1024x1024.jpg\" \/>\n\t<meta property=\"og:image:width\" content=\"1024\" \/>\n\t<meta property=\"og:image:height\" content=\"1024\" \/>\n\t<meta property=\"og:image:type\" content=\"image\/jpeg\" \/>\n<meta name=\"twitter:card\" content=\"summary_large_image\" \/>\n<meta name=\"twitter:title\" content=\"WILDWOOD - Plastic People -  (LP) | Guerssen\" \/>\n<meta name=\"twitter:label1\" content=\"Tiempo de lectura\" \/>\n\t<meta name=\"twitter:data1\" content=\"1 minuto\" \/>\n<script type=\"application\/ld+json\" class=\"yoast-schema-graph\">{\"@context\":\"https:\/\/schema.org\",\"@graph\":[{\"@type\":\"WebPage\",\"@id\":\"https:\/\/wpguerssen-test.odoo.rgbconsulting.com\/es\/producto\/plastic-people\/\",\"url\":\"https:\/\/wpguerssen-test.odoo.rgbconsulting.com\/es\/producto\/plastic-people\/\",\"name\":\"WILDWOOD - Plastic People - (LP) | Guerssen\",\"isPartOf\":{\"@id\":\"https:\/\/wpguerssen-test.odoo.rgbconsulting.com\/es\/#website\"},\"primaryImageOfPage\":{\"@id\":\"https:\/\/wpguerssen-test.odoo.rgbconsulting.com\/es\/producto\/plastic-people\/#primaryimage\"},\"image\":{\"@id\":\"https:\/\/wpguerssen-test.odoo.rgbconsulting.com\/es\/producto\/plastic-people\/#primaryimage\"},\"thumbnailUrl\":\"https:\/\/wpguerssen-test.odoo.rgbconsulting.com\/wp-content\/uploads\/2024\/11\/47523.jpg\",\"datePublished\":\"2025-01-16T23:00:00+00:00\",\"dateModified\":\"2025-04-25T11:54:39+00:00\",\"description\":\"Repressed! #nl# Raw, in-your-face hard psychedelia with plenty of Vox and Hammond organ, hard guitar and powerful vocals courtesy of WILDWOOD. #nl# Formed in the late '60s in Stockton, California, this powerful outfit rubbed shoulders with groups like Country Weather, Steve Miller Band or Grateful Dead and played at legendary venues such as the Fillmore and the Matrix. #nl# Featuring tracks from their two rare 45s for the Magnum label (including the punk-a-delic classic \\\"Plastic People\\\") plus a selection of their fabulous, not released at the time studio cuts from 1968-1970, recorded at Max Weiss' Fantasy Studios and originally unearthed by Frantic Records in 2012 for their 2CD Wildwood compilation. #nl# RIYL: Public Nuisance, The Doors, Music Machine, Steppenwolf, Hunger, Jungle... #nl# *Hard cardboard sleeve #nl# *Insert with rare photos and liner notes by Alec Palao #nl# *Digital download card #nl# \\\"...dark and vaguely sinister in both look and sound, Wildwood melded the fuck-you attitude of the garage era with a soulful R&B streak and some enviable hard rock chops.\\\"- Alec Palao #nl# \\\"This is Wildwood, it's black, it's dark, whatever it is, it's us.\\\"- Frank Colli (Wildwood) #nl# Tracklist:Side 1: 1. Plastic People - 2. Swimming - 3. Mothers - 4. Choo Choo Thunder - 5. Mary MidnightSide 2: 1. Steel Cathedrals - 2. Free Ride - 3. Probing the Secrets - 4. Mister Wild Love - 5. Gotta Keep Movin'\",\"breadcrumb\":{\"@id\":\"https:\/\/wpguerssen-test.odoo.rgbconsulting.com\/es\/producto\/plastic-people\/#breadcrumb\"},\"inLanguage\":\"es\",\"potentialAction\":[{\"@type\":\"ReadAction\",\"target\":[\"https:\/\/wpguerssen-test.odoo.rgbconsulting.com\/es\/producto\/plastic-people\/\"]}]},{\"@type\":\"ImageObject\",\"inLanguage\":\"es\",\"@id\":\"https:\/\/wpguerssen-test.odoo.rgbconsulting.com\/es\/producto\/plastic-people\/#primaryimage\",\"url\":\"https:\/\/wpguerssen-test.odoo.rgbconsulting.com\/wp-content\/uploads\/2024\/11\/47523.jpg\",\"contentUrl\":\"https:\/\/wpguerssen-test.odoo.rgbconsulting.com\/wp-content\/uploads\/2024\/11\/47523.jpg\",\"width\":1400,\"height\":1400},{\"@type\":\"BreadcrumbList\",\"@id\":\"https:\/\/wpguerssen-test.odoo.rgbconsulting.com\/es\/producto\/plastic-people\/#breadcrumb\",\"itemListElement\":[{\"@type\":\"ListItem\",\"position\":1,\"name\":\"Inicio\",\"item\":\"https:\/\/wpguerssen-test.odoo.rgbconsulting.com\/es\/\"},{\"@type\":\"ListItem\",\"position\":2,\"name\":\"Shop\",\"item\":\"https:\/\/wpguerssen-test.odoo.rgbconsulting.com\/shop\/\"},{\"@type\":\"ListItem\",\"position\":3,\"name\":\"Plastic People\"}]},{\"@type\":\"WebSite\",\"@id\":\"https:\/\/wpguerssen-test.odoo.rgbconsulting.com\/es\/#website\",\"url\":\"https:\/\/wpguerssen-test.odoo.rgbconsulting.com\/es\/\",\"name\":\"Guerssen records\",\"description\":\"psychedelia - progressive - folk - garage \",\"publisher\":{\"@id\":\"https:\/\/wpguerssen-test.odoo.rgbconsulting.com\/es\/#organization\"},\"potentialAction\":[{\"@type\":\"SearchAction\",\"target\":{\"@type\":\"EntryPoint\",\"urlTemplate\":\"https:\/\/wpguerssen-test.odoo.rgbconsulting.com\/es\/?s={search_term_string}\"},\"query-input\":{\"@type\":\"PropertyValueSpecification\",\"valueRequired\":true,\"valueName\":\"search_term_string\"}}],\"inLanguage\":\"es\"},{\"@type\":\"Organization\",\"@id\":\"https:\/\/wpguerssen-test.odoo.rgbconsulting.com\/es\/#organization\",\"name\":\"Guerssen records\",\"url\":\"https:\/\/wpguerssen-test.odoo.rgbconsulting.com\/es\/\",\"logo\":{\"@type\":\"ImageObject\",\"inLanguage\":\"es\",\"@id\":\"https:\/\/wpguerssen-test.odoo.rgbconsulting.com\/es\/#\/schema\/logo\/image\/\",\"url\":\"https:\/\/wpguerssen-test.odoo.rgbconsulting.com\/wp-content\/uploads\/2022\/04\/Logo_Guerssen_trans_100.png\",\"contentUrl\":\"https:\/\/wpguerssen-test.odoo.rgbconsulting.com\/wp-content\/uploads\/2022\/04\/Logo_Guerssen_trans_100.png\",\"width\":122,\"height\":100,\"caption\":\"Guerssen records\"},\"image\":{\"@id\":\"https:\/\/wpguerssen-test.odoo.rgbconsulting.com\/es\/#\/schema\/logo\/image\/\"}}]}<\/script>\n<!-- \/ Yoast SEO plugin. -->","yoast_head_json":{"title":"WILDWOOD - Plastic People -  (LP) | Guerssen","description":"Repressed! #nl# Raw, in-your-face hard psychedelia with plenty of Vox and Hammond organ, hard guitar and powerful vocals courtesy of WILDWOOD. #nl# Formed in the late '60s in Stockton, California, this powerful outfit rubbed shoulders with groups like Country Weather, Steve Miller Band or Grateful Dead and played at legendary venues such as the Fillmore and the Matrix. #nl# Featuring tracks from their two rare 45s for the Magnum label (including the punk-a-delic classic \"Plastic People\") plus a selection of their fabulous, not released at the time studio cuts from 1968-1970, recorded at Max Weiss' Fantasy Studios and originally unearthed by Frantic Records in 2012 for their 2CD Wildwood compilation. #nl# RIYL: Public Nuisance, The Doors, Music Machine, Steppenwolf, Hunger, Jungle... #nl# *Hard cardboard sleeve #nl# *Insert with rare photos and liner notes by Alec Palao #nl# *Digital download card #nl# \"...dark and vaguely sinister in both look and sound, Wildwood melded the fuck-you attitude of the garage era with a soulful R&B streak and some enviable hard rock chops.\"- Alec Palao #nl# \"This is Wildwood, it's black, it's dark, whatever it is, it's us.\"- Frank Colli (Wildwood) #nl# Tracklist:Side 1: 1. Plastic People - 2. Swimming - 3. Mothers - 4. Choo Choo Thunder - 5. Mary MidnightSide 2: 1. Steel Cathedrals - 2. Free Ride - 3. Probing the Secrets - 4. Mister Wild Love - 5. Gotta Keep Movin'","robots":{"index":"index","follow":"follow","max-snippet":"max-snippet:-1","max-image-preview":"max-image-preview:large","max-video-preview":"max-video-preview:-1"},"canonical":"https:\/\/wpguerssen-test.odoo.rgbconsulting.com\/es\/producto\/plastic-people\/","og_locale":"es_ES","og_type":"article","og_title":"WILDWOOD - Plastic People -  (LP) | Guerssen","og_description":"Repressed! #nl# Raw, in-your-face hard psychedelia with plenty of Vox and Hammond organ, hard guitar and powerful vocals courtesy of WILDWOOD. #nl# Formed in the late '60s in Stockton, California, this powerful outfit rubbed shoulders with groups like Country Weather, Steve Miller Band or Grateful Dead and played at legendary venues such as the Fillmore and the Matrix. #nl# Featuring tracks from their two rare 45s for the Magnum label (including the punk-a-delic classic \"Plastic People\") plus a selection of their fabulous, not released at the time studio cuts from 1968-1970, recorded at Max Weiss' Fantasy Studios and originally unearthed by Frantic Records in 2012 for their 2CD Wildwood compilation. #nl# RIYL: Public Nuisance, The Doors, Music Machine, Steppenwolf, Hunger, Jungle... #nl# *Hard cardboard sleeve #nl# *Insert with rare photos and liner notes by Alec Palao #nl# *Digital download card #nl# \"...dark and vaguely sinister in both look and sound, Wildwood melded the fuck-you attitude of the garage era with a soulful R&B streak and some enviable hard rock chops.\"- Alec Palao #nl# \"This is Wildwood, it's black, it's dark, whatever it is, it's us.\"- Frank Colli (Wildwood) #nl# Tracklist:Side 1: 1. Plastic People - 2. Swimming - 3. Mothers - 4. Choo Choo Thunder - 5. Mary MidnightSide 2: 1. Steel Cathedrals - 2. Free Ride - 3. Probing the Secrets - 4. Mister Wild Love - 5. Gotta Keep Movin'","og_url":"https:\/\/wpguerssen-test.odoo.rgbconsulting.com\/es\/producto\/plastic-people\/","og_site_name":"Guerssen records","article_modified_time":"2025-04-25T11:54:39+00:00","og_image":[{"width":1024,"height":1024,"url":"https:\/\/wpguerssen-test.odoo.rgbconsulting.com\/wp-content\/uploads\/2024\/11\/47523-1024x1024.jpg","type":"image\/jpeg"}],"twitter_card":"summary_large_image","twitter_title":"WILDWOOD - Plastic People -  (LP) | Guerssen","twitter_misc":{"Tiempo de lectura":"1 minuto"},"schema":{"@context":"https:\/\/schema.org","@graph":[{"@type":"WebPage","@id":"https:\/\/wpguerssen-test.odoo.rgbconsulting.com\/es\/producto\/plastic-people\/","url":"https:\/\/wpguerssen-test.odoo.rgbconsulting.com\/es\/producto\/plastic-people\/","name":"WILDWOOD - Plastic People - (LP) | Guerssen","isPartOf":{"@id":"https:\/\/wpguerssen-test.odoo.rgbconsulting.com\/es\/#website"},"primaryImageOfPage":{"@id":"https:\/\/wpguerssen-test.odoo.rgbconsulting.com\/es\/producto\/plastic-people\/#primaryimage"},"image":{"@id":"https:\/\/wpguerssen-test.odoo.rgbconsulting.com\/es\/producto\/plastic-people\/#primaryimage"},"thumbnailUrl":"https:\/\/wpguerssen-test.odoo.rgbconsulting.com\/wp-content\/uploads\/2024\/11\/47523.jpg","datePublished":"2025-01-16T23:00:00+00:00","dateModified":"2025-04-25T11:54:39+00:00","description":"Repressed! #nl# Raw, in-your-face hard psychedelia with plenty of Vox and Hammond organ, hard guitar and powerful vocals courtesy of WILDWOOD. #nl# Formed in the late '60s in Stockton, California, this powerful outfit rubbed shoulders with groups like Country Weather, Steve Miller Band or Grateful Dead and played at legendary venues such as the Fillmore and the Matrix. #nl# Featuring tracks from their two rare 45s for the Magnum label (including the punk-a-delic classic \"Plastic People\") plus a selection of their fabulous, not released at the time studio cuts from 1968-1970, recorded at Max Weiss' Fantasy Studios and originally unearthed by Frantic Records in 2012 for their 2CD Wildwood compilation. #nl# RIYL: Public Nuisance, The Doors, Music Machine, Steppenwolf, Hunger, Jungle... #nl# *Hard cardboard sleeve #nl# *Insert with rare photos and liner notes by Alec Palao #nl# *Digital download card #nl# \"...dark and vaguely sinister in both look and sound, Wildwood melded the fuck-you attitude of the garage era with a soulful R&B streak and some enviable hard rock chops.\"- Alec Palao #nl# \"This is Wildwood, it's black, it's dark, whatever it is, it's us.\"- Frank Colli (Wildwood) #nl# Tracklist:Side 1: 1. Plastic People - 2. Swimming - 3. Mothers - 4. Choo Choo Thunder - 5. Mary MidnightSide 2: 1. Steel Cathedrals - 2. Free Ride - 3. Probing the Secrets - 4. Mister Wild Love - 5. Gotta Keep Movin'","breadcrumb":{"@id":"https:\/\/wpguerssen-test.odoo.rgbconsulting.com\/es\/producto\/plastic-people\/#breadcrumb"},"inLanguage":"es","potentialAction":[{"@type":"ReadAction","target":["https:\/\/wpguerssen-test.odoo.rgbconsulting.com\/es\/producto\/plastic-people\/"]}]},{"@type":"ImageObject","inLanguage":"es","@id":"https:\/\/wpguerssen-test.odoo.rgbconsulting.com\/es\/producto\/plastic-people\/#primaryimage","url":"https:\/\/wpguerssen-test.odoo.rgbconsulting.com\/wp-content\/uploads\/2024\/11\/47523.jpg","contentUrl":"https:\/\/wpguerssen-test.odoo.rgbconsulting.com\/wp-content\/uploads\/2024\/11\/47523.jpg","width":1400,"height":1400},{"@type":"BreadcrumbList","@id":"https:\/\/wpguerssen-test.odoo.rgbconsulting.com\/es\/producto\/plastic-people\/#breadcrumb","itemListElement":[{"@type":"ListItem","position":1,"name":"Inicio","item":"https:\/\/wpguerssen-test.odoo.rgbconsulting.com\/es\/"},{"@type":"ListItem","position":2,"name":"Shop","item":"https:\/\/wpguerssen-test.odoo.rgbconsulting.com\/shop\/"},{"@type":"ListItem","position":3,"name":"Plastic People"}]},{"@type":"WebSite","@id":"https:\/\/wpguerssen-test.odoo.rgbconsulting.com\/es\/#website","url":"https:\/\/wpguerssen-test.odoo.rgbconsulting.com\/es\/","name":"Guerssen records","description":"psychedelia - progressive - folk - garage ","publisher":{"@id":"https:\/\/wpguerssen-test.odoo.rgbconsulting.com\/es\/#organization"},"potentialAction":[{"@type":"SearchAction","target":{"@type":"EntryPoint","urlTemplate":"https:\/\/wpguerssen-test.odoo.rgbconsulting.com\/es\/?s={search_term_string}"},"query-input":{"@type":"PropertyValueSpecification","valueRequired":true,"valueName":"search_term_string"}}],"inLanguage":"es"},{"@type":"Organization","@id":"https:\/\/wpguerssen-test.odoo.rgbconsulting.com\/es\/#organization","name":"Guerssen records","url":"https:\/\/wpguerssen-test.odoo.rgbconsulting.com\/es\/","logo":{"@type":"ImageObject","inLanguage":"es","@id":"https:\/\/wpguerssen-test.odoo.rgbconsulting.com\/es\/#\/schema\/logo\/image\/","url":"https:\/\/wpguerssen-test.odoo.rgbconsulting.com\/wp-content\/uploads\/2022\/04\/Logo_Guerssen_trans_100.png","contentUrl":"https:\/\/wpguerssen-test.odoo.rgbconsulting.com\/wp-content\/uploads\/2022\/04\/Logo_Guerssen_trans_100.png","width":122,"height":100,"caption":"Guerssen records"},"image":{"@id":"https:\/\/wpguerssen-test.odoo.rgbconsulting.com\/es\/#\/schema\/logo\/image\/"}}]}},"_links":{"self":[{"href":"https:\/\/wpguerssen-test.odoo.rgbconsulting.com\/es\/wp-json\/wp\/v2\/product\/279587","targetHints":{"allow":["GET"]}}],"collection":[{"href":"https:\/\/wpguerssen-test.odoo.rgbconsulting.com\/es\/wp-json\/wp\/v2\/product"}],"about":[{"href":"https:\/\/wpguerssen-test.odoo.rgbconsulting.com\/es\/wp-json\/wp\/v2\/types\/product"}],"wp:featuredmedia":[{"embeddable":true,"href":"https:\/\/wpguerssen-test.odoo.rgbconsulting.com\/es\/wp-json\/wp\/v2\/media\/279549"}],"wp:attachment":[{"href":"https:\/\/wpguerssen-test.odoo.rgbconsulting.com\/es\/wp-json\/wp\/v2\/media?parent=279587"}],"wp:term":[{"taxonomy":"product_brand","embeddable":true,"href":"https:\/\/wpguerssen-test.odoo.rgbconsulting.com\/es\/wp-json\/wp\/v2\/product_brand?post=279587"},{"taxonomy":"product_cat","embeddable":true,"href":"https:\/\/wpguerssen-test.odoo.rgbconsulting.com\/es\/wp-json\/wp\/v2\/product_cat?post=279587"},{"taxonomy":"product_tag","embeddable":true,"href":"https:\/\/wpguerssen-test.odoo.rgbconsulting.com\/es\/wp-json\/wp\/v2\/product_tag?post=279587"}],"curies":[{"name":"wp","href":"https:\/\/api.w.org\/{rel}","templated":true}]}}