{"id":279589,"date":"2025-01-17T00:00:00","date_gmt":"2025-01-16T23:00:00","guid":{"rendered":"https:\/\/wpguerssen-test.odoo.rgbconsulting.com\/?post_type=product&#038;p=279589"},"modified":"2025-04-24T17:20:28","modified_gmt":"2025-04-24T15:20:28","slug":"the-return-of-captain-speed","status":"publish","type":"product","link":"https:\/\/wpguerssen-test.odoo.rgbconsulting.com\/es\/producto\/the-return-of-captain-speed\/","title":{"rendered":"The Return Of Captain Speed"},"content":{"rendered":"<p>Originalmente conocidos como Captain Speed, Turquoise fueron un grupo psicod\u00e9lico procedente de California que fueron apadrinados por el pionero promotor de conciertos Jim Salzer (Doors, Seeds, Yardbirds&#8230;), due\u00f1o tambi\u00e9n de la tienda de discos Arcade. <\/p>\n<p> El sonido del grupo era 100% psicod\u00e9lico con prominente y barroco \u00f3rgano, guitarras fuzz y las lis\u00e9rgicas letras del cantante Tim Pearson, una especia de poeta maldito a lo Jim Morrison. <\/p>\n<p> Turquoise compartieron escenario con grandes nombres como Grateful Dead, The Doors, Jefferson Airplane, Country Joe &#038; the Fish, The Seeds, The Strawberry Alarm Clock, Jimi Hendrix y muchos otros&#8230; <\/p>\n<p> Entre 1967 y 1968 grabaron dos singles para el sello de Jim Salzer, Arcade, junto a m\u00e1s canciones para un LP que nunca sali\u00f3&#8230;hasta ahora! <\/p>\n<p> Recomendado si te gustan: DOORS, STRAWBERRY ALARM CLOCK, COUNTRY JOE &#038; THE FISH, LOVE, IRON BUTTERFLY&#8230; <\/p>\n<p> *Con el teclista Bill Payne, miembro fundador de Little Feat<br \/>*Remasterizado de las cintas originales por Alec Palao<br \/>*Se incluyen sus dos raros singles junto a material in\u00e9dito, 1967-68<br \/>*Insert con notas por Gray Newell (Ugly Things \/ Shindig!) y fotos \/ memorabilia<br \/>*Cup\u00f3n de descarga <\/p>\n<p> Tracklist:<br \/>Side 1: 1.Steel Glass &#8211; 2. Sunflower Mama &#8211; 3. Dangerfield &#8211; 4. Soft Machine &#8211; 5. Pop Festival &#8211; 6. It&#8217;s a Drag <br \/>Side 2: 1. Hello Bill &#8211; 2. Beautiful Death Dealer &#8211; 3. My Brother &#8211; 4. Rally Round the Flag &#8211; 5. Plastic Sammy Rides Again &#8211; 6. Hello Bill (alternate mix)<\/p>\n","protected":false},"excerpt":{"rendered":"<p>Originalmente conocidos como Captain Speed, Turquoise fueron un grupo psicod\u00e9lico procedente de California que fueron apadrinados por el pionero promotor de conciertos<a class=\"read\" href=\"https:\/\/wpguerssen-test.odoo.rgbconsulting.com\/es\/producto\/the-return-of-captain-speed\/\"> (...)<\/a>","protected":false},"featured_media":279559,"template":"","meta":{"_acf_changed":false},"product_brand":[],"product_cat":[23281,21639],"product_tag":[24189],"class_list":{"0":"post-279589","1":"product","2":"type-product","3":"status-publish","4":"has-post-thumbnail","6":"product_cat-garagebeatrnb60-70-es","7":"product_cat-psychedelic60s-70s-es","8":"product_tag-recien-llegadas","9":"pa_artist-turquoise-es","10":"pa_format-lp-es","11":"pa_gender-psychedelic60s-70s-garagebeatrnb60-70","12":"pa_label-out-sider-music-es","13":"pa_location-north-america-es","14":"pa_other-filters-vinyl-only-es","16":"first","17":"instock","18":"taxable","19":"shipping-taxable","20":"purchasable","21":"product-type-simple"},"acf":[],"yoast_head":"<!-- This site is optimized with the Yoast SEO plugin v24.9 - https:\/\/yoast.com\/wordpress\/plugins\/seo\/ -->\n<title>TURQUOISE - The Return Of Captain Speed -  (LP) | Guerssen<\/title>\n<meta name=\"description\" content=\"Originally known as Captain Speed, Turquoise was a psychedelic rock band from Southern California who were managed by pioneering Tri-counties concert promoter Jim Salzer, who also operated the legendary Arcade Record Shop. #nl# Their sound was 100% psychedelic with swirling baroque organ, trippy guitar fills and driving percussion, all topped off by front man and Jim Morrison&#039;s lookalike Tim Pearson&#039;s lysergic lyrics. #nl# Turquoise shared stage with big names like Grateful Dead, The Doors, Jefferson Airplane, Country Joe &amp; the Fish, The Seeds, The Strawberry Alarm Clock, Jimi Hendrix, and many others. #nl# During 1967-68, they recorded two 45s for Jim Salzer&#039;s Arcade label and they also laid down material for a planned LP that was never released...until now. #nl# RIYL: DOORS, STRAWBERRY ALARM CLOCK, COUNTRY JOE &amp; THE FISH, LOVE, IRON BUTTERFLY... #nl# *Featuring keyboard player Bill Payne, who later went on be a founding member of Little Feat*Remastered from the original master tapes by Alec Palao*Including their two rare 45s plus eight previously unreleased tracks, 1967-68*Insert with liner notes by Gray Newell (Ugly Things \/ Shindig!) and rare photos \/ memorabilia*Download card #nl# Tracklist:Side 1: 1.Steel Glass - 2. Sunflower Mama - 3. Dangerfield - 4. Soft Machine - 5. Pop Festival - 6. It&#039;s a Drag Side 2: 1. Hello Bill - 2. Beautiful Death Dealer - 3. My Brother - 4. Rally Round the Flag - 5. Plastic Sammy Rides Again - 6. Hello Bill (alternate mix)\" \/>\n<meta name=\"robots\" content=\"index, follow, max-snippet:-1, max-image-preview:large, max-video-preview:-1\" \/>\n<link rel=\"canonical\" href=\"https:\/\/wpguerssen-test.odoo.rgbconsulting.com\/es\/producto\/the-return-of-captain-speed\/\" \/>\n<meta property=\"og:locale\" content=\"es_ES\" \/>\n<meta property=\"og:type\" content=\"article\" \/>\n<meta property=\"og:title\" content=\"TURQUOISE - The Return Of Captain Speed -  (LP) | Guerssen\" \/>\n<meta property=\"og:description\" content=\"Originally known as Captain Speed, Turquoise was a psychedelic rock band from Southern California who were managed by pioneering Tri-counties concert promoter Jim Salzer, who also operated the legendary Arcade Record Shop. #nl# Their sound was 100% psychedelic with swirling baroque organ, trippy guitar fills and driving percussion, all topped off by front man and Jim Morrison&#039;s lookalike Tim Pearson&#039;s lysergic lyrics. #nl# Turquoise shared stage with big names like Grateful Dead, The Doors, Jefferson Airplane, Country Joe &amp; the Fish, The Seeds, The Strawberry Alarm Clock, Jimi Hendrix, and many others. #nl# During 1967-68, they recorded two 45s for Jim Salzer&#039;s Arcade label and they also laid down material for a planned LP that was never released...until now. #nl# RIYL: DOORS, STRAWBERRY ALARM CLOCK, COUNTRY JOE &amp; THE FISH, LOVE, IRON BUTTERFLY... #nl# *Featuring keyboard player Bill Payne, who later went on be a founding member of Little Feat*Remastered from the original master tapes by Alec Palao*Including their two rare 45s plus eight previously unreleased tracks, 1967-68*Insert with liner notes by Gray Newell (Ugly Things \/ Shindig!) and rare photos \/ memorabilia*Download card #nl# Tracklist:Side 1: 1.Steel Glass - 2. Sunflower Mama - 3. Dangerfield - 4. Soft Machine - 5. Pop Festival - 6. It&#039;s a Drag Side 2: 1. Hello Bill - 2. Beautiful Death Dealer - 3. My Brother - 4. Rally Round the Flag - 5. Plastic Sammy Rides Again - 6. Hello Bill (alternate mix)\" \/>\n<meta property=\"og:url\" content=\"https:\/\/wpguerssen-test.odoo.rgbconsulting.com\/es\/producto\/the-return-of-captain-speed\/\" \/>\n<meta property=\"og:site_name\" content=\"Guerssen records\" \/>\n<meta property=\"article:modified_time\" content=\"2025-04-24T15:20:28+00:00\" \/>\n<meta property=\"og:image\" content=\"https:\/\/wpguerssen-test.odoo.rgbconsulting.com\/wp-content\/uploads\/2024\/11\/48747.jpg\" \/>\n\t<meta property=\"og:image:width\" content=\"1400\" \/>\n\t<meta property=\"og:image:height\" content=\"1400\" \/>\n\t<meta property=\"og:image:type\" content=\"image\/jpeg\" \/>\n<meta name=\"twitter:card\" content=\"summary_large_image\" \/>\n<meta name=\"twitter:title\" content=\"TURQUOISE - The Return Of Captain Speed -  (LP) | Guerssen\" \/>\n<meta name=\"twitter:label1\" content=\"Tiempo de lectura\" \/>\n\t<meta name=\"twitter:data1\" content=\"1 minuto\" \/>\n<script type=\"application\/ld+json\" class=\"yoast-schema-graph\">{\"@context\":\"https:\/\/schema.org\",\"@graph\":[{\"@type\":\"WebPage\",\"@id\":\"https:\/\/wpguerssen-test.odoo.rgbconsulting.com\/es\/producto\/the-return-of-captain-speed\/\",\"url\":\"https:\/\/wpguerssen-test.odoo.rgbconsulting.com\/es\/producto\/the-return-of-captain-speed\/\",\"name\":\"TURQUOISE - The Return Of Captain Speed - (LP) | Guerssen\",\"isPartOf\":{\"@id\":\"https:\/\/wpguerssen-test.odoo.rgbconsulting.com\/es\/#website\"},\"primaryImageOfPage\":{\"@id\":\"https:\/\/wpguerssen-test.odoo.rgbconsulting.com\/es\/producto\/the-return-of-captain-speed\/#primaryimage\"},\"image\":{\"@id\":\"https:\/\/wpguerssen-test.odoo.rgbconsulting.com\/es\/producto\/the-return-of-captain-speed\/#primaryimage\"},\"thumbnailUrl\":\"https:\/\/wpguerssen-test.odoo.rgbconsulting.com\/wp-content\/uploads\/2024\/11\/48747.jpg\",\"datePublished\":\"2025-01-16T23:00:00+00:00\",\"dateModified\":\"2025-04-24T15:20:28+00:00\",\"description\":\"Originally known as Captain Speed, Turquoise was a psychedelic rock band from Southern California who were managed by pioneering Tri-counties concert promoter Jim Salzer, who also operated the legendary Arcade Record Shop. #nl# Their sound was 100% psychedelic with swirling baroque organ, trippy guitar fills and driving percussion, all topped off by front man and Jim Morrison's lookalike Tim Pearson's lysergic lyrics. #nl# Turquoise shared stage with big names like Grateful Dead, The Doors, Jefferson Airplane, Country Joe & the Fish, The Seeds, The Strawberry Alarm Clock, Jimi Hendrix, and many others. #nl# During 1967-68, they recorded two 45s for Jim Salzer's Arcade label and they also laid down material for a planned LP that was never released...until now. #nl# RIYL: DOORS, STRAWBERRY ALARM CLOCK, COUNTRY JOE & THE FISH, LOVE, IRON BUTTERFLY... #nl# *Featuring keyboard player Bill Payne, who later went on be a founding member of Little Feat*Remastered from the original master tapes by Alec Palao*Including their two rare 45s plus eight previously unreleased tracks, 1967-68*Insert with liner notes by Gray Newell (Ugly Things \/ Shindig!) and rare photos \/ memorabilia*Download card #nl# Tracklist:Side 1: 1.Steel Glass - 2. Sunflower Mama - 3. Dangerfield - 4. Soft Machine - 5. Pop Festival - 6. It's a Drag Side 2: 1. Hello Bill - 2. Beautiful Death Dealer - 3. My Brother - 4. Rally Round the Flag - 5. Plastic Sammy Rides Again - 6. Hello Bill (alternate mix)\",\"breadcrumb\":{\"@id\":\"https:\/\/wpguerssen-test.odoo.rgbconsulting.com\/es\/producto\/the-return-of-captain-speed\/#breadcrumb\"},\"inLanguage\":\"es\",\"potentialAction\":[{\"@type\":\"ReadAction\",\"target\":[\"https:\/\/wpguerssen-test.odoo.rgbconsulting.com\/es\/producto\/the-return-of-captain-speed\/\"]}]},{\"@type\":\"ImageObject\",\"inLanguage\":\"es\",\"@id\":\"https:\/\/wpguerssen-test.odoo.rgbconsulting.com\/es\/producto\/the-return-of-captain-speed\/#primaryimage\",\"url\":\"https:\/\/wpguerssen-test.odoo.rgbconsulting.com\/wp-content\/uploads\/2024\/11\/48747.jpg\",\"contentUrl\":\"https:\/\/wpguerssen-test.odoo.rgbconsulting.com\/wp-content\/uploads\/2024\/11\/48747.jpg\",\"width\":1400,\"height\":1400},{\"@type\":\"BreadcrumbList\",\"@id\":\"https:\/\/wpguerssen-test.odoo.rgbconsulting.com\/es\/producto\/the-return-of-captain-speed\/#breadcrumb\",\"itemListElement\":[{\"@type\":\"ListItem\",\"position\":1,\"name\":\"Inicio\",\"item\":\"https:\/\/wpguerssen-test.odoo.rgbconsulting.com\/es\/\"},{\"@type\":\"ListItem\",\"position\":2,\"name\":\"Shop\",\"item\":\"https:\/\/wpguerssen-test.odoo.rgbconsulting.com\/shop\/\"},{\"@type\":\"ListItem\",\"position\":3,\"name\":\"The Return Of Captain Speed\"}]},{\"@type\":\"WebSite\",\"@id\":\"https:\/\/wpguerssen-test.odoo.rgbconsulting.com\/es\/#website\",\"url\":\"https:\/\/wpguerssen-test.odoo.rgbconsulting.com\/es\/\",\"name\":\"Guerssen records\",\"description\":\"psychedelia - progressive - folk - garage \",\"publisher\":{\"@id\":\"https:\/\/wpguerssen-test.odoo.rgbconsulting.com\/es\/#organization\"},\"potentialAction\":[{\"@type\":\"SearchAction\",\"target\":{\"@type\":\"EntryPoint\",\"urlTemplate\":\"https:\/\/wpguerssen-test.odoo.rgbconsulting.com\/es\/?s={search_term_string}\"},\"query-input\":{\"@type\":\"PropertyValueSpecification\",\"valueRequired\":true,\"valueName\":\"search_term_string\"}}],\"inLanguage\":\"es\"},{\"@type\":\"Organization\",\"@id\":\"https:\/\/wpguerssen-test.odoo.rgbconsulting.com\/es\/#organization\",\"name\":\"Guerssen records\",\"url\":\"https:\/\/wpguerssen-test.odoo.rgbconsulting.com\/es\/\",\"logo\":{\"@type\":\"ImageObject\",\"inLanguage\":\"es\",\"@id\":\"https:\/\/wpguerssen-test.odoo.rgbconsulting.com\/es\/#\/schema\/logo\/image\/\",\"url\":\"https:\/\/wpguerssen-test.odoo.rgbconsulting.com\/wp-content\/uploads\/2022\/04\/Logo_Guerssen_trans_100.png\",\"contentUrl\":\"https:\/\/wpguerssen-test.odoo.rgbconsulting.com\/wp-content\/uploads\/2022\/04\/Logo_Guerssen_trans_100.png\",\"width\":122,\"height\":100,\"caption\":\"Guerssen records\"},\"image\":{\"@id\":\"https:\/\/wpguerssen-test.odoo.rgbconsulting.com\/es\/#\/schema\/logo\/image\/\"}}]}<\/script>\n<!-- \/ Yoast SEO plugin. -->","yoast_head_json":{"title":"TURQUOISE - The Return Of Captain Speed -  (LP) | Guerssen","description":"Originally known as Captain Speed, Turquoise was a psychedelic rock band from Southern California who were managed by pioneering Tri-counties concert promoter Jim Salzer, who also operated the legendary Arcade Record Shop. #nl# Their sound was 100% psychedelic with swirling baroque organ, trippy guitar fills and driving percussion, all topped off by front man and Jim Morrison's lookalike Tim Pearson's lysergic lyrics. #nl# Turquoise shared stage with big names like Grateful Dead, The Doors, Jefferson Airplane, Country Joe & the Fish, The Seeds, The Strawberry Alarm Clock, Jimi Hendrix, and many others. #nl# During 1967-68, they recorded two 45s for Jim Salzer's Arcade label and they also laid down material for a planned LP that was never released...until now. #nl# RIYL: DOORS, STRAWBERRY ALARM CLOCK, COUNTRY JOE & THE FISH, LOVE, IRON BUTTERFLY... #nl# *Featuring keyboard player Bill Payne, who later went on be a founding member of Little Feat*Remastered from the original master tapes by Alec Palao*Including their two rare 45s plus eight previously unreleased tracks, 1967-68*Insert with liner notes by Gray Newell (Ugly Things \/ Shindig!) and rare photos \/ memorabilia*Download card #nl# Tracklist:Side 1: 1.Steel Glass - 2. Sunflower Mama - 3. Dangerfield - 4. Soft Machine - 5. Pop Festival - 6. It's a Drag Side 2: 1. Hello Bill - 2. Beautiful Death Dealer - 3. My Brother - 4. Rally Round the Flag - 5. Plastic Sammy Rides Again - 6. Hello Bill (alternate mix)","robots":{"index":"index","follow":"follow","max-snippet":"max-snippet:-1","max-image-preview":"max-image-preview:large","max-video-preview":"max-video-preview:-1"},"canonical":"https:\/\/wpguerssen-test.odoo.rgbconsulting.com\/es\/producto\/the-return-of-captain-speed\/","og_locale":"es_ES","og_type":"article","og_title":"TURQUOISE - The Return Of Captain Speed -  (LP) | Guerssen","og_description":"Originally known as Captain Speed, Turquoise was a psychedelic rock band from Southern California who were managed by pioneering Tri-counties concert promoter Jim Salzer, who also operated the legendary Arcade Record Shop. #nl# Their sound was 100% psychedelic with swirling baroque organ, trippy guitar fills and driving percussion, all topped off by front man and Jim Morrison's lookalike Tim Pearson's lysergic lyrics. #nl# Turquoise shared stage with big names like Grateful Dead, The Doors, Jefferson Airplane, Country Joe & the Fish, The Seeds, The Strawberry Alarm Clock, Jimi Hendrix, and many others. #nl# During 1967-68, they recorded two 45s for Jim Salzer's Arcade label and they also laid down material for a planned LP that was never released...until now. #nl# RIYL: DOORS, STRAWBERRY ALARM CLOCK, COUNTRY JOE & THE FISH, LOVE, IRON BUTTERFLY... #nl# *Featuring keyboard player Bill Payne, who later went on be a founding member of Little Feat*Remastered from the original master tapes by Alec Palao*Including their two rare 45s plus eight previously unreleased tracks, 1967-68*Insert with liner notes by Gray Newell (Ugly Things \/ Shindig!) and rare photos \/ memorabilia*Download card #nl# Tracklist:Side 1: 1.Steel Glass - 2. Sunflower Mama - 3. Dangerfield - 4. Soft Machine - 5. Pop Festival - 6. It's a Drag Side 2: 1. Hello Bill - 2. Beautiful Death Dealer - 3. My Brother - 4. Rally Round the Flag - 5. Plastic Sammy Rides Again - 6. Hello Bill (alternate mix)","og_url":"https:\/\/wpguerssen-test.odoo.rgbconsulting.com\/es\/producto\/the-return-of-captain-speed\/","og_site_name":"Guerssen records","article_modified_time":"2025-04-24T15:20:28+00:00","og_image":[{"width":1400,"height":1400,"url":"https:\/\/wpguerssen-test.odoo.rgbconsulting.com\/wp-content\/uploads\/2024\/11\/48747.jpg","type":"image\/jpeg"}],"twitter_card":"summary_large_image","twitter_title":"TURQUOISE - The Return Of Captain Speed -  (LP) | Guerssen","twitter_misc":{"Tiempo de lectura":"1 minuto"},"schema":{"@context":"https:\/\/schema.org","@graph":[{"@type":"WebPage","@id":"https:\/\/wpguerssen-test.odoo.rgbconsulting.com\/es\/producto\/the-return-of-captain-speed\/","url":"https:\/\/wpguerssen-test.odoo.rgbconsulting.com\/es\/producto\/the-return-of-captain-speed\/","name":"TURQUOISE - The Return Of Captain Speed - (LP) | Guerssen","isPartOf":{"@id":"https:\/\/wpguerssen-test.odoo.rgbconsulting.com\/es\/#website"},"primaryImageOfPage":{"@id":"https:\/\/wpguerssen-test.odoo.rgbconsulting.com\/es\/producto\/the-return-of-captain-speed\/#primaryimage"},"image":{"@id":"https:\/\/wpguerssen-test.odoo.rgbconsulting.com\/es\/producto\/the-return-of-captain-speed\/#primaryimage"},"thumbnailUrl":"https:\/\/wpguerssen-test.odoo.rgbconsulting.com\/wp-content\/uploads\/2024\/11\/48747.jpg","datePublished":"2025-01-16T23:00:00+00:00","dateModified":"2025-04-24T15:20:28+00:00","description":"Originally known as Captain Speed, Turquoise was a psychedelic rock band from Southern California who were managed by pioneering Tri-counties concert promoter Jim Salzer, who also operated the legendary Arcade Record Shop. #nl# Their sound was 100% psychedelic with swirling baroque organ, trippy guitar fills and driving percussion, all topped off by front man and Jim Morrison's lookalike Tim Pearson's lysergic lyrics. #nl# Turquoise shared stage with big names like Grateful Dead, The Doors, Jefferson Airplane, Country Joe & the Fish, The Seeds, The Strawberry Alarm Clock, Jimi Hendrix, and many others. #nl# During 1967-68, they recorded two 45s for Jim Salzer's Arcade label and they also laid down material for a planned LP that was never released...until now. #nl# RIYL: DOORS, STRAWBERRY ALARM CLOCK, COUNTRY JOE & THE FISH, LOVE, IRON BUTTERFLY... #nl# *Featuring keyboard player Bill Payne, who later went on be a founding member of Little Feat*Remastered from the original master tapes by Alec Palao*Including their two rare 45s plus eight previously unreleased tracks, 1967-68*Insert with liner notes by Gray Newell (Ugly Things \/ Shindig!) and rare photos \/ memorabilia*Download card #nl# Tracklist:Side 1: 1.Steel Glass - 2. Sunflower Mama - 3. Dangerfield - 4. Soft Machine - 5. Pop Festival - 6. It's a Drag Side 2: 1. Hello Bill - 2. Beautiful Death Dealer - 3. My Brother - 4. Rally Round the Flag - 5. Plastic Sammy Rides Again - 6. Hello Bill (alternate mix)","breadcrumb":{"@id":"https:\/\/wpguerssen-test.odoo.rgbconsulting.com\/es\/producto\/the-return-of-captain-speed\/#breadcrumb"},"inLanguage":"es","potentialAction":[{"@type":"ReadAction","target":["https:\/\/wpguerssen-test.odoo.rgbconsulting.com\/es\/producto\/the-return-of-captain-speed\/"]}]},{"@type":"ImageObject","inLanguage":"es","@id":"https:\/\/wpguerssen-test.odoo.rgbconsulting.com\/es\/producto\/the-return-of-captain-speed\/#primaryimage","url":"https:\/\/wpguerssen-test.odoo.rgbconsulting.com\/wp-content\/uploads\/2024\/11\/48747.jpg","contentUrl":"https:\/\/wpguerssen-test.odoo.rgbconsulting.com\/wp-content\/uploads\/2024\/11\/48747.jpg","width":1400,"height":1400},{"@type":"BreadcrumbList","@id":"https:\/\/wpguerssen-test.odoo.rgbconsulting.com\/es\/producto\/the-return-of-captain-speed\/#breadcrumb","itemListElement":[{"@type":"ListItem","position":1,"name":"Inicio","item":"https:\/\/wpguerssen-test.odoo.rgbconsulting.com\/es\/"},{"@type":"ListItem","position":2,"name":"Shop","item":"https:\/\/wpguerssen-test.odoo.rgbconsulting.com\/shop\/"},{"@type":"ListItem","position":3,"name":"The Return Of Captain Speed"}]},{"@type":"WebSite","@id":"https:\/\/wpguerssen-test.odoo.rgbconsulting.com\/es\/#website","url":"https:\/\/wpguerssen-test.odoo.rgbconsulting.com\/es\/","name":"Guerssen records","description":"psychedelia - progressive - folk - garage ","publisher":{"@id":"https:\/\/wpguerssen-test.odoo.rgbconsulting.com\/es\/#organization"},"potentialAction":[{"@type":"SearchAction","target":{"@type":"EntryPoint","urlTemplate":"https:\/\/wpguerssen-test.odoo.rgbconsulting.com\/es\/?s={search_term_string}"},"query-input":{"@type":"PropertyValueSpecification","valueRequired":true,"valueName":"search_term_string"}}],"inLanguage":"es"},{"@type":"Organization","@id":"https:\/\/wpguerssen-test.odoo.rgbconsulting.com\/es\/#organization","name":"Guerssen records","url":"https:\/\/wpguerssen-test.odoo.rgbconsulting.com\/es\/","logo":{"@type":"ImageObject","inLanguage":"es","@id":"https:\/\/wpguerssen-test.odoo.rgbconsulting.com\/es\/#\/schema\/logo\/image\/","url":"https:\/\/wpguerssen-test.odoo.rgbconsulting.com\/wp-content\/uploads\/2022\/04\/Logo_Guerssen_trans_100.png","contentUrl":"https:\/\/wpguerssen-test.odoo.rgbconsulting.com\/wp-content\/uploads\/2022\/04\/Logo_Guerssen_trans_100.png","width":122,"height":100,"caption":"Guerssen records"},"image":{"@id":"https:\/\/wpguerssen-test.odoo.rgbconsulting.com\/es\/#\/schema\/logo\/image\/"}}]}},"_links":{"self":[{"href":"https:\/\/wpguerssen-test.odoo.rgbconsulting.com\/es\/wp-json\/wp\/v2\/product\/279589","targetHints":{"allow":["GET"]}}],"collection":[{"href":"https:\/\/wpguerssen-test.odoo.rgbconsulting.com\/es\/wp-json\/wp\/v2\/product"}],"about":[{"href":"https:\/\/wpguerssen-test.odoo.rgbconsulting.com\/es\/wp-json\/wp\/v2\/types\/product"}],"wp:featuredmedia":[{"embeddable":true,"href":"https:\/\/wpguerssen-test.odoo.rgbconsulting.com\/es\/wp-json\/wp\/v2\/media\/279559"}],"wp:attachment":[{"href":"https:\/\/wpguerssen-test.odoo.rgbconsulting.com\/es\/wp-json\/wp\/v2\/media?parent=279589"}],"wp:term":[{"taxonomy":"product_brand","embeddable":true,"href":"https:\/\/wpguerssen-test.odoo.rgbconsulting.com\/es\/wp-json\/wp\/v2\/product_brand?post=279589"},{"taxonomy":"product_cat","embeddable":true,"href":"https:\/\/wpguerssen-test.odoo.rgbconsulting.com\/es\/wp-json\/wp\/v2\/product_cat?post=279589"},{"taxonomy":"product_tag","embeddable":true,"href":"https:\/\/wpguerssen-test.odoo.rgbconsulting.com\/es\/wp-json\/wp\/v2\/product_tag?post=279589"}],"curies":[{"name":"wp","href":"https:\/\/api.w.org\/{rel}","templated":true}]}}