{"id":279591,"date":"2025-01-17T00:00:00","date_gmt":"2025-01-16T23:00:00","guid":{"rendered":"https:\/\/wpguerssen-test.odoo.rgbconsulting.com\/?post_type=product&#038;p=279591"},"modified":"2025-04-29T13:36:53","modified_gmt":"2025-04-29T11:36:53","slug":"heavy-cruiser-color","status":"publish","type":"product","link":"https:\/\/wpguerssen-test.odoo.rgbconsulting.com\/es\/producto\/heavy-cruiser-color\/","title":{"rendered":"Heavy Cruiser (color)"},"content":{"rendered":"<p>VINILO NARANJA, S\u00d3LO 115 COPIAS!!! <\/p>\n<p> Hard-rock psicod\u00e9lico y heavy-blues con duras guitarras fuzz, teclados y original producci\u00f3n de estudio por este grupo USA liderado por el gran Neil Merryweather acompa\u00f1ado por los m\u00fasicos de Mama Lion. <\/p>\n<p> Este es su primer disco, editado originalmente en el sello Family Productions de Artie Ripp en 1972. <\/p>\n<p> Heavy Cruiser fue un proyecto de estudio que surge durante las sesiones de grabaci\u00f3n para los discos de Mama Lion, el grupo liderado por Neil Merryweather y Lynn Carey.<br \/>Artie Ripp siempre dio libertar creativa a Neil Merryweather para experimentar y grabar en el estudio cualquier idea que tuviese y es gracias a esa libertad que nace Heavy Cruiser, mientras Neil y los m\u00fasicos de Mama Lion improvisan en el estudio. La idea inicial era que los dos grupos, Mama Lion y Heavy Cruiser, funcionaran simult\u00e1neamente, con la vocalista Lynn Carey tomando un papel secundario para Heavy Cruiser pero aportando ayuda vocal y compositiva. <\/p>\n<p> Potentes y originales versiones de cl\u00e1sicos como \u00abC&#8217;mon Everybody\u00bb o \u00abLouie Louie\u00bb muestran al grupo divirti\u00e9ndose en el estudio, combinadas con canciones originales e incluso sonidos m\u00e1s experimentales como en \u00abMiracles of Pure Device\u00bb. <\/p>\n<p> *Primera reedici\u00f3n oficial<br \/>*Artwork original en portada de cart\u00f3n duro + OBI<br \/>*Sonido remasterizado a 24-bit de las cintas originales<br \/>*Insert con detalladas notas y raras fotos<br \/>*Cup\u00f3n de descarga <\/p>\n<p> Tracklist:<br \/>Side 1: 1. C&#8217;mon Everybody &#8211; 2. My Little Firefly &#8211; 3. Don&#8217;t Stop Now &#8211; 4. Wonder Wheel &#8211; 5. Outlaw &#8211; 6. Let Your Rider Run<br \/>Side 2: 1. Louie, Louie &#8211; 2. As Long as We Believe &#8211; 3. &#8216;Lectric Lady &#8211; 4. Miracles of Pure Device<\/p>\n","protected":false},"excerpt":{"rendered":"<p>VINILO NARANJA, S\u00d3LO 115 COPIAS!!! <\/p>\n<p>\u00a0<\/p>\n<p> Hard-rock psicod\u00e9lico y heavy-blues con duras guitarras fuzz, teclados y original producci\u00f3n de estudio por<a class=\"read\" href=\"https:\/\/wpguerssen-test.odoo.rgbconsulting.com\/es\/producto\/heavy-cruiser-color\/\"> (...)<\/a>","protected":false},"featured_media":279569,"template":"","meta":{"_acf_changed":false},"product_brand":[],"product_cat":[21639,23224],"product_tag":[29140,24189],"class_list":{"0":"post-279591","1":"product","2":"type-product","3":"status-publish","4":"has-post-thumbnail","6":"product_cat-psychedelic60s-70s-es","7":"product_cat-hard-rock-60s-70s-es","8":"product_tag-color-vinyl-es","9":"product_tag-recien-llegadas","10":"pa_artist-heavy-cruiser-es","11":"pa_format-lp-es","12":"pa_gender-hard-rock-60s-70s-psychedelic60s-70s","13":"pa_label-out-sider-music-es","14":"pa_location-north-america-es","15":"pa_other-filters-vinyl-only-es","17":"first","18":"instock","19":"taxable","20":"shipping-taxable","21":"purchasable","22":"product-type-simple"},"acf":[],"yoast_head":"<!-- This site is optimized with the Yoast SEO plugin v24.9 - https:\/\/yoast.com\/wordpress\/plugins\/seo\/ -->\n<title>HEAVY CRUISER - Heavy Cruiser (color) -  (LP) | Guerssen<\/title>\n<meta name=\"description\" content=\"ORANGE VINYL, 115 COPIES ONLY! #nl# Psychedelic hard-rock and heavy blues with loud fuzzed-out guitars, keyboards and inventive studio production \/ effects by this band led by the great Neil Merryweather and featuring the Mama Lion musicians.This is their first album, originally released on Artie Ripp&#039;s Family Productions label in 1972. #nl# The Heavy Cruiser project was conceived during the studio sessions for Mama Lion, the band led by Neil Merryweather and Lynn Carey.Artie Ripp always allowed Neil to experiment \/ jam in the studio and to record any cool ideas and songs he may come up with. Thanks to that creative freedom, Heavy Cruiser was born during Mama Lion jamming sessions. The initial idea was to operate both bands simultaneously with Lynn taking the backseat for Heavy Cruiser but providing vocals and helping with songwriting. Powerful cover versions of rock classics like &quot;C&#039;mon Everybody&quot; or &quot;Louie Louie&quot; show the band having lot of fun in the studio and there was also room for more experimental sounds like &quot;Miracles Of Pure Device&quot;. #nl# *First official vinyl reissue*Original artwork in hard cardboard sleeve + OBI*Sourced from the original master tapes*Insert with liner notes and photos*Download card #nl# Tracklist:Side 1: 1. C&#039;mon Everybody - 2. My Little Firefly - 3. Don&#039;t Stop Now - 4. Wonder Wheel - 5. Outlaw - 6. Let Your Rider RunSide 2: 1. Louie, Louie - 2. As Long as We Believe - 3. &#039;Lectric Lady - 4. Miracles of Pure Device\" \/>\n<meta name=\"robots\" content=\"index, follow, max-snippet:-1, max-image-preview:large, max-video-preview:-1\" \/>\n<link rel=\"canonical\" href=\"https:\/\/wpguerssen-test.odoo.rgbconsulting.com\/es\/producto\/heavy-cruiser-color\/\" \/>\n<meta property=\"og:locale\" content=\"es_ES\" \/>\n<meta property=\"og:type\" content=\"article\" \/>\n<meta property=\"og:title\" content=\"HEAVY CRUISER - Heavy Cruiser (color) -  (LP) | Guerssen\" \/>\n<meta property=\"og:description\" content=\"ORANGE VINYL, 115 COPIES ONLY! #nl# Psychedelic hard-rock and heavy blues with loud fuzzed-out guitars, keyboards and inventive studio production \/ effects by this band led by the great Neil Merryweather and featuring the Mama Lion musicians.This is their first album, originally released on Artie Ripp&#039;s Family Productions label in 1972. #nl# The Heavy Cruiser project was conceived during the studio sessions for Mama Lion, the band led by Neil Merryweather and Lynn Carey.Artie Ripp always allowed Neil to experiment \/ jam in the studio and to record any cool ideas and songs he may come up with. Thanks to that creative freedom, Heavy Cruiser was born during Mama Lion jamming sessions. The initial idea was to operate both bands simultaneously with Lynn taking the backseat for Heavy Cruiser but providing vocals and helping with songwriting. Powerful cover versions of rock classics like &quot;C&#039;mon Everybody&quot; or &quot;Louie Louie&quot; show the band having lot of fun in the studio and there was also room for more experimental sounds like &quot;Miracles Of Pure Device&quot;. #nl# *First official vinyl reissue*Original artwork in hard cardboard sleeve + OBI*Sourced from the original master tapes*Insert with liner notes and photos*Download card #nl# Tracklist:Side 1: 1. C&#039;mon Everybody - 2. My Little Firefly - 3. Don&#039;t Stop Now - 4. Wonder Wheel - 5. Outlaw - 6. Let Your Rider RunSide 2: 1. Louie, Louie - 2. As Long as We Believe - 3. &#039;Lectric Lady - 4. Miracles of Pure Device\" \/>\n<meta property=\"og:url\" content=\"https:\/\/wpguerssen-test.odoo.rgbconsulting.com\/es\/producto\/heavy-cruiser-color\/\" \/>\n<meta property=\"og:site_name\" content=\"Guerssen records\" \/>\n<meta property=\"article:modified_time\" content=\"2025-04-29T11:36:53+00:00\" \/>\n<meta property=\"og:image\" content=\"https:\/\/wpguerssen-test.odoo.rgbconsulting.com\/wp-content\/uploads\/2024\/11\/49354.jpg\" \/>\n\t<meta property=\"og:image:width\" content=\"1400\" \/>\n\t<meta property=\"og:image:height\" content=\"1400\" \/>\n\t<meta property=\"og:image:type\" content=\"image\/jpeg\" \/>\n<meta name=\"twitter:card\" content=\"summary_large_image\" \/>\n<meta name=\"twitter:title\" content=\"HEAVY CRUISER - Heavy Cruiser (color) -  (LP) | Guerssen\" \/>\n<meta name=\"twitter:label1\" content=\"Tiempo de lectura\" \/>\n\t<meta name=\"twitter:data1\" content=\"1 minuto\" \/>\n<script type=\"application\/ld+json\" class=\"yoast-schema-graph\">{\"@context\":\"https:\/\/schema.org\",\"@graph\":[{\"@type\":\"WebPage\",\"@id\":\"https:\/\/wpguerssen-test.odoo.rgbconsulting.com\/es\/producto\/heavy-cruiser-color\/\",\"url\":\"https:\/\/wpguerssen-test.odoo.rgbconsulting.com\/es\/producto\/heavy-cruiser-color\/\",\"name\":\"HEAVY CRUISER - Heavy Cruiser (color) - (LP) | Guerssen\",\"isPartOf\":{\"@id\":\"https:\/\/wpguerssen-test.odoo.rgbconsulting.com\/es\/#website\"},\"primaryImageOfPage\":{\"@id\":\"https:\/\/wpguerssen-test.odoo.rgbconsulting.com\/es\/producto\/heavy-cruiser-color\/#primaryimage\"},\"image\":{\"@id\":\"https:\/\/wpguerssen-test.odoo.rgbconsulting.com\/es\/producto\/heavy-cruiser-color\/#primaryimage\"},\"thumbnailUrl\":\"https:\/\/wpguerssen-test.odoo.rgbconsulting.com\/wp-content\/uploads\/2024\/11\/49354.jpg\",\"datePublished\":\"2025-01-16T23:00:00+00:00\",\"dateModified\":\"2025-04-29T11:36:53+00:00\",\"description\":\"ORANGE VINYL, 115 COPIES ONLY! #nl# Psychedelic hard-rock and heavy blues with loud fuzzed-out guitars, keyboards and inventive studio production \/ effects by this band led by the great Neil Merryweather and featuring the Mama Lion musicians.This is their first album, originally released on Artie Ripp's Family Productions label in 1972. #nl# The Heavy Cruiser project was conceived during the studio sessions for Mama Lion, the band led by Neil Merryweather and Lynn Carey.Artie Ripp always allowed Neil to experiment \/ jam in the studio and to record any cool ideas and songs he may come up with. Thanks to that creative freedom, Heavy Cruiser was born during Mama Lion jamming sessions. The initial idea was to operate both bands simultaneously with Lynn taking the backseat for Heavy Cruiser but providing vocals and helping with songwriting. Powerful cover versions of rock classics like \\\"C'mon Everybody\\\" or \\\"Louie Louie\\\" show the band having lot of fun in the studio and there was also room for more experimental sounds like \\\"Miracles Of Pure Device\\\". #nl# *First official vinyl reissue*Original artwork in hard cardboard sleeve + OBI*Sourced from the original master tapes*Insert with liner notes and photos*Download card #nl# Tracklist:Side 1: 1. C'mon Everybody - 2. My Little Firefly - 3. Don't Stop Now - 4. Wonder Wheel - 5. Outlaw - 6. Let Your Rider RunSide 2: 1. Louie, Louie - 2. As Long as We Believe - 3. 'Lectric Lady - 4. Miracles of Pure Device\",\"breadcrumb\":{\"@id\":\"https:\/\/wpguerssen-test.odoo.rgbconsulting.com\/es\/producto\/heavy-cruiser-color\/#breadcrumb\"},\"inLanguage\":\"es\",\"potentialAction\":[{\"@type\":\"ReadAction\",\"target\":[\"https:\/\/wpguerssen-test.odoo.rgbconsulting.com\/es\/producto\/heavy-cruiser-color\/\"]}]},{\"@type\":\"ImageObject\",\"inLanguage\":\"es\",\"@id\":\"https:\/\/wpguerssen-test.odoo.rgbconsulting.com\/es\/producto\/heavy-cruiser-color\/#primaryimage\",\"url\":\"https:\/\/wpguerssen-test.odoo.rgbconsulting.com\/wp-content\/uploads\/2024\/11\/49354.jpg\",\"contentUrl\":\"https:\/\/wpguerssen-test.odoo.rgbconsulting.com\/wp-content\/uploads\/2024\/11\/49354.jpg\",\"width\":1400,\"height\":1400},{\"@type\":\"BreadcrumbList\",\"@id\":\"https:\/\/wpguerssen-test.odoo.rgbconsulting.com\/es\/producto\/heavy-cruiser-color\/#breadcrumb\",\"itemListElement\":[{\"@type\":\"ListItem\",\"position\":1,\"name\":\"Inicio\",\"item\":\"https:\/\/wpguerssen-test.odoo.rgbconsulting.com\/es\/\"},{\"@type\":\"ListItem\",\"position\":2,\"name\":\"Shop\",\"item\":\"https:\/\/wpguerssen-test.odoo.rgbconsulting.com\/shop\/\"},{\"@type\":\"ListItem\",\"position\":3,\"name\":\"Heavy Cruiser (color)\"}]},{\"@type\":\"WebSite\",\"@id\":\"https:\/\/wpguerssen-test.odoo.rgbconsulting.com\/es\/#website\",\"url\":\"https:\/\/wpguerssen-test.odoo.rgbconsulting.com\/es\/\",\"name\":\"Guerssen records\",\"description\":\"psychedelia - progressive - folk - garage \",\"publisher\":{\"@id\":\"https:\/\/wpguerssen-test.odoo.rgbconsulting.com\/es\/#organization\"},\"potentialAction\":[{\"@type\":\"SearchAction\",\"target\":{\"@type\":\"EntryPoint\",\"urlTemplate\":\"https:\/\/wpguerssen-test.odoo.rgbconsulting.com\/es\/?s={search_term_string}\"},\"query-input\":{\"@type\":\"PropertyValueSpecification\",\"valueRequired\":true,\"valueName\":\"search_term_string\"}}],\"inLanguage\":\"es\"},{\"@type\":\"Organization\",\"@id\":\"https:\/\/wpguerssen-test.odoo.rgbconsulting.com\/es\/#organization\",\"name\":\"Guerssen records\",\"url\":\"https:\/\/wpguerssen-test.odoo.rgbconsulting.com\/es\/\",\"logo\":{\"@type\":\"ImageObject\",\"inLanguage\":\"es\",\"@id\":\"https:\/\/wpguerssen-test.odoo.rgbconsulting.com\/es\/#\/schema\/logo\/image\/\",\"url\":\"https:\/\/wpguerssen-test.odoo.rgbconsulting.com\/wp-content\/uploads\/2022\/04\/Logo_Guerssen_trans_100.png\",\"contentUrl\":\"https:\/\/wpguerssen-test.odoo.rgbconsulting.com\/wp-content\/uploads\/2022\/04\/Logo_Guerssen_trans_100.png\",\"width\":122,\"height\":100,\"caption\":\"Guerssen records\"},\"image\":{\"@id\":\"https:\/\/wpguerssen-test.odoo.rgbconsulting.com\/es\/#\/schema\/logo\/image\/\"}}]}<\/script>\n<!-- \/ Yoast SEO plugin. -->","yoast_head_json":{"title":"HEAVY CRUISER - Heavy Cruiser (color) -  (LP) | Guerssen","description":"ORANGE VINYL, 115 COPIES ONLY! #nl# Psychedelic hard-rock and heavy blues with loud fuzzed-out guitars, keyboards and inventive studio production \/ effects by this band led by the great Neil Merryweather and featuring the Mama Lion musicians.This is their first album, originally released on Artie Ripp's Family Productions label in 1972. #nl# The Heavy Cruiser project was conceived during the studio sessions for Mama Lion, the band led by Neil Merryweather and Lynn Carey.Artie Ripp always allowed Neil to experiment \/ jam in the studio and to record any cool ideas and songs he may come up with. Thanks to that creative freedom, Heavy Cruiser was born during Mama Lion jamming sessions. The initial idea was to operate both bands simultaneously with Lynn taking the backseat for Heavy Cruiser but providing vocals and helping with songwriting. Powerful cover versions of rock classics like \"C'mon Everybody\" or \"Louie Louie\" show the band having lot of fun in the studio and there was also room for more experimental sounds like \"Miracles Of Pure Device\". #nl# *First official vinyl reissue*Original artwork in hard cardboard sleeve + OBI*Sourced from the original master tapes*Insert with liner notes and photos*Download card #nl# Tracklist:Side 1: 1. C'mon Everybody - 2. My Little Firefly - 3. Don't Stop Now - 4. Wonder Wheel - 5. Outlaw - 6. Let Your Rider RunSide 2: 1. Louie, Louie - 2. As Long as We Believe - 3. 'Lectric Lady - 4. Miracles of Pure Device","robots":{"index":"index","follow":"follow","max-snippet":"max-snippet:-1","max-image-preview":"max-image-preview:large","max-video-preview":"max-video-preview:-1"},"canonical":"https:\/\/wpguerssen-test.odoo.rgbconsulting.com\/es\/producto\/heavy-cruiser-color\/","og_locale":"es_ES","og_type":"article","og_title":"HEAVY CRUISER - Heavy Cruiser (color) -  (LP) | Guerssen","og_description":"ORANGE VINYL, 115 COPIES ONLY! #nl# Psychedelic hard-rock and heavy blues with loud fuzzed-out guitars, keyboards and inventive studio production \/ effects by this band led by the great Neil Merryweather and featuring the Mama Lion musicians.This is their first album, originally released on Artie Ripp's Family Productions label in 1972. #nl# The Heavy Cruiser project was conceived during the studio sessions for Mama Lion, the band led by Neil Merryweather and Lynn Carey.Artie Ripp always allowed Neil to experiment \/ jam in the studio and to record any cool ideas and songs he may come up with. Thanks to that creative freedom, Heavy Cruiser was born during Mama Lion jamming sessions. The initial idea was to operate both bands simultaneously with Lynn taking the backseat for Heavy Cruiser but providing vocals and helping with songwriting. Powerful cover versions of rock classics like \"C'mon Everybody\" or \"Louie Louie\" show the band having lot of fun in the studio and there was also room for more experimental sounds like \"Miracles Of Pure Device\". #nl# *First official vinyl reissue*Original artwork in hard cardboard sleeve + OBI*Sourced from the original master tapes*Insert with liner notes and photos*Download card #nl# Tracklist:Side 1: 1. C'mon Everybody - 2. My Little Firefly - 3. Don't Stop Now - 4. Wonder Wheel - 5. Outlaw - 6. Let Your Rider RunSide 2: 1. Louie, Louie - 2. As Long as We Believe - 3. 'Lectric Lady - 4. Miracles of Pure Device","og_url":"https:\/\/wpguerssen-test.odoo.rgbconsulting.com\/es\/producto\/heavy-cruiser-color\/","og_site_name":"Guerssen records","article_modified_time":"2025-04-29T11:36:53+00:00","og_image":[{"width":1400,"height":1400,"url":"https:\/\/wpguerssen-test.odoo.rgbconsulting.com\/wp-content\/uploads\/2024\/11\/49354.jpg","type":"image\/jpeg"}],"twitter_card":"summary_large_image","twitter_title":"HEAVY CRUISER - Heavy Cruiser (color) -  (LP) | Guerssen","twitter_misc":{"Tiempo de lectura":"1 minuto"},"schema":{"@context":"https:\/\/schema.org","@graph":[{"@type":"WebPage","@id":"https:\/\/wpguerssen-test.odoo.rgbconsulting.com\/es\/producto\/heavy-cruiser-color\/","url":"https:\/\/wpguerssen-test.odoo.rgbconsulting.com\/es\/producto\/heavy-cruiser-color\/","name":"HEAVY CRUISER - Heavy Cruiser (color) - (LP) | Guerssen","isPartOf":{"@id":"https:\/\/wpguerssen-test.odoo.rgbconsulting.com\/es\/#website"},"primaryImageOfPage":{"@id":"https:\/\/wpguerssen-test.odoo.rgbconsulting.com\/es\/producto\/heavy-cruiser-color\/#primaryimage"},"image":{"@id":"https:\/\/wpguerssen-test.odoo.rgbconsulting.com\/es\/producto\/heavy-cruiser-color\/#primaryimage"},"thumbnailUrl":"https:\/\/wpguerssen-test.odoo.rgbconsulting.com\/wp-content\/uploads\/2024\/11\/49354.jpg","datePublished":"2025-01-16T23:00:00+00:00","dateModified":"2025-04-29T11:36:53+00:00","description":"ORANGE VINYL, 115 COPIES ONLY! #nl# Psychedelic hard-rock and heavy blues with loud fuzzed-out guitars, keyboards and inventive studio production \/ effects by this band led by the great Neil Merryweather and featuring the Mama Lion musicians.This is their first album, originally released on Artie Ripp's Family Productions label in 1972. #nl# The Heavy Cruiser project was conceived during the studio sessions for Mama Lion, the band led by Neil Merryweather and Lynn Carey.Artie Ripp always allowed Neil to experiment \/ jam in the studio and to record any cool ideas and songs he may come up with. Thanks to that creative freedom, Heavy Cruiser was born during Mama Lion jamming sessions. The initial idea was to operate both bands simultaneously with Lynn taking the backseat for Heavy Cruiser but providing vocals and helping with songwriting. Powerful cover versions of rock classics like \"C'mon Everybody\" or \"Louie Louie\" show the band having lot of fun in the studio and there was also room for more experimental sounds like \"Miracles Of Pure Device\". #nl# *First official vinyl reissue*Original artwork in hard cardboard sleeve + OBI*Sourced from the original master tapes*Insert with liner notes and photos*Download card #nl# Tracklist:Side 1: 1. C'mon Everybody - 2. My Little Firefly - 3. Don't Stop Now - 4. Wonder Wheel - 5. Outlaw - 6. Let Your Rider RunSide 2: 1. Louie, Louie - 2. As Long as We Believe - 3. 'Lectric Lady - 4. Miracles of Pure Device","breadcrumb":{"@id":"https:\/\/wpguerssen-test.odoo.rgbconsulting.com\/es\/producto\/heavy-cruiser-color\/#breadcrumb"},"inLanguage":"es","potentialAction":[{"@type":"ReadAction","target":["https:\/\/wpguerssen-test.odoo.rgbconsulting.com\/es\/producto\/heavy-cruiser-color\/"]}]},{"@type":"ImageObject","inLanguage":"es","@id":"https:\/\/wpguerssen-test.odoo.rgbconsulting.com\/es\/producto\/heavy-cruiser-color\/#primaryimage","url":"https:\/\/wpguerssen-test.odoo.rgbconsulting.com\/wp-content\/uploads\/2024\/11\/49354.jpg","contentUrl":"https:\/\/wpguerssen-test.odoo.rgbconsulting.com\/wp-content\/uploads\/2024\/11\/49354.jpg","width":1400,"height":1400},{"@type":"BreadcrumbList","@id":"https:\/\/wpguerssen-test.odoo.rgbconsulting.com\/es\/producto\/heavy-cruiser-color\/#breadcrumb","itemListElement":[{"@type":"ListItem","position":1,"name":"Inicio","item":"https:\/\/wpguerssen-test.odoo.rgbconsulting.com\/es\/"},{"@type":"ListItem","position":2,"name":"Shop","item":"https:\/\/wpguerssen-test.odoo.rgbconsulting.com\/shop\/"},{"@type":"ListItem","position":3,"name":"Heavy Cruiser (color)"}]},{"@type":"WebSite","@id":"https:\/\/wpguerssen-test.odoo.rgbconsulting.com\/es\/#website","url":"https:\/\/wpguerssen-test.odoo.rgbconsulting.com\/es\/","name":"Guerssen records","description":"psychedelia - progressive - folk - garage ","publisher":{"@id":"https:\/\/wpguerssen-test.odoo.rgbconsulting.com\/es\/#organization"},"potentialAction":[{"@type":"SearchAction","target":{"@type":"EntryPoint","urlTemplate":"https:\/\/wpguerssen-test.odoo.rgbconsulting.com\/es\/?s={search_term_string}"},"query-input":{"@type":"PropertyValueSpecification","valueRequired":true,"valueName":"search_term_string"}}],"inLanguage":"es"},{"@type":"Organization","@id":"https:\/\/wpguerssen-test.odoo.rgbconsulting.com\/es\/#organization","name":"Guerssen records","url":"https:\/\/wpguerssen-test.odoo.rgbconsulting.com\/es\/","logo":{"@type":"ImageObject","inLanguage":"es","@id":"https:\/\/wpguerssen-test.odoo.rgbconsulting.com\/es\/#\/schema\/logo\/image\/","url":"https:\/\/wpguerssen-test.odoo.rgbconsulting.com\/wp-content\/uploads\/2022\/04\/Logo_Guerssen_trans_100.png","contentUrl":"https:\/\/wpguerssen-test.odoo.rgbconsulting.com\/wp-content\/uploads\/2022\/04\/Logo_Guerssen_trans_100.png","width":122,"height":100,"caption":"Guerssen records"},"image":{"@id":"https:\/\/wpguerssen-test.odoo.rgbconsulting.com\/es\/#\/schema\/logo\/image\/"}}]}},"_links":{"self":[{"href":"https:\/\/wpguerssen-test.odoo.rgbconsulting.com\/es\/wp-json\/wp\/v2\/product\/279591","targetHints":{"allow":["GET"]}}],"collection":[{"href":"https:\/\/wpguerssen-test.odoo.rgbconsulting.com\/es\/wp-json\/wp\/v2\/product"}],"about":[{"href":"https:\/\/wpguerssen-test.odoo.rgbconsulting.com\/es\/wp-json\/wp\/v2\/types\/product"}],"wp:featuredmedia":[{"embeddable":true,"href":"https:\/\/wpguerssen-test.odoo.rgbconsulting.com\/es\/wp-json\/wp\/v2\/media\/279569"}],"wp:attachment":[{"href":"https:\/\/wpguerssen-test.odoo.rgbconsulting.com\/es\/wp-json\/wp\/v2\/media?parent=279591"}],"wp:term":[{"taxonomy":"product_brand","embeddable":true,"href":"https:\/\/wpguerssen-test.odoo.rgbconsulting.com\/es\/wp-json\/wp\/v2\/product_brand?post=279591"},{"taxonomy":"product_cat","embeddable":true,"href":"https:\/\/wpguerssen-test.odoo.rgbconsulting.com\/es\/wp-json\/wp\/v2\/product_cat?post=279591"},{"taxonomy":"product_tag","embeddable":true,"href":"https:\/\/wpguerssen-test.odoo.rgbconsulting.com\/es\/wp-json\/wp\/v2\/product_tag?post=279591"}],"curies":[{"name":"wp","href":"https:\/\/api.w.org\/{rel}","templated":true}]}}