{"id":279621,"date":"2025-02-11T00:00:00","date_gmt":"2025-02-10T23:00:00","guid":{"rendered":"https:\/\/wpguerssen-test.odoo.rgbconsulting.com\/product\/the-rebel-blue\/"},"modified":"2025-04-29T13:36:59","modified_gmt":"2025-04-29T11:36:59","slug":"the-rebel-blue","status":"publish","type":"product","link":"https:\/\/wpguerssen-test.odoo.rgbconsulting.com\/es\/producto\/the-rebel-blue\/","title":{"rendered":"The Rebel (Blue)"},"content":{"rendered":"<p>Vinilo de color azul y edici\u00f3n limitada que contiene nueve rarezas de los primeros compases de la carrera de Black Sabbath. Como explican las abundantes y exhaustivas notas publicadas en la contraportada, \u00abThe Rebel\u00bb (escrita por el cantante y teclista de Locomotive Norman Haines, que inicialmente se esperaba que se uniera al grupo y que toc\u00f3 el piano y el \u00f3rgano en la grabaci\u00f3n realizada en los estudios Trident de Londres) es un aut\u00e9ntico \u00absanto grial\u00bb para coleccionistas que se remonta a la \u00e9poca en la que la banda, por entonces todav\u00eda conocida como Earth, estaba a punto de cambiar a su nombre definitivo; Haines tambi\u00e9n escribi\u00f3 la blusera \u00abWhen I Came Down\u00bb, grabada en los estudios Zella de Birmingham en octubre de 1969, mientras que las tres piezas que completan la cara A del LP son tomas alternativas de canciones famosas incluidas posteriormente en el primer y hom\u00f3nimo \u00e1lbum de Tony Iommi, Ozzy Osbourne, Geezer Butler y Bill Ward. Abriendo con una versi\u00f3n de \u00abEarly One Morning\u00bb del bluesman Elmore James, la lista de canciones del segundo lado contin\u00faa con dos canciones incluidas posteriormente en \u00abBlack Sabbath\u00bb y cierra con una versi\u00f3n de \u00abWicked World\u00bb, publicada como cara B de \u00abEvil Woman\u00bb: las cuatro canciones fueron grabadas en vivo el 16 de noviembre de 1969 en el Rugman&#8217;s Youth Club en Dumfries, Escocia, en una grabadora Grundig.<\/p>\n","protected":false},"excerpt":{"rendered":"<p>Vinilo de color azul y edici\u00f3n limitada que contiene nueve rarezas de los primeros compases de la carrera de Black Sabbath. Como explican las abundantes y exhaustivas<a class=\"read\" href=\"https:\/\/wpguerssen-test.odoo.rgbconsulting.com\/es\/producto\/the-rebel-blue\/\"> (...)<\/a>","protected":false},"featured_media":279602,"template":"","meta":{"_acf_changed":false},"product_brand":[],"product_cat":[23224,23233],"product_tag":[29140,24189],"class_list":{"0":"post-279621","1":"product","2":"type-product","3":"status-publish","4":"has-post-thumbnail","6":"product_cat-hard-rock-60s-70s-es","7":"product_cat-metal-es","8":"product_tag-color-vinyl-es","9":"product_tag-recien-llegadas","10":"pa_artist-black-sabbath-es","11":"pa_format-lp-es","12":"pa_gender-metal-hard-rock-60s-70s","13":"pa_label-tmoq","14":"pa_location-uk-ireland-es","15":"pa_other-filters-vinyl-only-es","17":"first","18":"instock","19":"taxable","20":"shipping-taxable","21":"purchasable","22":"product-type-simple"},"acf":[],"yoast_head":"<!-- This site is optimized with the Yoast SEO plugin v24.9 - https:\/\/yoast.com\/wordpress\/plugins\/seo\/ -->\n<title>BLACK SABBATH - The Rebel (Blue) -  (LP) | Guerssen<\/title>\n<meta name=\"description\" content=\"Blue colored vinyl and in a limited edition contains nine rarities from the early stages of Black Sabbath&#039;s career. As the abundant and exhaustive notes published on the back cover explain, &quot;The Rebel&quot; (written by Locomotive singer and keyboardist Norman Haines, who was initially expected to join the group and who played piano and organ in the recording made at Trident Studios in London) is a true &quot;holy grail&quot; for collectors dating back to the period in which the band, at that time still known as Earth, was about to change to its definitive name; Haines also wrote the bluesy &quot;When I Came Down&quot;, recorded at Zella Studios in Birmingham in October 1969, while the three pieces that complete the A-side of the LP are alternate takes of famous songs later included in the first and homonymous album by Tony Iommi, Ozzy Osbourne, Geezer Butler and Bill Ward. Opening with a cover of &quot;Early One Morning&quot; by bluesman Elmore James, the tracklist of the second side continues with two songs later included in &quot;Black Sabbath&quot; and closes with a version of &quot;Wicked World&quot;, published as the B-side of &quot;Evil Woman&quot;: the four songs were recorded live on November 16, 1969 at the Rugman&#039;s Youth Club in Dumfries, Scotland, on a Grundig reel-to-reel recorder.\" \/>\n<meta name=\"robots\" content=\"index, follow, max-snippet:-1, max-image-preview:large, max-video-preview:-1\" \/>\n<link rel=\"canonical\" href=\"https:\/\/wpguerssen-test.odoo.rgbconsulting.com\/es\/producto\/the-rebel-blue\/\" \/>\n<meta property=\"og:locale\" content=\"es_ES\" \/>\n<meta property=\"og:type\" content=\"article\" \/>\n<meta property=\"og:title\" content=\"BLACK SABBATH - The Rebel (Blue) -  (LP) | Guerssen\" \/>\n<meta property=\"og:description\" content=\"Blue colored vinyl and in a limited edition contains nine rarities from the early stages of Black Sabbath&#039;s career. As the abundant and exhaustive notes published on the back cover explain, &quot;The Rebel&quot; (written by Locomotive singer and keyboardist Norman Haines, who was initially expected to join the group and who played piano and organ in the recording made at Trident Studios in London) is a true &quot;holy grail&quot; for collectors dating back to the period in which the band, at that time still known as Earth, was about to change to its definitive name; Haines also wrote the bluesy &quot;When I Came Down&quot;, recorded at Zella Studios in Birmingham in October 1969, while the three pieces that complete the A-side of the LP are alternate takes of famous songs later included in the first and homonymous album by Tony Iommi, Ozzy Osbourne, Geezer Butler and Bill Ward. Opening with a cover of &quot;Early One Morning&quot; by bluesman Elmore James, the tracklist of the second side continues with two songs later included in &quot;Black Sabbath&quot; and closes with a version of &quot;Wicked World&quot;, published as the B-side of &quot;Evil Woman&quot;: the four songs were recorded live on November 16, 1969 at the Rugman&#039;s Youth Club in Dumfries, Scotland, on a Grundig reel-to-reel recorder.\" \/>\n<meta property=\"og:url\" content=\"https:\/\/wpguerssen-test.odoo.rgbconsulting.com\/es\/producto\/the-rebel-blue\/\" \/>\n<meta property=\"og:site_name\" content=\"Guerssen records\" \/>\n<meta property=\"article:modified_time\" content=\"2025-04-29T11:36:59+00:00\" \/>\n<meta property=\"og:image\" content=\"https:\/\/wpguerssen-test.odoo.rgbconsulting.com\/wp-content\/uploads\/2024\/11\/49357.jpg\" \/>\n\t<meta property=\"og:image:width\" content=\"876\" \/>\n\t<meta property=\"og:image:height\" content=\"865\" \/>\n\t<meta property=\"og:image:type\" content=\"image\/jpeg\" \/>\n<meta name=\"twitter:card\" content=\"summary_large_image\" \/>\n<meta name=\"twitter:title\" content=\"BLACK SABBATH - The Rebel (Blue) -  (LP) | Guerssen\" \/>\n<meta name=\"twitter:label1\" content=\"Tiempo de lectura\" \/>\n\t<meta name=\"twitter:data1\" content=\"1 minuto\" \/>\n<script type=\"application\/ld+json\" class=\"yoast-schema-graph\">{\"@context\":\"https:\/\/schema.org\",\"@graph\":[{\"@type\":\"WebPage\",\"@id\":\"https:\/\/wpguerssen-test.odoo.rgbconsulting.com\/es\/producto\/the-rebel-blue\/\",\"url\":\"https:\/\/wpguerssen-test.odoo.rgbconsulting.com\/es\/producto\/the-rebel-blue\/\",\"name\":\"BLACK SABBATH - The Rebel (Blue) - (LP) | Guerssen\",\"isPartOf\":{\"@id\":\"https:\/\/wpguerssen-test.odoo.rgbconsulting.com\/es\/#website\"},\"primaryImageOfPage\":{\"@id\":\"https:\/\/wpguerssen-test.odoo.rgbconsulting.com\/es\/producto\/the-rebel-blue\/#primaryimage\"},\"image\":{\"@id\":\"https:\/\/wpguerssen-test.odoo.rgbconsulting.com\/es\/producto\/the-rebel-blue\/#primaryimage\"},\"thumbnailUrl\":\"https:\/\/wpguerssen-test.odoo.rgbconsulting.com\/wp-content\/uploads\/2024\/11\/49357.jpg\",\"datePublished\":\"2025-02-10T23:00:00+00:00\",\"dateModified\":\"2025-04-29T11:36:59+00:00\",\"description\":\"Blue colored vinyl and in a limited edition contains nine rarities from the early stages of Black Sabbath's career. As the abundant and exhaustive notes published on the back cover explain, \\\"The Rebel\\\" (written by Locomotive singer and keyboardist Norman Haines, who was initially expected to join the group and who played piano and organ in the recording made at Trident Studios in London) is a true \\\"holy grail\\\" for collectors dating back to the period in which the band, at that time still known as Earth, was about to change to its definitive name; Haines also wrote the bluesy \\\"When I Came Down\\\", recorded at Zella Studios in Birmingham in October 1969, while the three pieces that complete the A-side of the LP are alternate takes of famous songs later included in the first and homonymous album by Tony Iommi, Ozzy Osbourne, Geezer Butler and Bill Ward. Opening with a cover of \\\"Early One Morning\\\" by bluesman Elmore James, the tracklist of the second side continues with two songs later included in \\\"Black Sabbath\\\" and closes with a version of \\\"Wicked World\\\", published as the B-side of \\\"Evil Woman\\\": the four songs were recorded live on November 16, 1969 at the Rugman's Youth Club in Dumfries, Scotland, on a Grundig reel-to-reel recorder.\",\"breadcrumb\":{\"@id\":\"https:\/\/wpguerssen-test.odoo.rgbconsulting.com\/es\/producto\/the-rebel-blue\/#breadcrumb\"},\"inLanguage\":\"es\",\"potentialAction\":[{\"@type\":\"ReadAction\",\"target\":[\"https:\/\/wpguerssen-test.odoo.rgbconsulting.com\/es\/producto\/the-rebel-blue\/\"]}]},{\"@type\":\"ImageObject\",\"inLanguage\":\"es\",\"@id\":\"https:\/\/wpguerssen-test.odoo.rgbconsulting.com\/es\/producto\/the-rebel-blue\/#primaryimage\",\"url\":\"https:\/\/wpguerssen-test.odoo.rgbconsulting.com\/wp-content\/uploads\/2024\/11\/49357.jpg\",\"contentUrl\":\"https:\/\/wpguerssen-test.odoo.rgbconsulting.com\/wp-content\/uploads\/2024\/11\/49357.jpg\",\"width\":876,\"height\":865},{\"@type\":\"BreadcrumbList\",\"@id\":\"https:\/\/wpguerssen-test.odoo.rgbconsulting.com\/es\/producto\/the-rebel-blue\/#breadcrumb\",\"itemListElement\":[{\"@type\":\"ListItem\",\"position\":1,\"name\":\"Inicio\",\"item\":\"https:\/\/wpguerssen-test.odoo.rgbconsulting.com\/es\/\"},{\"@type\":\"ListItem\",\"position\":2,\"name\":\"Shop\",\"item\":\"https:\/\/wpguerssen-test.odoo.rgbconsulting.com\/shop\/\"},{\"@type\":\"ListItem\",\"position\":3,\"name\":\"The Rebel (Blue)\"}]},{\"@type\":\"WebSite\",\"@id\":\"https:\/\/wpguerssen-test.odoo.rgbconsulting.com\/es\/#website\",\"url\":\"https:\/\/wpguerssen-test.odoo.rgbconsulting.com\/es\/\",\"name\":\"Guerssen records\",\"description\":\"psychedelia - progressive - folk - garage \",\"publisher\":{\"@id\":\"https:\/\/wpguerssen-test.odoo.rgbconsulting.com\/es\/#organization\"},\"potentialAction\":[{\"@type\":\"SearchAction\",\"target\":{\"@type\":\"EntryPoint\",\"urlTemplate\":\"https:\/\/wpguerssen-test.odoo.rgbconsulting.com\/es\/?s={search_term_string}\"},\"query-input\":{\"@type\":\"PropertyValueSpecification\",\"valueRequired\":true,\"valueName\":\"search_term_string\"}}],\"inLanguage\":\"es\"},{\"@type\":\"Organization\",\"@id\":\"https:\/\/wpguerssen-test.odoo.rgbconsulting.com\/es\/#organization\",\"name\":\"Guerssen records\",\"url\":\"https:\/\/wpguerssen-test.odoo.rgbconsulting.com\/es\/\",\"logo\":{\"@type\":\"ImageObject\",\"inLanguage\":\"es\",\"@id\":\"https:\/\/wpguerssen-test.odoo.rgbconsulting.com\/es\/#\/schema\/logo\/image\/\",\"url\":\"https:\/\/wpguerssen-test.odoo.rgbconsulting.com\/wp-content\/uploads\/2022\/04\/Logo_Guerssen_trans_100.png\",\"contentUrl\":\"https:\/\/wpguerssen-test.odoo.rgbconsulting.com\/wp-content\/uploads\/2022\/04\/Logo_Guerssen_trans_100.png\",\"width\":122,\"height\":100,\"caption\":\"Guerssen records\"},\"image\":{\"@id\":\"https:\/\/wpguerssen-test.odoo.rgbconsulting.com\/es\/#\/schema\/logo\/image\/\"}}]}<\/script>\n<!-- \/ Yoast SEO plugin. -->","yoast_head_json":{"title":"BLACK SABBATH - The Rebel (Blue) -  (LP) | Guerssen","description":"Blue colored vinyl and in a limited edition contains nine rarities from the early stages of Black Sabbath's career. As the abundant and exhaustive notes published on the back cover explain, \"The Rebel\" (written by Locomotive singer and keyboardist Norman Haines, who was initially expected to join the group and who played piano and organ in the recording made at Trident Studios in London) is a true \"holy grail\" for collectors dating back to the period in which the band, at that time still known as Earth, was about to change to its definitive name; Haines also wrote the bluesy \"When I Came Down\", recorded at Zella Studios in Birmingham in October 1969, while the three pieces that complete the A-side of the LP are alternate takes of famous songs later included in the first and homonymous album by Tony Iommi, Ozzy Osbourne, Geezer Butler and Bill Ward. Opening with a cover of \"Early One Morning\" by bluesman Elmore James, the tracklist of the second side continues with two songs later included in \"Black Sabbath\" and closes with a version of \"Wicked World\", published as the B-side of \"Evil Woman\": the four songs were recorded live on November 16, 1969 at the Rugman's Youth Club in Dumfries, Scotland, on a Grundig reel-to-reel recorder.","robots":{"index":"index","follow":"follow","max-snippet":"max-snippet:-1","max-image-preview":"max-image-preview:large","max-video-preview":"max-video-preview:-1"},"canonical":"https:\/\/wpguerssen-test.odoo.rgbconsulting.com\/es\/producto\/the-rebel-blue\/","og_locale":"es_ES","og_type":"article","og_title":"BLACK SABBATH - The Rebel (Blue) -  (LP) | Guerssen","og_description":"Blue colored vinyl and in a limited edition contains nine rarities from the early stages of Black Sabbath's career. As the abundant and exhaustive notes published on the back cover explain, \"The Rebel\" (written by Locomotive singer and keyboardist Norman Haines, who was initially expected to join the group and who played piano and organ in the recording made at Trident Studios in London) is a true \"holy grail\" for collectors dating back to the period in which the band, at that time still known as Earth, was about to change to its definitive name; Haines also wrote the bluesy \"When I Came Down\", recorded at Zella Studios in Birmingham in October 1969, while the three pieces that complete the A-side of the LP are alternate takes of famous songs later included in the first and homonymous album by Tony Iommi, Ozzy Osbourne, Geezer Butler and Bill Ward. Opening with a cover of \"Early One Morning\" by bluesman Elmore James, the tracklist of the second side continues with two songs later included in \"Black Sabbath\" and closes with a version of \"Wicked World\", published as the B-side of \"Evil Woman\": the four songs were recorded live on November 16, 1969 at the Rugman's Youth Club in Dumfries, Scotland, on a Grundig reel-to-reel recorder.","og_url":"https:\/\/wpguerssen-test.odoo.rgbconsulting.com\/es\/producto\/the-rebel-blue\/","og_site_name":"Guerssen records","article_modified_time":"2025-04-29T11:36:59+00:00","og_image":[{"width":876,"height":865,"url":"https:\/\/wpguerssen-test.odoo.rgbconsulting.com\/wp-content\/uploads\/2024\/11\/49357.jpg","type":"image\/jpeg"}],"twitter_card":"summary_large_image","twitter_title":"BLACK SABBATH - The Rebel (Blue) -  (LP) | Guerssen","twitter_misc":{"Tiempo de lectura":"1 minuto"},"schema":{"@context":"https:\/\/schema.org","@graph":[{"@type":"WebPage","@id":"https:\/\/wpguerssen-test.odoo.rgbconsulting.com\/es\/producto\/the-rebel-blue\/","url":"https:\/\/wpguerssen-test.odoo.rgbconsulting.com\/es\/producto\/the-rebel-blue\/","name":"BLACK SABBATH - The Rebel (Blue) - (LP) | Guerssen","isPartOf":{"@id":"https:\/\/wpguerssen-test.odoo.rgbconsulting.com\/es\/#website"},"primaryImageOfPage":{"@id":"https:\/\/wpguerssen-test.odoo.rgbconsulting.com\/es\/producto\/the-rebel-blue\/#primaryimage"},"image":{"@id":"https:\/\/wpguerssen-test.odoo.rgbconsulting.com\/es\/producto\/the-rebel-blue\/#primaryimage"},"thumbnailUrl":"https:\/\/wpguerssen-test.odoo.rgbconsulting.com\/wp-content\/uploads\/2024\/11\/49357.jpg","datePublished":"2025-02-10T23:00:00+00:00","dateModified":"2025-04-29T11:36:59+00:00","description":"Blue colored vinyl and in a limited edition contains nine rarities from the early stages of Black Sabbath's career. As the abundant and exhaustive notes published on the back cover explain, \"The Rebel\" (written by Locomotive singer and keyboardist Norman Haines, who was initially expected to join the group and who played piano and organ in the recording made at Trident Studios in London) is a true \"holy grail\" for collectors dating back to the period in which the band, at that time still known as Earth, was about to change to its definitive name; Haines also wrote the bluesy \"When I Came Down\", recorded at Zella Studios in Birmingham in October 1969, while the three pieces that complete the A-side of the LP are alternate takes of famous songs later included in the first and homonymous album by Tony Iommi, Ozzy Osbourne, Geezer Butler and Bill Ward. Opening with a cover of \"Early One Morning\" by bluesman Elmore James, the tracklist of the second side continues with two songs later included in \"Black Sabbath\" and closes with a version of \"Wicked World\", published as the B-side of \"Evil Woman\": the four songs were recorded live on November 16, 1969 at the Rugman's Youth Club in Dumfries, Scotland, on a Grundig reel-to-reel recorder.","breadcrumb":{"@id":"https:\/\/wpguerssen-test.odoo.rgbconsulting.com\/es\/producto\/the-rebel-blue\/#breadcrumb"},"inLanguage":"es","potentialAction":[{"@type":"ReadAction","target":["https:\/\/wpguerssen-test.odoo.rgbconsulting.com\/es\/producto\/the-rebel-blue\/"]}]},{"@type":"ImageObject","inLanguage":"es","@id":"https:\/\/wpguerssen-test.odoo.rgbconsulting.com\/es\/producto\/the-rebel-blue\/#primaryimage","url":"https:\/\/wpguerssen-test.odoo.rgbconsulting.com\/wp-content\/uploads\/2024\/11\/49357.jpg","contentUrl":"https:\/\/wpguerssen-test.odoo.rgbconsulting.com\/wp-content\/uploads\/2024\/11\/49357.jpg","width":876,"height":865},{"@type":"BreadcrumbList","@id":"https:\/\/wpguerssen-test.odoo.rgbconsulting.com\/es\/producto\/the-rebel-blue\/#breadcrumb","itemListElement":[{"@type":"ListItem","position":1,"name":"Inicio","item":"https:\/\/wpguerssen-test.odoo.rgbconsulting.com\/es\/"},{"@type":"ListItem","position":2,"name":"Shop","item":"https:\/\/wpguerssen-test.odoo.rgbconsulting.com\/shop\/"},{"@type":"ListItem","position":3,"name":"The Rebel (Blue)"}]},{"@type":"WebSite","@id":"https:\/\/wpguerssen-test.odoo.rgbconsulting.com\/es\/#website","url":"https:\/\/wpguerssen-test.odoo.rgbconsulting.com\/es\/","name":"Guerssen records","description":"psychedelia - progressive - folk - garage ","publisher":{"@id":"https:\/\/wpguerssen-test.odoo.rgbconsulting.com\/es\/#organization"},"potentialAction":[{"@type":"SearchAction","target":{"@type":"EntryPoint","urlTemplate":"https:\/\/wpguerssen-test.odoo.rgbconsulting.com\/es\/?s={search_term_string}"},"query-input":{"@type":"PropertyValueSpecification","valueRequired":true,"valueName":"search_term_string"}}],"inLanguage":"es"},{"@type":"Organization","@id":"https:\/\/wpguerssen-test.odoo.rgbconsulting.com\/es\/#organization","name":"Guerssen records","url":"https:\/\/wpguerssen-test.odoo.rgbconsulting.com\/es\/","logo":{"@type":"ImageObject","inLanguage":"es","@id":"https:\/\/wpguerssen-test.odoo.rgbconsulting.com\/es\/#\/schema\/logo\/image\/","url":"https:\/\/wpguerssen-test.odoo.rgbconsulting.com\/wp-content\/uploads\/2022\/04\/Logo_Guerssen_trans_100.png","contentUrl":"https:\/\/wpguerssen-test.odoo.rgbconsulting.com\/wp-content\/uploads\/2022\/04\/Logo_Guerssen_trans_100.png","width":122,"height":100,"caption":"Guerssen records"},"image":{"@id":"https:\/\/wpguerssen-test.odoo.rgbconsulting.com\/es\/#\/schema\/logo\/image\/"}}]}},"_links":{"self":[{"href":"https:\/\/wpguerssen-test.odoo.rgbconsulting.com\/es\/wp-json\/wp\/v2\/product\/279621","targetHints":{"allow":["GET"]}}],"collection":[{"href":"https:\/\/wpguerssen-test.odoo.rgbconsulting.com\/es\/wp-json\/wp\/v2\/product"}],"about":[{"href":"https:\/\/wpguerssen-test.odoo.rgbconsulting.com\/es\/wp-json\/wp\/v2\/types\/product"}],"wp:featuredmedia":[{"embeddable":true,"href":"https:\/\/wpguerssen-test.odoo.rgbconsulting.com\/es\/wp-json\/wp\/v2\/media\/279602"}],"wp:attachment":[{"href":"https:\/\/wpguerssen-test.odoo.rgbconsulting.com\/es\/wp-json\/wp\/v2\/media?parent=279621"}],"wp:term":[{"taxonomy":"product_brand","embeddable":true,"href":"https:\/\/wpguerssen-test.odoo.rgbconsulting.com\/es\/wp-json\/wp\/v2\/product_brand?post=279621"},{"taxonomy":"product_cat","embeddable":true,"href":"https:\/\/wpguerssen-test.odoo.rgbconsulting.com\/es\/wp-json\/wp\/v2\/product_cat?post=279621"},{"taxonomy":"product_tag","embeddable":true,"href":"https:\/\/wpguerssen-test.odoo.rgbconsulting.com\/es\/wp-json\/wp\/v2\/product_tag?post=279621"}],"curies":[{"name":"wp","href":"https:\/\/api.w.org\/{rel}","templated":true}]}}