{"id":279946,"date":"2025-03-24T00:00:00","date_gmt":"2025-03-23T23:00:00","guid":{"rendered":"https:\/\/wpguerssen-test.odoo.rgbconsulting.com\/product\/the-sound-of-now\/"},"modified":"2025-03-24T17:36:04","modified_gmt":"2025-03-24T16:36:04","slug":"the-sound-of-now","status":"publish","type":"product","link":"https:\/\/wpguerssen-test.odoo.rgbconsulting.com\/es\/producto\/the-sound-of-now\/","title":{"rendered":"The Sound Of Now"},"content":{"rendered":"<p>El sello Liquidator Music presenta el nuevo \u00e1lbum de la banda madrile\u00f1a Mango Wood, un LP de 12 temas editado en vinilo y en descarga digital disponible en todas las plataformas. Mango Wood vuelve con un \u00e1lbum de lo m\u00e1s gamberro tras el \u00e9xito de su anterior LP, &#8216;Stomp You Down&#8217; (Liquidator Music, 2020). En este larga duraci\u00f3n se puede apreciar la evoluci\u00f3n y el crecimiento y madurez de la banda con un sonido propio y caracter\u00edstico, adentr\u00e1ndose en composiciones m\u00e1s complejas pero sin alejarse de la esencia del sonido Boss Reggae. Anteriormente hemos disfrutado del lanzamiento del video single \u00abThe Sound Of Now\u00bb, canci\u00f3n que da nombre al \u00e1lbum, y donde la banda presenta su nueva formaci\u00f3n respecto al anterior \u00e1lbum que contaba con una est\u00e9tica bien definida. La producci\u00f3n del \u00e1lbum ha sido la misma que siempre han venido haciendo con sus anteriores grabaciones, grabando en directo en Estudios Brasil y luego mezclando en Estudios Estrella y masterizando en AD Mastering (Londres). En sus letras podemos encontrar una gran variedad de tem\u00e1ticas, desde el esp\u00edritu rebelde y desvergonzado de &#8216;The Leap&#8217; hasta las influencias occidentales de &#8216;The Colt from Manjatan&#8217;, pasando por el romanticismo de &#8216;Long Time&#8217; y &#8216;By Your Side&#8217;. Los estilos que aparecen en el \u00e1lbum son variados dentro del g\u00e9nero Early Reggae, desde el baile fren\u00e9tico de &#8216;The Sound Of Now&#8217; hasta la bluesera &#8216;King Rat&#8217;, pasando por la melosa &#8216;Hurts when I&#8217;m Gone&#8217;. Editado en vinilo con una edici\u00f3n muy limitada en copias de color naranja, editado por Liquidator Music y adquirible en su propia tienda de discos en el centro de Madrid, que aparece en la foto de la portada del \u00e1lbum.<\/p>\n","protected":false},"excerpt":{"rendered":"<p>El sello Liquidator Music presenta el nuevo \u00e1lbum de la banda madrile\u00f1a Mango Wood, un LP de 12 temas editado en vinilo y en descarga digital disponible en todas<a class=\"read\" href=\"https:\/\/wpguerssen-test.odoo.rgbconsulting.com\/es\/producto\/the-sound-of-now\/\"> (...)<\/a>","protected":false},"featured_media":279880,"template":"","meta":{"_acf_changed":false},"product_brand":[],"product_cat":[21666],"product_tag":[24189],"class_list":{"0":"post-279946","1":"product","2":"type-product","3":"status-publish","4":"has-post-thumbnail","6":"product_cat-reggae-ska-dub-es","7":"product_tag-recien-llegadas","8":"pa_artist-mango-wood","9":"pa_format-lp-es","10":"pa_gender-reggae-ska-dub","11":"pa_label-liquidator","12":"pa_location-spain-es","13":"pa_other-filters-vinyl-only-es","15":"first","16":"instock","17":"taxable","18":"shipping-taxable","19":"purchasable","20":"product-type-simple"},"acf":[],"yoast_head":"<!-- This site is optimized with the Yoast SEO plugin v24.9 - https:\/\/yoast.com\/wordpress\/plugins\/seo\/ -->\n<title>MANGO WOOD - The Sound Of Now -  (LP) | Guerssen<\/title>\n<meta name=\"description\" content=\"Liquidator Music label presents pride of Madrid&#039;s Mango Wood brand new album, a 12 track LP released on vinyl disc and as digital download available at every platform. Mango Wood comes back with a wicked album after the success of their previous LP, &#039;Stomp You Down&#039; (Liquidator Music, 2020). In this long player you can appreciate the evolution and the band&#039;s growth and maturity with their own and characteristic sound, they delve into more complex compositions but without moving away from the essence of Boss Reggae sound. We &#039; ve previously enjoyed the release of the video single &quot;The Sound Of Now&quot;, song that names the album, and where the band presents its new line-up compared to the previous album that had a well-defined aesthetic. The album&#039;s production has been the same way they have always been doing with their previous recordings, recording live at Estudios Brazil and then mixing at Estudios Estrella and mastering at AD Mastering (London). In their lyrics, we can find a wide variety of themes, from the rebellious and shameless spirit of &#039;The Leap&#039; to the Western influences of &#039;The Colt from Manjatan&#039;, passing through the romanticism of &#039;Long Time&#039; and &#039;By Your Side&#039;. The styles that appear on the album are varied within the Early Reggae genre, from the frenetic dance of &#039;The Sound Of Now&#039; to the bluesy &#039;King Rat&#039;, passing through the mellow &#039;Hurts when I&#039;m Gone&#039;. Released on vinyl with a very limited edition in orange colored copies, released by Liquidator Music and purchasable at their own record store on Madrid&#039;s city center, featured on the album cover&#039;s photo.\" \/>\n<meta name=\"robots\" content=\"index, follow, max-snippet:-1, max-image-preview:large, max-video-preview:-1\" \/>\n<link rel=\"canonical\" href=\"https:\/\/wpguerssen-test.odoo.rgbconsulting.com\/es\/producto\/the-sound-of-now\/\" \/>\n<meta property=\"og:locale\" content=\"es_ES\" \/>\n<meta property=\"og:type\" content=\"article\" \/>\n<meta property=\"og:title\" content=\"MANGO WOOD - The Sound Of Now -  (LP) | Guerssen\" \/>\n<meta property=\"og:description\" content=\"Liquidator Music label presents pride of Madrid&#039;s Mango Wood brand new album, a 12 track LP released on vinyl disc and as digital download available at every platform. Mango Wood comes back with a wicked album after the success of their previous LP, &#039;Stomp You Down&#039; (Liquidator Music, 2020). In this long player you can appreciate the evolution and the band&#039;s growth and maturity with their own and characteristic sound, they delve into more complex compositions but without moving away from the essence of Boss Reggae sound. We &#039; ve previously enjoyed the release of the video single &quot;The Sound Of Now&quot;, song that names the album, and where the band presents its new line-up compared to the previous album that had a well-defined aesthetic. The album&#039;s production has been the same way they have always been doing with their previous recordings, recording live at Estudios Brazil and then mixing at Estudios Estrella and mastering at AD Mastering (London). In their lyrics, we can find a wide variety of themes, from the rebellious and shameless spirit of &#039;The Leap&#039; to the Western influences of &#039;The Colt from Manjatan&#039;, passing through the romanticism of &#039;Long Time&#039; and &#039;By Your Side&#039;. The styles that appear on the album are varied within the Early Reggae genre, from the frenetic dance of &#039;The Sound Of Now&#039; to the bluesy &#039;King Rat&#039;, passing through the mellow &#039;Hurts when I&#039;m Gone&#039;. Released on vinyl with a very limited edition in orange colored copies, released by Liquidator Music and purchasable at their own record store on Madrid&#039;s city center, featured on the album cover&#039;s photo.\" \/>\n<meta property=\"og:url\" content=\"https:\/\/wpguerssen-test.odoo.rgbconsulting.com\/es\/producto\/the-sound-of-now\/\" \/>\n<meta property=\"og:site_name\" content=\"Guerssen records\" \/>\n<meta property=\"article:modified_time\" content=\"2025-03-24T16:36:04+00:00\" \/>\n<meta property=\"og:image\" content=\"https:\/\/wpguerssen-test.odoo.rgbconsulting.com\/wp-content\/uploads\/2024\/12\/49376.jpg\" \/>\n\t<meta property=\"og:image:width\" content=\"243\" \/>\n\t<meta property=\"og:image:height\" content=\"242\" \/>\n\t<meta property=\"og:image:type\" content=\"image\/jpeg\" \/>\n<meta name=\"twitter:card\" content=\"summary_large_image\" \/>\n<meta name=\"twitter:title\" content=\"MANGO WOOD - The Sound Of Now -  (LP) | Guerssen\" \/>\n<meta name=\"twitter:label1\" content=\"Tiempo de lectura\" \/>\n\t<meta name=\"twitter:data1\" content=\"1 minuto\" \/>\n<script type=\"application\/ld+json\" class=\"yoast-schema-graph\">{\"@context\":\"https:\/\/schema.org\",\"@graph\":[{\"@type\":\"WebPage\",\"@id\":\"https:\/\/wpguerssen-test.odoo.rgbconsulting.com\/es\/producto\/the-sound-of-now\/\",\"url\":\"https:\/\/wpguerssen-test.odoo.rgbconsulting.com\/es\/producto\/the-sound-of-now\/\",\"name\":\"MANGO WOOD - The Sound Of Now - (LP) | Guerssen\",\"isPartOf\":{\"@id\":\"https:\/\/wpguerssen-test.odoo.rgbconsulting.com\/es\/#website\"},\"primaryImageOfPage\":{\"@id\":\"https:\/\/wpguerssen-test.odoo.rgbconsulting.com\/es\/producto\/the-sound-of-now\/#primaryimage\"},\"image\":{\"@id\":\"https:\/\/wpguerssen-test.odoo.rgbconsulting.com\/es\/producto\/the-sound-of-now\/#primaryimage\"},\"thumbnailUrl\":\"https:\/\/wpguerssen-test.odoo.rgbconsulting.com\/wp-content\/uploads\/2024\/12\/49376.jpg\",\"datePublished\":\"2025-03-23T23:00:00+00:00\",\"dateModified\":\"2025-03-24T16:36:04+00:00\",\"description\":\"Liquidator Music label presents pride of Madrid's Mango Wood brand new album, a 12 track LP released on vinyl disc and as digital download available at every platform. Mango Wood comes back with a wicked album after the success of their previous LP, 'Stomp You Down' (Liquidator Music, 2020). In this long player you can appreciate the evolution and the band's growth and maturity with their own and characteristic sound, they delve into more complex compositions but without moving away from the essence of Boss Reggae sound. We ' ve previously enjoyed the release of the video single \\\"The Sound Of Now\\\", song that names the album, and where the band presents its new line-up compared to the previous album that had a well-defined aesthetic. The album's production has been the same way they have always been doing with their previous recordings, recording live at Estudios Brazil and then mixing at Estudios Estrella and mastering at AD Mastering (London). In their lyrics, we can find a wide variety of themes, from the rebellious and shameless spirit of 'The Leap' to the Western influences of 'The Colt from Manjatan', passing through the romanticism of 'Long Time' and 'By Your Side'. The styles that appear on the album are varied within the Early Reggae genre, from the frenetic dance of 'The Sound Of Now' to the bluesy 'King Rat', passing through the mellow 'Hurts when I'm Gone'. Released on vinyl with a very limited edition in orange colored copies, released by Liquidator Music and purchasable at their own record store on Madrid's city center, featured on the album cover's photo.\",\"breadcrumb\":{\"@id\":\"https:\/\/wpguerssen-test.odoo.rgbconsulting.com\/es\/producto\/the-sound-of-now\/#breadcrumb\"},\"inLanguage\":\"es\",\"potentialAction\":[{\"@type\":\"ReadAction\",\"target\":[\"https:\/\/wpguerssen-test.odoo.rgbconsulting.com\/es\/producto\/the-sound-of-now\/\"]}]},{\"@type\":\"ImageObject\",\"inLanguage\":\"es\",\"@id\":\"https:\/\/wpguerssen-test.odoo.rgbconsulting.com\/es\/producto\/the-sound-of-now\/#primaryimage\",\"url\":\"https:\/\/wpguerssen-test.odoo.rgbconsulting.com\/wp-content\/uploads\/2024\/12\/49376.jpg\",\"contentUrl\":\"https:\/\/wpguerssen-test.odoo.rgbconsulting.com\/wp-content\/uploads\/2024\/12\/49376.jpg\",\"width\":243,\"height\":242},{\"@type\":\"BreadcrumbList\",\"@id\":\"https:\/\/wpguerssen-test.odoo.rgbconsulting.com\/es\/producto\/the-sound-of-now\/#breadcrumb\",\"itemListElement\":[{\"@type\":\"ListItem\",\"position\":1,\"name\":\"Inicio\",\"item\":\"https:\/\/wpguerssen-test.odoo.rgbconsulting.com\/es\/\"},{\"@type\":\"ListItem\",\"position\":2,\"name\":\"Shop\",\"item\":\"https:\/\/wpguerssen-test.odoo.rgbconsulting.com\/shop\/\"},{\"@type\":\"ListItem\",\"position\":3,\"name\":\"The Sound Of Now\"}]},{\"@type\":\"WebSite\",\"@id\":\"https:\/\/wpguerssen-test.odoo.rgbconsulting.com\/es\/#website\",\"url\":\"https:\/\/wpguerssen-test.odoo.rgbconsulting.com\/es\/\",\"name\":\"Guerssen records\",\"description\":\"psychedelia - progressive - folk - garage \",\"publisher\":{\"@id\":\"https:\/\/wpguerssen-test.odoo.rgbconsulting.com\/es\/#organization\"},\"potentialAction\":[{\"@type\":\"SearchAction\",\"target\":{\"@type\":\"EntryPoint\",\"urlTemplate\":\"https:\/\/wpguerssen-test.odoo.rgbconsulting.com\/es\/?s={search_term_string}\"},\"query-input\":{\"@type\":\"PropertyValueSpecification\",\"valueRequired\":true,\"valueName\":\"search_term_string\"}}],\"inLanguage\":\"es\"},{\"@type\":\"Organization\",\"@id\":\"https:\/\/wpguerssen-test.odoo.rgbconsulting.com\/es\/#organization\",\"name\":\"Guerssen records\",\"url\":\"https:\/\/wpguerssen-test.odoo.rgbconsulting.com\/es\/\",\"logo\":{\"@type\":\"ImageObject\",\"inLanguage\":\"es\",\"@id\":\"https:\/\/wpguerssen-test.odoo.rgbconsulting.com\/es\/#\/schema\/logo\/image\/\",\"url\":\"https:\/\/wpguerssen-test.odoo.rgbconsulting.com\/wp-content\/uploads\/2022\/04\/Logo_Guerssen_trans_100.png\",\"contentUrl\":\"https:\/\/wpguerssen-test.odoo.rgbconsulting.com\/wp-content\/uploads\/2022\/04\/Logo_Guerssen_trans_100.png\",\"width\":122,\"height\":100,\"caption\":\"Guerssen records\"},\"image\":{\"@id\":\"https:\/\/wpguerssen-test.odoo.rgbconsulting.com\/es\/#\/schema\/logo\/image\/\"}}]}<\/script>\n<!-- \/ Yoast SEO plugin. -->","yoast_head_json":{"title":"MANGO WOOD - The Sound Of Now -  (LP) | Guerssen","description":"Liquidator Music label presents pride of Madrid's Mango Wood brand new album, a 12 track LP released on vinyl disc and as digital download available at every platform. Mango Wood comes back with a wicked album after the success of their previous LP, 'Stomp You Down' (Liquidator Music, 2020). In this long player you can appreciate the evolution and the band's growth and maturity with their own and characteristic sound, they delve into more complex compositions but without moving away from the essence of Boss Reggae sound. We ' ve previously enjoyed the release of the video single \"The Sound Of Now\", song that names the album, and where the band presents its new line-up compared to the previous album that had a well-defined aesthetic. The album's production has been the same way they have always been doing with their previous recordings, recording live at Estudios Brazil and then mixing at Estudios Estrella and mastering at AD Mastering (London). In their lyrics, we can find a wide variety of themes, from the rebellious and shameless spirit of 'The Leap' to the Western influences of 'The Colt from Manjatan', passing through the romanticism of 'Long Time' and 'By Your Side'. The styles that appear on the album are varied within the Early Reggae genre, from the frenetic dance of 'The Sound Of Now' to the bluesy 'King Rat', passing through the mellow 'Hurts when I'm Gone'. Released on vinyl with a very limited edition in orange colored copies, released by Liquidator Music and purchasable at their own record store on Madrid's city center, featured on the album cover's photo.","robots":{"index":"index","follow":"follow","max-snippet":"max-snippet:-1","max-image-preview":"max-image-preview:large","max-video-preview":"max-video-preview:-1"},"canonical":"https:\/\/wpguerssen-test.odoo.rgbconsulting.com\/es\/producto\/the-sound-of-now\/","og_locale":"es_ES","og_type":"article","og_title":"MANGO WOOD - The Sound Of Now -  (LP) | Guerssen","og_description":"Liquidator Music label presents pride of Madrid's Mango Wood brand new album, a 12 track LP released on vinyl disc and as digital download available at every platform. Mango Wood comes back with a wicked album after the success of their previous LP, 'Stomp You Down' (Liquidator Music, 2020). In this long player you can appreciate the evolution and the band's growth and maturity with their own and characteristic sound, they delve into more complex compositions but without moving away from the essence of Boss Reggae sound. We ' ve previously enjoyed the release of the video single \"The Sound Of Now\", song that names the album, and where the band presents its new line-up compared to the previous album that had a well-defined aesthetic. The album's production has been the same way they have always been doing with their previous recordings, recording live at Estudios Brazil and then mixing at Estudios Estrella and mastering at AD Mastering (London). In their lyrics, we can find a wide variety of themes, from the rebellious and shameless spirit of 'The Leap' to the Western influences of 'The Colt from Manjatan', passing through the romanticism of 'Long Time' and 'By Your Side'. The styles that appear on the album are varied within the Early Reggae genre, from the frenetic dance of 'The Sound Of Now' to the bluesy 'King Rat', passing through the mellow 'Hurts when I'm Gone'. Released on vinyl with a very limited edition in orange colored copies, released by Liquidator Music and purchasable at their own record store on Madrid's city center, featured on the album cover's photo.","og_url":"https:\/\/wpguerssen-test.odoo.rgbconsulting.com\/es\/producto\/the-sound-of-now\/","og_site_name":"Guerssen records","article_modified_time":"2025-03-24T16:36:04+00:00","og_image":[{"width":243,"height":242,"url":"https:\/\/wpguerssen-test.odoo.rgbconsulting.com\/wp-content\/uploads\/2024\/12\/49376.jpg","type":"image\/jpeg"}],"twitter_card":"summary_large_image","twitter_title":"MANGO WOOD - The Sound Of Now -  (LP) | Guerssen","twitter_misc":{"Tiempo de lectura":"1 minuto"},"schema":{"@context":"https:\/\/schema.org","@graph":[{"@type":"WebPage","@id":"https:\/\/wpguerssen-test.odoo.rgbconsulting.com\/es\/producto\/the-sound-of-now\/","url":"https:\/\/wpguerssen-test.odoo.rgbconsulting.com\/es\/producto\/the-sound-of-now\/","name":"MANGO WOOD - The Sound Of Now - (LP) | Guerssen","isPartOf":{"@id":"https:\/\/wpguerssen-test.odoo.rgbconsulting.com\/es\/#website"},"primaryImageOfPage":{"@id":"https:\/\/wpguerssen-test.odoo.rgbconsulting.com\/es\/producto\/the-sound-of-now\/#primaryimage"},"image":{"@id":"https:\/\/wpguerssen-test.odoo.rgbconsulting.com\/es\/producto\/the-sound-of-now\/#primaryimage"},"thumbnailUrl":"https:\/\/wpguerssen-test.odoo.rgbconsulting.com\/wp-content\/uploads\/2024\/12\/49376.jpg","datePublished":"2025-03-23T23:00:00+00:00","dateModified":"2025-03-24T16:36:04+00:00","description":"Liquidator Music label presents pride of Madrid's Mango Wood brand new album, a 12 track LP released on vinyl disc and as digital download available at every platform. Mango Wood comes back with a wicked album after the success of their previous LP, 'Stomp You Down' (Liquidator Music, 2020). In this long player you can appreciate the evolution and the band's growth and maturity with their own and characteristic sound, they delve into more complex compositions but without moving away from the essence of Boss Reggae sound. We ' ve previously enjoyed the release of the video single \"The Sound Of Now\", song that names the album, and where the band presents its new line-up compared to the previous album that had a well-defined aesthetic. The album's production has been the same way they have always been doing with their previous recordings, recording live at Estudios Brazil and then mixing at Estudios Estrella and mastering at AD Mastering (London). In their lyrics, we can find a wide variety of themes, from the rebellious and shameless spirit of 'The Leap' to the Western influences of 'The Colt from Manjatan', passing through the romanticism of 'Long Time' and 'By Your Side'. The styles that appear on the album are varied within the Early Reggae genre, from the frenetic dance of 'The Sound Of Now' to the bluesy 'King Rat', passing through the mellow 'Hurts when I'm Gone'. Released on vinyl with a very limited edition in orange colored copies, released by Liquidator Music and purchasable at their own record store on Madrid's city center, featured on the album cover's photo.","breadcrumb":{"@id":"https:\/\/wpguerssen-test.odoo.rgbconsulting.com\/es\/producto\/the-sound-of-now\/#breadcrumb"},"inLanguage":"es","potentialAction":[{"@type":"ReadAction","target":["https:\/\/wpguerssen-test.odoo.rgbconsulting.com\/es\/producto\/the-sound-of-now\/"]}]},{"@type":"ImageObject","inLanguage":"es","@id":"https:\/\/wpguerssen-test.odoo.rgbconsulting.com\/es\/producto\/the-sound-of-now\/#primaryimage","url":"https:\/\/wpguerssen-test.odoo.rgbconsulting.com\/wp-content\/uploads\/2024\/12\/49376.jpg","contentUrl":"https:\/\/wpguerssen-test.odoo.rgbconsulting.com\/wp-content\/uploads\/2024\/12\/49376.jpg","width":243,"height":242},{"@type":"BreadcrumbList","@id":"https:\/\/wpguerssen-test.odoo.rgbconsulting.com\/es\/producto\/the-sound-of-now\/#breadcrumb","itemListElement":[{"@type":"ListItem","position":1,"name":"Inicio","item":"https:\/\/wpguerssen-test.odoo.rgbconsulting.com\/es\/"},{"@type":"ListItem","position":2,"name":"Shop","item":"https:\/\/wpguerssen-test.odoo.rgbconsulting.com\/shop\/"},{"@type":"ListItem","position":3,"name":"The Sound Of Now"}]},{"@type":"WebSite","@id":"https:\/\/wpguerssen-test.odoo.rgbconsulting.com\/es\/#website","url":"https:\/\/wpguerssen-test.odoo.rgbconsulting.com\/es\/","name":"Guerssen records","description":"psychedelia - progressive - folk - garage ","publisher":{"@id":"https:\/\/wpguerssen-test.odoo.rgbconsulting.com\/es\/#organization"},"potentialAction":[{"@type":"SearchAction","target":{"@type":"EntryPoint","urlTemplate":"https:\/\/wpguerssen-test.odoo.rgbconsulting.com\/es\/?s={search_term_string}"},"query-input":{"@type":"PropertyValueSpecification","valueRequired":true,"valueName":"search_term_string"}}],"inLanguage":"es"},{"@type":"Organization","@id":"https:\/\/wpguerssen-test.odoo.rgbconsulting.com\/es\/#organization","name":"Guerssen records","url":"https:\/\/wpguerssen-test.odoo.rgbconsulting.com\/es\/","logo":{"@type":"ImageObject","inLanguage":"es","@id":"https:\/\/wpguerssen-test.odoo.rgbconsulting.com\/es\/#\/schema\/logo\/image\/","url":"https:\/\/wpguerssen-test.odoo.rgbconsulting.com\/wp-content\/uploads\/2022\/04\/Logo_Guerssen_trans_100.png","contentUrl":"https:\/\/wpguerssen-test.odoo.rgbconsulting.com\/wp-content\/uploads\/2022\/04\/Logo_Guerssen_trans_100.png","width":122,"height":100,"caption":"Guerssen records"},"image":{"@id":"https:\/\/wpguerssen-test.odoo.rgbconsulting.com\/es\/#\/schema\/logo\/image\/"}}]}},"_links":{"self":[{"href":"https:\/\/wpguerssen-test.odoo.rgbconsulting.com\/es\/wp-json\/wp\/v2\/product\/279946","targetHints":{"allow":["GET"]}}],"collection":[{"href":"https:\/\/wpguerssen-test.odoo.rgbconsulting.com\/es\/wp-json\/wp\/v2\/product"}],"about":[{"href":"https:\/\/wpguerssen-test.odoo.rgbconsulting.com\/es\/wp-json\/wp\/v2\/types\/product"}],"wp:featuredmedia":[{"embeddable":true,"href":"https:\/\/wpguerssen-test.odoo.rgbconsulting.com\/es\/wp-json\/wp\/v2\/media\/279880"}],"wp:attachment":[{"href":"https:\/\/wpguerssen-test.odoo.rgbconsulting.com\/es\/wp-json\/wp\/v2\/media?parent=279946"}],"wp:term":[{"taxonomy":"product_brand","embeddable":true,"href":"https:\/\/wpguerssen-test.odoo.rgbconsulting.com\/es\/wp-json\/wp\/v2\/product_brand?post=279946"},{"taxonomy":"product_cat","embeddable":true,"href":"https:\/\/wpguerssen-test.odoo.rgbconsulting.com\/es\/wp-json\/wp\/v2\/product_cat?post=279946"},{"taxonomy":"product_tag","embeddable":true,"href":"https:\/\/wpguerssen-test.odoo.rgbconsulting.com\/es\/wp-json\/wp\/v2\/product_tag?post=279946"}],"curies":[{"name":"wp","href":"https:\/\/api.w.org\/{rel}","templated":true}]}}