{"id":279948,"date":"2025-03-24T00:00:00","date_gmt":"2025-03-23T23:00:00","guid":{"rendered":"https:\/\/wpguerssen-test.odoo.rgbconsulting.com\/product\/salon-de-baile\/"},"modified":"2025-03-24T17:36:09","modified_gmt":"2025-03-24T16:36:09","slug":"salon-de-baile","status":"publish","type":"product","link":"https:\/\/wpguerssen-test.odoo.rgbconsulting.com\/es\/producto\/salon-de-baile\/","title":{"rendered":"Sal\u00f3n De Baile"},"content":{"rendered":"<p>De Sudam\u00e9rica para el mundo. Santiago Downbeat es una respetada orquesta que, desde 2008, se ha dedicado a escribir su propia m\u00fasica original, fuertemente influenciada por los ritmos jamaicanos de los a\u00f1os 60. Despu\u00e9s de haber lanzado dos impresionantes \u00e1lbumes de estudio, realizado giras por Argentina, Europa y Chile, nuestro querido conjunto ha estado bastante tranquilo durante casi una d\u00e9cada. Hasta 2024 con el lanzamiento del sencillo &#8216;El Acuerdo&#8217;, una poderosa melod\u00eda de Ska vocal cantada por la incre\u00edble Natalia Ram\u00edrez, la cantante principal de la banda. Y alrededor de 6 meses despu\u00e9s lanzaron un segundo sencillo titulado &#8216;Abajo El Mar&#8217;, un sabroso y conmovedor dueto de Rocksteady cantado por Natalia y el compositor espa\u00f1ol, Sebasti\u00e1n Orellana, que nos transporta a los a\u00f1os dorados disfrutando de estas agradables armon\u00edas vocales. &#8216;Sal\u00f3n De Baile&#8217; es el t\u00edtulo de este nuevo \u00e1lbum formado por 10 canciones grabadas en directo en el estudio, con las que podemos sentir la energ\u00eda y madurez que estos 12 m\u00fasicos han desarrollado a lo largo de los a\u00f1os, bajo la composici\u00f3n y direcci\u00f3n del trompetista de la banda, Cristian Cerpa. En sus propias palabras: \u00abSal\u00f3n De Baile es como una oda a un lugar de reuni\u00f3n y celebraci\u00f3n, con su propio ritual, donde la gente com\u00fan va a saltar o simplemente a purgar el peso de la existencia, a trav\u00e9s del desenfreno y el exceso pero, tambi\u00e9n, para generar comuni\u00f3n y conexi\u00f3n. Como dice la letra del tema de reggae pesado &#8216;Despu\u00e9s De La Lluvia&#8217;: \u00ab&#8230;Y as\u00ed saltar\u00e1s y flotar\u00e1s en la sala de estar, te dejar\u00e1s envolver por este calor y, una vez m\u00e1s, dejar\u00e1s tu cabeza en un rinc\u00f3n, como el ladr\u00f3n.<\/p>\n","protected":false},"excerpt":{"rendered":"<p>De Sudam\u00e9rica para el mundo. Santiago Downbeat es una respetada orquesta que, desde 2008, se ha dedicado a escribir su propia m\u00fasica original, fuertemente influenciada<a class=\"read\" href=\"https:\/\/wpguerssen-test.odoo.rgbconsulting.com\/es\/producto\/salon-de-baile\/\"> (...)<\/a>","protected":false},"featured_media":279886,"template":"","meta":{"_acf_changed":false},"product_brand":[],"product_cat":[21666],"product_tag":[24189],"class_list":{"0":"post-279948","1":"product","2":"type-product","3":"status-publish","4":"has-post-thumbnail","6":"product_cat-reggae-ska-dub-es","7":"product_tag-recien-llegadas","8":"pa_artist-santiago-downbeat","9":"pa_format-lp-es","10":"pa_gender-reggae-ska-dub","11":"pa_label-liquidator","12":"pa_location-south-america-caribbean-es","13":"pa_other-filters-vinyl-only-es","15":"first","16":"instock","17":"taxable","18":"shipping-taxable","19":"purchasable","20":"product-type-simple"},"acf":[],"yoast_head":"<!-- This site is optimized with the Yoast SEO plugin v24.9 - https:\/\/yoast.com\/wordpress\/plugins\/seo\/ -->\n<title>SANTIAGO DOWNBEAT - Sal\u00f3n De Baile -  (LP) | Guerssen<\/title>\n<meta name=\"description\" content=\"From South America to the world. Santiago Downbeat is a well respected orchestra that, since 2008, has been devoted to write their original own music, strongly influenced by Jamaican rhythms from the 60&#039;s. After having released two stunning studio albums, toured Argentina, Europe and Chile, our beloved ensemble have been kind of quiet, for nearly a decade. Until 2024 with the release of the single &#039;El Acuerdo&#039;, a powerful vocal Ska tune sung by the amazing Natalia Ramirez, the band lead singer. And around 6 months later they released a second single entitled &#039;Abajo El Mar&#039;, a tasty and soulful Rocksteady duet sung by Natalia and, the Spanish based songwriter, Sebastian Orellana, which transports us to the golden years enjoying these nice vocal harmonies. &#039;Sal\u00f3n De Baile&#039; is the title of this brand new album formed by 10 songs recorded live in the studio, with which we can feel the energy and maturity that these 12 musicians have developed during the years, under the composition and direction of the band&#039;s trumpet player Cristian Cerpa. In his own words: &quot;Sal\u00f3n De Baile is like an ode to a place for reunion and celebration, with it&#039;s own ritual, where the common people goes for jumping or just purge the weight of existence, through debauchery and excess but, also, for generating communion and connection. As the lyrics from the heavy reggae tune &#039;Despu\u00e9s De La Lluvia&#039; tells : &quot;...And this way you will jump and float in the living room, you will let yourself be enveloped by this heat and, once again, you will leave your head in a corner, like the thief.\" \/>\n<meta name=\"robots\" content=\"index, follow, max-snippet:-1, max-image-preview:large, max-video-preview:-1\" \/>\n<link rel=\"canonical\" href=\"https:\/\/wpguerssen-test.odoo.rgbconsulting.com\/es\/producto\/salon-de-baile\/\" \/>\n<meta property=\"og:locale\" content=\"es_ES\" \/>\n<meta property=\"og:type\" content=\"article\" \/>\n<meta property=\"og:title\" content=\"SANTIAGO DOWNBEAT - Sal\u00f3n De Baile -  (LP) | Guerssen\" \/>\n<meta property=\"og:description\" content=\"From South America to the world. Santiago Downbeat is a well respected orchestra that, since 2008, has been devoted to write their original own music, strongly influenced by Jamaican rhythms from the 60&#039;s. After having released two stunning studio albums, toured Argentina, Europe and Chile, our beloved ensemble have been kind of quiet, for nearly a decade. Until 2024 with the release of the single &#039;El Acuerdo&#039;, a powerful vocal Ska tune sung by the amazing Natalia Ramirez, the band lead singer. And around 6 months later they released a second single entitled &#039;Abajo El Mar&#039;, a tasty and soulful Rocksteady duet sung by Natalia and, the Spanish based songwriter, Sebastian Orellana, which transports us to the golden years enjoying these nice vocal harmonies. &#039;Sal\u00f3n De Baile&#039; is the title of this brand new album formed by 10 songs recorded live in the studio, with which we can feel the energy and maturity that these 12 musicians have developed during the years, under the composition and direction of the band&#039;s trumpet player Cristian Cerpa. In his own words: &quot;Sal\u00f3n De Baile is like an ode to a place for reunion and celebration, with it&#039;s own ritual, where the common people goes for jumping or just purge the weight of existence, through debauchery and excess but, also, for generating communion and connection. As the lyrics from the heavy reggae tune &#039;Despu\u00e9s De La Lluvia&#039; tells : &quot;...And this way you will jump and float in the living room, you will let yourself be enveloped by this heat and, once again, you will leave your head in a corner, like the thief.\" \/>\n<meta property=\"og:url\" content=\"https:\/\/wpguerssen-test.odoo.rgbconsulting.com\/es\/producto\/salon-de-baile\/\" \/>\n<meta property=\"og:site_name\" content=\"Guerssen records\" \/>\n<meta property=\"article:modified_time\" content=\"2025-03-24T16:36:09+00:00\" \/>\n<meta property=\"og:image\" content=\"https:\/\/wpguerssen-test.odoo.rgbconsulting.com\/wp-content\/uploads\/2024\/12\/49378.jpg\" \/>\n\t<meta property=\"og:image:width\" content=\"243\" \/>\n\t<meta property=\"og:image:height\" content=\"242\" \/>\n\t<meta property=\"og:image:type\" content=\"image\/jpeg\" \/>\n<meta name=\"twitter:card\" content=\"summary_large_image\" \/>\n<meta name=\"twitter:title\" content=\"SANTIAGO DOWNBEAT - Sal\u00f3n De Baile -  (LP) | Guerssen\" \/>\n<meta name=\"twitter:label1\" content=\"Tiempo de lectura\" \/>\n\t<meta name=\"twitter:data1\" content=\"2 minutos\" \/>\n<script type=\"application\/ld+json\" class=\"yoast-schema-graph\">{\"@context\":\"https:\/\/schema.org\",\"@graph\":[{\"@type\":\"WebPage\",\"@id\":\"https:\/\/wpguerssen-test.odoo.rgbconsulting.com\/es\/producto\/salon-de-baile\/\",\"url\":\"https:\/\/wpguerssen-test.odoo.rgbconsulting.com\/es\/producto\/salon-de-baile\/\",\"name\":\"SANTIAGO DOWNBEAT - Sal\u00f3n De Baile - (LP) | Guerssen\",\"isPartOf\":{\"@id\":\"https:\/\/wpguerssen-test.odoo.rgbconsulting.com\/es\/#website\"},\"primaryImageOfPage\":{\"@id\":\"https:\/\/wpguerssen-test.odoo.rgbconsulting.com\/es\/producto\/salon-de-baile\/#primaryimage\"},\"image\":{\"@id\":\"https:\/\/wpguerssen-test.odoo.rgbconsulting.com\/es\/producto\/salon-de-baile\/#primaryimage\"},\"thumbnailUrl\":\"https:\/\/wpguerssen-test.odoo.rgbconsulting.com\/wp-content\/uploads\/2024\/12\/49378.jpg\",\"datePublished\":\"2025-03-23T23:00:00+00:00\",\"dateModified\":\"2025-03-24T16:36:09+00:00\",\"description\":\"From South America to the world. Santiago Downbeat is a well respected orchestra that, since 2008, has been devoted to write their original own music, strongly influenced by Jamaican rhythms from the 60's. After having released two stunning studio albums, toured Argentina, Europe and Chile, our beloved ensemble have been kind of quiet, for nearly a decade. Until 2024 with the release of the single 'El Acuerdo', a powerful vocal Ska tune sung by the amazing Natalia Ramirez, the band lead singer. And around 6 months later they released a second single entitled 'Abajo El Mar', a tasty and soulful Rocksteady duet sung by Natalia and, the Spanish based songwriter, Sebastian Orellana, which transports us to the golden years enjoying these nice vocal harmonies. 'Sal\u00f3n De Baile' is the title of this brand new album formed by 10 songs recorded live in the studio, with which we can feel the energy and maturity that these 12 musicians have developed during the years, under the composition and direction of the band's trumpet player Cristian Cerpa. In his own words: \\\"Sal\u00f3n De Baile is like an ode to a place for reunion and celebration, with it's own ritual, where the common people goes for jumping or just purge the weight of existence, through debauchery and excess but, also, for generating communion and connection. As the lyrics from the heavy reggae tune 'Despu\u00e9s De La Lluvia' tells : \\\"...And this way you will jump and float in the living room, you will let yourself be enveloped by this heat and, once again, you will leave your head in a corner, like the thief.\",\"breadcrumb\":{\"@id\":\"https:\/\/wpguerssen-test.odoo.rgbconsulting.com\/es\/producto\/salon-de-baile\/#breadcrumb\"},\"inLanguage\":\"es\",\"potentialAction\":[{\"@type\":\"ReadAction\",\"target\":[\"https:\/\/wpguerssen-test.odoo.rgbconsulting.com\/es\/producto\/salon-de-baile\/\"]}]},{\"@type\":\"ImageObject\",\"inLanguage\":\"es\",\"@id\":\"https:\/\/wpguerssen-test.odoo.rgbconsulting.com\/es\/producto\/salon-de-baile\/#primaryimage\",\"url\":\"https:\/\/wpguerssen-test.odoo.rgbconsulting.com\/wp-content\/uploads\/2024\/12\/49378.jpg\",\"contentUrl\":\"https:\/\/wpguerssen-test.odoo.rgbconsulting.com\/wp-content\/uploads\/2024\/12\/49378.jpg\",\"width\":243,\"height\":242},{\"@type\":\"BreadcrumbList\",\"@id\":\"https:\/\/wpguerssen-test.odoo.rgbconsulting.com\/es\/producto\/salon-de-baile\/#breadcrumb\",\"itemListElement\":[{\"@type\":\"ListItem\",\"position\":1,\"name\":\"Inicio\",\"item\":\"https:\/\/wpguerssen-test.odoo.rgbconsulting.com\/es\/\"},{\"@type\":\"ListItem\",\"position\":2,\"name\":\"Shop\",\"item\":\"https:\/\/wpguerssen-test.odoo.rgbconsulting.com\/shop\/\"},{\"@type\":\"ListItem\",\"position\":3,\"name\":\"Sal\u00f3n De Baile\"}]},{\"@type\":\"WebSite\",\"@id\":\"https:\/\/wpguerssen-test.odoo.rgbconsulting.com\/es\/#website\",\"url\":\"https:\/\/wpguerssen-test.odoo.rgbconsulting.com\/es\/\",\"name\":\"Guerssen records\",\"description\":\"psychedelia - progressive - folk - garage \",\"publisher\":{\"@id\":\"https:\/\/wpguerssen-test.odoo.rgbconsulting.com\/es\/#organization\"},\"potentialAction\":[{\"@type\":\"SearchAction\",\"target\":{\"@type\":\"EntryPoint\",\"urlTemplate\":\"https:\/\/wpguerssen-test.odoo.rgbconsulting.com\/es\/?s={search_term_string}\"},\"query-input\":{\"@type\":\"PropertyValueSpecification\",\"valueRequired\":true,\"valueName\":\"search_term_string\"}}],\"inLanguage\":\"es\"},{\"@type\":\"Organization\",\"@id\":\"https:\/\/wpguerssen-test.odoo.rgbconsulting.com\/es\/#organization\",\"name\":\"Guerssen records\",\"url\":\"https:\/\/wpguerssen-test.odoo.rgbconsulting.com\/es\/\",\"logo\":{\"@type\":\"ImageObject\",\"inLanguage\":\"es\",\"@id\":\"https:\/\/wpguerssen-test.odoo.rgbconsulting.com\/es\/#\/schema\/logo\/image\/\",\"url\":\"https:\/\/wpguerssen-test.odoo.rgbconsulting.com\/wp-content\/uploads\/2022\/04\/Logo_Guerssen_trans_100.png\",\"contentUrl\":\"https:\/\/wpguerssen-test.odoo.rgbconsulting.com\/wp-content\/uploads\/2022\/04\/Logo_Guerssen_trans_100.png\",\"width\":122,\"height\":100,\"caption\":\"Guerssen records\"},\"image\":{\"@id\":\"https:\/\/wpguerssen-test.odoo.rgbconsulting.com\/es\/#\/schema\/logo\/image\/\"}}]}<\/script>\n<!-- \/ Yoast SEO plugin. -->","yoast_head_json":{"title":"SANTIAGO DOWNBEAT - Sal\u00f3n De Baile -  (LP) | Guerssen","description":"From South America to the world. Santiago Downbeat is a well respected orchestra that, since 2008, has been devoted to write their original own music, strongly influenced by Jamaican rhythms from the 60's. After having released two stunning studio albums, toured Argentina, Europe and Chile, our beloved ensemble have been kind of quiet, for nearly a decade. Until 2024 with the release of the single 'El Acuerdo', a powerful vocal Ska tune sung by the amazing Natalia Ramirez, the band lead singer. And around 6 months later they released a second single entitled 'Abajo El Mar', a tasty and soulful Rocksteady duet sung by Natalia and, the Spanish based songwriter, Sebastian Orellana, which transports us to the golden years enjoying these nice vocal harmonies. 'Sal\u00f3n De Baile' is the title of this brand new album formed by 10 songs recorded live in the studio, with which we can feel the energy and maturity that these 12 musicians have developed during the years, under the composition and direction of the band's trumpet player Cristian Cerpa. In his own words: \"Sal\u00f3n De Baile is like an ode to a place for reunion and celebration, with it's own ritual, where the common people goes for jumping or just purge the weight of existence, through debauchery and excess but, also, for generating communion and connection. As the lyrics from the heavy reggae tune 'Despu\u00e9s De La Lluvia' tells : \"...And this way you will jump and float in the living room, you will let yourself be enveloped by this heat and, once again, you will leave your head in a corner, like the thief.","robots":{"index":"index","follow":"follow","max-snippet":"max-snippet:-1","max-image-preview":"max-image-preview:large","max-video-preview":"max-video-preview:-1"},"canonical":"https:\/\/wpguerssen-test.odoo.rgbconsulting.com\/es\/producto\/salon-de-baile\/","og_locale":"es_ES","og_type":"article","og_title":"SANTIAGO DOWNBEAT - Sal\u00f3n De Baile -  (LP) | Guerssen","og_description":"From South America to the world. Santiago Downbeat is a well respected orchestra that, since 2008, has been devoted to write their original own music, strongly influenced by Jamaican rhythms from the 60's. After having released two stunning studio albums, toured Argentina, Europe and Chile, our beloved ensemble have been kind of quiet, for nearly a decade. Until 2024 with the release of the single 'El Acuerdo', a powerful vocal Ska tune sung by the amazing Natalia Ramirez, the band lead singer. And around 6 months later they released a second single entitled 'Abajo El Mar', a tasty and soulful Rocksteady duet sung by Natalia and, the Spanish based songwriter, Sebastian Orellana, which transports us to the golden years enjoying these nice vocal harmonies. 'Sal\u00f3n De Baile' is the title of this brand new album formed by 10 songs recorded live in the studio, with which we can feel the energy and maturity that these 12 musicians have developed during the years, under the composition and direction of the band's trumpet player Cristian Cerpa. In his own words: \"Sal\u00f3n De Baile is like an ode to a place for reunion and celebration, with it's own ritual, where the common people goes for jumping or just purge the weight of existence, through debauchery and excess but, also, for generating communion and connection. As the lyrics from the heavy reggae tune 'Despu\u00e9s De La Lluvia' tells : \"...And this way you will jump and float in the living room, you will let yourself be enveloped by this heat and, once again, you will leave your head in a corner, like the thief.","og_url":"https:\/\/wpguerssen-test.odoo.rgbconsulting.com\/es\/producto\/salon-de-baile\/","og_site_name":"Guerssen records","article_modified_time":"2025-03-24T16:36:09+00:00","og_image":[{"width":243,"height":242,"url":"https:\/\/wpguerssen-test.odoo.rgbconsulting.com\/wp-content\/uploads\/2024\/12\/49378.jpg","type":"image\/jpeg"}],"twitter_card":"summary_large_image","twitter_title":"SANTIAGO DOWNBEAT - Sal\u00f3n De Baile -  (LP) | Guerssen","twitter_misc":{"Tiempo de lectura":"2 minutos"},"schema":{"@context":"https:\/\/schema.org","@graph":[{"@type":"WebPage","@id":"https:\/\/wpguerssen-test.odoo.rgbconsulting.com\/es\/producto\/salon-de-baile\/","url":"https:\/\/wpguerssen-test.odoo.rgbconsulting.com\/es\/producto\/salon-de-baile\/","name":"SANTIAGO DOWNBEAT - Sal\u00f3n De Baile - (LP) | Guerssen","isPartOf":{"@id":"https:\/\/wpguerssen-test.odoo.rgbconsulting.com\/es\/#website"},"primaryImageOfPage":{"@id":"https:\/\/wpguerssen-test.odoo.rgbconsulting.com\/es\/producto\/salon-de-baile\/#primaryimage"},"image":{"@id":"https:\/\/wpguerssen-test.odoo.rgbconsulting.com\/es\/producto\/salon-de-baile\/#primaryimage"},"thumbnailUrl":"https:\/\/wpguerssen-test.odoo.rgbconsulting.com\/wp-content\/uploads\/2024\/12\/49378.jpg","datePublished":"2025-03-23T23:00:00+00:00","dateModified":"2025-03-24T16:36:09+00:00","description":"From South America to the world. Santiago Downbeat is a well respected orchestra that, since 2008, has been devoted to write their original own music, strongly influenced by Jamaican rhythms from the 60's. After having released two stunning studio albums, toured Argentina, Europe and Chile, our beloved ensemble have been kind of quiet, for nearly a decade. Until 2024 with the release of the single 'El Acuerdo', a powerful vocal Ska tune sung by the amazing Natalia Ramirez, the band lead singer. And around 6 months later they released a second single entitled 'Abajo El Mar', a tasty and soulful Rocksteady duet sung by Natalia and, the Spanish based songwriter, Sebastian Orellana, which transports us to the golden years enjoying these nice vocal harmonies. 'Sal\u00f3n De Baile' is the title of this brand new album formed by 10 songs recorded live in the studio, with which we can feel the energy and maturity that these 12 musicians have developed during the years, under the composition and direction of the band's trumpet player Cristian Cerpa. In his own words: \"Sal\u00f3n De Baile is like an ode to a place for reunion and celebration, with it's own ritual, where the common people goes for jumping or just purge the weight of existence, through debauchery and excess but, also, for generating communion and connection. As the lyrics from the heavy reggae tune 'Despu\u00e9s De La Lluvia' tells : \"...And this way you will jump and float in the living room, you will let yourself be enveloped by this heat and, once again, you will leave your head in a corner, like the thief.","breadcrumb":{"@id":"https:\/\/wpguerssen-test.odoo.rgbconsulting.com\/es\/producto\/salon-de-baile\/#breadcrumb"},"inLanguage":"es","potentialAction":[{"@type":"ReadAction","target":["https:\/\/wpguerssen-test.odoo.rgbconsulting.com\/es\/producto\/salon-de-baile\/"]}]},{"@type":"ImageObject","inLanguage":"es","@id":"https:\/\/wpguerssen-test.odoo.rgbconsulting.com\/es\/producto\/salon-de-baile\/#primaryimage","url":"https:\/\/wpguerssen-test.odoo.rgbconsulting.com\/wp-content\/uploads\/2024\/12\/49378.jpg","contentUrl":"https:\/\/wpguerssen-test.odoo.rgbconsulting.com\/wp-content\/uploads\/2024\/12\/49378.jpg","width":243,"height":242},{"@type":"BreadcrumbList","@id":"https:\/\/wpguerssen-test.odoo.rgbconsulting.com\/es\/producto\/salon-de-baile\/#breadcrumb","itemListElement":[{"@type":"ListItem","position":1,"name":"Inicio","item":"https:\/\/wpguerssen-test.odoo.rgbconsulting.com\/es\/"},{"@type":"ListItem","position":2,"name":"Shop","item":"https:\/\/wpguerssen-test.odoo.rgbconsulting.com\/shop\/"},{"@type":"ListItem","position":3,"name":"Sal\u00f3n De Baile"}]},{"@type":"WebSite","@id":"https:\/\/wpguerssen-test.odoo.rgbconsulting.com\/es\/#website","url":"https:\/\/wpguerssen-test.odoo.rgbconsulting.com\/es\/","name":"Guerssen records","description":"psychedelia - progressive - folk - garage ","publisher":{"@id":"https:\/\/wpguerssen-test.odoo.rgbconsulting.com\/es\/#organization"},"potentialAction":[{"@type":"SearchAction","target":{"@type":"EntryPoint","urlTemplate":"https:\/\/wpguerssen-test.odoo.rgbconsulting.com\/es\/?s={search_term_string}"},"query-input":{"@type":"PropertyValueSpecification","valueRequired":true,"valueName":"search_term_string"}}],"inLanguage":"es"},{"@type":"Organization","@id":"https:\/\/wpguerssen-test.odoo.rgbconsulting.com\/es\/#organization","name":"Guerssen records","url":"https:\/\/wpguerssen-test.odoo.rgbconsulting.com\/es\/","logo":{"@type":"ImageObject","inLanguage":"es","@id":"https:\/\/wpguerssen-test.odoo.rgbconsulting.com\/es\/#\/schema\/logo\/image\/","url":"https:\/\/wpguerssen-test.odoo.rgbconsulting.com\/wp-content\/uploads\/2022\/04\/Logo_Guerssen_trans_100.png","contentUrl":"https:\/\/wpguerssen-test.odoo.rgbconsulting.com\/wp-content\/uploads\/2022\/04\/Logo_Guerssen_trans_100.png","width":122,"height":100,"caption":"Guerssen records"},"image":{"@id":"https:\/\/wpguerssen-test.odoo.rgbconsulting.com\/es\/#\/schema\/logo\/image\/"}}]}},"_links":{"self":[{"href":"https:\/\/wpguerssen-test.odoo.rgbconsulting.com\/es\/wp-json\/wp\/v2\/product\/279948","targetHints":{"allow":["GET"]}}],"collection":[{"href":"https:\/\/wpguerssen-test.odoo.rgbconsulting.com\/es\/wp-json\/wp\/v2\/product"}],"about":[{"href":"https:\/\/wpguerssen-test.odoo.rgbconsulting.com\/es\/wp-json\/wp\/v2\/types\/product"}],"wp:featuredmedia":[{"embeddable":true,"href":"https:\/\/wpguerssen-test.odoo.rgbconsulting.com\/es\/wp-json\/wp\/v2\/media\/279886"}],"wp:attachment":[{"href":"https:\/\/wpguerssen-test.odoo.rgbconsulting.com\/es\/wp-json\/wp\/v2\/media?parent=279948"}],"wp:term":[{"taxonomy":"product_brand","embeddable":true,"href":"https:\/\/wpguerssen-test.odoo.rgbconsulting.com\/es\/wp-json\/wp\/v2\/product_brand?post=279948"},{"taxonomy":"product_cat","embeddable":true,"href":"https:\/\/wpguerssen-test.odoo.rgbconsulting.com\/es\/wp-json\/wp\/v2\/product_cat?post=279948"},{"taxonomy":"product_tag","embeddable":true,"href":"https:\/\/wpguerssen-test.odoo.rgbconsulting.com\/es\/wp-json\/wp\/v2\/product_tag?post=279948"}],"curies":[{"name":"wp","href":"https:\/\/api.w.org\/{rel}","templated":true}]}}