{"id":279949,"date":"2025-01-07T00:00:00","date_gmt":"2025-01-06T23:00:00","guid":{"rendered":"https:\/\/wpguerssen-test.odoo.rgbconsulting.com\/product\/at-home-with-screamin-jay-hawkins-clear\/"},"modified":"2025-03-27T18:36:34","modified_gmt":"2025-03-27T17:36:34","slug":"at-home-with-screamin-jay-hawkins-clear","status":"publish","type":"product","link":"https:\/\/wpguerssen-test.odoo.rgbconsulting.com\/es\/producto\/at-home-with-screamin-jay-hawkins-clear\/","title":{"rendered":"At Home With Screamin Jay Hawkins (Clear)"},"content":{"rendered":"<p>Screamin&#8217; Jay, uno de los int\u00e9rpretes m\u00e1s escandalosos de los primeros a\u00f1os del rock, propenso a salir de ata\u00fades al escenario con una calavera en llamas llamada Henry como su constante compa\u00f1ero, fue una figura incre\u00edblemente teatral mucho antes de que fuera siquiera remotamente aceptable. Su debut de 1958, At Home, que incluye su legendario \u00abI Put A Spell On You\u00bb, junto con \u00e9xitos surrealistas como \u00abHong Kong\u00bb, \u00abTake Me Back To The Boot And Saddle\u00bb, o sus reinvenciones alocadas de viejos standards como \u00abI Love Paris\u00bb y \u00abDeep Purple\u00bb, es una obra maestra de rhythm and blues cuidadosamente arreglada pero \u00e1spera, al estilo de Ray Charles enloquecido, con una banda completa, llena de suficientes aullidos y gemidos para provocar escalofr\u00edos en la columna vertebral.<\/p>\n","protected":false},"excerpt":{"rendered":"<p>Screamin&#8217; Jay, uno de los int\u00e9rpretes m\u00e1s escandalosos de los primeros a\u00f1os del rock, propenso a salir de ata\u00fades al escenario con una calavera en llamas<a class=\"read\" href=\"https:\/\/wpguerssen-test.odoo.rgbconsulting.com\/es\/producto\/at-home-with-screamin-jay-hawkins-clear\/\"> (...)<\/a>","protected":false},"featured_media":279889,"template":"","meta":{"_acf_changed":false},"product_brand":[],"product_cat":[23262,21642],"product_tag":[29140,24189],"class_list":{"0":"post-279949","1":"product","2":"type-product","3":"status-publish","4":"has-post-thumbnail","6":"product_cat-blues-blues-rock-es","7":"product_cat-rocknroll-es","8":"product_tag-color-vinyl-es","9":"product_tag-recien-llegadas","10":"pa_artist-screamin-jay-hawkins","11":"pa_format-lp-es","12":"pa_gender-rocknroll-blues-blues-rock","13":"pa_label-destination-moon","14":"pa_location-north-america-es","15":"pa_other-filters-vinyl-only-es","17":"first","18":"instock","19":"taxable","20":"shipping-taxable","21":"purchasable","22":"product-type-simple"},"acf":[],"yoast_head":"<!-- This site is optimized with the Yoast SEO plugin v24.9 - https:\/\/yoast.com\/wordpress\/plugins\/seo\/ -->\n<title>SCREAMIN&#039; JAY HAWKINS - At Home With Screamin Jay Hawkins (Clear) -  (LP) | Guerssen<\/title>\n<meta name=\"description\" content=\"By far one of the most outrageous performers of the early years of rock, prone to emerging from coffins on stage, with a flaming skull named Henry as his constant companion, Screamin&#039; Jay was an insanely theatrical figure long before it was even remotely acceptable. His 1958 debut, At Home, featuring his legendary &quot;I Put A Spell On You,&quot; along with surreal hits like &quot;Hong Kong,&quot; &quot;Take Me Back To The Boot And Saddle,&quot; or his wild-ass reinventions of old standards like &quot;I Love Paris&quot; and &quot;Deep Purple&quot; is a carefully arranged yet gritty, Ray Charles-gone-crazy styled, full band rhythm, and blues masterpiece, filled with enough howls and groans to send chills down your spine.\" \/>\n<meta name=\"robots\" content=\"index, follow, max-snippet:-1, max-image-preview:large, max-video-preview:-1\" \/>\n<link rel=\"canonical\" href=\"https:\/\/wpguerssen-test.odoo.rgbconsulting.com\/es\/producto\/at-home-with-screamin-jay-hawkins-clear\/\" \/>\n<meta property=\"og:locale\" content=\"es_ES\" \/>\n<meta property=\"og:type\" content=\"article\" \/>\n<meta property=\"og:title\" content=\"SCREAMIN&#039; JAY HAWKINS - At Home With Screamin Jay Hawkins (Clear) -  (LP) | Guerssen\" \/>\n<meta property=\"og:description\" content=\"By far one of the most outrageous performers of the early years of rock, prone to emerging from coffins on stage, with a flaming skull named Henry as his constant companion, Screamin&#039; Jay was an insanely theatrical figure long before it was even remotely acceptable. His 1958 debut, At Home, featuring his legendary &quot;I Put A Spell On You,&quot; along with surreal hits like &quot;Hong Kong,&quot; &quot;Take Me Back To The Boot And Saddle,&quot; or his wild-ass reinventions of old standards like &quot;I Love Paris&quot; and &quot;Deep Purple&quot; is a carefully arranged yet gritty, Ray Charles-gone-crazy styled, full band rhythm, and blues masterpiece, filled with enough howls and groans to send chills down your spine.\" \/>\n<meta property=\"og:url\" content=\"https:\/\/wpguerssen-test.odoo.rgbconsulting.com\/es\/producto\/at-home-with-screamin-jay-hawkins-clear\/\" \/>\n<meta property=\"og:site_name\" content=\"Guerssen records\" \/>\n<meta property=\"article:modified_time\" content=\"2025-03-27T17:36:34+00:00\" \/>\n<meta property=\"og:image\" content=\"https:\/\/wpguerssen-test.odoo.rgbconsulting.com\/wp-content\/uploads\/2024\/12\/49379.jpg\" \/>\n\t<meta property=\"og:image:width\" content=\"886\" \/>\n\t<meta property=\"og:image:height\" content=\"886\" \/>\n\t<meta property=\"og:image:type\" content=\"image\/jpeg\" \/>\n<meta name=\"twitter:card\" content=\"summary_large_image\" \/>\n<meta name=\"twitter:title\" content=\"SCREAMIN&#039; JAY HAWKINS - At Home With Screamin Jay Hawkins (Clear) -  (LP) | Guerssen\" \/>\n<meta name=\"twitter:label1\" content=\"Tiempo de lectura\" \/>\n\t<meta name=\"twitter:data1\" content=\"1 minuto\" \/>\n<script type=\"application\/ld+json\" class=\"yoast-schema-graph\">{\"@context\":\"https:\/\/schema.org\",\"@graph\":[{\"@type\":\"WebPage\",\"@id\":\"https:\/\/wpguerssen-test.odoo.rgbconsulting.com\/es\/producto\/at-home-with-screamin-jay-hawkins-clear\/\",\"url\":\"https:\/\/wpguerssen-test.odoo.rgbconsulting.com\/es\/producto\/at-home-with-screamin-jay-hawkins-clear\/\",\"name\":\"SCREAMIN' JAY HAWKINS - At Home With Screamin Jay Hawkins (Clear) - (LP) | Guerssen\",\"isPartOf\":{\"@id\":\"https:\/\/wpguerssen-test.odoo.rgbconsulting.com\/es\/#website\"},\"primaryImageOfPage\":{\"@id\":\"https:\/\/wpguerssen-test.odoo.rgbconsulting.com\/es\/producto\/at-home-with-screamin-jay-hawkins-clear\/#primaryimage\"},\"image\":{\"@id\":\"https:\/\/wpguerssen-test.odoo.rgbconsulting.com\/es\/producto\/at-home-with-screamin-jay-hawkins-clear\/#primaryimage\"},\"thumbnailUrl\":\"https:\/\/wpguerssen-test.odoo.rgbconsulting.com\/wp-content\/uploads\/2024\/12\/49379.jpg\",\"datePublished\":\"2025-01-06T23:00:00+00:00\",\"dateModified\":\"2025-03-27T17:36:34+00:00\",\"description\":\"By far one of the most outrageous performers of the early years of rock, prone to emerging from coffins on stage, with a flaming skull named Henry as his constant companion, Screamin' Jay was an insanely theatrical figure long before it was even remotely acceptable. His 1958 debut, At Home, featuring his legendary \\\"I Put A Spell On You,\\\" along with surreal hits like \\\"Hong Kong,\\\" \\\"Take Me Back To The Boot And Saddle,\\\" or his wild-ass reinventions of old standards like \\\"I Love Paris\\\" and \\\"Deep Purple\\\" is a carefully arranged yet gritty, Ray Charles-gone-crazy styled, full band rhythm, and blues masterpiece, filled with enough howls and groans to send chills down your spine.\",\"breadcrumb\":{\"@id\":\"https:\/\/wpguerssen-test.odoo.rgbconsulting.com\/es\/producto\/at-home-with-screamin-jay-hawkins-clear\/#breadcrumb\"},\"inLanguage\":\"es\",\"potentialAction\":[{\"@type\":\"ReadAction\",\"target\":[\"https:\/\/wpguerssen-test.odoo.rgbconsulting.com\/es\/producto\/at-home-with-screamin-jay-hawkins-clear\/\"]}]},{\"@type\":\"ImageObject\",\"inLanguage\":\"es\",\"@id\":\"https:\/\/wpguerssen-test.odoo.rgbconsulting.com\/es\/producto\/at-home-with-screamin-jay-hawkins-clear\/#primaryimage\",\"url\":\"https:\/\/wpguerssen-test.odoo.rgbconsulting.com\/wp-content\/uploads\/2024\/12\/49379.jpg\",\"contentUrl\":\"https:\/\/wpguerssen-test.odoo.rgbconsulting.com\/wp-content\/uploads\/2024\/12\/49379.jpg\",\"width\":886,\"height\":886},{\"@type\":\"BreadcrumbList\",\"@id\":\"https:\/\/wpguerssen-test.odoo.rgbconsulting.com\/es\/producto\/at-home-with-screamin-jay-hawkins-clear\/#breadcrumb\",\"itemListElement\":[{\"@type\":\"ListItem\",\"position\":1,\"name\":\"Inicio\",\"item\":\"https:\/\/wpguerssen-test.odoo.rgbconsulting.com\/es\/\"},{\"@type\":\"ListItem\",\"position\":2,\"name\":\"Shop\",\"item\":\"https:\/\/wpguerssen-test.odoo.rgbconsulting.com\/shop\/\"},{\"@type\":\"ListItem\",\"position\":3,\"name\":\"At Home With Screamin Jay Hawkins (Clear)\"}]},{\"@type\":\"WebSite\",\"@id\":\"https:\/\/wpguerssen-test.odoo.rgbconsulting.com\/es\/#website\",\"url\":\"https:\/\/wpguerssen-test.odoo.rgbconsulting.com\/es\/\",\"name\":\"Guerssen records\",\"description\":\"psychedelia - progressive - folk - garage \",\"publisher\":{\"@id\":\"https:\/\/wpguerssen-test.odoo.rgbconsulting.com\/es\/#organization\"},\"potentialAction\":[{\"@type\":\"SearchAction\",\"target\":{\"@type\":\"EntryPoint\",\"urlTemplate\":\"https:\/\/wpguerssen-test.odoo.rgbconsulting.com\/es\/?s={search_term_string}\"},\"query-input\":{\"@type\":\"PropertyValueSpecification\",\"valueRequired\":true,\"valueName\":\"search_term_string\"}}],\"inLanguage\":\"es\"},{\"@type\":\"Organization\",\"@id\":\"https:\/\/wpguerssen-test.odoo.rgbconsulting.com\/es\/#organization\",\"name\":\"Guerssen records\",\"url\":\"https:\/\/wpguerssen-test.odoo.rgbconsulting.com\/es\/\",\"logo\":{\"@type\":\"ImageObject\",\"inLanguage\":\"es\",\"@id\":\"https:\/\/wpguerssen-test.odoo.rgbconsulting.com\/es\/#\/schema\/logo\/image\/\",\"url\":\"https:\/\/wpguerssen-test.odoo.rgbconsulting.com\/wp-content\/uploads\/2022\/04\/Logo_Guerssen_trans_100.png\",\"contentUrl\":\"https:\/\/wpguerssen-test.odoo.rgbconsulting.com\/wp-content\/uploads\/2022\/04\/Logo_Guerssen_trans_100.png\",\"width\":122,\"height\":100,\"caption\":\"Guerssen records\"},\"image\":{\"@id\":\"https:\/\/wpguerssen-test.odoo.rgbconsulting.com\/es\/#\/schema\/logo\/image\/\"}}]}<\/script>\n<!-- \/ Yoast SEO plugin. -->","yoast_head_json":{"title":"SCREAMIN' JAY HAWKINS - At Home With Screamin Jay Hawkins (Clear) -  (LP) | Guerssen","description":"By far one of the most outrageous performers of the early years of rock, prone to emerging from coffins on stage, with a flaming skull named Henry as his constant companion, Screamin' Jay was an insanely theatrical figure long before it was even remotely acceptable. His 1958 debut, At Home, featuring his legendary \"I Put A Spell On You,\" along with surreal hits like \"Hong Kong,\" \"Take Me Back To The Boot And Saddle,\" or his wild-ass reinventions of old standards like \"I Love Paris\" and \"Deep Purple\" is a carefully arranged yet gritty, Ray Charles-gone-crazy styled, full band rhythm, and blues masterpiece, filled with enough howls and groans to send chills down your spine.","robots":{"index":"index","follow":"follow","max-snippet":"max-snippet:-1","max-image-preview":"max-image-preview:large","max-video-preview":"max-video-preview:-1"},"canonical":"https:\/\/wpguerssen-test.odoo.rgbconsulting.com\/es\/producto\/at-home-with-screamin-jay-hawkins-clear\/","og_locale":"es_ES","og_type":"article","og_title":"SCREAMIN' JAY HAWKINS - At Home With Screamin Jay Hawkins (Clear) -  (LP) | Guerssen","og_description":"By far one of the most outrageous performers of the early years of rock, prone to emerging from coffins on stage, with a flaming skull named Henry as his constant companion, Screamin' Jay was an insanely theatrical figure long before it was even remotely acceptable. His 1958 debut, At Home, featuring his legendary \"I Put A Spell On You,\" along with surreal hits like \"Hong Kong,\" \"Take Me Back To The Boot And Saddle,\" or his wild-ass reinventions of old standards like \"I Love Paris\" and \"Deep Purple\" is a carefully arranged yet gritty, Ray Charles-gone-crazy styled, full band rhythm, and blues masterpiece, filled with enough howls and groans to send chills down your spine.","og_url":"https:\/\/wpguerssen-test.odoo.rgbconsulting.com\/es\/producto\/at-home-with-screamin-jay-hawkins-clear\/","og_site_name":"Guerssen records","article_modified_time":"2025-03-27T17:36:34+00:00","og_image":[{"width":886,"height":886,"url":"https:\/\/wpguerssen-test.odoo.rgbconsulting.com\/wp-content\/uploads\/2024\/12\/49379.jpg","type":"image\/jpeg"}],"twitter_card":"summary_large_image","twitter_title":"SCREAMIN' JAY HAWKINS - At Home With Screamin Jay Hawkins (Clear) -  (LP) | Guerssen","twitter_misc":{"Tiempo de lectura":"1 minuto"},"schema":{"@context":"https:\/\/schema.org","@graph":[{"@type":"WebPage","@id":"https:\/\/wpguerssen-test.odoo.rgbconsulting.com\/es\/producto\/at-home-with-screamin-jay-hawkins-clear\/","url":"https:\/\/wpguerssen-test.odoo.rgbconsulting.com\/es\/producto\/at-home-with-screamin-jay-hawkins-clear\/","name":"SCREAMIN' JAY HAWKINS - At Home With Screamin Jay Hawkins (Clear) - (LP) | Guerssen","isPartOf":{"@id":"https:\/\/wpguerssen-test.odoo.rgbconsulting.com\/es\/#website"},"primaryImageOfPage":{"@id":"https:\/\/wpguerssen-test.odoo.rgbconsulting.com\/es\/producto\/at-home-with-screamin-jay-hawkins-clear\/#primaryimage"},"image":{"@id":"https:\/\/wpguerssen-test.odoo.rgbconsulting.com\/es\/producto\/at-home-with-screamin-jay-hawkins-clear\/#primaryimage"},"thumbnailUrl":"https:\/\/wpguerssen-test.odoo.rgbconsulting.com\/wp-content\/uploads\/2024\/12\/49379.jpg","datePublished":"2025-01-06T23:00:00+00:00","dateModified":"2025-03-27T17:36:34+00:00","description":"By far one of the most outrageous performers of the early years of rock, prone to emerging from coffins on stage, with a flaming skull named Henry as his constant companion, Screamin' Jay was an insanely theatrical figure long before it was even remotely acceptable. His 1958 debut, At Home, featuring his legendary \"I Put A Spell On You,\" along with surreal hits like \"Hong Kong,\" \"Take Me Back To The Boot And Saddle,\" or his wild-ass reinventions of old standards like \"I Love Paris\" and \"Deep Purple\" is a carefully arranged yet gritty, Ray Charles-gone-crazy styled, full band rhythm, and blues masterpiece, filled with enough howls and groans to send chills down your spine.","breadcrumb":{"@id":"https:\/\/wpguerssen-test.odoo.rgbconsulting.com\/es\/producto\/at-home-with-screamin-jay-hawkins-clear\/#breadcrumb"},"inLanguage":"es","potentialAction":[{"@type":"ReadAction","target":["https:\/\/wpguerssen-test.odoo.rgbconsulting.com\/es\/producto\/at-home-with-screamin-jay-hawkins-clear\/"]}]},{"@type":"ImageObject","inLanguage":"es","@id":"https:\/\/wpguerssen-test.odoo.rgbconsulting.com\/es\/producto\/at-home-with-screamin-jay-hawkins-clear\/#primaryimage","url":"https:\/\/wpguerssen-test.odoo.rgbconsulting.com\/wp-content\/uploads\/2024\/12\/49379.jpg","contentUrl":"https:\/\/wpguerssen-test.odoo.rgbconsulting.com\/wp-content\/uploads\/2024\/12\/49379.jpg","width":886,"height":886},{"@type":"BreadcrumbList","@id":"https:\/\/wpguerssen-test.odoo.rgbconsulting.com\/es\/producto\/at-home-with-screamin-jay-hawkins-clear\/#breadcrumb","itemListElement":[{"@type":"ListItem","position":1,"name":"Inicio","item":"https:\/\/wpguerssen-test.odoo.rgbconsulting.com\/es\/"},{"@type":"ListItem","position":2,"name":"Shop","item":"https:\/\/wpguerssen-test.odoo.rgbconsulting.com\/shop\/"},{"@type":"ListItem","position":3,"name":"At Home With Screamin Jay Hawkins (Clear)"}]},{"@type":"WebSite","@id":"https:\/\/wpguerssen-test.odoo.rgbconsulting.com\/es\/#website","url":"https:\/\/wpguerssen-test.odoo.rgbconsulting.com\/es\/","name":"Guerssen records","description":"psychedelia - progressive - folk - garage ","publisher":{"@id":"https:\/\/wpguerssen-test.odoo.rgbconsulting.com\/es\/#organization"},"potentialAction":[{"@type":"SearchAction","target":{"@type":"EntryPoint","urlTemplate":"https:\/\/wpguerssen-test.odoo.rgbconsulting.com\/es\/?s={search_term_string}"},"query-input":{"@type":"PropertyValueSpecification","valueRequired":true,"valueName":"search_term_string"}}],"inLanguage":"es"},{"@type":"Organization","@id":"https:\/\/wpguerssen-test.odoo.rgbconsulting.com\/es\/#organization","name":"Guerssen records","url":"https:\/\/wpguerssen-test.odoo.rgbconsulting.com\/es\/","logo":{"@type":"ImageObject","inLanguage":"es","@id":"https:\/\/wpguerssen-test.odoo.rgbconsulting.com\/es\/#\/schema\/logo\/image\/","url":"https:\/\/wpguerssen-test.odoo.rgbconsulting.com\/wp-content\/uploads\/2022\/04\/Logo_Guerssen_trans_100.png","contentUrl":"https:\/\/wpguerssen-test.odoo.rgbconsulting.com\/wp-content\/uploads\/2022\/04\/Logo_Guerssen_trans_100.png","width":122,"height":100,"caption":"Guerssen records"},"image":{"@id":"https:\/\/wpguerssen-test.odoo.rgbconsulting.com\/es\/#\/schema\/logo\/image\/"}}]}},"_links":{"self":[{"href":"https:\/\/wpguerssen-test.odoo.rgbconsulting.com\/es\/wp-json\/wp\/v2\/product\/279949","targetHints":{"allow":["GET"]}}],"collection":[{"href":"https:\/\/wpguerssen-test.odoo.rgbconsulting.com\/es\/wp-json\/wp\/v2\/product"}],"about":[{"href":"https:\/\/wpguerssen-test.odoo.rgbconsulting.com\/es\/wp-json\/wp\/v2\/types\/product"}],"wp:featuredmedia":[{"embeddable":true,"href":"https:\/\/wpguerssen-test.odoo.rgbconsulting.com\/es\/wp-json\/wp\/v2\/media\/279889"}],"wp:attachment":[{"href":"https:\/\/wpguerssen-test.odoo.rgbconsulting.com\/es\/wp-json\/wp\/v2\/media?parent=279949"}],"wp:term":[{"taxonomy":"product_brand","embeddable":true,"href":"https:\/\/wpguerssen-test.odoo.rgbconsulting.com\/es\/wp-json\/wp\/v2\/product_brand?post=279949"},{"taxonomy":"product_cat","embeddable":true,"href":"https:\/\/wpguerssen-test.odoo.rgbconsulting.com\/es\/wp-json\/wp\/v2\/product_cat?post=279949"},{"taxonomy":"product_tag","embeddable":true,"href":"https:\/\/wpguerssen-test.odoo.rgbconsulting.com\/es\/wp-json\/wp\/v2\/product_tag?post=279949"}],"curies":[{"name":"wp","href":"https:\/\/api.w.org\/{rel}","templated":true}]}}