{"id":279950,"date":"2025-01-13T00:00:00","date_gmt":"2025-01-12T23:00:00","guid":{"rendered":"https:\/\/wpguerssen-test.odoo.rgbconsulting.com\/product\/a-red-light-in-cardiff-vol-1-pink\/"},"modified":"2025-02-19T17:22:09","modified_gmt":"2025-02-19T16:22:09","slug":"a-red-light-in-cardiff-vol-1-pink","status":"publish","type":"product","link":"https:\/\/wpguerssen-test.odoo.rgbconsulting.com\/es\/producto\/a-red-light-in-cardiff-vol-1-pink\/","title":{"rendered":"A Red Light In Cardiff Vol.1 (Pink)"},"content":{"rendered":"<p>Grabado en vivo en el St. Davis Hall, Cardiff, el 21 de junio de 1984, esta asombrosa actuaci\u00f3n de la princesa g\u00f3tica y sus compa\u00f1eros fue parte de su gira Hy\u00e6na. Hy\u00e6na fue el sexto \u00e1lbum de estudio de la banda lanzado a principios del mismo mes y el \u00fanico disco en el que particip\u00f3 el guitarrista Robert Smith de The Cure.<\/p>\n","protected":false},"excerpt":{"rendered":"<p>Grabado en vivo en el St. Davis Hall, Cardiff, el 21 de junio de 1984, esta asombrosa actuaci\u00f3n de la princesa g\u00f3tica y sus compa\u00f1eros fue parte de su gira Hy\u00e6na.<a class=\"read\" href=\"https:\/\/wpguerssen-test.odoo.rgbconsulting.com\/es\/producto\/a-red-light-in-cardiff-vol-1-pink\/\"> (...)<\/a>","protected":false},"featured_media":279892,"template":"","meta":{"_acf_changed":false},"product_brand":[],"product_cat":[23235,23234],"product_tag":[29140,24189],"class_list":{"0":"post-279950","1":"product","2":"type-product","3":"status-publish","4":"has-post-thumbnail","6":"product_cat-post-punk-es","7":"product_cat-pop-rock-es","8":"product_tag-color-vinyl-es","9":"product_tag-recien-llegadas","10":"pa_artist-siouxsie-and-the-banshees","11":"pa_format-lp-es","12":"pa_gender-pop-rock-post-punk","13":"pa_label-outsider","14":"pa_location-uk-ireland-es","15":"pa_other-filters-vinyl-only-es","17":"first","18":"instock","19":"taxable","20":"shipping-taxable","21":"purchasable","22":"product-type-simple"},"acf":[],"yoast_head":"<!-- This site is optimized with the Yoast SEO plugin v24.9 - https:\/\/yoast.com\/wordpress\/plugins\/seo\/ -->\n<title>SIOUXSIE AND THE BANSHEES - A Red Light In Cardiff Vol.1 (Pink) -  (LP) | Guerssen<\/title>\n<meta name=\"description\" content=\"Recorded live at the St.Davis Hall, Cardiff, on June the 21st 1984, this astonishing performance by the goth princess and her cohorts was part of their Hy\u00e6na Tour. Hy\u00e6na was the band&#039;s sixth studio album released earlier the same month and the only record to feature guitarist Robert Smith of the Cure.\" \/>\n<meta name=\"robots\" content=\"index, follow, max-snippet:-1, max-image-preview:large, max-video-preview:-1\" \/>\n<link rel=\"canonical\" href=\"https:\/\/wpguerssen-test.odoo.rgbconsulting.com\/es\/producto\/a-red-light-in-cardiff-vol-1-pink\/\" \/>\n<meta property=\"og:locale\" content=\"es_ES\" \/>\n<meta property=\"og:type\" content=\"article\" \/>\n<meta property=\"og:title\" content=\"SIOUXSIE AND THE BANSHEES - A Red Light In Cardiff Vol.1 (Pink) -  (LP) | Guerssen\" \/>\n<meta property=\"og:description\" content=\"Recorded live at the St.Davis Hall, Cardiff, on June the 21st 1984, this astonishing performance by the goth princess and her cohorts was part of their Hy\u00e6na Tour. Hy\u00e6na was the band&#039;s sixth studio album released earlier the same month and the only record to feature guitarist Robert Smith of the Cure.\" \/>\n<meta property=\"og:url\" content=\"https:\/\/wpguerssen-test.odoo.rgbconsulting.com\/es\/producto\/a-red-light-in-cardiff-vol-1-pink\/\" \/>\n<meta property=\"og:site_name\" content=\"Guerssen records\" \/>\n<meta property=\"article:modified_time\" content=\"2025-02-19T16:22:09+00:00\" \/>\n<meta property=\"og:image\" content=\"https:\/\/wpguerssen-test.odoo.rgbconsulting.com\/wp-content\/uploads\/2024\/12\/49380.jpg\" \/>\n\t<meta property=\"og:image:width\" content=\"1181\" \/>\n\t<meta property=\"og:image:height\" content=\"1181\" \/>\n\t<meta property=\"og:image:type\" content=\"image\/jpeg\" \/>\n<meta name=\"twitter:card\" content=\"summary_large_image\" \/>\n<meta name=\"twitter:title\" content=\"SIOUXSIE AND THE BANSHEES - A Red Light In Cardiff Vol.1 (Pink) -  (LP) | Guerssen\" \/>\n<script type=\"application\/ld+json\" class=\"yoast-schema-graph\">{\"@context\":\"https:\/\/schema.org\",\"@graph\":[{\"@type\":\"WebPage\",\"@id\":\"https:\/\/wpguerssen-test.odoo.rgbconsulting.com\/es\/producto\/a-red-light-in-cardiff-vol-1-pink\/\",\"url\":\"https:\/\/wpguerssen-test.odoo.rgbconsulting.com\/es\/producto\/a-red-light-in-cardiff-vol-1-pink\/\",\"name\":\"SIOUXSIE AND THE BANSHEES - A Red Light In Cardiff Vol.1 (Pink) - (LP) | Guerssen\",\"isPartOf\":{\"@id\":\"https:\/\/wpguerssen-test.odoo.rgbconsulting.com\/es\/#website\"},\"primaryImageOfPage\":{\"@id\":\"https:\/\/wpguerssen-test.odoo.rgbconsulting.com\/es\/producto\/a-red-light-in-cardiff-vol-1-pink\/#primaryimage\"},\"image\":{\"@id\":\"https:\/\/wpguerssen-test.odoo.rgbconsulting.com\/es\/producto\/a-red-light-in-cardiff-vol-1-pink\/#primaryimage\"},\"thumbnailUrl\":\"https:\/\/wpguerssen-test.odoo.rgbconsulting.com\/wp-content\/uploads\/2024\/12\/49380.jpg\",\"datePublished\":\"2025-01-12T23:00:00+00:00\",\"dateModified\":\"2025-02-19T16:22:09+00:00\",\"description\":\"Recorded live at the St.Davis Hall, Cardiff, on June the 21st 1984, this astonishing performance by the goth princess and her cohorts was part of their Hy\u00e6na Tour. Hy\u00e6na was the band's sixth studio album released earlier the same month and the only record to feature guitarist Robert Smith of the Cure.\",\"breadcrumb\":{\"@id\":\"https:\/\/wpguerssen-test.odoo.rgbconsulting.com\/es\/producto\/a-red-light-in-cardiff-vol-1-pink\/#breadcrumb\"},\"inLanguage\":\"es\",\"potentialAction\":[{\"@type\":\"ReadAction\",\"target\":[\"https:\/\/wpguerssen-test.odoo.rgbconsulting.com\/es\/producto\/a-red-light-in-cardiff-vol-1-pink\/\"]}]},{\"@type\":\"ImageObject\",\"inLanguage\":\"es\",\"@id\":\"https:\/\/wpguerssen-test.odoo.rgbconsulting.com\/es\/producto\/a-red-light-in-cardiff-vol-1-pink\/#primaryimage\",\"url\":\"https:\/\/wpguerssen-test.odoo.rgbconsulting.com\/wp-content\/uploads\/2024\/12\/49380.jpg\",\"contentUrl\":\"https:\/\/wpguerssen-test.odoo.rgbconsulting.com\/wp-content\/uploads\/2024\/12\/49380.jpg\",\"width\":1181,\"height\":1181},{\"@type\":\"BreadcrumbList\",\"@id\":\"https:\/\/wpguerssen-test.odoo.rgbconsulting.com\/es\/producto\/a-red-light-in-cardiff-vol-1-pink\/#breadcrumb\",\"itemListElement\":[{\"@type\":\"ListItem\",\"position\":1,\"name\":\"Inicio\",\"item\":\"https:\/\/wpguerssen-test.odoo.rgbconsulting.com\/es\/\"},{\"@type\":\"ListItem\",\"position\":2,\"name\":\"Shop\",\"item\":\"https:\/\/wpguerssen-test.odoo.rgbconsulting.com\/shop\/\"},{\"@type\":\"ListItem\",\"position\":3,\"name\":\"A Red Light In Cardiff Vol.1 (Pink)\"}]},{\"@type\":\"WebSite\",\"@id\":\"https:\/\/wpguerssen-test.odoo.rgbconsulting.com\/es\/#website\",\"url\":\"https:\/\/wpguerssen-test.odoo.rgbconsulting.com\/es\/\",\"name\":\"Guerssen records\",\"description\":\"psychedelia - progressive - folk - garage \",\"publisher\":{\"@id\":\"https:\/\/wpguerssen-test.odoo.rgbconsulting.com\/es\/#organization\"},\"potentialAction\":[{\"@type\":\"SearchAction\",\"target\":{\"@type\":\"EntryPoint\",\"urlTemplate\":\"https:\/\/wpguerssen-test.odoo.rgbconsulting.com\/es\/?s={search_term_string}\"},\"query-input\":{\"@type\":\"PropertyValueSpecification\",\"valueRequired\":true,\"valueName\":\"search_term_string\"}}],\"inLanguage\":\"es\"},{\"@type\":\"Organization\",\"@id\":\"https:\/\/wpguerssen-test.odoo.rgbconsulting.com\/es\/#organization\",\"name\":\"Guerssen records\",\"url\":\"https:\/\/wpguerssen-test.odoo.rgbconsulting.com\/es\/\",\"logo\":{\"@type\":\"ImageObject\",\"inLanguage\":\"es\",\"@id\":\"https:\/\/wpguerssen-test.odoo.rgbconsulting.com\/es\/#\/schema\/logo\/image\/\",\"url\":\"https:\/\/wpguerssen-test.odoo.rgbconsulting.com\/wp-content\/uploads\/2022\/04\/Logo_Guerssen_trans_100.png\",\"contentUrl\":\"https:\/\/wpguerssen-test.odoo.rgbconsulting.com\/wp-content\/uploads\/2022\/04\/Logo_Guerssen_trans_100.png\",\"width\":122,\"height\":100,\"caption\":\"Guerssen records\"},\"image\":{\"@id\":\"https:\/\/wpguerssen-test.odoo.rgbconsulting.com\/es\/#\/schema\/logo\/image\/\"}}]}<\/script>\n<!-- \/ Yoast SEO plugin. -->","yoast_head_json":{"title":"SIOUXSIE AND THE BANSHEES - A Red Light In Cardiff Vol.1 (Pink) -  (LP) | Guerssen","description":"Recorded live at the St.Davis Hall, Cardiff, on June the 21st 1984, this astonishing performance by the goth princess and her cohorts was part of their Hy\u00e6na Tour. Hy\u00e6na was the band's sixth studio album released earlier the same month and the only record to feature guitarist Robert Smith of the Cure.","robots":{"index":"index","follow":"follow","max-snippet":"max-snippet:-1","max-image-preview":"max-image-preview:large","max-video-preview":"max-video-preview:-1"},"canonical":"https:\/\/wpguerssen-test.odoo.rgbconsulting.com\/es\/producto\/a-red-light-in-cardiff-vol-1-pink\/","og_locale":"es_ES","og_type":"article","og_title":"SIOUXSIE AND THE BANSHEES - A Red Light In Cardiff Vol.1 (Pink) -  (LP) | Guerssen","og_description":"Recorded live at the St.Davis Hall, Cardiff, on June the 21st 1984, this astonishing performance by the goth princess and her cohorts was part of their Hy\u00e6na Tour. Hy\u00e6na was the band's sixth studio album released earlier the same month and the only record to feature guitarist Robert Smith of the Cure.","og_url":"https:\/\/wpguerssen-test.odoo.rgbconsulting.com\/es\/producto\/a-red-light-in-cardiff-vol-1-pink\/","og_site_name":"Guerssen records","article_modified_time":"2025-02-19T16:22:09+00:00","og_image":[{"width":1181,"height":1181,"url":"https:\/\/wpguerssen-test.odoo.rgbconsulting.com\/wp-content\/uploads\/2024\/12\/49380.jpg","type":"image\/jpeg"}],"twitter_card":"summary_large_image","twitter_title":"SIOUXSIE AND THE BANSHEES - A Red Light In Cardiff Vol.1 (Pink) -  (LP) | Guerssen","schema":{"@context":"https:\/\/schema.org","@graph":[{"@type":"WebPage","@id":"https:\/\/wpguerssen-test.odoo.rgbconsulting.com\/es\/producto\/a-red-light-in-cardiff-vol-1-pink\/","url":"https:\/\/wpguerssen-test.odoo.rgbconsulting.com\/es\/producto\/a-red-light-in-cardiff-vol-1-pink\/","name":"SIOUXSIE AND THE BANSHEES - A Red Light In Cardiff Vol.1 (Pink) - (LP) | Guerssen","isPartOf":{"@id":"https:\/\/wpguerssen-test.odoo.rgbconsulting.com\/es\/#website"},"primaryImageOfPage":{"@id":"https:\/\/wpguerssen-test.odoo.rgbconsulting.com\/es\/producto\/a-red-light-in-cardiff-vol-1-pink\/#primaryimage"},"image":{"@id":"https:\/\/wpguerssen-test.odoo.rgbconsulting.com\/es\/producto\/a-red-light-in-cardiff-vol-1-pink\/#primaryimage"},"thumbnailUrl":"https:\/\/wpguerssen-test.odoo.rgbconsulting.com\/wp-content\/uploads\/2024\/12\/49380.jpg","datePublished":"2025-01-12T23:00:00+00:00","dateModified":"2025-02-19T16:22:09+00:00","description":"Recorded live at the St.Davis Hall, Cardiff, on June the 21st 1984, this astonishing performance by the goth princess and her cohorts was part of their Hy\u00e6na Tour. Hy\u00e6na was the band's sixth studio album released earlier the same month and the only record to feature guitarist Robert Smith of the Cure.","breadcrumb":{"@id":"https:\/\/wpguerssen-test.odoo.rgbconsulting.com\/es\/producto\/a-red-light-in-cardiff-vol-1-pink\/#breadcrumb"},"inLanguage":"es","potentialAction":[{"@type":"ReadAction","target":["https:\/\/wpguerssen-test.odoo.rgbconsulting.com\/es\/producto\/a-red-light-in-cardiff-vol-1-pink\/"]}]},{"@type":"ImageObject","inLanguage":"es","@id":"https:\/\/wpguerssen-test.odoo.rgbconsulting.com\/es\/producto\/a-red-light-in-cardiff-vol-1-pink\/#primaryimage","url":"https:\/\/wpguerssen-test.odoo.rgbconsulting.com\/wp-content\/uploads\/2024\/12\/49380.jpg","contentUrl":"https:\/\/wpguerssen-test.odoo.rgbconsulting.com\/wp-content\/uploads\/2024\/12\/49380.jpg","width":1181,"height":1181},{"@type":"BreadcrumbList","@id":"https:\/\/wpguerssen-test.odoo.rgbconsulting.com\/es\/producto\/a-red-light-in-cardiff-vol-1-pink\/#breadcrumb","itemListElement":[{"@type":"ListItem","position":1,"name":"Inicio","item":"https:\/\/wpguerssen-test.odoo.rgbconsulting.com\/es\/"},{"@type":"ListItem","position":2,"name":"Shop","item":"https:\/\/wpguerssen-test.odoo.rgbconsulting.com\/shop\/"},{"@type":"ListItem","position":3,"name":"A Red Light In Cardiff Vol.1 (Pink)"}]},{"@type":"WebSite","@id":"https:\/\/wpguerssen-test.odoo.rgbconsulting.com\/es\/#website","url":"https:\/\/wpguerssen-test.odoo.rgbconsulting.com\/es\/","name":"Guerssen records","description":"psychedelia - progressive - folk - garage ","publisher":{"@id":"https:\/\/wpguerssen-test.odoo.rgbconsulting.com\/es\/#organization"},"potentialAction":[{"@type":"SearchAction","target":{"@type":"EntryPoint","urlTemplate":"https:\/\/wpguerssen-test.odoo.rgbconsulting.com\/es\/?s={search_term_string}"},"query-input":{"@type":"PropertyValueSpecification","valueRequired":true,"valueName":"search_term_string"}}],"inLanguage":"es"},{"@type":"Organization","@id":"https:\/\/wpguerssen-test.odoo.rgbconsulting.com\/es\/#organization","name":"Guerssen records","url":"https:\/\/wpguerssen-test.odoo.rgbconsulting.com\/es\/","logo":{"@type":"ImageObject","inLanguage":"es","@id":"https:\/\/wpguerssen-test.odoo.rgbconsulting.com\/es\/#\/schema\/logo\/image\/","url":"https:\/\/wpguerssen-test.odoo.rgbconsulting.com\/wp-content\/uploads\/2022\/04\/Logo_Guerssen_trans_100.png","contentUrl":"https:\/\/wpguerssen-test.odoo.rgbconsulting.com\/wp-content\/uploads\/2022\/04\/Logo_Guerssen_trans_100.png","width":122,"height":100,"caption":"Guerssen records"},"image":{"@id":"https:\/\/wpguerssen-test.odoo.rgbconsulting.com\/es\/#\/schema\/logo\/image\/"}}]}},"_links":{"self":[{"href":"https:\/\/wpguerssen-test.odoo.rgbconsulting.com\/es\/wp-json\/wp\/v2\/product\/279950","targetHints":{"allow":["GET"]}}],"collection":[{"href":"https:\/\/wpguerssen-test.odoo.rgbconsulting.com\/es\/wp-json\/wp\/v2\/product"}],"about":[{"href":"https:\/\/wpguerssen-test.odoo.rgbconsulting.com\/es\/wp-json\/wp\/v2\/types\/product"}],"wp:featuredmedia":[{"embeddable":true,"href":"https:\/\/wpguerssen-test.odoo.rgbconsulting.com\/es\/wp-json\/wp\/v2\/media\/279892"}],"wp:attachment":[{"href":"https:\/\/wpguerssen-test.odoo.rgbconsulting.com\/es\/wp-json\/wp\/v2\/media?parent=279950"}],"wp:term":[{"taxonomy":"product_brand","embeddable":true,"href":"https:\/\/wpguerssen-test.odoo.rgbconsulting.com\/es\/wp-json\/wp\/v2\/product_brand?post=279950"},{"taxonomy":"product_cat","embeddable":true,"href":"https:\/\/wpguerssen-test.odoo.rgbconsulting.com\/es\/wp-json\/wp\/v2\/product_cat?post=279950"},{"taxonomy":"product_tag","embeddable":true,"href":"https:\/\/wpguerssen-test.odoo.rgbconsulting.com\/es\/wp-json\/wp\/v2\/product_tag?post=279950"}],"curies":[{"name":"wp","href":"https:\/\/api.w.org\/{rel}","templated":true}]}}