{"id":279951,"date":"2025-01-13T00:00:00","date_gmt":"2025-01-12T23:00:00","guid":{"rendered":"https:\/\/wpguerssen-test.odoo.rgbconsulting.com\/product\/rome-what-difference-does-it-makes-orange\/"},"modified":"2025-03-06T14:16:57","modified_gmt":"2025-03-06T13:16:57","slug":"rome-what-difference-does-it-makes-orange","status":"publish","type":"product","link":"https:\/\/wpguerssen-test.odoo.rgbconsulting.com\/es\/producto\/rome-what-difference-does-it-makes-orange\/","title":{"rendered":"Rome, What Difference Does It Makes? (Orange)"},"content":{"rendered":"<p>Aunque los Smiths eran una banda muy querida en Italia, tuvieron la desgracia de tocar en vivo s\u00f3lo una vez. Un \u00fanico concierto, el del 14 de mayo de 1985 en el Teatro Tendatrice de Roma, durante la gira Meat Is Murder. Un martes de primavera que pasar\u00eda a la historia. La banda de Manchester pasar\u00eda despu\u00e9s por Italia para dos actuaciones, pero s\u00f3lo en televisi\u00f3n. La primera, en el festival de San Remo en el PalaRock, y despu\u00e9s, entre el 9 y el 10 de marzo, subieron al escenario del Festival de Primavera de 1987. Poco despu\u00e9s, en agosto de 1987, Johnny Marr dejar\u00eda el grupo. En resumen, \u00a1esta actuaci\u00f3n es por excelencia y una cita obligada para todos los seguidores m\u00e1s fieles!<\/p>\n","protected":false},"excerpt":{"rendered":"<p>Aunque los Smiths eran una banda muy querida en Italia, tuvieron la desgracia de tocar en vivo s\u00f3lo una vez. Un \u00fanico concierto, el del 14 de mayo de 1985 en el<a class=\"read\" href=\"https:\/\/wpguerssen-test.odoo.rgbconsulting.com\/es\/producto\/rome-what-difference-does-it-makes-orange\/\"> (...)<\/a>","protected":false},"featured_media":279895,"template":"","meta":{"_acf_changed":false},"product_brand":[],"product_cat":[23234],"product_tag":[29140,24189],"class_list":{"0":"post-279951","1":"product","2":"type-product","3":"status-publish","4":"has-post-thumbnail","6":"product_cat-pop-rock-es","7":"product_tag-color-vinyl-es","8":"product_tag-recien-llegadas","9":"pa_artist-smiths-the-es","10":"pa_format-lp-es","11":"pa_gender-pop-rock","12":"pa_label-outsider","13":"pa_location-uk-ireland-es","14":"pa_other-filters-vinyl-only-es","16":"first","17":"instock","18":"taxable","19":"shipping-taxable","20":"purchasable","21":"product-type-simple"},"acf":[],"yoast_head":"<!-- This site is optimized with the Yoast SEO plugin v24.9 - https:\/\/yoast.com\/wordpress\/plugins\/seo\/ -->\n<title>SMITHS, The - Rome, What Difference Does It Makes? (Orange) -  (LP) | Guerssen<\/title>\n<meta name=\"description\" content=\"Although the Smiths were a beloved band in Italy, they had the misfortune to play live only once. A single concert, the one at the Teatro Tendastrice in Rome on May 14, 1985, during the Meat Is Murder tour. A spring Tuesday that would go down in history. The Manchester band would later pass through Italy for two appearances, but only on television. The first - at the Sanremo festival at the PalaRock - and then, between 9 and 10 March, they took the stage at the 1987 Spring Festival. Shortly thereafter, in August 1987, Johnny Marr would leave the group. To make a long story short, this performance is quintessential and a must have for all of the die-hard supporters !\" \/>\n<meta name=\"robots\" content=\"index, follow, max-snippet:-1, max-image-preview:large, max-video-preview:-1\" \/>\n<link rel=\"canonical\" href=\"https:\/\/wpguerssen-test.odoo.rgbconsulting.com\/es\/producto\/rome-what-difference-does-it-makes-orange\/\" \/>\n<meta property=\"og:locale\" content=\"es_ES\" \/>\n<meta property=\"og:type\" content=\"article\" \/>\n<meta property=\"og:title\" content=\"SMITHS, The - Rome, What Difference Does It Makes? (Orange) -  (LP) | Guerssen\" \/>\n<meta property=\"og:description\" content=\"Although the Smiths were a beloved band in Italy, they had the misfortune to play live only once. A single concert, the one at the Teatro Tendastrice in Rome on May 14, 1985, during the Meat Is Murder tour. A spring Tuesday that would go down in history. The Manchester band would later pass through Italy for two appearances, but only on television. The first - at the Sanremo festival at the PalaRock - and then, between 9 and 10 March, they took the stage at the 1987 Spring Festival. Shortly thereafter, in August 1987, Johnny Marr would leave the group. To make a long story short, this performance is quintessential and a must have for all of the die-hard supporters !\" \/>\n<meta property=\"og:url\" content=\"https:\/\/wpguerssen-test.odoo.rgbconsulting.com\/es\/producto\/rome-what-difference-does-it-makes-orange\/\" \/>\n<meta property=\"og:site_name\" content=\"Guerssen records\" \/>\n<meta property=\"article:modified_time\" content=\"2025-03-06T13:16:57+00:00\" \/>\n<meta property=\"og:image\" content=\"https:\/\/wpguerssen-test.odoo.rgbconsulting.com\/wp-content\/uploads\/2024\/12\/49381.jpg\" \/>\n\t<meta property=\"og:image:width\" content=\"1181\" \/>\n\t<meta property=\"og:image:height\" content=\"1181\" \/>\n\t<meta property=\"og:image:type\" content=\"image\/jpeg\" \/>\n<meta name=\"twitter:card\" content=\"summary_large_image\" \/>\n<meta name=\"twitter:title\" content=\"SMITHS, The - Rome, What Difference Does It Makes? (Orange) -  (LP) | Guerssen\" \/>\n<meta name=\"twitter:label1\" content=\"Tiempo de lectura\" \/>\n\t<meta name=\"twitter:data1\" content=\"1 minuto\" \/>\n<script type=\"application\/ld+json\" class=\"yoast-schema-graph\">{\"@context\":\"https:\/\/schema.org\",\"@graph\":[{\"@type\":\"WebPage\",\"@id\":\"https:\/\/wpguerssen-test.odoo.rgbconsulting.com\/es\/producto\/rome-what-difference-does-it-makes-orange\/\",\"url\":\"https:\/\/wpguerssen-test.odoo.rgbconsulting.com\/es\/producto\/rome-what-difference-does-it-makes-orange\/\",\"name\":\"SMITHS, The - Rome, What Difference Does It Makes? (Orange) - (LP) | Guerssen\",\"isPartOf\":{\"@id\":\"https:\/\/wpguerssen-test.odoo.rgbconsulting.com\/es\/#website\"},\"primaryImageOfPage\":{\"@id\":\"https:\/\/wpguerssen-test.odoo.rgbconsulting.com\/es\/producto\/rome-what-difference-does-it-makes-orange\/#primaryimage\"},\"image\":{\"@id\":\"https:\/\/wpguerssen-test.odoo.rgbconsulting.com\/es\/producto\/rome-what-difference-does-it-makes-orange\/#primaryimage\"},\"thumbnailUrl\":\"https:\/\/wpguerssen-test.odoo.rgbconsulting.com\/wp-content\/uploads\/2024\/12\/49381.jpg\",\"datePublished\":\"2025-01-12T23:00:00+00:00\",\"dateModified\":\"2025-03-06T13:16:57+00:00\",\"description\":\"Although the Smiths were a beloved band in Italy, they had the misfortune to play live only once. A single concert, the one at the Teatro Tendastrice in Rome on May 14, 1985, during the Meat Is Murder tour. A spring Tuesday that would go down in history. The Manchester band would later pass through Italy for two appearances, but only on television. The first - at the Sanremo festival at the PalaRock - and then, between 9 and 10 March, they took the stage at the 1987 Spring Festival. Shortly thereafter, in August 1987, Johnny Marr would leave the group. To make a long story short, this performance is quintessential and a must have for all of the die-hard supporters !\",\"breadcrumb\":{\"@id\":\"https:\/\/wpguerssen-test.odoo.rgbconsulting.com\/es\/producto\/rome-what-difference-does-it-makes-orange\/#breadcrumb\"},\"inLanguage\":\"es\",\"potentialAction\":[{\"@type\":\"ReadAction\",\"target\":[\"https:\/\/wpguerssen-test.odoo.rgbconsulting.com\/es\/producto\/rome-what-difference-does-it-makes-orange\/\"]}]},{\"@type\":\"ImageObject\",\"inLanguage\":\"es\",\"@id\":\"https:\/\/wpguerssen-test.odoo.rgbconsulting.com\/es\/producto\/rome-what-difference-does-it-makes-orange\/#primaryimage\",\"url\":\"https:\/\/wpguerssen-test.odoo.rgbconsulting.com\/wp-content\/uploads\/2024\/12\/49381.jpg\",\"contentUrl\":\"https:\/\/wpguerssen-test.odoo.rgbconsulting.com\/wp-content\/uploads\/2024\/12\/49381.jpg\",\"width\":1181,\"height\":1181,\"caption\":\"The - Rome\"},{\"@type\":\"BreadcrumbList\",\"@id\":\"https:\/\/wpguerssen-test.odoo.rgbconsulting.com\/es\/producto\/rome-what-difference-does-it-makes-orange\/#breadcrumb\",\"itemListElement\":[{\"@type\":\"ListItem\",\"position\":1,\"name\":\"Inicio\",\"item\":\"https:\/\/wpguerssen-test.odoo.rgbconsulting.com\/es\/\"},{\"@type\":\"ListItem\",\"position\":2,\"name\":\"Shop\",\"item\":\"https:\/\/wpguerssen-test.odoo.rgbconsulting.com\/shop\/\"},{\"@type\":\"ListItem\",\"position\":3,\"name\":\"Rome, What Difference Does It Makes? (Orange)\"}]},{\"@type\":\"WebSite\",\"@id\":\"https:\/\/wpguerssen-test.odoo.rgbconsulting.com\/es\/#website\",\"url\":\"https:\/\/wpguerssen-test.odoo.rgbconsulting.com\/es\/\",\"name\":\"Guerssen records\",\"description\":\"psychedelia - progressive - folk - garage \",\"publisher\":{\"@id\":\"https:\/\/wpguerssen-test.odoo.rgbconsulting.com\/es\/#organization\"},\"potentialAction\":[{\"@type\":\"SearchAction\",\"target\":{\"@type\":\"EntryPoint\",\"urlTemplate\":\"https:\/\/wpguerssen-test.odoo.rgbconsulting.com\/es\/?s={search_term_string}\"},\"query-input\":{\"@type\":\"PropertyValueSpecification\",\"valueRequired\":true,\"valueName\":\"search_term_string\"}}],\"inLanguage\":\"es\"},{\"@type\":\"Organization\",\"@id\":\"https:\/\/wpguerssen-test.odoo.rgbconsulting.com\/es\/#organization\",\"name\":\"Guerssen records\",\"url\":\"https:\/\/wpguerssen-test.odoo.rgbconsulting.com\/es\/\",\"logo\":{\"@type\":\"ImageObject\",\"inLanguage\":\"es\",\"@id\":\"https:\/\/wpguerssen-test.odoo.rgbconsulting.com\/es\/#\/schema\/logo\/image\/\",\"url\":\"https:\/\/wpguerssen-test.odoo.rgbconsulting.com\/wp-content\/uploads\/2022\/04\/Logo_Guerssen_trans_100.png\",\"contentUrl\":\"https:\/\/wpguerssen-test.odoo.rgbconsulting.com\/wp-content\/uploads\/2022\/04\/Logo_Guerssen_trans_100.png\",\"width\":122,\"height\":100,\"caption\":\"Guerssen records\"},\"image\":{\"@id\":\"https:\/\/wpguerssen-test.odoo.rgbconsulting.com\/es\/#\/schema\/logo\/image\/\"}}]}<\/script>\n<!-- \/ Yoast SEO plugin. -->","yoast_head_json":{"title":"SMITHS, The - Rome, What Difference Does It Makes? (Orange) -  (LP) | Guerssen","description":"Although the Smiths were a beloved band in Italy, they had the misfortune to play live only once. A single concert, the one at the Teatro Tendastrice in Rome on May 14, 1985, during the Meat Is Murder tour. A spring Tuesday that would go down in history. The Manchester band would later pass through Italy for two appearances, but only on television. The first - at the Sanremo festival at the PalaRock - and then, between 9 and 10 March, they took the stage at the 1987 Spring Festival. Shortly thereafter, in August 1987, Johnny Marr would leave the group. To make a long story short, this performance is quintessential and a must have for all of the die-hard supporters !","robots":{"index":"index","follow":"follow","max-snippet":"max-snippet:-1","max-image-preview":"max-image-preview:large","max-video-preview":"max-video-preview:-1"},"canonical":"https:\/\/wpguerssen-test.odoo.rgbconsulting.com\/es\/producto\/rome-what-difference-does-it-makes-orange\/","og_locale":"es_ES","og_type":"article","og_title":"SMITHS, The - Rome, What Difference Does It Makes? (Orange) -  (LP) | Guerssen","og_description":"Although the Smiths were a beloved band in Italy, they had the misfortune to play live only once. A single concert, the one at the Teatro Tendastrice in Rome on May 14, 1985, during the Meat Is Murder tour. A spring Tuesday that would go down in history. The Manchester band would later pass through Italy for two appearances, but only on television. The first - at the Sanremo festival at the PalaRock - and then, between 9 and 10 March, they took the stage at the 1987 Spring Festival. Shortly thereafter, in August 1987, Johnny Marr would leave the group. To make a long story short, this performance is quintessential and a must have for all of the die-hard supporters !","og_url":"https:\/\/wpguerssen-test.odoo.rgbconsulting.com\/es\/producto\/rome-what-difference-does-it-makes-orange\/","og_site_name":"Guerssen records","article_modified_time":"2025-03-06T13:16:57+00:00","og_image":[{"width":1181,"height":1181,"url":"https:\/\/wpguerssen-test.odoo.rgbconsulting.com\/wp-content\/uploads\/2024\/12\/49381.jpg","type":"image\/jpeg"}],"twitter_card":"summary_large_image","twitter_title":"SMITHS, The - Rome, What Difference Does It Makes? (Orange) -  (LP) | Guerssen","twitter_misc":{"Tiempo de lectura":"1 minuto"},"schema":{"@context":"https:\/\/schema.org","@graph":[{"@type":"WebPage","@id":"https:\/\/wpguerssen-test.odoo.rgbconsulting.com\/es\/producto\/rome-what-difference-does-it-makes-orange\/","url":"https:\/\/wpguerssen-test.odoo.rgbconsulting.com\/es\/producto\/rome-what-difference-does-it-makes-orange\/","name":"SMITHS, The - Rome, What Difference Does It Makes? (Orange) - (LP) | Guerssen","isPartOf":{"@id":"https:\/\/wpguerssen-test.odoo.rgbconsulting.com\/es\/#website"},"primaryImageOfPage":{"@id":"https:\/\/wpguerssen-test.odoo.rgbconsulting.com\/es\/producto\/rome-what-difference-does-it-makes-orange\/#primaryimage"},"image":{"@id":"https:\/\/wpguerssen-test.odoo.rgbconsulting.com\/es\/producto\/rome-what-difference-does-it-makes-orange\/#primaryimage"},"thumbnailUrl":"https:\/\/wpguerssen-test.odoo.rgbconsulting.com\/wp-content\/uploads\/2024\/12\/49381.jpg","datePublished":"2025-01-12T23:00:00+00:00","dateModified":"2025-03-06T13:16:57+00:00","description":"Although the Smiths were a beloved band in Italy, they had the misfortune to play live only once. A single concert, the one at the Teatro Tendastrice in Rome on May 14, 1985, during the Meat Is Murder tour. A spring Tuesday that would go down in history. The Manchester band would later pass through Italy for two appearances, but only on television. The first - at the Sanremo festival at the PalaRock - and then, between 9 and 10 March, they took the stage at the 1987 Spring Festival. Shortly thereafter, in August 1987, Johnny Marr would leave the group. To make a long story short, this performance is quintessential and a must have for all of the die-hard supporters !","breadcrumb":{"@id":"https:\/\/wpguerssen-test.odoo.rgbconsulting.com\/es\/producto\/rome-what-difference-does-it-makes-orange\/#breadcrumb"},"inLanguage":"es","potentialAction":[{"@type":"ReadAction","target":["https:\/\/wpguerssen-test.odoo.rgbconsulting.com\/es\/producto\/rome-what-difference-does-it-makes-orange\/"]}]},{"@type":"ImageObject","inLanguage":"es","@id":"https:\/\/wpguerssen-test.odoo.rgbconsulting.com\/es\/producto\/rome-what-difference-does-it-makes-orange\/#primaryimage","url":"https:\/\/wpguerssen-test.odoo.rgbconsulting.com\/wp-content\/uploads\/2024\/12\/49381.jpg","contentUrl":"https:\/\/wpguerssen-test.odoo.rgbconsulting.com\/wp-content\/uploads\/2024\/12\/49381.jpg","width":1181,"height":1181,"caption":"The - Rome"},{"@type":"BreadcrumbList","@id":"https:\/\/wpguerssen-test.odoo.rgbconsulting.com\/es\/producto\/rome-what-difference-does-it-makes-orange\/#breadcrumb","itemListElement":[{"@type":"ListItem","position":1,"name":"Inicio","item":"https:\/\/wpguerssen-test.odoo.rgbconsulting.com\/es\/"},{"@type":"ListItem","position":2,"name":"Shop","item":"https:\/\/wpguerssen-test.odoo.rgbconsulting.com\/shop\/"},{"@type":"ListItem","position":3,"name":"Rome, What Difference Does It Makes? (Orange)"}]},{"@type":"WebSite","@id":"https:\/\/wpguerssen-test.odoo.rgbconsulting.com\/es\/#website","url":"https:\/\/wpguerssen-test.odoo.rgbconsulting.com\/es\/","name":"Guerssen records","description":"psychedelia - progressive - folk - garage ","publisher":{"@id":"https:\/\/wpguerssen-test.odoo.rgbconsulting.com\/es\/#organization"},"potentialAction":[{"@type":"SearchAction","target":{"@type":"EntryPoint","urlTemplate":"https:\/\/wpguerssen-test.odoo.rgbconsulting.com\/es\/?s={search_term_string}"},"query-input":{"@type":"PropertyValueSpecification","valueRequired":true,"valueName":"search_term_string"}}],"inLanguage":"es"},{"@type":"Organization","@id":"https:\/\/wpguerssen-test.odoo.rgbconsulting.com\/es\/#organization","name":"Guerssen records","url":"https:\/\/wpguerssen-test.odoo.rgbconsulting.com\/es\/","logo":{"@type":"ImageObject","inLanguage":"es","@id":"https:\/\/wpguerssen-test.odoo.rgbconsulting.com\/es\/#\/schema\/logo\/image\/","url":"https:\/\/wpguerssen-test.odoo.rgbconsulting.com\/wp-content\/uploads\/2022\/04\/Logo_Guerssen_trans_100.png","contentUrl":"https:\/\/wpguerssen-test.odoo.rgbconsulting.com\/wp-content\/uploads\/2022\/04\/Logo_Guerssen_trans_100.png","width":122,"height":100,"caption":"Guerssen records"},"image":{"@id":"https:\/\/wpguerssen-test.odoo.rgbconsulting.com\/es\/#\/schema\/logo\/image\/"}}]}},"_links":{"self":[{"href":"https:\/\/wpguerssen-test.odoo.rgbconsulting.com\/es\/wp-json\/wp\/v2\/product\/279951","targetHints":{"allow":["GET"]}}],"collection":[{"href":"https:\/\/wpguerssen-test.odoo.rgbconsulting.com\/es\/wp-json\/wp\/v2\/product"}],"about":[{"href":"https:\/\/wpguerssen-test.odoo.rgbconsulting.com\/es\/wp-json\/wp\/v2\/types\/product"}],"wp:featuredmedia":[{"embeddable":true,"href":"https:\/\/wpguerssen-test.odoo.rgbconsulting.com\/es\/wp-json\/wp\/v2\/media\/279895"}],"wp:attachment":[{"href":"https:\/\/wpguerssen-test.odoo.rgbconsulting.com\/es\/wp-json\/wp\/v2\/media?parent=279951"}],"wp:term":[{"taxonomy":"product_brand","embeddable":true,"href":"https:\/\/wpguerssen-test.odoo.rgbconsulting.com\/es\/wp-json\/wp\/v2\/product_brand?post=279951"},{"taxonomy":"product_cat","embeddable":true,"href":"https:\/\/wpguerssen-test.odoo.rgbconsulting.com\/es\/wp-json\/wp\/v2\/product_cat?post=279951"},{"taxonomy":"product_tag","embeddable":true,"href":"https:\/\/wpguerssen-test.odoo.rgbconsulting.com\/es\/wp-json\/wp\/v2\/product_tag?post=279951"}],"curies":[{"name":"wp","href":"https:\/\/api.w.org\/{rel}","templated":true}]}}