{"id":279989,"date":"2025-02-03T00:00:00","date_gmt":"2025-02-02T23:00:00","guid":{"rendered":"https:\/\/wpguerssen-test.odoo.rgbconsulting.com\/product\/hickory-wind\/"},"modified":"2025-03-05T15:55:47","modified_gmt":"2025-03-05T14:55:47","slug":"hickory-wind","status":"publish","type":"product","link":"https:\/\/wpguerssen-test.odoo.rgbconsulting.com\/es\/producto\/hickory-wind\/","title":{"rendered":"Hickory Wind"},"content":{"rendered":"<p>Grupo anterior a BF Trike, este es su \u00fanico \u00e1lbum de 1969. Sonido country-rock con toques psicod\u00e9licos. Incluye cuatro bonus tracks extra\u00eddas de las sesiones que dieron lugar al \u00e1lbum de BF Trike.<\/p>\n","protected":false},"excerpt":{"rendered":"<p>Grupo anterior a BF Trike, este es su \u00fanico \u00e1lbum de 1969. Sonido country-rock con toques psicod\u00e9licos. Incluye cuatro bonus tracks extra\u00eddas de las sesiones que<a class=\"read\" href=\"https:\/\/wpguerssen-test.odoo.rgbconsulting.com\/es\/producto\/hickory-wind\/\"> (...)<\/a>","protected":false},"featured_media":280123,"template":"","meta":{"_acf_changed":false},"product_brand":[],"product_cat":[21639],"product_tag":[24185],"class_list":{"0":"post-279989","1":"product","2":"type-product","3":"status-publish","4":"has-post-thumbnail","6":"product_cat-psychedelic60s-70s-es","7":"product_tag-de-nuevo-en-existencia","8":"pa_artist-hickory-wind","9":"pa_format-lp-es","10":"pa_gender-psychedelic60s-70s","11":"pa_label-klimt","12":"pa_location-north-america-es","13":"pa_other-filters-vinyl-only-es","15":"first","16":"instock","17":"taxable","18":"shipping-taxable","19":"purchasable","20":"product-type-simple"},"acf":[],"yoast_head":"<!-- This site is optimized with the Yoast SEO plugin v24.9 - https:\/\/yoast.com\/wordpress\/plugins\/seo\/ -->\n<title>HICKORY WIND - Hickory Wind -  (LP) | Guerssen<\/title>\n<meta name=\"description\" content=\"Before morphing into the excellent psych trio, B.F. Trike, Hickory Wind (from Evansville, Indiana), released one brilliant, and extremely rare, country psych album in 1969. Just 100 copies were pressed for the Gigantic label, and originals have been known to change hands for a small fortune. The album features excellent vocals, plus an interesting mix of fuzz guitar, and droning organ, as well as some wonderfully melodic songs. This reissue also features four bonus tracks from the B.F. Trike album session, recorded for RCA Records in Nashville, Tennessee in 1971. The B.F. Trike album, however, remained in the vaults for 25 years, before it was finally uncovered and given its just recognition in the mid-nineties. Comes with 4 bonus tracks.\" \/>\n<meta name=\"robots\" content=\"index, follow, max-snippet:-1, max-image-preview:large, max-video-preview:-1\" \/>\n<link rel=\"canonical\" href=\"https:\/\/wpguerssen-test.odoo.rgbconsulting.com\/es\/producto\/hickory-wind\/\" \/>\n<meta property=\"og:locale\" content=\"es_ES\" \/>\n<meta property=\"og:type\" content=\"article\" \/>\n<meta property=\"og:title\" content=\"HICKORY WIND - Hickory Wind -  (LP) | Guerssen\" \/>\n<meta property=\"og:description\" content=\"Before morphing into the excellent psych trio, B.F. Trike, Hickory Wind (from Evansville, Indiana), released one brilliant, and extremely rare, country psych album in 1969. Just 100 copies were pressed for the Gigantic label, and originals have been known to change hands for a small fortune. The album features excellent vocals, plus an interesting mix of fuzz guitar, and droning organ, as well as some wonderfully melodic songs. This reissue also features four bonus tracks from the B.F. Trike album session, recorded for RCA Records in Nashville, Tennessee in 1971. The B.F. Trike album, however, remained in the vaults for 25 years, before it was finally uncovered and given its just recognition in the mid-nineties. Comes with 4 bonus tracks.\" \/>\n<meta property=\"og:url\" content=\"https:\/\/wpguerssen-test.odoo.rgbconsulting.com\/es\/producto\/hickory-wind\/\" \/>\n<meta property=\"og:site_name\" content=\"Guerssen records\" \/>\n<meta property=\"article:modified_time\" content=\"2025-03-05T14:55:47+00:00\" \/>\n<meta property=\"og:image\" content=\"https:\/\/wpguerssen-test.odoo.rgbconsulting.com\/wp-content\/uploads\/2024\/12\/13942.jpg\" \/>\n\t<meta property=\"og:image:width\" content=\"496\" \/>\n\t<meta property=\"og:image:height\" content=\"500\" \/>\n\t<meta property=\"og:image:type\" content=\"image\/jpeg\" \/>\n<meta name=\"twitter:card\" content=\"summary_large_image\" \/>\n<meta name=\"twitter:title\" content=\"HICKORY WIND - Hickory Wind -  (LP) | Guerssen\" \/>\n<script type=\"application\/ld+json\" class=\"yoast-schema-graph\">{\"@context\":\"https:\/\/schema.org\",\"@graph\":[{\"@type\":\"WebPage\",\"@id\":\"https:\/\/wpguerssen-test.odoo.rgbconsulting.com\/es\/producto\/hickory-wind\/\",\"url\":\"https:\/\/wpguerssen-test.odoo.rgbconsulting.com\/es\/producto\/hickory-wind\/\",\"name\":\"HICKORY WIND - Hickory Wind - (LP) | Guerssen\",\"isPartOf\":{\"@id\":\"https:\/\/wpguerssen-test.odoo.rgbconsulting.com\/es\/#website\"},\"primaryImageOfPage\":{\"@id\":\"https:\/\/wpguerssen-test.odoo.rgbconsulting.com\/es\/producto\/hickory-wind\/#primaryimage\"},\"image\":{\"@id\":\"https:\/\/wpguerssen-test.odoo.rgbconsulting.com\/es\/producto\/hickory-wind\/#primaryimage\"},\"thumbnailUrl\":\"https:\/\/wpguerssen-test.odoo.rgbconsulting.com\/wp-content\/uploads\/2024\/12\/13942.jpg\",\"datePublished\":\"2025-02-02T23:00:00+00:00\",\"dateModified\":\"2025-03-05T14:55:47+00:00\",\"description\":\"Before morphing into the excellent psych trio, B.F. Trike, Hickory Wind (from Evansville, Indiana), released one brilliant, and extremely rare, country psych album in 1969. Just 100 copies were pressed for the Gigantic label, and originals have been known to change hands for a small fortune. The album features excellent vocals, plus an interesting mix of fuzz guitar, and droning organ, as well as some wonderfully melodic songs. This reissue also features four bonus tracks from the B.F. Trike album session, recorded for RCA Records in Nashville, Tennessee in 1971. The B.F. Trike album, however, remained in the vaults for 25 years, before it was finally uncovered and given its just recognition in the mid-nineties. Comes with 4 bonus tracks.\",\"breadcrumb\":{\"@id\":\"https:\/\/wpguerssen-test.odoo.rgbconsulting.com\/es\/producto\/hickory-wind\/#breadcrumb\"},\"inLanguage\":\"es\",\"potentialAction\":[{\"@type\":\"ReadAction\",\"target\":[\"https:\/\/wpguerssen-test.odoo.rgbconsulting.com\/es\/producto\/hickory-wind\/\"]}]},{\"@type\":\"ImageObject\",\"inLanguage\":\"es\",\"@id\":\"https:\/\/wpguerssen-test.odoo.rgbconsulting.com\/es\/producto\/hickory-wind\/#primaryimage\",\"url\":\"https:\/\/wpguerssen-test.odoo.rgbconsulting.com\/wp-content\/uploads\/2024\/12\/13942.jpg\",\"contentUrl\":\"https:\/\/wpguerssen-test.odoo.rgbconsulting.com\/wp-content\/uploads\/2024\/12\/13942.jpg\",\"width\":496,\"height\":500},{\"@type\":\"BreadcrumbList\",\"@id\":\"https:\/\/wpguerssen-test.odoo.rgbconsulting.com\/es\/producto\/hickory-wind\/#breadcrumb\",\"itemListElement\":[{\"@type\":\"ListItem\",\"position\":1,\"name\":\"Inicio\",\"item\":\"https:\/\/wpguerssen-test.odoo.rgbconsulting.com\/es\/\"},{\"@type\":\"ListItem\",\"position\":2,\"name\":\"Shop\",\"item\":\"https:\/\/wpguerssen-test.odoo.rgbconsulting.com\/shop\/\"},{\"@type\":\"ListItem\",\"position\":3,\"name\":\"Hickory Wind\"}]},{\"@type\":\"WebSite\",\"@id\":\"https:\/\/wpguerssen-test.odoo.rgbconsulting.com\/es\/#website\",\"url\":\"https:\/\/wpguerssen-test.odoo.rgbconsulting.com\/es\/\",\"name\":\"Guerssen records\",\"description\":\"psychedelia - progressive - folk - garage \",\"publisher\":{\"@id\":\"https:\/\/wpguerssen-test.odoo.rgbconsulting.com\/es\/#organization\"},\"potentialAction\":[{\"@type\":\"SearchAction\",\"target\":{\"@type\":\"EntryPoint\",\"urlTemplate\":\"https:\/\/wpguerssen-test.odoo.rgbconsulting.com\/es\/?s={search_term_string}\"},\"query-input\":{\"@type\":\"PropertyValueSpecification\",\"valueRequired\":true,\"valueName\":\"search_term_string\"}}],\"inLanguage\":\"es\"},{\"@type\":\"Organization\",\"@id\":\"https:\/\/wpguerssen-test.odoo.rgbconsulting.com\/es\/#organization\",\"name\":\"Guerssen records\",\"url\":\"https:\/\/wpguerssen-test.odoo.rgbconsulting.com\/es\/\",\"logo\":{\"@type\":\"ImageObject\",\"inLanguage\":\"es\",\"@id\":\"https:\/\/wpguerssen-test.odoo.rgbconsulting.com\/es\/#\/schema\/logo\/image\/\",\"url\":\"https:\/\/wpguerssen-test.odoo.rgbconsulting.com\/wp-content\/uploads\/2022\/04\/Logo_Guerssen_trans_100.png\",\"contentUrl\":\"https:\/\/wpguerssen-test.odoo.rgbconsulting.com\/wp-content\/uploads\/2022\/04\/Logo_Guerssen_trans_100.png\",\"width\":122,\"height\":100,\"caption\":\"Guerssen records\"},\"image\":{\"@id\":\"https:\/\/wpguerssen-test.odoo.rgbconsulting.com\/es\/#\/schema\/logo\/image\/\"}}]}<\/script>\n<!-- \/ Yoast SEO plugin. -->","yoast_head_json":{"title":"HICKORY WIND - Hickory Wind -  (LP) | Guerssen","description":"Before morphing into the excellent psych trio, B.F. Trike, Hickory Wind (from Evansville, Indiana), released one brilliant, and extremely rare, country psych album in 1969. Just 100 copies were pressed for the Gigantic label, and originals have been known to change hands for a small fortune. The album features excellent vocals, plus an interesting mix of fuzz guitar, and droning organ, as well as some wonderfully melodic songs. This reissue also features four bonus tracks from the B.F. Trike album session, recorded for RCA Records in Nashville, Tennessee in 1971. The B.F. Trike album, however, remained in the vaults for 25 years, before it was finally uncovered and given its just recognition in the mid-nineties. Comes with 4 bonus tracks.","robots":{"index":"index","follow":"follow","max-snippet":"max-snippet:-1","max-image-preview":"max-image-preview:large","max-video-preview":"max-video-preview:-1"},"canonical":"https:\/\/wpguerssen-test.odoo.rgbconsulting.com\/es\/producto\/hickory-wind\/","og_locale":"es_ES","og_type":"article","og_title":"HICKORY WIND - Hickory Wind -  (LP) | Guerssen","og_description":"Before morphing into the excellent psych trio, B.F. Trike, Hickory Wind (from Evansville, Indiana), released one brilliant, and extremely rare, country psych album in 1969. Just 100 copies were pressed for the Gigantic label, and originals have been known to change hands for a small fortune. The album features excellent vocals, plus an interesting mix of fuzz guitar, and droning organ, as well as some wonderfully melodic songs. This reissue also features four bonus tracks from the B.F. Trike album session, recorded for RCA Records in Nashville, Tennessee in 1971. The B.F. Trike album, however, remained in the vaults for 25 years, before it was finally uncovered and given its just recognition in the mid-nineties. Comes with 4 bonus tracks.","og_url":"https:\/\/wpguerssen-test.odoo.rgbconsulting.com\/es\/producto\/hickory-wind\/","og_site_name":"Guerssen records","article_modified_time":"2025-03-05T14:55:47+00:00","og_image":[{"width":496,"height":500,"url":"https:\/\/wpguerssen-test.odoo.rgbconsulting.com\/wp-content\/uploads\/2024\/12\/13942.jpg","type":"image\/jpeg"}],"twitter_card":"summary_large_image","twitter_title":"HICKORY WIND - Hickory Wind -  (LP) | Guerssen","schema":{"@context":"https:\/\/schema.org","@graph":[{"@type":"WebPage","@id":"https:\/\/wpguerssen-test.odoo.rgbconsulting.com\/es\/producto\/hickory-wind\/","url":"https:\/\/wpguerssen-test.odoo.rgbconsulting.com\/es\/producto\/hickory-wind\/","name":"HICKORY WIND - Hickory Wind - (LP) | Guerssen","isPartOf":{"@id":"https:\/\/wpguerssen-test.odoo.rgbconsulting.com\/es\/#website"},"primaryImageOfPage":{"@id":"https:\/\/wpguerssen-test.odoo.rgbconsulting.com\/es\/producto\/hickory-wind\/#primaryimage"},"image":{"@id":"https:\/\/wpguerssen-test.odoo.rgbconsulting.com\/es\/producto\/hickory-wind\/#primaryimage"},"thumbnailUrl":"https:\/\/wpguerssen-test.odoo.rgbconsulting.com\/wp-content\/uploads\/2024\/12\/13942.jpg","datePublished":"2025-02-02T23:00:00+00:00","dateModified":"2025-03-05T14:55:47+00:00","description":"Before morphing into the excellent psych trio, B.F. Trike, Hickory Wind (from Evansville, Indiana), released one brilliant, and extremely rare, country psych album in 1969. Just 100 copies were pressed for the Gigantic label, and originals have been known to change hands for a small fortune. The album features excellent vocals, plus an interesting mix of fuzz guitar, and droning organ, as well as some wonderfully melodic songs. This reissue also features four bonus tracks from the B.F. Trike album session, recorded for RCA Records in Nashville, Tennessee in 1971. The B.F. Trike album, however, remained in the vaults for 25 years, before it was finally uncovered and given its just recognition in the mid-nineties. Comes with 4 bonus tracks.","breadcrumb":{"@id":"https:\/\/wpguerssen-test.odoo.rgbconsulting.com\/es\/producto\/hickory-wind\/#breadcrumb"},"inLanguage":"es","potentialAction":[{"@type":"ReadAction","target":["https:\/\/wpguerssen-test.odoo.rgbconsulting.com\/es\/producto\/hickory-wind\/"]}]},{"@type":"ImageObject","inLanguage":"es","@id":"https:\/\/wpguerssen-test.odoo.rgbconsulting.com\/es\/producto\/hickory-wind\/#primaryimage","url":"https:\/\/wpguerssen-test.odoo.rgbconsulting.com\/wp-content\/uploads\/2024\/12\/13942.jpg","contentUrl":"https:\/\/wpguerssen-test.odoo.rgbconsulting.com\/wp-content\/uploads\/2024\/12\/13942.jpg","width":496,"height":500},{"@type":"BreadcrumbList","@id":"https:\/\/wpguerssen-test.odoo.rgbconsulting.com\/es\/producto\/hickory-wind\/#breadcrumb","itemListElement":[{"@type":"ListItem","position":1,"name":"Inicio","item":"https:\/\/wpguerssen-test.odoo.rgbconsulting.com\/es\/"},{"@type":"ListItem","position":2,"name":"Shop","item":"https:\/\/wpguerssen-test.odoo.rgbconsulting.com\/shop\/"},{"@type":"ListItem","position":3,"name":"Hickory Wind"}]},{"@type":"WebSite","@id":"https:\/\/wpguerssen-test.odoo.rgbconsulting.com\/es\/#website","url":"https:\/\/wpguerssen-test.odoo.rgbconsulting.com\/es\/","name":"Guerssen records","description":"psychedelia - progressive - folk - garage ","publisher":{"@id":"https:\/\/wpguerssen-test.odoo.rgbconsulting.com\/es\/#organization"},"potentialAction":[{"@type":"SearchAction","target":{"@type":"EntryPoint","urlTemplate":"https:\/\/wpguerssen-test.odoo.rgbconsulting.com\/es\/?s={search_term_string}"},"query-input":{"@type":"PropertyValueSpecification","valueRequired":true,"valueName":"search_term_string"}}],"inLanguage":"es"},{"@type":"Organization","@id":"https:\/\/wpguerssen-test.odoo.rgbconsulting.com\/es\/#organization","name":"Guerssen records","url":"https:\/\/wpguerssen-test.odoo.rgbconsulting.com\/es\/","logo":{"@type":"ImageObject","inLanguage":"es","@id":"https:\/\/wpguerssen-test.odoo.rgbconsulting.com\/es\/#\/schema\/logo\/image\/","url":"https:\/\/wpguerssen-test.odoo.rgbconsulting.com\/wp-content\/uploads\/2022\/04\/Logo_Guerssen_trans_100.png","contentUrl":"https:\/\/wpguerssen-test.odoo.rgbconsulting.com\/wp-content\/uploads\/2022\/04\/Logo_Guerssen_trans_100.png","width":122,"height":100,"caption":"Guerssen records"},"image":{"@id":"https:\/\/wpguerssen-test.odoo.rgbconsulting.com\/es\/#\/schema\/logo\/image\/"}}]}},"_links":{"self":[{"href":"https:\/\/wpguerssen-test.odoo.rgbconsulting.com\/es\/wp-json\/wp\/v2\/product\/279989","targetHints":{"allow":["GET"]}}],"collection":[{"href":"https:\/\/wpguerssen-test.odoo.rgbconsulting.com\/es\/wp-json\/wp\/v2\/product"}],"about":[{"href":"https:\/\/wpguerssen-test.odoo.rgbconsulting.com\/es\/wp-json\/wp\/v2\/types\/product"}],"wp:featuredmedia":[{"embeddable":true,"href":"https:\/\/wpguerssen-test.odoo.rgbconsulting.com\/es\/wp-json\/wp\/v2\/media\/280123"}],"wp:attachment":[{"href":"https:\/\/wpguerssen-test.odoo.rgbconsulting.com\/es\/wp-json\/wp\/v2\/media?parent=279989"}],"wp:term":[{"taxonomy":"product_brand","embeddable":true,"href":"https:\/\/wpguerssen-test.odoo.rgbconsulting.com\/es\/wp-json\/wp\/v2\/product_brand?post=279989"},{"taxonomy":"product_cat","embeddable":true,"href":"https:\/\/wpguerssen-test.odoo.rgbconsulting.com\/es\/wp-json\/wp\/v2\/product_cat?post=279989"},{"taxonomy":"product_tag","embeddable":true,"href":"https:\/\/wpguerssen-test.odoo.rgbconsulting.com\/es\/wp-json\/wp\/v2\/product_tag?post=279989"}],"curies":[{"name":"wp","href":"https:\/\/api.w.org\/{rel}","templated":true}]}}