{"id":280152,"date":"2025-01-07T00:00:00","date_gmt":"2025-01-06T23:00:00","guid":{"rendered":"https:\/\/wpguerssen-test.odoo.rgbconsulting.com\/product\/cosmic-discotheque-12-junkshop-disco-funk-gems\/"},"modified":"2025-04-16T17:52:33","modified_gmt":"2025-04-16T15:52:33","slug":"cosmic-discotheque-12-junkshop-disco-funk-gems","status":"publish","type":"product","link":"https:\/\/wpguerssen-test.odoo.rgbconsulting.com\/es\/producto\/cosmic-discotheque-12-junkshop-disco-funk-gems\/","title":{"rendered":"Cosmic Discotheque: 12 Junkshop Disco Funk Gems"},"content":{"rendered":"<p>La m\u00fasica disco de los 70 no era solo ABBA, Moroder o Studio 54. Por cada artista famoso que vend\u00eda millones de discos, hab\u00eda miles de grupos y proyectos que editaron solo un single y de los que nunca mas se supo. Esta recopilaci\u00f3n recoge una brillante selecci\u00f3n de algunos de esos 45s en onda cosmic disco, synth, space, funk psicod\u00e9lico&#8230; <\/p>\n<p> LATO A<br \/>01The Mystic Moods-Cosmic Sea (1973)<br \/>02 Life &#8211; Cats Eyes (1973)<br \/>03 Alan Bown &#8211; Moanin (1975)<br \/>04 Red Parish Group &#8211; Dynomite (1975)<br \/>05 Andr\u00e9 Brasseur &#8211; Saturnus (1974)<br \/>06 Black Buster &#8211; Bump The Bump (Part II) (1975) <\/p>\n<p> LATO B<br \/>01 Bil Tze &#8211; Wu Ying Chiao  (1976)<br \/>02 The People Next Door &#8211; Husband and Wife (1974)<br \/>03 Diabolic man &#8211; diabolic man (1974)<br \/>04 Performance &#8211; Red Bullet (1975)<br \/>05 Dance machine &#8211; virgin ballet  (1978)<br \/>06 Pharaoh &#8211; Ramses (Part I) (1975)<\/p>\n","protected":false},"excerpt":{"rendered":"<p>La m\u00fasica disco de los 70 no era solo ABBA, Moroder o Studio 54. Por cada artista famoso que vend\u00eda millones de discos, hab\u00eda miles de grupos y proyectos que editaron<a class=\"read\" href=\"https:\/\/wpguerssen-test.odoo.rgbconsulting.com\/es\/producto\/cosmic-discotheque-12-junkshop-disco-funk-gems\/\"> (...)<\/a>","protected":false},"featured_media":280190,"template":"","meta":{"_acf_changed":false},"product_brand":[],"product_cat":[23219,23265],"product_tag":[],"class_list":{"0":"post-280152","1":"product","2":"type-product","3":"status-publish","4":"has-post-thumbnail","6":"product_cat-funk-es","7":"product_cat-disco-cosmic-italo-es","8":"pa_artist-various-artists-es","9":"pa_format-lp-es","10":"pa_gender-disco-cosmic-italo-funk","11":"pa_label-take-it-acid-is","12":"pa_location-europe-es","13":"pa_other-filters-vinyl-only-es","15":"first","16":"instock","17":"taxable","18":"shipping-taxable","19":"purchasable","20":"product-type-simple"},"acf":[],"yoast_head":"<!-- This site is optimized with the Yoast SEO plugin v24.9 - https:\/\/yoast.com\/wordpress\/plugins\/seo\/ -->\n<title>VARIOUS ARTISTS - Cosmic Discotheque: 12 Junkshop Disco Funk Gems -  (LP) | Guerssen<\/title>\n<meta name=\"description\" content=\"&#039;70s Disco Music wasn&#039;t just Abba or Studio 54. In the same way that punk or glam rock were evolving at the same time, the &quot;disco&quot; phenomenon generated a plethora of obscure and bizarre studio projects which remained unknown for decades, despite often being more inspired and creative than the few ones that reached stardom and sold millions of copies. 45 rpm singles that remained unsold, sitting in junkshops all over the world for decades hide forgotten gems, revealing genius and avant-garde only guilty of not being at the right place at the right time. Whether it&#039;s Moroder-oriented proto synth-wave, groovy space-disco or acid afro funk, volume 1 of the Cosmic Discotheque series is all about rediscovering those forgotten treasures while setting your dancefloor on fire! #nl# LATO A01The Mystic Moods-Cosmic Sea (1973)02 Life - Cats Eyes (1973)03 Alan Bown - Moanin (1975)04 Red Parish Group - Dynomite (1975)05 Andr\u00e9 Brasseur - Saturnus (1974)06 Black Buster - Bump The Bump (Part II) (1975) #nl# LATO B01 Bil Tze - Wu Ying Chiao (1976)02 The People Next Door - Husband and Wife (1974)03 Diabolic man - diabolic man (1974)04 Performance - Red Bullet (1975)05 Dance machine - virgin ballet (1978)06 Pharaoh - Ramses (Part I) (1975)\" \/>\n<meta name=\"robots\" content=\"index, follow, max-snippet:-1, max-image-preview:large, max-video-preview:-1\" \/>\n<link rel=\"canonical\" href=\"https:\/\/wpguerssen-test.odoo.rgbconsulting.com\/es\/producto\/cosmic-discotheque-12-junkshop-disco-funk-gems\/\" \/>\n<meta property=\"og:locale\" content=\"es_ES\" \/>\n<meta property=\"og:type\" content=\"article\" \/>\n<meta property=\"og:title\" content=\"VARIOUS ARTISTS - Cosmic Discotheque: 12 Junkshop Disco Funk Gems -  (LP) | Guerssen\" \/>\n<meta property=\"og:description\" content=\"&#039;70s Disco Music wasn&#039;t just Abba or Studio 54. In the same way that punk or glam rock were evolving at the same time, the &quot;disco&quot; phenomenon generated a plethora of obscure and bizarre studio projects which remained unknown for decades, despite often being more inspired and creative than the few ones that reached stardom and sold millions of copies. 45 rpm singles that remained unsold, sitting in junkshops all over the world for decades hide forgotten gems, revealing genius and avant-garde only guilty of not being at the right place at the right time. Whether it&#039;s Moroder-oriented proto synth-wave, groovy space-disco or acid afro funk, volume 1 of the Cosmic Discotheque series is all about rediscovering those forgotten treasures while setting your dancefloor on fire! #nl# LATO A01The Mystic Moods-Cosmic Sea (1973)02 Life - Cats Eyes (1973)03 Alan Bown - Moanin (1975)04 Red Parish Group - Dynomite (1975)05 Andr\u00e9 Brasseur - Saturnus (1974)06 Black Buster - Bump The Bump (Part II) (1975) #nl# LATO B01 Bil Tze - Wu Ying Chiao (1976)02 The People Next Door - Husband and Wife (1974)03 Diabolic man - diabolic man (1974)04 Performance - Red Bullet (1975)05 Dance machine - virgin ballet (1978)06 Pharaoh - Ramses (Part I) (1975)\" \/>\n<meta property=\"og:url\" content=\"https:\/\/wpguerssen-test.odoo.rgbconsulting.com\/es\/producto\/cosmic-discotheque-12-junkshop-disco-funk-gems\/\" \/>\n<meta property=\"og:site_name\" content=\"Guerssen records\" \/>\n<meta property=\"article:modified_time\" content=\"2025-04-16T15:52:33+00:00\" \/>\n<meta property=\"og:image\" content=\"https:\/\/wpguerssen-test.odoo.rgbconsulting.com\/wp-content\/uploads\/2024\/12\/34359.jpg\" \/>\n\t<meta property=\"og:image:width\" content=\"596\" \/>\n\t<meta property=\"og:image:height\" content=\"600\" \/>\n\t<meta property=\"og:image:type\" content=\"image\/jpeg\" \/>\n<meta name=\"twitter:card\" content=\"summary_large_image\" \/>\n<meta name=\"twitter:title\" content=\"VARIOUS ARTISTS - Cosmic Discotheque: 12 Junkshop Disco Funk Gems -  (LP) | Guerssen\" \/>\n<meta name=\"twitter:label1\" content=\"Tiempo de lectura\" \/>\n\t<meta name=\"twitter:data1\" content=\"1 minuto\" \/>\n<script type=\"application\/ld+json\" class=\"yoast-schema-graph\">{\"@context\":\"https:\/\/schema.org\",\"@graph\":[{\"@type\":\"WebPage\",\"@id\":\"https:\/\/wpguerssen-test.odoo.rgbconsulting.com\/es\/producto\/cosmic-discotheque-12-junkshop-disco-funk-gems\/\",\"url\":\"https:\/\/wpguerssen-test.odoo.rgbconsulting.com\/es\/producto\/cosmic-discotheque-12-junkshop-disco-funk-gems\/\",\"name\":\"VARIOUS ARTISTS - Cosmic Discotheque: 12 Junkshop Disco Funk Gems - (LP) | Guerssen\",\"isPartOf\":{\"@id\":\"https:\/\/wpguerssen-test.odoo.rgbconsulting.com\/es\/#website\"},\"primaryImageOfPage\":{\"@id\":\"https:\/\/wpguerssen-test.odoo.rgbconsulting.com\/es\/producto\/cosmic-discotheque-12-junkshop-disco-funk-gems\/#primaryimage\"},\"image\":{\"@id\":\"https:\/\/wpguerssen-test.odoo.rgbconsulting.com\/es\/producto\/cosmic-discotheque-12-junkshop-disco-funk-gems\/#primaryimage\"},\"thumbnailUrl\":\"https:\/\/wpguerssen-test.odoo.rgbconsulting.com\/wp-content\/uploads\/2024\/12\/34359.jpg\",\"datePublished\":\"2025-01-06T23:00:00+00:00\",\"dateModified\":\"2025-04-16T15:52:33+00:00\",\"description\":\"'70s Disco Music wasn't just Abba or Studio 54. In the same way that punk or glam rock were evolving at the same time, the \\\"disco\\\" phenomenon generated a plethora of obscure and bizarre studio projects which remained unknown for decades, despite often being more inspired and creative than the few ones that reached stardom and sold millions of copies. 45 rpm singles that remained unsold, sitting in junkshops all over the world for decades hide forgotten gems, revealing genius and avant-garde only guilty of not being at the right place at the right time. Whether it's Moroder-oriented proto synth-wave, groovy space-disco or acid afro funk, volume 1 of the Cosmic Discotheque series is all about rediscovering those forgotten treasures while setting your dancefloor on fire! #nl# LATO A01The Mystic Moods-Cosmic Sea (1973)02 Life - Cats Eyes (1973)03 Alan Bown - Moanin (1975)04 Red Parish Group - Dynomite (1975)05 Andr\u00e9 Brasseur - Saturnus (1974)06 Black Buster - Bump The Bump (Part II) (1975) #nl# LATO B01 Bil Tze - Wu Ying Chiao (1976)02 The People Next Door - Husband and Wife (1974)03 Diabolic man - diabolic man (1974)04 Performance - Red Bullet (1975)05 Dance machine - virgin ballet (1978)06 Pharaoh - Ramses (Part I) (1975)\",\"breadcrumb\":{\"@id\":\"https:\/\/wpguerssen-test.odoo.rgbconsulting.com\/es\/producto\/cosmic-discotheque-12-junkshop-disco-funk-gems\/#breadcrumb\"},\"inLanguage\":\"es\",\"potentialAction\":[{\"@type\":\"ReadAction\",\"target\":[\"https:\/\/wpguerssen-test.odoo.rgbconsulting.com\/es\/producto\/cosmic-discotheque-12-junkshop-disco-funk-gems\/\"]}]},{\"@type\":\"ImageObject\",\"inLanguage\":\"es\",\"@id\":\"https:\/\/wpguerssen-test.odoo.rgbconsulting.com\/es\/producto\/cosmic-discotheque-12-junkshop-disco-funk-gems\/#primaryimage\",\"url\":\"https:\/\/wpguerssen-test.odoo.rgbconsulting.com\/wp-content\/uploads\/2024\/12\/34359.jpg\",\"contentUrl\":\"https:\/\/wpguerssen-test.odoo.rgbconsulting.com\/wp-content\/uploads\/2024\/12\/34359.jpg\",\"width\":596,\"height\":600},{\"@type\":\"BreadcrumbList\",\"@id\":\"https:\/\/wpguerssen-test.odoo.rgbconsulting.com\/es\/producto\/cosmic-discotheque-12-junkshop-disco-funk-gems\/#breadcrumb\",\"itemListElement\":[{\"@type\":\"ListItem\",\"position\":1,\"name\":\"Inicio\",\"item\":\"https:\/\/wpguerssen-test.odoo.rgbconsulting.com\/es\/\"},{\"@type\":\"ListItem\",\"position\":2,\"name\":\"Shop\",\"item\":\"https:\/\/wpguerssen-test.odoo.rgbconsulting.com\/shop\/\"},{\"@type\":\"ListItem\",\"position\":3,\"name\":\"Cosmic Discotheque: 12 Junkshop Disco Funk Gems\"}]},{\"@type\":\"WebSite\",\"@id\":\"https:\/\/wpguerssen-test.odoo.rgbconsulting.com\/es\/#website\",\"url\":\"https:\/\/wpguerssen-test.odoo.rgbconsulting.com\/es\/\",\"name\":\"Guerssen records\",\"description\":\"psychedelia - progressive - folk - garage \",\"publisher\":{\"@id\":\"https:\/\/wpguerssen-test.odoo.rgbconsulting.com\/es\/#organization\"},\"potentialAction\":[{\"@type\":\"SearchAction\",\"target\":{\"@type\":\"EntryPoint\",\"urlTemplate\":\"https:\/\/wpguerssen-test.odoo.rgbconsulting.com\/es\/?s={search_term_string}\"},\"query-input\":{\"@type\":\"PropertyValueSpecification\",\"valueRequired\":true,\"valueName\":\"search_term_string\"}}],\"inLanguage\":\"es\"},{\"@type\":\"Organization\",\"@id\":\"https:\/\/wpguerssen-test.odoo.rgbconsulting.com\/es\/#organization\",\"name\":\"Guerssen records\",\"url\":\"https:\/\/wpguerssen-test.odoo.rgbconsulting.com\/es\/\",\"logo\":{\"@type\":\"ImageObject\",\"inLanguage\":\"es\",\"@id\":\"https:\/\/wpguerssen-test.odoo.rgbconsulting.com\/es\/#\/schema\/logo\/image\/\",\"url\":\"https:\/\/wpguerssen-test.odoo.rgbconsulting.com\/wp-content\/uploads\/2022\/04\/Logo_Guerssen_trans_100.png\",\"contentUrl\":\"https:\/\/wpguerssen-test.odoo.rgbconsulting.com\/wp-content\/uploads\/2022\/04\/Logo_Guerssen_trans_100.png\",\"width\":122,\"height\":100,\"caption\":\"Guerssen records\"},\"image\":{\"@id\":\"https:\/\/wpguerssen-test.odoo.rgbconsulting.com\/es\/#\/schema\/logo\/image\/\"}}]}<\/script>\n<!-- \/ Yoast SEO plugin. -->","yoast_head_json":{"title":"VARIOUS ARTISTS - Cosmic Discotheque: 12 Junkshop Disco Funk Gems -  (LP) | Guerssen","description":"'70s Disco Music wasn't just Abba or Studio 54. In the same way that punk or glam rock were evolving at the same time, the \"disco\" phenomenon generated a plethora of obscure and bizarre studio projects which remained unknown for decades, despite often being more inspired and creative than the few ones that reached stardom and sold millions of copies. 45 rpm singles that remained unsold, sitting in junkshops all over the world for decades hide forgotten gems, revealing genius and avant-garde only guilty of not being at the right place at the right time. Whether it's Moroder-oriented proto synth-wave, groovy space-disco or acid afro funk, volume 1 of the Cosmic Discotheque series is all about rediscovering those forgotten treasures while setting your dancefloor on fire! #nl# LATO A01The Mystic Moods-Cosmic Sea (1973)02 Life - Cats Eyes (1973)03 Alan Bown - Moanin (1975)04 Red Parish Group - Dynomite (1975)05 Andr\u00e9 Brasseur - Saturnus (1974)06 Black Buster - Bump The Bump (Part II) (1975) #nl# LATO B01 Bil Tze - Wu Ying Chiao (1976)02 The People Next Door - Husband and Wife (1974)03 Diabolic man - diabolic man (1974)04 Performance - Red Bullet (1975)05 Dance machine - virgin ballet (1978)06 Pharaoh - Ramses (Part I) (1975)","robots":{"index":"index","follow":"follow","max-snippet":"max-snippet:-1","max-image-preview":"max-image-preview:large","max-video-preview":"max-video-preview:-1"},"canonical":"https:\/\/wpguerssen-test.odoo.rgbconsulting.com\/es\/producto\/cosmic-discotheque-12-junkshop-disco-funk-gems\/","og_locale":"es_ES","og_type":"article","og_title":"VARIOUS ARTISTS - Cosmic Discotheque: 12 Junkshop Disco Funk Gems -  (LP) | Guerssen","og_description":"'70s Disco Music wasn't just Abba or Studio 54. In the same way that punk or glam rock were evolving at the same time, the \"disco\" phenomenon generated a plethora of obscure and bizarre studio projects which remained unknown for decades, despite often being more inspired and creative than the few ones that reached stardom and sold millions of copies. 45 rpm singles that remained unsold, sitting in junkshops all over the world for decades hide forgotten gems, revealing genius and avant-garde only guilty of not being at the right place at the right time. Whether it's Moroder-oriented proto synth-wave, groovy space-disco or acid afro funk, volume 1 of the Cosmic Discotheque series is all about rediscovering those forgotten treasures while setting your dancefloor on fire! #nl# LATO A01The Mystic Moods-Cosmic Sea (1973)02 Life - Cats Eyes (1973)03 Alan Bown - Moanin (1975)04 Red Parish Group - Dynomite (1975)05 Andr\u00e9 Brasseur - Saturnus (1974)06 Black Buster - Bump The Bump (Part II) (1975) #nl# LATO B01 Bil Tze - Wu Ying Chiao (1976)02 The People Next Door - Husband and Wife (1974)03 Diabolic man - diabolic man (1974)04 Performance - Red Bullet (1975)05 Dance machine - virgin ballet (1978)06 Pharaoh - Ramses (Part I) (1975)","og_url":"https:\/\/wpguerssen-test.odoo.rgbconsulting.com\/es\/producto\/cosmic-discotheque-12-junkshop-disco-funk-gems\/","og_site_name":"Guerssen records","article_modified_time":"2025-04-16T15:52:33+00:00","og_image":[{"width":596,"height":600,"url":"https:\/\/wpguerssen-test.odoo.rgbconsulting.com\/wp-content\/uploads\/2024\/12\/34359.jpg","type":"image\/jpeg"}],"twitter_card":"summary_large_image","twitter_title":"VARIOUS ARTISTS - Cosmic Discotheque: 12 Junkshop Disco Funk Gems -  (LP) | Guerssen","twitter_misc":{"Tiempo de lectura":"1 minuto"},"schema":{"@context":"https:\/\/schema.org","@graph":[{"@type":"WebPage","@id":"https:\/\/wpguerssen-test.odoo.rgbconsulting.com\/es\/producto\/cosmic-discotheque-12-junkshop-disco-funk-gems\/","url":"https:\/\/wpguerssen-test.odoo.rgbconsulting.com\/es\/producto\/cosmic-discotheque-12-junkshop-disco-funk-gems\/","name":"VARIOUS ARTISTS - Cosmic Discotheque: 12 Junkshop Disco Funk Gems - (LP) | Guerssen","isPartOf":{"@id":"https:\/\/wpguerssen-test.odoo.rgbconsulting.com\/es\/#website"},"primaryImageOfPage":{"@id":"https:\/\/wpguerssen-test.odoo.rgbconsulting.com\/es\/producto\/cosmic-discotheque-12-junkshop-disco-funk-gems\/#primaryimage"},"image":{"@id":"https:\/\/wpguerssen-test.odoo.rgbconsulting.com\/es\/producto\/cosmic-discotheque-12-junkshop-disco-funk-gems\/#primaryimage"},"thumbnailUrl":"https:\/\/wpguerssen-test.odoo.rgbconsulting.com\/wp-content\/uploads\/2024\/12\/34359.jpg","datePublished":"2025-01-06T23:00:00+00:00","dateModified":"2025-04-16T15:52:33+00:00","description":"'70s Disco Music wasn't just Abba or Studio 54. In the same way that punk or glam rock were evolving at the same time, the \"disco\" phenomenon generated a plethora of obscure and bizarre studio projects which remained unknown for decades, despite often being more inspired and creative than the few ones that reached stardom and sold millions of copies. 45 rpm singles that remained unsold, sitting in junkshops all over the world for decades hide forgotten gems, revealing genius and avant-garde only guilty of not being at the right place at the right time. Whether it's Moroder-oriented proto synth-wave, groovy space-disco or acid afro funk, volume 1 of the Cosmic Discotheque series is all about rediscovering those forgotten treasures while setting your dancefloor on fire! #nl# LATO A01The Mystic Moods-Cosmic Sea (1973)02 Life - Cats Eyes (1973)03 Alan Bown - Moanin (1975)04 Red Parish Group - Dynomite (1975)05 Andr\u00e9 Brasseur - Saturnus (1974)06 Black Buster - Bump The Bump (Part II) (1975) #nl# LATO B01 Bil Tze - Wu Ying Chiao (1976)02 The People Next Door - Husband and Wife (1974)03 Diabolic man - diabolic man (1974)04 Performance - Red Bullet (1975)05 Dance machine - virgin ballet (1978)06 Pharaoh - Ramses (Part I) (1975)","breadcrumb":{"@id":"https:\/\/wpguerssen-test.odoo.rgbconsulting.com\/es\/producto\/cosmic-discotheque-12-junkshop-disco-funk-gems\/#breadcrumb"},"inLanguage":"es","potentialAction":[{"@type":"ReadAction","target":["https:\/\/wpguerssen-test.odoo.rgbconsulting.com\/es\/producto\/cosmic-discotheque-12-junkshop-disco-funk-gems\/"]}]},{"@type":"ImageObject","inLanguage":"es","@id":"https:\/\/wpguerssen-test.odoo.rgbconsulting.com\/es\/producto\/cosmic-discotheque-12-junkshop-disco-funk-gems\/#primaryimage","url":"https:\/\/wpguerssen-test.odoo.rgbconsulting.com\/wp-content\/uploads\/2024\/12\/34359.jpg","contentUrl":"https:\/\/wpguerssen-test.odoo.rgbconsulting.com\/wp-content\/uploads\/2024\/12\/34359.jpg","width":596,"height":600},{"@type":"BreadcrumbList","@id":"https:\/\/wpguerssen-test.odoo.rgbconsulting.com\/es\/producto\/cosmic-discotheque-12-junkshop-disco-funk-gems\/#breadcrumb","itemListElement":[{"@type":"ListItem","position":1,"name":"Inicio","item":"https:\/\/wpguerssen-test.odoo.rgbconsulting.com\/es\/"},{"@type":"ListItem","position":2,"name":"Shop","item":"https:\/\/wpguerssen-test.odoo.rgbconsulting.com\/shop\/"},{"@type":"ListItem","position":3,"name":"Cosmic Discotheque: 12 Junkshop Disco Funk Gems"}]},{"@type":"WebSite","@id":"https:\/\/wpguerssen-test.odoo.rgbconsulting.com\/es\/#website","url":"https:\/\/wpguerssen-test.odoo.rgbconsulting.com\/es\/","name":"Guerssen records","description":"psychedelia - progressive - folk - garage ","publisher":{"@id":"https:\/\/wpguerssen-test.odoo.rgbconsulting.com\/es\/#organization"},"potentialAction":[{"@type":"SearchAction","target":{"@type":"EntryPoint","urlTemplate":"https:\/\/wpguerssen-test.odoo.rgbconsulting.com\/es\/?s={search_term_string}"},"query-input":{"@type":"PropertyValueSpecification","valueRequired":true,"valueName":"search_term_string"}}],"inLanguage":"es"},{"@type":"Organization","@id":"https:\/\/wpguerssen-test.odoo.rgbconsulting.com\/es\/#organization","name":"Guerssen records","url":"https:\/\/wpguerssen-test.odoo.rgbconsulting.com\/es\/","logo":{"@type":"ImageObject","inLanguage":"es","@id":"https:\/\/wpguerssen-test.odoo.rgbconsulting.com\/es\/#\/schema\/logo\/image\/","url":"https:\/\/wpguerssen-test.odoo.rgbconsulting.com\/wp-content\/uploads\/2022\/04\/Logo_Guerssen_trans_100.png","contentUrl":"https:\/\/wpguerssen-test.odoo.rgbconsulting.com\/wp-content\/uploads\/2022\/04\/Logo_Guerssen_trans_100.png","width":122,"height":100,"caption":"Guerssen records"},"image":{"@id":"https:\/\/wpguerssen-test.odoo.rgbconsulting.com\/es\/#\/schema\/logo\/image\/"}}]}},"_links":{"self":[{"href":"https:\/\/wpguerssen-test.odoo.rgbconsulting.com\/es\/wp-json\/wp\/v2\/product\/280152","targetHints":{"allow":["GET"]}}],"collection":[{"href":"https:\/\/wpguerssen-test.odoo.rgbconsulting.com\/es\/wp-json\/wp\/v2\/product"}],"about":[{"href":"https:\/\/wpguerssen-test.odoo.rgbconsulting.com\/es\/wp-json\/wp\/v2\/types\/product"}],"wp:featuredmedia":[{"embeddable":true,"href":"https:\/\/wpguerssen-test.odoo.rgbconsulting.com\/es\/wp-json\/wp\/v2\/media\/280190"}],"wp:attachment":[{"href":"https:\/\/wpguerssen-test.odoo.rgbconsulting.com\/es\/wp-json\/wp\/v2\/media?parent=280152"}],"wp:term":[{"taxonomy":"product_brand","embeddable":true,"href":"https:\/\/wpguerssen-test.odoo.rgbconsulting.com\/es\/wp-json\/wp\/v2\/product_brand?post=280152"},{"taxonomy":"product_cat","embeddable":true,"href":"https:\/\/wpguerssen-test.odoo.rgbconsulting.com\/es\/wp-json\/wp\/v2\/product_cat?post=280152"},{"taxonomy":"product_tag","embeddable":true,"href":"https:\/\/wpguerssen-test.odoo.rgbconsulting.com\/es\/wp-json\/wp\/v2\/product_tag?post=280152"}],"curies":[{"name":"wp","href":"https:\/\/api.w.org\/{rel}","templated":true}]}}