{"id":280153,"date":"2025-01-16T00:00:00","date_gmt":"2025-01-15T23:00:00","guid":{"rendered":"https:\/\/wpguerssen-test.odoo.rgbconsulting.com\/product\/malos-pensamientos-gatefold\/"},"modified":"2025-03-20T16:41:49","modified_gmt":"2025-03-20T15:41:49","slug":"malos-pensamientos-gatefold","status":"publish","type":"product","link":"https:\/\/wpguerssen-test.odoo.rgbconsulting.com\/es\/producto\/malos-pensamientos-gatefold\/","title":{"rendered":"Malos pensamientos (Gatefold)"},"content":{"rendered":"<p>El \u00c1lamo fue una banda peruana de culto del rock psicod\u00e9lico que, al igual que otros grupos lime\u00f1os como Laghonia, Traffic Sound y Telegraph Avenue, cantaba en ingl\u00e9s con el objetivo de llegar al mercado internacional. Su \u00fanico LP fue lanzado en 1971 y fue grabado bajo la influencia de Hendrix, Santana y The Allman Brothers. No disponible durante casi dos d\u00e9cadas, ahora estamos felices de reeditar \u00abMalos pensamientos\u00bb en todo su esplendor, con sobrecubierta desplegable, dos pistas extras extra\u00eddas de su raro 45 y un inserto con notas.<br \/>TRACKLIST Side A 1. CANDY 2. CAN YOU SEE ME 3. PUSHER MEN 4. GOOD NIGHT 5. SWEET MY WOMAN 6. MI OSITO *bonus track Side B 1. LISTEN ME 2. I CRY 3. BORGO\u00d1A 4. MALOS PENSAMIENTOS 5. MI MUJER, MI GUITARRA Y AMOR *bonus track.<\/p>\n","protected":false},"excerpt":{"rendered":"<p>El \u00c1lamo fue una banda peruana de culto del rock psicod\u00e9lico que, al igual que otros grupos lime\u00f1os como Laghonia, Traffic Sound y Telegraph Avenue, cantaba en<a class=\"read\" href=\"https:\/\/wpguerssen-test.odoo.rgbconsulting.com\/es\/producto\/malos-pensamientos-gatefold\/\"> (...)<\/a>","protected":false},"featured_media":280015,"template":"","meta":{"_acf_changed":false},"product_brand":[],"product_cat":[21639],"product_tag":[24189],"class_list":{"0":"post-280153","1":"product","2":"type-product","3":"status-publish","4":"has-post-thumbnail","6":"product_cat-psychedelic60s-70s-es","7":"product_tag-recien-llegadas","8":"pa_artist-alamo-el","9":"pa_format-lp-es","10":"pa_gender-psychedelic60s-70s","11":"pa_label-munster-es","12":"pa_location-south-america-caribbean-es","13":"pa_other-filters-vinyl-only-es","15":"first","16":"instock","17":"taxable","18":"shipping-taxable","19":"purchasable","20":"product-type-simple"},"acf":[],"yoast_head":"<!-- This site is optimized with the Yoast SEO plugin v24.9 - https:\/\/yoast.com\/wordpress\/plugins\/seo\/ -->\n<title>ALAMO, El - Malos pensamientos (Gatefold) -  (LP) | Guerssen<\/title>\n<meta name=\"description\" content=\"El Alamo was a cult Peruvian psychedelic rock band that, as other groups in Lima such as Laghonia, Traffic Sound and Telegraph Avenue did, sung in English aiming to reach the international market. Their only LP was released in 1971 and was recorded under the influence of Hendrix, Santana, and The Allman Brothers. Unavailable for almost two decades, we are now happy to reissue &quot;Malos pensamientos&quot; in its full glory, with gatefold jacket, two bonus tracks taken from their rare 45, and an insert with liner notes.TRACKLIST Side A 1. CANDY 2. CAN YOU SEE ME 3. PUSHER MEN 4. GOOD NIGHT 5. SWEET MY WOMAN 6. MI OSITO *bonus track Side B 1. LISTEN ME 2. I CRY 3. BORGO\u00d1A 4. MALOS PENSAMIENTOS 5. MI MUJER, MI GUITARRA Y AMOR *bonus track\" \/>\n<meta name=\"robots\" content=\"index, follow, max-snippet:-1, max-image-preview:large, max-video-preview:-1\" \/>\n<link rel=\"canonical\" href=\"https:\/\/wpguerssen-test.odoo.rgbconsulting.com\/es\/producto\/malos-pensamientos-gatefold\/\" \/>\n<meta property=\"og:locale\" content=\"es_ES\" \/>\n<meta property=\"og:type\" content=\"article\" \/>\n<meta property=\"og:title\" content=\"ALAMO, El - Malos pensamientos (Gatefold) -  (LP) | Guerssen\" \/>\n<meta property=\"og:description\" content=\"El Alamo was a cult Peruvian psychedelic rock band that, as other groups in Lima such as Laghonia, Traffic Sound and Telegraph Avenue did, sung in English aiming to reach the international market. Their only LP was released in 1971 and was recorded under the influence of Hendrix, Santana, and The Allman Brothers. Unavailable for almost two decades, we are now happy to reissue &quot;Malos pensamientos&quot; in its full glory, with gatefold jacket, two bonus tracks taken from their rare 45, and an insert with liner notes.TRACKLIST Side A 1. CANDY 2. CAN YOU SEE ME 3. PUSHER MEN 4. GOOD NIGHT 5. SWEET MY WOMAN 6. MI OSITO *bonus track Side B 1. LISTEN ME 2. I CRY 3. BORGO\u00d1A 4. MALOS PENSAMIENTOS 5. MI MUJER, MI GUITARRA Y AMOR *bonus track\" \/>\n<meta property=\"og:url\" content=\"https:\/\/wpguerssen-test.odoo.rgbconsulting.com\/es\/producto\/malos-pensamientos-gatefold\/\" \/>\n<meta property=\"og:site_name\" content=\"Guerssen records\" \/>\n<meta property=\"article:modified_time\" content=\"2025-03-20T15:41:49+00:00\" \/>\n<meta property=\"og:image\" content=\"https:\/\/wpguerssen-test.odoo.rgbconsulting.com\/wp-content\/uploads\/2024\/12\/49387.jpg\" \/>\n\t<meta property=\"og:image:width\" content=\"300\" \/>\n\t<meta property=\"og:image:height\" content=\"300\" \/>\n\t<meta property=\"og:image:type\" content=\"image\/jpeg\" \/>\n<meta name=\"twitter:card\" content=\"summary_large_image\" \/>\n<meta name=\"twitter:title\" content=\"ALAMO, El - Malos pensamientos (Gatefold) -  (LP) | Guerssen\" \/>\n<meta name=\"twitter:label1\" content=\"Tiempo de lectura\" \/>\n\t<meta name=\"twitter:data1\" content=\"1 minuto\" \/>\n<script type=\"application\/ld+json\" class=\"yoast-schema-graph\">{\"@context\":\"https:\/\/schema.org\",\"@graph\":[{\"@type\":\"WebPage\",\"@id\":\"https:\/\/wpguerssen-test.odoo.rgbconsulting.com\/es\/producto\/malos-pensamientos-gatefold\/\",\"url\":\"https:\/\/wpguerssen-test.odoo.rgbconsulting.com\/es\/producto\/malos-pensamientos-gatefold\/\",\"name\":\"ALAMO, El - Malos pensamientos (Gatefold) - (LP) | Guerssen\",\"isPartOf\":{\"@id\":\"https:\/\/wpguerssen-test.odoo.rgbconsulting.com\/es\/#website\"},\"primaryImageOfPage\":{\"@id\":\"https:\/\/wpguerssen-test.odoo.rgbconsulting.com\/es\/producto\/malos-pensamientos-gatefold\/#primaryimage\"},\"image\":{\"@id\":\"https:\/\/wpguerssen-test.odoo.rgbconsulting.com\/es\/producto\/malos-pensamientos-gatefold\/#primaryimage\"},\"thumbnailUrl\":\"https:\/\/wpguerssen-test.odoo.rgbconsulting.com\/wp-content\/uploads\/2024\/12\/49387.jpg\",\"datePublished\":\"2025-01-15T23:00:00+00:00\",\"dateModified\":\"2025-03-20T15:41:49+00:00\",\"description\":\"El Alamo was a cult Peruvian psychedelic rock band that, as other groups in Lima such as Laghonia, Traffic Sound and Telegraph Avenue did, sung in English aiming to reach the international market. Their only LP was released in 1971 and was recorded under the influence of Hendrix, Santana, and The Allman Brothers. Unavailable for almost two decades, we are now happy to reissue \\\"Malos pensamientos\\\" in its full glory, with gatefold jacket, two bonus tracks taken from their rare 45, and an insert with liner notes.TRACKLIST Side A 1. CANDY 2. CAN YOU SEE ME 3. PUSHER MEN 4. GOOD NIGHT 5. SWEET MY WOMAN 6. MI OSITO *bonus track Side B 1. LISTEN ME 2. I CRY 3. BORGO\u00d1A 4. MALOS PENSAMIENTOS 5. MI MUJER, MI GUITARRA Y AMOR *bonus track\",\"breadcrumb\":{\"@id\":\"https:\/\/wpguerssen-test.odoo.rgbconsulting.com\/es\/producto\/malos-pensamientos-gatefold\/#breadcrumb\"},\"inLanguage\":\"es\",\"potentialAction\":[{\"@type\":\"ReadAction\",\"target\":[\"https:\/\/wpguerssen-test.odoo.rgbconsulting.com\/es\/producto\/malos-pensamientos-gatefold\/\"]}]},{\"@type\":\"ImageObject\",\"inLanguage\":\"es\",\"@id\":\"https:\/\/wpguerssen-test.odoo.rgbconsulting.com\/es\/producto\/malos-pensamientos-gatefold\/#primaryimage\",\"url\":\"https:\/\/wpguerssen-test.odoo.rgbconsulting.com\/wp-content\/uploads\/2024\/12\/49387.jpg\",\"contentUrl\":\"https:\/\/wpguerssen-test.odoo.rgbconsulting.com\/wp-content\/uploads\/2024\/12\/49387.jpg\",\"width\":300,\"height\":300,\"caption\":\"El - Malos pensamientos (Gatefold) - MUNSTER (LP) | Guerssen\"},{\"@type\":\"BreadcrumbList\",\"@id\":\"https:\/\/wpguerssen-test.odoo.rgbconsulting.com\/es\/producto\/malos-pensamientos-gatefold\/#breadcrumb\",\"itemListElement\":[{\"@type\":\"ListItem\",\"position\":1,\"name\":\"Inicio\",\"item\":\"https:\/\/wpguerssen-test.odoo.rgbconsulting.com\/es\/\"},{\"@type\":\"ListItem\",\"position\":2,\"name\":\"Shop\",\"item\":\"https:\/\/wpguerssen-test.odoo.rgbconsulting.com\/shop\/\"},{\"@type\":\"ListItem\",\"position\":3,\"name\":\"Malos pensamientos (Gatefold)\"}]},{\"@type\":\"WebSite\",\"@id\":\"https:\/\/wpguerssen-test.odoo.rgbconsulting.com\/es\/#website\",\"url\":\"https:\/\/wpguerssen-test.odoo.rgbconsulting.com\/es\/\",\"name\":\"Guerssen records\",\"description\":\"psychedelia - progressive - folk - garage \",\"publisher\":{\"@id\":\"https:\/\/wpguerssen-test.odoo.rgbconsulting.com\/es\/#organization\"},\"potentialAction\":[{\"@type\":\"SearchAction\",\"target\":{\"@type\":\"EntryPoint\",\"urlTemplate\":\"https:\/\/wpguerssen-test.odoo.rgbconsulting.com\/es\/?s={search_term_string}\"},\"query-input\":{\"@type\":\"PropertyValueSpecification\",\"valueRequired\":true,\"valueName\":\"search_term_string\"}}],\"inLanguage\":\"es\"},{\"@type\":\"Organization\",\"@id\":\"https:\/\/wpguerssen-test.odoo.rgbconsulting.com\/es\/#organization\",\"name\":\"Guerssen records\",\"url\":\"https:\/\/wpguerssen-test.odoo.rgbconsulting.com\/es\/\",\"logo\":{\"@type\":\"ImageObject\",\"inLanguage\":\"es\",\"@id\":\"https:\/\/wpguerssen-test.odoo.rgbconsulting.com\/es\/#\/schema\/logo\/image\/\",\"url\":\"https:\/\/wpguerssen-test.odoo.rgbconsulting.com\/wp-content\/uploads\/2022\/04\/Logo_Guerssen_trans_100.png\",\"contentUrl\":\"https:\/\/wpguerssen-test.odoo.rgbconsulting.com\/wp-content\/uploads\/2022\/04\/Logo_Guerssen_trans_100.png\",\"width\":122,\"height\":100,\"caption\":\"Guerssen records\"},\"image\":{\"@id\":\"https:\/\/wpguerssen-test.odoo.rgbconsulting.com\/es\/#\/schema\/logo\/image\/\"}}]}<\/script>\n<!-- \/ Yoast SEO plugin. -->","yoast_head_json":{"title":"ALAMO, El - Malos pensamientos (Gatefold) -  (LP) | Guerssen","description":"El Alamo was a cult Peruvian psychedelic rock band that, as other groups in Lima such as Laghonia, Traffic Sound and Telegraph Avenue did, sung in English aiming to reach the international market. Their only LP was released in 1971 and was recorded under the influence of Hendrix, Santana, and The Allman Brothers. Unavailable for almost two decades, we are now happy to reissue \"Malos pensamientos\" in its full glory, with gatefold jacket, two bonus tracks taken from their rare 45, and an insert with liner notes.TRACKLIST Side A 1. CANDY 2. CAN YOU SEE ME 3. PUSHER MEN 4. GOOD NIGHT 5. SWEET MY WOMAN 6. MI OSITO *bonus track Side B 1. LISTEN ME 2. I CRY 3. BORGO\u00d1A 4. MALOS PENSAMIENTOS 5. MI MUJER, MI GUITARRA Y AMOR *bonus track","robots":{"index":"index","follow":"follow","max-snippet":"max-snippet:-1","max-image-preview":"max-image-preview:large","max-video-preview":"max-video-preview:-1"},"canonical":"https:\/\/wpguerssen-test.odoo.rgbconsulting.com\/es\/producto\/malos-pensamientos-gatefold\/","og_locale":"es_ES","og_type":"article","og_title":"ALAMO, El - Malos pensamientos (Gatefold) -  (LP) | Guerssen","og_description":"El Alamo was a cult Peruvian psychedelic rock band that, as other groups in Lima such as Laghonia, Traffic Sound and Telegraph Avenue did, sung in English aiming to reach the international market. Their only LP was released in 1971 and was recorded under the influence of Hendrix, Santana, and The Allman Brothers. Unavailable for almost two decades, we are now happy to reissue \"Malos pensamientos\" in its full glory, with gatefold jacket, two bonus tracks taken from their rare 45, and an insert with liner notes.TRACKLIST Side A 1. CANDY 2. CAN YOU SEE ME 3. PUSHER MEN 4. GOOD NIGHT 5. SWEET MY WOMAN 6. MI OSITO *bonus track Side B 1. LISTEN ME 2. I CRY 3. BORGO\u00d1A 4. MALOS PENSAMIENTOS 5. MI MUJER, MI GUITARRA Y AMOR *bonus track","og_url":"https:\/\/wpguerssen-test.odoo.rgbconsulting.com\/es\/producto\/malos-pensamientos-gatefold\/","og_site_name":"Guerssen records","article_modified_time":"2025-03-20T15:41:49+00:00","og_image":[{"width":300,"height":300,"url":"https:\/\/wpguerssen-test.odoo.rgbconsulting.com\/wp-content\/uploads\/2024\/12\/49387.jpg","type":"image\/jpeg"}],"twitter_card":"summary_large_image","twitter_title":"ALAMO, El - Malos pensamientos (Gatefold) -  (LP) | Guerssen","twitter_misc":{"Tiempo de lectura":"1 minuto"},"schema":{"@context":"https:\/\/schema.org","@graph":[{"@type":"WebPage","@id":"https:\/\/wpguerssen-test.odoo.rgbconsulting.com\/es\/producto\/malos-pensamientos-gatefold\/","url":"https:\/\/wpguerssen-test.odoo.rgbconsulting.com\/es\/producto\/malos-pensamientos-gatefold\/","name":"ALAMO, El - Malos pensamientos (Gatefold) - (LP) | Guerssen","isPartOf":{"@id":"https:\/\/wpguerssen-test.odoo.rgbconsulting.com\/es\/#website"},"primaryImageOfPage":{"@id":"https:\/\/wpguerssen-test.odoo.rgbconsulting.com\/es\/producto\/malos-pensamientos-gatefold\/#primaryimage"},"image":{"@id":"https:\/\/wpguerssen-test.odoo.rgbconsulting.com\/es\/producto\/malos-pensamientos-gatefold\/#primaryimage"},"thumbnailUrl":"https:\/\/wpguerssen-test.odoo.rgbconsulting.com\/wp-content\/uploads\/2024\/12\/49387.jpg","datePublished":"2025-01-15T23:00:00+00:00","dateModified":"2025-03-20T15:41:49+00:00","description":"El Alamo was a cult Peruvian psychedelic rock band that, as other groups in Lima such as Laghonia, Traffic Sound and Telegraph Avenue did, sung in English aiming to reach the international market. Their only LP was released in 1971 and was recorded under the influence of Hendrix, Santana, and The Allman Brothers. Unavailable for almost two decades, we are now happy to reissue \"Malos pensamientos\" in its full glory, with gatefold jacket, two bonus tracks taken from their rare 45, and an insert with liner notes.TRACKLIST Side A 1. CANDY 2. CAN YOU SEE ME 3. PUSHER MEN 4. GOOD NIGHT 5. SWEET MY WOMAN 6. MI OSITO *bonus track Side B 1. LISTEN ME 2. I CRY 3. BORGO\u00d1A 4. MALOS PENSAMIENTOS 5. MI MUJER, MI GUITARRA Y AMOR *bonus track","breadcrumb":{"@id":"https:\/\/wpguerssen-test.odoo.rgbconsulting.com\/es\/producto\/malos-pensamientos-gatefold\/#breadcrumb"},"inLanguage":"es","potentialAction":[{"@type":"ReadAction","target":["https:\/\/wpguerssen-test.odoo.rgbconsulting.com\/es\/producto\/malos-pensamientos-gatefold\/"]}]},{"@type":"ImageObject","inLanguage":"es","@id":"https:\/\/wpguerssen-test.odoo.rgbconsulting.com\/es\/producto\/malos-pensamientos-gatefold\/#primaryimage","url":"https:\/\/wpguerssen-test.odoo.rgbconsulting.com\/wp-content\/uploads\/2024\/12\/49387.jpg","contentUrl":"https:\/\/wpguerssen-test.odoo.rgbconsulting.com\/wp-content\/uploads\/2024\/12\/49387.jpg","width":300,"height":300,"caption":"El - Malos pensamientos (Gatefold) - MUNSTER (LP) | Guerssen"},{"@type":"BreadcrumbList","@id":"https:\/\/wpguerssen-test.odoo.rgbconsulting.com\/es\/producto\/malos-pensamientos-gatefold\/#breadcrumb","itemListElement":[{"@type":"ListItem","position":1,"name":"Inicio","item":"https:\/\/wpguerssen-test.odoo.rgbconsulting.com\/es\/"},{"@type":"ListItem","position":2,"name":"Shop","item":"https:\/\/wpguerssen-test.odoo.rgbconsulting.com\/shop\/"},{"@type":"ListItem","position":3,"name":"Malos pensamientos (Gatefold)"}]},{"@type":"WebSite","@id":"https:\/\/wpguerssen-test.odoo.rgbconsulting.com\/es\/#website","url":"https:\/\/wpguerssen-test.odoo.rgbconsulting.com\/es\/","name":"Guerssen records","description":"psychedelia - progressive - folk - garage ","publisher":{"@id":"https:\/\/wpguerssen-test.odoo.rgbconsulting.com\/es\/#organization"},"potentialAction":[{"@type":"SearchAction","target":{"@type":"EntryPoint","urlTemplate":"https:\/\/wpguerssen-test.odoo.rgbconsulting.com\/es\/?s={search_term_string}"},"query-input":{"@type":"PropertyValueSpecification","valueRequired":true,"valueName":"search_term_string"}}],"inLanguage":"es"},{"@type":"Organization","@id":"https:\/\/wpguerssen-test.odoo.rgbconsulting.com\/es\/#organization","name":"Guerssen records","url":"https:\/\/wpguerssen-test.odoo.rgbconsulting.com\/es\/","logo":{"@type":"ImageObject","inLanguage":"es","@id":"https:\/\/wpguerssen-test.odoo.rgbconsulting.com\/es\/#\/schema\/logo\/image\/","url":"https:\/\/wpguerssen-test.odoo.rgbconsulting.com\/wp-content\/uploads\/2022\/04\/Logo_Guerssen_trans_100.png","contentUrl":"https:\/\/wpguerssen-test.odoo.rgbconsulting.com\/wp-content\/uploads\/2022\/04\/Logo_Guerssen_trans_100.png","width":122,"height":100,"caption":"Guerssen records"},"image":{"@id":"https:\/\/wpguerssen-test.odoo.rgbconsulting.com\/es\/#\/schema\/logo\/image\/"}}]}},"_links":{"self":[{"href":"https:\/\/wpguerssen-test.odoo.rgbconsulting.com\/es\/wp-json\/wp\/v2\/product\/280153","targetHints":{"allow":["GET"]}}],"collection":[{"href":"https:\/\/wpguerssen-test.odoo.rgbconsulting.com\/es\/wp-json\/wp\/v2\/product"}],"about":[{"href":"https:\/\/wpguerssen-test.odoo.rgbconsulting.com\/es\/wp-json\/wp\/v2\/types\/product"}],"wp:featuredmedia":[{"embeddable":true,"href":"https:\/\/wpguerssen-test.odoo.rgbconsulting.com\/es\/wp-json\/wp\/v2\/media\/280015"}],"wp:attachment":[{"href":"https:\/\/wpguerssen-test.odoo.rgbconsulting.com\/es\/wp-json\/wp\/v2\/media?parent=280153"}],"wp:term":[{"taxonomy":"product_brand","embeddable":true,"href":"https:\/\/wpguerssen-test.odoo.rgbconsulting.com\/es\/wp-json\/wp\/v2\/product_brand?post=280153"},{"taxonomy":"product_cat","embeddable":true,"href":"https:\/\/wpguerssen-test.odoo.rgbconsulting.com\/es\/wp-json\/wp\/v2\/product_cat?post=280153"},{"taxonomy":"product_tag","embeddable":true,"href":"https:\/\/wpguerssen-test.odoo.rgbconsulting.com\/es\/wp-json\/wp\/v2\/product_tag?post=280153"}],"curies":[{"name":"wp","href":"https:\/\/api.w.org\/{rel}","templated":true}]}}