{"id":280155,"date":"2025-01-10T00:00:00","date_gmt":"2025-01-09T23:00:00","guid":{"rendered":"https:\/\/wpguerssen-test.odoo.rgbconsulting.com\/product\/cartao-postal\/"},"modified":"2025-04-24T17:22:01","modified_gmt":"2025-04-24T15:22:01","slug":"cartao-postal","status":"publish","type":"product","link":"https:\/\/wpguerssen-test.odoo.rgbconsulting.com\/es\/producto\/cartao-postal\/","title":{"rendered":"Cartao Postal"},"content":{"rendered":"<p>Reeditado aqu\u00ed por primera vez, \u00abCartao Postal\u00bb es uno de los mejores y m\u00e1s buscados \u00e1lbumes de funk-soul brasile\u00f1o de principios de los a\u00f1os 70. Incluye algunas joyas de ritmo r\u00e1pido como \u00abQue bandeira\u00bb de Marcos y Paulo Sergio Valle, y el estelar \u00abEsperar Pr\u00e1 Ver\u00bb, coescrito por el hermano de Evinha, Renato Corr\u00eaa, quien tambi\u00e9n fue miembro de los Golden Boys. Este es un t\u00edtulo cl\u00e1sico del soul-funk brasile\u00f1o, a la altura de los mejores \u00e1lbumes del g\u00e9nero. Remasterizado a partir de las cintas originales y prensado en vinilo de 180 g. Este lanzamiento es parte de una nueva serie de reediciones que incluir\u00e1 muchos otros cl\u00e1sicos brasile\u00f1os destacados.<br \/>TRACKLIST Side A 1.QUE BANDEIRA 2.FEIRA MODERNA 3.CARTAO POSTAL 4.OLHA O FUTURO 5.DE TANTO AMOR 6.ESPERAR PRA VER Side B 1.TEMA DE ADAO 2.SO QUERO 3.RICO SEM DINHEIRO 4.ENCONTRO 5.POR MERA COINCIDENCIA 6.ONZE E QUINZE<\/p>\n","protected":false},"excerpt":{"rendered":"<p>Reeditado aqu\u00ed por primera vez, \u00abCartao Postal\u00bb es uno de los mejores y m\u00e1s buscados \u00e1lbumes de funk-soul brasile\u00f1o de principios de los a\u00f1os 70. Incluye algunas<a class=\"read\" href=\"https:\/\/wpguerssen-test.odoo.rgbconsulting.com\/es\/producto\/cartao-postal\/\"> (...)<\/a>","protected":false},"featured_media":280021,"template":"","meta":{"_acf_changed":false},"product_brand":[],"product_cat":[23231],"product_tag":[24189],"class_list":{"0":"post-280155","1":"product","2":"type-product","3":"status-publish","4":"has-post-thumbnail","6":"product_cat-latin-brazilian-es","7":"product_tag-recien-llegadas","8":"pa_artist-evinha","9":"pa_format-lp-es","10":"pa_gender-latin-brazilian","11":"pa_label-vampi-soul-es","12":"pa_location-south-america-caribbean-es","13":"pa_other-filters-vinyl-only-es","15":"first","16":"instock","17":"taxable","18":"shipping-taxable","19":"purchasable","20":"product-type-simple"},"acf":[],"yoast_head":"<!-- This site is optimized with the Yoast SEO plugin v24.9 - https:\/\/yoast.com\/wordpress\/plugins\/seo\/ -->\n<title>EVINHA - Cartao Postal -  (LP) | Guerssen<\/title>\n<meta name=\"description\" content=\"Reissued here for the first time, &quot;Cartao Postal&quot; is one of the best and most sought-after Brazilian funk-soul albums from the early &#039;70s. It includes some outstanding uptempo gems like Marcos and Paulo Sergio Valle&#039;s &#039;Que bandeira&#039;, and the stellar &#039;Esperar Pr\u00e1 Ver&#039;, co-written by Evinha&#039;s brother Renato Corr\u00eaa who also happened to be a member of the Golden Boys. This is a classic Brazilian soul-funk title, right up there with all the greatest albums of the genre. Remastered from the original tapes and pressed on 180g vinyl. This release is part of a new reissue series that will include many other outstanding Brazilian classics.TRACKLIST Side A 1.QUE BANDEIRA 2.FEIRA MODERNA 3.CARTAO POSTAL 4.OLHA O FUTURO 5.DE TANTO AMOR 6.ESPERAR PRA VER Side B 1.TEMA DE ADAO 2.SO QUERO 3.RICO SEM DINHEIRO 4.ENCONTRO 5.POR MERA COINCIDENCIA 6.ONZE E QUINZE\" \/>\n<meta name=\"robots\" content=\"index, follow, max-snippet:-1, max-image-preview:large, max-video-preview:-1\" \/>\n<link rel=\"canonical\" href=\"https:\/\/wpguerssen-test.odoo.rgbconsulting.com\/es\/producto\/cartao-postal\/\" \/>\n<meta property=\"og:locale\" content=\"es_ES\" \/>\n<meta property=\"og:type\" content=\"article\" \/>\n<meta property=\"og:title\" content=\"EVINHA - Cartao Postal -  (LP) | Guerssen\" \/>\n<meta property=\"og:description\" content=\"Reissued here for the first time, &quot;Cartao Postal&quot; is one of the best and most sought-after Brazilian funk-soul albums from the early &#039;70s. It includes some outstanding uptempo gems like Marcos and Paulo Sergio Valle&#039;s &#039;Que bandeira&#039;, and the stellar &#039;Esperar Pr\u00e1 Ver&#039;, co-written by Evinha&#039;s brother Renato Corr\u00eaa who also happened to be a member of the Golden Boys. This is a classic Brazilian soul-funk title, right up there with all the greatest albums of the genre. Remastered from the original tapes and pressed on 180g vinyl. This release is part of a new reissue series that will include many other outstanding Brazilian classics.TRACKLIST Side A 1.QUE BANDEIRA 2.FEIRA MODERNA 3.CARTAO POSTAL 4.OLHA O FUTURO 5.DE TANTO AMOR 6.ESPERAR PRA VER Side B 1.TEMA DE ADAO 2.SO QUERO 3.RICO SEM DINHEIRO 4.ENCONTRO 5.POR MERA COINCIDENCIA 6.ONZE E QUINZE\" \/>\n<meta property=\"og:url\" content=\"https:\/\/wpguerssen-test.odoo.rgbconsulting.com\/es\/producto\/cartao-postal\/\" \/>\n<meta property=\"og:site_name\" content=\"Guerssen records\" \/>\n<meta property=\"article:modified_time\" content=\"2025-04-24T15:22:01+00:00\" \/>\n<meta property=\"og:image\" content=\"https:\/\/wpguerssen-test.odoo.rgbconsulting.com\/wp-content\/uploads\/2024\/12\/49389.jpg\" \/>\n\t<meta property=\"og:image:width\" content=\"300\" \/>\n\t<meta property=\"og:image:height\" content=\"300\" \/>\n\t<meta property=\"og:image:type\" content=\"image\/jpeg\" \/>\n<meta name=\"twitter:card\" content=\"summary_large_image\" \/>\n<meta name=\"twitter:title\" content=\"EVINHA - Cartao Postal -  (LP) | Guerssen\" \/>\n<meta name=\"twitter:label1\" content=\"Tiempo de lectura\" \/>\n\t<meta name=\"twitter:data1\" content=\"1 minuto\" \/>\n<script type=\"application\/ld+json\" class=\"yoast-schema-graph\">{\"@context\":\"https:\/\/schema.org\",\"@graph\":[{\"@type\":\"WebPage\",\"@id\":\"https:\/\/wpguerssen-test.odoo.rgbconsulting.com\/es\/producto\/cartao-postal\/\",\"url\":\"https:\/\/wpguerssen-test.odoo.rgbconsulting.com\/es\/producto\/cartao-postal\/\",\"name\":\"EVINHA - Cartao Postal - (LP) | Guerssen\",\"isPartOf\":{\"@id\":\"https:\/\/wpguerssen-test.odoo.rgbconsulting.com\/es\/#website\"},\"primaryImageOfPage\":{\"@id\":\"https:\/\/wpguerssen-test.odoo.rgbconsulting.com\/es\/producto\/cartao-postal\/#primaryimage\"},\"image\":{\"@id\":\"https:\/\/wpguerssen-test.odoo.rgbconsulting.com\/es\/producto\/cartao-postal\/#primaryimage\"},\"thumbnailUrl\":\"https:\/\/wpguerssen-test.odoo.rgbconsulting.com\/wp-content\/uploads\/2024\/12\/49389.jpg\",\"datePublished\":\"2025-01-09T23:00:00+00:00\",\"dateModified\":\"2025-04-24T15:22:01+00:00\",\"description\":\"Reissued here for the first time, \\\"Cartao Postal\\\" is one of the best and most sought-after Brazilian funk-soul albums from the early '70s. It includes some outstanding uptempo gems like Marcos and Paulo Sergio Valle's 'Que bandeira', and the stellar 'Esperar Pr\u00e1 Ver', co-written by Evinha's brother Renato Corr\u00eaa who also happened to be a member of the Golden Boys. This is a classic Brazilian soul-funk title, right up there with all the greatest albums of the genre. Remastered from the original tapes and pressed on 180g vinyl. This release is part of a new reissue series that will include many other outstanding Brazilian classics.TRACKLIST Side A 1.QUE BANDEIRA 2.FEIRA MODERNA 3.CARTAO POSTAL 4.OLHA O FUTURO 5.DE TANTO AMOR 6.ESPERAR PRA VER Side B 1.TEMA DE ADAO 2.SO QUERO 3.RICO SEM DINHEIRO 4.ENCONTRO 5.POR MERA COINCIDENCIA 6.ONZE E QUINZE\",\"breadcrumb\":{\"@id\":\"https:\/\/wpguerssen-test.odoo.rgbconsulting.com\/es\/producto\/cartao-postal\/#breadcrumb\"},\"inLanguage\":\"es\",\"potentialAction\":[{\"@type\":\"ReadAction\",\"target\":[\"https:\/\/wpguerssen-test.odoo.rgbconsulting.com\/es\/producto\/cartao-postal\/\"]}]},{\"@type\":\"ImageObject\",\"inLanguage\":\"es\",\"@id\":\"https:\/\/wpguerssen-test.odoo.rgbconsulting.com\/es\/producto\/cartao-postal\/#primaryimage\",\"url\":\"https:\/\/wpguerssen-test.odoo.rgbconsulting.com\/wp-content\/uploads\/2024\/12\/49389.jpg\",\"contentUrl\":\"https:\/\/wpguerssen-test.odoo.rgbconsulting.com\/wp-content\/uploads\/2024\/12\/49389.jpg\",\"width\":300,\"height\":300},{\"@type\":\"BreadcrumbList\",\"@id\":\"https:\/\/wpguerssen-test.odoo.rgbconsulting.com\/es\/producto\/cartao-postal\/#breadcrumb\",\"itemListElement\":[{\"@type\":\"ListItem\",\"position\":1,\"name\":\"Inicio\",\"item\":\"https:\/\/wpguerssen-test.odoo.rgbconsulting.com\/es\/\"},{\"@type\":\"ListItem\",\"position\":2,\"name\":\"Shop\",\"item\":\"https:\/\/wpguerssen-test.odoo.rgbconsulting.com\/shop\/\"},{\"@type\":\"ListItem\",\"position\":3,\"name\":\"Cartao Postal\"}]},{\"@type\":\"WebSite\",\"@id\":\"https:\/\/wpguerssen-test.odoo.rgbconsulting.com\/es\/#website\",\"url\":\"https:\/\/wpguerssen-test.odoo.rgbconsulting.com\/es\/\",\"name\":\"Guerssen records\",\"description\":\"psychedelia - progressive - folk - garage \",\"publisher\":{\"@id\":\"https:\/\/wpguerssen-test.odoo.rgbconsulting.com\/es\/#organization\"},\"potentialAction\":[{\"@type\":\"SearchAction\",\"target\":{\"@type\":\"EntryPoint\",\"urlTemplate\":\"https:\/\/wpguerssen-test.odoo.rgbconsulting.com\/es\/?s={search_term_string}\"},\"query-input\":{\"@type\":\"PropertyValueSpecification\",\"valueRequired\":true,\"valueName\":\"search_term_string\"}}],\"inLanguage\":\"es\"},{\"@type\":\"Organization\",\"@id\":\"https:\/\/wpguerssen-test.odoo.rgbconsulting.com\/es\/#organization\",\"name\":\"Guerssen records\",\"url\":\"https:\/\/wpguerssen-test.odoo.rgbconsulting.com\/es\/\",\"logo\":{\"@type\":\"ImageObject\",\"inLanguage\":\"es\",\"@id\":\"https:\/\/wpguerssen-test.odoo.rgbconsulting.com\/es\/#\/schema\/logo\/image\/\",\"url\":\"https:\/\/wpguerssen-test.odoo.rgbconsulting.com\/wp-content\/uploads\/2022\/04\/Logo_Guerssen_trans_100.png\",\"contentUrl\":\"https:\/\/wpguerssen-test.odoo.rgbconsulting.com\/wp-content\/uploads\/2022\/04\/Logo_Guerssen_trans_100.png\",\"width\":122,\"height\":100,\"caption\":\"Guerssen records\"},\"image\":{\"@id\":\"https:\/\/wpguerssen-test.odoo.rgbconsulting.com\/es\/#\/schema\/logo\/image\/\"}}]}<\/script>\n<!-- \/ Yoast SEO plugin. -->","yoast_head_json":{"title":"EVINHA - Cartao Postal -  (LP) | Guerssen","description":"Reissued here for the first time, \"Cartao Postal\" is one of the best and most sought-after Brazilian funk-soul albums from the early '70s. It includes some outstanding uptempo gems like Marcos and Paulo Sergio Valle's 'Que bandeira', and the stellar 'Esperar Pr\u00e1 Ver', co-written by Evinha's brother Renato Corr\u00eaa who also happened to be a member of the Golden Boys. This is a classic Brazilian soul-funk title, right up there with all the greatest albums of the genre. Remastered from the original tapes and pressed on 180g vinyl. This release is part of a new reissue series that will include many other outstanding Brazilian classics.TRACKLIST Side A 1.QUE BANDEIRA 2.FEIRA MODERNA 3.CARTAO POSTAL 4.OLHA O FUTURO 5.DE TANTO AMOR 6.ESPERAR PRA VER Side B 1.TEMA DE ADAO 2.SO QUERO 3.RICO SEM DINHEIRO 4.ENCONTRO 5.POR MERA COINCIDENCIA 6.ONZE E QUINZE","robots":{"index":"index","follow":"follow","max-snippet":"max-snippet:-1","max-image-preview":"max-image-preview:large","max-video-preview":"max-video-preview:-1"},"canonical":"https:\/\/wpguerssen-test.odoo.rgbconsulting.com\/es\/producto\/cartao-postal\/","og_locale":"es_ES","og_type":"article","og_title":"EVINHA - Cartao Postal -  (LP) | Guerssen","og_description":"Reissued here for the first time, \"Cartao Postal\" is one of the best and most sought-after Brazilian funk-soul albums from the early '70s. It includes some outstanding uptempo gems like Marcos and Paulo Sergio Valle's 'Que bandeira', and the stellar 'Esperar Pr\u00e1 Ver', co-written by Evinha's brother Renato Corr\u00eaa who also happened to be a member of the Golden Boys. This is a classic Brazilian soul-funk title, right up there with all the greatest albums of the genre. Remastered from the original tapes and pressed on 180g vinyl. This release is part of a new reissue series that will include many other outstanding Brazilian classics.TRACKLIST Side A 1.QUE BANDEIRA 2.FEIRA MODERNA 3.CARTAO POSTAL 4.OLHA O FUTURO 5.DE TANTO AMOR 6.ESPERAR PRA VER Side B 1.TEMA DE ADAO 2.SO QUERO 3.RICO SEM DINHEIRO 4.ENCONTRO 5.POR MERA COINCIDENCIA 6.ONZE E QUINZE","og_url":"https:\/\/wpguerssen-test.odoo.rgbconsulting.com\/es\/producto\/cartao-postal\/","og_site_name":"Guerssen records","article_modified_time":"2025-04-24T15:22:01+00:00","og_image":[{"width":300,"height":300,"url":"https:\/\/wpguerssen-test.odoo.rgbconsulting.com\/wp-content\/uploads\/2024\/12\/49389.jpg","type":"image\/jpeg"}],"twitter_card":"summary_large_image","twitter_title":"EVINHA - Cartao Postal -  (LP) | Guerssen","twitter_misc":{"Tiempo de lectura":"1 minuto"},"schema":{"@context":"https:\/\/schema.org","@graph":[{"@type":"WebPage","@id":"https:\/\/wpguerssen-test.odoo.rgbconsulting.com\/es\/producto\/cartao-postal\/","url":"https:\/\/wpguerssen-test.odoo.rgbconsulting.com\/es\/producto\/cartao-postal\/","name":"EVINHA - Cartao Postal - (LP) | Guerssen","isPartOf":{"@id":"https:\/\/wpguerssen-test.odoo.rgbconsulting.com\/es\/#website"},"primaryImageOfPage":{"@id":"https:\/\/wpguerssen-test.odoo.rgbconsulting.com\/es\/producto\/cartao-postal\/#primaryimage"},"image":{"@id":"https:\/\/wpguerssen-test.odoo.rgbconsulting.com\/es\/producto\/cartao-postal\/#primaryimage"},"thumbnailUrl":"https:\/\/wpguerssen-test.odoo.rgbconsulting.com\/wp-content\/uploads\/2024\/12\/49389.jpg","datePublished":"2025-01-09T23:00:00+00:00","dateModified":"2025-04-24T15:22:01+00:00","description":"Reissued here for the first time, \"Cartao Postal\" is one of the best and most sought-after Brazilian funk-soul albums from the early '70s. It includes some outstanding uptempo gems like Marcos and Paulo Sergio Valle's 'Que bandeira', and the stellar 'Esperar Pr\u00e1 Ver', co-written by Evinha's brother Renato Corr\u00eaa who also happened to be a member of the Golden Boys. This is a classic Brazilian soul-funk title, right up there with all the greatest albums of the genre. Remastered from the original tapes and pressed on 180g vinyl. This release is part of a new reissue series that will include many other outstanding Brazilian classics.TRACKLIST Side A 1.QUE BANDEIRA 2.FEIRA MODERNA 3.CARTAO POSTAL 4.OLHA O FUTURO 5.DE TANTO AMOR 6.ESPERAR PRA VER Side B 1.TEMA DE ADAO 2.SO QUERO 3.RICO SEM DINHEIRO 4.ENCONTRO 5.POR MERA COINCIDENCIA 6.ONZE E QUINZE","breadcrumb":{"@id":"https:\/\/wpguerssen-test.odoo.rgbconsulting.com\/es\/producto\/cartao-postal\/#breadcrumb"},"inLanguage":"es","potentialAction":[{"@type":"ReadAction","target":["https:\/\/wpguerssen-test.odoo.rgbconsulting.com\/es\/producto\/cartao-postal\/"]}]},{"@type":"ImageObject","inLanguage":"es","@id":"https:\/\/wpguerssen-test.odoo.rgbconsulting.com\/es\/producto\/cartao-postal\/#primaryimage","url":"https:\/\/wpguerssen-test.odoo.rgbconsulting.com\/wp-content\/uploads\/2024\/12\/49389.jpg","contentUrl":"https:\/\/wpguerssen-test.odoo.rgbconsulting.com\/wp-content\/uploads\/2024\/12\/49389.jpg","width":300,"height":300},{"@type":"BreadcrumbList","@id":"https:\/\/wpguerssen-test.odoo.rgbconsulting.com\/es\/producto\/cartao-postal\/#breadcrumb","itemListElement":[{"@type":"ListItem","position":1,"name":"Inicio","item":"https:\/\/wpguerssen-test.odoo.rgbconsulting.com\/es\/"},{"@type":"ListItem","position":2,"name":"Shop","item":"https:\/\/wpguerssen-test.odoo.rgbconsulting.com\/shop\/"},{"@type":"ListItem","position":3,"name":"Cartao Postal"}]},{"@type":"WebSite","@id":"https:\/\/wpguerssen-test.odoo.rgbconsulting.com\/es\/#website","url":"https:\/\/wpguerssen-test.odoo.rgbconsulting.com\/es\/","name":"Guerssen records","description":"psychedelia - progressive - folk - garage ","publisher":{"@id":"https:\/\/wpguerssen-test.odoo.rgbconsulting.com\/es\/#organization"},"potentialAction":[{"@type":"SearchAction","target":{"@type":"EntryPoint","urlTemplate":"https:\/\/wpguerssen-test.odoo.rgbconsulting.com\/es\/?s={search_term_string}"},"query-input":{"@type":"PropertyValueSpecification","valueRequired":true,"valueName":"search_term_string"}}],"inLanguage":"es"},{"@type":"Organization","@id":"https:\/\/wpguerssen-test.odoo.rgbconsulting.com\/es\/#organization","name":"Guerssen records","url":"https:\/\/wpguerssen-test.odoo.rgbconsulting.com\/es\/","logo":{"@type":"ImageObject","inLanguage":"es","@id":"https:\/\/wpguerssen-test.odoo.rgbconsulting.com\/es\/#\/schema\/logo\/image\/","url":"https:\/\/wpguerssen-test.odoo.rgbconsulting.com\/wp-content\/uploads\/2022\/04\/Logo_Guerssen_trans_100.png","contentUrl":"https:\/\/wpguerssen-test.odoo.rgbconsulting.com\/wp-content\/uploads\/2022\/04\/Logo_Guerssen_trans_100.png","width":122,"height":100,"caption":"Guerssen records"},"image":{"@id":"https:\/\/wpguerssen-test.odoo.rgbconsulting.com\/es\/#\/schema\/logo\/image\/"}}]}},"_links":{"self":[{"href":"https:\/\/wpguerssen-test.odoo.rgbconsulting.com\/es\/wp-json\/wp\/v2\/product\/280155","targetHints":{"allow":["GET"]}}],"collection":[{"href":"https:\/\/wpguerssen-test.odoo.rgbconsulting.com\/es\/wp-json\/wp\/v2\/product"}],"about":[{"href":"https:\/\/wpguerssen-test.odoo.rgbconsulting.com\/es\/wp-json\/wp\/v2\/types\/product"}],"wp:featuredmedia":[{"embeddable":true,"href":"https:\/\/wpguerssen-test.odoo.rgbconsulting.com\/es\/wp-json\/wp\/v2\/media\/280021"}],"wp:attachment":[{"href":"https:\/\/wpguerssen-test.odoo.rgbconsulting.com\/es\/wp-json\/wp\/v2\/media?parent=280155"}],"wp:term":[{"taxonomy":"product_brand","embeddable":true,"href":"https:\/\/wpguerssen-test.odoo.rgbconsulting.com\/es\/wp-json\/wp\/v2\/product_brand?post=280155"},{"taxonomy":"product_cat","embeddable":true,"href":"https:\/\/wpguerssen-test.odoo.rgbconsulting.com\/es\/wp-json\/wp\/v2\/product_cat?post=280155"},{"taxonomy":"product_tag","embeddable":true,"href":"https:\/\/wpguerssen-test.odoo.rgbconsulting.com\/es\/wp-json\/wp\/v2\/product_tag?post=280155"}],"curies":[{"name":"wp","href":"https:\/\/api.w.org\/{rel}","templated":true}]}}