{"id":280156,"date":"2025-01-10T00:00:00","date_gmt":"2025-01-09T23:00:00","guid":{"rendered":"https:\/\/wpguerssen-test.odoo.rgbconsulting.com\/product\/gerson-king-combo-gatefold\/"},"modified":"2025-04-10T16:44:37","modified_gmt":"2025-04-10T14:44:37","slug":"gerson-king-combo-gatefold","status":"publish","type":"product","link":"https:\/\/wpguerssen-test.odoo.rgbconsulting.com\/es\/producto\/gerson-king-combo-gatefold\/","title":{"rendered":"Gerson King Combo (Gatefold)"},"content":{"rendered":"<p>El \u00e1lbum de 1977 de Gerson King Combo es una obra maestra del soul brasile\u00f1o, surgido dentro del movimiento Black Rio, que fue grabado con Uniao Black como banda de acompa\u00f1amiento. Presenta el tipo de sonido funky pleno que solo esperar\u00edas escuchar de unos pocos grupos estadounidenses de la \u00e9poca. Sus diez canciones mezclan declaraciones pol\u00edticas, que abordan principalmente cuestiones de orgullo racial, y m\u00fasica orientada a la pista de baile. El \u00e1lbum ha alcanzado un estatus de culto a lo largo de los a\u00f1os, convirti\u00e9ndose en uno de los discos de funk brasile\u00f1o m\u00e1s buscados de todos los tiempos. Remasterizado a partir de las cintas originales y prensado en vinilo de 180 g. Este lanzamiento es parte de una nueva serie de reediciones que incluir\u00e1 muchos otros cl\u00e1sicos brasile\u00f1os destacados.<br \/>TRACKLIST Side A 1.MANDAMENTOS BLACK 2.JUST FOR YOU 3.ANDANDO NOS TRILHOS 4.ESSE E O NOSSO BLACK BROTHER 5.SWING DO REI Side B 1.HEREDITARIEDADE 2.FOI UM SONHO SO 3.UMA CHANCE 4.GOD SAVE THE KING 5.BLOWS<\/p>\n","protected":false},"excerpt":{"rendered":"<p>El \u00e1lbum de 1977 de Gerson King Combo es una obra maestra del soul brasile\u00f1o, surgido dentro del movimiento Black Rio, que fue grabado con Uniao Black como banda<a class=\"read\" href=\"https:\/\/wpguerssen-test.odoo.rgbconsulting.com\/es\/producto\/gerson-king-combo-gatefold\/\"> (...)<\/a>","protected":false},"featured_media":280024,"template":"","meta":{"_acf_changed":false},"product_brand":[],"product_cat":[23231],"product_tag":[24189],"class_list":{"0":"post-280156","1":"product","2":"type-product","3":"status-publish","4":"has-post-thumbnail","6":"product_cat-latin-brazilian-es","7":"product_tag-recien-llegadas","8":"pa_artist-gerson-king-combo","9":"pa_format-lp-es","10":"pa_gender-latin-brazilian","11":"pa_label-vampi-soul-es","12":"pa_location-south-america-caribbean-es","13":"pa_other-filters-vinyl-only-es","15":"first","16":"instock","17":"taxable","18":"shipping-taxable","19":"purchasable","20":"product-type-simple"},"acf":[],"yoast_head":"<!-- This site is optimized with the Yoast SEO plugin v24.9 - https:\/\/yoast.com\/wordpress\/plugins\/seo\/ -->\n<title>GERSON KING COMBO - Gerson King Combo (Gatefold) -  (LP) | Guerssen<\/title>\n<meta name=\"description\" content=\"Gerson King Combo&#039;s 1977 album is a masterpiece of Brazilian soul, emerged within the Black Rio movement, which was recorded with Uniao Black as the backing band. It features the kind of full-on funky sound you&#039;d only expect to hear from a rare few American groups of the time. Its ten songs mix political statements, which primarily address issues of racial pride, and dancefloor-oriented music. The album has achieved cult status over the years, becoming one of the most sought-after Brazilian funk records of all times. Remastered from the original tapes and pressed on 180g vinyl. This release is part of a new reissue series that will include many other outstanding Brazilian classics.TRACKLIST Side A 1.MANDAMENTOS BLACK 2.JUST FOR YOU 3.ANDANDO NOS TRILHOS 4.ESSE E O NOSSO BLACK BROTHER 5.SWING DO REI Side B 1.HEREDITARIEDADE 2.FOI UM SONHO SO 3.UMA CHANCE 4.GOD SAVE THE KING 5.BLOWS\" \/>\n<meta name=\"robots\" content=\"index, follow, max-snippet:-1, max-image-preview:large, max-video-preview:-1\" \/>\n<link rel=\"canonical\" href=\"https:\/\/wpguerssen-test.odoo.rgbconsulting.com\/es\/producto\/gerson-king-combo-gatefold\/\" \/>\n<meta property=\"og:locale\" content=\"es_ES\" \/>\n<meta property=\"og:type\" content=\"article\" \/>\n<meta property=\"og:title\" content=\"GERSON KING COMBO - Gerson King Combo (Gatefold) -  (LP) | Guerssen\" \/>\n<meta property=\"og:description\" content=\"Gerson King Combo&#039;s 1977 album is a masterpiece of Brazilian soul, emerged within the Black Rio movement, which was recorded with Uniao Black as the backing band. It features the kind of full-on funky sound you&#039;d only expect to hear from a rare few American groups of the time. Its ten songs mix political statements, which primarily address issues of racial pride, and dancefloor-oriented music. The album has achieved cult status over the years, becoming one of the most sought-after Brazilian funk records of all times. Remastered from the original tapes and pressed on 180g vinyl. This release is part of a new reissue series that will include many other outstanding Brazilian classics.TRACKLIST Side A 1.MANDAMENTOS BLACK 2.JUST FOR YOU 3.ANDANDO NOS TRILHOS 4.ESSE E O NOSSO BLACK BROTHER 5.SWING DO REI Side B 1.HEREDITARIEDADE 2.FOI UM SONHO SO 3.UMA CHANCE 4.GOD SAVE THE KING 5.BLOWS\" \/>\n<meta property=\"og:url\" content=\"https:\/\/wpguerssen-test.odoo.rgbconsulting.com\/es\/producto\/gerson-king-combo-gatefold\/\" \/>\n<meta property=\"og:site_name\" content=\"Guerssen records\" \/>\n<meta property=\"article:modified_time\" content=\"2025-04-10T14:44:37+00:00\" \/>\n<meta property=\"og:image\" content=\"https:\/\/wpguerssen-test.odoo.rgbconsulting.com\/wp-content\/uploads\/2024\/12\/49390.jpg\" \/>\n\t<meta property=\"og:image:width\" content=\"300\" \/>\n\t<meta property=\"og:image:height\" content=\"300\" \/>\n\t<meta property=\"og:image:type\" content=\"image\/jpeg\" \/>\n<meta name=\"twitter:card\" content=\"summary_large_image\" \/>\n<meta name=\"twitter:title\" content=\"GERSON KING COMBO - Gerson King Combo (Gatefold) -  (LP) | Guerssen\" \/>\n<meta name=\"twitter:label1\" content=\"Tiempo de lectura\" \/>\n\t<meta name=\"twitter:data1\" content=\"1 minuto\" \/>\n<script type=\"application\/ld+json\" class=\"yoast-schema-graph\">{\"@context\":\"https:\/\/schema.org\",\"@graph\":[{\"@type\":\"WebPage\",\"@id\":\"https:\/\/wpguerssen-test.odoo.rgbconsulting.com\/es\/producto\/gerson-king-combo-gatefold\/\",\"url\":\"https:\/\/wpguerssen-test.odoo.rgbconsulting.com\/es\/producto\/gerson-king-combo-gatefold\/\",\"name\":\"GERSON KING COMBO - Gerson King Combo (Gatefold) - (LP) | Guerssen\",\"isPartOf\":{\"@id\":\"https:\/\/wpguerssen-test.odoo.rgbconsulting.com\/es\/#website\"},\"primaryImageOfPage\":{\"@id\":\"https:\/\/wpguerssen-test.odoo.rgbconsulting.com\/es\/producto\/gerson-king-combo-gatefold\/#primaryimage\"},\"image\":{\"@id\":\"https:\/\/wpguerssen-test.odoo.rgbconsulting.com\/es\/producto\/gerson-king-combo-gatefold\/#primaryimage\"},\"thumbnailUrl\":\"https:\/\/wpguerssen-test.odoo.rgbconsulting.com\/wp-content\/uploads\/2024\/12\/49390.jpg\",\"datePublished\":\"2025-01-09T23:00:00+00:00\",\"dateModified\":\"2025-04-10T14:44:37+00:00\",\"description\":\"Gerson King Combo's 1977 album is a masterpiece of Brazilian soul, emerged within the Black Rio movement, which was recorded with Uniao Black as the backing band. It features the kind of full-on funky sound you'd only expect to hear from a rare few American groups of the time. Its ten songs mix political statements, which primarily address issues of racial pride, and dancefloor-oriented music. The album has achieved cult status over the years, becoming one of the most sought-after Brazilian funk records of all times. Remastered from the original tapes and pressed on 180g vinyl. This release is part of a new reissue series that will include many other outstanding Brazilian classics.TRACKLIST Side A 1.MANDAMENTOS BLACK 2.JUST FOR YOU 3.ANDANDO NOS TRILHOS 4.ESSE E O NOSSO BLACK BROTHER 5.SWING DO REI Side B 1.HEREDITARIEDADE 2.FOI UM SONHO SO 3.UMA CHANCE 4.GOD SAVE THE KING 5.BLOWS\",\"breadcrumb\":{\"@id\":\"https:\/\/wpguerssen-test.odoo.rgbconsulting.com\/es\/producto\/gerson-king-combo-gatefold\/#breadcrumb\"},\"inLanguage\":\"es\",\"potentialAction\":[{\"@type\":\"ReadAction\",\"target\":[\"https:\/\/wpguerssen-test.odoo.rgbconsulting.com\/es\/producto\/gerson-king-combo-gatefold\/\"]}]},{\"@type\":\"ImageObject\",\"inLanguage\":\"es\",\"@id\":\"https:\/\/wpguerssen-test.odoo.rgbconsulting.com\/es\/producto\/gerson-king-combo-gatefold\/#primaryimage\",\"url\":\"https:\/\/wpguerssen-test.odoo.rgbconsulting.com\/wp-content\/uploads\/2024\/12\/49390.jpg\",\"contentUrl\":\"https:\/\/wpguerssen-test.odoo.rgbconsulting.com\/wp-content\/uploads\/2024\/12\/49390.jpg\",\"width\":300,\"height\":300},{\"@type\":\"BreadcrumbList\",\"@id\":\"https:\/\/wpguerssen-test.odoo.rgbconsulting.com\/es\/producto\/gerson-king-combo-gatefold\/#breadcrumb\",\"itemListElement\":[{\"@type\":\"ListItem\",\"position\":1,\"name\":\"Inicio\",\"item\":\"https:\/\/wpguerssen-test.odoo.rgbconsulting.com\/es\/\"},{\"@type\":\"ListItem\",\"position\":2,\"name\":\"Shop\",\"item\":\"https:\/\/wpguerssen-test.odoo.rgbconsulting.com\/shop\/\"},{\"@type\":\"ListItem\",\"position\":3,\"name\":\"Gerson King Combo (Gatefold)\"}]},{\"@type\":\"WebSite\",\"@id\":\"https:\/\/wpguerssen-test.odoo.rgbconsulting.com\/es\/#website\",\"url\":\"https:\/\/wpguerssen-test.odoo.rgbconsulting.com\/es\/\",\"name\":\"Guerssen records\",\"description\":\"psychedelia - progressive - folk - garage \",\"publisher\":{\"@id\":\"https:\/\/wpguerssen-test.odoo.rgbconsulting.com\/es\/#organization\"},\"potentialAction\":[{\"@type\":\"SearchAction\",\"target\":{\"@type\":\"EntryPoint\",\"urlTemplate\":\"https:\/\/wpguerssen-test.odoo.rgbconsulting.com\/es\/?s={search_term_string}\"},\"query-input\":{\"@type\":\"PropertyValueSpecification\",\"valueRequired\":true,\"valueName\":\"search_term_string\"}}],\"inLanguage\":\"es\"},{\"@type\":\"Organization\",\"@id\":\"https:\/\/wpguerssen-test.odoo.rgbconsulting.com\/es\/#organization\",\"name\":\"Guerssen records\",\"url\":\"https:\/\/wpguerssen-test.odoo.rgbconsulting.com\/es\/\",\"logo\":{\"@type\":\"ImageObject\",\"inLanguage\":\"es\",\"@id\":\"https:\/\/wpguerssen-test.odoo.rgbconsulting.com\/es\/#\/schema\/logo\/image\/\",\"url\":\"https:\/\/wpguerssen-test.odoo.rgbconsulting.com\/wp-content\/uploads\/2022\/04\/Logo_Guerssen_trans_100.png\",\"contentUrl\":\"https:\/\/wpguerssen-test.odoo.rgbconsulting.com\/wp-content\/uploads\/2022\/04\/Logo_Guerssen_trans_100.png\",\"width\":122,\"height\":100,\"caption\":\"Guerssen records\"},\"image\":{\"@id\":\"https:\/\/wpguerssen-test.odoo.rgbconsulting.com\/es\/#\/schema\/logo\/image\/\"}}]}<\/script>\n<!-- \/ Yoast SEO plugin. -->","yoast_head_json":{"title":"GERSON KING COMBO - Gerson King Combo (Gatefold) -  (LP) | Guerssen","description":"Gerson King Combo's 1977 album is a masterpiece of Brazilian soul, emerged within the Black Rio movement, which was recorded with Uniao Black as the backing band. It features the kind of full-on funky sound you'd only expect to hear from a rare few American groups of the time. Its ten songs mix political statements, which primarily address issues of racial pride, and dancefloor-oriented music. The album has achieved cult status over the years, becoming one of the most sought-after Brazilian funk records of all times. Remastered from the original tapes and pressed on 180g vinyl. This release is part of a new reissue series that will include many other outstanding Brazilian classics.TRACKLIST Side A 1.MANDAMENTOS BLACK 2.JUST FOR YOU 3.ANDANDO NOS TRILHOS 4.ESSE E O NOSSO BLACK BROTHER 5.SWING DO REI Side B 1.HEREDITARIEDADE 2.FOI UM SONHO SO 3.UMA CHANCE 4.GOD SAVE THE KING 5.BLOWS","robots":{"index":"index","follow":"follow","max-snippet":"max-snippet:-1","max-image-preview":"max-image-preview:large","max-video-preview":"max-video-preview:-1"},"canonical":"https:\/\/wpguerssen-test.odoo.rgbconsulting.com\/es\/producto\/gerson-king-combo-gatefold\/","og_locale":"es_ES","og_type":"article","og_title":"GERSON KING COMBO - Gerson King Combo (Gatefold) -  (LP) | Guerssen","og_description":"Gerson King Combo's 1977 album is a masterpiece of Brazilian soul, emerged within the Black Rio movement, which was recorded with Uniao Black as the backing band. It features the kind of full-on funky sound you'd only expect to hear from a rare few American groups of the time. Its ten songs mix political statements, which primarily address issues of racial pride, and dancefloor-oriented music. The album has achieved cult status over the years, becoming one of the most sought-after Brazilian funk records of all times. Remastered from the original tapes and pressed on 180g vinyl. This release is part of a new reissue series that will include many other outstanding Brazilian classics.TRACKLIST Side A 1.MANDAMENTOS BLACK 2.JUST FOR YOU 3.ANDANDO NOS TRILHOS 4.ESSE E O NOSSO BLACK BROTHER 5.SWING DO REI Side B 1.HEREDITARIEDADE 2.FOI UM SONHO SO 3.UMA CHANCE 4.GOD SAVE THE KING 5.BLOWS","og_url":"https:\/\/wpguerssen-test.odoo.rgbconsulting.com\/es\/producto\/gerson-king-combo-gatefold\/","og_site_name":"Guerssen records","article_modified_time":"2025-04-10T14:44:37+00:00","og_image":[{"width":300,"height":300,"url":"https:\/\/wpguerssen-test.odoo.rgbconsulting.com\/wp-content\/uploads\/2024\/12\/49390.jpg","type":"image\/jpeg"}],"twitter_card":"summary_large_image","twitter_title":"GERSON KING COMBO - Gerson King Combo (Gatefold) -  (LP) | Guerssen","twitter_misc":{"Tiempo de lectura":"1 minuto"},"schema":{"@context":"https:\/\/schema.org","@graph":[{"@type":"WebPage","@id":"https:\/\/wpguerssen-test.odoo.rgbconsulting.com\/es\/producto\/gerson-king-combo-gatefold\/","url":"https:\/\/wpguerssen-test.odoo.rgbconsulting.com\/es\/producto\/gerson-king-combo-gatefold\/","name":"GERSON KING COMBO - Gerson King Combo (Gatefold) - (LP) | Guerssen","isPartOf":{"@id":"https:\/\/wpguerssen-test.odoo.rgbconsulting.com\/es\/#website"},"primaryImageOfPage":{"@id":"https:\/\/wpguerssen-test.odoo.rgbconsulting.com\/es\/producto\/gerson-king-combo-gatefold\/#primaryimage"},"image":{"@id":"https:\/\/wpguerssen-test.odoo.rgbconsulting.com\/es\/producto\/gerson-king-combo-gatefold\/#primaryimage"},"thumbnailUrl":"https:\/\/wpguerssen-test.odoo.rgbconsulting.com\/wp-content\/uploads\/2024\/12\/49390.jpg","datePublished":"2025-01-09T23:00:00+00:00","dateModified":"2025-04-10T14:44:37+00:00","description":"Gerson King Combo's 1977 album is a masterpiece of Brazilian soul, emerged within the Black Rio movement, which was recorded with Uniao Black as the backing band. It features the kind of full-on funky sound you'd only expect to hear from a rare few American groups of the time. Its ten songs mix political statements, which primarily address issues of racial pride, and dancefloor-oriented music. The album has achieved cult status over the years, becoming one of the most sought-after Brazilian funk records of all times. Remastered from the original tapes and pressed on 180g vinyl. This release is part of a new reissue series that will include many other outstanding Brazilian classics.TRACKLIST Side A 1.MANDAMENTOS BLACK 2.JUST FOR YOU 3.ANDANDO NOS TRILHOS 4.ESSE E O NOSSO BLACK BROTHER 5.SWING DO REI Side B 1.HEREDITARIEDADE 2.FOI UM SONHO SO 3.UMA CHANCE 4.GOD SAVE THE KING 5.BLOWS","breadcrumb":{"@id":"https:\/\/wpguerssen-test.odoo.rgbconsulting.com\/es\/producto\/gerson-king-combo-gatefold\/#breadcrumb"},"inLanguage":"es","potentialAction":[{"@type":"ReadAction","target":["https:\/\/wpguerssen-test.odoo.rgbconsulting.com\/es\/producto\/gerson-king-combo-gatefold\/"]}]},{"@type":"ImageObject","inLanguage":"es","@id":"https:\/\/wpguerssen-test.odoo.rgbconsulting.com\/es\/producto\/gerson-king-combo-gatefold\/#primaryimage","url":"https:\/\/wpguerssen-test.odoo.rgbconsulting.com\/wp-content\/uploads\/2024\/12\/49390.jpg","contentUrl":"https:\/\/wpguerssen-test.odoo.rgbconsulting.com\/wp-content\/uploads\/2024\/12\/49390.jpg","width":300,"height":300},{"@type":"BreadcrumbList","@id":"https:\/\/wpguerssen-test.odoo.rgbconsulting.com\/es\/producto\/gerson-king-combo-gatefold\/#breadcrumb","itemListElement":[{"@type":"ListItem","position":1,"name":"Inicio","item":"https:\/\/wpguerssen-test.odoo.rgbconsulting.com\/es\/"},{"@type":"ListItem","position":2,"name":"Shop","item":"https:\/\/wpguerssen-test.odoo.rgbconsulting.com\/shop\/"},{"@type":"ListItem","position":3,"name":"Gerson King Combo (Gatefold)"}]},{"@type":"WebSite","@id":"https:\/\/wpguerssen-test.odoo.rgbconsulting.com\/es\/#website","url":"https:\/\/wpguerssen-test.odoo.rgbconsulting.com\/es\/","name":"Guerssen records","description":"psychedelia - progressive - folk - garage ","publisher":{"@id":"https:\/\/wpguerssen-test.odoo.rgbconsulting.com\/es\/#organization"},"potentialAction":[{"@type":"SearchAction","target":{"@type":"EntryPoint","urlTemplate":"https:\/\/wpguerssen-test.odoo.rgbconsulting.com\/es\/?s={search_term_string}"},"query-input":{"@type":"PropertyValueSpecification","valueRequired":true,"valueName":"search_term_string"}}],"inLanguage":"es"},{"@type":"Organization","@id":"https:\/\/wpguerssen-test.odoo.rgbconsulting.com\/es\/#organization","name":"Guerssen records","url":"https:\/\/wpguerssen-test.odoo.rgbconsulting.com\/es\/","logo":{"@type":"ImageObject","inLanguage":"es","@id":"https:\/\/wpguerssen-test.odoo.rgbconsulting.com\/es\/#\/schema\/logo\/image\/","url":"https:\/\/wpguerssen-test.odoo.rgbconsulting.com\/wp-content\/uploads\/2022\/04\/Logo_Guerssen_trans_100.png","contentUrl":"https:\/\/wpguerssen-test.odoo.rgbconsulting.com\/wp-content\/uploads\/2022\/04\/Logo_Guerssen_trans_100.png","width":122,"height":100,"caption":"Guerssen records"},"image":{"@id":"https:\/\/wpguerssen-test.odoo.rgbconsulting.com\/es\/#\/schema\/logo\/image\/"}}]}},"_links":{"self":[{"href":"https:\/\/wpguerssen-test.odoo.rgbconsulting.com\/es\/wp-json\/wp\/v2\/product\/280156","targetHints":{"allow":["GET"]}}],"collection":[{"href":"https:\/\/wpguerssen-test.odoo.rgbconsulting.com\/es\/wp-json\/wp\/v2\/product"}],"about":[{"href":"https:\/\/wpguerssen-test.odoo.rgbconsulting.com\/es\/wp-json\/wp\/v2\/types\/product"}],"wp:featuredmedia":[{"embeddable":true,"href":"https:\/\/wpguerssen-test.odoo.rgbconsulting.com\/es\/wp-json\/wp\/v2\/media\/280024"}],"wp:attachment":[{"href":"https:\/\/wpguerssen-test.odoo.rgbconsulting.com\/es\/wp-json\/wp\/v2\/media?parent=280156"}],"wp:term":[{"taxonomy":"product_brand","embeddable":true,"href":"https:\/\/wpguerssen-test.odoo.rgbconsulting.com\/es\/wp-json\/wp\/v2\/product_brand?post=280156"},{"taxonomy":"product_cat","embeddable":true,"href":"https:\/\/wpguerssen-test.odoo.rgbconsulting.com\/es\/wp-json\/wp\/v2\/product_cat?post=280156"},{"taxonomy":"product_tag","embeddable":true,"href":"https:\/\/wpguerssen-test.odoo.rgbconsulting.com\/es\/wp-json\/wp\/v2\/product_tag?post=280156"}],"curies":[{"name":"wp","href":"https:\/\/api.w.org\/{rel}","templated":true}]}}