{"id":280157,"date":"2025-01-16T00:00:00","date_gmt":"2025-01-15T23:00:00","guid":{"rendered":"https:\/\/wpguerssen-test.odoo.rgbconsulting.com\/product\/ladies-wc\/"},"modified":"2025-03-20T16:41:53","modified_gmt":"2025-03-20T15:41:53","slug":"ladies-wc","status":"publish","type":"product","link":"https:\/\/wpguerssen-test.odoo.rgbconsulting.com\/es\/producto\/ladies-wc\/","title":{"rendered":"Ladies WC"},"content":{"rendered":"<p>\u00c1lbum seminal y de gran influencia en la historia del rock venezolano. \u00abLadies W.C.\u00bb (1968) es innovador en muchos aspectos: desde sus impresionantes guitarras psicod\u00e9licas, cargadas de efectos fuzz y wah-wah, hasta su repertorio -integrado por canciones originales- o incluso los gr\u00e1ficos que aparecen en la portada del \u00e1lbum. Al igual que en el caso de \u00abLove Depression\u00bb, este \u00e1lbum se ha convertido en una de las grabaciones m\u00e1s buscadas y coleccionables del rock venezolano. Nuestra reedici\u00f3n incluye sonido remasterizado de las cintas originales, vinilo de 180g y notas de presentaci\u00f3n.<br \/>TRACKLIST Side A 1. PEOPLE 2. I CAN&#8217;T SEE STRAIGHT 3. TO WALK ON WATER 4. HEAVEN&#8217;S COMING UP 5. AND EVERYWHERE I SEE THE SHADOW OF THAT LIFE Side B 1. SEARCHING FOR A MEETING PLACE 2. PUT THAT IN YOUR PIPE AND SMOKE IT 3. THE TIME OF HOPE IS GONE 4. W.C. BLUES 5. I&#8217;M GONNA BE<\/p>\n","protected":false},"excerpt":{"rendered":"<p>\u00c1lbum seminal y de gran influencia en la historia del rock venezolano. \u00abLadies W.C.\u00bb (1968) es innovador en muchos aspectos: desde sus impresionantes guitarras<a class=\"read\" href=\"https:\/\/wpguerssen-test.odoo.rgbconsulting.com\/es\/producto\/ladies-wc\/\"> (...)<\/a>","protected":false},"featured_media":280027,"template":"","meta":{"_acf_changed":false},"product_brand":[],"product_cat":[21639],"product_tag":[24189],"class_list":{"0":"post-280157","1":"product","2":"type-product","3":"status-publish","4":"has-post-thumbnail","6":"product_cat-psychedelic60s-70s-es","7":"product_tag-recien-llegadas","8":"pa_artist-ladies-wc","9":"pa_format-lp-es","10":"pa_gender-psychedelic60s-70s","11":"pa_label-munster-es","12":"pa_location-south-america-caribbean-es","13":"pa_other-filters-vinyl-only-es","15":"first","16":"instock","17":"taxable","18":"shipping-taxable","19":"purchasable","20":"product-type-simple"},"acf":[],"yoast_head":"<!-- This site is optimized with the Yoast SEO plugin v24.9 - https:\/\/yoast.com\/wordpress\/plugins\/seo\/ -->\n<title>LADIES WC - Ladies WC -  (LP) | Guerssen<\/title>\n<meta name=\"description\" content=\"Seminal and highly influential album in the history of Venezuelan rock. &quot;Ladies W.C.&quot; (1968) is innovative in many aspects: from its stunning psychedelic guitars, loaded with fuzz and wah-wah effects, to its repertoire - made up of original songs - or even the graphics featured on the cover of the album. As in the case of &quot;Love Depression&quot;, this album has become one of the most sought-after and collectible recordings of Venezuelan rock. Our reissue includes remastered sound from the original tapes, 180g vinyl and liner notes.TRACKLIST Side A 1. PEOPLE 2. I CAN&#039;T SEE STRAIGHT 3. TO WALK ON WATER 4. HEAVEN&#039;S COMING UP 5. AND EVERYWHERE I SEE THE SHADOW OF THAT LIFE Side B 1. SEARCHING FOR A MEETING PLACE 2. PUT THAT IN YOUR PIPE AND SMOKE IT 3. THE TIME OF HOPE IS GONE 4. W.C. BLUES 5. I&#039;M GONNA BE\" \/>\n<meta name=\"robots\" content=\"index, follow, max-snippet:-1, max-image-preview:large, max-video-preview:-1\" \/>\n<link rel=\"canonical\" href=\"https:\/\/wpguerssen-test.odoo.rgbconsulting.com\/es\/producto\/ladies-wc\/\" \/>\n<meta property=\"og:locale\" content=\"es_ES\" \/>\n<meta property=\"og:type\" content=\"article\" \/>\n<meta property=\"og:title\" content=\"LADIES WC - Ladies WC -  (LP) | Guerssen\" \/>\n<meta property=\"og:description\" content=\"Seminal and highly influential album in the history of Venezuelan rock. &quot;Ladies W.C.&quot; (1968) is innovative in many aspects: from its stunning psychedelic guitars, loaded with fuzz and wah-wah effects, to its repertoire - made up of original songs - or even the graphics featured on the cover of the album. As in the case of &quot;Love Depression&quot;, this album has become one of the most sought-after and collectible recordings of Venezuelan rock. Our reissue includes remastered sound from the original tapes, 180g vinyl and liner notes.TRACKLIST Side A 1. PEOPLE 2. I CAN&#039;T SEE STRAIGHT 3. TO WALK ON WATER 4. HEAVEN&#039;S COMING UP 5. AND EVERYWHERE I SEE THE SHADOW OF THAT LIFE Side B 1. SEARCHING FOR A MEETING PLACE 2. PUT THAT IN YOUR PIPE AND SMOKE IT 3. THE TIME OF HOPE IS GONE 4. W.C. BLUES 5. I&#039;M GONNA BE\" \/>\n<meta property=\"og:url\" content=\"https:\/\/wpguerssen-test.odoo.rgbconsulting.com\/es\/producto\/ladies-wc\/\" \/>\n<meta property=\"og:site_name\" content=\"Guerssen records\" \/>\n<meta property=\"article:modified_time\" content=\"2025-03-20T15:41:53+00:00\" \/>\n<meta property=\"og:image\" content=\"https:\/\/wpguerssen-test.odoo.rgbconsulting.com\/wp-content\/uploads\/2024\/12\/49392.jpg\" \/>\n\t<meta property=\"og:image:width\" content=\"300\" \/>\n\t<meta property=\"og:image:height\" content=\"300\" \/>\n\t<meta property=\"og:image:type\" content=\"image\/jpeg\" \/>\n<meta name=\"twitter:card\" content=\"summary_large_image\" \/>\n<meta name=\"twitter:title\" content=\"LADIES WC - Ladies WC -  (LP) | Guerssen\" \/>\n<meta name=\"twitter:label1\" content=\"Tiempo de lectura\" \/>\n\t<meta name=\"twitter:data1\" content=\"1 minuto\" \/>\n<script type=\"application\/ld+json\" class=\"yoast-schema-graph\">{\"@context\":\"https:\/\/schema.org\",\"@graph\":[{\"@type\":\"WebPage\",\"@id\":\"https:\/\/wpguerssen-test.odoo.rgbconsulting.com\/es\/producto\/ladies-wc\/\",\"url\":\"https:\/\/wpguerssen-test.odoo.rgbconsulting.com\/es\/producto\/ladies-wc\/\",\"name\":\"LADIES WC - Ladies WC - (LP) | Guerssen\",\"isPartOf\":{\"@id\":\"https:\/\/wpguerssen-test.odoo.rgbconsulting.com\/es\/#website\"},\"primaryImageOfPage\":{\"@id\":\"https:\/\/wpguerssen-test.odoo.rgbconsulting.com\/es\/producto\/ladies-wc\/#primaryimage\"},\"image\":{\"@id\":\"https:\/\/wpguerssen-test.odoo.rgbconsulting.com\/es\/producto\/ladies-wc\/#primaryimage\"},\"thumbnailUrl\":\"https:\/\/wpguerssen-test.odoo.rgbconsulting.com\/wp-content\/uploads\/2024\/12\/49392.jpg\",\"datePublished\":\"2025-01-15T23:00:00+00:00\",\"dateModified\":\"2025-03-20T15:41:53+00:00\",\"description\":\"Seminal and highly influential album in the history of Venezuelan rock. \\\"Ladies W.C.\\\" (1968) is innovative in many aspects: from its stunning psychedelic guitars, loaded with fuzz and wah-wah effects, to its repertoire - made up of original songs - or even the graphics featured on the cover of the album. As in the case of \\\"Love Depression\\\", this album has become one of the most sought-after and collectible recordings of Venezuelan rock. Our reissue includes remastered sound from the original tapes, 180g vinyl and liner notes.TRACKLIST Side A 1. PEOPLE 2. I CAN'T SEE STRAIGHT 3. TO WALK ON WATER 4. HEAVEN'S COMING UP 5. AND EVERYWHERE I SEE THE SHADOW OF THAT LIFE Side B 1. SEARCHING FOR A MEETING PLACE 2. PUT THAT IN YOUR PIPE AND SMOKE IT 3. THE TIME OF HOPE IS GONE 4. W.C. BLUES 5. I'M GONNA BE\",\"breadcrumb\":{\"@id\":\"https:\/\/wpguerssen-test.odoo.rgbconsulting.com\/es\/producto\/ladies-wc\/#breadcrumb\"},\"inLanguage\":\"es\",\"potentialAction\":[{\"@type\":\"ReadAction\",\"target\":[\"https:\/\/wpguerssen-test.odoo.rgbconsulting.com\/es\/producto\/ladies-wc\/\"]}]},{\"@type\":\"ImageObject\",\"inLanguage\":\"es\",\"@id\":\"https:\/\/wpguerssen-test.odoo.rgbconsulting.com\/es\/producto\/ladies-wc\/#primaryimage\",\"url\":\"https:\/\/wpguerssen-test.odoo.rgbconsulting.com\/wp-content\/uploads\/2024\/12\/49392.jpg\",\"contentUrl\":\"https:\/\/wpguerssen-test.odoo.rgbconsulting.com\/wp-content\/uploads\/2024\/12\/49392.jpg\",\"width\":300,\"height\":300},{\"@type\":\"BreadcrumbList\",\"@id\":\"https:\/\/wpguerssen-test.odoo.rgbconsulting.com\/es\/producto\/ladies-wc\/#breadcrumb\",\"itemListElement\":[{\"@type\":\"ListItem\",\"position\":1,\"name\":\"Inicio\",\"item\":\"https:\/\/wpguerssen-test.odoo.rgbconsulting.com\/es\/\"},{\"@type\":\"ListItem\",\"position\":2,\"name\":\"Shop\",\"item\":\"https:\/\/wpguerssen-test.odoo.rgbconsulting.com\/shop\/\"},{\"@type\":\"ListItem\",\"position\":3,\"name\":\"Ladies WC\"}]},{\"@type\":\"WebSite\",\"@id\":\"https:\/\/wpguerssen-test.odoo.rgbconsulting.com\/es\/#website\",\"url\":\"https:\/\/wpguerssen-test.odoo.rgbconsulting.com\/es\/\",\"name\":\"Guerssen records\",\"description\":\"psychedelia - progressive - folk - garage \",\"publisher\":{\"@id\":\"https:\/\/wpguerssen-test.odoo.rgbconsulting.com\/es\/#organization\"},\"potentialAction\":[{\"@type\":\"SearchAction\",\"target\":{\"@type\":\"EntryPoint\",\"urlTemplate\":\"https:\/\/wpguerssen-test.odoo.rgbconsulting.com\/es\/?s={search_term_string}\"},\"query-input\":{\"@type\":\"PropertyValueSpecification\",\"valueRequired\":true,\"valueName\":\"search_term_string\"}}],\"inLanguage\":\"es\"},{\"@type\":\"Organization\",\"@id\":\"https:\/\/wpguerssen-test.odoo.rgbconsulting.com\/es\/#organization\",\"name\":\"Guerssen records\",\"url\":\"https:\/\/wpguerssen-test.odoo.rgbconsulting.com\/es\/\",\"logo\":{\"@type\":\"ImageObject\",\"inLanguage\":\"es\",\"@id\":\"https:\/\/wpguerssen-test.odoo.rgbconsulting.com\/es\/#\/schema\/logo\/image\/\",\"url\":\"https:\/\/wpguerssen-test.odoo.rgbconsulting.com\/wp-content\/uploads\/2022\/04\/Logo_Guerssen_trans_100.png\",\"contentUrl\":\"https:\/\/wpguerssen-test.odoo.rgbconsulting.com\/wp-content\/uploads\/2022\/04\/Logo_Guerssen_trans_100.png\",\"width\":122,\"height\":100,\"caption\":\"Guerssen records\"},\"image\":{\"@id\":\"https:\/\/wpguerssen-test.odoo.rgbconsulting.com\/es\/#\/schema\/logo\/image\/\"}}]}<\/script>\n<!-- \/ Yoast SEO plugin. -->","yoast_head_json":{"title":"LADIES WC - Ladies WC -  (LP) | Guerssen","description":"Seminal and highly influential album in the history of Venezuelan rock. \"Ladies W.C.\" (1968) is innovative in many aspects: from its stunning psychedelic guitars, loaded with fuzz and wah-wah effects, to its repertoire - made up of original songs - or even the graphics featured on the cover of the album. As in the case of \"Love Depression\", this album has become one of the most sought-after and collectible recordings of Venezuelan rock. Our reissue includes remastered sound from the original tapes, 180g vinyl and liner notes.TRACKLIST Side A 1. PEOPLE 2. I CAN'T SEE STRAIGHT 3. TO WALK ON WATER 4. HEAVEN'S COMING UP 5. AND EVERYWHERE I SEE THE SHADOW OF THAT LIFE Side B 1. SEARCHING FOR A MEETING PLACE 2. PUT THAT IN YOUR PIPE AND SMOKE IT 3. THE TIME OF HOPE IS GONE 4. W.C. BLUES 5. I'M GONNA BE","robots":{"index":"index","follow":"follow","max-snippet":"max-snippet:-1","max-image-preview":"max-image-preview:large","max-video-preview":"max-video-preview:-1"},"canonical":"https:\/\/wpguerssen-test.odoo.rgbconsulting.com\/es\/producto\/ladies-wc\/","og_locale":"es_ES","og_type":"article","og_title":"LADIES WC - Ladies WC -  (LP) | Guerssen","og_description":"Seminal and highly influential album in the history of Venezuelan rock. \"Ladies W.C.\" (1968) is innovative in many aspects: from its stunning psychedelic guitars, loaded with fuzz and wah-wah effects, to its repertoire - made up of original songs - or even the graphics featured on the cover of the album. As in the case of \"Love Depression\", this album has become one of the most sought-after and collectible recordings of Venezuelan rock. Our reissue includes remastered sound from the original tapes, 180g vinyl and liner notes.TRACKLIST Side A 1. PEOPLE 2. I CAN'T SEE STRAIGHT 3. TO WALK ON WATER 4. HEAVEN'S COMING UP 5. AND EVERYWHERE I SEE THE SHADOW OF THAT LIFE Side B 1. SEARCHING FOR A MEETING PLACE 2. PUT THAT IN YOUR PIPE AND SMOKE IT 3. THE TIME OF HOPE IS GONE 4. W.C. BLUES 5. I'M GONNA BE","og_url":"https:\/\/wpguerssen-test.odoo.rgbconsulting.com\/es\/producto\/ladies-wc\/","og_site_name":"Guerssen records","article_modified_time":"2025-03-20T15:41:53+00:00","og_image":[{"width":300,"height":300,"url":"https:\/\/wpguerssen-test.odoo.rgbconsulting.com\/wp-content\/uploads\/2024\/12\/49392.jpg","type":"image\/jpeg"}],"twitter_card":"summary_large_image","twitter_title":"LADIES WC - Ladies WC -  (LP) | Guerssen","twitter_misc":{"Tiempo de lectura":"1 minuto"},"schema":{"@context":"https:\/\/schema.org","@graph":[{"@type":"WebPage","@id":"https:\/\/wpguerssen-test.odoo.rgbconsulting.com\/es\/producto\/ladies-wc\/","url":"https:\/\/wpguerssen-test.odoo.rgbconsulting.com\/es\/producto\/ladies-wc\/","name":"LADIES WC - Ladies WC - (LP) | Guerssen","isPartOf":{"@id":"https:\/\/wpguerssen-test.odoo.rgbconsulting.com\/es\/#website"},"primaryImageOfPage":{"@id":"https:\/\/wpguerssen-test.odoo.rgbconsulting.com\/es\/producto\/ladies-wc\/#primaryimage"},"image":{"@id":"https:\/\/wpguerssen-test.odoo.rgbconsulting.com\/es\/producto\/ladies-wc\/#primaryimage"},"thumbnailUrl":"https:\/\/wpguerssen-test.odoo.rgbconsulting.com\/wp-content\/uploads\/2024\/12\/49392.jpg","datePublished":"2025-01-15T23:00:00+00:00","dateModified":"2025-03-20T15:41:53+00:00","description":"Seminal and highly influential album in the history of Venezuelan rock. \"Ladies W.C.\" (1968) is innovative in many aspects: from its stunning psychedelic guitars, loaded with fuzz and wah-wah effects, to its repertoire - made up of original songs - or even the graphics featured on the cover of the album. As in the case of \"Love Depression\", this album has become one of the most sought-after and collectible recordings of Venezuelan rock. Our reissue includes remastered sound from the original tapes, 180g vinyl and liner notes.TRACKLIST Side A 1. PEOPLE 2. I CAN'T SEE STRAIGHT 3. TO WALK ON WATER 4. HEAVEN'S COMING UP 5. AND EVERYWHERE I SEE THE SHADOW OF THAT LIFE Side B 1. SEARCHING FOR A MEETING PLACE 2. PUT THAT IN YOUR PIPE AND SMOKE IT 3. THE TIME OF HOPE IS GONE 4. W.C. BLUES 5. I'M GONNA BE","breadcrumb":{"@id":"https:\/\/wpguerssen-test.odoo.rgbconsulting.com\/es\/producto\/ladies-wc\/#breadcrumb"},"inLanguage":"es","potentialAction":[{"@type":"ReadAction","target":["https:\/\/wpguerssen-test.odoo.rgbconsulting.com\/es\/producto\/ladies-wc\/"]}]},{"@type":"ImageObject","inLanguage":"es","@id":"https:\/\/wpguerssen-test.odoo.rgbconsulting.com\/es\/producto\/ladies-wc\/#primaryimage","url":"https:\/\/wpguerssen-test.odoo.rgbconsulting.com\/wp-content\/uploads\/2024\/12\/49392.jpg","contentUrl":"https:\/\/wpguerssen-test.odoo.rgbconsulting.com\/wp-content\/uploads\/2024\/12\/49392.jpg","width":300,"height":300},{"@type":"BreadcrumbList","@id":"https:\/\/wpguerssen-test.odoo.rgbconsulting.com\/es\/producto\/ladies-wc\/#breadcrumb","itemListElement":[{"@type":"ListItem","position":1,"name":"Inicio","item":"https:\/\/wpguerssen-test.odoo.rgbconsulting.com\/es\/"},{"@type":"ListItem","position":2,"name":"Shop","item":"https:\/\/wpguerssen-test.odoo.rgbconsulting.com\/shop\/"},{"@type":"ListItem","position":3,"name":"Ladies WC"}]},{"@type":"WebSite","@id":"https:\/\/wpguerssen-test.odoo.rgbconsulting.com\/es\/#website","url":"https:\/\/wpguerssen-test.odoo.rgbconsulting.com\/es\/","name":"Guerssen records","description":"psychedelia - progressive - folk - garage ","publisher":{"@id":"https:\/\/wpguerssen-test.odoo.rgbconsulting.com\/es\/#organization"},"potentialAction":[{"@type":"SearchAction","target":{"@type":"EntryPoint","urlTemplate":"https:\/\/wpguerssen-test.odoo.rgbconsulting.com\/es\/?s={search_term_string}"},"query-input":{"@type":"PropertyValueSpecification","valueRequired":true,"valueName":"search_term_string"}}],"inLanguage":"es"},{"@type":"Organization","@id":"https:\/\/wpguerssen-test.odoo.rgbconsulting.com\/es\/#organization","name":"Guerssen records","url":"https:\/\/wpguerssen-test.odoo.rgbconsulting.com\/es\/","logo":{"@type":"ImageObject","inLanguage":"es","@id":"https:\/\/wpguerssen-test.odoo.rgbconsulting.com\/es\/#\/schema\/logo\/image\/","url":"https:\/\/wpguerssen-test.odoo.rgbconsulting.com\/wp-content\/uploads\/2022\/04\/Logo_Guerssen_trans_100.png","contentUrl":"https:\/\/wpguerssen-test.odoo.rgbconsulting.com\/wp-content\/uploads\/2022\/04\/Logo_Guerssen_trans_100.png","width":122,"height":100,"caption":"Guerssen records"},"image":{"@id":"https:\/\/wpguerssen-test.odoo.rgbconsulting.com\/es\/#\/schema\/logo\/image\/"}}]}},"_links":{"self":[{"href":"https:\/\/wpguerssen-test.odoo.rgbconsulting.com\/es\/wp-json\/wp\/v2\/product\/280157","targetHints":{"allow":["GET"]}}],"collection":[{"href":"https:\/\/wpguerssen-test.odoo.rgbconsulting.com\/es\/wp-json\/wp\/v2\/product"}],"about":[{"href":"https:\/\/wpguerssen-test.odoo.rgbconsulting.com\/es\/wp-json\/wp\/v2\/types\/product"}],"wp:featuredmedia":[{"embeddable":true,"href":"https:\/\/wpguerssen-test.odoo.rgbconsulting.com\/es\/wp-json\/wp\/v2\/media\/280027"}],"wp:attachment":[{"href":"https:\/\/wpguerssen-test.odoo.rgbconsulting.com\/es\/wp-json\/wp\/v2\/media?parent=280157"}],"wp:term":[{"taxonomy":"product_brand","embeddable":true,"href":"https:\/\/wpguerssen-test.odoo.rgbconsulting.com\/es\/wp-json\/wp\/v2\/product_brand?post=280157"},{"taxonomy":"product_cat","embeddable":true,"href":"https:\/\/wpguerssen-test.odoo.rgbconsulting.com\/es\/wp-json\/wp\/v2\/product_cat?post=280157"},{"taxonomy":"product_tag","embeddable":true,"href":"https:\/\/wpguerssen-test.odoo.rgbconsulting.com\/es\/wp-json\/wp\/v2\/product_tag?post=280157"}],"curies":[{"name":"wp","href":"https:\/\/api.w.org\/{rel}","templated":true}]}}