{"id":280159,"date":"2025-01-10T00:00:00","date_gmt":"2025-01-09T23:00:00","guid":{"rendered":"https:\/\/wpguerssen-test.odoo.rgbconsulting.com\/product\/orfeon-gagarin-the-supermoon-orchestra\/"},"modified":"2025-01-10T13:20:05","modified_gmt":"2025-01-10T12:20:05","slug":"orfeon-gagarin-the-supermoon-orchestra","status":"publish","type":"product","link":"https:\/\/wpguerssen-test.odoo.rgbconsulting.com\/es\/producto\/orfeon-gagarin-the-supermoon-orchestra\/","title":{"rendered":"Orfeon Gagarin &#038; The Supermoon Orchestra"},"content":{"rendered":"<p>Geometrik Records (sello Esplendor Geom\u00e9trico) en asociaci\u00f3n con Munster Records presenta el nuevo \u00e1lbum de ORFEON GAGARIN, proyecto principal de Miguel A. Ruiz, uno de los nombres de referencia de la m\u00fasica experimental en Espa\u00f1a, aut\u00e9ntico pionero de la arriesgada y underground escena electr\u00f3nica espa\u00f1ola desde principios de los ochenta. Grabado entre 2022 y 2024 en Toracic Studios, Madrid. Edici\u00f3n limitada de 250 copias.<br \/>TRACKLIST SIDE A A1. Ciudad Instant\u00e1nea A2. Gentes de la Tierra A3. Operaci\u00f3n Sky-Hook A4. Mar salicional \/ Vals Astrodin\u00e1mico SIDE B B1. M\u00e1quina Expositiva B2. Alacr\u00e1n del Espacio \/ Criatura de Orejas Amarillas B3. Revestimiento T\u00e1ntrico B4. Hacia las Cefeidas (en Wagon-<\/p>\n","protected":false},"excerpt":{"rendered":"<p>Geometrik Records (sello Esplendor Geom\u00e9trico) en asociaci\u00f3n con Munster Records presenta el nuevo \u00e1lbum de ORFEON GAGARIN, proyecto principal de Miguel A. Ruiz,<a class=\"read\" href=\"https:\/\/wpguerssen-test.odoo.rgbconsulting.com\/es\/producto\/orfeon-gagarin-the-supermoon-orchestra\/\"> (...)<\/a>","protected":false},"featured_media":280192,"template":"","meta":{"_acf_changed":false},"product_brand":[],"product_cat":[23266,23260],"product_tag":[24189],"class_list":{"0":"post-280159","1":"product","2":"type-product","3":"status-publish","4":"has-post-thumbnail","6":"product_cat-electronic-es","7":"product_cat-avant-garde-experime-es","8":"product_tag-recien-llegadas","9":"pa_artist-orfeon-gagarin-the-supermoon-orchestra","10":"pa_format-lp-es","11":"pa_gender-electronic-avant-garde-experime","12":"pa_label-geometrik","13":"pa_location-spain-es","14":"pa_other-filters-vinyl-only-es","16":"first","17":"instock","18":"taxable","19":"shipping-taxable","20":"purchasable","21":"product-type-simple"},"acf":[],"yoast_head":"<!-- This site is optimized with the Yoast SEO plugin v24.9 - https:\/\/yoast.com\/wordpress\/plugins\/seo\/ -->\n<title>ORFEON GAGARIN &amp; THE SUPERMOON ORCHESTRA - Orfeon Gagarin &amp; The Supermoon Orchestra -  (LP) | Guerssen<\/title>\n<meta name=\"description\" content=\"Geometrik Records (Esplendor Geom\u00e9trico label) in association with Munster Records presents the new album by ORFEON GAGARIN, Miguel A. Ruiz&#039;s main project, one of the leading names in experimental music in Spain, a true pioneer of the risky and underground Spanish electronic music scene since the early eighties. Recorded between 2022 and 2024 at Toracic Studios, Madrid. Limited edition of 250 copies.TRACKLIST SIDE A A1. Ciudad Instant\u00e1nea A2. Gentes de la Tierra A3. Operaci\u00f3n Sky-Hook A4. Mar salicional \/ Vals Astrodin\u00e1mico SIDE B B1. M\u00e1quina Expositiva B2. Alacr\u00e1n del Espacio \/ Criatura de Orejas Amarillas B3. Revestimiento T\u00e1ntrico B4. Hacia las Cefeidas (en Wagon-\" \/>\n<meta name=\"robots\" content=\"index, follow, max-snippet:-1, max-image-preview:large, max-video-preview:-1\" \/>\n<link rel=\"canonical\" href=\"https:\/\/wpguerssen-test.odoo.rgbconsulting.com\/es\/producto\/orfeon-gagarin-the-supermoon-orchestra\/\" \/>\n<meta property=\"og:locale\" content=\"es_ES\" \/>\n<meta property=\"og:type\" content=\"article\" \/>\n<meta property=\"og:title\" content=\"ORFEON GAGARIN &amp; THE SUPERMOON ORCHESTRA - Orfeon Gagarin &amp; The Supermoon Orchestra -  (LP) | Guerssen\" \/>\n<meta property=\"og:description\" content=\"Geometrik Records (Esplendor Geom\u00e9trico label) in association with Munster Records presents the new album by ORFEON GAGARIN, Miguel A. Ruiz&#039;s main project, one of the leading names in experimental music in Spain, a true pioneer of the risky and underground Spanish electronic music scene since the early eighties. Recorded between 2022 and 2024 at Toracic Studios, Madrid. Limited edition of 250 copies.TRACKLIST SIDE A A1. Ciudad Instant\u00e1nea A2. Gentes de la Tierra A3. Operaci\u00f3n Sky-Hook A4. Mar salicional \/ Vals Astrodin\u00e1mico SIDE B B1. M\u00e1quina Expositiva B2. Alacr\u00e1n del Espacio \/ Criatura de Orejas Amarillas B3. Revestimiento T\u00e1ntrico B4. Hacia las Cefeidas (en Wagon-\" \/>\n<meta property=\"og:url\" content=\"https:\/\/wpguerssen-test.odoo.rgbconsulting.com\/es\/producto\/orfeon-gagarin-the-supermoon-orchestra\/\" \/>\n<meta property=\"og:site_name\" content=\"Guerssen records\" \/>\n<meta property=\"article:modified_time\" content=\"2025-01-10T12:20:05+00:00\" \/>\n<meta property=\"og:image\" content=\"https:\/\/wpguerssen-test.odoo.rgbconsulting.com\/wp-content\/uploads\/2024\/12\/49394.jpg\" \/>\n\t<meta property=\"og:image:width\" content=\"300\" \/>\n\t<meta property=\"og:image:height\" content=\"300\" \/>\n\t<meta property=\"og:image:type\" content=\"image\/jpeg\" \/>\n<meta name=\"twitter:card\" content=\"summary_large_image\" \/>\n<meta name=\"twitter:title\" content=\"ORFEON GAGARIN &amp; THE SUPERMOON ORCHESTRA - Orfeon Gagarin &amp; The Supermoon Orchestra -  (LP) | Guerssen\" \/>\n<meta name=\"twitter:label1\" content=\"Tiempo de lectura\" \/>\n\t<meta name=\"twitter:data1\" content=\"1 minuto\" \/>\n<script type=\"application\/ld+json\" class=\"yoast-schema-graph\">{\"@context\":\"https:\/\/schema.org\",\"@graph\":[{\"@type\":\"WebPage\",\"@id\":\"https:\/\/wpguerssen-test.odoo.rgbconsulting.com\/es\/producto\/orfeon-gagarin-the-supermoon-orchestra\/\",\"url\":\"https:\/\/wpguerssen-test.odoo.rgbconsulting.com\/es\/producto\/orfeon-gagarin-the-supermoon-orchestra\/\",\"name\":\"ORFEON GAGARIN & THE SUPERMOON ORCHESTRA - Orfeon Gagarin & The Supermoon Orchestra - (LP) | Guerssen\",\"isPartOf\":{\"@id\":\"https:\/\/wpguerssen-test.odoo.rgbconsulting.com\/es\/#website\"},\"primaryImageOfPage\":{\"@id\":\"https:\/\/wpguerssen-test.odoo.rgbconsulting.com\/es\/producto\/orfeon-gagarin-the-supermoon-orchestra\/#primaryimage\"},\"image\":{\"@id\":\"https:\/\/wpguerssen-test.odoo.rgbconsulting.com\/es\/producto\/orfeon-gagarin-the-supermoon-orchestra\/#primaryimage\"},\"thumbnailUrl\":\"https:\/\/wpguerssen-test.odoo.rgbconsulting.com\/wp-content\/uploads\/2024\/12\/49394.jpg\",\"datePublished\":\"2025-01-09T23:00:00+00:00\",\"dateModified\":\"2025-01-10T12:20:05+00:00\",\"description\":\"Geometrik Records (Esplendor Geom\u00e9trico label) in association with Munster Records presents the new album by ORFEON GAGARIN, Miguel A. Ruiz's main project, one of the leading names in experimental music in Spain, a true pioneer of the risky and underground Spanish electronic music scene since the early eighties. Recorded between 2022 and 2024 at Toracic Studios, Madrid. Limited edition of 250 copies.TRACKLIST SIDE A A1. Ciudad Instant\u00e1nea A2. Gentes de la Tierra A3. Operaci\u00f3n Sky-Hook A4. Mar salicional \/ Vals Astrodin\u00e1mico SIDE B B1. M\u00e1quina Expositiva B2. Alacr\u00e1n del Espacio \/ Criatura de Orejas Amarillas B3. Revestimiento T\u00e1ntrico B4. Hacia las Cefeidas (en Wagon-\",\"breadcrumb\":{\"@id\":\"https:\/\/wpguerssen-test.odoo.rgbconsulting.com\/es\/producto\/orfeon-gagarin-the-supermoon-orchestra\/#breadcrumb\"},\"inLanguage\":\"es\",\"potentialAction\":[{\"@type\":\"ReadAction\",\"target\":[\"https:\/\/wpguerssen-test.odoo.rgbconsulting.com\/es\/producto\/orfeon-gagarin-the-supermoon-orchestra\/\"]}]},{\"@type\":\"ImageObject\",\"inLanguage\":\"es\",\"@id\":\"https:\/\/wpguerssen-test.odoo.rgbconsulting.com\/es\/producto\/orfeon-gagarin-the-supermoon-orchestra\/#primaryimage\",\"url\":\"https:\/\/wpguerssen-test.odoo.rgbconsulting.com\/wp-content\/uploads\/2024\/12\/49394.jpg\",\"contentUrl\":\"https:\/\/wpguerssen-test.odoo.rgbconsulting.com\/wp-content\/uploads\/2024\/12\/49394.jpg\",\"width\":300,\"height\":300},{\"@type\":\"BreadcrumbList\",\"@id\":\"https:\/\/wpguerssen-test.odoo.rgbconsulting.com\/es\/producto\/orfeon-gagarin-the-supermoon-orchestra\/#breadcrumb\",\"itemListElement\":[{\"@type\":\"ListItem\",\"position\":1,\"name\":\"Inicio\",\"item\":\"https:\/\/wpguerssen-test.odoo.rgbconsulting.com\/es\/\"},{\"@type\":\"ListItem\",\"position\":2,\"name\":\"Shop\",\"item\":\"https:\/\/wpguerssen-test.odoo.rgbconsulting.com\/shop\/\"},{\"@type\":\"ListItem\",\"position\":3,\"name\":\"Orfeon Gagarin &#038; The Supermoon Orchestra\"}]},{\"@type\":\"WebSite\",\"@id\":\"https:\/\/wpguerssen-test.odoo.rgbconsulting.com\/es\/#website\",\"url\":\"https:\/\/wpguerssen-test.odoo.rgbconsulting.com\/es\/\",\"name\":\"Guerssen records\",\"description\":\"psychedelia - progressive - folk - garage \",\"publisher\":{\"@id\":\"https:\/\/wpguerssen-test.odoo.rgbconsulting.com\/es\/#organization\"},\"potentialAction\":[{\"@type\":\"SearchAction\",\"target\":{\"@type\":\"EntryPoint\",\"urlTemplate\":\"https:\/\/wpguerssen-test.odoo.rgbconsulting.com\/es\/?s={search_term_string}\"},\"query-input\":{\"@type\":\"PropertyValueSpecification\",\"valueRequired\":true,\"valueName\":\"search_term_string\"}}],\"inLanguage\":\"es\"},{\"@type\":\"Organization\",\"@id\":\"https:\/\/wpguerssen-test.odoo.rgbconsulting.com\/es\/#organization\",\"name\":\"Guerssen records\",\"url\":\"https:\/\/wpguerssen-test.odoo.rgbconsulting.com\/es\/\",\"logo\":{\"@type\":\"ImageObject\",\"inLanguage\":\"es\",\"@id\":\"https:\/\/wpguerssen-test.odoo.rgbconsulting.com\/es\/#\/schema\/logo\/image\/\",\"url\":\"https:\/\/wpguerssen-test.odoo.rgbconsulting.com\/wp-content\/uploads\/2022\/04\/Logo_Guerssen_trans_100.png\",\"contentUrl\":\"https:\/\/wpguerssen-test.odoo.rgbconsulting.com\/wp-content\/uploads\/2022\/04\/Logo_Guerssen_trans_100.png\",\"width\":122,\"height\":100,\"caption\":\"Guerssen records\"},\"image\":{\"@id\":\"https:\/\/wpguerssen-test.odoo.rgbconsulting.com\/es\/#\/schema\/logo\/image\/\"}}]}<\/script>\n<!-- \/ Yoast SEO plugin. -->","yoast_head_json":{"title":"ORFEON GAGARIN & THE SUPERMOON ORCHESTRA - Orfeon Gagarin & The Supermoon Orchestra -  (LP) | Guerssen","description":"Geometrik Records (Esplendor Geom\u00e9trico label) in association with Munster Records presents the new album by ORFEON GAGARIN, Miguel A. Ruiz's main project, one of the leading names in experimental music in Spain, a true pioneer of the risky and underground Spanish electronic music scene since the early eighties. Recorded between 2022 and 2024 at Toracic Studios, Madrid. Limited edition of 250 copies.TRACKLIST SIDE A A1. Ciudad Instant\u00e1nea A2. Gentes de la Tierra A3. Operaci\u00f3n Sky-Hook A4. Mar salicional \/ Vals Astrodin\u00e1mico SIDE B B1. M\u00e1quina Expositiva B2. Alacr\u00e1n del Espacio \/ Criatura de Orejas Amarillas B3. Revestimiento T\u00e1ntrico B4. Hacia las Cefeidas (en Wagon-","robots":{"index":"index","follow":"follow","max-snippet":"max-snippet:-1","max-image-preview":"max-image-preview:large","max-video-preview":"max-video-preview:-1"},"canonical":"https:\/\/wpguerssen-test.odoo.rgbconsulting.com\/es\/producto\/orfeon-gagarin-the-supermoon-orchestra\/","og_locale":"es_ES","og_type":"article","og_title":"ORFEON GAGARIN & THE SUPERMOON ORCHESTRA - Orfeon Gagarin & The Supermoon Orchestra -  (LP) | Guerssen","og_description":"Geometrik Records (Esplendor Geom\u00e9trico label) in association with Munster Records presents the new album by ORFEON GAGARIN, Miguel A. Ruiz's main project, one of the leading names in experimental music in Spain, a true pioneer of the risky and underground Spanish electronic music scene since the early eighties. Recorded between 2022 and 2024 at Toracic Studios, Madrid. Limited edition of 250 copies.TRACKLIST SIDE A A1. Ciudad Instant\u00e1nea A2. Gentes de la Tierra A3. Operaci\u00f3n Sky-Hook A4. Mar salicional \/ Vals Astrodin\u00e1mico SIDE B B1. M\u00e1quina Expositiva B2. Alacr\u00e1n del Espacio \/ Criatura de Orejas Amarillas B3. Revestimiento T\u00e1ntrico B4. Hacia las Cefeidas (en Wagon-","og_url":"https:\/\/wpguerssen-test.odoo.rgbconsulting.com\/es\/producto\/orfeon-gagarin-the-supermoon-orchestra\/","og_site_name":"Guerssen records","article_modified_time":"2025-01-10T12:20:05+00:00","og_image":[{"width":300,"height":300,"url":"https:\/\/wpguerssen-test.odoo.rgbconsulting.com\/wp-content\/uploads\/2024\/12\/49394.jpg","type":"image\/jpeg"}],"twitter_card":"summary_large_image","twitter_title":"ORFEON GAGARIN & THE SUPERMOON ORCHESTRA - Orfeon Gagarin & The Supermoon Orchestra -  (LP) | Guerssen","twitter_misc":{"Tiempo de lectura":"1 minuto"},"schema":{"@context":"https:\/\/schema.org","@graph":[{"@type":"WebPage","@id":"https:\/\/wpguerssen-test.odoo.rgbconsulting.com\/es\/producto\/orfeon-gagarin-the-supermoon-orchestra\/","url":"https:\/\/wpguerssen-test.odoo.rgbconsulting.com\/es\/producto\/orfeon-gagarin-the-supermoon-orchestra\/","name":"ORFEON GAGARIN & THE SUPERMOON ORCHESTRA - Orfeon Gagarin & The Supermoon Orchestra - (LP) | Guerssen","isPartOf":{"@id":"https:\/\/wpguerssen-test.odoo.rgbconsulting.com\/es\/#website"},"primaryImageOfPage":{"@id":"https:\/\/wpguerssen-test.odoo.rgbconsulting.com\/es\/producto\/orfeon-gagarin-the-supermoon-orchestra\/#primaryimage"},"image":{"@id":"https:\/\/wpguerssen-test.odoo.rgbconsulting.com\/es\/producto\/orfeon-gagarin-the-supermoon-orchestra\/#primaryimage"},"thumbnailUrl":"https:\/\/wpguerssen-test.odoo.rgbconsulting.com\/wp-content\/uploads\/2024\/12\/49394.jpg","datePublished":"2025-01-09T23:00:00+00:00","dateModified":"2025-01-10T12:20:05+00:00","description":"Geometrik Records (Esplendor Geom\u00e9trico label) in association with Munster Records presents the new album by ORFEON GAGARIN, Miguel A. Ruiz's main project, one of the leading names in experimental music in Spain, a true pioneer of the risky and underground Spanish electronic music scene since the early eighties. Recorded between 2022 and 2024 at Toracic Studios, Madrid. Limited edition of 250 copies.TRACKLIST SIDE A A1. Ciudad Instant\u00e1nea A2. Gentes de la Tierra A3. Operaci\u00f3n Sky-Hook A4. Mar salicional \/ Vals Astrodin\u00e1mico SIDE B B1. M\u00e1quina Expositiva B2. Alacr\u00e1n del Espacio \/ Criatura de Orejas Amarillas B3. Revestimiento T\u00e1ntrico B4. Hacia las Cefeidas (en Wagon-","breadcrumb":{"@id":"https:\/\/wpguerssen-test.odoo.rgbconsulting.com\/es\/producto\/orfeon-gagarin-the-supermoon-orchestra\/#breadcrumb"},"inLanguage":"es","potentialAction":[{"@type":"ReadAction","target":["https:\/\/wpguerssen-test.odoo.rgbconsulting.com\/es\/producto\/orfeon-gagarin-the-supermoon-orchestra\/"]}]},{"@type":"ImageObject","inLanguage":"es","@id":"https:\/\/wpguerssen-test.odoo.rgbconsulting.com\/es\/producto\/orfeon-gagarin-the-supermoon-orchestra\/#primaryimage","url":"https:\/\/wpguerssen-test.odoo.rgbconsulting.com\/wp-content\/uploads\/2024\/12\/49394.jpg","contentUrl":"https:\/\/wpguerssen-test.odoo.rgbconsulting.com\/wp-content\/uploads\/2024\/12\/49394.jpg","width":300,"height":300},{"@type":"BreadcrumbList","@id":"https:\/\/wpguerssen-test.odoo.rgbconsulting.com\/es\/producto\/orfeon-gagarin-the-supermoon-orchestra\/#breadcrumb","itemListElement":[{"@type":"ListItem","position":1,"name":"Inicio","item":"https:\/\/wpguerssen-test.odoo.rgbconsulting.com\/es\/"},{"@type":"ListItem","position":2,"name":"Shop","item":"https:\/\/wpguerssen-test.odoo.rgbconsulting.com\/shop\/"},{"@type":"ListItem","position":3,"name":"Orfeon Gagarin &#038; The Supermoon Orchestra"}]},{"@type":"WebSite","@id":"https:\/\/wpguerssen-test.odoo.rgbconsulting.com\/es\/#website","url":"https:\/\/wpguerssen-test.odoo.rgbconsulting.com\/es\/","name":"Guerssen records","description":"psychedelia - progressive - folk - garage ","publisher":{"@id":"https:\/\/wpguerssen-test.odoo.rgbconsulting.com\/es\/#organization"},"potentialAction":[{"@type":"SearchAction","target":{"@type":"EntryPoint","urlTemplate":"https:\/\/wpguerssen-test.odoo.rgbconsulting.com\/es\/?s={search_term_string}"},"query-input":{"@type":"PropertyValueSpecification","valueRequired":true,"valueName":"search_term_string"}}],"inLanguage":"es"},{"@type":"Organization","@id":"https:\/\/wpguerssen-test.odoo.rgbconsulting.com\/es\/#organization","name":"Guerssen records","url":"https:\/\/wpguerssen-test.odoo.rgbconsulting.com\/es\/","logo":{"@type":"ImageObject","inLanguage":"es","@id":"https:\/\/wpguerssen-test.odoo.rgbconsulting.com\/es\/#\/schema\/logo\/image\/","url":"https:\/\/wpguerssen-test.odoo.rgbconsulting.com\/wp-content\/uploads\/2022\/04\/Logo_Guerssen_trans_100.png","contentUrl":"https:\/\/wpguerssen-test.odoo.rgbconsulting.com\/wp-content\/uploads\/2022\/04\/Logo_Guerssen_trans_100.png","width":122,"height":100,"caption":"Guerssen records"},"image":{"@id":"https:\/\/wpguerssen-test.odoo.rgbconsulting.com\/es\/#\/schema\/logo\/image\/"}}]}},"_links":{"self":[{"href":"https:\/\/wpguerssen-test.odoo.rgbconsulting.com\/es\/wp-json\/wp\/v2\/product\/280159","targetHints":{"allow":["GET"]}}],"collection":[{"href":"https:\/\/wpguerssen-test.odoo.rgbconsulting.com\/es\/wp-json\/wp\/v2\/product"}],"about":[{"href":"https:\/\/wpguerssen-test.odoo.rgbconsulting.com\/es\/wp-json\/wp\/v2\/types\/product"}],"wp:featuredmedia":[{"embeddable":true,"href":"https:\/\/wpguerssen-test.odoo.rgbconsulting.com\/es\/wp-json\/wp\/v2\/media\/280192"}],"wp:attachment":[{"href":"https:\/\/wpguerssen-test.odoo.rgbconsulting.com\/es\/wp-json\/wp\/v2\/media?parent=280159"}],"wp:term":[{"taxonomy":"product_brand","embeddable":true,"href":"https:\/\/wpguerssen-test.odoo.rgbconsulting.com\/es\/wp-json\/wp\/v2\/product_brand?post=280159"},{"taxonomy":"product_cat","embeddable":true,"href":"https:\/\/wpguerssen-test.odoo.rgbconsulting.com\/es\/wp-json\/wp\/v2\/product_cat?post=280159"},{"taxonomy":"product_tag","embeddable":true,"href":"https:\/\/wpguerssen-test.odoo.rgbconsulting.com\/es\/wp-json\/wp\/v2\/product_tag?post=280159"}],"curies":[{"name":"wp","href":"https:\/\/api.w.org\/{rel}","templated":true}]}}