{"id":280162,"date":"2025-01-27T00:00:00","date_gmt":"2025-01-26T23:00:00","guid":{"rendered":"https:\/\/wpguerssen-test.odoo.rgbconsulting.com\/product\/bongo-a-go-go-lpcd\/"},"modified":"2025-02-21T14:09:01","modified_gmt":"2025-02-21T13:09:01","slug":"bongo-a-go-go-lpcd","status":"publish","type":"product","link":"https:\/\/wpguerssen-test.odoo.rgbconsulting.com\/es\/producto\/bongo-a-go-go-lpcd\/","title":{"rendered":"Bongo A Go-Go (LP+CD)"},"content":{"rendered":"<p>\u00a1Bongo A-Go-Go! \u00a1Por Dios, por supuesto! \u00bfC\u00f3mo es posible que El Vidocq nunca antes hubiera hechizado a este instrumento de percusi\u00f3n tan pr\u00e1ctico? De hecho, aunque de tama\u00f1o modesto, el sonoro bongo es bastante dif\u00edcil de ignorar. Siempre r\u00edtmico y agradable, este instrumento sacado directamente de los a\u00f1os 50 y 60 se asocia f\u00e1cilmente con Quentin Tarantino, por no hablar de la Incredible Bongo Band de Michael Viner. Pero como siempre, nuestro selector del suroeste de Francia ha desenterrado con orgullo algunas perlas raras, excavando en lo profundo de su rid\u00edcula colecci\u00f3n de 45 originales para proponer algo de exotismo suntuoso, pop con sabor a banda sonora, R&#8217;n&#8217;B y R&#8217;n&#8217;R, bongo boogie, mambo y cha-cha-ch\u00e1, swing palpitante&#8230; Y una vez m\u00e1s, Marcel Bontempi ha producido una portada de maravillosos deleites visuales. \u00a1Boom Bam Da Boom, es hora de subir el volumen y mover el trasero al ritmo de estos fant\u00e1sticos arreglos!<br \/>TRACKLIST<br \/>SIDE A 1- HARLEY HATCHER ORCHESTRA << African safari part 2 >> 2- THE CATALINAS << Cha Cha Joe>> 3- GENE SIKORA << Tanganyka>> 4- LUCKY MILLINDER \u00abBongo Boogie\u00bb 5- FRANCE FAYE << Summertime>> 6- JACK COSTANZO << Man with the golden arm >> 7- THE INTERNATIONAL BONGO BAND << Hey Mr. Bongo man >> 8- THE EMBERS << Chiny-Chin- Cha Cha>><br \/>SIDE B 1- JOHNNY DANKWORTH << Chano >> 2- PRESTON EPPS << B'wana bongos >> 3- LARRY SONN << Congo Mombo >> 4- FRANKIE BRENT << Bangin on the bongo >> 5- THE OWLS << Kasavubu>> 6- PEREZ PRADO << Bongo Bash>> 7- JIMMY McQUAD << Bongo talk >> 8- MARLOWE MORRIS << Tropical madness >><\/p>\n","protected":false},"excerpt":{"rendered":"<p>\u00a1Bongo A-Go-Go! \u00a1Por Dios, por supuesto! \u00bfC\u00f3mo es posible que El Vidocq nunca antes hubiera hechizado a este instrumento de percusi\u00f3n tan pr\u00e1ctico? De hecho,<a class=\"read\" href=\"https:\/\/wpguerssen-test.odoo.rgbconsulting.com\/es\/producto\/bongo-a-go-go-lpcd\/\"> (...)<\/a>","protected":false},"featured_media":280040,"template":"","meta":{"_acf_changed":false},"product_brand":[],"product_cat":[23281,23267],"product_tag":[24189],"class_list":{"0":"post-280162","1":"product","2":"type-product","3":"status-publish","4":"has-post-thumbnail","6":"product_cat-garagebeatrnb60-70-es","7":"product_cat-exotica-es","8":"product_tag-recien-llegadas","9":"pa_artist-various-artists-es","10":"pa_format-lp-es","11":"pa_gender-garagebeatrnb60-70-exotica","12":"pa_label-jukebox-music-factory","13":"pa_location-north-america-es","14":"pa_other-filters-vinyl-only-es","16":"first","17":"instock","18":"taxable","19":"shipping-taxable","20":"purchasable","21":"product-type-simple"},"acf":[],"yoast_head":"<!-- This site is optimized with the Yoast SEO plugin v24.9 - https:\/\/yoast.com\/wordpress\/plugins\/seo\/ -->\n<title>VARIOUS ARTISTS - Bongo A Go-Go (LP+CD) -  (LP) | Guerssen<\/title>\n<meta name=\"description\" content=\"Bongo A-Go-Go!!! By gosh, but of course! How is it that El Vidocq had never before cast a spell upon this percussively practical instrument? Indeed, though modest in size, the sonorous bongo is rather difficult to ignore. Ever groovy and convivial, this instrument straight out of the &#039;50s and &#039;60s is readily associated with Quentin Tarantino, not to mention Michael Viner&#039;s Incredible Bongo Band. But as always, our southwestern-French selector has proudly unearthed a few rare nuggets, digging deep into his ridiculous collection of original 45s to propose some sumptuous exotica, OST-flavored pop, R&#039;n&#039;B &amp; R&#039;n&#039;R, bongo boogie, mambo and cha-cha-cha, pulsating swing... And once again, Marcel Bontempi has produced a jacket of marvelous eye candy. Boom Bam Da Boom, it&#039;s time to turn up the volume and wiggle one&#039;s fanny to these fantastic arrangements!TRACKLISTSIDE A 1- HARLEY HATCHER ORCHESTRA &lt;&lt; African safari part 2 &gt;&gt; 2- THE CATALINAS &lt;&lt; Cha Cha Joe&gt;&gt; 3- GENE SIKORA &lt;&lt; Tanganyka&gt;&gt; 4- LUCKY MILLINDER &quot;Bongo Boogie&quot; 5- FRANCE FAYE &lt;&lt; Summertime&gt;&gt; 6- JACK COSTANZO &lt;&lt; Man with the golden arm &gt;&gt; 7- THE INTERNATIONAL BONGO BAND &lt;&lt; Hey Mr. Bongo man &gt;&gt; 8- THE EMBERS &lt;&lt; Chiny-Chin- Cha Cha&gt;&gt;SIDE B 1- JOHNNY DANKWORTH &lt;&lt; Chano &gt;&gt; 2- PRESTON EPPS &lt;&lt; B&#039;wana bongos &gt;&gt; 3- LARRY SONN &lt;&lt; Congo Mombo &gt;&gt; 4- FRANKIE BRENT &lt;&lt; Bangin on the bongo &gt;&gt; 5- THE OWLS &lt;&lt; Kasavubu&gt;&gt; 6- PEREZ PRADO &lt;&lt; Bongo Bash&gt;&gt; 7- JIMMY McQUAD &lt;&lt; Bongo talk &gt;&gt; 8- MARLOWE MORRIS &lt;&lt; Tropical madness &gt;&gt;\" \/>\n<meta name=\"robots\" content=\"index, follow, max-snippet:-1, max-image-preview:large, max-video-preview:-1\" \/>\n<link rel=\"canonical\" href=\"https:\/\/wpguerssen-test.odoo.rgbconsulting.com\/es\/producto\/bongo-a-go-go-lpcd\/\" \/>\n<meta property=\"og:locale\" content=\"es_ES\" \/>\n<meta property=\"og:type\" content=\"article\" \/>\n<meta property=\"og:title\" content=\"VARIOUS ARTISTS - Bongo A Go-Go (LP+CD) -  (LP) | Guerssen\" \/>\n<meta property=\"og:description\" content=\"Bongo A-Go-Go!!! By gosh, but of course! How is it that El Vidocq had never before cast a spell upon this percussively practical instrument? Indeed, though modest in size, the sonorous bongo is rather difficult to ignore. Ever groovy and convivial, this instrument straight out of the &#039;50s and &#039;60s is readily associated with Quentin Tarantino, not to mention Michael Viner&#039;s Incredible Bongo Band. But as always, our southwestern-French selector has proudly unearthed a few rare nuggets, digging deep into his ridiculous collection of original 45s to propose some sumptuous exotica, OST-flavored pop, R&#039;n&#039;B &amp; R&#039;n&#039;R, bongo boogie, mambo and cha-cha-cha, pulsating swing... And once again, Marcel Bontempi has produced a jacket of marvelous eye candy. Boom Bam Da Boom, it&#039;s time to turn up the volume and wiggle one&#039;s fanny to these fantastic arrangements!TRACKLISTSIDE A 1- HARLEY HATCHER ORCHESTRA &lt;&lt; African safari part 2 &gt;&gt; 2- THE CATALINAS &lt;&lt; Cha Cha Joe&gt;&gt; 3- GENE SIKORA &lt;&lt; Tanganyka&gt;&gt; 4- LUCKY MILLINDER &quot;Bongo Boogie&quot; 5- FRANCE FAYE &lt;&lt; Summertime&gt;&gt; 6- JACK COSTANZO &lt;&lt; Man with the golden arm &gt;&gt; 7- THE INTERNATIONAL BONGO BAND &lt;&lt; Hey Mr. Bongo man &gt;&gt; 8- THE EMBERS &lt;&lt; Chiny-Chin- Cha Cha&gt;&gt;SIDE B 1- JOHNNY DANKWORTH &lt;&lt; Chano &gt;&gt; 2- PRESTON EPPS &lt;&lt; B&#039;wana bongos &gt;&gt; 3- LARRY SONN &lt;&lt; Congo Mombo &gt;&gt; 4- FRANKIE BRENT &lt;&lt; Bangin on the bongo &gt;&gt; 5- THE OWLS &lt;&lt; Kasavubu&gt;&gt; 6- PEREZ PRADO &lt;&lt; Bongo Bash&gt;&gt; 7- JIMMY McQUAD &lt;&lt; Bongo talk &gt;&gt; 8- MARLOWE MORRIS &lt;&lt; Tropical madness &gt;&gt;\" \/>\n<meta property=\"og:url\" content=\"https:\/\/wpguerssen-test.odoo.rgbconsulting.com\/es\/producto\/bongo-a-go-go-lpcd\/\" \/>\n<meta property=\"og:site_name\" content=\"Guerssen records\" \/>\n<meta property=\"article:modified_time\" content=\"2025-02-21T13:09:01+00:00\" \/>\n<meta property=\"og:image\" content=\"https:\/\/wpguerssen-test.odoo.rgbconsulting.com\/wp-content\/uploads\/2024\/12\/49397.jpg\" \/>\n\t<meta property=\"og:image:width\" content=\"907\" \/>\n\t<meta property=\"og:image:height\" content=\"927\" \/>\n\t<meta property=\"og:image:type\" content=\"image\/jpeg\" \/>\n<meta name=\"twitter:card\" content=\"summary_large_image\" \/>\n<meta name=\"twitter:title\" content=\"VARIOUS ARTISTS - Bongo A Go-Go (LP+CD) -  (LP) | Guerssen\" \/>\n<meta name=\"twitter:label1\" content=\"Tiempo de lectura\" \/>\n\t<meta name=\"twitter:data1\" content=\"1 minuto\" \/>\n<script type=\"application\/ld+json\" class=\"yoast-schema-graph\">{\"@context\":\"https:\/\/schema.org\",\"@graph\":[{\"@type\":\"WebPage\",\"@id\":\"https:\/\/wpguerssen-test.odoo.rgbconsulting.com\/es\/producto\/bongo-a-go-go-lpcd\/\",\"url\":\"https:\/\/wpguerssen-test.odoo.rgbconsulting.com\/es\/producto\/bongo-a-go-go-lpcd\/\",\"name\":\"VARIOUS ARTISTS - Bongo A Go-Go (LP+CD) - (LP) | Guerssen\",\"isPartOf\":{\"@id\":\"https:\/\/wpguerssen-test.odoo.rgbconsulting.com\/es\/#website\"},\"primaryImageOfPage\":{\"@id\":\"https:\/\/wpguerssen-test.odoo.rgbconsulting.com\/es\/producto\/bongo-a-go-go-lpcd\/#primaryimage\"},\"image\":{\"@id\":\"https:\/\/wpguerssen-test.odoo.rgbconsulting.com\/es\/producto\/bongo-a-go-go-lpcd\/#primaryimage\"},\"thumbnailUrl\":\"https:\/\/wpguerssen-test.odoo.rgbconsulting.com\/wp-content\/uploads\/2024\/12\/49397.jpg\",\"datePublished\":\"2025-01-26T23:00:00+00:00\",\"dateModified\":\"2025-02-21T13:09:01+00:00\",\"description\":\"Bongo A-Go-Go!!! By gosh, but of course! How is it that El Vidocq had never before cast a spell upon this percussively practical instrument? Indeed, though modest in size, the sonorous bongo is rather difficult to ignore. Ever groovy and convivial, this instrument straight out of the '50s and '60s is readily associated with Quentin Tarantino, not to mention Michael Viner's Incredible Bongo Band. But as always, our southwestern-French selector has proudly unearthed a few rare nuggets, digging deep into his ridiculous collection of original 45s to propose some sumptuous exotica, OST-flavored pop, R'n'B & R'n'R, bongo boogie, mambo and cha-cha-cha, pulsating swing... And once again, Marcel Bontempi has produced a jacket of marvelous eye candy. Boom Bam Da Boom, it's time to turn up the volume and wiggle one's fanny to these fantastic arrangements!TRACKLISTSIDE A 1- HARLEY HATCHER ORCHESTRA &lt;< African safari part 2 >> 2- THE CATALINAS &lt;< Cha Cha Joe>> 3- GENE SIKORA &lt;< Tanganyka>> 4- LUCKY MILLINDER \\\"Bongo Boogie\\\" 5- FRANCE FAYE &lt;< Summertime>> 6- JACK COSTANZO &lt;< Man with the golden arm >> 7- THE INTERNATIONAL BONGO BAND &lt;< Hey Mr. Bongo man >> 8- THE EMBERS &lt;< Chiny-Chin- Cha Cha>>SIDE B 1- JOHNNY DANKWORTH &lt;< Chano >> 2- PRESTON EPPS &lt;< B'wana bongos >> 3- LARRY SONN &lt;< Congo Mombo >> 4- FRANKIE BRENT &lt;< Bangin on the bongo >> 5- THE OWLS &lt;< Kasavubu>> 6- PEREZ PRADO &lt;< Bongo Bash>> 7- JIMMY McQUAD &lt;< Bongo talk >> 8- MARLOWE MORRIS &lt;< Tropical madness >>\",\"breadcrumb\":{\"@id\":\"https:\/\/wpguerssen-test.odoo.rgbconsulting.com\/es\/producto\/bongo-a-go-go-lpcd\/#breadcrumb\"},\"inLanguage\":\"es\",\"potentialAction\":[{\"@type\":\"ReadAction\",\"target\":[\"https:\/\/wpguerssen-test.odoo.rgbconsulting.com\/es\/producto\/bongo-a-go-go-lpcd\/\"]}]},{\"@type\":\"ImageObject\",\"inLanguage\":\"es\",\"@id\":\"https:\/\/wpguerssen-test.odoo.rgbconsulting.com\/es\/producto\/bongo-a-go-go-lpcd\/#primaryimage\",\"url\":\"https:\/\/wpguerssen-test.odoo.rgbconsulting.com\/wp-content\/uploads\/2024\/12\/49397.jpg\",\"contentUrl\":\"https:\/\/wpguerssen-test.odoo.rgbconsulting.com\/wp-content\/uploads\/2024\/12\/49397.jpg\",\"width\":907,\"height\":927},{\"@type\":\"BreadcrumbList\",\"@id\":\"https:\/\/wpguerssen-test.odoo.rgbconsulting.com\/es\/producto\/bongo-a-go-go-lpcd\/#breadcrumb\",\"itemListElement\":[{\"@type\":\"ListItem\",\"position\":1,\"name\":\"Inicio\",\"item\":\"https:\/\/wpguerssen-test.odoo.rgbconsulting.com\/es\/\"},{\"@type\":\"ListItem\",\"position\":2,\"name\":\"Shop\",\"item\":\"https:\/\/wpguerssen-test.odoo.rgbconsulting.com\/shop\/\"},{\"@type\":\"ListItem\",\"position\":3,\"name\":\"Bongo A Go-Go (LP+CD)\"}]},{\"@type\":\"WebSite\",\"@id\":\"https:\/\/wpguerssen-test.odoo.rgbconsulting.com\/es\/#website\",\"url\":\"https:\/\/wpguerssen-test.odoo.rgbconsulting.com\/es\/\",\"name\":\"Guerssen records\",\"description\":\"psychedelia - progressive - folk - garage \",\"publisher\":{\"@id\":\"https:\/\/wpguerssen-test.odoo.rgbconsulting.com\/es\/#organization\"},\"potentialAction\":[{\"@type\":\"SearchAction\",\"target\":{\"@type\":\"EntryPoint\",\"urlTemplate\":\"https:\/\/wpguerssen-test.odoo.rgbconsulting.com\/es\/?s={search_term_string}\"},\"query-input\":{\"@type\":\"PropertyValueSpecification\",\"valueRequired\":true,\"valueName\":\"search_term_string\"}}],\"inLanguage\":\"es\"},{\"@type\":\"Organization\",\"@id\":\"https:\/\/wpguerssen-test.odoo.rgbconsulting.com\/es\/#organization\",\"name\":\"Guerssen records\",\"url\":\"https:\/\/wpguerssen-test.odoo.rgbconsulting.com\/es\/\",\"logo\":{\"@type\":\"ImageObject\",\"inLanguage\":\"es\",\"@id\":\"https:\/\/wpguerssen-test.odoo.rgbconsulting.com\/es\/#\/schema\/logo\/image\/\",\"url\":\"https:\/\/wpguerssen-test.odoo.rgbconsulting.com\/wp-content\/uploads\/2022\/04\/Logo_Guerssen_trans_100.png\",\"contentUrl\":\"https:\/\/wpguerssen-test.odoo.rgbconsulting.com\/wp-content\/uploads\/2022\/04\/Logo_Guerssen_trans_100.png\",\"width\":122,\"height\":100,\"caption\":\"Guerssen records\"},\"image\":{\"@id\":\"https:\/\/wpguerssen-test.odoo.rgbconsulting.com\/es\/#\/schema\/logo\/image\/\"}}]}<\/script>\n<!-- \/ Yoast SEO plugin. -->","yoast_head_json":{"title":"VARIOUS ARTISTS - Bongo A Go-Go (LP+CD) -  (LP) | Guerssen","description":"Bongo A-Go-Go!!! By gosh, but of course! How is it that El Vidocq had never before cast a spell upon this percussively practical instrument? Indeed, though modest in size, the sonorous bongo is rather difficult to ignore. Ever groovy and convivial, this instrument straight out of the '50s and '60s is readily associated with Quentin Tarantino, not to mention Michael Viner's Incredible Bongo Band. But as always, our southwestern-French selector has proudly unearthed a few rare nuggets, digging deep into his ridiculous collection of original 45s to propose some sumptuous exotica, OST-flavored pop, R'n'B & R'n'R, bongo boogie, mambo and cha-cha-cha, pulsating swing... And once again, Marcel Bontempi has produced a jacket of marvelous eye candy. Boom Bam Da Boom, it's time to turn up the volume and wiggle one's fanny to these fantastic arrangements!TRACKLISTSIDE A 1- HARLEY HATCHER ORCHESTRA &lt;< African safari part 2 >> 2- THE CATALINAS &lt;< Cha Cha Joe>> 3- GENE SIKORA &lt;< Tanganyka>> 4- LUCKY MILLINDER \"Bongo Boogie\" 5- FRANCE FAYE &lt;< Summertime>> 6- JACK COSTANZO &lt;< Man with the golden arm >> 7- THE INTERNATIONAL BONGO BAND &lt;< Hey Mr. Bongo man >> 8- THE EMBERS &lt;< Chiny-Chin- Cha Cha>>SIDE B 1- JOHNNY DANKWORTH &lt;< Chano >> 2- PRESTON EPPS &lt;< B'wana bongos >> 3- LARRY SONN &lt;< Congo Mombo >> 4- FRANKIE BRENT &lt;< Bangin on the bongo >> 5- THE OWLS &lt;< Kasavubu>> 6- PEREZ PRADO &lt;< Bongo Bash>> 7- JIMMY McQUAD &lt;< Bongo talk >> 8- MARLOWE MORRIS &lt;< Tropical madness >>","robots":{"index":"index","follow":"follow","max-snippet":"max-snippet:-1","max-image-preview":"max-image-preview:large","max-video-preview":"max-video-preview:-1"},"canonical":"https:\/\/wpguerssen-test.odoo.rgbconsulting.com\/es\/producto\/bongo-a-go-go-lpcd\/","og_locale":"es_ES","og_type":"article","og_title":"VARIOUS ARTISTS - Bongo A Go-Go (LP+CD) -  (LP) | Guerssen","og_description":"Bongo A-Go-Go!!! By gosh, but of course! How is it that El Vidocq had never before cast a spell upon this percussively practical instrument? Indeed, though modest in size, the sonorous bongo is rather difficult to ignore. Ever groovy and convivial, this instrument straight out of the '50s and '60s is readily associated with Quentin Tarantino, not to mention Michael Viner's Incredible Bongo Band. But as always, our southwestern-French selector has proudly unearthed a few rare nuggets, digging deep into his ridiculous collection of original 45s to propose some sumptuous exotica, OST-flavored pop, R'n'B & R'n'R, bongo boogie, mambo and cha-cha-cha, pulsating swing... And once again, Marcel Bontempi has produced a jacket of marvelous eye candy. Boom Bam Da Boom, it's time to turn up the volume and wiggle one's fanny to these fantastic arrangements!TRACKLISTSIDE A 1- HARLEY HATCHER ORCHESTRA &lt;< African safari part 2 >> 2- THE CATALINAS &lt;< Cha Cha Joe>> 3- GENE SIKORA &lt;< Tanganyka>> 4- LUCKY MILLINDER \"Bongo Boogie\" 5- FRANCE FAYE &lt;< Summertime>> 6- JACK COSTANZO &lt;< Man with the golden arm >> 7- THE INTERNATIONAL BONGO BAND &lt;< Hey Mr. Bongo man >> 8- THE EMBERS &lt;< Chiny-Chin- Cha Cha>>SIDE B 1- JOHNNY DANKWORTH &lt;< Chano >> 2- PRESTON EPPS &lt;< B'wana bongos >> 3- LARRY SONN &lt;< Congo Mombo >> 4- FRANKIE BRENT &lt;< Bangin on the bongo >> 5- THE OWLS &lt;< Kasavubu>> 6- PEREZ PRADO &lt;< Bongo Bash>> 7- JIMMY McQUAD &lt;< Bongo talk >> 8- MARLOWE MORRIS &lt;< Tropical madness >>","og_url":"https:\/\/wpguerssen-test.odoo.rgbconsulting.com\/es\/producto\/bongo-a-go-go-lpcd\/","og_site_name":"Guerssen records","article_modified_time":"2025-02-21T13:09:01+00:00","og_image":[{"width":907,"height":927,"url":"https:\/\/wpguerssen-test.odoo.rgbconsulting.com\/wp-content\/uploads\/2024\/12\/49397.jpg","type":"image\/jpeg"}],"twitter_card":"summary_large_image","twitter_title":"VARIOUS ARTISTS - Bongo A Go-Go (LP+CD) -  (LP) | Guerssen","twitter_misc":{"Tiempo de lectura":"1 minuto"},"schema":{"@context":"https:\/\/schema.org","@graph":[{"@type":"WebPage","@id":"https:\/\/wpguerssen-test.odoo.rgbconsulting.com\/es\/producto\/bongo-a-go-go-lpcd\/","url":"https:\/\/wpguerssen-test.odoo.rgbconsulting.com\/es\/producto\/bongo-a-go-go-lpcd\/","name":"VARIOUS ARTISTS - Bongo A Go-Go (LP+CD) - (LP) | Guerssen","isPartOf":{"@id":"https:\/\/wpguerssen-test.odoo.rgbconsulting.com\/es\/#website"},"primaryImageOfPage":{"@id":"https:\/\/wpguerssen-test.odoo.rgbconsulting.com\/es\/producto\/bongo-a-go-go-lpcd\/#primaryimage"},"image":{"@id":"https:\/\/wpguerssen-test.odoo.rgbconsulting.com\/es\/producto\/bongo-a-go-go-lpcd\/#primaryimage"},"thumbnailUrl":"https:\/\/wpguerssen-test.odoo.rgbconsulting.com\/wp-content\/uploads\/2024\/12\/49397.jpg","datePublished":"2025-01-26T23:00:00+00:00","dateModified":"2025-02-21T13:09:01+00:00","description":"Bongo A-Go-Go!!! By gosh, but of course! How is it that El Vidocq had never before cast a spell upon this percussively practical instrument? Indeed, though modest in size, the sonorous bongo is rather difficult to ignore. Ever groovy and convivial, this instrument straight out of the '50s and '60s is readily associated with Quentin Tarantino, not to mention Michael Viner's Incredible Bongo Band. But as always, our southwestern-French selector has proudly unearthed a few rare nuggets, digging deep into his ridiculous collection of original 45s to propose some sumptuous exotica, OST-flavored pop, R'n'B & R'n'R, bongo boogie, mambo and cha-cha-cha, pulsating swing... And once again, Marcel Bontempi has produced a jacket of marvelous eye candy. Boom Bam Da Boom, it's time to turn up the volume and wiggle one's fanny to these fantastic arrangements!TRACKLISTSIDE A 1- HARLEY HATCHER ORCHESTRA &lt;< African safari part 2 >> 2- THE CATALINAS &lt;< Cha Cha Joe>> 3- GENE SIKORA &lt;< Tanganyka>> 4- LUCKY MILLINDER \"Bongo Boogie\" 5- FRANCE FAYE &lt;< Summertime>> 6- JACK COSTANZO &lt;< Man with the golden arm >> 7- THE INTERNATIONAL BONGO BAND &lt;< Hey Mr. Bongo man >> 8- THE EMBERS &lt;< Chiny-Chin- Cha Cha>>SIDE B 1- JOHNNY DANKWORTH &lt;< Chano >> 2- PRESTON EPPS &lt;< B'wana bongos >> 3- LARRY SONN &lt;< Congo Mombo >> 4- FRANKIE BRENT &lt;< Bangin on the bongo >> 5- THE OWLS &lt;< Kasavubu>> 6- PEREZ PRADO &lt;< Bongo Bash>> 7- JIMMY McQUAD &lt;< Bongo talk >> 8- MARLOWE MORRIS &lt;< Tropical madness >>","breadcrumb":{"@id":"https:\/\/wpguerssen-test.odoo.rgbconsulting.com\/es\/producto\/bongo-a-go-go-lpcd\/#breadcrumb"},"inLanguage":"es","potentialAction":[{"@type":"ReadAction","target":["https:\/\/wpguerssen-test.odoo.rgbconsulting.com\/es\/producto\/bongo-a-go-go-lpcd\/"]}]},{"@type":"ImageObject","inLanguage":"es","@id":"https:\/\/wpguerssen-test.odoo.rgbconsulting.com\/es\/producto\/bongo-a-go-go-lpcd\/#primaryimage","url":"https:\/\/wpguerssen-test.odoo.rgbconsulting.com\/wp-content\/uploads\/2024\/12\/49397.jpg","contentUrl":"https:\/\/wpguerssen-test.odoo.rgbconsulting.com\/wp-content\/uploads\/2024\/12\/49397.jpg","width":907,"height":927},{"@type":"BreadcrumbList","@id":"https:\/\/wpguerssen-test.odoo.rgbconsulting.com\/es\/producto\/bongo-a-go-go-lpcd\/#breadcrumb","itemListElement":[{"@type":"ListItem","position":1,"name":"Inicio","item":"https:\/\/wpguerssen-test.odoo.rgbconsulting.com\/es\/"},{"@type":"ListItem","position":2,"name":"Shop","item":"https:\/\/wpguerssen-test.odoo.rgbconsulting.com\/shop\/"},{"@type":"ListItem","position":3,"name":"Bongo A Go-Go (LP+CD)"}]},{"@type":"WebSite","@id":"https:\/\/wpguerssen-test.odoo.rgbconsulting.com\/es\/#website","url":"https:\/\/wpguerssen-test.odoo.rgbconsulting.com\/es\/","name":"Guerssen records","description":"psychedelia - progressive - folk - garage ","publisher":{"@id":"https:\/\/wpguerssen-test.odoo.rgbconsulting.com\/es\/#organization"},"potentialAction":[{"@type":"SearchAction","target":{"@type":"EntryPoint","urlTemplate":"https:\/\/wpguerssen-test.odoo.rgbconsulting.com\/es\/?s={search_term_string}"},"query-input":{"@type":"PropertyValueSpecification","valueRequired":true,"valueName":"search_term_string"}}],"inLanguage":"es"},{"@type":"Organization","@id":"https:\/\/wpguerssen-test.odoo.rgbconsulting.com\/es\/#organization","name":"Guerssen records","url":"https:\/\/wpguerssen-test.odoo.rgbconsulting.com\/es\/","logo":{"@type":"ImageObject","inLanguage":"es","@id":"https:\/\/wpguerssen-test.odoo.rgbconsulting.com\/es\/#\/schema\/logo\/image\/","url":"https:\/\/wpguerssen-test.odoo.rgbconsulting.com\/wp-content\/uploads\/2022\/04\/Logo_Guerssen_trans_100.png","contentUrl":"https:\/\/wpguerssen-test.odoo.rgbconsulting.com\/wp-content\/uploads\/2022\/04\/Logo_Guerssen_trans_100.png","width":122,"height":100,"caption":"Guerssen records"},"image":{"@id":"https:\/\/wpguerssen-test.odoo.rgbconsulting.com\/es\/#\/schema\/logo\/image\/"}}]}},"_links":{"self":[{"href":"https:\/\/wpguerssen-test.odoo.rgbconsulting.com\/es\/wp-json\/wp\/v2\/product\/280162","targetHints":{"allow":["GET"]}}],"collection":[{"href":"https:\/\/wpguerssen-test.odoo.rgbconsulting.com\/es\/wp-json\/wp\/v2\/product"}],"about":[{"href":"https:\/\/wpguerssen-test.odoo.rgbconsulting.com\/es\/wp-json\/wp\/v2\/types\/product"}],"wp:featuredmedia":[{"embeddable":true,"href":"https:\/\/wpguerssen-test.odoo.rgbconsulting.com\/es\/wp-json\/wp\/v2\/media\/280040"}],"wp:attachment":[{"href":"https:\/\/wpguerssen-test.odoo.rgbconsulting.com\/es\/wp-json\/wp\/v2\/media?parent=280162"}],"wp:term":[{"taxonomy":"product_brand","embeddable":true,"href":"https:\/\/wpguerssen-test.odoo.rgbconsulting.com\/es\/wp-json\/wp\/v2\/product_brand?post=280162"},{"taxonomy":"product_cat","embeddable":true,"href":"https:\/\/wpguerssen-test.odoo.rgbconsulting.com\/es\/wp-json\/wp\/v2\/product_cat?post=280162"},{"taxonomy":"product_tag","embeddable":true,"href":"https:\/\/wpguerssen-test.odoo.rgbconsulting.com\/es\/wp-json\/wp\/v2\/product_tag?post=280162"}],"curies":[{"name":"wp","href":"https:\/\/api.w.org\/{rel}","templated":true}]}}