{"id":280163,"date":"2025-01-16T00:00:00","date_gmt":"2025-01-15T23:00:00","guid":{"rendered":"https:\/\/wpguerssen-test.odoo.rgbconsulting.com\/product\/pa-el-23\/"},"modified":"2025-01-22T18:41:51","modified_gmt":"2025-01-22T17:41:51","slug":"pa-el-23","status":"publish","type":"product","link":"https:\/\/wpguerssen-test.odoo.rgbconsulting.com\/es\/producto\/pa-el-23\/","title":{"rendered":"Pa&#8217; El 23"},"content":{"rendered":"<p>El pianista, vocalista, compositor y arreglista de salsa Ray P\u00e9rez, adquiri\u00f3 su apodo de \u00abLoco\u00bb por ser un esp\u00edritu libre e independiente, un innovador e iconoclasta que inicialmente fue tildado de \u00abloco\u00bb por la frescura y audacia de su sonido. Estos dos temas de moda fueron lanzados a principios de los a\u00f1os 70 y se convirtieron en temas que llenaban las pistas de baile al instante. Primera reedici\u00f3n en 7&#8243; de estas joyas de la salsa y el guaguanc\u00f3.<br \/>TRACKLIST Side A PA&#8217; EL 23 Side B Muchacho Barrig\u00f3n<\/p>\n","protected":false},"excerpt":{"rendered":"<p>El pianista, vocalista, compositor y arreglista de salsa Ray P\u00e9rez, adquiri\u00f3 su apodo de \u00abLoco\u00bb por ser un esp\u00edritu libre e independiente, un innovador e iconoclasta<a class=\"read\" href=\"https:\/\/wpguerssen-test.odoo.rgbconsulting.com\/es\/producto\/pa-el-23\/\"> (...)<\/a>","protected":false},"featured_media":280043,"template":"","meta":{"_acf_changed":false},"product_brand":[],"product_cat":[23231,23228],"product_tag":[24189],"class_list":{"0":"post-280163","1":"product","2":"type-product","3":"status-publish","4":"has-post-thumbnail","6":"product_cat-latin-brazilian-es","7":"product_cat-jazz-funk-es","8":"product_tag-recien-llegadas","9":"pa_artist-perez-ray-su-orquesta","10":"pa_format-7-es","11":"pa_gender-latin-brazilian-jazz-funk","12":"pa_label-vampi-soul-es","13":"pa_location-south-america-caribbean-es","14":"pa_other-filters-vinyl-only-es","16":"first","17":"instock","18":"taxable","19":"shipping-taxable","20":"purchasable","21":"product-type-simple"},"acf":[],"yoast_head":"<!-- This site is optimized with the Yoast SEO plugin v24.9 - https:\/\/yoast.com\/wordpress\/plugins\/seo\/ -->\n<title>PEREZ, Ray &amp; SU ORQUESTA - Pa&#039; El 23 -  (7&quot;) | Guerssen<\/title>\n<meta name=\"description\" content=\"Salsa pianist, vocalist, composer and arranger Ray P\u00e9rez, acquired his nickname &quot;Loco&quot; by being a free, independent spirit, an innovator and iconoclast who was initially branded as &quot;crazy&quot; for the freshness and audacity of his sound. These two hot tracks were released in the early 70s and became instant dance floor fillers. First time 7&quot; reissue of these salsa and guaguanc\u00f3 gems.TRACKLIST Side A PA&#039; EL 23 Side B Muchacho Barrig\u00f3n\" \/>\n<meta name=\"robots\" content=\"index, follow, max-snippet:-1, max-image-preview:large, max-video-preview:-1\" \/>\n<link rel=\"canonical\" href=\"https:\/\/wpguerssen-test.odoo.rgbconsulting.com\/es\/producto\/pa-el-23\/\" \/>\n<meta property=\"og:locale\" content=\"es_ES\" \/>\n<meta property=\"og:type\" content=\"article\" \/>\n<meta property=\"og:title\" content=\"PEREZ, Ray &amp; SU ORQUESTA - Pa&#039; El 23 -  (7&quot;) | Guerssen\" \/>\n<meta property=\"og:description\" content=\"Salsa pianist, vocalist, composer and arranger Ray P\u00e9rez, acquired his nickname &quot;Loco&quot; by being a free, independent spirit, an innovator and iconoclast who was initially branded as &quot;crazy&quot; for the freshness and audacity of his sound. These two hot tracks were released in the early 70s and became instant dance floor fillers. First time 7&quot; reissue of these salsa and guaguanc\u00f3 gems.TRACKLIST Side A PA&#039; EL 23 Side B Muchacho Barrig\u00f3n\" \/>\n<meta property=\"og:url\" content=\"https:\/\/wpguerssen-test.odoo.rgbconsulting.com\/es\/producto\/pa-el-23\/\" \/>\n<meta property=\"og:site_name\" content=\"Guerssen records\" \/>\n<meta property=\"article:modified_time\" content=\"2025-01-22T17:41:51+00:00\" \/>\n<meta property=\"og:image\" content=\"https:\/\/wpguerssen-test.odoo.rgbconsulting.com\/wp-content\/uploads\/2024\/12\/49399.jpg\" \/>\n\t<meta property=\"og:image:width\" content=\"243\" \/>\n\t<meta property=\"og:image:height\" content=\"243\" \/>\n\t<meta property=\"og:image:type\" content=\"image\/jpeg\" \/>\n<meta name=\"twitter:card\" content=\"summary_large_image\" \/>\n<meta name=\"twitter:title\" content=\"PEREZ, Ray &amp; SU ORQUESTA - Pa&#039; El 23 -  (7&quot;) | Guerssen\" \/>\n<script type=\"application\/ld+json\" class=\"yoast-schema-graph\">{\"@context\":\"https:\/\/schema.org\",\"@graph\":[{\"@type\":\"WebPage\",\"@id\":\"https:\/\/wpguerssen-test.odoo.rgbconsulting.com\/es\/producto\/pa-el-23\/\",\"url\":\"https:\/\/wpguerssen-test.odoo.rgbconsulting.com\/es\/producto\/pa-el-23\/\",\"name\":\"PEREZ, Ray & SU ORQUESTA - Pa' El 23 - (7\\\") | Guerssen\",\"isPartOf\":{\"@id\":\"https:\/\/wpguerssen-test.odoo.rgbconsulting.com\/es\/#website\"},\"primaryImageOfPage\":{\"@id\":\"https:\/\/wpguerssen-test.odoo.rgbconsulting.com\/es\/producto\/pa-el-23\/#primaryimage\"},\"image\":{\"@id\":\"https:\/\/wpguerssen-test.odoo.rgbconsulting.com\/es\/producto\/pa-el-23\/#primaryimage\"},\"thumbnailUrl\":\"https:\/\/wpguerssen-test.odoo.rgbconsulting.com\/wp-content\/uploads\/2024\/12\/49399.jpg\",\"datePublished\":\"2025-01-15T23:00:00+00:00\",\"dateModified\":\"2025-01-22T17:41:51+00:00\",\"description\":\"Salsa pianist, vocalist, composer and arranger Ray P\u00e9rez, acquired his nickname \\\"Loco\\\" by being a free, independent spirit, an innovator and iconoclast who was initially branded as \\\"crazy\\\" for the freshness and audacity of his sound. These two hot tracks were released in the early 70s and became instant dance floor fillers. First time 7\\\" reissue of these salsa and guaguanc\u00f3 gems.TRACKLIST Side A PA' EL 23 Side B Muchacho Barrig\u00f3n\",\"breadcrumb\":{\"@id\":\"https:\/\/wpguerssen-test.odoo.rgbconsulting.com\/es\/producto\/pa-el-23\/#breadcrumb\"},\"inLanguage\":\"es\",\"potentialAction\":[{\"@type\":\"ReadAction\",\"target\":[\"https:\/\/wpguerssen-test.odoo.rgbconsulting.com\/es\/producto\/pa-el-23\/\"]}]},{\"@type\":\"ImageObject\",\"inLanguage\":\"es\",\"@id\":\"https:\/\/wpguerssen-test.odoo.rgbconsulting.com\/es\/producto\/pa-el-23\/#primaryimage\",\"url\":\"https:\/\/wpguerssen-test.odoo.rgbconsulting.com\/wp-content\/uploads\/2024\/12\/49399.jpg\",\"contentUrl\":\"https:\/\/wpguerssen-test.odoo.rgbconsulting.com\/wp-content\/uploads\/2024\/12\/49399.jpg\",\"width\":243,\"height\":243,\"caption\":\"Ray & SU ORQUESTA - Pa' El 23 - VAMPI SOUL (7\\\") | Guerssen\"},{\"@type\":\"BreadcrumbList\",\"@id\":\"https:\/\/wpguerssen-test.odoo.rgbconsulting.com\/es\/producto\/pa-el-23\/#breadcrumb\",\"itemListElement\":[{\"@type\":\"ListItem\",\"position\":1,\"name\":\"Inicio\",\"item\":\"https:\/\/wpguerssen-test.odoo.rgbconsulting.com\/es\/\"},{\"@type\":\"ListItem\",\"position\":2,\"name\":\"Shop\",\"item\":\"https:\/\/wpguerssen-test.odoo.rgbconsulting.com\/shop\/\"},{\"@type\":\"ListItem\",\"position\":3,\"name\":\"Pa&#8217; El 23\"}]},{\"@type\":\"WebSite\",\"@id\":\"https:\/\/wpguerssen-test.odoo.rgbconsulting.com\/es\/#website\",\"url\":\"https:\/\/wpguerssen-test.odoo.rgbconsulting.com\/es\/\",\"name\":\"Guerssen records\",\"description\":\"psychedelia - progressive - folk - garage \",\"publisher\":{\"@id\":\"https:\/\/wpguerssen-test.odoo.rgbconsulting.com\/es\/#organization\"},\"potentialAction\":[{\"@type\":\"SearchAction\",\"target\":{\"@type\":\"EntryPoint\",\"urlTemplate\":\"https:\/\/wpguerssen-test.odoo.rgbconsulting.com\/es\/?s={search_term_string}\"},\"query-input\":{\"@type\":\"PropertyValueSpecification\",\"valueRequired\":true,\"valueName\":\"search_term_string\"}}],\"inLanguage\":\"es\"},{\"@type\":\"Organization\",\"@id\":\"https:\/\/wpguerssen-test.odoo.rgbconsulting.com\/es\/#organization\",\"name\":\"Guerssen records\",\"url\":\"https:\/\/wpguerssen-test.odoo.rgbconsulting.com\/es\/\",\"logo\":{\"@type\":\"ImageObject\",\"inLanguage\":\"es\",\"@id\":\"https:\/\/wpguerssen-test.odoo.rgbconsulting.com\/es\/#\/schema\/logo\/image\/\",\"url\":\"https:\/\/wpguerssen-test.odoo.rgbconsulting.com\/wp-content\/uploads\/2022\/04\/Logo_Guerssen_trans_100.png\",\"contentUrl\":\"https:\/\/wpguerssen-test.odoo.rgbconsulting.com\/wp-content\/uploads\/2022\/04\/Logo_Guerssen_trans_100.png\",\"width\":122,\"height\":100,\"caption\":\"Guerssen records\"},\"image\":{\"@id\":\"https:\/\/wpguerssen-test.odoo.rgbconsulting.com\/es\/#\/schema\/logo\/image\/\"}}]}<\/script>\n<!-- \/ Yoast SEO plugin. -->","yoast_head_json":{"title":"PEREZ, Ray & SU ORQUESTA - Pa' El 23 -  (7\") | Guerssen","description":"Salsa pianist, vocalist, composer and arranger Ray P\u00e9rez, acquired his nickname \"Loco\" by being a free, independent spirit, an innovator and iconoclast who was initially branded as \"crazy\" for the freshness and audacity of his sound. These two hot tracks were released in the early 70s and became instant dance floor fillers. First time 7\" reissue of these salsa and guaguanc\u00f3 gems.TRACKLIST Side A PA' EL 23 Side B Muchacho Barrig\u00f3n","robots":{"index":"index","follow":"follow","max-snippet":"max-snippet:-1","max-image-preview":"max-image-preview:large","max-video-preview":"max-video-preview:-1"},"canonical":"https:\/\/wpguerssen-test.odoo.rgbconsulting.com\/es\/producto\/pa-el-23\/","og_locale":"es_ES","og_type":"article","og_title":"PEREZ, Ray & SU ORQUESTA - Pa' El 23 -  (7\") | Guerssen","og_description":"Salsa pianist, vocalist, composer and arranger Ray P\u00e9rez, acquired his nickname \"Loco\" by being a free, independent spirit, an innovator and iconoclast who was initially branded as \"crazy\" for the freshness and audacity of his sound. These two hot tracks were released in the early 70s and became instant dance floor fillers. First time 7\" reissue of these salsa and guaguanc\u00f3 gems.TRACKLIST Side A PA' EL 23 Side B Muchacho Barrig\u00f3n","og_url":"https:\/\/wpguerssen-test.odoo.rgbconsulting.com\/es\/producto\/pa-el-23\/","og_site_name":"Guerssen records","article_modified_time":"2025-01-22T17:41:51+00:00","og_image":[{"width":243,"height":243,"url":"https:\/\/wpguerssen-test.odoo.rgbconsulting.com\/wp-content\/uploads\/2024\/12\/49399.jpg","type":"image\/jpeg"}],"twitter_card":"summary_large_image","twitter_title":"PEREZ, Ray & SU ORQUESTA - Pa' El 23 -  (7\") | Guerssen","schema":{"@context":"https:\/\/schema.org","@graph":[{"@type":"WebPage","@id":"https:\/\/wpguerssen-test.odoo.rgbconsulting.com\/es\/producto\/pa-el-23\/","url":"https:\/\/wpguerssen-test.odoo.rgbconsulting.com\/es\/producto\/pa-el-23\/","name":"PEREZ, Ray & SU ORQUESTA - Pa' El 23 - (7\") | Guerssen","isPartOf":{"@id":"https:\/\/wpguerssen-test.odoo.rgbconsulting.com\/es\/#website"},"primaryImageOfPage":{"@id":"https:\/\/wpguerssen-test.odoo.rgbconsulting.com\/es\/producto\/pa-el-23\/#primaryimage"},"image":{"@id":"https:\/\/wpguerssen-test.odoo.rgbconsulting.com\/es\/producto\/pa-el-23\/#primaryimage"},"thumbnailUrl":"https:\/\/wpguerssen-test.odoo.rgbconsulting.com\/wp-content\/uploads\/2024\/12\/49399.jpg","datePublished":"2025-01-15T23:00:00+00:00","dateModified":"2025-01-22T17:41:51+00:00","description":"Salsa pianist, vocalist, composer and arranger Ray P\u00e9rez, acquired his nickname \"Loco\" by being a free, independent spirit, an innovator and iconoclast who was initially branded as \"crazy\" for the freshness and audacity of his sound. These two hot tracks were released in the early 70s and became instant dance floor fillers. First time 7\" reissue of these salsa and guaguanc\u00f3 gems.TRACKLIST Side A PA' EL 23 Side B Muchacho Barrig\u00f3n","breadcrumb":{"@id":"https:\/\/wpguerssen-test.odoo.rgbconsulting.com\/es\/producto\/pa-el-23\/#breadcrumb"},"inLanguage":"es","potentialAction":[{"@type":"ReadAction","target":["https:\/\/wpguerssen-test.odoo.rgbconsulting.com\/es\/producto\/pa-el-23\/"]}]},{"@type":"ImageObject","inLanguage":"es","@id":"https:\/\/wpguerssen-test.odoo.rgbconsulting.com\/es\/producto\/pa-el-23\/#primaryimage","url":"https:\/\/wpguerssen-test.odoo.rgbconsulting.com\/wp-content\/uploads\/2024\/12\/49399.jpg","contentUrl":"https:\/\/wpguerssen-test.odoo.rgbconsulting.com\/wp-content\/uploads\/2024\/12\/49399.jpg","width":243,"height":243,"caption":"Ray & SU ORQUESTA - Pa' El 23 - VAMPI SOUL (7\") | Guerssen"},{"@type":"BreadcrumbList","@id":"https:\/\/wpguerssen-test.odoo.rgbconsulting.com\/es\/producto\/pa-el-23\/#breadcrumb","itemListElement":[{"@type":"ListItem","position":1,"name":"Inicio","item":"https:\/\/wpguerssen-test.odoo.rgbconsulting.com\/es\/"},{"@type":"ListItem","position":2,"name":"Shop","item":"https:\/\/wpguerssen-test.odoo.rgbconsulting.com\/shop\/"},{"@type":"ListItem","position":3,"name":"Pa&#8217; El 23"}]},{"@type":"WebSite","@id":"https:\/\/wpguerssen-test.odoo.rgbconsulting.com\/es\/#website","url":"https:\/\/wpguerssen-test.odoo.rgbconsulting.com\/es\/","name":"Guerssen records","description":"psychedelia - progressive - folk - garage ","publisher":{"@id":"https:\/\/wpguerssen-test.odoo.rgbconsulting.com\/es\/#organization"},"potentialAction":[{"@type":"SearchAction","target":{"@type":"EntryPoint","urlTemplate":"https:\/\/wpguerssen-test.odoo.rgbconsulting.com\/es\/?s={search_term_string}"},"query-input":{"@type":"PropertyValueSpecification","valueRequired":true,"valueName":"search_term_string"}}],"inLanguage":"es"},{"@type":"Organization","@id":"https:\/\/wpguerssen-test.odoo.rgbconsulting.com\/es\/#organization","name":"Guerssen records","url":"https:\/\/wpguerssen-test.odoo.rgbconsulting.com\/es\/","logo":{"@type":"ImageObject","inLanguage":"es","@id":"https:\/\/wpguerssen-test.odoo.rgbconsulting.com\/es\/#\/schema\/logo\/image\/","url":"https:\/\/wpguerssen-test.odoo.rgbconsulting.com\/wp-content\/uploads\/2022\/04\/Logo_Guerssen_trans_100.png","contentUrl":"https:\/\/wpguerssen-test.odoo.rgbconsulting.com\/wp-content\/uploads\/2022\/04\/Logo_Guerssen_trans_100.png","width":122,"height":100,"caption":"Guerssen records"},"image":{"@id":"https:\/\/wpguerssen-test.odoo.rgbconsulting.com\/es\/#\/schema\/logo\/image\/"}}]}},"_links":{"self":[{"href":"https:\/\/wpguerssen-test.odoo.rgbconsulting.com\/es\/wp-json\/wp\/v2\/product\/280163","targetHints":{"allow":["GET"]}}],"collection":[{"href":"https:\/\/wpguerssen-test.odoo.rgbconsulting.com\/es\/wp-json\/wp\/v2\/product"}],"about":[{"href":"https:\/\/wpguerssen-test.odoo.rgbconsulting.com\/es\/wp-json\/wp\/v2\/types\/product"}],"wp:featuredmedia":[{"embeddable":true,"href":"https:\/\/wpguerssen-test.odoo.rgbconsulting.com\/es\/wp-json\/wp\/v2\/media\/280043"}],"wp:attachment":[{"href":"https:\/\/wpguerssen-test.odoo.rgbconsulting.com\/es\/wp-json\/wp\/v2\/media?parent=280163"}],"wp:term":[{"taxonomy":"product_brand","embeddable":true,"href":"https:\/\/wpguerssen-test.odoo.rgbconsulting.com\/es\/wp-json\/wp\/v2\/product_brand?post=280163"},{"taxonomy":"product_cat","embeddable":true,"href":"https:\/\/wpguerssen-test.odoo.rgbconsulting.com\/es\/wp-json\/wp\/v2\/product_cat?post=280163"},{"taxonomy":"product_tag","embeddable":true,"href":"https:\/\/wpguerssen-test.odoo.rgbconsulting.com\/es\/wp-json\/wp\/v2\/product_tag?post=280163"}],"curies":[{"name":"wp","href":"https:\/\/api.w.org\/{rel}","templated":true}]}}