{"id":280486,"date":"2025-01-07T00:00:00","date_gmt":"2025-01-06T23:00:00","guid":{"rendered":"https:\/\/wpguerssen-test.odoo.rgbconsulting.com\/product\/bored\/"},"modified":"2025-03-11T13:28:29","modified_gmt":"2025-03-11T12:28:29","slug":"bored","status":"publish","type":"product","link":"https:\/\/wpguerssen-test.odoo.rgbconsulting.com\/es\/producto\/bored\/","title":{"rendered":"Bored"},"content":{"rendered":"<p>La influyente banda de Detroit Destroy All Monsters combin\u00f3 punk, garage y noise rock, su trabajo at\u00edpico influy\u00f3 notablemente en Thurston Moore de Sonic Youth. En el momento de sus primeras grabaciones, el grupo inclu\u00eda miembros de pedigr\u00ed como el guitarrista Ron Asheton de los Stooges y el bajista Mike Davis de MC5, as\u00ed como el baterista Rob King, el vocalista Niagara y una variedad de amigos. Bored es una compilaci\u00f3n imprescindible que re\u00fane sus primeros sencillos de finales de la d\u00e9cada de 1970, incluidos &#8216;You&#8217;re Gonna Die&#8217;, &#8216;Nov 22&#8217; , &#8216;Meet The Creeper&#8217;, &#8216;What Do I Get?&#8217; y la destacada canci\u00f3n principal que inici\u00f3 su ascenso.<\/p>\n","protected":false},"excerpt":{"rendered":"<p>La influyente banda de Detroit Destroy All Monsters combin\u00f3 punk, garage y noise rock, su trabajo at\u00edpico influy\u00f3 notablemente en Thurston Moore de Sonic Youth.<a class=\"read\" href=\"https:\/\/wpguerssen-test.odoo.rgbconsulting.com\/es\/producto\/bored\/\"> (...)<\/a>","protected":false},"featured_media":222774,"template":"","meta":{"_acf_changed":false},"product_brand":[],"product_cat":[23282,21650],"product_tag":[24190],"class_list":{"0":"post-280486","1":"product","2":"type-product","3":"status-publish","4":"has-post-thumbnail","6":"product_cat-garagebeatrnb00now-es","7":"product_cat-punk-es","8":"product_tag-sales-es","9":"pa_artist-destroy-all-monsters","10":"pa_format-lp-es","11":"pa_gender-garagebeatrnb00now-punk","12":"pa_label-trading-places","13":"pa_location-north-america-es","14":"pa_other-filters-vinyl-only-es","16":"first","17":"instock","18":"taxable","19":"shipping-taxable","20":"purchasable","21":"product-type-simple"},"acf":[],"yoast_head":"<!-- This site is optimized with the Yoast SEO plugin v24.9 - https:\/\/yoast.com\/wordpress\/plugins\/seo\/ -->\n<title>DESTROY ALL MONSTERS - Bored -  (LP) | Guerssen<\/title>\n<meta name=\"description\" content=\"Influential Detroit band Destroy All Monsters mashed up punk, garage and noise rock, their atypical work notably influencing Sonic youth&#039;s Thurston Moore. By the time of their first recordings, the group included pedigree members such as guitarist Ron Asheton of the Stooges and bassist Mike Davis of the MC5, as well as drummer Rob King, apoplectic vocalist Niagara, and assorted friends. Bored is a must-have compilation that brings together their early singles from the late 1970s, including &#039;You&#039;re Gonna Die,&#039; &#039;Nov 22&#039;, &#039;Meet The Creeper,&#039; &#039;What Do I Get?&#039; and the outstanding title track that began their acceleration.\" \/>\n<meta name=\"robots\" content=\"index, follow, max-snippet:-1, max-image-preview:large, max-video-preview:-1\" \/>\n<link rel=\"canonical\" href=\"https:\/\/wpguerssen-test.odoo.rgbconsulting.com\/es\/producto\/bored\/\" \/>\n<meta property=\"og:locale\" content=\"es_ES\" \/>\n<meta property=\"og:type\" content=\"article\" \/>\n<meta property=\"og:title\" content=\"DESTROY ALL MONSTERS - Bored -  (LP) | Guerssen\" \/>\n<meta property=\"og:description\" content=\"Influential Detroit band Destroy All Monsters mashed up punk, garage and noise rock, their atypical work notably influencing Sonic youth&#039;s Thurston Moore. By the time of their first recordings, the group included pedigree members such as guitarist Ron Asheton of the Stooges and bassist Mike Davis of the MC5, as well as drummer Rob King, apoplectic vocalist Niagara, and assorted friends. Bored is a must-have compilation that brings together their early singles from the late 1970s, including &#039;You&#039;re Gonna Die,&#039; &#039;Nov 22&#039;, &#039;Meet The Creeper,&#039; &#039;What Do I Get?&#039; and the outstanding title track that began their acceleration.\" \/>\n<meta property=\"og:url\" content=\"https:\/\/wpguerssen-test.odoo.rgbconsulting.com\/es\/producto\/bored\/\" \/>\n<meta property=\"og:site_name\" content=\"Guerssen records\" \/>\n<meta property=\"article:modified_time\" content=\"2025-03-11T12:28:29+00:00\" \/>\n<meta property=\"og:image\" content=\"https:\/\/wpguerssen-test.odoo.rgbconsulting.com\/wp-content\/uploads\/2022\/12\/42393.jpg\" \/>\n\t<meta property=\"og:image:width\" content=\"945\" \/>\n\t<meta property=\"og:image:height\" content=\"945\" \/>\n\t<meta property=\"og:image:type\" content=\"image\/jpeg\" \/>\n<meta name=\"twitter:card\" content=\"summary_large_image\" \/>\n<meta name=\"twitter:title\" content=\"DESTROY ALL MONSTERS - Bored -  (LP) | Guerssen\" \/>\n<meta name=\"twitter:label1\" content=\"Tiempo de lectura\" \/>\n\t<meta name=\"twitter:data1\" content=\"1 minuto\" \/>\n<script type=\"application\/ld+json\" class=\"yoast-schema-graph\">{\"@context\":\"https:\/\/schema.org\",\"@graph\":[{\"@type\":\"WebPage\",\"@id\":\"https:\/\/wpguerssen-test.odoo.rgbconsulting.com\/es\/producto\/bored\/\",\"url\":\"https:\/\/wpguerssen-test.odoo.rgbconsulting.com\/es\/producto\/bored\/\",\"name\":\"DESTROY ALL MONSTERS - Bored - (LP) | Guerssen\",\"isPartOf\":{\"@id\":\"https:\/\/wpguerssen-test.odoo.rgbconsulting.com\/es\/#website\"},\"primaryImageOfPage\":{\"@id\":\"https:\/\/wpguerssen-test.odoo.rgbconsulting.com\/es\/producto\/bored\/#primaryimage\"},\"image\":{\"@id\":\"https:\/\/wpguerssen-test.odoo.rgbconsulting.com\/es\/producto\/bored\/#primaryimage\"},\"thumbnailUrl\":\"https:\/\/wpguerssen-test.odoo.rgbconsulting.com\/wp-content\/uploads\/2022\/12\/42393.jpg\",\"datePublished\":\"2025-01-06T23:00:00+00:00\",\"dateModified\":\"2025-03-11T12:28:29+00:00\",\"description\":\"Influential Detroit band Destroy All Monsters mashed up punk, garage and noise rock, their atypical work notably influencing Sonic youth's Thurston Moore. By the time of their first recordings, the group included pedigree members such as guitarist Ron Asheton of the Stooges and bassist Mike Davis of the MC5, as well as drummer Rob King, apoplectic vocalist Niagara, and assorted friends. Bored is a must-have compilation that brings together their early singles from the late 1970s, including 'You're Gonna Die,' 'Nov 22', 'Meet The Creeper,' 'What Do I Get?' and the outstanding title track that began their acceleration.\",\"breadcrumb\":{\"@id\":\"https:\/\/wpguerssen-test.odoo.rgbconsulting.com\/es\/producto\/bored\/#breadcrumb\"},\"inLanguage\":\"es\",\"potentialAction\":[{\"@type\":\"ReadAction\",\"target\":[\"https:\/\/wpguerssen-test.odoo.rgbconsulting.com\/es\/producto\/bored\/\"]}]},{\"@type\":\"ImageObject\",\"inLanguage\":\"es\",\"@id\":\"https:\/\/wpguerssen-test.odoo.rgbconsulting.com\/es\/producto\/bored\/#primaryimage\",\"url\":\"https:\/\/wpguerssen-test.odoo.rgbconsulting.com\/wp-content\/uploads\/2022\/12\/42393.jpg\",\"contentUrl\":\"https:\/\/wpguerssen-test.odoo.rgbconsulting.com\/wp-content\/uploads\/2022\/12\/42393.jpg\",\"width\":945,\"height\":945},{\"@type\":\"BreadcrumbList\",\"@id\":\"https:\/\/wpguerssen-test.odoo.rgbconsulting.com\/es\/producto\/bored\/#breadcrumb\",\"itemListElement\":[{\"@type\":\"ListItem\",\"position\":1,\"name\":\"Inicio\",\"item\":\"https:\/\/wpguerssen-test.odoo.rgbconsulting.com\/es\/\"},{\"@type\":\"ListItem\",\"position\":2,\"name\":\"Shop\",\"item\":\"https:\/\/wpguerssen-test.odoo.rgbconsulting.com\/shop\/\"},{\"@type\":\"ListItem\",\"position\":3,\"name\":\"Bored\"}]},{\"@type\":\"WebSite\",\"@id\":\"https:\/\/wpguerssen-test.odoo.rgbconsulting.com\/es\/#website\",\"url\":\"https:\/\/wpguerssen-test.odoo.rgbconsulting.com\/es\/\",\"name\":\"Guerssen records\",\"description\":\"psychedelia - progressive - folk - garage \",\"publisher\":{\"@id\":\"https:\/\/wpguerssen-test.odoo.rgbconsulting.com\/es\/#organization\"},\"potentialAction\":[{\"@type\":\"SearchAction\",\"target\":{\"@type\":\"EntryPoint\",\"urlTemplate\":\"https:\/\/wpguerssen-test.odoo.rgbconsulting.com\/es\/?s={search_term_string}\"},\"query-input\":{\"@type\":\"PropertyValueSpecification\",\"valueRequired\":true,\"valueName\":\"search_term_string\"}}],\"inLanguage\":\"es\"},{\"@type\":\"Organization\",\"@id\":\"https:\/\/wpguerssen-test.odoo.rgbconsulting.com\/es\/#organization\",\"name\":\"Guerssen records\",\"url\":\"https:\/\/wpguerssen-test.odoo.rgbconsulting.com\/es\/\",\"logo\":{\"@type\":\"ImageObject\",\"inLanguage\":\"es\",\"@id\":\"https:\/\/wpguerssen-test.odoo.rgbconsulting.com\/es\/#\/schema\/logo\/image\/\",\"url\":\"https:\/\/wpguerssen-test.odoo.rgbconsulting.com\/wp-content\/uploads\/2022\/04\/Logo_Guerssen_trans_100.png\",\"contentUrl\":\"https:\/\/wpguerssen-test.odoo.rgbconsulting.com\/wp-content\/uploads\/2022\/04\/Logo_Guerssen_trans_100.png\",\"width\":122,\"height\":100,\"caption\":\"Guerssen records\"},\"image\":{\"@id\":\"https:\/\/wpguerssen-test.odoo.rgbconsulting.com\/es\/#\/schema\/logo\/image\/\"}}]}<\/script>\n<!-- \/ Yoast SEO plugin. -->","yoast_head_json":{"title":"DESTROY ALL MONSTERS - Bored -  (LP) | Guerssen","description":"Influential Detroit band Destroy All Monsters mashed up punk, garage and noise rock, their atypical work notably influencing Sonic youth's Thurston Moore. By the time of their first recordings, the group included pedigree members such as guitarist Ron Asheton of the Stooges and bassist Mike Davis of the MC5, as well as drummer Rob King, apoplectic vocalist Niagara, and assorted friends. Bored is a must-have compilation that brings together their early singles from the late 1970s, including 'You're Gonna Die,' 'Nov 22', 'Meet The Creeper,' 'What Do I Get?' and the outstanding title track that began their acceleration.","robots":{"index":"index","follow":"follow","max-snippet":"max-snippet:-1","max-image-preview":"max-image-preview:large","max-video-preview":"max-video-preview:-1"},"canonical":"https:\/\/wpguerssen-test.odoo.rgbconsulting.com\/es\/producto\/bored\/","og_locale":"es_ES","og_type":"article","og_title":"DESTROY ALL MONSTERS - Bored -  (LP) | Guerssen","og_description":"Influential Detroit band Destroy All Monsters mashed up punk, garage and noise rock, their atypical work notably influencing Sonic youth's Thurston Moore. By the time of their first recordings, the group included pedigree members such as guitarist Ron Asheton of the Stooges and bassist Mike Davis of the MC5, as well as drummer Rob King, apoplectic vocalist Niagara, and assorted friends. Bored is a must-have compilation that brings together their early singles from the late 1970s, including 'You're Gonna Die,' 'Nov 22', 'Meet The Creeper,' 'What Do I Get?' and the outstanding title track that began their acceleration.","og_url":"https:\/\/wpguerssen-test.odoo.rgbconsulting.com\/es\/producto\/bored\/","og_site_name":"Guerssen records","article_modified_time":"2025-03-11T12:28:29+00:00","og_image":[{"width":945,"height":945,"url":"https:\/\/wpguerssen-test.odoo.rgbconsulting.com\/wp-content\/uploads\/2022\/12\/42393.jpg","type":"image\/jpeg"}],"twitter_card":"summary_large_image","twitter_title":"DESTROY ALL MONSTERS - Bored -  (LP) | Guerssen","twitter_misc":{"Tiempo de lectura":"1 minuto"},"schema":{"@context":"https:\/\/schema.org","@graph":[{"@type":"WebPage","@id":"https:\/\/wpguerssen-test.odoo.rgbconsulting.com\/es\/producto\/bored\/","url":"https:\/\/wpguerssen-test.odoo.rgbconsulting.com\/es\/producto\/bored\/","name":"DESTROY ALL MONSTERS - Bored - (LP) | Guerssen","isPartOf":{"@id":"https:\/\/wpguerssen-test.odoo.rgbconsulting.com\/es\/#website"},"primaryImageOfPage":{"@id":"https:\/\/wpguerssen-test.odoo.rgbconsulting.com\/es\/producto\/bored\/#primaryimage"},"image":{"@id":"https:\/\/wpguerssen-test.odoo.rgbconsulting.com\/es\/producto\/bored\/#primaryimage"},"thumbnailUrl":"https:\/\/wpguerssen-test.odoo.rgbconsulting.com\/wp-content\/uploads\/2022\/12\/42393.jpg","datePublished":"2025-01-06T23:00:00+00:00","dateModified":"2025-03-11T12:28:29+00:00","description":"Influential Detroit band Destroy All Monsters mashed up punk, garage and noise rock, their atypical work notably influencing Sonic youth's Thurston Moore. By the time of their first recordings, the group included pedigree members such as guitarist Ron Asheton of the Stooges and bassist Mike Davis of the MC5, as well as drummer Rob King, apoplectic vocalist Niagara, and assorted friends. Bored is a must-have compilation that brings together their early singles from the late 1970s, including 'You're Gonna Die,' 'Nov 22', 'Meet The Creeper,' 'What Do I Get?' and the outstanding title track that began their acceleration.","breadcrumb":{"@id":"https:\/\/wpguerssen-test.odoo.rgbconsulting.com\/es\/producto\/bored\/#breadcrumb"},"inLanguage":"es","potentialAction":[{"@type":"ReadAction","target":["https:\/\/wpguerssen-test.odoo.rgbconsulting.com\/es\/producto\/bored\/"]}]},{"@type":"ImageObject","inLanguage":"es","@id":"https:\/\/wpguerssen-test.odoo.rgbconsulting.com\/es\/producto\/bored\/#primaryimage","url":"https:\/\/wpguerssen-test.odoo.rgbconsulting.com\/wp-content\/uploads\/2022\/12\/42393.jpg","contentUrl":"https:\/\/wpguerssen-test.odoo.rgbconsulting.com\/wp-content\/uploads\/2022\/12\/42393.jpg","width":945,"height":945},{"@type":"BreadcrumbList","@id":"https:\/\/wpguerssen-test.odoo.rgbconsulting.com\/es\/producto\/bored\/#breadcrumb","itemListElement":[{"@type":"ListItem","position":1,"name":"Inicio","item":"https:\/\/wpguerssen-test.odoo.rgbconsulting.com\/es\/"},{"@type":"ListItem","position":2,"name":"Shop","item":"https:\/\/wpguerssen-test.odoo.rgbconsulting.com\/shop\/"},{"@type":"ListItem","position":3,"name":"Bored"}]},{"@type":"WebSite","@id":"https:\/\/wpguerssen-test.odoo.rgbconsulting.com\/es\/#website","url":"https:\/\/wpguerssen-test.odoo.rgbconsulting.com\/es\/","name":"Guerssen records","description":"psychedelia - progressive - folk - garage ","publisher":{"@id":"https:\/\/wpguerssen-test.odoo.rgbconsulting.com\/es\/#organization"},"potentialAction":[{"@type":"SearchAction","target":{"@type":"EntryPoint","urlTemplate":"https:\/\/wpguerssen-test.odoo.rgbconsulting.com\/es\/?s={search_term_string}"},"query-input":{"@type":"PropertyValueSpecification","valueRequired":true,"valueName":"search_term_string"}}],"inLanguage":"es"},{"@type":"Organization","@id":"https:\/\/wpguerssen-test.odoo.rgbconsulting.com\/es\/#organization","name":"Guerssen records","url":"https:\/\/wpguerssen-test.odoo.rgbconsulting.com\/es\/","logo":{"@type":"ImageObject","inLanguage":"es","@id":"https:\/\/wpguerssen-test.odoo.rgbconsulting.com\/es\/#\/schema\/logo\/image\/","url":"https:\/\/wpguerssen-test.odoo.rgbconsulting.com\/wp-content\/uploads\/2022\/04\/Logo_Guerssen_trans_100.png","contentUrl":"https:\/\/wpguerssen-test.odoo.rgbconsulting.com\/wp-content\/uploads\/2022\/04\/Logo_Guerssen_trans_100.png","width":122,"height":100,"caption":"Guerssen records"},"image":{"@id":"https:\/\/wpguerssen-test.odoo.rgbconsulting.com\/es\/#\/schema\/logo\/image\/"}}]}},"_links":{"self":[{"href":"https:\/\/wpguerssen-test.odoo.rgbconsulting.com\/es\/wp-json\/wp\/v2\/product\/280486","targetHints":{"allow":["GET"]}}],"collection":[{"href":"https:\/\/wpguerssen-test.odoo.rgbconsulting.com\/es\/wp-json\/wp\/v2\/product"}],"about":[{"href":"https:\/\/wpguerssen-test.odoo.rgbconsulting.com\/es\/wp-json\/wp\/v2\/types\/product"}],"wp:featuredmedia":[{"embeddable":true,"href":"https:\/\/wpguerssen-test.odoo.rgbconsulting.com\/es\/wp-json\/wp\/v2\/media\/222774"}],"wp:attachment":[{"href":"https:\/\/wpguerssen-test.odoo.rgbconsulting.com\/es\/wp-json\/wp\/v2\/media?parent=280486"}],"wp:term":[{"taxonomy":"product_brand","embeddable":true,"href":"https:\/\/wpguerssen-test.odoo.rgbconsulting.com\/es\/wp-json\/wp\/v2\/product_brand?post=280486"},{"taxonomy":"product_cat","embeddable":true,"href":"https:\/\/wpguerssen-test.odoo.rgbconsulting.com\/es\/wp-json\/wp\/v2\/product_cat?post=280486"},{"taxonomy":"product_tag","embeddable":true,"href":"https:\/\/wpguerssen-test.odoo.rgbconsulting.com\/es\/wp-json\/wp\/v2\/product_tag?post=280486"}],"curies":[{"name":"wp","href":"https:\/\/api.w.org\/{rel}","templated":true}]}}