{"id":280496,"date":"2025-01-27T00:00:00","date_gmt":"2025-01-26T23:00:00","guid":{"rendered":"https:\/\/wpguerssen-test.odoo.rgbconsulting.com\/product\/you-must-believe-in-spring-bluedoublemint\/"},"modified":"2025-04-01T17:48:18","modified_gmt":"2025-04-01T15:48:18","slug":"you-must-believe-in-spring-bluedoublemint","status":"publish","type":"product","link":"https:\/\/wpguerssen-test.odoo.rgbconsulting.com\/es\/producto\/you-must-believe-in-spring-bluedoublemint\/","title":{"rendered":"You Must believe In Spring (Blue&#038;Doublemint)"},"content":{"rendered":"<p>Reedici\u00f3n que incluye 2 temas extra. You Must Believe in Spring fue grabado con el bajista Eddie G\u00f3mez y el baterista Eliot Zigmund en agosto de 1977 y lanzado en febrero de 1981, poco despu\u00e9s de la muerte de Evans en septiembre de 1980. A diferencia de la mayor\u00eda de los lanzamientos p\u00f3stumos de las grabaciones del pianista, este material hab\u00eda sido autorizado por Evans para su lanzamiento. Se ha descrito acertadamente como \u00abuna de las grabaciones m\u00e1s queridas de Bill Evans y presenta posiblemente el audio con mejor sonido de cualquier \u00e1lbum que haya hecho\u00bb. Fue el primer \u00e1lbum de Evans para su nuevo sello, Warner Brothers, pero tambi\u00e9n fue el \u00faltimo con su bajista de toda la vida G\u00f3mez, quien se fue para perseguir otros proyectos musicales.<\/p>\n","protected":false},"excerpt":{"rendered":"<p>Reedici\u00f3n que incluye 2 temas extra. You Must Believe in Spring fue grabado con el bajista Eddie G\u00f3mez y el baterista Eliot Zigmund en agosto de 1977 y lanzado en<a class=\"read\" href=\"https:\/\/wpguerssen-test.odoo.rgbconsulting.com\/es\/producto\/you-must-believe-in-spring-bluedoublemint\/\"> (...)<\/a>","protected":false},"featured_media":280417,"template":"","meta":{"_acf_changed":false},"product_brand":[],"product_cat":[23227],"product_tag":[29140,24189],"class_list":{"0":"post-280496","1":"product","2":"type-product","3":"status-publish","4":"has-post-thumbnail","6":"product_cat-jazz-es","7":"product_tag-color-vinyl-es","8":"product_tag-recien-llegadas","9":"pa_artist-evans-bill","10":"pa_format-2lp-es","11":"pa_gender-jazz","12":"pa_label-klimt","13":"pa_location-north-america-es","14":"pa_other-filters-vinyl-only-es","16":"first","17":"instock","18":"taxable","19":"shipping-taxable","20":"purchasable","21":"product-type-simple"},"acf":[],"yoast_head":"<!-- This site is optimized with the Yoast SEO plugin v24.9 - https:\/\/yoast.com\/wordpress\/plugins\/seo\/ -->\n<title>EVANS, Bill - You Must believe In Spring (Blue&amp;Doublemint) -  (2LP) | Guerssen<\/title>\n<meta name=\"description\" content=\"Reissue including 2 bonus tracks ! You Must Believe in Spring has been recorded with bassist Eddie G\u00f3mez and drummer Eliot Zigmund in August 1977 and released in February 1981, shortly after Evans&#039;s death in September 1980. Unlike most posthumous releases of the pianist&#039;s recordings, this material had been authorized by Evans for release. It has aptly been described as &quot;one of Bill Evans&#039; most beloved recordings and features possibly the best-sounding audio of any album he ever did.&quot; It was Evans&#039;s first album for his new label, Warner Brothers, but it was also the last one with his longtime bassist G\u00f3mez, who left to pursue other musical projects.\" \/>\n<meta name=\"robots\" content=\"index, follow, max-snippet:-1, max-image-preview:large, max-video-preview:-1\" \/>\n<link rel=\"canonical\" href=\"https:\/\/wpguerssen-test.odoo.rgbconsulting.com\/es\/producto\/you-must-believe-in-spring-bluedoublemint\/\" \/>\n<meta property=\"og:locale\" content=\"es_ES\" \/>\n<meta property=\"og:type\" content=\"article\" \/>\n<meta property=\"og:title\" content=\"EVANS, Bill - You Must believe In Spring (Blue&amp;Doublemint) -  (2LP) | Guerssen\" \/>\n<meta property=\"og:description\" content=\"Reissue including 2 bonus tracks ! You Must Believe in Spring has been recorded with bassist Eddie G\u00f3mez and drummer Eliot Zigmund in August 1977 and released in February 1981, shortly after Evans&#039;s death in September 1980. Unlike most posthumous releases of the pianist&#039;s recordings, this material had been authorized by Evans for release. It has aptly been described as &quot;one of Bill Evans&#039; most beloved recordings and features possibly the best-sounding audio of any album he ever did.&quot; It was Evans&#039;s first album for his new label, Warner Brothers, but it was also the last one with his longtime bassist G\u00f3mez, who left to pursue other musical projects.\" \/>\n<meta property=\"og:url\" content=\"https:\/\/wpguerssen-test.odoo.rgbconsulting.com\/es\/producto\/you-must-believe-in-spring-bluedoublemint\/\" \/>\n<meta property=\"og:site_name\" content=\"Guerssen records\" \/>\n<meta property=\"article:modified_time\" content=\"2025-04-01T15:48:18+00:00\" \/>\n<meta property=\"og:image\" content=\"https:\/\/wpguerssen-test.odoo.rgbconsulting.com\/wp-content\/uploads\/2024\/12\/49446.jpg\" \/>\n\t<meta property=\"og:image:width\" content=\"945\" \/>\n\t<meta property=\"og:image:height\" content=\"945\" \/>\n\t<meta property=\"og:image:type\" content=\"image\/jpeg\" \/>\n<meta name=\"twitter:card\" content=\"summary_large_image\" \/>\n<meta name=\"twitter:title\" content=\"EVANS, Bill - You Must believe In Spring (Blue&amp;Doublemint) -  (2LP) | Guerssen\" \/>\n<meta name=\"twitter:label1\" content=\"Tiempo de lectura\" \/>\n\t<meta name=\"twitter:data1\" content=\"1 minuto\" \/>\n<script type=\"application\/ld+json\" class=\"yoast-schema-graph\">{\"@context\":\"https:\/\/schema.org\",\"@graph\":[{\"@type\":\"WebPage\",\"@id\":\"https:\/\/wpguerssen-test.odoo.rgbconsulting.com\/es\/producto\/you-must-believe-in-spring-bluedoublemint\/\",\"url\":\"https:\/\/wpguerssen-test.odoo.rgbconsulting.com\/es\/producto\/you-must-believe-in-spring-bluedoublemint\/\",\"name\":\"EVANS, Bill - You Must believe In Spring (Blue&Doublemint) - (2LP) | Guerssen\",\"isPartOf\":{\"@id\":\"https:\/\/wpguerssen-test.odoo.rgbconsulting.com\/es\/#website\"},\"primaryImageOfPage\":{\"@id\":\"https:\/\/wpguerssen-test.odoo.rgbconsulting.com\/es\/producto\/you-must-believe-in-spring-bluedoublemint\/#primaryimage\"},\"image\":{\"@id\":\"https:\/\/wpguerssen-test.odoo.rgbconsulting.com\/es\/producto\/you-must-believe-in-spring-bluedoublemint\/#primaryimage\"},\"thumbnailUrl\":\"https:\/\/wpguerssen-test.odoo.rgbconsulting.com\/wp-content\/uploads\/2024\/12\/49446.jpg\",\"datePublished\":\"2025-01-26T23:00:00+00:00\",\"dateModified\":\"2025-04-01T15:48:18+00:00\",\"description\":\"Reissue including 2 bonus tracks ! You Must Believe in Spring has been recorded with bassist Eddie G\u00f3mez and drummer Eliot Zigmund in August 1977 and released in February 1981, shortly after Evans's death in September 1980. Unlike most posthumous releases of the pianist's recordings, this material had been authorized by Evans for release. It has aptly been described as \\\"one of Bill Evans' most beloved recordings and features possibly the best-sounding audio of any album he ever did.\\\" It was Evans's first album for his new label, Warner Brothers, but it was also the last one with his longtime bassist G\u00f3mez, who left to pursue other musical projects.\",\"breadcrumb\":{\"@id\":\"https:\/\/wpguerssen-test.odoo.rgbconsulting.com\/es\/producto\/you-must-believe-in-spring-bluedoublemint\/#breadcrumb\"},\"inLanguage\":\"es\",\"potentialAction\":[{\"@type\":\"ReadAction\",\"target\":[\"https:\/\/wpguerssen-test.odoo.rgbconsulting.com\/es\/producto\/you-must-believe-in-spring-bluedoublemint\/\"]}]},{\"@type\":\"ImageObject\",\"inLanguage\":\"es\",\"@id\":\"https:\/\/wpguerssen-test.odoo.rgbconsulting.com\/es\/producto\/you-must-believe-in-spring-bluedoublemint\/#primaryimage\",\"url\":\"https:\/\/wpguerssen-test.odoo.rgbconsulting.com\/wp-content\/uploads\/2024\/12\/49446.jpg\",\"contentUrl\":\"https:\/\/wpguerssen-test.odoo.rgbconsulting.com\/wp-content\/uploads\/2024\/12\/49446.jpg\",\"width\":945,\"height\":945,\"caption\":\"Bill - You Must believe In Spring (Blue&Doublemint) - KLIMT (2LP) | Guerssen\"},{\"@type\":\"BreadcrumbList\",\"@id\":\"https:\/\/wpguerssen-test.odoo.rgbconsulting.com\/es\/producto\/you-must-believe-in-spring-bluedoublemint\/#breadcrumb\",\"itemListElement\":[{\"@type\":\"ListItem\",\"position\":1,\"name\":\"Inicio\",\"item\":\"https:\/\/wpguerssen-test.odoo.rgbconsulting.com\/es\/\"},{\"@type\":\"ListItem\",\"position\":2,\"name\":\"Shop\",\"item\":\"https:\/\/wpguerssen-test.odoo.rgbconsulting.com\/shop\/\"},{\"@type\":\"ListItem\",\"position\":3,\"name\":\"You Must believe In Spring (Blue&#038;Doublemint)\"}]},{\"@type\":\"WebSite\",\"@id\":\"https:\/\/wpguerssen-test.odoo.rgbconsulting.com\/es\/#website\",\"url\":\"https:\/\/wpguerssen-test.odoo.rgbconsulting.com\/es\/\",\"name\":\"Guerssen records\",\"description\":\"psychedelia - progressive - folk - garage \",\"publisher\":{\"@id\":\"https:\/\/wpguerssen-test.odoo.rgbconsulting.com\/es\/#organization\"},\"potentialAction\":[{\"@type\":\"SearchAction\",\"target\":{\"@type\":\"EntryPoint\",\"urlTemplate\":\"https:\/\/wpguerssen-test.odoo.rgbconsulting.com\/es\/?s={search_term_string}\"},\"query-input\":{\"@type\":\"PropertyValueSpecification\",\"valueRequired\":true,\"valueName\":\"search_term_string\"}}],\"inLanguage\":\"es\"},{\"@type\":\"Organization\",\"@id\":\"https:\/\/wpguerssen-test.odoo.rgbconsulting.com\/es\/#organization\",\"name\":\"Guerssen records\",\"url\":\"https:\/\/wpguerssen-test.odoo.rgbconsulting.com\/es\/\",\"logo\":{\"@type\":\"ImageObject\",\"inLanguage\":\"es\",\"@id\":\"https:\/\/wpguerssen-test.odoo.rgbconsulting.com\/es\/#\/schema\/logo\/image\/\",\"url\":\"https:\/\/wpguerssen-test.odoo.rgbconsulting.com\/wp-content\/uploads\/2022\/04\/Logo_Guerssen_trans_100.png\",\"contentUrl\":\"https:\/\/wpguerssen-test.odoo.rgbconsulting.com\/wp-content\/uploads\/2022\/04\/Logo_Guerssen_trans_100.png\",\"width\":122,\"height\":100,\"caption\":\"Guerssen records\"},\"image\":{\"@id\":\"https:\/\/wpguerssen-test.odoo.rgbconsulting.com\/es\/#\/schema\/logo\/image\/\"}}]}<\/script>\n<!-- \/ Yoast SEO plugin. -->","yoast_head_json":{"title":"EVANS, Bill - You Must believe In Spring (Blue&Doublemint) -  (2LP) | Guerssen","description":"Reissue including 2 bonus tracks ! You Must Believe in Spring has been recorded with bassist Eddie G\u00f3mez and drummer Eliot Zigmund in August 1977 and released in February 1981, shortly after Evans's death in September 1980. Unlike most posthumous releases of the pianist's recordings, this material had been authorized by Evans for release. It has aptly been described as \"one of Bill Evans' most beloved recordings and features possibly the best-sounding audio of any album he ever did.\" It was Evans's first album for his new label, Warner Brothers, but it was also the last one with his longtime bassist G\u00f3mez, who left to pursue other musical projects.","robots":{"index":"index","follow":"follow","max-snippet":"max-snippet:-1","max-image-preview":"max-image-preview:large","max-video-preview":"max-video-preview:-1"},"canonical":"https:\/\/wpguerssen-test.odoo.rgbconsulting.com\/es\/producto\/you-must-believe-in-spring-bluedoublemint\/","og_locale":"es_ES","og_type":"article","og_title":"EVANS, Bill - You Must believe In Spring (Blue&Doublemint) -  (2LP) | Guerssen","og_description":"Reissue including 2 bonus tracks ! You Must Believe in Spring has been recorded with bassist Eddie G\u00f3mez and drummer Eliot Zigmund in August 1977 and released in February 1981, shortly after Evans's death in September 1980. Unlike most posthumous releases of the pianist's recordings, this material had been authorized by Evans for release. It has aptly been described as \"one of Bill Evans' most beloved recordings and features possibly the best-sounding audio of any album he ever did.\" It was Evans's first album for his new label, Warner Brothers, but it was also the last one with his longtime bassist G\u00f3mez, who left to pursue other musical projects.","og_url":"https:\/\/wpguerssen-test.odoo.rgbconsulting.com\/es\/producto\/you-must-believe-in-spring-bluedoublemint\/","og_site_name":"Guerssen records","article_modified_time":"2025-04-01T15:48:18+00:00","og_image":[{"width":945,"height":945,"url":"https:\/\/wpguerssen-test.odoo.rgbconsulting.com\/wp-content\/uploads\/2024\/12\/49446.jpg","type":"image\/jpeg"}],"twitter_card":"summary_large_image","twitter_title":"EVANS, Bill - You Must believe In Spring (Blue&Doublemint) -  (2LP) | Guerssen","twitter_misc":{"Tiempo de lectura":"1 minuto"},"schema":{"@context":"https:\/\/schema.org","@graph":[{"@type":"WebPage","@id":"https:\/\/wpguerssen-test.odoo.rgbconsulting.com\/es\/producto\/you-must-believe-in-spring-bluedoublemint\/","url":"https:\/\/wpguerssen-test.odoo.rgbconsulting.com\/es\/producto\/you-must-believe-in-spring-bluedoublemint\/","name":"EVANS, Bill - You Must believe In Spring (Blue&Doublemint) - (2LP) | Guerssen","isPartOf":{"@id":"https:\/\/wpguerssen-test.odoo.rgbconsulting.com\/es\/#website"},"primaryImageOfPage":{"@id":"https:\/\/wpguerssen-test.odoo.rgbconsulting.com\/es\/producto\/you-must-believe-in-spring-bluedoublemint\/#primaryimage"},"image":{"@id":"https:\/\/wpguerssen-test.odoo.rgbconsulting.com\/es\/producto\/you-must-believe-in-spring-bluedoublemint\/#primaryimage"},"thumbnailUrl":"https:\/\/wpguerssen-test.odoo.rgbconsulting.com\/wp-content\/uploads\/2024\/12\/49446.jpg","datePublished":"2025-01-26T23:00:00+00:00","dateModified":"2025-04-01T15:48:18+00:00","description":"Reissue including 2 bonus tracks ! You Must Believe in Spring has been recorded with bassist Eddie G\u00f3mez and drummer Eliot Zigmund in August 1977 and released in February 1981, shortly after Evans's death in September 1980. Unlike most posthumous releases of the pianist's recordings, this material had been authorized by Evans for release. It has aptly been described as \"one of Bill Evans' most beloved recordings and features possibly the best-sounding audio of any album he ever did.\" It was Evans's first album for his new label, Warner Brothers, but it was also the last one with his longtime bassist G\u00f3mez, who left to pursue other musical projects.","breadcrumb":{"@id":"https:\/\/wpguerssen-test.odoo.rgbconsulting.com\/es\/producto\/you-must-believe-in-spring-bluedoublemint\/#breadcrumb"},"inLanguage":"es","potentialAction":[{"@type":"ReadAction","target":["https:\/\/wpguerssen-test.odoo.rgbconsulting.com\/es\/producto\/you-must-believe-in-spring-bluedoublemint\/"]}]},{"@type":"ImageObject","inLanguage":"es","@id":"https:\/\/wpguerssen-test.odoo.rgbconsulting.com\/es\/producto\/you-must-believe-in-spring-bluedoublemint\/#primaryimage","url":"https:\/\/wpguerssen-test.odoo.rgbconsulting.com\/wp-content\/uploads\/2024\/12\/49446.jpg","contentUrl":"https:\/\/wpguerssen-test.odoo.rgbconsulting.com\/wp-content\/uploads\/2024\/12\/49446.jpg","width":945,"height":945,"caption":"Bill - You Must believe In Spring (Blue&Doublemint) - KLIMT (2LP) | Guerssen"},{"@type":"BreadcrumbList","@id":"https:\/\/wpguerssen-test.odoo.rgbconsulting.com\/es\/producto\/you-must-believe-in-spring-bluedoublemint\/#breadcrumb","itemListElement":[{"@type":"ListItem","position":1,"name":"Inicio","item":"https:\/\/wpguerssen-test.odoo.rgbconsulting.com\/es\/"},{"@type":"ListItem","position":2,"name":"Shop","item":"https:\/\/wpguerssen-test.odoo.rgbconsulting.com\/shop\/"},{"@type":"ListItem","position":3,"name":"You Must believe In Spring (Blue&#038;Doublemint)"}]},{"@type":"WebSite","@id":"https:\/\/wpguerssen-test.odoo.rgbconsulting.com\/es\/#website","url":"https:\/\/wpguerssen-test.odoo.rgbconsulting.com\/es\/","name":"Guerssen records","description":"psychedelia - progressive - folk - garage ","publisher":{"@id":"https:\/\/wpguerssen-test.odoo.rgbconsulting.com\/es\/#organization"},"potentialAction":[{"@type":"SearchAction","target":{"@type":"EntryPoint","urlTemplate":"https:\/\/wpguerssen-test.odoo.rgbconsulting.com\/es\/?s={search_term_string}"},"query-input":{"@type":"PropertyValueSpecification","valueRequired":true,"valueName":"search_term_string"}}],"inLanguage":"es"},{"@type":"Organization","@id":"https:\/\/wpguerssen-test.odoo.rgbconsulting.com\/es\/#organization","name":"Guerssen records","url":"https:\/\/wpguerssen-test.odoo.rgbconsulting.com\/es\/","logo":{"@type":"ImageObject","inLanguage":"es","@id":"https:\/\/wpguerssen-test.odoo.rgbconsulting.com\/es\/#\/schema\/logo\/image\/","url":"https:\/\/wpguerssen-test.odoo.rgbconsulting.com\/wp-content\/uploads\/2022\/04\/Logo_Guerssen_trans_100.png","contentUrl":"https:\/\/wpguerssen-test.odoo.rgbconsulting.com\/wp-content\/uploads\/2022\/04\/Logo_Guerssen_trans_100.png","width":122,"height":100,"caption":"Guerssen records"},"image":{"@id":"https:\/\/wpguerssen-test.odoo.rgbconsulting.com\/es\/#\/schema\/logo\/image\/"}}]}},"_links":{"self":[{"href":"https:\/\/wpguerssen-test.odoo.rgbconsulting.com\/es\/wp-json\/wp\/v2\/product\/280496","targetHints":{"allow":["GET"]}}],"collection":[{"href":"https:\/\/wpguerssen-test.odoo.rgbconsulting.com\/es\/wp-json\/wp\/v2\/product"}],"about":[{"href":"https:\/\/wpguerssen-test.odoo.rgbconsulting.com\/es\/wp-json\/wp\/v2\/types\/product"}],"wp:featuredmedia":[{"embeddable":true,"href":"https:\/\/wpguerssen-test.odoo.rgbconsulting.com\/es\/wp-json\/wp\/v2\/media\/280417"}],"wp:attachment":[{"href":"https:\/\/wpguerssen-test.odoo.rgbconsulting.com\/es\/wp-json\/wp\/v2\/media?parent=280496"}],"wp:term":[{"taxonomy":"product_brand","embeddable":true,"href":"https:\/\/wpguerssen-test.odoo.rgbconsulting.com\/es\/wp-json\/wp\/v2\/product_brand?post=280496"},{"taxonomy":"product_cat","embeddable":true,"href":"https:\/\/wpguerssen-test.odoo.rgbconsulting.com\/es\/wp-json\/wp\/v2\/product_cat?post=280496"},{"taxonomy":"product_tag","embeddable":true,"href":"https:\/\/wpguerssen-test.odoo.rgbconsulting.com\/es\/wp-json\/wp\/v2\/product_tag?post=280496"}],"curies":[{"name":"wp","href":"https:\/\/api.w.org\/{rel}","templated":true}]}}