{"id":280497,"date":"2025-02-11T00:00:00","date_gmt":"2025-02-10T23:00:00","guid":{"rendered":"https:\/\/wpguerssen-test.odoo.rgbconsulting.com\/product\/topi-o-uomini-clear-red\/"},"modified":"2025-04-22T15:58:17","modified_gmt":"2025-04-22T13:58:17","slug":"topi-o-uomini-clear-red","status":"publish","type":"product","link":"https:\/\/wpguerssen-test.odoo.rgbconsulting.com\/es\/producto\/topi-o-uomini-clear-red\/","title":{"rendered":"Topi O Uomini (Clear Red)"},"content":{"rendered":"<p>Los sicilianos Flea debutaron en 1971 bajo el nombre de Flea on the Honey con un \u00e1lbum fuertemente inspirado en la escena pop-psych brit\u00e1nica. La formaci\u00f3n de la banda incluye a los dos hermanos Agostino (bater\u00eda) y Antonio Marangolo (voz y teclados), Carlo Pennisi (guitarra, voz) &#8211; todos ellos se unir\u00edan m\u00e1s tarde a los legendarios maestros de la m\u00fasica de terror Goblin! &#8211; y Elio Volpini (bajo, voz, saxof\u00f3n), que entonces tocaba en L&#8217;Uovo di Colombo.<br \/>Si el \u00e1lbum de debut puede considerarse al menos en parte crudo y derivado, aunque bien producido y estructurado, con \u00abTopi o Uomini\u00bb Flea da rienda suelta a su creatividad en un hermoso \u00e1lbum, que se abre con la canci\u00f3n que da t\u00edtulo al disco, de veinte minutos de duraci\u00f3n, una canci\u00f3n caracterizada por una robustez y consistencia sorprendentes, que cruza territorios de hard rock, blues y psicodelia con notable suavidad. La inventiva del cuarteto llega a\u00fan m\u00e1s lejos en la segunda cara del disco, especialmente con el tema \u00abSono un pesce\u00bb (Soy un pez), caracterizado por atm\u00f3sferas ac\u00fasticas de ensue\u00f1o mezcladas con improvisaciones con tintes jazz\u00edsticos.<br \/>Un \u00e1lbum \u00fanico e irrepetible, reeditado en vinilo rojo transparente con reproducci\u00f3n fiel del artwork original.<\/p>\n","protected":false},"excerpt":{"rendered":"<p>Los sicilianos Flea debutaron en 1971 bajo el nombre de Flea on the Honey con un \u00e1lbum fuertemente inspirado en la escena pop-psych brit\u00e1nica. La formaci\u00f3n de la<a class=\"read\" href=\"https:\/\/wpguerssen-test.odoo.rgbconsulting.com\/es\/producto\/topi-o-uomini-clear-red\/\"> (...)<\/a>","protected":false},"featured_media":280420,"template":"","meta":{"_acf_changed":false},"product_brand":[],"product_cat":[23215],"product_tag":[29140,24189],"class_list":{"0":"post-280497","1":"product","2":"type-product","3":"status-publish","4":"has-post-thumbnail","6":"product_cat-progressive60s-70s-es","7":"product_tag-color-vinyl-es","8":"product_tag-recien-llegadas","9":"pa_artist-flea-es","10":"pa_format-lp-es","11":"pa_gender-progressive60s-70s","12":"pa_label-vinyl-magic","13":"pa_location-europe-es","14":"pa_other-filters-vinyl-only-es","16":"first","17":"instock","18":"taxable","19":"shipping-taxable","20":"purchasable","21":"product-type-simple"},"acf":[],"yoast_head":"<!-- This site is optimized with the Yoast SEO plugin v24.9 - https:\/\/yoast.com\/wordpress\/plugins\/seo\/ -->\n<title>FLEA - Topi O Uomini (Clear Red) -  (LP) | Guerssen<\/title>\n<meta name=\"description\" content=\"The Sicilians Flea debuted in 1971 under the name Flea on the Honey with an album strongly inspired by the British pop-psych scene. The band&#039;s line-up includes the two brothers Agostino (drums) and Antonio Marangolo (vocals and keyboards), Carlo Pennisi (guitar, vocals) - all of them would later join the legendary horror score masters Goblin! - and Elio Volpini (bass, vocals, saxophone), who then played in L&#039;Uovo di Colombo.If the debut album can be considered at least partly raw and derivative, albeit well produced and structured, with &quot;Topi o Uomini&quot; Flea unleash their creativity in a beautiful album, which opens with the twenty-minute title-track, a song characterized by stunning robustness and consistency, that crosses over hard rock, blues and psychedelic territories with remarkable smoothness. The quartet&#039;s inventiveness goes even further on the second side of the record, especially with the track &quot;Sono un pesce&quot; (I am a fish), distinguished by dreamy acoustic atmospheres mixed with jazz-tinged improvisations.A unique and unrepeatable album, reissued on transparent red vinyl with faithful reproduction of the original artwork.\" \/>\n<meta name=\"robots\" content=\"index, follow, max-snippet:-1, max-image-preview:large, max-video-preview:-1\" \/>\n<link rel=\"canonical\" href=\"https:\/\/wpguerssen-test.odoo.rgbconsulting.com\/es\/producto\/topi-o-uomini-clear-red\/\" \/>\n<meta property=\"og:locale\" content=\"es_ES\" \/>\n<meta property=\"og:type\" content=\"article\" \/>\n<meta property=\"og:title\" content=\"FLEA - Topi O Uomini (Clear Red) -  (LP) | Guerssen\" \/>\n<meta property=\"og:description\" content=\"The Sicilians Flea debuted in 1971 under the name Flea on the Honey with an album strongly inspired by the British pop-psych scene. The band&#039;s line-up includes the two brothers Agostino (drums) and Antonio Marangolo (vocals and keyboards), Carlo Pennisi (guitar, vocals) - all of them would later join the legendary horror score masters Goblin! - and Elio Volpini (bass, vocals, saxophone), who then played in L&#039;Uovo di Colombo.If the debut album can be considered at least partly raw and derivative, albeit well produced and structured, with &quot;Topi o Uomini&quot; Flea unleash their creativity in a beautiful album, which opens with the twenty-minute title-track, a song characterized by stunning robustness and consistency, that crosses over hard rock, blues and psychedelic territories with remarkable smoothness. The quartet&#039;s inventiveness goes even further on the second side of the record, especially with the track &quot;Sono un pesce&quot; (I am a fish), distinguished by dreamy acoustic atmospheres mixed with jazz-tinged improvisations.A unique and unrepeatable album, reissued on transparent red vinyl with faithful reproduction of the original artwork.\" \/>\n<meta property=\"og:url\" content=\"https:\/\/wpguerssen-test.odoo.rgbconsulting.com\/es\/producto\/topi-o-uomini-clear-red\/\" \/>\n<meta property=\"og:site_name\" content=\"Guerssen records\" \/>\n<meta property=\"article:modified_time\" content=\"2025-04-22T13:58:17+00:00\" \/>\n<meta property=\"og:image\" content=\"https:\/\/wpguerssen-test.odoo.rgbconsulting.com\/wp-content\/uploads\/2024\/12\/49447.jpg\" \/>\n\t<meta property=\"og:image:width\" content=\"478\" \/>\n\t<meta property=\"og:image:height\" content=\"478\" \/>\n\t<meta property=\"og:image:type\" content=\"image\/jpeg\" \/>\n<meta name=\"twitter:card\" content=\"summary_large_image\" \/>\n<meta name=\"twitter:title\" content=\"FLEA - Topi O Uomini (Clear Red) -  (LP) | Guerssen\" \/>\n<meta name=\"twitter:label1\" content=\"Tiempo de lectura\" \/>\n\t<meta name=\"twitter:data1\" content=\"1 minuto\" \/>\n<script type=\"application\/ld+json\" class=\"yoast-schema-graph\">{\"@context\":\"https:\/\/schema.org\",\"@graph\":[{\"@type\":\"WebPage\",\"@id\":\"https:\/\/wpguerssen-test.odoo.rgbconsulting.com\/es\/producto\/topi-o-uomini-clear-red\/\",\"url\":\"https:\/\/wpguerssen-test.odoo.rgbconsulting.com\/es\/producto\/topi-o-uomini-clear-red\/\",\"name\":\"FLEA - Topi O Uomini (Clear Red) - (LP) | Guerssen\",\"isPartOf\":{\"@id\":\"https:\/\/wpguerssen-test.odoo.rgbconsulting.com\/es\/#website\"},\"primaryImageOfPage\":{\"@id\":\"https:\/\/wpguerssen-test.odoo.rgbconsulting.com\/es\/producto\/topi-o-uomini-clear-red\/#primaryimage\"},\"image\":{\"@id\":\"https:\/\/wpguerssen-test.odoo.rgbconsulting.com\/es\/producto\/topi-o-uomini-clear-red\/#primaryimage\"},\"thumbnailUrl\":\"https:\/\/wpguerssen-test.odoo.rgbconsulting.com\/wp-content\/uploads\/2024\/12\/49447.jpg\",\"datePublished\":\"2025-02-10T23:00:00+00:00\",\"dateModified\":\"2025-04-22T13:58:17+00:00\",\"description\":\"The Sicilians Flea debuted in 1971 under the name Flea on the Honey with an album strongly inspired by the British pop-psych scene. The band's line-up includes the two brothers Agostino (drums) and Antonio Marangolo (vocals and keyboards), Carlo Pennisi (guitar, vocals) - all of them would later join the legendary horror score masters Goblin! - and Elio Volpini (bass, vocals, saxophone), who then played in L'Uovo di Colombo.If the debut album can be considered at least partly raw and derivative, albeit well produced and structured, with \\\"Topi o Uomini\\\" Flea unleash their creativity in a beautiful album, which opens with the twenty-minute title-track, a song characterized by stunning robustness and consistency, that crosses over hard rock, blues and psychedelic territories with remarkable smoothness. The quartet's inventiveness goes even further on the second side of the record, especially with the track \\\"Sono un pesce\\\" (I am a fish), distinguished by dreamy acoustic atmospheres mixed with jazz-tinged improvisations.A unique and unrepeatable album, reissued on transparent red vinyl with faithful reproduction of the original artwork.\",\"breadcrumb\":{\"@id\":\"https:\/\/wpguerssen-test.odoo.rgbconsulting.com\/es\/producto\/topi-o-uomini-clear-red\/#breadcrumb\"},\"inLanguage\":\"es\",\"potentialAction\":[{\"@type\":\"ReadAction\",\"target\":[\"https:\/\/wpguerssen-test.odoo.rgbconsulting.com\/es\/producto\/topi-o-uomini-clear-red\/\"]}]},{\"@type\":\"ImageObject\",\"inLanguage\":\"es\",\"@id\":\"https:\/\/wpguerssen-test.odoo.rgbconsulting.com\/es\/producto\/topi-o-uomini-clear-red\/#primaryimage\",\"url\":\"https:\/\/wpguerssen-test.odoo.rgbconsulting.com\/wp-content\/uploads\/2024\/12\/49447.jpg\",\"contentUrl\":\"https:\/\/wpguerssen-test.odoo.rgbconsulting.com\/wp-content\/uploads\/2024\/12\/49447.jpg\",\"width\":478,\"height\":478},{\"@type\":\"BreadcrumbList\",\"@id\":\"https:\/\/wpguerssen-test.odoo.rgbconsulting.com\/es\/producto\/topi-o-uomini-clear-red\/#breadcrumb\",\"itemListElement\":[{\"@type\":\"ListItem\",\"position\":1,\"name\":\"Inicio\",\"item\":\"https:\/\/wpguerssen-test.odoo.rgbconsulting.com\/es\/\"},{\"@type\":\"ListItem\",\"position\":2,\"name\":\"Shop\",\"item\":\"https:\/\/wpguerssen-test.odoo.rgbconsulting.com\/shop\/\"},{\"@type\":\"ListItem\",\"position\":3,\"name\":\"Topi O Uomini (Clear Red)\"}]},{\"@type\":\"WebSite\",\"@id\":\"https:\/\/wpguerssen-test.odoo.rgbconsulting.com\/es\/#website\",\"url\":\"https:\/\/wpguerssen-test.odoo.rgbconsulting.com\/es\/\",\"name\":\"Guerssen records\",\"description\":\"psychedelia - progressive - folk - garage \",\"publisher\":{\"@id\":\"https:\/\/wpguerssen-test.odoo.rgbconsulting.com\/es\/#organization\"},\"potentialAction\":[{\"@type\":\"SearchAction\",\"target\":{\"@type\":\"EntryPoint\",\"urlTemplate\":\"https:\/\/wpguerssen-test.odoo.rgbconsulting.com\/es\/?s={search_term_string}\"},\"query-input\":{\"@type\":\"PropertyValueSpecification\",\"valueRequired\":true,\"valueName\":\"search_term_string\"}}],\"inLanguage\":\"es\"},{\"@type\":\"Organization\",\"@id\":\"https:\/\/wpguerssen-test.odoo.rgbconsulting.com\/es\/#organization\",\"name\":\"Guerssen records\",\"url\":\"https:\/\/wpguerssen-test.odoo.rgbconsulting.com\/es\/\",\"logo\":{\"@type\":\"ImageObject\",\"inLanguage\":\"es\",\"@id\":\"https:\/\/wpguerssen-test.odoo.rgbconsulting.com\/es\/#\/schema\/logo\/image\/\",\"url\":\"https:\/\/wpguerssen-test.odoo.rgbconsulting.com\/wp-content\/uploads\/2022\/04\/Logo_Guerssen_trans_100.png\",\"contentUrl\":\"https:\/\/wpguerssen-test.odoo.rgbconsulting.com\/wp-content\/uploads\/2022\/04\/Logo_Guerssen_trans_100.png\",\"width\":122,\"height\":100,\"caption\":\"Guerssen records\"},\"image\":{\"@id\":\"https:\/\/wpguerssen-test.odoo.rgbconsulting.com\/es\/#\/schema\/logo\/image\/\"}}]}<\/script>\n<!-- \/ Yoast SEO plugin. -->","yoast_head_json":{"title":"FLEA - Topi O Uomini (Clear Red) -  (LP) | Guerssen","description":"The Sicilians Flea debuted in 1971 under the name Flea on the Honey with an album strongly inspired by the British pop-psych scene. The band's line-up includes the two brothers Agostino (drums) and Antonio Marangolo (vocals and keyboards), Carlo Pennisi (guitar, vocals) - all of them would later join the legendary horror score masters Goblin! - and Elio Volpini (bass, vocals, saxophone), who then played in L'Uovo di Colombo.If the debut album can be considered at least partly raw and derivative, albeit well produced and structured, with \"Topi o Uomini\" Flea unleash their creativity in a beautiful album, which opens with the twenty-minute title-track, a song characterized by stunning robustness and consistency, that crosses over hard rock, blues and psychedelic territories with remarkable smoothness. The quartet's inventiveness goes even further on the second side of the record, especially with the track \"Sono un pesce\" (I am a fish), distinguished by dreamy acoustic atmospheres mixed with jazz-tinged improvisations.A unique and unrepeatable album, reissued on transparent red vinyl with faithful reproduction of the original artwork.","robots":{"index":"index","follow":"follow","max-snippet":"max-snippet:-1","max-image-preview":"max-image-preview:large","max-video-preview":"max-video-preview:-1"},"canonical":"https:\/\/wpguerssen-test.odoo.rgbconsulting.com\/es\/producto\/topi-o-uomini-clear-red\/","og_locale":"es_ES","og_type":"article","og_title":"FLEA - Topi O Uomini (Clear Red) -  (LP) | Guerssen","og_description":"The Sicilians Flea debuted in 1971 under the name Flea on the Honey with an album strongly inspired by the British pop-psych scene. The band's line-up includes the two brothers Agostino (drums) and Antonio Marangolo (vocals and keyboards), Carlo Pennisi (guitar, vocals) - all of them would later join the legendary horror score masters Goblin! - and Elio Volpini (bass, vocals, saxophone), who then played in L'Uovo di Colombo.If the debut album can be considered at least partly raw and derivative, albeit well produced and structured, with \"Topi o Uomini\" Flea unleash their creativity in a beautiful album, which opens with the twenty-minute title-track, a song characterized by stunning robustness and consistency, that crosses over hard rock, blues and psychedelic territories with remarkable smoothness. The quartet's inventiveness goes even further on the second side of the record, especially with the track \"Sono un pesce\" (I am a fish), distinguished by dreamy acoustic atmospheres mixed with jazz-tinged improvisations.A unique and unrepeatable album, reissued on transparent red vinyl with faithful reproduction of the original artwork.","og_url":"https:\/\/wpguerssen-test.odoo.rgbconsulting.com\/es\/producto\/topi-o-uomini-clear-red\/","og_site_name":"Guerssen records","article_modified_time":"2025-04-22T13:58:17+00:00","og_image":[{"width":478,"height":478,"url":"https:\/\/wpguerssen-test.odoo.rgbconsulting.com\/wp-content\/uploads\/2024\/12\/49447.jpg","type":"image\/jpeg"}],"twitter_card":"summary_large_image","twitter_title":"FLEA - Topi O Uomini (Clear Red) -  (LP) | Guerssen","twitter_misc":{"Tiempo de lectura":"1 minuto"},"schema":{"@context":"https:\/\/schema.org","@graph":[{"@type":"WebPage","@id":"https:\/\/wpguerssen-test.odoo.rgbconsulting.com\/es\/producto\/topi-o-uomini-clear-red\/","url":"https:\/\/wpguerssen-test.odoo.rgbconsulting.com\/es\/producto\/topi-o-uomini-clear-red\/","name":"FLEA - Topi O Uomini (Clear Red) - (LP) | Guerssen","isPartOf":{"@id":"https:\/\/wpguerssen-test.odoo.rgbconsulting.com\/es\/#website"},"primaryImageOfPage":{"@id":"https:\/\/wpguerssen-test.odoo.rgbconsulting.com\/es\/producto\/topi-o-uomini-clear-red\/#primaryimage"},"image":{"@id":"https:\/\/wpguerssen-test.odoo.rgbconsulting.com\/es\/producto\/topi-o-uomini-clear-red\/#primaryimage"},"thumbnailUrl":"https:\/\/wpguerssen-test.odoo.rgbconsulting.com\/wp-content\/uploads\/2024\/12\/49447.jpg","datePublished":"2025-02-10T23:00:00+00:00","dateModified":"2025-04-22T13:58:17+00:00","description":"The Sicilians Flea debuted in 1971 under the name Flea on the Honey with an album strongly inspired by the British pop-psych scene. The band's line-up includes the two brothers Agostino (drums) and Antonio Marangolo (vocals and keyboards), Carlo Pennisi (guitar, vocals) - all of them would later join the legendary horror score masters Goblin! - and Elio Volpini (bass, vocals, saxophone), who then played in L'Uovo di Colombo.If the debut album can be considered at least partly raw and derivative, albeit well produced and structured, with \"Topi o Uomini\" Flea unleash their creativity in a beautiful album, which opens with the twenty-minute title-track, a song characterized by stunning robustness and consistency, that crosses over hard rock, blues and psychedelic territories with remarkable smoothness. The quartet's inventiveness goes even further on the second side of the record, especially with the track \"Sono un pesce\" (I am a fish), distinguished by dreamy acoustic atmospheres mixed with jazz-tinged improvisations.A unique and unrepeatable album, reissued on transparent red vinyl with faithful reproduction of the original artwork.","breadcrumb":{"@id":"https:\/\/wpguerssen-test.odoo.rgbconsulting.com\/es\/producto\/topi-o-uomini-clear-red\/#breadcrumb"},"inLanguage":"es","potentialAction":[{"@type":"ReadAction","target":["https:\/\/wpguerssen-test.odoo.rgbconsulting.com\/es\/producto\/topi-o-uomini-clear-red\/"]}]},{"@type":"ImageObject","inLanguage":"es","@id":"https:\/\/wpguerssen-test.odoo.rgbconsulting.com\/es\/producto\/topi-o-uomini-clear-red\/#primaryimage","url":"https:\/\/wpguerssen-test.odoo.rgbconsulting.com\/wp-content\/uploads\/2024\/12\/49447.jpg","contentUrl":"https:\/\/wpguerssen-test.odoo.rgbconsulting.com\/wp-content\/uploads\/2024\/12\/49447.jpg","width":478,"height":478},{"@type":"BreadcrumbList","@id":"https:\/\/wpguerssen-test.odoo.rgbconsulting.com\/es\/producto\/topi-o-uomini-clear-red\/#breadcrumb","itemListElement":[{"@type":"ListItem","position":1,"name":"Inicio","item":"https:\/\/wpguerssen-test.odoo.rgbconsulting.com\/es\/"},{"@type":"ListItem","position":2,"name":"Shop","item":"https:\/\/wpguerssen-test.odoo.rgbconsulting.com\/shop\/"},{"@type":"ListItem","position":3,"name":"Topi O Uomini (Clear Red)"}]},{"@type":"WebSite","@id":"https:\/\/wpguerssen-test.odoo.rgbconsulting.com\/es\/#website","url":"https:\/\/wpguerssen-test.odoo.rgbconsulting.com\/es\/","name":"Guerssen records","description":"psychedelia - progressive - folk - garage ","publisher":{"@id":"https:\/\/wpguerssen-test.odoo.rgbconsulting.com\/es\/#organization"},"potentialAction":[{"@type":"SearchAction","target":{"@type":"EntryPoint","urlTemplate":"https:\/\/wpguerssen-test.odoo.rgbconsulting.com\/es\/?s={search_term_string}"},"query-input":{"@type":"PropertyValueSpecification","valueRequired":true,"valueName":"search_term_string"}}],"inLanguage":"es"},{"@type":"Organization","@id":"https:\/\/wpguerssen-test.odoo.rgbconsulting.com\/es\/#organization","name":"Guerssen records","url":"https:\/\/wpguerssen-test.odoo.rgbconsulting.com\/es\/","logo":{"@type":"ImageObject","inLanguage":"es","@id":"https:\/\/wpguerssen-test.odoo.rgbconsulting.com\/es\/#\/schema\/logo\/image\/","url":"https:\/\/wpguerssen-test.odoo.rgbconsulting.com\/wp-content\/uploads\/2022\/04\/Logo_Guerssen_trans_100.png","contentUrl":"https:\/\/wpguerssen-test.odoo.rgbconsulting.com\/wp-content\/uploads\/2022\/04\/Logo_Guerssen_trans_100.png","width":122,"height":100,"caption":"Guerssen records"},"image":{"@id":"https:\/\/wpguerssen-test.odoo.rgbconsulting.com\/es\/#\/schema\/logo\/image\/"}}]}},"_links":{"self":[{"href":"https:\/\/wpguerssen-test.odoo.rgbconsulting.com\/es\/wp-json\/wp\/v2\/product\/280497","targetHints":{"allow":["GET"]}}],"collection":[{"href":"https:\/\/wpguerssen-test.odoo.rgbconsulting.com\/es\/wp-json\/wp\/v2\/product"}],"about":[{"href":"https:\/\/wpguerssen-test.odoo.rgbconsulting.com\/es\/wp-json\/wp\/v2\/types\/product"}],"wp:featuredmedia":[{"embeddable":true,"href":"https:\/\/wpguerssen-test.odoo.rgbconsulting.com\/es\/wp-json\/wp\/v2\/media\/280420"}],"wp:attachment":[{"href":"https:\/\/wpguerssen-test.odoo.rgbconsulting.com\/es\/wp-json\/wp\/v2\/media?parent=280497"}],"wp:term":[{"taxonomy":"product_brand","embeddable":true,"href":"https:\/\/wpguerssen-test.odoo.rgbconsulting.com\/es\/wp-json\/wp\/v2\/product_brand?post=280497"},{"taxonomy":"product_cat","embeddable":true,"href":"https:\/\/wpguerssen-test.odoo.rgbconsulting.com\/es\/wp-json\/wp\/v2\/product_cat?post=280497"},{"taxonomy":"product_tag","embeddable":true,"href":"https:\/\/wpguerssen-test.odoo.rgbconsulting.com\/es\/wp-json\/wp\/v2\/product_tag?post=280497"}],"curies":[{"name":"wp","href":"https:\/\/api.w.org\/{rel}","templated":true}]}}