{"id":280502,"date":"2025-01-10T00:00:00","date_gmt":"2025-01-09T23:00:00","guid":{"rendered":"https:\/\/wpguerssen-test.odoo.rgbconsulting.com\/product\/et-le-quintet-du-hot-club-avec-stephane-grapelli\/"},"modified":"2025-01-10T13:20:17","modified_gmt":"2025-01-10T12:20:17","slug":"et-le-quintet-du-hot-club-avec-stephane-grapelli","status":"publish","type":"product","link":"https:\/\/wpguerssen-test.odoo.rgbconsulting.com\/es\/producto\/et-le-quintet-du-hot-club-avec-stephane-grapelli\/","title":{"rendered":"Et Le Quintet Du Hot Club Avec Stephane Grapelli"},"content":{"rendered":"<p>Django Reinhardt, probablemente la primera leyenda del jazz que surgi\u00f3 de la escena europea, uno de los guitarristas m\u00e1s consumados de todos los tiempos y el rey indiscutible de la guitarra manouche. Nacido como Jean Reinhardt en 1910 y m\u00e1s conocido por su nombre roman\u00ed, la leyenda de Django comenz\u00f3 en 1928 con sus primeras grabaciones a la edad de 17 a\u00f1os. Poco despu\u00e9s, un brutal incendio quem\u00f3 su caravana; \u00e9l y su esposa escaparon con vida, pero \u00e9l sufri\u00f3 graves quemaduras en la mitad de su cuerpo y perdi\u00f3 dos dedos de su mano derecha.<\/p>\n","protected":false},"excerpt":{"rendered":"<p>Django Reinhardt, probablemente la primera leyenda del jazz que surgi\u00f3 de la escena europea, uno de los guitarristas m\u00e1s consumados de todos los tiempos y el rey<a class=\"read\" href=\"https:\/\/wpguerssen-test.odoo.rgbconsulting.com\/es\/producto\/et-le-quintet-du-hot-club-avec-stephane-grapelli\/\"> (...)<\/a>","protected":false},"featured_media":280435,"template":"","meta":{"_acf_changed":false},"product_brand":[],"product_cat":[23227],"product_tag":[24189],"class_list":{"0":"post-280502","1":"product","2":"type-product","3":"status-publish","4":"has-post-thumbnail","6":"product_cat-jazz-es","7":"product_tag-recien-llegadas","8":"pa_artist-reinhardt-django","9":"pa_format-lp-es","10":"pa_gender-jazz","11":"pa_label-shellac-disc","12":"pa_location-europe-es","13":"pa_other-filters-vinyl-only-es","15":"first","16":"instock","17":"taxable","18":"shipping-taxable","19":"purchasable","20":"product-type-simple"},"acf":[],"yoast_head":"<!-- This site is optimized with the Yoast SEO plugin v24.9 - https:\/\/yoast.com\/wordpress\/plugins\/seo\/ -->\n<title>REINHARDT, Django - Et Le Quintet Du Hot Club Avec Stephane Grapelli -  (LP) | Guerssen<\/title>\n<meta name=\"description\" content=\"Django Reinhardt, probably the first jazz legend to emerge from the European scene, one of the most accomplished guitarists of all time and the undisputed king of the manouche guitar. Born Jean Reinhardt in 1910 and better known by his Romani name, Django&#039;s legend began in 1928 with his first recordings at the age of 17. Just after, a brutal fire burned down his caravan; he and his wife escaped with their lives, but he suffered severe burns on half of his body and lost two fingers on his right hand.\" \/>\n<meta name=\"robots\" content=\"index, follow, max-snippet:-1, max-image-preview:large, max-video-preview:-1\" \/>\n<link rel=\"canonical\" href=\"https:\/\/wpguerssen-test.odoo.rgbconsulting.com\/es\/producto\/et-le-quintet-du-hot-club-avec-stephane-grapelli\/\" \/>\n<meta property=\"og:locale\" content=\"es_ES\" \/>\n<meta property=\"og:type\" content=\"article\" \/>\n<meta property=\"og:title\" content=\"REINHARDT, Django - Et Le Quintet Du Hot Club Avec Stephane Grapelli -  (LP) | Guerssen\" \/>\n<meta property=\"og:description\" content=\"Django Reinhardt, probably the first jazz legend to emerge from the European scene, one of the most accomplished guitarists of all time and the undisputed king of the manouche guitar. Born Jean Reinhardt in 1910 and better known by his Romani name, Django&#039;s legend began in 1928 with his first recordings at the age of 17. Just after, a brutal fire burned down his caravan; he and his wife escaped with their lives, but he suffered severe burns on half of his body and lost two fingers on his right hand.\" \/>\n<meta property=\"og:url\" content=\"https:\/\/wpguerssen-test.odoo.rgbconsulting.com\/es\/producto\/et-le-quintet-du-hot-club-avec-stephane-grapelli\/\" \/>\n<meta property=\"og:site_name\" content=\"Guerssen records\" \/>\n<meta property=\"article:modified_time\" content=\"2025-01-10T12:20:17+00:00\" \/>\n<meta property=\"og:image\" content=\"https:\/\/wpguerssen-test.odoo.rgbconsulting.com\/wp-content\/uploads\/2024\/12\/49452.jpg\" \/>\n\t<meta property=\"og:image:width\" content=\"1120\" \/>\n\t<meta property=\"og:image:height\" content=\"1120\" \/>\n\t<meta property=\"og:image:type\" content=\"image\/jpeg\" \/>\n<meta name=\"twitter:card\" content=\"summary_large_image\" \/>\n<meta name=\"twitter:title\" content=\"REINHARDT, Django - Et Le Quintet Du Hot Club Avec Stephane Grapelli -  (LP) | Guerssen\" \/>\n<script type=\"application\/ld+json\" class=\"yoast-schema-graph\">{\"@context\":\"https:\/\/schema.org\",\"@graph\":[{\"@type\":\"WebPage\",\"@id\":\"https:\/\/wpguerssen-test.odoo.rgbconsulting.com\/es\/producto\/et-le-quintet-du-hot-club-avec-stephane-grapelli\/\",\"url\":\"https:\/\/wpguerssen-test.odoo.rgbconsulting.com\/es\/producto\/et-le-quintet-du-hot-club-avec-stephane-grapelli\/\",\"name\":\"REINHARDT, Django - Et Le Quintet Du Hot Club Avec Stephane Grapelli - (LP) | Guerssen\",\"isPartOf\":{\"@id\":\"https:\/\/wpguerssen-test.odoo.rgbconsulting.com\/es\/#website\"},\"primaryImageOfPage\":{\"@id\":\"https:\/\/wpguerssen-test.odoo.rgbconsulting.com\/es\/producto\/et-le-quintet-du-hot-club-avec-stephane-grapelli\/#primaryimage\"},\"image\":{\"@id\":\"https:\/\/wpguerssen-test.odoo.rgbconsulting.com\/es\/producto\/et-le-quintet-du-hot-club-avec-stephane-grapelli\/#primaryimage\"},\"thumbnailUrl\":\"https:\/\/wpguerssen-test.odoo.rgbconsulting.com\/wp-content\/uploads\/2024\/12\/49452.jpg\",\"datePublished\":\"2025-01-09T23:00:00+00:00\",\"dateModified\":\"2025-01-10T12:20:17+00:00\",\"description\":\"Django Reinhardt, probably the first jazz legend to emerge from the European scene, one of the most accomplished guitarists of all time and the undisputed king of the manouche guitar. Born Jean Reinhardt in 1910 and better known by his Romani name, Django's legend began in 1928 with his first recordings at the age of 17. Just after, a brutal fire burned down his caravan; he and his wife escaped with their lives, but he suffered severe burns on half of his body and lost two fingers on his right hand.\",\"breadcrumb\":{\"@id\":\"https:\/\/wpguerssen-test.odoo.rgbconsulting.com\/es\/producto\/et-le-quintet-du-hot-club-avec-stephane-grapelli\/#breadcrumb\"},\"inLanguage\":\"es\",\"potentialAction\":[{\"@type\":\"ReadAction\",\"target\":[\"https:\/\/wpguerssen-test.odoo.rgbconsulting.com\/es\/producto\/et-le-quintet-du-hot-club-avec-stephane-grapelli\/\"]}]},{\"@type\":\"ImageObject\",\"inLanguage\":\"es\",\"@id\":\"https:\/\/wpguerssen-test.odoo.rgbconsulting.com\/es\/producto\/et-le-quintet-du-hot-club-avec-stephane-grapelli\/#primaryimage\",\"url\":\"https:\/\/wpguerssen-test.odoo.rgbconsulting.com\/wp-content\/uploads\/2024\/12\/49452.jpg\",\"contentUrl\":\"https:\/\/wpguerssen-test.odoo.rgbconsulting.com\/wp-content\/uploads\/2024\/12\/49452.jpg\",\"width\":1120,\"height\":1120,\"caption\":\"Django - Et Le Quintet Du Hot Club Avec Stephane Grapelli - SHELLAC DISC (LP) | Guerssen\"},{\"@type\":\"BreadcrumbList\",\"@id\":\"https:\/\/wpguerssen-test.odoo.rgbconsulting.com\/es\/producto\/et-le-quintet-du-hot-club-avec-stephane-grapelli\/#breadcrumb\",\"itemListElement\":[{\"@type\":\"ListItem\",\"position\":1,\"name\":\"Inicio\",\"item\":\"https:\/\/wpguerssen-test.odoo.rgbconsulting.com\/es\/\"},{\"@type\":\"ListItem\",\"position\":2,\"name\":\"Shop\",\"item\":\"https:\/\/wpguerssen-test.odoo.rgbconsulting.com\/shop\/\"},{\"@type\":\"ListItem\",\"position\":3,\"name\":\"Et Le Quintet Du Hot Club Avec Stephane Grapelli\"}]},{\"@type\":\"WebSite\",\"@id\":\"https:\/\/wpguerssen-test.odoo.rgbconsulting.com\/es\/#website\",\"url\":\"https:\/\/wpguerssen-test.odoo.rgbconsulting.com\/es\/\",\"name\":\"Guerssen records\",\"description\":\"psychedelia - progressive - folk - garage \",\"publisher\":{\"@id\":\"https:\/\/wpguerssen-test.odoo.rgbconsulting.com\/es\/#organization\"},\"potentialAction\":[{\"@type\":\"SearchAction\",\"target\":{\"@type\":\"EntryPoint\",\"urlTemplate\":\"https:\/\/wpguerssen-test.odoo.rgbconsulting.com\/es\/?s={search_term_string}\"},\"query-input\":{\"@type\":\"PropertyValueSpecification\",\"valueRequired\":true,\"valueName\":\"search_term_string\"}}],\"inLanguage\":\"es\"},{\"@type\":\"Organization\",\"@id\":\"https:\/\/wpguerssen-test.odoo.rgbconsulting.com\/es\/#organization\",\"name\":\"Guerssen records\",\"url\":\"https:\/\/wpguerssen-test.odoo.rgbconsulting.com\/es\/\",\"logo\":{\"@type\":\"ImageObject\",\"inLanguage\":\"es\",\"@id\":\"https:\/\/wpguerssen-test.odoo.rgbconsulting.com\/es\/#\/schema\/logo\/image\/\",\"url\":\"https:\/\/wpguerssen-test.odoo.rgbconsulting.com\/wp-content\/uploads\/2022\/04\/Logo_Guerssen_trans_100.png\",\"contentUrl\":\"https:\/\/wpguerssen-test.odoo.rgbconsulting.com\/wp-content\/uploads\/2022\/04\/Logo_Guerssen_trans_100.png\",\"width\":122,\"height\":100,\"caption\":\"Guerssen records\"},\"image\":{\"@id\":\"https:\/\/wpguerssen-test.odoo.rgbconsulting.com\/es\/#\/schema\/logo\/image\/\"}}]}<\/script>\n<!-- \/ Yoast SEO plugin. -->","yoast_head_json":{"title":"REINHARDT, Django - Et Le Quintet Du Hot Club Avec Stephane Grapelli -  (LP) | Guerssen","description":"Django Reinhardt, probably the first jazz legend to emerge from the European scene, one of the most accomplished guitarists of all time and the undisputed king of the manouche guitar. Born Jean Reinhardt in 1910 and better known by his Romani name, Django's legend began in 1928 with his first recordings at the age of 17. Just after, a brutal fire burned down his caravan; he and his wife escaped with their lives, but he suffered severe burns on half of his body and lost two fingers on his right hand.","robots":{"index":"index","follow":"follow","max-snippet":"max-snippet:-1","max-image-preview":"max-image-preview:large","max-video-preview":"max-video-preview:-1"},"canonical":"https:\/\/wpguerssen-test.odoo.rgbconsulting.com\/es\/producto\/et-le-quintet-du-hot-club-avec-stephane-grapelli\/","og_locale":"es_ES","og_type":"article","og_title":"REINHARDT, Django - Et Le Quintet Du Hot Club Avec Stephane Grapelli -  (LP) | Guerssen","og_description":"Django Reinhardt, probably the first jazz legend to emerge from the European scene, one of the most accomplished guitarists of all time and the undisputed king of the manouche guitar. Born Jean Reinhardt in 1910 and better known by his Romani name, Django's legend began in 1928 with his first recordings at the age of 17. Just after, a brutal fire burned down his caravan; he and his wife escaped with their lives, but he suffered severe burns on half of his body and lost two fingers on his right hand.","og_url":"https:\/\/wpguerssen-test.odoo.rgbconsulting.com\/es\/producto\/et-le-quintet-du-hot-club-avec-stephane-grapelli\/","og_site_name":"Guerssen records","article_modified_time":"2025-01-10T12:20:17+00:00","og_image":[{"width":1120,"height":1120,"url":"https:\/\/wpguerssen-test.odoo.rgbconsulting.com\/wp-content\/uploads\/2024\/12\/49452.jpg","type":"image\/jpeg"}],"twitter_card":"summary_large_image","twitter_title":"REINHARDT, Django - Et Le Quintet Du Hot Club Avec Stephane Grapelli -  (LP) | Guerssen","schema":{"@context":"https:\/\/schema.org","@graph":[{"@type":"WebPage","@id":"https:\/\/wpguerssen-test.odoo.rgbconsulting.com\/es\/producto\/et-le-quintet-du-hot-club-avec-stephane-grapelli\/","url":"https:\/\/wpguerssen-test.odoo.rgbconsulting.com\/es\/producto\/et-le-quintet-du-hot-club-avec-stephane-grapelli\/","name":"REINHARDT, Django - Et Le Quintet Du Hot Club Avec Stephane Grapelli - (LP) | Guerssen","isPartOf":{"@id":"https:\/\/wpguerssen-test.odoo.rgbconsulting.com\/es\/#website"},"primaryImageOfPage":{"@id":"https:\/\/wpguerssen-test.odoo.rgbconsulting.com\/es\/producto\/et-le-quintet-du-hot-club-avec-stephane-grapelli\/#primaryimage"},"image":{"@id":"https:\/\/wpguerssen-test.odoo.rgbconsulting.com\/es\/producto\/et-le-quintet-du-hot-club-avec-stephane-grapelli\/#primaryimage"},"thumbnailUrl":"https:\/\/wpguerssen-test.odoo.rgbconsulting.com\/wp-content\/uploads\/2024\/12\/49452.jpg","datePublished":"2025-01-09T23:00:00+00:00","dateModified":"2025-01-10T12:20:17+00:00","description":"Django Reinhardt, probably the first jazz legend to emerge from the European scene, one of the most accomplished guitarists of all time and the undisputed king of the manouche guitar. Born Jean Reinhardt in 1910 and better known by his Romani name, Django's legend began in 1928 with his first recordings at the age of 17. Just after, a brutal fire burned down his caravan; he and his wife escaped with their lives, but he suffered severe burns on half of his body and lost two fingers on his right hand.","breadcrumb":{"@id":"https:\/\/wpguerssen-test.odoo.rgbconsulting.com\/es\/producto\/et-le-quintet-du-hot-club-avec-stephane-grapelli\/#breadcrumb"},"inLanguage":"es","potentialAction":[{"@type":"ReadAction","target":["https:\/\/wpguerssen-test.odoo.rgbconsulting.com\/es\/producto\/et-le-quintet-du-hot-club-avec-stephane-grapelli\/"]}]},{"@type":"ImageObject","inLanguage":"es","@id":"https:\/\/wpguerssen-test.odoo.rgbconsulting.com\/es\/producto\/et-le-quintet-du-hot-club-avec-stephane-grapelli\/#primaryimage","url":"https:\/\/wpguerssen-test.odoo.rgbconsulting.com\/wp-content\/uploads\/2024\/12\/49452.jpg","contentUrl":"https:\/\/wpguerssen-test.odoo.rgbconsulting.com\/wp-content\/uploads\/2024\/12\/49452.jpg","width":1120,"height":1120,"caption":"Django - Et Le Quintet Du Hot Club Avec Stephane Grapelli - SHELLAC DISC (LP) | Guerssen"},{"@type":"BreadcrumbList","@id":"https:\/\/wpguerssen-test.odoo.rgbconsulting.com\/es\/producto\/et-le-quintet-du-hot-club-avec-stephane-grapelli\/#breadcrumb","itemListElement":[{"@type":"ListItem","position":1,"name":"Inicio","item":"https:\/\/wpguerssen-test.odoo.rgbconsulting.com\/es\/"},{"@type":"ListItem","position":2,"name":"Shop","item":"https:\/\/wpguerssen-test.odoo.rgbconsulting.com\/shop\/"},{"@type":"ListItem","position":3,"name":"Et Le Quintet Du Hot Club Avec Stephane Grapelli"}]},{"@type":"WebSite","@id":"https:\/\/wpguerssen-test.odoo.rgbconsulting.com\/es\/#website","url":"https:\/\/wpguerssen-test.odoo.rgbconsulting.com\/es\/","name":"Guerssen records","description":"psychedelia - progressive - folk - garage ","publisher":{"@id":"https:\/\/wpguerssen-test.odoo.rgbconsulting.com\/es\/#organization"},"potentialAction":[{"@type":"SearchAction","target":{"@type":"EntryPoint","urlTemplate":"https:\/\/wpguerssen-test.odoo.rgbconsulting.com\/es\/?s={search_term_string}"},"query-input":{"@type":"PropertyValueSpecification","valueRequired":true,"valueName":"search_term_string"}}],"inLanguage":"es"},{"@type":"Organization","@id":"https:\/\/wpguerssen-test.odoo.rgbconsulting.com\/es\/#organization","name":"Guerssen records","url":"https:\/\/wpguerssen-test.odoo.rgbconsulting.com\/es\/","logo":{"@type":"ImageObject","inLanguage":"es","@id":"https:\/\/wpguerssen-test.odoo.rgbconsulting.com\/es\/#\/schema\/logo\/image\/","url":"https:\/\/wpguerssen-test.odoo.rgbconsulting.com\/wp-content\/uploads\/2022\/04\/Logo_Guerssen_trans_100.png","contentUrl":"https:\/\/wpguerssen-test.odoo.rgbconsulting.com\/wp-content\/uploads\/2022\/04\/Logo_Guerssen_trans_100.png","width":122,"height":100,"caption":"Guerssen records"},"image":{"@id":"https:\/\/wpguerssen-test.odoo.rgbconsulting.com\/es\/#\/schema\/logo\/image\/"}}]}},"_links":{"self":[{"href":"https:\/\/wpguerssen-test.odoo.rgbconsulting.com\/es\/wp-json\/wp\/v2\/product\/280502","targetHints":{"allow":["GET"]}}],"collection":[{"href":"https:\/\/wpguerssen-test.odoo.rgbconsulting.com\/es\/wp-json\/wp\/v2\/product"}],"about":[{"href":"https:\/\/wpguerssen-test.odoo.rgbconsulting.com\/es\/wp-json\/wp\/v2\/types\/product"}],"wp:featuredmedia":[{"embeddable":true,"href":"https:\/\/wpguerssen-test.odoo.rgbconsulting.com\/es\/wp-json\/wp\/v2\/media\/280435"}],"wp:attachment":[{"href":"https:\/\/wpguerssen-test.odoo.rgbconsulting.com\/es\/wp-json\/wp\/v2\/media?parent=280502"}],"wp:term":[{"taxonomy":"product_brand","embeddable":true,"href":"https:\/\/wpguerssen-test.odoo.rgbconsulting.com\/es\/wp-json\/wp\/v2\/product_brand?post=280502"},{"taxonomy":"product_cat","embeddable":true,"href":"https:\/\/wpguerssen-test.odoo.rgbconsulting.com\/es\/wp-json\/wp\/v2\/product_cat?post=280502"},{"taxonomy":"product_tag","embeddable":true,"href":"https:\/\/wpguerssen-test.odoo.rgbconsulting.com\/es\/wp-json\/wp\/v2\/product_tag?post=280502"}],"curies":[{"name":"wp","href":"https:\/\/api.w.org\/{rel}","templated":true}]}}