{"id":280973,"date":"2025-03-05T00:00:00","date_gmt":"2025-03-04T23:00:00","guid":{"rendered":"https:\/\/wpguerssen-test.odoo.rgbconsulting.com\/product\/have-a-drink-on-me-kowloon-february-82-fm-yellow\/"},"modified":"2025-03-18T16:05:13","modified_gmt":"2025-03-18T15:05:13","slug":"have-a-drink-on-me-kowloon-february-82-fm-yellow","status":"publish","type":"product","link":"https:\/\/wpguerssen-test.odoo.rgbconsulting.com\/es\/producto\/have-a-drink-on-me-kowloon-february-82-fm-yellow\/","title":{"rendered":"Have A Drink On Me. Kowloon February 82 FM (Yellow"},"content":{"rendered":"<p>Este directo muestra la energ\u00eda explosiva y el sonido ic\u00f3nico de la banda. Esta actuaci\u00f3n poco com\u00fan refleja su apogeo durante la era del Combat Rock.<br \/>TRACKLIST<br \/>SIDE A London Calling\/ Washington Bullets \/ Tommy Gun \/ The Guns Of Brixton \/ Train In Vain \/ Know Your Rights \/ The Magnificent Seven<br \/>SIDE B Ivan Meets G.I. Joe \/  (White Man) In Hammersmith Palais \/ Koka Kola \/ Broadway \/ I Fought The Law \/ Career Opportunities \/ Janie Jones \/ Brand New Cadillac \/ Somebody Got Murdered<br \/>SIDE C Police And Thieves \/ Stay Free \/ Armageddon Time \/ Jimmy Jazz \/ Complete Control \/ English Civil War<br \/>SIDE D Police On My Back \/ Garageland \/ Clash City Rockers \/ Spanish Bombs \/ I&#8217;m So Bored With The U.S.A. \/ London&#8217;s Burning \/ Bankrobber<\/p>\n","protected":false},"excerpt":{"rendered":"<p>Este directo muestra la energ\u00eda explosiva y el sonido ic\u00f3nico de la banda. Esta actuaci\u00f3n poco com\u00fan refleja su apogeo durante la era del Combat Rock.<br \/>TRACKLIST<br<a class=\"read\" href=\"https:\/\/wpguerssen-test.odoo.rgbconsulting.com\/es\/producto\/have-a-drink-on-me-kowloon-february-82-fm-yellow\/\"> (...)<\/a>","protected":false},"featured_media":280865,"template":"","meta":{"_acf_changed":false},"product_brand":[],"product_cat":[21650],"product_tag":[29140,24189],"class_list":{"0":"post-280973","1":"product","2":"type-product","3":"status-publish","4":"has-post-thumbnail","6":"product_cat-punk-es","7":"product_tag-color-vinyl-es","8":"product_tag-recien-llegadas","9":"pa_artist-clash-es","10":"pa_format-2lp-es","11":"pa_gender-punk","12":"pa_label-dear-boss","13":"pa_location-uk-ireland-es","14":"pa_other-filters-vinyl-only-es","16":"first","17":"instock","18":"taxable","19":"shipping-taxable","20":"purchasable","21":"product-type-simple"},"acf":[],"yoast_head":"<!-- This site is optimized with the Yoast SEO plugin v24.9 - https:\/\/yoast.com\/wordpress\/plugins\/seo\/ -->\n<title>CLASH - Have A Drink On Me. Kowloon February 82 FM (Yellow -  (2LP) | Guerssen<\/title>\n<meta name=\"description\" content=\"The Clash Live at Academic Community Hall, Kowloon, 25th February 1982 showcases the band&#039;s explosive energy and iconic sound. This rare performance reflects their peak during the Combat Rock era.TRACKLISTSIDE A London Calling\/ Washington Bullets \/ Tommy Gun \/ The Guns Of Brixton \/ Train In Vain \/ Know Your Rights \/ The Magnificent SevenSIDE B Ivan Meets G.I. Joe \/ (White Man) In Hammersmith Palais \/ Koka Kola \/ Broadway \/ I Fought The Law \/ Career Opportunities \/ Janie Jones \/ Brand New Cadillac \/ Somebody Got MurderedSIDE C Police And Thieves \/ Stay Free \/ Armageddon Time \/ Jimmy Jazz \/ Complete Control \/ English Civil WarSIDE D Police On My Back \/ Garageland \/ Clash City Rockers \/ Spanish Bombs \/ I&#039;m So Bored With The U.S.A. \/ London&#039;s Burning \/ Bankrobber\" \/>\n<meta name=\"robots\" content=\"index, follow, max-snippet:-1, max-image-preview:large, max-video-preview:-1\" \/>\n<link rel=\"canonical\" href=\"https:\/\/wpguerssen-test.odoo.rgbconsulting.com\/es\/producto\/have-a-drink-on-me-kowloon-february-82-fm-yellow\/\" \/>\n<meta property=\"og:locale\" content=\"es_ES\" \/>\n<meta property=\"og:type\" content=\"article\" \/>\n<meta property=\"og:title\" content=\"CLASH - Have A Drink On Me. Kowloon February 82 FM (Yellow -  (2LP) | Guerssen\" \/>\n<meta property=\"og:description\" content=\"The Clash Live at Academic Community Hall, Kowloon, 25th February 1982 showcases the band&#039;s explosive energy and iconic sound. This rare performance reflects their peak during the Combat Rock era.TRACKLISTSIDE A London Calling\/ Washington Bullets \/ Tommy Gun \/ The Guns Of Brixton \/ Train In Vain \/ Know Your Rights \/ The Magnificent SevenSIDE B Ivan Meets G.I. Joe \/ (White Man) In Hammersmith Palais \/ Koka Kola \/ Broadway \/ I Fought The Law \/ Career Opportunities \/ Janie Jones \/ Brand New Cadillac \/ Somebody Got MurderedSIDE C Police And Thieves \/ Stay Free \/ Armageddon Time \/ Jimmy Jazz \/ Complete Control \/ English Civil WarSIDE D Police On My Back \/ Garageland \/ Clash City Rockers \/ Spanish Bombs \/ I&#039;m So Bored With The U.S.A. \/ London&#039;s Burning \/ Bankrobber\" \/>\n<meta property=\"og:url\" content=\"https:\/\/wpguerssen-test.odoo.rgbconsulting.com\/es\/producto\/have-a-drink-on-me-kowloon-february-82-fm-yellow\/\" \/>\n<meta property=\"og:site_name\" content=\"Guerssen records\" \/>\n<meta property=\"article:modified_time\" content=\"2025-03-18T15:05:13+00:00\" \/>\n<meta property=\"og:image\" content=\"https:\/\/wpguerssen-test.odoo.rgbconsulting.com\/wp-content\/uploads\/2025\/01\/49493.jpg\" \/>\n\t<meta property=\"og:image:width\" content=\"1181\" \/>\n\t<meta property=\"og:image:height\" content=\"886\" \/>\n\t<meta property=\"og:image:type\" content=\"image\/jpeg\" \/>\n<meta name=\"twitter:card\" content=\"summary_large_image\" \/>\n<meta name=\"twitter:title\" content=\"CLASH - Have A Drink On Me. Kowloon February 82 FM (Yellow -  (2LP) | Guerssen\" \/>\n<meta name=\"twitter:label1\" content=\"Tiempo de lectura\" \/>\n\t<meta name=\"twitter:data1\" content=\"1 minuto\" \/>\n<script type=\"application\/ld+json\" class=\"yoast-schema-graph\">{\"@context\":\"https:\/\/schema.org\",\"@graph\":[{\"@type\":\"WebPage\",\"@id\":\"https:\/\/wpguerssen-test.odoo.rgbconsulting.com\/es\/producto\/have-a-drink-on-me-kowloon-february-82-fm-yellow\/\",\"url\":\"https:\/\/wpguerssen-test.odoo.rgbconsulting.com\/es\/producto\/have-a-drink-on-me-kowloon-february-82-fm-yellow\/\",\"name\":\"CLASH - Have A Drink On Me. Kowloon February 82 FM (Yellow - (2LP) | Guerssen\",\"isPartOf\":{\"@id\":\"https:\/\/wpguerssen-test.odoo.rgbconsulting.com\/es\/#website\"},\"primaryImageOfPage\":{\"@id\":\"https:\/\/wpguerssen-test.odoo.rgbconsulting.com\/es\/producto\/have-a-drink-on-me-kowloon-february-82-fm-yellow\/#primaryimage\"},\"image\":{\"@id\":\"https:\/\/wpguerssen-test.odoo.rgbconsulting.com\/es\/producto\/have-a-drink-on-me-kowloon-february-82-fm-yellow\/#primaryimage\"},\"thumbnailUrl\":\"https:\/\/wpguerssen-test.odoo.rgbconsulting.com\/wp-content\/uploads\/2025\/01\/49493.jpg\",\"datePublished\":\"2025-03-04T23:00:00+00:00\",\"dateModified\":\"2025-03-18T15:05:13+00:00\",\"description\":\"The Clash Live at Academic Community Hall, Kowloon, 25th February 1982 showcases the band's explosive energy and iconic sound. This rare performance reflects their peak during the Combat Rock era.TRACKLISTSIDE A London Calling\/ Washington Bullets \/ Tommy Gun \/ The Guns Of Brixton \/ Train In Vain \/ Know Your Rights \/ The Magnificent SevenSIDE B Ivan Meets G.I. Joe \/ (White Man) In Hammersmith Palais \/ Koka Kola \/ Broadway \/ I Fought The Law \/ Career Opportunities \/ Janie Jones \/ Brand New Cadillac \/ Somebody Got MurderedSIDE C Police And Thieves \/ Stay Free \/ Armageddon Time \/ Jimmy Jazz \/ Complete Control \/ English Civil WarSIDE D Police On My Back \/ Garageland \/ Clash City Rockers \/ Spanish Bombs \/ I'm So Bored With The U.S.A. \/ London's Burning \/ Bankrobber\",\"breadcrumb\":{\"@id\":\"https:\/\/wpguerssen-test.odoo.rgbconsulting.com\/es\/producto\/have-a-drink-on-me-kowloon-february-82-fm-yellow\/#breadcrumb\"},\"inLanguage\":\"es\",\"potentialAction\":[{\"@type\":\"ReadAction\",\"target\":[\"https:\/\/wpguerssen-test.odoo.rgbconsulting.com\/es\/producto\/have-a-drink-on-me-kowloon-february-82-fm-yellow\/\"]}]},{\"@type\":\"ImageObject\",\"inLanguage\":\"es\",\"@id\":\"https:\/\/wpguerssen-test.odoo.rgbconsulting.com\/es\/producto\/have-a-drink-on-me-kowloon-february-82-fm-yellow\/#primaryimage\",\"url\":\"https:\/\/wpguerssen-test.odoo.rgbconsulting.com\/wp-content\/uploads\/2025\/01\/49493.jpg\",\"contentUrl\":\"https:\/\/wpguerssen-test.odoo.rgbconsulting.com\/wp-content\/uploads\/2025\/01\/49493.jpg\",\"width\":1181,\"height\":886},{\"@type\":\"BreadcrumbList\",\"@id\":\"https:\/\/wpguerssen-test.odoo.rgbconsulting.com\/es\/producto\/have-a-drink-on-me-kowloon-february-82-fm-yellow\/#breadcrumb\",\"itemListElement\":[{\"@type\":\"ListItem\",\"position\":1,\"name\":\"Inicio\",\"item\":\"https:\/\/wpguerssen-test.odoo.rgbconsulting.com\/es\/\"},{\"@type\":\"ListItem\",\"position\":2,\"name\":\"Shop\",\"item\":\"https:\/\/wpguerssen-test.odoo.rgbconsulting.com\/shop\/\"},{\"@type\":\"ListItem\",\"position\":3,\"name\":\"Have A Drink On Me. Kowloon February 82 FM (Yellow\"}]},{\"@type\":\"WebSite\",\"@id\":\"https:\/\/wpguerssen-test.odoo.rgbconsulting.com\/es\/#website\",\"url\":\"https:\/\/wpguerssen-test.odoo.rgbconsulting.com\/es\/\",\"name\":\"Guerssen records\",\"description\":\"psychedelia - progressive - folk - garage \",\"publisher\":{\"@id\":\"https:\/\/wpguerssen-test.odoo.rgbconsulting.com\/es\/#organization\"},\"potentialAction\":[{\"@type\":\"SearchAction\",\"target\":{\"@type\":\"EntryPoint\",\"urlTemplate\":\"https:\/\/wpguerssen-test.odoo.rgbconsulting.com\/es\/?s={search_term_string}\"},\"query-input\":{\"@type\":\"PropertyValueSpecification\",\"valueRequired\":true,\"valueName\":\"search_term_string\"}}],\"inLanguage\":\"es\"},{\"@type\":\"Organization\",\"@id\":\"https:\/\/wpguerssen-test.odoo.rgbconsulting.com\/es\/#organization\",\"name\":\"Guerssen records\",\"url\":\"https:\/\/wpguerssen-test.odoo.rgbconsulting.com\/es\/\",\"logo\":{\"@type\":\"ImageObject\",\"inLanguage\":\"es\",\"@id\":\"https:\/\/wpguerssen-test.odoo.rgbconsulting.com\/es\/#\/schema\/logo\/image\/\",\"url\":\"https:\/\/wpguerssen-test.odoo.rgbconsulting.com\/wp-content\/uploads\/2022\/04\/Logo_Guerssen_trans_100.png\",\"contentUrl\":\"https:\/\/wpguerssen-test.odoo.rgbconsulting.com\/wp-content\/uploads\/2022\/04\/Logo_Guerssen_trans_100.png\",\"width\":122,\"height\":100,\"caption\":\"Guerssen records\"},\"image\":{\"@id\":\"https:\/\/wpguerssen-test.odoo.rgbconsulting.com\/es\/#\/schema\/logo\/image\/\"}}]}<\/script>\n<!-- \/ Yoast SEO plugin. -->","yoast_head_json":{"title":"CLASH - Have A Drink On Me. Kowloon February 82 FM (Yellow -  (2LP) | Guerssen","description":"The Clash Live at Academic Community Hall, Kowloon, 25th February 1982 showcases the band's explosive energy and iconic sound. This rare performance reflects their peak during the Combat Rock era.TRACKLISTSIDE A London Calling\/ Washington Bullets \/ Tommy Gun \/ The Guns Of Brixton \/ Train In Vain \/ Know Your Rights \/ The Magnificent SevenSIDE B Ivan Meets G.I. Joe \/ (White Man) In Hammersmith Palais \/ Koka Kola \/ Broadway \/ I Fought The Law \/ Career Opportunities \/ Janie Jones \/ Brand New Cadillac \/ Somebody Got MurderedSIDE C Police And Thieves \/ Stay Free \/ Armageddon Time \/ Jimmy Jazz \/ Complete Control \/ English Civil WarSIDE D Police On My Back \/ Garageland \/ Clash City Rockers \/ Spanish Bombs \/ I'm So Bored With The U.S.A. \/ London's Burning \/ Bankrobber","robots":{"index":"index","follow":"follow","max-snippet":"max-snippet:-1","max-image-preview":"max-image-preview:large","max-video-preview":"max-video-preview:-1"},"canonical":"https:\/\/wpguerssen-test.odoo.rgbconsulting.com\/es\/producto\/have-a-drink-on-me-kowloon-february-82-fm-yellow\/","og_locale":"es_ES","og_type":"article","og_title":"CLASH - Have A Drink On Me. Kowloon February 82 FM (Yellow -  (2LP) | Guerssen","og_description":"The Clash Live at Academic Community Hall, Kowloon, 25th February 1982 showcases the band's explosive energy and iconic sound. This rare performance reflects their peak during the Combat Rock era.TRACKLISTSIDE A London Calling\/ Washington Bullets \/ Tommy Gun \/ The Guns Of Brixton \/ Train In Vain \/ Know Your Rights \/ The Magnificent SevenSIDE B Ivan Meets G.I. Joe \/ (White Man) In Hammersmith Palais \/ Koka Kola \/ Broadway \/ I Fought The Law \/ Career Opportunities \/ Janie Jones \/ Brand New Cadillac \/ Somebody Got MurderedSIDE C Police And Thieves \/ Stay Free \/ Armageddon Time \/ Jimmy Jazz \/ Complete Control \/ English Civil WarSIDE D Police On My Back \/ Garageland \/ Clash City Rockers \/ Spanish Bombs \/ I'm So Bored With The U.S.A. \/ London's Burning \/ Bankrobber","og_url":"https:\/\/wpguerssen-test.odoo.rgbconsulting.com\/es\/producto\/have-a-drink-on-me-kowloon-february-82-fm-yellow\/","og_site_name":"Guerssen records","article_modified_time":"2025-03-18T15:05:13+00:00","og_image":[{"width":1181,"height":886,"url":"https:\/\/wpguerssen-test.odoo.rgbconsulting.com\/wp-content\/uploads\/2025\/01\/49493.jpg","type":"image\/jpeg"}],"twitter_card":"summary_large_image","twitter_title":"CLASH - Have A Drink On Me. Kowloon February 82 FM (Yellow -  (2LP) | Guerssen","twitter_misc":{"Tiempo de lectura":"1 minuto"},"schema":{"@context":"https:\/\/schema.org","@graph":[{"@type":"WebPage","@id":"https:\/\/wpguerssen-test.odoo.rgbconsulting.com\/es\/producto\/have-a-drink-on-me-kowloon-february-82-fm-yellow\/","url":"https:\/\/wpguerssen-test.odoo.rgbconsulting.com\/es\/producto\/have-a-drink-on-me-kowloon-february-82-fm-yellow\/","name":"CLASH - Have A Drink On Me. Kowloon February 82 FM (Yellow - (2LP) | Guerssen","isPartOf":{"@id":"https:\/\/wpguerssen-test.odoo.rgbconsulting.com\/es\/#website"},"primaryImageOfPage":{"@id":"https:\/\/wpguerssen-test.odoo.rgbconsulting.com\/es\/producto\/have-a-drink-on-me-kowloon-february-82-fm-yellow\/#primaryimage"},"image":{"@id":"https:\/\/wpguerssen-test.odoo.rgbconsulting.com\/es\/producto\/have-a-drink-on-me-kowloon-february-82-fm-yellow\/#primaryimage"},"thumbnailUrl":"https:\/\/wpguerssen-test.odoo.rgbconsulting.com\/wp-content\/uploads\/2025\/01\/49493.jpg","datePublished":"2025-03-04T23:00:00+00:00","dateModified":"2025-03-18T15:05:13+00:00","description":"The Clash Live at Academic Community Hall, Kowloon, 25th February 1982 showcases the band's explosive energy and iconic sound. This rare performance reflects their peak during the Combat Rock era.TRACKLISTSIDE A London Calling\/ Washington Bullets \/ Tommy Gun \/ The Guns Of Brixton \/ Train In Vain \/ Know Your Rights \/ The Magnificent SevenSIDE B Ivan Meets G.I. Joe \/ (White Man) In Hammersmith Palais \/ Koka Kola \/ Broadway \/ I Fought The Law \/ Career Opportunities \/ Janie Jones \/ Brand New Cadillac \/ Somebody Got MurderedSIDE C Police And Thieves \/ Stay Free \/ Armageddon Time \/ Jimmy Jazz \/ Complete Control \/ English Civil WarSIDE D Police On My Back \/ Garageland \/ Clash City Rockers \/ Spanish Bombs \/ I'm So Bored With The U.S.A. \/ London's Burning \/ Bankrobber","breadcrumb":{"@id":"https:\/\/wpguerssen-test.odoo.rgbconsulting.com\/es\/producto\/have-a-drink-on-me-kowloon-february-82-fm-yellow\/#breadcrumb"},"inLanguage":"es","potentialAction":[{"@type":"ReadAction","target":["https:\/\/wpguerssen-test.odoo.rgbconsulting.com\/es\/producto\/have-a-drink-on-me-kowloon-february-82-fm-yellow\/"]}]},{"@type":"ImageObject","inLanguage":"es","@id":"https:\/\/wpguerssen-test.odoo.rgbconsulting.com\/es\/producto\/have-a-drink-on-me-kowloon-february-82-fm-yellow\/#primaryimage","url":"https:\/\/wpguerssen-test.odoo.rgbconsulting.com\/wp-content\/uploads\/2025\/01\/49493.jpg","contentUrl":"https:\/\/wpguerssen-test.odoo.rgbconsulting.com\/wp-content\/uploads\/2025\/01\/49493.jpg","width":1181,"height":886},{"@type":"BreadcrumbList","@id":"https:\/\/wpguerssen-test.odoo.rgbconsulting.com\/es\/producto\/have-a-drink-on-me-kowloon-february-82-fm-yellow\/#breadcrumb","itemListElement":[{"@type":"ListItem","position":1,"name":"Inicio","item":"https:\/\/wpguerssen-test.odoo.rgbconsulting.com\/es\/"},{"@type":"ListItem","position":2,"name":"Shop","item":"https:\/\/wpguerssen-test.odoo.rgbconsulting.com\/shop\/"},{"@type":"ListItem","position":3,"name":"Have A Drink On Me. Kowloon February 82 FM (Yellow"}]},{"@type":"WebSite","@id":"https:\/\/wpguerssen-test.odoo.rgbconsulting.com\/es\/#website","url":"https:\/\/wpguerssen-test.odoo.rgbconsulting.com\/es\/","name":"Guerssen records","description":"psychedelia - progressive - folk - garage ","publisher":{"@id":"https:\/\/wpguerssen-test.odoo.rgbconsulting.com\/es\/#organization"},"potentialAction":[{"@type":"SearchAction","target":{"@type":"EntryPoint","urlTemplate":"https:\/\/wpguerssen-test.odoo.rgbconsulting.com\/es\/?s={search_term_string}"},"query-input":{"@type":"PropertyValueSpecification","valueRequired":true,"valueName":"search_term_string"}}],"inLanguage":"es"},{"@type":"Organization","@id":"https:\/\/wpguerssen-test.odoo.rgbconsulting.com\/es\/#organization","name":"Guerssen records","url":"https:\/\/wpguerssen-test.odoo.rgbconsulting.com\/es\/","logo":{"@type":"ImageObject","inLanguage":"es","@id":"https:\/\/wpguerssen-test.odoo.rgbconsulting.com\/es\/#\/schema\/logo\/image\/","url":"https:\/\/wpguerssen-test.odoo.rgbconsulting.com\/wp-content\/uploads\/2022\/04\/Logo_Guerssen_trans_100.png","contentUrl":"https:\/\/wpguerssen-test.odoo.rgbconsulting.com\/wp-content\/uploads\/2022\/04\/Logo_Guerssen_trans_100.png","width":122,"height":100,"caption":"Guerssen records"},"image":{"@id":"https:\/\/wpguerssen-test.odoo.rgbconsulting.com\/es\/#\/schema\/logo\/image\/"}}]}},"_links":{"self":[{"href":"https:\/\/wpguerssen-test.odoo.rgbconsulting.com\/es\/wp-json\/wp\/v2\/product\/280973","targetHints":{"allow":["GET"]}}],"collection":[{"href":"https:\/\/wpguerssen-test.odoo.rgbconsulting.com\/es\/wp-json\/wp\/v2\/product"}],"about":[{"href":"https:\/\/wpguerssen-test.odoo.rgbconsulting.com\/es\/wp-json\/wp\/v2\/types\/product"}],"wp:featuredmedia":[{"embeddable":true,"href":"https:\/\/wpguerssen-test.odoo.rgbconsulting.com\/es\/wp-json\/wp\/v2\/media\/280865"}],"wp:attachment":[{"href":"https:\/\/wpguerssen-test.odoo.rgbconsulting.com\/es\/wp-json\/wp\/v2\/media?parent=280973"}],"wp:term":[{"taxonomy":"product_brand","embeddable":true,"href":"https:\/\/wpguerssen-test.odoo.rgbconsulting.com\/es\/wp-json\/wp\/v2\/product_brand?post=280973"},{"taxonomy":"product_cat","embeddable":true,"href":"https:\/\/wpguerssen-test.odoo.rgbconsulting.com\/es\/wp-json\/wp\/v2\/product_cat?post=280973"},{"taxonomy":"product_tag","embeddable":true,"href":"https:\/\/wpguerssen-test.odoo.rgbconsulting.com\/es\/wp-json\/wp\/v2\/product_tag?post=280973"}],"curies":[{"name":"wp","href":"https:\/\/api.w.org\/{rel}","templated":true}]}}