{"id":280990,"date":"2025-02-25T00:00:00","date_gmt":"2025-02-24T23:00:00","guid":{"rendered":"https:\/\/wpguerssen-test.odoo.rgbconsulting.com\/product\/add-some-music-to-your-day\/"},"modified":"2025-04-22T15:58:26","modified_gmt":"2025-04-22T13:58:26","slug":"add-some-music-to-your-day","status":"publish","type":"product","link":"https:\/\/wpguerssen-test.odoo.rgbconsulting.com\/es\/producto\/add-some-music-to-your-day\/","title":{"rendered":"Add Some Music To Your Day"},"content":{"rendered":"<p>La reedici\u00f3n de Add Some Music To Your Day de Tatsuro Yamashita marca un momento significativo en la historia de la m\u00fasica, ya que resucita una joya poco com\u00fan de 1972 para que la disfrute el p\u00fablico contempor\u00e1neo. Con solo 100 copias producidas originalmente, este LP anal\u00f3gico ofrece una oportunidad \u00fanica de experimentar el viaje musical temprano de Yamashita.<\/p>\n","protected":false},"excerpt":{"rendered":"<p>La reedici\u00f3n de Add Some Music To Your Day de Tatsuro Yamashita marca un momento significativo en la historia de la m\u00fasica, ya que resucita una joya poco com\u00fan<a class=\"read\" href=\"https:\/\/wpguerssen-test.odoo.rgbconsulting.com\/es\/producto\/add-some-music-to-your-day\/\"> (...)<\/a>","protected":false},"featured_media":280916,"template":"","meta":{"_acf_changed":false},"product_brand":[],"product_cat":[21642,21664],"product_tag":[24189],"class_list":{"0":"post-280990","1":"product","2":"type-product","3":"status-publish","4":"has-post-thumbnail","6":"product_cat-rocknroll-es","7":"product_cat-surf-es","8":"product_tag-recien-llegadas","9":"pa_artist-yamashita-tatsuro","10":"pa_format-lp-es","11":"pa_gender-surf-rocknroll","12":"pa_label-endless-happiness","13":"pa_location-asia-es","14":"pa_other-filters-vinyl-only-es","16":"first","17":"instock","18":"taxable","19":"shipping-taxable","20":"purchasable","21":"product-type-simple"},"acf":[],"yoast_head":"<!-- This site is optimized with the Yoast SEO plugin v24.9 - https:\/\/yoast.com\/wordpress\/plugins\/seo\/ -->\n<title>YAMASHITA, Tatsuro - Add Some Music To Your Day -  (LP) | Guerssen<\/title>\n<meta name=\"description\" content=\"The reissue of Tatsuro Yamashita&#039;s Add Some Music To Your Day marks a significant moment in music history, resurrecting a rare gem from 1972 for contemporary audiences to enjoy. With only 100 copies originally produced, this analog LP offers a unique opportunity to experience Yamashita&#039;s early musical journey.\" \/>\n<meta name=\"robots\" content=\"index, follow, max-snippet:-1, max-image-preview:large, max-video-preview:-1\" \/>\n<link rel=\"canonical\" href=\"https:\/\/wpguerssen-test.odoo.rgbconsulting.com\/es\/producto\/add-some-music-to-your-day\/\" \/>\n<meta property=\"og:locale\" content=\"es_ES\" \/>\n<meta property=\"og:type\" content=\"article\" \/>\n<meta property=\"og:title\" content=\"YAMASHITA, Tatsuro - Add Some Music To Your Day -  (LP) | Guerssen\" \/>\n<meta property=\"og:description\" content=\"The reissue of Tatsuro Yamashita&#039;s Add Some Music To Your Day marks a significant moment in music history, resurrecting a rare gem from 1972 for contemporary audiences to enjoy. With only 100 copies originally produced, this analog LP offers a unique opportunity to experience Yamashita&#039;s early musical journey.\" \/>\n<meta property=\"og:url\" content=\"https:\/\/wpguerssen-test.odoo.rgbconsulting.com\/es\/producto\/add-some-music-to-your-day\/\" \/>\n<meta property=\"og:site_name\" content=\"Guerssen records\" \/>\n<meta property=\"article:modified_time\" content=\"2025-04-22T13:58:26+00:00\" \/>\n<meta property=\"og:image\" content=\"https:\/\/wpguerssen-test.odoo.rgbconsulting.com\/wp-content\/uploads\/2025\/01\/49510.jpg\" \/>\n\t<meta property=\"og:image:width\" content=\"945\" \/>\n\t<meta property=\"og:image:height\" content=\"945\" \/>\n\t<meta property=\"og:image:type\" content=\"image\/jpeg\" \/>\n<meta name=\"twitter:card\" content=\"summary_large_image\" \/>\n<meta name=\"twitter:title\" content=\"YAMASHITA, Tatsuro - Add Some Music To Your Day -  (LP) | Guerssen\" \/>\n<script type=\"application\/ld+json\" class=\"yoast-schema-graph\">{\"@context\":\"https:\/\/schema.org\",\"@graph\":[{\"@type\":\"WebPage\",\"@id\":\"https:\/\/wpguerssen-test.odoo.rgbconsulting.com\/es\/producto\/add-some-music-to-your-day\/\",\"url\":\"https:\/\/wpguerssen-test.odoo.rgbconsulting.com\/es\/producto\/add-some-music-to-your-day\/\",\"name\":\"YAMASHITA, Tatsuro - Add Some Music To Your Day - (LP) | Guerssen\",\"isPartOf\":{\"@id\":\"https:\/\/wpguerssen-test.odoo.rgbconsulting.com\/es\/#website\"},\"primaryImageOfPage\":{\"@id\":\"https:\/\/wpguerssen-test.odoo.rgbconsulting.com\/es\/producto\/add-some-music-to-your-day\/#primaryimage\"},\"image\":{\"@id\":\"https:\/\/wpguerssen-test.odoo.rgbconsulting.com\/es\/producto\/add-some-music-to-your-day\/#primaryimage\"},\"thumbnailUrl\":\"https:\/\/wpguerssen-test.odoo.rgbconsulting.com\/wp-content\/uploads\/2025\/01\/49510.jpg\",\"datePublished\":\"2025-02-24T23:00:00+00:00\",\"dateModified\":\"2025-04-22T13:58:26+00:00\",\"description\":\"The reissue of Tatsuro Yamashita's Add Some Music To Your Day marks a significant moment in music history, resurrecting a rare gem from 1972 for contemporary audiences to enjoy. With only 100 copies originally produced, this analog LP offers a unique opportunity to experience Yamashita's early musical journey.\",\"breadcrumb\":{\"@id\":\"https:\/\/wpguerssen-test.odoo.rgbconsulting.com\/es\/producto\/add-some-music-to-your-day\/#breadcrumb\"},\"inLanguage\":\"es\",\"potentialAction\":[{\"@type\":\"ReadAction\",\"target\":[\"https:\/\/wpguerssen-test.odoo.rgbconsulting.com\/es\/producto\/add-some-music-to-your-day\/\"]}]},{\"@type\":\"ImageObject\",\"inLanguage\":\"es\",\"@id\":\"https:\/\/wpguerssen-test.odoo.rgbconsulting.com\/es\/producto\/add-some-music-to-your-day\/#primaryimage\",\"url\":\"https:\/\/wpguerssen-test.odoo.rgbconsulting.com\/wp-content\/uploads\/2025\/01\/49510.jpg\",\"contentUrl\":\"https:\/\/wpguerssen-test.odoo.rgbconsulting.com\/wp-content\/uploads\/2025\/01\/49510.jpg\",\"width\":945,\"height\":945,\"caption\":\"Tatsuro - Add Some Music To Your Day - ENDLESS HAPPINESS (LP) | Guerssen\"},{\"@type\":\"BreadcrumbList\",\"@id\":\"https:\/\/wpguerssen-test.odoo.rgbconsulting.com\/es\/producto\/add-some-music-to-your-day\/#breadcrumb\",\"itemListElement\":[{\"@type\":\"ListItem\",\"position\":1,\"name\":\"Inicio\",\"item\":\"https:\/\/wpguerssen-test.odoo.rgbconsulting.com\/es\/\"},{\"@type\":\"ListItem\",\"position\":2,\"name\":\"Shop\",\"item\":\"https:\/\/wpguerssen-test.odoo.rgbconsulting.com\/shop\/\"},{\"@type\":\"ListItem\",\"position\":3,\"name\":\"Add Some Music To Your Day\"}]},{\"@type\":\"WebSite\",\"@id\":\"https:\/\/wpguerssen-test.odoo.rgbconsulting.com\/es\/#website\",\"url\":\"https:\/\/wpguerssen-test.odoo.rgbconsulting.com\/es\/\",\"name\":\"Guerssen records\",\"description\":\"psychedelia - progressive - folk - garage \",\"publisher\":{\"@id\":\"https:\/\/wpguerssen-test.odoo.rgbconsulting.com\/es\/#organization\"},\"potentialAction\":[{\"@type\":\"SearchAction\",\"target\":{\"@type\":\"EntryPoint\",\"urlTemplate\":\"https:\/\/wpguerssen-test.odoo.rgbconsulting.com\/es\/?s={search_term_string}\"},\"query-input\":{\"@type\":\"PropertyValueSpecification\",\"valueRequired\":true,\"valueName\":\"search_term_string\"}}],\"inLanguage\":\"es\"},{\"@type\":\"Organization\",\"@id\":\"https:\/\/wpguerssen-test.odoo.rgbconsulting.com\/es\/#organization\",\"name\":\"Guerssen records\",\"url\":\"https:\/\/wpguerssen-test.odoo.rgbconsulting.com\/es\/\",\"logo\":{\"@type\":\"ImageObject\",\"inLanguage\":\"es\",\"@id\":\"https:\/\/wpguerssen-test.odoo.rgbconsulting.com\/es\/#\/schema\/logo\/image\/\",\"url\":\"https:\/\/wpguerssen-test.odoo.rgbconsulting.com\/wp-content\/uploads\/2022\/04\/Logo_Guerssen_trans_100.png\",\"contentUrl\":\"https:\/\/wpguerssen-test.odoo.rgbconsulting.com\/wp-content\/uploads\/2022\/04\/Logo_Guerssen_trans_100.png\",\"width\":122,\"height\":100,\"caption\":\"Guerssen records\"},\"image\":{\"@id\":\"https:\/\/wpguerssen-test.odoo.rgbconsulting.com\/es\/#\/schema\/logo\/image\/\"}}]}<\/script>\n<!-- \/ Yoast SEO plugin. -->","yoast_head_json":{"title":"YAMASHITA, Tatsuro - Add Some Music To Your Day -  (LP) | Guerssen","description":"The reissue of Tatsuro Yamashita's Add Some Music To Your Day marks a significant moment in music history, resurrecting a rare gem from 1972 for contemporary audiences to enjoy. With only 100 copies originally produced, this analog LP offers a unique opportunity to experience Yamashita's early musical journey.","robots":{"index":"index","follow":"follow","max-snippet":"max-snippet:-1","max-image-preview":"max-image-preview:large","max-video-preview":"max-video-preview:-1"},"canonical":"https:\/\/wpguerssen-test.odoo.rgbconsulting.com\/es\/producto\/add-some-music-to-your-day\/","og_locale":"es_ES","og_type":"article","og_title":"YAMASHITA, Tatsuro - Add Some Music To Your Day -  (LP) | Guerssen","og_description":"The reissue of Tatsuro Yamashita's Add Some Music To Your Day marks a significant moment in music history, resurrecting a rare gem from 1972 for contemporary audiences to enjoy. With only 100 copies originally produced, this analog LP offers a unique opportunity to experience Yamashita's early musical journey.","og_url":"https:\/\/wpguerssen-test.odoo.rgbconsulting.com\/es\/producto\/add-some-music-to-your-day\/","og_site_name":"Guerssen records","article_modified_time":"2025-04-22T13:58:26+00:00","og_image":[{"width":945,"height":945,"url":"https:\/\/wpguerssen-test.odoo.rgbconsulting.com\/wp-content\/uploads\/2025\/01\/49510.jpg","type":"image\/jpeg"}],"twitter_card":"summary_large_image","twitter_title":"YAMASHITA, Tatsuro - Add Some Music To Your Day -  (LP) | Guerssen","schema":{"@context":"https:\/\/schema.org","@graph":[{"@type":"WebPage","@id":"https:\/\/wpguerssen-test.odoo.rgbconsulting.com\/es\/producto\/add-some-music-to-your-day\/","url":"https:\/\/wpguerssen-test.odoo.rgbconsulting.com\/es\/producto\/add-some-music-to-your-day\/","name":"YAMASHITA, Tatsuro - Add Some Music To Your Day - (LP) | Guerssen","isPartOf":{"@id":"https:\/\/wpguerssen-test.odoo.rgbconsulting.com\/es\/#website"},"primaryImageOfPage":{"@id":"https:\/\/wpguerssen-test.odoo.rgbconsulting.com\/es\/producto\/add-some-music-to-your-day\/#primaryimage"},"image":{"@id":"https:\/\/wpguerssen-test.odoo.rgbconsulting.com\/es\/producto\/add-some-music-to-your-day\/#primaryimage"},"thumbnailUrl":"https:\/\/wpguerssen-test.odoo.rgbconsulting.com\/wp-content\/uploads\/2025\/01\/49510.jpg","datePublished":"2025-02-24T23:00:00+00:00","dateModified":"2025-04-22T13:58:26+00:00","description":"The reissue of Tatsuro Yamashita's Add Some Music To Your Day marks a significant moment in music history, resurrecting a rare gem from 1972 for contemporary audiences to enjoy. With only 100 copies originally produced, this analog LP offers a unique opportunity to experience Yamashita's early musical journey.","breadcrumb":{"@id":"https:\/\/wpguerssen-test.odoo.rgbconsulting.com\/es\/producto\/add-some-music-to-your-day\/#breadcrumb"},"inLanguage":"es","potentialAction":[{"@type":"ReadAction","target":["https:\/\/wpguerssen-test.odoo.rgbconsulting.com\/es\/producto\/add-some-music-to-your-day\/"]}]},{"@type":"ImageObject","inLanguage":"es","@id":"https:\/\/wpguerssen-test.odoo.rgbconsulting.com\/es\/producto\/add-some-music-to-your-day\/#primaryimage","url":"https:\/\/wpguerssen-test.odoo.rgbconsulting.com\/wp-content\/uploads\/2025\/01\/49510.jpg","contentUrl":"https:\/\/wpguerssen-test.odoo.rgbconsulting.com\/wp-content\/uploads\/2025\/01\/49510.jpg","width":945,"height":945,"caption":"Tatsuro - Add Some Music To Your Day - ENDLESS HAPPINESS (LP) | Guerssen"},{"@type":"BreadcrumbList","@id":"https:\/\/wpguerssen-test.odoo.rgbconsulting.com\/es\/producto\/add-some-music-to-your-day\/#breadcrumb","itemListElement":[{"@type":"ListItem","position":1,"name":"Inicio","item":"https:\/\/wpguerssen-test.odoo.rgbconsulting.com\/es\/"},{"@type":"ListItem","position":2,"name":"Shop","item":"https:\/\/wpguerssen-test.odoo.rgbconsulting.com\/shop\/"},{"@type":"ListItem","position":3,"name":"Add Some Music To Your Day"}]},{"@type":"WebSite","@id":"https:\/\/wpguerssen-test.odoo.rgbconsulting.com\/es\/#website","url":"https:\/\/wpguerssen-test.odoo.rgbconsulting.com\/es\/","name":"Guerssen records","description":"psychedelia - progressive - folk - garage ","publisher":{"@id":"https:\/\/wpguerssen-test.odoo.rgbconsulting.com\/es\/#organization"},"potentialAction":[{"@type":"SearchAction","target":{"@type":"EntryPoint","urlTemplate":"https:\/\/wpguerssen-test.odoo.rgbconsulting.com\/es\/?s={search_term_string}"},"query-input":{"@type":"PropertyValueSpecification","valueRequired":true,"valueName":"search_term_string"}}],"inLanguage":"es"},{"@type":"Organization","@id":"https:\/\/wpguerssen-test.odoo.rgbconsulting.com\/es\/#organization","name":"Guerssen records","url":"https:\/\/wpguerssen-test.odoo.rgbconsulting.com\/es\/","logo":{"@type":"ImageObject","inLanguage":"es","@id":"https:\/\/wpguerssen-test.odoo.rgbconsulting.com\/es\/#\/schema\/logo\/image\/","url":"https:\/\/wpguerssen-test.odoo.rgbconsulting.com\/wp-content\/uploads\/2022\/04\/Logo_Guerssen_trans_100.png","contentUrl":"https:\/\/wpguerssen-test.odoo.rgbconsulting.com\/wp-content\/uploads\/2022\/04\/Logo_Guerssen_trans_100.png","width":122,"height":100,"caption":"Guerssen records"},"image":{"@id":"https:\/\/wpguerssen-test.odoo.rgbconsulting.com\/es\/#\/schema\/logo\/image\/"}}]}},"_links":{"self":[{"href":"https:\/\/wpguerssen-test.odoo.rgbconsulting.com\/es\/wp-json\/wp\/v2\/product\/280990","targetHints":{"allow":["GET"]}}],"collection":[{"href":"https:\/\/wpguerssen-test.odoo.rgbconsulting.com\/es\/wp-json\/wp\/v2\/product"}],"about":[{"href":"https:\/\/wpguerssen-test.odoo.rgbconsulting.com\/es\/wp-json\/wp\/v2\/types\/product"}],"wp:featuredmedia":[{"embeddable":true,"href":"https:\/\/wpguerssen-test.odoo.rgbconsulting.com\/es\/wp-json\/wp\/v2\/media\/280916"}],"wp:attachment":[{"href":"https:\/\/wpguerssen-test.odoo.rgbconsulting.com\/es\/wp-json\/wp\/v2\/media?parent=280990"}],"wp:term":[{"taxonomy":"product_brand","embeddable":true,"href":"https:\/\/wpguerssen-test.odoo.rgbconsulting.com\/es\/wp-json\/wp\/v2\/product_brand?post=280990"},{"taxonomy":"product_cat","embeddable":true,"href":"https:\/\/wpguerssen-test.odoo.rgbconsulting.com\/es\/wp-json\/wp\/v2\/product_cat?post=280990"},{"taxonomy":"product_tag","embeddable":true,"href":"https:\/\/wpguerssen-test.odoo.rgbconsulting.com\/es\/wp-json\/wp\/v2\/product_tag?post=280990"}],"curies":[{"name":"wp","href":"https:\/\/api.w.org\/{rel}","templated":true}]}}