{"id":280991,"date":"2025-02-25T00:00:00","date_gmt":"2025-02-24T23:00:00","guid":{"rendered":"https:\/\/wpguerssen-test.odoo.rgbconsulting.com\/product\/secos-molhados\/"},"modified":"2025-04-23T17:36:24","modified_gmt":"2025-04-23T15:36:24","slug":"secos-molhados","status":"publish","type":"product","link":"https:\/\/wpguerssen-test.odoo.rgbconsulting.com\/es\/producto\/secos-molhados\/","title":{"rendered":"Secos &#038; molhados"},"content":{"rendered":"<p>Secos &#038; Molhados es el \u00e1lbum debut del grupo del mismo nombre, lanzado en agosto de 1973. El \u00e1lbum incluye obras de poes\u00eda de autores como Vin\u00edcius de Moraes, Manuel Bandeira y Jo\u00e3o Apolin\u00e1rio, y bailes y canciones del folclore portugu\u00e9s y las tradiciones brasile\u00f1as. El \u00e1lbum, as\u00ed como la propia banda, surgi\u00f3 en medio de una \u00e9poca de censura y dictadura militar en Brasil, inspirando a la banda a retratar temas como la libertad de expresi\u00f3n, el racismo y la guerra como forma de protesta. Es el LP m\u00e1s famoso del grupo Secos &#038; Molhados, vendiendo m\u00e1s de 1 mill\u00f3n de copias en todo el pa\u00eds. El \u00e1lbum incorpor\u00f3 rock pesado, m\u00fasica popular brasile\u00f1a, glam rock y g\u00e9neros desarrollados en Brasil como el pop psicod\u00e9lico y el folk. LP de 45 RPM.<\/p>\n","protected":false},"excerpt":{"rendered":"<p>Secos &#038; Molhados es el \u00e1lbum debut del grupo del mismo nombre, lanzado en agosto de 1973. El \u00e1lbum incluye obras de poes\u00eda de autores como Vin\u00edcius de Moraes,<a class=\"read\" href=\"https:\/\/wpguerssen-test.odoo.rgbconsulting.com\/es\/producto\/secos-molhados\/\"> (...)<\/a>","protected":false},"featured_media":280919,"template":"","meta":{"_acf_changed":false},"product_brand":[],"product_cat":[23274,23231],"product_tag":[24189],"class_list":{"0":"post-280991","1":"product","2":"type-product","3":"status-publish","4":"has-post-thumbnail","6":"product_cat-folk-rock-60s-70s-es","7":"product_cat-latin-brazilian-es","8":"product_tag-recien-llegadas","9":"pa_artist-secos-molhados","10":"pa_format-lp-es","11":"pa_gender-latin-brazilian-folk-rock-60s-70s","12":"pa_label-endless-happiness","13":"pa_location-south-america-caribbean-es","14":"pa_other-filters-vinyl-only-es","16":"first","17":"instock","18":"taxable","19":"shipping-taxable","20":"purchasable","21":"product-type-simple"},"acf":[],"yoast_head":"<!-- This site is optimized with the Yoast SEO plugin v24.9 - https:\/\/yoast.com\/wordpress\/plugins\/seo\/ -->\n<title>SECOS &amp; MOLHADOS - Secos &amp; molhados -  (LP) | Guerssen<\/title>\n<meta name=\"description\" content=\"Secos &amp; Molhados is the debut album of the group of the same name, released in August 1973. The album includes poetry works of authors such as Vin\u00edcius de Moraes, Manuel Bandeira and Jo\u00e3o Apolin\u00e1rio, and dances and songs from Portuguese folklore and Brazilian traditions. The album, as well as the band itself, emerged in the midst of a time of censorship and military dictatorship in Brazil, inspiring the band to portray themes such as freedom of expression, racism and war as a form of protest. It is the most famous LP of the Secos &amp; Molhados group, selling more than 1 million copies throughout the country. The album incorporated heavy rock, Brazilian popular music, glam rock and developed genres in Brazil such as psychedelic pop and folk. 45 RPM LP.\" \/>\n<meta name=\"robots\" content=\"index, follow, max-snippet:-1, max-image-preview:large, max-video-preview:-1\" \/>\n<link rel=\"canonical\" href=\"https:\/\/wpguerssen-test.odoo.rgbconsulting.com\/es\/producto\/secos-molhados\/\" \/>\n<meta property=\"og:locale\" content=\"es_ES\" \/>\n<meta property=\"og:type\" content=\"article\" \/>\n<meta property=\"og:title\" content=\"SECOS &amp; MOLHADOS - Secos &amp; molhados -  (LP) | Guerssen\" \/>\n<meta property=\"og:description\" content=\"Secos &amp; Molhados is the debut album of the group of the same name, released in August 1973. The album includes poetry works of authors such as Vin\u00edcius de Moraes, Manuel Bandeira and Jo\u00e3o Apolin\u00e1rio, and dances and songs from Portuguese folklore and Brazilian traditions. The album, as well as the band itself, emerged in the midst of a time of censorship and military dictatorship in Brazil, inspiring the band to portray themes such as freedom of expression, racism and war as a form of protest. It is the most famous LP of the Secos &amp; Molhados group, selling more than 1 million copies throughout the country. The album incorporated heavy rock, Brazilian popular music, glam rock and developed genres in Brazil such as psychedelic pop and folk. 45 RPM LP.\" \/>\n<meta property=\"og:url\" content=\"https:\/\/wpguerssen-test.odoo.rgbconsulting.com\/es\/producto\/secos-molhados\/\" \/>\n<meta property=\"og:site_name\" content=\"Guerssen records\" \/>\n<meta property=\"article:modified_time\" content=\"2025-04-23T15:36:24+00:00\" \/>\n<meta property=\"og:image\" content=\"https:\/\/wpguerssen-test.odoo.rgbconsulting.com\/wp-content\/uploads\/2025\/01\/49511.jpg\" \/>\n\t<meta property=\"og:image:width\" content=\"945\" \/>\n\t<meta property=\"og:image:height\" content=\"945\" \/>\n\t<meta property=\"og:image:type\" content=\"image\/jpeg\" \/>\n<meta name=\"twitter:card\" content=\"summary_large_image\" \/>\n<meta name=\"twitter:title\" content=\"SECOS &amp; MOLHADOS - Secos &amp; molhados -  (LP) | Guerssen\" \/>\n<meta name=\"twitter:label1\" content=\"Tiempo de lectura\" \/>\n\t<meta name=\"twitter:data1\" content=\"1 minuto\" \/>\n<script type=\"application\/ld+json\" class=\"yoast-schema-graph\">{\"@context\":\"https:\/\/schema.org\",\"@graph\":[{\"@type\":\"WebPage\",\"@id\":\"https:\/\/wpguerssen-test.odoo.rgbconsulting.com\/es\/producto\/secos-molhados\/\",\"url\":\"https:\/\/wpguerssen-test.odoo.rgbconsulting.com\/es\/producto\/secos-molhados\/\",\"name\":\"SECOS & MOLHADOS - Secos & molhados - (LP) | Guerssen\",\"isPartOf\":{\"@id\":\"https:\/\/wpguerssen-test.odoo.rgbconsulting.com\/es\/#website\"},\"primaryImageOfPage\":{\"@id\":\"https:\/\/wpguerssen-test.odoo.rgbconsulting.com\/es\/producto\/secos-molhados\/#primaryimage\"},\"image\":{\"@id\":\"https:\/\/wpguerssen-test.odoo.rgbconsulting.com\/es\/producto\/secos-molhados\/#primaryimage\"},\"thumbnailUrl\":\"https:\/\/wpguerssen-test.odoo.rgbconsulting.com\/wp-content\/uploads\/2025\/01\/49511.jpg\",\"datePublished\":\"2025-02-24T23:00:00+00:00\",\"dateModified\":\"2025-04-23T15:36:24+00:00\",\"description\":\"Secos & Molhados is the debut album of the group of the same name, released in August 1973. The album includes poetry works of authors such as Vin\u00edcius de Moraes, Manuel Bandeira and Jo\u00e3o Apolin\u00e1rio, and dances and songs from Portuguese folklore and Brazilian traditions. The album, as well as the band itself, emerged in the midst of a time of censorship and military dictatorship in Brazil, inspiring the band to portray themes such as freedom of expression, racism and war as a form of protest. It is the most famous LP of the Secos & Molhados group, selling more than 1 million copies throughout the country. The album incorporated heavy rock, Brazilian popular music, glam rock and developed genres in Brazil such as psychedelic pop and folk. 45 RPM LP.\",\"breadcrumb\":{\"@id\":\"https:\/\/wpguerssen-test.odoo.rgbconsulting.com\/es\/producto\/secos-molhados\/#breadcrumb\"},\"inLanguage\":\"es\",\"potentialAction\":[{\"@type\":\"ReadAction\",\"target\":[\"https:\/\/wpguerssen-test.odoo.rgbconsulting.com\/es\/producto\/secos-molhados\/\"]}]},{\"@type\":\"ImageObject\",\"inLanguage\":\"es\",\"@id\":\"https:\/\/wpguerssen-test.odoo.rgbconsulting.com\/es\/producto\/secos-molhados\/#primaryimage\",\"url\":\"https:\/\/wpguerssen-test.odoo.rgbconsulting.com\/wp-content\/uploads\/2025\/01\/49511.jpg\",\"contentUrl\":\"https:\/\/wpguerssen-test.odoo.rgbconsulting.com\/wp-content\/uploads\/2025\/01\/49511.jpg\",\"width\":945,\"height\":945},{\"@type\":\"BreadcrumbList\",\"@id\":\"https:\/\/wpguerssen-test.odoo.rgbconsulting.com\/es\/producto\/secos-molhados\/#breadcrumb\",\"itemListElement\":[{\"@type\":\"ListItem\",\"position\":1,\"name\":\"Inicio\",\"item\":\"https:\/\/wpguerssen-test.odoo.rgbconsulting.com\/es\/\"},{\"@type\":\"ListItem\",\"position\":2,\"name\":\"Shop\",\"item\":\"https:\/\/wpguerssen-test.odoo.rgbconsulting.com\/shop\/\"},{\"@type\":\"ListItem\",\"position\":3,\"name\":\"Secos &#038; molhados\"}]},{\"@type\":\"WebSite\",\"@id\":\"https:\/\/wpguerssen-test.odoo.rgbconsulting.com\/es\/#website\",\"url\":\"https:\/\/wpguerssen-test.odoo.rgbconsulting.com\/es\/\",\"name\":\"Guerssen records\",\"description\":\"psychedelia - progressive - folk - garage \",\"publisher\":{\"@id\":\"https:\/\/wpguerssen-test.odoo.rgbconsulting.com\/es\/#organization\"},\"potentialAction\":[{\"@type\":\"SearchAction\",\"target\":{\"@type\":\"EntryPoint\",\"urlTemplate\":\"https:\/\/wpguerssen-test.odoo.rgbconsulting.com\/es\/?s={search_term_string}\"},\"query-input\":{\"@type\":\"PropertyValueSpecification\",\"valueRequired\":true,\"valueName\":\"search_term_string\"}}],\"inLanguage\":\"es\"},{\"@type\":\"Organization\",\"@id\":\"https:\/\/wpguerssen-test.odoo.rgbconsulting.com\/es\/#organization\",\"name\":\"Guerssen records\",\"url\":\"https:\/\/wpguerssen-test.odoo.rgbconsulting.com\/es\/\",\"logo\":{\"@type\":\"ImageObject\",\"inLanguage\":\"es\",\"@id\":\"https:\/\/wpguerssen-test.odoo.rgbconsulting.com\/es\/#\/schema\/logo\/image\/\",\"url\":\"https:\/\/wpguerssen-test.odoo.rgbconsulting.com\/wp-content\/uploads\/2022\/04\/Logo_Guerssen_trans_100.png\",\"contentUrl\":\"https:\/\/wpguerssen-test.odoo.rgbconsulting.com\/wp-content\/uploads\/2022\/04\/Logo_Guerssen_trans_100.png\",\"width\":122,\"height\":100,\"caption\":\"Guerssen records\"},\"image\":{\"@id\":\"https:\/\/wpguerssen-test.odoo.rgbconsulting.com\/es\/#\/schema\/logo\/image\/\"}}]}<\/script>\n<!-- \/ Yoast SEO plugin. -->","yoast_head_json":{"title":"SECOS & MOLHADOS - Secos & molhados -  (LP) | Guerssen","description":"Secos & Molhados is the debut album of the group of the same name, released in August 1973. The album includes poetry works of authors such as Vin\u00edcius de Moraes, Manuel Bandeira and Jo\u00e3o Apolin\u00e1rio, and dances and songs from Portuguese folklore and Brazilian traditions. The album, as well as the band itself, emerged in the midst of a time of censorship and military dictatorship in Brazil, inspiring the band to portray themes such as freedom of expression, racism and war as a form of protest. It is the most famous LP of the Secos & Molhados group, selling more than 1 million copies throughout the country. The album incorporated heavy rock, Brazilian popular music, glam rock and developed genres in Brazil such as psychedelic pop and folk. 45 RPM LP.","robots":{"index":"index","follow":"follow","max-snippet":"max-snippet:-1","max-image-preview":"max-image-preview:large","max-video-preview":"max-video-preview:-1"},"canonical":"https:\/\/wpguerssen-test.odoo.rgbconsulting.com\/es\/producto\/secos-molhados\/","og_locale":"es_ES","og_type":"article","og_title":"SECOS & MOLHADOS - Secos & molhados -  (LP) | Guerssen","og_description":"Secos & Molhados is the debut album of the group of the same name, released in August 1973. The album includes poetry works of authors such as Vin\u00edcius de Moraes, Manuel Bandeira and Jo\u00e3o Apolin\u00e1rio, and dances and songs from Portuguese folklore and Brazilian traditions. The album, as well as the band itself, emerged in the midst of a time of censorship and military dictatorship in Brazil, inspiring the band to portray themes such as freedom of expression, racism and war as a form of protest. It is the most famous LP of the Secos & Molhados group, selling more than 1 million copies throughout the country. The album incorporated heavy rock, Brazilian popular music, glam rock and developed genres in Brazil such as psychedelic pop and folk. 45 RPM LP.","og_url":"https:\/\/wpguerssen-test.odoo.rgbconsulting.com\/es\/producto\/secos-molhados\/","og_site_name":"Guerssen records","article_modified_time":"2025-04-23T15:36:24+00:00","og_image":[{"width":945,"height":945,"url":"https:\/\/wpguerssen-test.odoo.rgbconsulting.com\/wp-content\/uploads\/2025\/01\/49511.jpg","type":"image\/jpeg"}],"twitter_card":"summary_large_image","twitter_title":"SECOS & MOLHADOS - Secos & molhados -  (LP) | Guerssen","twitter_misc":{"Tiempo de lectura":"1 minuto"},"schema":{"@context":"https:\/\/schema.org","@graph":[{"@type":"WebPage","@id":"https:\/\/wpguerssen-test.odoo.rgbconsulting.com\/es\/producto\/secos-molhados\/","url":"https:\/\/wpguerssen-test.odoo.rgbconsulting.com\/es\/producto\/secos-molhados\/","name":"SECOS & MOLHADOS - Secos & molhados - (LP) | Guerssen","isPartOf":{"@id":"https:\/\/wpguerssen-test.odoo.rgbconsulting.com\/es\/#website"},"primaryImageOfPage":{"@id":"https:\/\/wpguerssen-test.odoo.rgbconsulting.com\/es\/producto\/secos-molhados\/#primaryimage"},"image":{"@id":"https:\/\/wpguerssen-test.odoo.rgbconsulting.com\/es\/producto\/secos-molhados\/#primaryimage"},"thumbnailUrl":"https:\/\/wpguerssen-test.odoo.rgbconsulting.com\/wp-content\/uploads\/2025\/01\/49511.jpg","datePublished":"2025-02-24T23:00:00+00:00","dateModified":"2025-04-23T15:36:24+00:00","description":"Secos & Molhados is the debut album of the group of the same name, released in August 1973. The album includes poetry works of authors such as Vin\u00edcius de Moraes, Manuel Bandeira and Jo\u00e3o Apolin\u00e1rio, and dances and songs from Portuguese folklore and Brazilian traditions. The album, as well as the band itself, emerged in the midst of a time of censorship and military dictatorship in Brazil, inspiring the band to portray themes such as freedom of expression, racism and war as a form of protest. It is the most famous LP of the Secos & Molhados group, selling more than 1 million copies throughout the country. The album incorporated heavy rock, Brazilian popular music, glam rock and developed genres in Brazil such as psychedelic pop and folk. 45 RPM LP.","breadcrumb":{"@id":"https:\/\/wpguerssen-test.odoo.rgbconsulting.com\/es\/producto\/secos-molhados\/#breadcrumb"},"inLanguage":"es","potentialAction":[{"@type":"ReadAction","target":["https:\/\/wpguerssen-test.odoo.rgbconsulting.com\/es\/producto\/secos-molhados\/"]}]},{"@type":"ImageObject","inLanguage":"es","@id":"https:\/\/wpguerssen-test.odoo.rgbconsulting.com\/es\/producto\/secos-molhados\/#primaryimage","url":"https:\/\/wpguerssen-test.odoo.rgbconsulting.com\/wp-content\/uploads\/2025\/01\/49511.jpg","contentUrl":"https:\/\/wpguerssen-test.odoo.rgbconsulting.com\/wp-content\/uploads\/2025\/01\/49511.jpg","width":945,"height":945},{"@type":"BreadcrumbList","@id":"https:\/\/wpguerssen-test.odoo.rgbconsulting.com\/es\/producto\/secos-molhados\/#breadcrumb","itemListElement":[{"@type":"ListItem","position":1,"name":"Inicio","item":"https:\/\/wpguerssen-test.odoo.rgbconsulting.com\/es\/"},{"@type":"ListItem","position":2,"name":"Shop","item":"https:\/\/wpguerssen-test.odoo.rgbconsulting.com\/shop\/"},{"@type":"ListItem","position":3,"name":"Secos &#038; molhados"}]},{"@type":"WebSite","@id":"https:\/\/wpguerssen-test.odoo.rgbconsulting.com\/es\/#website","url":"https:\/\/wpguerssen-test.odoo.rgbconsulting.com\/es\/","name":"Guerssen records","description":"psychedelia - progressive - folk - garage ","publisher":{"@id":"https:\/\/wpguerssen-test.odoo.rgbconsulting.com\/es\/#organization"},"potentialAction":[{"@type":"SearchAction","target":{"@type":"EntryPoint","urlTemplate":"https:\/\/wpguerssen-test.odoo.rgbconsulting.com\/es\/?s={search_term_string}"},"query-input":{"@type":"PropertyValueSpecification","valueRequired":true,"valueName":"search_term_string"}}],"inLanguage":"es"},{"@type":"Organization","@id":"https:\/\/wpguerssen-test.odoo.rgbconsulting.com\/es\/#organization","name":"Guerssen records","url":"https:\/\/wpguerssen-test.odoo.rgbconsulting.com\/es\/","logo":{"@type":"ImageObject","inLanguage":"es","@id":"https:\/\/wpguerssen-test.odoo.rgbconsulting.com\/es\/#\/schema\/logo\/image\/","url":"https:\/\/wpguerssen-test.odoo.rgbconsulting.com\/wp-content\/uploads\/2022\/04\/Logo_Guerssen_trans_100.png","contentUrl":"https:\/\/wpguerssen-test.odoo.rgbconsulting.com\/wp-content\/uploads\/2022\/04\/Logo_Guerssen_trans_100.png","width":122,"height":100,"caption":"Guerssen records"},"image":{"@id":"https:\/\/wpguerssen-test.odoo.rgbconsulting.com\/es\/#\/schema\/logo\/image\/"}}]}},"_links":{"self":[{"href":"https:\/\/wpguerssen-test.odoo.rgbconsulting.com\/es\/wp-json\/wp\/v2\/product\/280991","targetHints":{"allow":["GET"]}}],"collection":[{"href":"https:\/\/wpguerssen-test.odoo.rgbconsulting.com\/es\/wp-json\/wp\/v2\/product"}],"about":[{"href":"https:\/\/wpguerssen-test.odoo.rgbconsulting.com\/es\/wp-json\/wp\/v2\/types\/product"}],"wp:featuredmedia":[{"embeddable":true,"href":"https:\/\/wpguerssen-test.odoo.rgbconsulting.com\/es\/wp-json\/wp\/v2\/media\/280919"}],"wp:attachment":[{"href":"https:\/\/wpguerssen-test.odoo.rgbconsulting.com\/es\/wp-json\/wp\/v2\/media?parent=280991"}],"wp:term":[{"taxonomy":"product_brand","embeddable":true,"href":"https:\/\/wpguerssen-test.odoo.rgbconsulting.com\/es\/wp-json\/wp\/v2\/product_brand?post=280991"},{"taxonomy":"product_cat","embeddable":true,"href":"https:\/\/wpguerssen-test.odoo.rgbconsulting.com\/es\/wp-json\/wp\/v2\/product_cat?post=280991"},{"taxonomy":"product_tag","embeddable":true,"href":"https:\/\/wpguerssen-test.odoo.rgbconsulting.com\/es\/wp-json\/wp\/v2\/product_tag?post=280991"}],"curies":[{"name":"wp","href":"https:\/\/api.w.org\/{rel}","templated":true}]}}