{"id":280993,"date":"2025-04-11T00:00:00","date_gmt":"2025-04-10T22:00:00","guid":{"rendered":"https:\/\/wpguerssen-test.odoo.rgbconsulting.com\/product\/kawaida\/"},"modified":"2025-04-23T17:36:35","modified_gmt":"2025-04-23T15:36:35","slug":"kawaida","status":"publish","type":"product","link":"https:\/\/wpguerssen-test.odoo.rgbconsulting.com\/es\/producto\/kawaida\/","title":{"rendered":"Kawaida"},"content":{"rendered":"<p>Miembro de la organizaci\u00f3n nacionalista negra radical estadounidense, el percusionista James Mtume defendi\u00f3 el estilo de vida Kawaida, buscando la creatividad colectiva vinculada a sus ideales panafricanos y socialistas. Con su t\u00edo Albert y su padre Jimmy Heath a bordo, Mtume grab\u00f3 este intenso \u00e1lbum conceptual de jazz modal en diciembre de 1969 con Don Cherry, Herbie Hancock, Ed Blackwell y Buster Williams, dando como resultado una obra maestra de jazz con mucha percusi\u00f3n, con cada m\u00fasico en una forma excepcional, y las cinco pistas extendidas alcanzando picos de expresi\u00f3n emocional. Este es un deleite imprescindible para todos los amantes del jazz espiritual, modal y afroc\u00e9ntrico.<\/p>\n","protected":false},"excerpt":{"rendered":"<p>Miembro de la organizaci\u00f3n nacionalista negra radical estadounidense, el percusionista James Mtume defendi\u00f3 el estilo de vida Kawaida, buscando la creatividad colectiva<a class=\"read\" href=\"https:\/\/wpguerssen-test.odoo.rgbconsulting.com\/es\/producto\/kawaida\/\"> (...)<\/a>","protected":false},"featured_media":280925,"template":"","meta":{"_acf_changed":false},"product_brand":[],"product_cat":[23228,23227],"product_tag":[24189],"class_list":{"0":"post-280993","1":"product","2":"type-product","3":"status-publish","4":"has-post-thumbnail","6":"product_cat-jazz-funk-es","7":"product_cat-jazz-es","8":"product_tag-recien-llegadas","9":"pa_artist-kawaida","10":"pa_format-lp-es","11":"pa_gender-jazz-funk-jazz","12":"pa_label-trading-places","13":"pa_location-north-america-es","14":"pa_other-filters-vinyl-only-es","16":"first","17":"instock","18":"taxable","19":"shipping-taxable","20":"purchasable","21":"product-type-simple"},"acf":[],"yoast_head":"<!-- This site is optimized with the Yoast SEO plugin v24.9 - https:\/\/yoast.com\/wordpress\/plugins\/seo\/ -->\n<title>KAWAIDA - Kawaida -  (LP) | Guerssen<\/title>\n<meta name=\"description\" content=\"A member of the radical black nationalist US Organisation, percussionist James Mtume championed the Kawaida way of life, aiming for collective creativity linked to its pan-African and Socialist ideals. With uncle Albert and father Jimmy Heath on board, Mtume cut this intense modal jazz concept album in December 1969 with Don Cherry, Herbie Hancock, Ed Blackwell and Buster Williams, yielding a masterpiece of percussion-heavy jazz, with every player on exceptional form, the five extended tracks reaching to peaks of emotional expression. This is a must-have delight for all lovers of spiritual, modal and Afrocentric jazz.\" \/>\n<meta name=\"robots\" content=\"index, follow, max-snippet:-1, max-image-preview:large, max-video-preview:-1\" \/>\n<link rel=\"canonical\" href=\"https:\/\/wpguerssen-test.odoo.rgbconsulting.com\/es\/producto\/kawaida\/\" \/>\n<meta property=\"og:locale\" content=\"es_ES\" \/>\n<meta property=\"og:type\" content=\"article\" \/>\n<meta property=\"og:title\" content=\"KAWAIDA - Kawaida -  (LP) | Guerssen\" \/>\n<meta property=\"og:description\" content=\"A member of the radical black nationalist US Organisation, percussionist James Mtume championed the Kawaida way of life, aiming for collective creativity linked to its pan-African and Socialist ideals. With uncle Albert and father Jimmy Heath on board, Mtume cut this intense modal jazz concept album in December 1969 with Don Cherry, Herbie Hancock, Ed Blackwell and Buster Williams, yielding a masterpiece of percussion-heavy jazz, with every player on exceptional form, the five extended tracks reaching to peaks of emotional expression. This is a must-have delight for all lovers of spiritual, modal and Afrocentric jazz.\" \/>\n<meta property=\"og:url\" content=\"https:\/\/wpguerssen-test.odoo.rgbconsulting.com\/es\/producto\/kawaida\/\" \/>\n<meta property=\"og:site_name\" content=\"Guerssen records\" \/>\n<meta property=\"article:modified_time\" content=\"2025-04-23T15:36:35+00:00\" \/>\n<meta property=\"og:image\" content=\"https:\/\/wpguerssen-test.odoo.rgbconsulting.com\/wp-content\/uploads\/2025\/01\/49513.jpg\" \/>\n\t<meta property=\"og:image:width\" content=\"947\" \/>\n\t<meta property=\"og:image:height\" content=\"945\" \/>\n\t<meta property=\"og:image:type\" content=\"image\/jpeg\" \/>\n<meta name=\"twitter:card\" content=\"summary_large_image\" \/>\n<meta name=\"twitter:title\" content=\"KAWAIDA - Kawaida -  (LP) | Guerssen\" \/>\n<meta name=\"twitter:label1\" content=\"Tiempo de lectura\" \/>\n\t<meta name=\"twitter:data1\" content=\"1 minuto\" \/>\n<script type=\"application\/ld+json\" class=\"yoast-schema-graph\">{\"@context\":\"https:\/\/schema.org\",\"@graph\":[{\"@type\":\"WebPage\",\"@id\":\"https:\/\/wpguerssen-test.odoo.rgbconsulting.com\/es\/producto\/kawaida\/\",\"url\":\"https:\/\/wpguerssen-test.odoo.rgbconsulting.com\/es\/producto\/kawaida\/\",\"name\":\"KAWAIDA - Kawaida - (LP) | Guerssen\",\"isPartOf\":{\"@id\":\"https:\/\/wpguerssen-test.odoo.rgbconsulting.com\/es\/#website\"},\"primaryImageOfPage\":{\"@id\":\"https:\/\/wpguerssen-test.odoo.rgbconsulting.com\/es\/producto\/kawaida\/#primaryimage\"},\"image\":{\"@id\":\"https:\/\/wpguerssen-test.odoo.rgbconsulting.com\/es\/producto\/kawaida\/#primaryimage\"},\"thumbnailUrl\":\"https:\/\/wpguerssen-test.odoo.rgbconsulting.com\/wp-content\/uploads\/2025\/01\/49513.jpg\",\"datePublished\":\"2025-04-10T22:00:00+00:00\",\"dateModified\":\"2025-04-23T15:36:35+00:00\",\"description\":\"A member of the radical black nationalist US Organisation, percussionist James Mtume championed the Kawaida way of life, aiming for collective creativity linked to its pan-African and Socialist ideals. With uncle Albert and father Jimmy Heath on board, Mtume cut this intense modal jazz concept album in December 1969 with Don Cherry, Herbie Hancock, Ed Blackwell and Buster Williams, yielding a masterpiece of percussion-heavy jazz, with every player on exceptional form, the five extended tracks reaching to peaks of emotional expression. This is a must-have delight for all lovers of spiritual, modal and Afrocentric jazz.\",\"breadcrumb\":{\"@id\":\"https:\/\/wpguerssen-test.odoo.rgbconsulting.com\/es\/producto\/kawaida\/#breadcrumb\"},\"inLanguage\":\"es\",\"potentialAction\":[{\"@type\":\"ReadAction\",\"target\":[\"https:\/\/wpguerssen-test.odoo.rgbconsulting.com\/es\/producto\/kawaida\/\"]}]},{\"@type\":\"ImageObject\",\"inLanguage\":\"es\",\"@id\":\"https:\/\/wpguerssen-test.odoo.rgbconsulting.com\/es\/producto\/kawaida\/#primaryimage\",\"url\":\"https:\/\/wpguerssen-test.odoo.rgbconsulting.com\/wp-content\/uploads\/2025\/01\/49513.jpg\",\"contentUrl\":\"https:\/\/wpguerssen-test.odoo.rgbconsulting.com\/wp-content\/uploads\/2025\/01\/49513.jpg\",\"width\":947,\"height\":945},{\"@type\":\"BreadcrumbList\",\"@id\":\"https:\/\/wpguerssen-test.odoo.rgbconsulting.com\/es\/producto\/kawaida\/#breadcrumb\",\"itemListElement\":[{\"@type\":\"ListItem\",\"position\":1,\"name\":\"Inicio\",\"item\":\"https:\/\/wpguerssen-test.odoo.rgbconsulting.com\/es\/\"},{\"@type\":\"ListItem\",\"position\":2,\"name\":\"Shop\",\"item\":\"https:\/\/wpguerssen-test.odoo.rgbconsulting.com\/shop\/\"},{\"@type\":\"ListItem\",\"position\":3,\"name\":\"Kawaida\"}]},{\"@type\":\"WebSite\",\"@id\":\"https:\/\/wpguerssen-test.odoo.rgbconsulting.com\/es\/#website\",\"url\":\"https:\/\/wpguerssen-test.odoo.rgbconsulting.com\/es\/\",\"name\":\"Guerssen records\",\"description\":\"psychedelia - progressive - folk - garage \",\"publisher\":{\"@id\":\"https:\/\/wpguerssen-test.odoo.rgbconsulting.com\/es\/#organization\"},\"potentialAction\":[{\"@type\":\"SearchAction\",\"target\":{\"@type\":\"EntryPoint\",\"urlTemplate\":\"https:\/\/wpguerssen-test.odoo.rgbconsulting.com\/es\/?s={search_term_string}\"},\"query-input\":{\"@type\":\"PropertyValueSpecification\",\"valueRequired\":true,\"valueName\":\"search_term_string\"}}],\"inLanguage\":\"es\"},{\"@type\":\"Organization\",\"@id\":\"https:\/\/wpguerssen-test.odoo.rgbconsulting.com\/es\/#organization\",\"name\":\"Guerssen records\",\"url\":\"https:\/\/wpguerssen-test.odoo.rgbconsulting.com\/es\/\",\"logo\":{\"@type\":\"ImageObject\",\"inLanguage\":\"es\",\"@id\":\"https:\/\/wpguerssen-test.odoo.rgbconsulting.com\/es\/#\/schema\/logo\/image\/\",\"url\":\"https:\/\/wpguerssen-test.odoo.rgbconsulting.com\/wp-content\/uploads\/2022\/04\/Logo_Guerssen_trans_100.png\",\"contentUrl\":\"https:\/\/wpguerssen-test.odoo.rgbconsulting.com\/wp-content\/uploads\/2022\/04\/Logo_Guerssen_trans_100.png\",\"width\":122,\"height\":100,\"caption\":\"Guerssen records\"},\"image\":{\"@id\":\"https:\/\/wpguerssen-test.odoo.rgbconsulting.com\/es\/#\/schema\/logo\/image\/\"}}]}<\/script>\n<!-- \/ Yoast SEO plugin. -->","yoast_head_json":{"title":"KAWAIDA - Kawaida -  (LP) | Guerssen","description":"A member of the radical black nationalist US Organisation, percussionist James Mtume championed the Kawaida way of life, aiming for collective creativity linked to its pan-African and Socialist ideals. With uncle Albert and father Jimmy Heath on board, Mtume cut this intense modal jazz concept album in December 1969 with Don Cherry, Herbie Hancock, Ed Blackwell and Buster Williams, yielding a masterpiece of percussion-heavy jazz, with every player on exceptional form, the five extended tracks reaching to peaks of emotional expression. This is a must-have delight for all lovers of spiritual, modal and Afrocentric jazz.","robots":{"index":"index","follow":"follow","max-snippet":"max-snippet:-1","max-image-preview":"max-image-preview:large","max-video-preview":"max-video-preview:-1"},"canonical":"https:\/\/wpguerssen-test.odoo.rgbconsulting.com\/es\/producto\/kawaida\/","og_locale":"es_ES","og_type":"article","og_title":"KAWAIDA - Kawaida -  (LP) | Guerssen","og_description":"A member of the radical black nationalist US Organisation, percussionist James Mtume championed the Kawaida way of life, aiming for collective creativity linked to its pan-African and Socialist ideals. With uncle Albert and father Jimmy Heath on board, Mtume cut this intense modal jazz concept album in December 1969 with Don Cherry, Herbie Hancock, Ed Blackwell and Buster Williams, yielding a masterpiece of percussion-heavy jazz, with every player on exceptional form, the five extended tracks reaching to peaks of emotional expression. This is a must-have delight for all lovers of spiritual, modal and Afrocentric jazz.","og_url":"https:\/\/wpguerssen-test.odoo.rgbconsulting.com\/es\/producto\/kawaida\/","og_site_name":"Guerssen records","article_modified_time":"2025-04-23T15:36:35+00:00","og_image":[{"width":947,"height":945,"url":"https:\/\/wpguerssen-test.odoo.rgbconsulting.com\/wp-content\/uploads\/2025\/01\/49513.jpg","type":"image\/jpeg"}],"twitter_card":"summary_large_image","twitter_title":"KAWAIDA - Kawaida -  (LP) | Guerssen","twitter_misc":{"Tiempo de lectura":"1 minuto"},"schema":{"@context":"https:\/\/schema.org","@graph":[{"@type":"WebPage","@id":"https:\/\/wpguerssen-test.odoo.rgbconsulting.com\/es\/producto\/kawaida\/","url":"https:\/\/wpguerssen-test.odoo.rgbconsulting.com\/es\/producto\/kawaida\/","name":"KAWAIDA - Kawaida - (LP) | Guerssen","isPartOf":{"@id":"https:\/\/wpguerssen-test.odoo.rgbconsulting.com\/es\/#website"},"primaryImageOfPage":{"@id":"https:\/\/wpguerssen-test.odoo.rgbconsulting.com\/es\/producto\/kawaida\/#primaryimage"},"image":{"@id":"https:\/\/wpguerssen-test.odoo.rgbconsulting.com\/es\/producto\/kawaida\/#primaryimage"},"thumbnailUrl":"https:\/\/wpguerssen-test.odoo.rgbconsulting.com\/wp-content\/uploads\/2025\/01\/49513.jpg","datePublished":"2025-04-10T22:00:00+00:00","dateModified":"2025-04-23T15:36:35+00:00","description":"A member of the radical black nationalist US Organisation, percussionist James Mtume championed the Kawaida way of life, aiming for collective creativity linked to its pan-African and Socialist ideals. With uncle Albert and father Jimmy Heath on board, Mtume cut this intense modal jazz concept album in December 1969 with Don Cherry, Herbie Hancock, Ed Blackwell and Buster Williams, yielding a masterpiece of percussion-heavy jazz, with every player on exceptional form, the five extended tracks reaching to peaks of emotional expression. This is a must-have delight for all lovers of spiritual, modal and Afrocentric jazz.","breadcrumb":{"@id":"https:\/\/wpguerssen-test.odoo.rgbconsulting.com\/es\/producto\/kawaida\/#breadcrumb"},"inLanguage":"es","potentialAction":[{"@type":"ReadAction","target":["https:\/\/wpguerssen-test.odoo.rgbconsulting.com\/es\/producto\/kawaida\/"]}]},{"@type":"ImageObject","inLanguage":"es","@id":"https:\/\/wpguerssen-test.odoo.rgbconsulting.com\/es\/producto\/kawaida\/#primaryimage","url":"https:\/\/wpguerssen-test.odoo.rgbconsulting.com\/wp-content\/uploads\/2025\/01\/49513.jpg","contentUrl":"https:\/\/wpguerssen-test.odoo.rgbconsulting.com\/wp-content\/uploads\/2025\/01\/49513.jpg","width":947,"height":945},{"@type":"BreadcrumbList","@id":"https:\/\/wpguerssen-test.odoo.rgbconsulting.com\/es\/producto\/kawaida\/#breadcrumb","itemListElement":[{"@type":"ListItem","position":1,"name":"Inicio","item":"https:\/\/wpguerssen-test.odoo.rgbconsulting.com\/es\/"},{"@type":"ListItem","position":2,"name":"Shop","item":"https:\/\/wpguerssen-test.odoo.rgbconsulting.com\/shop\/"},{"@type":"ListItem","position":3,"name":"Kawaida"}]},{"@type":"WebSite","@id":"https:\/\/wpguerssen-test.odoo.rgbconsulting.com\/es\/#website","url":"https:\/\/wpguerssen-test.odoo.rgbconsulting.com\/es\/","name":"Guerssen records","description":"psychedelia - progressive - folk - garage ","publisher":{"@id":"https:\/\/wpguerssen-test.odoo.rgbconsulting.com\/es\/#organization"},"potentialAction":[{"@type":"SearchAction","target":{"@type":"EntryPoint","urlTemplate":"https:\/\/wpguerssen-test.odoo.rgbconsulting.com\/es\/?s={search_term_string}"},"query-input":{"@type":"PropertyValueSpecification","valueRequired":true,"valueName":"search_term_string"}}],"inLanguage":"es"},{"@type":"Organization","@id":"https:\/\/wpguerssen-test.odoo.rgbconsulting.com\/es\/#organization","name":"Guerssen records","url":"https:\/\/wpguerssen-test.odoo.rgbconsulting.com\/es\/","logo":{"@type":"ImageObject","inLanguage":"es","@id":"https:\/\/wpguerssen-test.odoo.rgbconsulting.com\/es\/#\/schema\/logo\/image\/","url":"https:\/\/wpguerssen-test.odoo.rgbconsulting.com\/wp-content\/uploads\/2022\/04\/Logo_Guerssen_trans_100.png","contentUrl":"https:\/\/wpguerssen-test.odoo.rgbconsulting.com\/wp-content\/uploads\/2022\/04\/Logo_Guerssen_trans_100.png","width":122,"height":100,"caption":"Guerssen records"},"image":{"@id":"https:\/\/wpguerssen-test.odoo.rgbconsulting.com\/es\/#\/schema\/logo\/image\/"}}]}},"_links":{"self":[{"href":"https:\/\/wpguerssen-test.odoo.rgbconsulting.com\/es\/wp-json\/wp\/v2\/product\/280993","targetHints":{"allow":["GET"]}}],"collection":[{"href":"https:\/\/wpguerssen-test.odoo.rgbconsulting.com\/es\/wp-json\/wp\/v2\/product"}],"about":[{"href":"https:\/\/wpguerssen-test.odoo.rgbconsulting.com\/es\/wp-json\/wp\/v2\/types\/product"}],"wp:featuredmedia":[{"embeddable":true,"href":"https:\/\/wpguerssen-test.odoo.rgbconsulting.com\/es\/wp-json\/wp\/v2\/media\/280925"}],"wp:attachment":[{"href":"https:\/\/wpguerssen-test.odoo.rgbconsulting.com\/es\/wp-json\/wp\/v2\/media?parent=280993"}],"wp:term":[{"taxonomy":"product_brand","embeddable":true,"href":"https:\/\/wpguerssen-test.odoo.rgbconsulting.com\/es\/wp-json\/wp\/v2\/product_brand?post=280993"},{"taxonomy":"product_cat","embeddable":true,"href":"https:\/\/wpguerssen-test.odoo.rgbconsulting.com\/es\/wp-json\/wp\/v2\/product_cat?post=280993"},{"taxonomy":"product_tag","embeddable":true,"href":"https:\/\/wpguerssen-test.odoo.rgbconsulting.com\/es\/wp-json\/wp\/v2\/product_tag?post=280993"}],"curies":[{"name":"wp","href":"https:\/\/api.w.org\/{rel}","templated":true}]}}