{"id":280998,"date":"2025-03-19T00:00:00","date_gmt":"2025-03-18T23:00:00","guid":{"rendered":"https:\/\/wpguerssen-test.odoo.rgbconsulting.com\/product\/pinturas-y-expresiones\/"},"modified":"2025-04-23T17:36:46","modified_gmt":"2025-04-23T15:36:46","slug":"pinturas-y-expresiones","status":"publish","type":"product","link":"https:\/\/wpguerssen-test.odoo.rgbconsulting.com\/es\/producto\/pinturas-y-expresiones\/","title":{"rendered":"Pinturas y Expresiones"},"content":{"rendered":"<p>Agnus se form\u00f3 en 1973 en Santa Fe, Argentina, pero no fue hasta 1980 que lograron lanzar su \u00fanica obra maestra Pinturas Y Expresiones, el \u00e1lbum de progresivo m\u00e1s caro que se haya lanzado en Argentina. Esta es una mezcla \u00fanica de progresivo sinf\u00f3nico con 2 caras, una con un toque folk, acentuado por voces pastorales et\u00e9reas en un di\u00e1logo \u00edntimo con flauta y viol\u00edn, y otra llena de guitarras psicod\u00e9licas errantes y efectos secundarios. Imag\u00ednate a Rennaissance en una jam interminable con MIA y Catharsis con Bacamarte y quiz\u00e1s comiences a tener una idea de este artefacto \u00fanico en su tipo. Esta es la primera y esperada reedici\u00f3n oficial en una edici\u00f3n limitada de 300 copias (2 prensadas de 150 copias numeradas cada una, en vinilo negro y m\u00e1rmol), que incluye el libreto original m\u00e1s biograf\u00eda a medida directamente de la banda.<\/p>\n","protected":false},"excerpt":{"rendered":"<p>Agnus se form\u00f3 en 1973 en Santa Fe, Argentina, pero no fue hasta 1980 que lograron lanzar su \u00fanica obra maestra Pinturas Y Expresiones, el \u00e1lbum de progresivo m\u00e1s<a class=\"read\" href=\"https:\/\/wpguerssen-test.odoo.rgbconsulting.com\/es\/producto\/pinturas-y-expresiones\/\"> (...)<\/a>","protected":false},"featured_media":280940,"template":"","meta":{"_acf_changed":false},"product_brand":[],"product_cat":[23215],"product_tag":[24189],"class_list":{"0":"post-280998","1":"product","2":"type-product","3":"status-publish","4":"has-post-thumbnail","6":"product_cat-progressive60s-70s-es","7":"product_tag-recien-llegadas","8":"pa_artist-agnus","9":"pa_format-lp-es","10":"pa_gender-progressive60s-70s","11":"pa_label-disques-plusquereel","12":"pa_location-south-america-caribbean-es","13":"pa_other-filters-vinyl-only-es","15":"first","16":"instock","17":"taxable","18":"shipping-taxable","19":"purchasable","20":"product-type-simple"},"acf":[],"yoast_head":"<!-- This site is optimized with the Yoast SEO plugin v24.9 - https:\/\/yoast.com\/wordpress\/plugins\/seo\/ -->\n<title>AGNUS - Pinturas y Expresiones -  (LP) | Guerssen<\/title>\n<meta name=\"description\" content=\"Agnus formed in 1973 in Santa Fe, Argentina, but it wasn&#039;t until 1980 that they managed to release their sole magnus opus Pinturas Y Expresiones, the most expensive (3k) prog album that was ever released in Argentina. This is a unique blend of symphonic prog with 2 faces, equally split between the 2 sides, one with a folky edge, punctuated by aethereal pastoral vocals in an intimate dialogue with flute and violin, and another packed with wandering psychedelic guitars and side-effects. Picture Rennaissance in an interminable jam with MIA and Catharsis with Bacamarte and you might start to get a feel for this one-of-a-kind artefact. This is the first, long-awaited official reissue in a limited edition of 300 copies (2 pressings of 150 numbered copies each, in black and marble vinyl), featuring the original booklet + bespoke biography straight from the band.\" \/>\n<meta name=\"robots\" content=\"index, follow, max-snippet:-1, max-image-preview:large, max-video-preview:-1\" \/>\n<link rel=\"canonical\" href=\"https:\/\/wpguerssen-test.odoo.rgbconsulting.com\/es\/producto\/pinturas-y-expresiones\/\" \/>\n<meta property=\"og:locale\" content=\"es_ES\" \/>\n<meta property=\"og:type\" content=\"article\" \/>\n<meta property=\"og:title\" content=\"AGNUS - Pinturas y Expresiones -  (LP) | Guerssen\" \/>\n<meta property=\"og:description\" content=\"Agnus formed in 1973 in Santa Fe, Argentina, but it wasn&#039;t until 1980 that they managed to release their sole magnus opus Pinturas Y Expresiones, the most expensive (3k) prog album that was ever released in Argentina. This is a unique blend of symphonic prog with 2 faces, equally split between the 2 sides, one with a folky edge, punctuated by aethereal pastoral vocals in an intimate dialogue with flute and violin, and another packed with wandering psychedelic guitars and side-effects. Picture Rennaissance in an interminable jam with MIA and Catharsis with Bacamarte and you might start to get a feel for this one-of-a-kind artefact. This is the first, long-awaited official reissue in a limited edition of 300 copies (2 pressings of 150 numbered copies each, in black and marble vinyl), featuring the original booklet + bespoke biography straight from the band.\" \/>\n<meta property=\"og:url\" content=\"https:\/\/wpguerssen-test.odoo.rgbconsulting.com\/es\/producto\/pinturas-y-expresiones\/\" \/>\n<meta property=\"og:site_name\" content=\"Guerssen records\" \/>\n<meta property=\"article:modified_time\" content=\"2025-04-23T15:36:46+00:00\" \/>\n<meta property=\"og:image\" content=\"https:\/\/wpguerssen-test.odoo.rgbconsulting.com\/wp-content\/uploads\/2025\/01\/49518.jpg\" \/>\n\t<meta property=\"og:image:width\" content=\"415\" \/>\n\t<meta property=\"og:image:height\" content=\"417\" \/>\n\t<meta property=\"og:image:type\" content=\"image\/jpeg\" \/>\n<meta name=\"twitter:card\" content=\"summary_large_image\" \/>\n<meta name=\"twitter:title\" content=\"AGNUS - Pinturas y Expresiones -  (LP) | Guerssen\" \/>\n<meta name=\"twitter:label1\" content=\"Tiempo de lectura\" \/>\n\t<meta name=\"twitter:data1\" content=\"1 minuto\" \/>\n<script type=\"application\/ld+json\" class=\"yoast-schema-graph\">{\"@context\":\"https:\/\/schema.org\",\"@graph\":[{\"@type\":\"WebPage\",\"@id\":\"https:\/\/wpguerssen-test.odoo.rgbconsulting.com\/es\/producto\/pinturas-y-expresiones\/\",\"url\":\"https:\/\/wpguerssen-test.odoo.rgbconsulting.com\/es\/producto\/pinturas-y-expresiones\/\",\"name\":\"AGNUS - Pinturas y Expresiones - (LP) | Guerssen\",\"isPartOf\":{\"@id\":\"https:\/\/wpguerssen-test.odoo.rgbconsulting.com\/es\/#website\"},\"primaryImageOfPage\":{\"@id\":\"https:\/\/wpguerssen-test.odoo.rgbconsulting.com\/es\/producto\/pinturas-y-expresiones\/#primaryimage\"},\"image\":{\"@id\":\"https:\/\/wpguerssen-test.odoo.rgbconsulting.com\/es\/producto\/pinturas-y-expresiones\/#primaryimage\"},\"thumbnailUrl\":\"https:\/\/wpguerssen-test.odoo.rgbconsulting.com\/wp-content\/uploads\/2025\/01\/49518.jpg\",\"datePublished\":\"2025-03-18T23:00:00+00:00\",\"dateModified\":\"2025-04-23T15:36:46+00:00\",\"description\":\"Agnus formed in 1973 in Santa Fe, Argentina, but it wasn't until 1980 that they managed to release their sole magnus opus Pinturas Y Expresiones, the most expensive (3k) prog album that was ever released in Argentina. This is a unique blend of symphonic prog with 2 faces, equally split between the 2 sides, one with a folky edge, punctuated by aethereal pastoral vocals in an intimate dialogue with flute and violin, and another packed with wandering psychedelic guitars and side-effects. Picture Rennaissance in an interminable jam with MIA and Catharsis with Bacamarte and you might start to get a feel for this one-of-a-kind artefact. This is the first, long-awaited official reissue in a limited edition of 300 copies (2 pressings of 150 numbered copies each, in black and marble vinyl), featuring the original booklet + bespoke biography straight from the band.\",\"breadcrumb\":{\"@id\":\"https:\/\/wpguerssen-test.odoo.rgbconsulting.com\/es\/producto\/pinturas-y-expresiones\/#breadcrumb\"},\"inLanguage\":\"es\",\"potentialAction\":[{\"@type\":\"ReadAction\",\"target\":[\"https:\/\/wpguerssen-test.odoo.rgbconsulting.com\/es\/producto\/pinturas-y-expresiones\/\"]}]},{\"@type\":\"ImageObject\",\"inLanguage\":\"es\",\"@id\":\"https:\/\/wpguerssen-test.odoo.rgbconsulting.com\/es\/producto\/pinturas-y-expresiones\/#primaryimage\",\"url\":\"https:\/\/wpguerssen-test.odoo.rgbconsulting.com\/wp-content\/uploads\/2025\/01\/49518.jpg\",\"contentUrl\":\"https:\/\/wpguerssen-test.odoo.rgbconsulting.com\/wp-content\/uploads\/2025\/01\/49518.jpg\",\"width\":415,\"height\":417},{\"@type\":\"BreadcrumbList\",\"@id\":\"https:\/\/wpguerssen-test.odoo.rgbconsulting.com\/es\/producto\/pinturas-y-expresiones\/#breadcrumb\",\"itemListElement\":[{\"@type\":\"ListItem\",\"position\":1,\"name\":\"Inicio\",\"item\":\"https:\/\/wpguerssen-test.odoo.rgbconsulting.com\/es\/\"},{\"@type\":\"ListItem\",\"position\":2,\"name\":\"Shop\",\"item\":\"https:\/\/wpguerssen-test.odoo.rgbconsulting.com\/shop\/\"},{\"@type\":\"ListItem\",\"position\":3,\"name\":\"Pinturas y Expresiones\"}]},{\"@type\":\"WebSite\",\"@id\":\"https:\/\/wpguerssen-test.odoo.rgbconsulting.com\/es\/#website\",\"url\":\"https:\/\/wpguerssen-test.odoo.rgbconsulting.com\/es\/\",\"name\":\"Guerssen records\",\"description\":\"psychedelia - progressive - folk - garage \",\"publisher\":{\"@id\":\"https:\/\/wpguerssen-test.odoo.rgbconsulting.com\/es\/#organization\"},\"potentialAction\":[{\"@type\":\"SearchAction\",\"target\":{\"@type\":\"EntryPoint\",\"urlTemplate\":\"https:\/\/wpguerssen-test.odoo.rgbconsulting.com\/es\/?s={search_term_string}\"},\"query-input\":{\"@type\":\"PropertyValueSpecification\",\"valueRequired\":true,\"valueName\":\"search_term_string\"}}],\"inLanguage\":\"es\"},{\"@type\":\"Organization\",\"@id\":\"https:\/\/wpguerssen-test.odoo.rgbconsulting.com\/es\/#organization\",\"name\":\"Guerssen records\",\"url\":\"https:\/\/wpguerssen-test.odoo.rgbconsulting.com\/es\/\",\"logo\":{\"@type\":\"ImageObject\",\"inLanguage\":\"es\",\"@id\":\"https:\/\/wpguerssen-test.odoo.rgbconsulting.com\/es\/#\/schema\/logo\/image\/\",\"url\":\"https:\/\/wpguerssen-test.odoo.rgbconsulting.com\/wp-content\/uploads\/2022\/04\/Logo_Guerssen_trans_100.png\",\"contentUrl\":\"https:\/\/wpguerssen-test.odoo.rgbconsulting.com\/wp-content\/uploads\/2022\/04\/Logo_Guerssen_trans_100.png\",\"width\":122,\"height\":100,\"caption\":\"Guerssen records\"},\"image\":{\"@id\":\"https:\/\/wpguerssen-test.odoo.rgbconsulting.com\/es\/#\/schema\/logo\/image\/\"}}]}<\/script>\n<!-- \/ Yoast SEO plugin. -->","yoast_head_json":{"title":"AGNUS - Pinturas y Expresiones -  (LP) | Guerssen","description":"Agnus formed in 1973 in Santa Fe, Argentina, but it wasn't until 1980 that they managed to release their sole magnus opus Pinturas Y Expresiones, the most expensive (3k) prog album that was ever released in Argentina. This is a unique blend of symphonic prog with 2 faces, equally split between the 2 sides, one with a folky edge, punctuated by aethereal pastoral vocals in an intimate dialogue with flute and violin, and another packed with wandering psychedelic guitars and side-effects. Picture Rennaissance in an interminable jam with MIA and Catharsis with Bacamarte and you might start to get a feel for this one-of-a-kind artefact. This is the first, long-awaited official reissue in a limited edition of 300 copies (2 pressings of 150 numbered copies each, in black and marble vinyl), featuring the original booklet + bespoke biography straight from the band.","robots":{"index":"index","follow":"follow","max-snippet":"max-snippet:-1","max-image-preview":"max-image-preview:large","max-video-preview":"max-video-preview:-1"},"canonical":"https:\/\/wpguerssen-test.odoo.rgbconsulting.com\/es\/producto\/pinturas-y-expresiones\/","og_locale":"es_ES","og_type":"article","og_title":"AGNUS - Pinturas y Expresiones -  (LP) | Guerssen","og_description":"Agnus formed in 1973 in Santa Fe, Argentina, but it wasn't until 1980 that they managed to release their sole magnus opus Pinturas Y Expresiones, the most expensive (3k) prog album that was ever released in Argentina. This is a unique blend of symphonic prog with 2 faces, equally split between the 2 sides, one with a folky edge, punctuated by aethereal pastoral vocals in an intimate dialogue with flute and violin, and another packed with wandering psychedelic guitars and side-effects. Picture Rennaissance in an interminable jam with MIA and Catharsis with Bacamarte and you might start to get a feel for this one-of-a-kind artefact. This is the first, long-awaited official reissue in a limited edition of 300 copies (2 pressings of 150 numbered copies each, in black and marble vinyl), featuring the original booklet + bespoke biography straight from the band.","og_url":"https:\/\/wpguerssen-test.odoo.rgbconsulting.com\/es\/producto\/pinturas-y-expresiones\/","og_site_name":"Guerssen records","article_modified_time":"2025-04-23T15:36:46+00:00","og_image":[{"width":415,"height":417,"url":"https:\/\/wpguerssen-test.odoo.rgbconsulting.com\/wp-content\/uploads\/2025\/01\/49518.jpg","type":"image\/jpeg"}],"twitter_card":"summary_large_image","twitter_title":"AGNUS - Pinturas y Expresiones -  (LP) | Guerssen","twitter_misc":{"Tiempo de lectura":"1 minuto"},"schema":{"@context":"https:\/\/schema.org","@graph":[{"@type":"WebPage","@id":"https:\/\/wpguerssen-test.odoo.rgbconsulting.com\/es\/producto\/pinturas-y-expresiones\/","url":"https:\/\/wpguerssen-test.odoo.rgbconsulting.com\/es\/producto\/pinturas-y-expresiones\/","name":"AGNUS - Pinturas y Expresiones - (LP) | Guerssen","isPartOf":{"@id":"https:\/\/wpguerssen-test.odoo.rgbconsulting.com\/es\/#website"},"primaryImageOfPage":{"@id":"https:\/\/wpguerssen-test.odoo.rgbconsulting.com\/es\/producto\/pinturas-y-expresiones\/#primaryimage"},"image":{"@id":"https:\/\/wpguerssen-test.odoo.rgbconsulting.com\/es\/producto\/pinturas-y-expresiones\/#primaryimage"},"thumbnailUrl":"https:\/\/wpguerssen-test.odoo.rgbconsulting.com\/wp-content\/uploads\/2025\/01\/49518.jpg","datePublished":"2025-03-18T23:00:00+00:00","dateModified":"2025-04-23T15:36:46+00:00","description":"Agnus formed in 1973 in Santa Fe, Argentina, but it wasn't until 1980 that they managed to release their sole magnus opus Pinturas Y Expresiones, the most expensive (3k) prog album that was ever released in Argentina. This is a unique blend of symphonic prog with 2 faces, equally split between the 2 sides, one with a folky edge, punctuated by aethereal pastoral vocals in an intimate dialogue with flute and violin, and another packed with wandering psychedelic guitars and side-effects. Picture Rennaissance in an interminable jam with MIA and Catharsis with Bacamarte and you might start to get a feel for this one-of-a-kind artefact. This is the first, long-awaited official reissue in a limited edition of 300 copies (2 pressings of 150 numbered copies each, in black and marble vinyl), featuring the original booklet + bespoke biography straight from the band.","breadcrumb":{"@id":"https:\/\/wpguerssen-test.odoo.rgbconsulting.com\/es\/producto\/pinturas-y-expresiones\/#breadcrumb"},"inLanguage":"es","potentialAction":[{"@type":"ReadAction","target":["https:\/\/wpguerssen-test.odoo.rgbconsulting.com\/es\/producto\/pinturas-y-expresiones\/"]}]},{"@type":"ImageObject","inLanguage":"es","@id":"https:\/\/wpguerssen-test.odoo.rgbconsulting.com\/es\/producto\/pinturas-y-expresiones\/#primaryimage","url":"https:\/\/wpguerssen-test.odoo.rgbconsulting.com\/wp-content\/uploads\/2025\/01\/49518.jpg","contentUrl":"https:\/\/wpguerssen-test.odoo.rgbconsulting.com\/wp-content\/uploads\/2025\/01\/49518.jpg","width":415,"height":417},{"@type":"BreadcrumbList","@id":"https:\/\/wpguerssen-test.odoo.rgbconsulting.com\/es\/producto\/pinturas-y-expresiones\/#breadcrumb","itemListElement":[{"@type":"ListItem","position":1,"name":"Inicio","item":"https:\/\/wpguerssen-test.odoo.rgbconsulting.com\/es\/"},{"@type":"ListItem","position":2,"name":"Shop","item":"https:\/\/wpguerssen-test.odoo.rgbconsulting.com\/shop\/"},{"@type":"ListItem","position":3,"name":"Pinturas y Expresiones"}]},{"@type":"WebSite","@id":"https:\/\/wpguerssen-test.odoo.rgbconsulting.com\/es\/#website","url":"https:\/\/wpguerssen-test.odoo.rgbconsulting.com\/es\/","name":"Guerssen records","description":"psychedelia - progressive - folk - garage ","publisher":{"@id":"https:\/\/wpguerssen-test.odoo.rgbconsulting.com\/es\/#organization"},"potentialAction":[{"@type":"SearchAction","target":{"@type":"EntryPoint","urlTemplate":"https:\/\/wpguerssen-test.odoo.rgbconsulting.com\/es\/?s={search_term_string}"},"query-input":{"@type":"PropertyValueSpecification","valueRequired":true,"valueName":"search_term_string"}}],"inLanguage":"es"},{"@type":"Organization","@id":"https:\/\/wpguerssen-test.odoo.rgbconsulting.com\/es\/#organization","name":"Guerssen records","url":"https:\/\/wpguerssen-test.odoo.rgbconsulting.com\/es\/","logo":{"@type":"ImageObject","inLanguage":"es","@id":"https:\/\/wpguerssen-test.odoo.rgbconsulting.com\/es\/#\/schema\/logo\/image\/","url":"https:\/\/wpguerssen-test.odoo.rgbconsulting.com\/wp-content\/uploads\/2022\/04\/Logo_Guerssen_trans_100.png","contentUrl":"https:\/\/wpguerssen-test.odoo.rgbconsulting.com\/wp-content\/uploads\/2022\/04\/Logo_Guerssen_trans_100.png","width":122,"height":100,"caption":"Guerssen records"},"image":{"@id":"https:\/\/wpguerssen-test.odoo.rgbconsulting.com\/es\/#\/schema\/logo\/image\/"}}]}},"_links":{"self":[{"href":"https:\/\/wpguerssen-test.odoo.rgbconsulting.com\/es\/wp-json\/wp\/v2\/product\/280998","targetHints":{"allow":["GET"]}}],"collection":[{"href":"https:\/\/wpguerssen-test.odoo.rgbconsulting.com\/es\/wp-json\/wp\/v2\/product"}],"about":[{"href":"https:\/\/wpguerssen-test.odoo.rgbconsulting.com\/es\/wp-json\/wp\/v2\/types\/product"}],"wp:featuredmedia":[{"embeddable":true,"href":"https:\/\/wpguerssen-test.odoo.rgbconsulting.com\/es\/wp-json\/wp\/v2\/media\/280940"}],"wp:attachment":[{"href":"https:\/\/wpguerssen-test.odoo.rgbconsulting.com\/es\/wp-json\/wp\/v2\/media?parent=280998"}],"wp:term":[{"taxonomy":"product_brand","embeddable":true,"href":"https:\/\/wpguerssen-test.odoo.rgbconsulting.com\/es\/wp-json\/wp\/v2\/product_brand?post=280998"},{"taxonomy":"product_cat","embeddable":true,"href":"https:\/\/wpguerssen-test.odoo.rgbconsulting.com\/es\/wp-json\/wp\/v2\/product_cat?post=280998"},{"taxonomy":"product_tag","embeddable":true,"href":"https:\/\/wpguerssen-test.odoo.rgbconsulting.com\/es\/wp-json\/wp\/v2\/product_tag?post=280998"}],"curies":[{"name":"wp","href":"https:\/\/api.w.org\/{rel}","templated":true}]}}