{"id":281050,"date":"2025-01-23T00:00:00","date_gmt":"2025-01-22T23:00:00","guid":{"rendered":"https:\/\/wpguerssen-test.odoo.rgbconsulting.com\/product\/mecca-the-soul-brother-clear\/"},"modified":"2025-01-23T18:15:17","modified_gmt":"2025-01-23T17:15:17","slug":"mecca-the-soul-brother-clear","status":"publish","type":"product","link":"https:\/\/wpguerssen-test.odoo.rgbconsulting.com\/es\/producto\/mecca-the-soul-brother-clear\/","title":{"rendered":"Mecca &#038; The Soul Brother (Clear)"},"content":{"rendered":"<p>Get On Down se enorgullece de presentar Mecca And The Soul Brother, el \u00e1lbum debut de 1992 aclamado por la cr\u00edtica de Pete Rock y CL Smooth. El \u00e1lbum est\u00e1 considerado como uno de los mejores \u00e1lbumes de hip hop de todos los tiempos. Cuenta con temas como el primer sencillo, \u00abThey Reminisce Over You (T.R.O.Y.)\u00bb, una dedicatoria a su amigo fallecido; \u00abTrouble T-Roy\u00bb, que se convirti\u00f3 no solo en su \u00e9xito caracter\u00edstico, sino tambi\u00e9n en una de las mejores canciones de hip hop de todos los tiempos. El \u00e1lbum est\u00e1 impulsado por los r\u00e1pidos y conmovedores interludios de Rock; generalmente fragmentos de viejas melod\u00edas de R&#038;B superpuestas con sus caracter\u00edsticos loops de trompeta y saxo. La fluidez de Smooth en el estilo libre une las piezas vocales perfectas que, juntas, crean un \u00e1lbum extenso de casi 80 minutos de duraci\u00f3n en el que ni una sola canci\u00f3n o interludio es una pieza descartable o superflua.<br \/>Mecca And The Soul Brother ha resistido la prueba del tiempo. El lanzamiento ha sido nombrado una de las grabaciones esenciales de los a\u00f1os 90 por la revista Rolling Stone, aparece en la lista de Ego Trips de los 25 mejores \u00e1lbumes de hip hop lanzados entre 1980 y 1998, y apareci\u00f3 en los 100 mejores \u00e1lbumes de rap de todos los tiempos de The Source.<\/p>\n","protected":false},"excerpt":{"rendered":"<p>Get On Down se enorgullece de presentar Mecca And The Soul Brother, el \u00e1lbum debut de 1992 aclamado por la cr\u00edtica de Pete Rock y CL Smooth. El \u00e1lbum est\u00e1 considerado<a class=\"read\" href=\"https:\/\/wpguerssen-test.odoo.rgbconsulting.com\/es\/producto\/mecca-the-soul-brother-clear\/\"> (...)<\/a>","protected":false},"featured_media":281021,"template":"","meta":{"_acf_changed":false},"product_brand":[],"product_cat":[21706],"product_tag":[29140,24189],"class_list":{"0":"post-281050","1":"product","2":"type-product","3":"status-publish","4":"has-post-thumbnail","6":"product_cat-rap-hip-hop-es","7":"product_tag-color-vinyl-es","8":"product_tag-recien-llegadas","9":"pa_artist-pete-rock-cl-smooth","10":"pa_format-2lp-es","11":"pa_gender-rap-hip-hop","12":"pa_label-get-on-down","13":"pa_location-north-america-es","14":"pa_other-filters-vinyl-only-es","16":"first","17":"instock","18":"taxable","19":"shipping-taxable","20":"purchasable","21":"product-type-simple"},"acf":[],"yoast_head":"<!-- This site is optimized with the Yoast SEO plugin v24.9 - https:\/\/yoast.com\/wordpress\/plugins\/seo\/ -->\n<title>PETE ROCK &amp; CL SMOOTH - Mecca &amp; The Soul Brother (Clear) -  (2LP) | Guerssen<\/title>\n<meta name=\"description\" content=\"Get On Down proudly presents Mecca And The Soul Brother, the critically acclaimed 1992 full-length debut from Pete Rock &amp; CL Smooth. The album is considered as one of the greatest Hip Hop albums of all time. Boasting tracks such as the first single, &quot;They Reminisce Over You (T.R.O.Y.)&quot;, a dedication to their deceased friend; &quot;Trouble T-Roy&quot;, which went on to become not only their signature hit, but also one of Hip Hop&#039;s all-time great songs. The album is propelled forward by Rock&#039;s quick, soulful interludes; usually bits of old R&amp;B tunes layered with hissignature trumpet and sax loops. Smooth&#039;s liquid freestyle delivery pieces together the perfect vocal match that, together, creates a sprawling,nearly 80-minute-long album on which not a single song or interlude is a throwaway or a superfluous piece.Mecca And The Soul Brother has stood the test of time. The release has been named one of the essential recordings of the 90s by Rolling Stone, appears on Ego Trips listing of the Top 25 Hip Hop albums released from 1980-1998, and appeared on The Source&#039;s 100 Greatest Rap Albums of all time.\" \/>\n<meta name=\"robots\" content=\"index, follow, max-snippet:-1, max-image-preview:large, max-video-preview:-1\" \/>\n<link rel=\"canonical\" href=\"https:\/\/wpguerssen-test.odoo.rgbconsulting.com\/es\/producto\/mecca-the-soul-brother-clear\/\" \/>\n<meta property=\"og:locale\" content=\"es_ES\" \/>\n<meta property=\"og:type\" content=\"article\" \/>\n<meta property=\"og:title\" content=\"PETE ROCK &amp; CL SMOOTH - Mecca &amp; The Soul Brother (Clear) -  (2LP) | Guerssen\" \/>\n<meta property=\"og:description\" content=\"Get On Down proudly presents Mecca And The Soul Brother, the critically acclaimed 1992 full-length debut from Pete Rock &amp; CL Smooth. The album is considered as one of the greatest Hip Hop albums of all time. Boasting tracks such as the first single, &quot;They Reminisce Over You (T.R.O.Y.)&quot;, a dedication to their deceased friend; &quot;Trouble T-Roy&quot;, which went on to become not only their signature hit, but also one of Hip Hop&#039;s all-time great songs. The album is propelled forward by Rock&#039;s quick, soulful interludes; usually bits of old R&amp;B tunes layered with hissignature trumpet and sax loops. Smooth&#039;s liquid freestyle delivery pieces together the perfect vocal match that, together, creates a sprawling,nearly 80-minute-long album on which not a single song or interlude is a throwaway or a superfluous piece.Mecca And The Soul Brother has stood the test of time. The release has been named one of the essential recordings of the 90s by Rolling Stone, appears on Ego Trips listing of the Top 25 Hip Hop albums released from 1980-1998, and appeared on The Source&#039;s 100 Greatest Rap Albums of all time.\" \/>\n<meta property=\"og:url\" content=\"https:\/\/wpguerssen-test.odoo.rgbconsulting.com\/es\/producto\/mecca-the-soul-brother-clear\/\" \/>\n<meta property=\"og:site_name\" content=\"Guerssen records\" \/>\n<meta property=\"article:modified_time\" content=\"2025-01-23T17:15:17+00:00\" \/>\n<meta property=\"og:image\" content=\"https:\/\/wpguerssen-test.odoo.rgbconsulting.com\/wp-content\/uploads\/2025\/01\/49533.jpg\" \/>\n\t<meta property=\"og:image:width\" content=\"390\" \/>\n\t<meta property=\"og:image:height\" content=\"392\" \/>\n\t<meta property=\"og:image:type\" content=\"image\/jpeg\" \/>\n<meta name=\"twitter:card\" content=\"summary_large_image\" \/>\n<meta name=\"twitter:title\" content=\"PETE ROCK &amp; CL SMOOTH - Mecca &amp; The Soul Brother (Clear) -  (2LP) | Guerssen\" \/>\n<meta name=\"twitter:label1\" content=\"Tiempo de lectura\" \/>\n\t<meta name=\"twitter:data1\" content=\"1 minuto\" \/>\n<script type=\"application\/ld+json\" class=\"yoast-schema-graph\">{\"@context\":\"https:\/\/schema.org\",\"@graph\":[{\"@type\":\"WebPage\",\"@id\":\"https:\/\/wpguerssen-test.odoo.rgbconsulting.com\/es\/producto\/mecca-the-soul-brother-clear\/\",\"url\":\"https:\/\/wpguerssen-test.odoo.rgbconsulting.com\/es\/producto\/mecca-the-soul-brother-clear\/\",\"name\":\"PETE ROCK & CL SMOOTH - Mecca & The Soul Brother (Clear) - (2LP) | Guerssen\",\"isPartOf\":{\"@id\":\"https:\/\/wpguerssen-test.odoo.rgbconsulting.com\/es\/#website\"},\"primaryImageOfPage\":{\"@id\":\"https:\/\/wpguerssen-test.odoo.rgbconsulting.com\/es\/producto\/mecca-the-soul-brother-clear\/#primaryimage\"},\"image\":{\"@id\":\"https:\/\/wpguerssen-test.odoo.rgbconsulting.com\/es\/producto\/mecca-the-soul-brother-clear\/#primaryimage\"},\"thumbnailUrl\":\"https:\/\/wpguerssen-test.odoo.rgbconsulting.com\/wp-content\/uploads\/2025\/01\/49533.jpg\",\"datePublished\":\"2025-01-22T23:00:00+00:00\",\"dateModified\":\"2025-01-23T17:15:17+00:00\",\"description\":\"Get On Down proudly presents Mecca And The Soul Brother, the critically acclaimed 1992 full-length debut from Pete Rock & CL Smooth. The album is considered as one of the greatest Hip Hop albums of all time. Boasting tracks such as the first single, \\\"They Reminisce Over You (T.R.O.Y.)\\\", a dedication to their deceased friend; \\\"Trouble T-Roy\\\", which went on to become not only their signature hit, but also one of Hip Hop's all-time great songs. The album is propelled forward by Rock's quick, soulful interludes; usually bits of old R&B tunes layered with hissignature trumpet and sax loops. Smooth's liquid freestyle delivery pieces together the perfect vocal match that, together, creates a sprawling,nearly 80-minute-long album on which not a single song or interlude is a throwaway or a superfluous piece.Mecca And The Soul Brother has stood the test of time. The release has been named one of the essential recordings of the 90s by Rolling Stone, appears on Ego Trips listing of the Top 25 Hip Hop albums released from 1980-1998, and appeared on The Source's 100 Greatest Rap Albums of all time.\",\"breadcrumb\":{\"@id\":\"https:\/\/wpguerssen-test.odoo.rgbconsulting.com\/es\/producto\/mecca-the-soul-brother-clear\/#breadcrumb\"},\"inLanguage\":\"es\",\"potentialAction\":[{\"@type\":\"ReadAction\",\"target\":[\"https:\/\/wpguerssen-test.odoo.rgbconsulting.com\/es\/producto\/mecca-the-soul-brother-clear\/\"]}]},{\"@type\":\"ImageObject\",\"inLanguage\":\"es\",\"@id\":\"https:\/\/wpguerssen-test.odoo.rgbconsulting.com\/es\/producto\/mecca-the-soul-brother-clear\/#primaryimage\",\"url\":\"https:\/\/wpguerssen-test.odoo.rgbconsulting.com\/wp-content\/uploads\/2025\/01\/49533.jpg\",\"contentUrl\":\"https:\/\/wpguerssen-test.odoo.rgbconsulting.com\/wp-content\/uploads\/2025\/01\/49533.jpg\",\"width\":390,\"height\":392},{\"@type\":\"BreadcrumbList\",\"@id\":\"https:\/\/wpguerssen-test.odoo.rgbconsulting.com\/es\/producto\/mecca-the-soul-brother-clear\/#breadcrumb\",\"itemListElement\":[{\"@type\":\"ListItem\",\"position\":1,\"name\":\"Inicio\",\"item\":\"https:\/\/wpguerssen-test.odoo.rgbconsulting.com\/es\/\"},{\"@type\":\"ListItem\",\"position\":2,\"name\":\"Shop\",\"item\":\"https:\/\/wpguerssen-test.odoo.rgbconsulting.com\/shop\/\"},{\"@type\":\"ListItem\",\"position\":3,\"name\":\"Mecca &#038; The Soul Brother (Clear)\"}]},{\"@type\":\"WebSite\",\"@id\":\"https:\/\/wpguerssen-test.odoo.rgbconsulting.com\/es\/#website\",\"url\":\"https:\/\/wpguerssen-test.odoo.rgbconsulting.com\/es\/\",\"name\":\"Guerssen records\",\"description\":\"psychedelia - progressive - folk - garage \",\"publisher\":{\"@id\":\"https:\/\/wpguerssen-test.odoo.rgbconsulting.com\/es\/#organization\"},\"potentialAction\":[{\"@type\":\"SearchAction\",\"target\":{\"@type\":\"EntryPoint\",\"urlTemplate\":\"https:\/\/wpguerssen-test.odoo.rgbconsulting.com\/es\/?s={search_term_string}\"},\"query-input\":{\"@type\":\"PropertyValueSpecification\",\"valueRequired\":true,\"valueName\":\"search_term_string\"}}],\"inLanguage\":\"es\"},{\"@type\":\"Organization\",\"@id\":\"https:\/\/wpguerssen-test.odoo.rgbconsulting.com\/es\/#organization\",\"name\":\"Guerssen records\",\"url\":\"https:\/\/wpguerssen-test.odoo.rgbconsulting.com\/es\/\",\"logo\":{\"@type\":\"ImageObject\",\"inLanguage\":\"es\",\"@id\":\"https:\/\/wpguerssen-test.odoo.rgbconsulting.com\/es\/#\/schema\/logo\/image\/\",\"url\":\"https:\/\/wpguerssen-test.odoo.rgbconsulting.com\/wp-content\/uploads\/2022\/04\/Logo_Guerssen_trans_100.png\",\"contentUrl\":\"https:\/\/wpguerssen-test.odoo.rgbconsulting.com\/wp-content\/uploads\/2022\/04\/Logo_Guerssen_trans_100.png\",\"width\":122,\"height\":100,\"caption\":\"Guerssen records\"},\"image\":{\"@id\":\"https:\/\/wpguerssen-test.odoo.rgbconsulting.com\/es\/#\/schema\/logo\/image\/\"}}]}<\/script>\n<!-- \/ Yoast SEO plugin. -->","yoast_head_json":{"title":"PETE ROCK & CL SMOOTH - Mecca & The Soul Brother (Clear) -  (2LP) | Guerssen","description":"Get On Down proudly presents Mecca And The Soul Brother, the critically acclaimed 1992 full-length debut from Pete Rock & CL Smooth. The album is considered as one of the greatest Hip Hop albums of all time. Boasting tracks such as the first single, \"They Reminisce Over You (T.R.O.Y.)\", a dedication to their deceased friend; \"Trouble T-Roy\", which went on to become not only their signature hit, but also one of Hip Hop's all-time great songs. The album is propelled forward by Rock's quick, soulful interludes; usually bits of old R&B tunes layered with hissignature trumpet and sax loops. Smooth's liquid freestyle delivery pieces together the perfect vocal match that, together, creates a sprawling,nearly 80-minute-long album on which not a single song or interlude is a throwaway or a superfluous piece.Mecca And The Soul Brother has stood the test of time. The release has been named one of the essential recordings of the 90s by Rolling Stone, appears on Ego Trips listing of the Top 25 Hip Hop albums released from 1980-1998, and appeared on The Source's 100 Greatest Rap Albums of all time.","robots":{"index":"index","follow":"follow","max-snippet":"max-snippet:-1","max-image-preview":"max-image-preview:large","max-video-preview":"max-video-preview:-1"},"canonical":"https:\/\/wpguerssen-test.odoo.rgbconsulting.com\/es\/producto\/mecca-the-soul-brother-clear\/","og_locale":"es_ES","og_type":"article","og_title":"PETE ROCK & CL SMOOTH - Mecca & The Soul Brother (Clear) -  (2LP) | Guerssen","og_description":"Get On Down proudly presents Mecca And The Soul Brother, the critically acclaimed 1992 full-length debut from Pete Rock & CL Smooth. The album is considered as one of the greatest Hip Hop albums of all time. Boasting tracks such as the first single, \"They Reminisce Over You (T.R.O.Y.)\", a dedication to their deceased friend; \"Trouble T-Roy\", which went on to become not only their signature hit, but also one of Hip Hop's all-time great songs. The album is propelled forward by Rock's quick, soulful interludes; usually bits of old R&B tunes layered with hissignature trumpet and sax loops. Smooth's liquid freestyle delivery pieces together the perfect vocal match that, together, creates a sprawling,nearly 80-minute-long album on which not a single song or interlude is a throwaway or a superfluous piece.Mecca And The Soul Brother has stood the test of time. The release has been named one of the essential recordings of the 90s by Rolling Stone, appears on Ego Trips listing of the Top 25 Hip Hop albums released from 1980-1998, and appeared on The Source's 100 Greatest Rap Albums of all time.","og_url":"https:\/\/wpguerssen-test.odoo.rgbconsulting.com\/es\/producto\/mecca-the-soul-brother-clear\/","og_site_name":"Guerssen records","article_modified_time":"2025-01-23T17:15:17+00:00","og_image":[{"width":390,"height":392,"url":"https:\/\/wpguerssen-test.odoo.rgbconsulting.com\/wp-content\/uploads\/2025\/01\/49533.jpg","type":"image\/jpeg"}],"twitter_card":"summary_large_image","twitter_title":"PETE ROCK & CL SMOOTH - Mecca & The Soul Brother (Clear) -  (2LP) | Guerssen","twitter_misc":{"Tiempo de lectura":"1 minuto"},"schema":{"@context":"https:\/\/schema.org","@graph":[{"@type":"WebPage","@id":"https:\/\/wpguerssen-test.odoo.rgbconsulting.com\/es\/producto\/mecca-the-soul-brother-clear\/","url":"https:\/\/wpguerssen-test.odoo.rgbconsulting.com\/es\/producto\/mecca-the-soul-brother-clear\/","name":"PETE ROCK & CL SMOOTH - Mecca & The Soul Brother (Clear) - (2LP) | Guerssen","isPartOf":{"@id":"https:\/\/wpguerssen-test.odoo.rgbconsulting.com\/es\/#website"},"primaryImageOfPage":{"@id":"https:\/\/wpguerssen-test.odoo.rgbconsulting.com\/es\/producto\/mecca-the-soul-brother-clear\/#primaryimage"},"image":{"@id":"https:\/\/wpguerssen-test.odoo.rgbconsulting.com\/es\/producto\/mecca-the-soul-brother-clear\/#primaryimage"},"thumbnailUrl":"https:\/\/wpguerssen-test.odoo.rgbconsulting.com\/wp-content\/uploads\/2025\/01\/49533.jpg","datePublished":"2025-01-22T23:00:00+00:00","dateModified":"2025-01-23T17:15:17+00:00","description":"Get On Down proudly presents Mecca And The Soul Brother, the critically acclaimed 1992 full-length debut from Pete Rock & CL Smooth. The album is considered as one of the greatest Hip Hop albums of all time. Boasting tracks such as the first single, \"They Reminisce Over You (T.R.O.Y.)\", a dedication to their deceased friend; \"Trouble T-Roy\", which went on to become not only their signature hit, but also one of Hip Hop's all-time great songs. The album is propelled forward by Rock's quick, soulful interludes; usually bits of old R&B tunes layered with hissignature trumpet and sax loops. Smooth's liquid freestyle delivery pieces together the perfect vocal match that, together, creates a sprawling,nearly 80-minute-long album on which not a single song or interlude is a throwaway or a superfluous piece.Mecca And The Soul Brother has stood the test of time. The release has been named one of the essential recordings of the 90s by Rolling Stone, appears on Ego Trips listing of the Top 25 Hip Hop albums released from 1980-1998, and appeared on The Source's 100 Greatest Rap Albums of all time.","breadcrumb":{"@id":"https:\/\/wpguerssen-test.odoo.rgbconsulting.com\/es\/producto\/mecca-the-soul-brother-clear\/#breadcrumb"},"inLanguage":"es","potentialAction":[{"@type":"ReadAction","target":["https:\/\/wpguerssen-test.odoo.rgbconsulting.com\/es\/producto\/mecca-the-soul-brother-clear\/"]}]},{"@type":"ImageObject","inLanguage":"es","@id":"https:\/\/wpguerssen-test.odoo.rgbconsulting.com\/es\/producto\/mecca-the-soul-brother-clear\/#primaryimage","url":"https:\/\/wpguerssen-test.odoo.rgbconsulting.com\/wp-content\/uploads\/2025\/01\/49533.jpg","contentUrl":"https:\/\/wpguerssen-test.odoo.rgbconsulting.com\/wp-content\/uploads\/2025\/01\/49533.jpg","width":390,"height":392},{"@type":"BreadcrumbList","@id":"https:\/\/wpguerssen-test.odoo.rgbconsulting.com\/es\/producto\/mecca-the-soul-brother-clear\/#breadcrumb","itemListElement":[{"@type":"ListItem","position":1,"name":"Inicio","item":"https:\/\/wpguerssen-test.odoo.rgbconsulting.com\/es\/"},{"@type":"ListItem","position":2,"name":"Shop","item":"https:\/\/wpguerssen-test.odoo.rgbconsulting.com\/shop\/"},{"@type":"ListItem","position":3,"name":"Mecca &#038; The Soul Brother (Clear)"}]},{"@type":"WebSite","@id":"https:\/\/wpguerssen-test.odoo.rgbconsulting.com\/es\/#website","url":"https:\/\/wpguerssen-test.odoo.rgbconsulting.com\/es\/","name":"Guerssen records","description":"psychedelia - progressive - folk - garage ","publisher":{"@id":"https:\/\/wpguerssen-test.odoo.rgbconsulting.com\/es\/#organization"},"potentialAction":[{"@type":"SearchAction","target":{"@type":"EntryPoint","urlTemplate":"https:\/\/wpguerssen-test.odoo.rgbconsulting.com\/es\/?s={search_term_string}"},"query-input":{"@type":"PropertyValueSpecification","valueRequired":true,"valueName":"search_term_string"}}],"inLanguage":"es"},{"@type":"Organization","@id":"https:\/\/wpguerssen-test.odoo.rgbconsulting.com\/es\/#organization","name":"Guerssen records","url":"https:\/\/wpguerssen-test.odoo.rgbconsulting.com\/es\/","logo":{"@type":"ImageObject","inLanguage":"es","@id":"https:\/\/wpguerssen-test.odoo.rgbconsulting.com\/es\/#\/schema\/logo\/image\/","url":"https:\/\/wpguerssen-test.odoo.rgbconsulting.com\/wp-content\/uploads\/2022\/04\/Logo_Guerssen_trans_100.png","contentUrl":"https:\/\/wpguerssen-test.odoo.rgbconsulting.com\/wp-content\/uploads\/2022\/04\/Logo_Guerssen_trans_100.png","width":122,"height":100,"caption":"Guerssen records"},"image":{"@id":"https:\/\/wpguerssen-test.odoo.rgbconsulting.com\/es\/#\/schema\/logo\/image\/"}}]}},"_links":{"self":[{"href":"https:\/\/wpguerssen-test.odoo.rgbconsulting.com\/es\/wp-json\/wp\/v2\/product\/281050","targetHints":{"allow":["GET"]}}],"collection":[{"href":"https:\/\/wpguerssen-test.odoo.rgbconsulting.com\/es\/wp-json\/wp\/v2\/product"}],"about":[{"href":"https:\/\/wpguerssen-test.odoo.rgbconsulting.com\/es\/wp-json\/wp\/v2\/types\/product"}],"wp:featuredmedia":[{"embeddable":true,"href":"https:\/\/wpguerssen-test.odoo.rgbconsulting.com\/es\/wp-json\/wp\/v2\/media\/281021"}],"wp:attachment":[{"href":"https:\/\/wpguerssen-test.odoo.rgbconsulting.com\/es\/wp-json\/wp\/v2\/media?parent=281050"}],"wp:term":[{"taxonomy":"product_brand","embeddable":true,"href":"https:\/\/wpguerssen-test.odoo.rgbconsulting.com\/es\/wp-json\/wp\/v2\/product_brand?post=281050"},{"taxonomy":"product_cat","embeddable":true,"href":"https:\/\/wpguerssen-test.odoo.rgbconsulting.com\/es\/wp-json\/wp\/v2\/product_cat?post=281050"},{"taxonomy":"product_tag","embeddable":true,"href":"https:\/\/wpguerssen-test.odoo.rgbconsulting.com\/es\/wp-json\/wp\/v2\/product_tag?post=281050"}],"curies":[{"name":"wp","href":"https:\/\/api.w.org\/{rel}","templated":true}]}}