{"id":281053,"date":"2025-01-23T00:00:00","date_gmt":"2025-01-22T23:00:00","guid":{"rendered":"https:\/\/wpguerssen-test.odoo.rgbconsulting.com\/product\/return-to-the-36-chambers-the-dirty-version\/"},"modified":"2025-04-10T16:45:37","modified_gmt":"2025-04-10T14:45:37","slug":"return-to-the-36-chambers-the-dirty-version","status":"publish","type":"product","link":"https:\/\/wpguerssen-test.odoo.rgbconsulting.com\/es\/producto\/return-to-the-36-chambers-the-dirty-version\/","title":{"rendered":"Return To The 36 Chambers: The Dirty Version"},"content":{"rendered":"<p>Se puede decir con seguridad que el hip-hop nunca ha visto un \u00e1lbum como el debut en solitario de Ol&#8217; Dirty Bastard de 1995, Return to the 36 Chambers. Los breves destellos del genio desquiciado de ODB proporcionados por el emblem\u00e1tico \u00e1lbum Enter the Wu-Tang de Wu-Tang Clan dos a\u00f1os antes ped\u00edan a gritos ser expandidos a un lienzo m\u00e1s grande y, con RZA guiando la producci\u00f3n, el \u00e1lbum promet\u00eda darle a Dirty la licencia creativa para hacer uno de los LP m\u00e1s extra\u00f1os, entretenidos y originales en la historia del hip-hop. Con su flow ronco y borracho y su oscuro sentido del humor, Dirty ataca sin miedo desde todos los \u00e1ngulos, lanz\u00e1ndose sin miedo a ataques de rimas contundentes (\u00abDamage\u00bb, con GZA), jams de fiesta drogadictos (los singles monstruosos \u00abBrooklyn Zoo\u00bb y \u00abShimmy Shimmy Ya\u00bb) y fantas\u00edas extra\u00f1as y terriblemente hilarantes de sexo y violencia (\u00abDon&#8217;t U Know\u00bb y la \u00abSweet Sugar Pie\u00bb con tintes R&#038;B).<br \/>Respaldado por los ritmos apropiadamente \u00e1speros y disonantes de RZA y las apariciones del Clan, Return se convirti\u00f3 en un \u00e9xito instant\u00e1neo, vendiendo m\u00e1s de 1 mill\u00f3n de copias y obteniendo una nominaci\u00f3n al premio Grammy al Mejor \u00c1lbum de Rap en 1996. El \u00e1lbum se mantiene como un punto culminante en la producci\u00f3n creativa colectiva de Wu-Tang Clan y fue seleccionado como uno de los Mejores 100 \u00c1lbumes de Rap por la revista The Source en 1998.<br \/>En honor al legado de uno de los lanzamientos m\u00e1s innovadores del hip-hop, Get On Down se enorgullece de presentar esta incre\u00edble y \u00fanica edici\u00f3n especial de Ol&#8217; Dirty Bastard&#8217;s Return to the 36 Chambers como un LP doble que contiene el \u00e1lbum original completo, remasterizado para una calidad de sonido \u00f3ptima.<\/p>\n","protected":false},"excerpt":{"rendered":"<p>Se puede decir con seguridad que el hip-hop nunca ha visto un \u00e1lbum como el debut en solitario de Ol&#8217; Dirty Bastard de 1995, Return to the 36 Chambers. Los<a class=\"read\" href=\"https:\/\/wpguerssen-test.odoo.rgbconsulting.com\/es\/producto\/return-to-the-36-chambers-the-dirty-version\/\"> (...)<\/a>","protected":false},"featured_media":281030,"template":"","meta":{"_acf_changed":false},"product_brand":[],"product_cat":[21706],"product_tag":[24189],"class_list":{"0":"post-281053","1":"product","2":"type-product","3":"status-publish","4":"has-post-thumbnail","6":"product_cat-rap-hip-hop-es","7":"product_tag-recien-llegadas","8":"pa_artist-ol-dirty-bastard","9":"pa_format-2lp-es","10":"pa_gender-rap-hip-hop","11":"pa_label-get-on-down","12":"pa_location-north-america-es","13":"pa_other-filters-vinyl-only-es","15":"first","16":"instock","17":"taxable","18":"shipping-taxable","19":"purchasable","20":"product-type-simple"},"acf":[],"yoast_head":"<!-- This site is optimized with the Yoast SEO plugin v24.9 - https:\/\/yoast.com\/wordpress\/plugins\/seo\/ -->\n<title>OL DIRTY BASTARD - Return To The 36 Chambers: The Dirty Version -  (2LP) | Guerssen<\/title>\n<meta name=\"description\" content=\"It&#039;s safe to say that hip-hop has never seen an album like Ol&#039; Dirty Bastard&#039;s 1995 solo debut Return to the 36 Chambers. The brief glimpses of ODB&#039;s unhinged genius provided by Wu-Tang Clan&#039;s landmark Enter the Wu-Tang album two years earlier were begging to be expanded on to a larger canvas, and, with RZA guiding production, the album promised to give Dirty the creative license to make one of the most bizarre, entertaining and original LPs in hip-hop history. With his raspy, drunken flow and dark sense of humor, Dirty fearlessly attacks from all angles, throwing himself fearlessly into punchy rhyme attacks (&quot;Damage,&quot; with GZA), drugged-out party jams (the monster singles &quot;Brooklyn Zoo&quot; and&quot;Shimmy Shimmy Ya&quot;) and bizarre, grimly hilarious fantasies of sex and violence (&quot;Don&#039;t U Know&quot; and the R&amp;B-tinged &quot;Sweet Sugar Pie&quot;).Backed by RZA&#039;s appropriately gritty, dissonant beats and appearances from the Clan, Return became an instant hit, selling over 1 million copies and earning a Grammy Award nomination for Best Rap Album in 1996. The album stands as a high water mark in the Wu-Tang Clan&#039;s collective creative output and was selected as one of the Best100 Rap Albums by The Source magazine in 1998.In honoring the legacy of one of hip-hop&#039;s most innovative releases, Get On Down is proud to present this incredible and unique special edition of Ol&#039; Dirty Bastard&#039;s Return to the 36 Chambers as a double LP which contains the complete original album, remastered for optimal sound quality.\" \/>\n<meta name=\"robots\" content=\"index, follow, max-snippet:-1, max-image-preview:large, max-video-preview:-1\" \/>\n<link rel=\"canonical\" href=\"https:\/\/wpguerssen-test.odoo.rgbconsulting.com\/es\/producto\/return-to-the-36-chambers-the-dirty-version\/\" \/>\n<meta property=\"og:locale\" content=\"es_ES\" \/>\n<meta property=\"og:type\" content=\"article\" \/>\n<meta property=\"og:title\" content=\"OL DIRTY BASTARD - Return To The 36 Chambers: The Dirty Version -  (2LP) | Guerssen\" \/>\n<meta property=\"og:description\" content=\"It&#039;s safe to say that hip-hop has never seen an album like Ol&#039; Dirty Bastard&#039;s 1995 solo debut Return to the 36 Chambers. The brief glimpses of ODB&#039;s unhinged genius provided by Wu-Tang Clan&#039;s landmark Enter the Wu-Tang album two years earlier were begging to be expanded on to a larger canvas, and, with RZA guiding production, the album promised to give Dirty the creative license to make one of the most bizarre, entertaining and original LPs in hip-hop history. With his raspy, drunken flow and dark sense of humor, Dirty fearlessly attacks from all angles, throwing himself fearlessly into punchy rhyme attacks (&quot;Damage,&quot; with GZA), drugged-out party jams (the monster singles &quot;Brooklyn Zoo&quot; and&quot;Shimmy Shimmy Ya&quot;) and bizarre, grimly hilarious fantasies of sex and violence (&quot;Don&#039;t U Know&quot; and the R&amp;B-tinged &quot;Sweet Sugar Pie&quot;).Backed by RZA&#039;s appropriately gritty, dissonant beats and appearances from the Clan, Return became an instant hit, selling over 1 million copies and earning a Grammy Award nomination for Best Rap Album in 1996. The album stands as a high water mark in the Wu-Tang Clan&#039;s collective creative output and was selected as one of the Best100 Rap Albums by The Source magazine in 1998.In honoring the legacy of one of hip-hop&#039;s most innovative releases, Get On Down is proud to present this incredible and unique special edition of Ol&#039; Dirty Bastard&#039;s Return to the 36 Chambers as a double LP which contains the complete original album, remastered for optimal sound quality.\" \/>\n<meta property=\"og:url\" content=\"https:\/\/wpguerssen-test.odoo.rgbconsulting.com\/es\/producto\/return-to-the-36-chambers-the-dirty-version\/\" \/>\n<meta property=\"og:site_name\" content=\"Guerssen records\" \/>\n<meta property=\"article:modified_time\" content=\"2025-04-10T14:45:37+00:00\" \/>\n<meta property=\"og:image\" content=\"https:\/\/wpguerssen-test.odoo.rgbconsulting.com\/wp-content\/uploads\/2025\/01\/49538.jpg\" \/>\n\t<meta property=\"og:image:width\" content=\"377\" \/>\n\t<meta property=\"og:image:height\" content=\"377\" \/>\n\t<meta property=\"og:image:type\" content=\"image\/jpeg\" \/>\n<meta name=\"twitter:card\" content=\"summary_large_image\" \/>\n<meta name=\"twitter:title\" content=\"OL DIRTY BASTARD - Return To The 36 Chambers: The Dirty Version -  (2LP) | Guerssen\" \/>\n<meta name=\"twitter:label1\" content=\"Tiempo de lectura\" \/>\n\t<meta name=\"twitter:data1\" content=\"2 minutos\" \/>\n<script type=\"application\/ld+json\" class=\"yoast-schema-graph\">{\"@context\":\"https:\/\/schema.org\",\"@graph\":[{\"@type\":\"WebPage\",\"@id\":\"https:\/\/wpguerssen-test.odoo.rgbconsulting.com\/es\/producto\/return-to-the-36-chambers-the-dirty-version\/\",\"url\":\"https:\/\/wpguerssen-test.odoo.rgbconsulting.com\/es\/producto\/return-to-the-36-chambers-the-dirty-version\/\",\"name\":\"OL DIRTY BASTARD - Return To The 36 Chambers: The Dirty Version - (2LP) | Guerssen\",\"isPartOf\":{\"@id\":\"https:\/\/wpguerssen-test.odoo.rgbconsulting.com\/es\/#website\"},\"primaryImageOfPage\":{\"@id\":\"https:\/\/wpguerssen-test.odoo.rgbconsulting.com\/es\/producto\/return-to-the-36-chambers-the-dirty-version\/#primaryimage\"},\"image\":{\"@id\":\"https:\/\/wpguerssen-test.odoo.rgbconsulting.com\/es\/producto\/return-to-the-36-chambers-the-dirty-version\/#primaryimage\"},\"thumbnailUrl\":\"https:\/\/wpguerssen-test.odoo.rgbconsulting.com\/wp-content\/uploads\/2025\/01\/49538.jpg\",\"datePublished\":\"2025-01-22T23:00:00+00:00\",\"dateModified\":\"2025-04-10T14:45:37+00:00\",\"description\":\"It's safe to say that hip-hop has never seen an album like Ol' Dirty Bastard's 1995 solo debut Return to the 36 Chambers. The brief glimpses of ODB's unhinged genius provided by Wu-Tang Clan's landmark Enter the Wu-Tang album two years earlier were begging to be expanded on to a larger canvas, and, with RZA guiding production, the album promised to give Dirty the creative license to make one of the most bizarre, entertaining and original LPs in hip-hop history. With his raspy, drunken flow and dark sense of humor, Dirty fearlessly attacks from all angles, throwing himself fearlessly into punchy rhyme attacks (\\\"Damage,\\\" with GZA), drugged-out party jams (the monster singles \\\"Brooklyn Zoo\\\" and\\\"Shimmy Shimmy Ya\\\") and bizarre, grimly hilarious fantasies of sex and violence (\\\"Don't U Know\\\" and the R&B-tinged \\\"Sweet Sugar Pie\\\").Backed by RZA's appropriately gritty, dissonant beats and appearances from the Clan, Return became an instant hit, selling over 1 million copies and earning a Grammy Award nomination for Best Rap Album in 1996. The album stands as a high water mark in the Wu-Tang Clan's collective creative output and was selected as one of the Best100 Rap Albums by The Source magazine in 1998.In honoring the legacy of one of hip-hop's most innovative releases, Get On Down is proud to present this incredible and unique special edition of Ol' Dirty Bastard's Return to the 36 Chambers as a double LP which contains the complete original album, remastered for optimal sound quality.\",\"breadcrumb\":{\"@id\":\"https:\/\/wpguerssen-test.odoo.rgbconsulting.com\/es\/producto\/return-to-the-36-chambers-the-dirty-version\/#breadcrumb\"},\"inLanguage\":\"es\",\"potentialAction\":[{\"@type\":\"ReadAction\",\"target\":[\"https:\/\/wpguerssen-test.odoo.rgbconsulting.com\/es\/producto\/return-to-the-36-chambers-the-dirty-version\/\"]}]},{\"@type\":\"ImageObject\",\"inLanguage\":\"es\",\"@id\":\"https:\/\/wpguerssen-test.odoo.rgbconsulting.com\/es\/producto\/return-to-the-36-chambers-the-dirty-version\/#primaryimage\",\"url\":\"https:\/\/wpguerssen-test.odoo.rgbconsulting.com\/wp-content\/uploads\/2025\/01\/49538.jpg\",\"contentUrl\":\"https:\/\/wpguerssen-test.odoo.rgbconsulting.com\/wp-content\/uploads\/2025\/01\/49538.jpg\",\"width\":377,\"height\":377},{\"@type\":\"BreadcrumbList\",\"@id\":\"https:\/\/wpguerssen-test.odoo.rgbconsulting.com\/es\/producto\/return-to-the-36-chambers-the-dirty-version\/#breadcrumb\",\"itemListElement\":[{\"@type\":\"ListItem\",\"position\":1,\"name\":\"Inicio\",\"item\":\"https:\/\/wpguerssen-test.odoo.rgbconsulting.com\/es\/\"},{\"@type\":\"ListItem\",\"position\":2,\"name\":\"Shop\",\"item\":\"https:\/\/wpguerssen-test.odoo.rgbconsulting.com\/shop\/\"},{\"@type\":\"ListItem\",\"position\":3,\"name\":\"Return To The 36 Chambers: The Dirty Version\"}]},{\"@type\":\"WebSite\",\"@id\":\"https:\/\/wpguerssen-test.odoo.rgbconsulting.com\/es\/#website\",\"url\":\"https:\/\/wpguerssen-test.odoo.rgbconsulting.com\/es\/\",\"name\":\"Guerssen records\",\"description\":\"psychedelia - progressive - folk - garage \",\"publisher\":{\"@id\":\"https:\/\/wpguerssen-test.odoo.rgbconsulting.com\/es\/#organization\"},\"potentialAction\":[{\"@type\":\"SearchAction\",\"target\":{\"@type\":\"EntryPoint\",\"urlTemplate\":\"https:\/\/wpguerssen-test.odoo.rgbconsulting.com\/es\/?s={search_term_string}\"},\"query-input\":{\"@type\":\"PropertyValueSpecification\",\"valueRequired\":true,\"valueName\":\"search_term_string\"}}],\"inLanguage\":\"es\"},{\"@type\":\"Organization\",\"@id\":\"https:\/\/wpguerssen-test.odoo.rgbconsulting.com\/es\/#organization\",\"name\":\"Guerssen records\",\"url\":\"https:\/\/wpguerssen-test.odoo.rgbconsulting.com\/es\/\",\"logo\":{\"@type\":\"ImageObject\",\"inLanguage\":\"es\",\"@id\":\"https:\/\/wpguerssen-test.odoo.rgbconsulting.com\/es\/#\/schema\/logo\/image\/\",\"url\":\"https:\/\/wpguerssen-test.odoo.rgbconsulting.com\/wp-content\/uploads\/2022\/04\/Logo_Guerssen_trans_100.png\",\"contentUrl\":\"https:\/\/wpguerssen-test.odoo.rgbconsulting.com\/wp-content\/uploads\/2022\/04\/Logo_Guerssen_trans_100.png\",\"width\":122,\"height\":100,\"caption\":\"Guerssen records\"},\"image\":{\"@id\":\"https:\/\/wpguerssen-test.odoo.rgbconsulting.com\/es\/#\/schema\/logo\/image\/\"}}]}<\/script>\n<!-- \/ Yoast SEO plugin. -->","yoast_head_json":{"title":"OL DIRTY BASTARD - Return To The 36 Chambers: The Dirty Version -  (2LP) | Guerssen","description":"It's safe to say that hip-hop has never seen an album like Ol' Dirty Bastard's 1995 solo debut Return to the 36 Chambers. The brief glimpses of ODB's unhinged genius provided by Wu-Tang Clan's landmark Enter the Wu-Tang album two years earlier were begging to be expanded on to a larger canvas, and, with RZA guiding production, the album promised to give Dirty the creative license to make one of the most bizarre, entertaining and original LPs in hip-hop history. With his raspy, drunken flow and dark sense of humor, Dirty fearlessly attacks from all angles, throwing himself fearlessly into punchy rhyme attacks (\"Damage,\" with GZA), drugged-out party jams (the monster singles \"Brooklyn Zoo\" and\"Shimmy Shimmy Ya\") and bizarre, grimly hilarious fantasies of sex and violence (\"Don't U Know\" and the R&B-tinged \"Sweet Sugar Pie\").Backed by RZA's appropriately gritty, dissonant beats and appearances from the Clan, Return became an instant hit, selling over 1 million copies and earning a Grammy Award nomination for Best Rap Album in 1996. The album stands as a high water mark in the Wu-Tang Clan's collective creative output and was selected as one of the Best100 Rap Albums by The Source magazine in 1998.In honoring the legacy of one of hip-hop's most innovative releases, Get On Down is proud to present this incredible and unique special edition of Ol' Dirty Bastard's Return to the 36 Chambers as a double LP which contains the complete original album, remastered for optimal sound quality.","robots":{"index":"index","follow":"follow","max-snippet":"max-snippet:-1","max-image-preview":"max-image-preview:large","max-video-preview":"max-video-preview:-1"},"canonical":"https:\/\/wpguerssen-test.odoo.rgbconsulting.com\/es\/producto\/return-to-the-36-chambers-the-dirty-version\/","og_locale":"es_ES","og_type":"article","og_title":"OL DIRTY BASTARD - Return To The 36 Chambers: The Dirty Version -  (2LP) | Guerssen","og_description":"It's safe to say that hip-hop has never seen an album like Ol' Dirty Bastard's 1995 solo debut Return to the 36 Chambers. The brief glimpses of ODB's unhinged genius provided by Wu-Tang Clan's landmark Enter the Wu-Tang album two years earlier were begging to be expanded on to a larger canvas, and, with RZA guiding production, the album promised to give Dirty the creative license to make one of the most bizarre, entertaining and original LPs in hip-hop history. With his raspy, drunken flow and dark sense of humor, Dirty fearlessly attacks from all angles, throwing himself fearlessly into punchy rhyme attacks (\"Damage,\" with GZA), drugged-out party jams (the monster singles \"Brooklyn Zoo\" and\"Shimmy Shimmy Ya\") and bizarre, grimly hilarious fantasies of sex and violence (\"Don't U Know\" and the R&B-tinged \"Sweet Sugar Pie\").Backed by RZA's appropriately gritty, dissonant beats and appearances from the Clan, Return became an instant hit, selling over 1 million copies and earning a Grammy Award nomination for Best Rap Album in 1996. The album stands as a high water mark in the Wu-Tang Clan's collective creative output and was selected as one of the Best100 Rap Albums by The Source magazine in 1998.In honoring the legacy of one of hip-hop's most innovative releases, Get On Down is proud to present this incredible and unique special edition of Ol' Dirty Bastard's Return to the 36 Chambers as a double LP which contains the complete original album, remastered for optimal sound quality.","og_url":"https:\/\/wpguerssen-test.odoo.rgbconsulting.com\/es\/producto\/return-to-the-36-chambers-the-dirty-version\/","og_site_name":"Guerssen records","article_modified_time":"2025-04-10T14:45:37+00:00","og_image":[{"width":377,"height":377,"url":"https:\/\/wpguerssen-test.odoo.rgbconsulting.com\/wp-content\/uploads\/2025\/01\/49538.jpg","type":"image\/jpeg"}],"twitter_card":"summary_large_image","twitter_title":"OL DIRTY BASTARD - Return To The 36 Chambers: The Dirty Version -  (2LP) | Guerssen","twitter_misc":{"Tiempo de lectura":"2 minutos"},"schema":{"@context":"https:\/\/schema.org","@graph":[{"@type":"WebPage","@id":"https:\/\/wpguerssen-test.odoo.rgbconsulting.com\/es\/producto\/return-to-the-36-chambers-the-dirty-version\/","url":"https:\/\/wpguerssen-test.odoo.rgbconsulting.com\/es\/producto\/return-to-the-36-chambers-the-dirty-version\/","name":"OL DIRTY BASTARD - Return To The 36 Chambers: The Dirty Version - (2LP) | Guerssen","isPartOf":{"@id":"https:\/\/wpguerssen-test.odoo.rgbconsulting.com\/es\/#website"},"primaryImageOfPage":{"@id":"https:\/\/wpguerssen-test.odoo.rgbconsulting.com\/es\/producto\/return-to-the-36-chambers-the-dirty-version\/#primaryimage"},"image":{"@id":"https:\/\/wpguerssen-test.odoo.rgbconsulting.com\/es\/producto\/return-to-the-36-chambers-the-dirty-version\/#primaryimage"},"thumbnailUrl":"https:\/\/wpguerssen-test.odoo.rgbconsulting.com\/wp-content\/uploads\/2025\/01\/49538.jpg","datePublished":"2025-01-22T23:00:00+00:00","dateModified":"2025-04-10T14:45:37+00:00","description":"It's safe to say that hip-hop has never seen an album like Ol' Dirty Bastard's 1995 solo debut Return to the 36 Chambers. The brief glimpses of ODB's unhinged genius provided by Wu-Tang Clan's landmark Enter the Wu-Tang album two years earlier were begging to be expanded on to a larger canvas, and, with RZA guiding production, the album promised to give Dirty the creative license to make one of the most bizarre, entertaining and original LPs in hip-hop history. With his raspy, drunken flow and dark sense of humor, Dirty fearlessly attacks from all angles, throwing himself fearlessly into punchy rhyme attacks (\"Damage,\" with GZA), drugged-out party jams (the monster singles \"Brooklyn Zoo\" and\"Shimmy Shimmy Ya\") and bizarre, grimly hilarious fantasies of sex and violence (\"Don't U Know\" and the R&B-tinged \"Sweet Sugar Pie\").Backed by RZA's appropriately gritty, dissonant beats and appearances from the Clan, Return became an instant hit, selling over 1 million copies and earning a Grammy Award nomination for Best Rap Album in 1996. The album stands as a high water mark in the Wu-Tang Clan's collective creative output and was selected as one of the Best100 Rap Albums by The Source magazine in 1998.In honoring the legacy of one of hip-hop's most innovative releases, Get On Down is proud to present this incredible and unique special edition of Ol' Dirty Bastard's Return to the 36 Chambers as a double LP which contains the complete original album, remastered for optimal sound quality.","breadcrumb":{"@id":"https:\/\/wpguerssen-test.odoo.rgbconsulting.com\/es\/producto\/return-to-the-36-chambers-the-dirty-version\/#breadcrumb"},"inLanguage":"es","potentialAction":[{"@type":"ReadAction","target":["https:\/\/wpguerssen-test.odoo.rgbconsulting.com\/es\/producto\/return-to-the-36-chambers-the-dirty-version\/"]}]},{"@type":"ImageObject","inLanguage":"es","@id":"https:\/\/wpguerssen-test.odoo.rgbconsulting.com\/es\/producto\/return-to-the-36-chambers-the-dirty-version\/#primaryimage","url":"https:\/\/wpguerssen-test.odoo.rgbconsulting.com\/wp-content\/uploads\/2025\/01\/49538.jpg","contentUrl":"https:\/\/wpguerssen-test.odoo.rgbconsulting.com\/wp-content\/uploads\/2025\/01\/49538.jpg","width":377,"height":377},{"@type":"BreadcrumbList","@id":"https:\/\/wpguerssen-test.odoo.rgbconsulting.com\/es\/producto\/return-to-the-36-chambers-the-dirty-version\/#breadcrumb","itemListElement":[{"@type":"ListItem","position":1,"name":"Inicio","item":"https:\/\/wpguerssen-test.odoo.rgbconsulting.com\/es\/"},{"@type":"ListItem","position":2,"name":"Shop","item":"https:\/\/wpguerssen-test.odoo.rgbconsulting.com\/shop\/"},{"@type":"ListItem","position":3,"name":"Return To The 36 Chambers: The Dirty Version"}]},{"@type":"WebSite","@id":"https:\/\/wpguerssen-test.odoo.rgbconsulting.com\/es\/#website","url":"https:\/\/wpguerssen-test.odoo.rgbconsulting.com\/es\/","name":"Guerssen records","description":"psychedelia - progressive - folk - garage ","publisher":{"@id":"https:\/\/wpguerssen-test.odoo.rgbconsulting.com\/es\/#organization"},"potentialAction":[{"@type":"SearchAction","target":{"@type":"EntryPoint","urlTemplate":"https:\/\/wpguerssen-test.odoo.rgbconsulting.com\/es\/?s={search_term_string}"},"query-input":{"@type":"PropertyValueSpecification","valueRequired":true,"valueName":"search_term_string"}}],"inLanguage":"es"},{"@type":"Organization","@id":"https:\/\/wpguerssen-test.odoo.rgbconsulting.com\/es\/#organization","name":"Guerssen records","url":"https:\/\/wpguerssen-test.odoo.rgbconsulting.com\/es\/","logo":{"@type":"ImageObject","inLanguage":"es","@id":"https:\/\/wpguerssen-test.odoo.rgbconsulting.com\/es\/#\/schema\/logo\/image\/","url":"https:\/\/wpguerssen-test.odoo.rgbconsulting.com\/wp-content\/uploads\/2022\/04\/Logo_Guerssen_trans_100.png","contentUrl":"https:\/\/wpguerssen-test.odoo.rgbconsulting.com\/wp-content\/uploads\/2022\/04\/Logo_Guerssen_trans_100.png","width":122,"height":100,"caption":"Guerssen records"},"image":{"@id":"https:\/\/wpguerssen-test.odoo.rgbconsulting.com\/es\/#\/schema\/logo\/image\/"}}]}},"_links":{"self":[{"href":"https:\/\/wpguerssen-test.odoo.rgbconsulting.com\/es\/wp-json\/wp\/v2\/product\/281053","targetHints":{"allow":["GET"]}}],"collection":[{"href":"https:\/\/wpguerssen-test.odoo.rgbconsulting.com\/es\/wp-json\/wp\/v2\/product"}],"about":[{"href":"https:\/\/wpguerssen-test.odoo.rgbconsulting.com\/es\/wp-json\/wp\/v2\/types\/product"}],"wp:featuredmedia":[{"embeddable":true,"href":"https:\/\/wpguerssen-test.odoo.rgbconsulting.com\/es\/wp-json\/wp\/v2\/media\/281030"}],"wp:attachment":[{"href":"https:\/\/wpguerssen-test.odoo.rgbconsulting.com\/es\/wp-json\/wp\/v2\/media?parent=281053"}],"wp:term":[{"taxonomy":"product_brand","embeddable":true,"href":"https:\/\/wpguerssen-test.odoo.rgbconsulting.com\/es\/wp-json\/wp\/v2\/product_brand?post=281053"},{"taxonomy":"product_cat","embeddable":true,"href":"https:\/\/wpguerssen-test.odoo.rgbconsulting.com\/es\/wp-json\/wp\/v2\/product_cat?post=281053"},{"taxonomy":"product_tag","embeddable":true,"href":"https:\/\/wpguerssen-test.odoo.rgbconsulting.com\/es\/wp-json\/wp\/v2\/product_tag?post=281053"}],"curies":[{"name":"wp","href":"https:\/\/api.w.org\/{rel}","templated":true}]}}