{"id":281122,"date":"2025-01-27T00:00:00","date_gmt":"2025-01-26T23:00:00","guid":{"rendered":"https:\/\/wpguerssen-test.odoo.rgbconsulting.com\/product\/jamaica-calling-live-in-jamaica-yellow\/"},"modified":"2025-04-16T18:09:10","modified_gmt":"2025-04-16T16:09:10","slug":"jamaica-calling-live-in-jamaica-yellow","status":"publish","type":"product","link":"https:\/\/wpguerssen-test.odoo.rgbconsulting.com\/es\/producto\/jamaica-calling-live-in-jamaica-yellow\/","title":{"rendered":"Jamaica Calling &#8211; Live In Jamaica (Yellow)"},"content":{"rendered":"<p>Todas las pistas grabadas en vivo en el Festival de M\u00fasica del Mundo de Jamaica, que se llev\u00f3 a cabo en el Centro Bob Marley, el 27 de noviembre de 1982. The Clash subi\u00f3 al escenario como parte del Festival de M\u00fasica del Mundo de Jamaica en Montego Bay alrededor de las 4:00 a.m. que era probablemente medio d\u00eda seg\u00fan sus normas festivas. Realizaron un set de una hora de duraci\u00f3n, en\u00e9rgico y con mucho reggae para rendir homenaje a sus influencias jamaicanas. Peter Tosh subi\u00f3 al escenario a continuaci\u00f3n, y los actos de Gladys Knight and the Pips a The Beach Boys tambi\u00e9n estaban en el cartel.<br \/>Descubra c\u00f3mo The Clash fusion\u00f3 \u00abThe Magnificent Seven\u00bb en \u00abArmagideon Time\u00bb y luego de nuevo. Siente el atractivo de \u00abGuns of Brixton\u00bb. C\u00e1lmate y \u00abJunco Partner\u00bb te derribar\u00e1 de inmediato.<\/p>\n","protected":false},"excerpt":{"rendered":"<p>Todas las pistas grabadas en vivo en el Festival de M\u00fasica del Mundo de Jamaica, que se llev\u00f3 a cabo en el Centro Bob Marley, el 27 de noviembre de 1982. The Clash<a class=\"read\" href=\"https:\/\/wpguerssen-test.odoo.rgbconsulting.com\/es\/producto\/jamaica-calling-live-in-jamaica-yellow\/\"> (...)<\/a>","protected":false},"featured_media":230211,"template":"","meta":{"_acf_changed":false},"product_brand":[],"product_cat":[21650],"product_tag":[],"class_list":{"0":"post-281122","1":"product","2":"type-product","3":"status-publish","4":"has-post-thumbnail","6":"product_cat-punk-es","7":"pa_artist-clash-es","8":"pa_format-lp-es","9":"pa_gender-punk","10":"pa_label-outsider","11":"pa_location-uk-ireland-es","12":"pa_other-filters-vinyl-only-es","14":"first","15":"instock","16":"taxable","17":"shipping-taxable","18":"purchasable","19":"product-type-simple"},"acf":[],"yoast_head":"<!-- This site is optimized with the Yoast SEO plugin v24.9 - https:\/\/yoast.com\/wordpress\/plugins\/seo\/ -->\n<title>CLASH - Jamaica Calling - Live In Jamaica (Yellow) -  (LP) | Guerssen<\/title>\n<meta name=\"description\" content=\"All tracks recorded live at the Jamaica World Music Festival, which was held at the Bob Marley Centre, on 27th November, 1982. The Clash took the stage as part of the Jamaican World Music Festival in Montego Bay at or around 4:00 am, which was probably mid-day by their festivalling standards. They performed an hour-long, energetic, reggae-heavy set to pay tribute to their Jamaican influences. Peter Tosh took the stage next, and acts from Gladys Knight and the Pips to The Beach Boys were also on the bill.Dig how the Clash melt &quot;The Magnificent Seven&quot; into &quot;Armagideon Time&quot; and then back again. Feel the lure of &quot;Guns of Brixton.&quot; Ease up and &quot;Junco Partner&quot; will knock you right down.\" \/>\n<meta name=\"robots\" content=\"index, follow, max-snippet:-1, max-image-preview:large, max-video-preview:-1\" \/>\n<link rel=\"canonical\" href=\"https:\/\/wpguerssen-test.odoo.rgbconsulting.com\/es\/producto\/jamaica-calling-live-in-jamaica-yellow\/\" \/>\n<meta property=\"og:locale\" content=\"es_ES\" \/>\n<meta property=\"og:type\" content=\"article\" \/>\n<meta property=\"og:title\" content=\"CLASH - Jamaica Calling - Live In Jamaica (Yellow) -  (LP) | Guerssen\" \/>\n<meta property=\"og:description\" content=\"All tracks recorded live at the Jamaica World Music Festival, which was held at the Bob Marley Centre, on 27th November, 1982. The Clash took the stage as part of the Jamaican World Music Festival in Montego Bay at or around 4:00 am, which was probably mid-day by their festivalling standards. They performed an hour-long, energetic, reggae-heavy set to pay tribute to their Jamaican influences. Peter Tosh took the stage next, and acts from Gladys Knight and the Pips to The Beach Boys were also on the bill.Dig how the Clash melt &quot;The Magnificent Seven&quot; into &quot;Armagideon Time&quot; and then back again. Feel the lure of &quot;Guns of Brixton.&quot; Ease up and &quot;Junco Partner&quot; will knock you right down.\" \/>\n<meta property=\"og:url\" content=\"https:\/\/wpguerssen-test.odoo.rgbconsulting.com\/es\/producto\/jamaica-calling-live-in-jamaica-yellow\/\" \/>\n<meta property=\"og:site_name\" content=\"Guerssen records\" \/>\n<meta property=\"article:modified_time\" content=\"2025-04-16T16:09:10+00:00\" \/>\n<meta property=\"og:image\" content=\"https:\/\/wpguerssen-test.odoo.rgbconsulting.com\/wp-content\/uploads\/2023\/03\/43344.jpg\" \/>\n\t<meta property=\"og:image:width\" content=\"1400\" \/>\n\t<meta property=\"og:image:height\" content=\"1400\" \/>\n\t<meta property=\"og:image:type\" content=\"image\/jpeg\" \/>\n<meta name=\"twitter:card\" content=\"summary_large_image\" \/>\n<meta name=\"twitter:title\" content=\"CLASH - Jamaica Calling - Live In Jamaica (Yellow) -  (LP) | Guerssen\" \/>\n<meta name=\"twitter:label1\" content=\"Tiempo de lectura\" \/>\n\t<meta name=\"twitter:data1\" content=\"1 minuto\" \/>\n<script type=\"application\/ld+json\" class=\"yoast-schema-graph\">{\"@context\":\"https:\/\/schema.org\",\"@graph\":[{\"@type\":\"WebPage\",\"@id\":\"https:\/\/wpguerssen-test.odoo.rgbconsulting.com\/es\/producto\/jamaica-calling-live-in-jamaica-yellow\/\",\"url\":\"https:\/\/wpguerssen-test.odoo.rgbconsulting.com\/es\/producto\/jamaica-calling-live-in-jamaica-yellow\/\",\"name\":\"CLASH - Jamaica Calling - Live In Jamaica (Yellow) - (LP) | Guerssen\",\"isPartOf\":{\"@id\":\"https:\/\/wpguerssen-test.odoo.rgbconsulting.com\/es\/#website\"},\"primaryImageOfPage\":{\"@id\":\"https:\/\/wpguerssen-test.odoo.rgbconsulting.com\/es\/producto\/jamaica-calling-live-in-jamaica-yellow\/#primaryimage\"},\"image\":{\"@id\":\"https:\/\/wpguerssen-test.odoo.rgbconsulting.com\/es\/producto\/jamaica-calling-live-in-jamaica-yellow\/#primaryimage\"},\"thumbnailUrl\":\"https:\/\/wpguerssen-test.odoo.rgbconsulting.com\/wp-content\/uploads\/2023\/03\/43344.jpg\",\"datePublished\":\"2025-01-26T23:00:00+00:00\",\"dateModified\":\"2025-04-16T16:09:10+00:00\",\"description\":\"All tracks recorded live at the Jamaica World Music Festival, which was held at the Bob Marley Centre, on 27th November, 1982. The Clash took the stage as part of the Jamaican World Music Festival in Montego Bay at or around 4:00 am, which was probably mid-day by their festivalling standards. They performed an hour-long, energetic, reggae-heavy set to pay tribute to their Jamaican influences. Peter Tosh took the stage next, and acts from Gladys Knight and the Pips to The Beach Boys were also on the bill.Dig how the Clash melt \\\"The Magnificent Seven\\\" into \\\"Armagideon Time\\\" and then back again. Feel the lure of \\\"Guns of Brixton.\\\" Ease up and \\\"Junco Partner\\\" will knock you right down.\",\"breadcrumb\":{\"@id\":\"https:\/\/wpguerssen-test.odoo.rgbconsulting.com\/es\/producto\/jamaica-calling-live-in-jamaica-yellow\/#breadcrumb\"},\"inLanguage\":\"es\",\"potentialAction\":[{\"@type\":\"ReadAction\",\"target\":[\"https:\/\/wpguerssen-test.odoo.rgbconsulting.com\/es\/producto\/jamaica-calling-live-in-jamaica-yellow\/\"]}]},{\"@type\":\"ImageObject\",\"inLanguage\":\"es\",\"@id\":\"https:\/\/wpguerssen-test.odoo.rgbconsulting.com\/es\/producto\/jamaica-calling-live-in-jamaica-yellow\/#primaryimage\",\"url\":\"https:\/\/wpguerssen-test.odoo.rgbconsulting.com\/wp-content\/uploads\/2023\/03\/43344.jpg\",\"contentUrl\":\"https:\/\/wpguerssen-test.odoo.rgbconsulting.com\/wp-content\/uploads\/2023\/03\/43344.jpg\",\"width\":1400,\"height\":1400},{\"@type\":\"BreadcrumbList\",\"@id\":\"https:\/\/wpguerssen-test.odoo.rgbconsulting.com\/es\/producto\/jamaica-calling-live-in-jamaica-yellow\/#breadcrumb\",\"itemListElement\":[{\"@type\":\"ListItem\",\"position\":1,\"name\":\"Inicio\",\"item\":\"https:\/\/wpguerssen-test.odoo.rgbconsulting.com\/es\/\"},{\"@type\":\"ListItem\",\"position\":2,\"name\":\"Shop\",\"item\":\"https:\/\/wpguerssen-test.odoo.rgbconsulting.com\/shop\/\"},{\"@type\":\"ListItem\",\"position\":3,\"name\":\"Jamaica Calling &#8211; Live In Jamaica (Yellow)\"}]},{\"@type\":\"WebSite\",\"@id\":\"https:\/\/wpguerssen-test.odoo.rgbconsulting.com\/es\/#website\",\"url\":\"https:\/\/wpguerssen-test.odoo.rgbconsulting.com\/es\/\",\"name\":\"Guerssen records\",\"description\":\"psychedelia - progressive - folk - garage \",\"publisher\":{\"@id\":\"https:\/\/wpguerssen-test.odoo.rgbconsulting.com\/es\/#organization\"},\"potentialAction\":[{\"@type\":\"SearchAction\",\"target\":{\"@type\":\"EntryPoint\",\"urlTemplate\":\"https:\/\/wpguerssen-test.odoo.rgbconsulting.com\/es\/?s={search_term_string}\"},\"query-input\":{\"@type\":\"PropertyValueSpecification\",\"valueRequired\":true,\"valueName\":\"search_term_string\"}}],\"inLanguage\":\"es\"},{\"@type\":\"Organization\",\"@id\":\"https:\/\/wpguerssen-test.odoo.rgbconsulting.com\/es\/#organization\",\"name\":\"Guerssen records\",\"url\":\"https:\/\/wpguerssen-test.odoo.rgbconsulting.com\/es\/\",\"logo\":{\"@type\":\"ImageObject\",\"inLanguage\":\"es\",\"@id\":\"https:\/\/wpguerssen-test.odoo.rgbconsulting.com\/es\/#\/schema\/logo\/image\/\",\"url\":\"https:\/\/wpguerssen-test.odoo.rgbconsulting.com\/wp-content\/uploads\/2022\/04\/Logo_Guerssen_trans_100.png\",\"contentUrl\":\"https:\/\/wpguerssen-test.odoo.rgbconsulting.com\/wp-content\/uploads\/2022\/04\/Logo_Guerssen_trans_100.png\",\"width\":122,\"height\":100,\"caption\":\"Guerssen records\"},\"image\":{\"@id\":\"https:\/\/wpguerssen-test.odoo.rgbconsulting.com\/es\/#\/schema\/logo\/image\/\"}}]}<\/script>\n<!-- \/ Yoast SEO plugin. -->","yoast_head_json":{"title":"CLASH - Jamaica Calling - Live In Jamaica (Yellow) -  (LP) | Guerssen","description":"All tracks recorded live at the Jamaica World Music Festival, which was held at the Bob Marley Centre, on 27th November, 1982. The Clash took the stage as part of the Jamaican World Music Festival in Montego Bay at or around 4:00 am, which was probably mid-day by their festivalling standards. They performed an hour-long, energetic, reggae-heavy set to pay tribute to their Jamaican influences. Peter Tosh took the stage next, and acts from Gladys Knight and the Pips to The Beach Boys were also on the bill.Dig how the Clash melt \"The Magnificent Seven\" into \"Armagideon Time\" and then back again. Feel the lure of \"Guns of Brixton.\" Ease up and \"Junco Partner\" will knock you right down.","robots":{"index":"index","follow":"follow","max-snippet":"max-snippet:-1","max-image-preview":"max-image-preview:large","max-video-preview":"max-video-preview:-1"},"canonical":"https:\/\/wpguerssen-test.odoo.rgbconsulting.com\/es\/producto\/jamaica-calling-live-in-jamaica-yellow\/","og_locale":"es_ES","og_type":"article","og_title":"CLASH - Jamaica Calling - Live In Jamaica (Yellow) -  (LP) | Guerssen","og_description":"All tracks recorded live at the Jamaica World Music Festival, which was held at the Bob Marley Centre, on 27th November, 1982. The Clash took the stage as part of the Jamaican World Music Festival in Montego Bay at or around 4:00 am, which was probably mid-day by their festivalling standards. They performed an hour-long, energetic, reggae-heavy set to pay tribute to their Jamaican influences. Peter Tosh took the stage next, and acts from Gladys Knight and the Pips to The Beach Boys were also on the bill.Dig how the Clash melt \"The Magnificent Seven\" into \"Armagideon Time\" and then back again. Feel the lure of \"Guns of Brixton.\" Ease up and \"Junco Partner\" will knock you right down.","og_url":"https:\/\/wpguerssen-test.odoo.rgbconsulting.com\/es\/producto\/jamaica-calling-live-in-jamaica-yellow\/","og_site_name":"Guerssen records","article_modified_time":"2025-04-16T16:09:10+00:00","og_image":[{"width":1400,"height":1400,"url":"https:\/\/wpguerssen-test.odoo.rgbconsulting.com\/wp-content\/uploads\/2023\/03\/43344.jpg","type":"image\/jpeg"}],"twitter_card":"summary_large_image","twitter_title":"CLASH - Jamaica Calling - Live In Jamaica (Yellow) -  (LP) | Guerssen","twitter_misc":{"Tiempo de lectura":"1 minuto"},"schema":{"@context":"https:\/\/schema.org","@graph":[{"@type":"WebPage","@id":"https:\/\/wpguerssen-test.odoo.rgbconsulting.com\/es\/producto\/jamaica-calling-live-in-jamaica-yellow\/","url":"https:\/\/wpguerssen-test.odoo.rgbconsulting.com\/es\/producto\/jamaica-calling-live-in-jamaica-yellow\/","name":"CLASH - Jamaica Calling - Live In Jamaica (Yellow) - (LP) | Guerssen","isPartOf":{"@id":"https:\/\/wpguerssen-test.odoo.rgbconsulting.com\/es\/#website"},"primaryImageOfPage":{"@id":"https:\/\/wpguerssen-test.odoo.rgbconsulting.com\/es\/producto\/jamaica-calling-live-in-jamaica-yellow\/#primaryimage"},"image":{"@id":"https:\/\/wpguerssen-test.odoo.rgbconsulting.com\/es\/producto\/jamaica-calling-live-in-jamaica-yellow\/#primaryimage"},"thumbnailUrl":"https:\/\/wpguerssen-test.odoo.rgbconsulting.com\/wp-content\/uploads\/2023\/03\/43344.jpg","datePublished":"2025-01-26T23:00:00+00:00","dateModified":"2025-04-16T16:09:10+00:00","description":"All tracks recorded live at the Jamaica World Music Festival, which was held at the Bob Marley Centre, on 27th November, 1982. The Clash took the stage as part of the Jamaican World Music Festival in Montego Bay at or around 4:00 am, which was probably mid-day by their festivalling standards. They performed an hour-long, energetic, reggae-heavy set to pay tribute to their Jamaican influences. Peter Tosh took the stage next, and acts from Gladys Knight and the Pips to The Beach Boys were also on the bill.Dig how the Clash melt \"The Magnificent Seven\" into \"Armagideon Time\" and then back again. Feel the lure of \"Guns of Brixton.\" Ease up and \"Junco Partner\" will knock you right down.","breadcrumb":{"@id":"https:\/\/wpguerssen-test.odoo.rgbconsulting.com\/es\/producto\/jamaica-calling-live-in-jamaica-yellow\/#breadcrumb"},"inLanguage":"es","potentialAction":[{"@type":"ReadAction","target":["https:\/\/wpguerssen-test.odoo.rgbconsulting.com\/es\/producto\/jamaica-calling-live-in-jamaica-yellow\/"]}]},{"@type":"ImageObject","inLanguage":"es","@id":"https:\/\/wpguerssen-test.odoo.rgbconsulting.com\/es\/producto\/jamaica-calling-live-in-jamaica-yellow\/#primaryimage","url":"https:\/\/wpguerssen-test.odoo.rgbconsulting.com\/wp-content\/uploads\/2023\/03\/43344.jpg","contentUrl":"https:\/\/wpguerssen-test.odoo.rgbconsulting.com\/wp-content\/uploads\/2023\/03\/43344.jpg","width":1400,"height":1400},{"@type":"BreadcrumbList","@id":"https:\/\/wpguerssen-test.odoo.rgbconsulting.com\/es\/producto\/jamaica-calling-live-in-jamaica-yellow\/#breadcrumb","itemListElement":[{"@type":"ListItem","position":1,"name":"Inicio","item":"https:\/\/wpguerssen-test.odoo.rgbconsulting.com\/es\/"},{"@type":"ListItem","position":2,"name":"Shop","item":"https:\/\/wpguerssen-test.odoo.rgbconsulting.com\/shop\/"},{"@type":"ListItem","position":3,"name":"Jamaica Calling &#8211; Live In Jamaica (Yellow)"}]},{"@type":"WebSite","@id":"https:\/\/wpguerssen-test.odoo.rgbconsulting.com\/es\/#website","url":"https:\/\/wpguerssen-test.odoo.rgbconsulting.com\/es\/","name":"Guerssen records","description":"psychedelia - progressive - folk - garage ","publisher":{"@id":"https:\/\/wpguerssen-test.odoo.rgbconsulting.com\/es\/#organization"},"potentialAction":[{"@type":"SearchAction","target":{"@type":"EntryPoint","urlTemplate":"https:\/\/wpguerssen-test.odoo.rgbconsulting.com\/es\/?s={search_term_string}"},"query-input":{"@type":"PropertyValueSpecification","valueRequired":true,"valueName":"search_term_string"}}],"inLanguage":"es"},{"@type":"Organization","@id":"https:\/\/wpguerssen-test.odoo.rgbconsulting.com\/es\/#organization","name":"Guerssen records","url":"https:\/\/wpguerssen-test.odoo.rgbconsulting.com\/es\/","logo":{"@type":"ImageObject","inLanguage":"es","@id":"https:\/\/wpguerssen-test.odoo.rgbconsulting.com\/es\/#\/schema\/logo\/image\/","url":"https:\/\/wpguerssen-test.odoo.rgbconsulting.com\/wp-content\/uploads\/2022\/04\/Logo_Guerssen_trans_100.png","contentUrl":"https:\/\/wpguerssen-test.odoo.rgbconsulting.com\/wp-content\/uploads\/2022\/04\/Logo_Guerssen_trans_100.png","width":122,"height":100,"caption":"Guerssen records"},"image":{"@id":"https:\/\/wpguerssen-test.odoo.rgbconsulting.com\/es\/#\/schema\/logo\/image\/"}}]}},"_links":{"self":[{"href":"https:\/\/wpguerssen-test.odoo.rgbconsulting.com\/es\/wp-json\/wp\/v2\/product\/281122","targetHints":{"allow":["GET"]}}],"collection":[{"href":"https:\/\/wpguerssen-test.odoo.rgbconsulting.com\/es\/wp-json\/wp\/v2\/product"}],"about":[{"href":"https:\/\/wpguerssen-test.odoo.rgbconsulting.com\/es\/wp-json\/wp\/v2\/types\/product"}],"wp:featuredmedia":[{"embeddable":true,"href":"https:\/\/wpguerssen-test.odoo.rgbconsulting.com\/es\/wp-json\/wp\/v2\/media\/230211"}],"wp:attachment":[{"href":"https:\/\/wpguerssen-test.odoo.rgbconsulting.com\/es\/wp-json\/wp\/v2\/media?parent=281122"}],"wp:term":[{"taxonomy":"product_brand","embeddable":true,"href":"https:\/\/wpguerssen-test.odoo.rgbconsulting.com\/es\/wp-json\/wp\/v2\/product_brand?post=281122"},{"taxonomy":"product_cat","embeddable":true,"href":"https:\/\/wpguerssen-test.odoo.rgbconsulting.com\/es\/wp-json\/wp\/v2\/product_cat?post=281122"},{"taxonomy":"product_tag","embeddable":true,"href":"https:\/\/wpguerssen-test.odoo.rgbconsulting.com\/es\/wp-json\/wp\/v2\/product_tag?post=281122"}],"curies":[{"name":"wp","href":"https:\/\/api.w.org\/{rel}","templated":true}]}}